{"id":22,"date":"2025-09-30T20:14:46","date_gmt":"2025-09-30T20:14:46","guid":{"rendered":"https:\/\/lasershop.com.br\/?page_id=22"},"modified":"2025-09-30T14:46:33","modified_gmt":"2025-09-30T14:46:33","slug":"home","status":"publish","type":"page","link":"https:\/\/www.lasershop.com.br\/?page_id=22","title":{"rendered":"Home"},"content":{"rendered":"<body><p><\/p>[et_pb_section admin_label=\u201dsection\u201d]<br>\n\t\t[et_pb_row admin_label=\u201drow\u201d]<br>\n\t\t\t[et_pb_column type=\u201d4_4\u2033][et_pb_text admin_label=\u201dText\u201d]\n<h2>Produtos em destaque<\/h2>\n<p><a href=\"https:\/\/lasershop.com.br\/produto\/eletroestimulador-sikuro-ds-100c\/\" data-elementor-open-lightbox=\"\"><br>\n<img decoding=\"async\" width=\"300\" height=\"300\" src=\"https:\/\/lasershop.com.br\/wp-content\/uploads\/2019\/03\/DSC.png\" alt=\"\" srcset=\"https:\/\/i0.wp.com\/codaxmedica.com.br\/wp-content\/uploads\/2019\/03\/DSC.png?w=300 300w, https:\/\/i0.wp.com\/codaxmedica.com.br\/wp-content\/uploads\/2019\/03\/DSC.png?resize=150%2C150 150w, https:\/\/i0.wp.com\/codaxmedica.com.br\/wp-content\/uploads\/2019\/03\/DSC.png?resize=250%2C250 250w, https:\/\/i0.wp.com\/codaxmedica.com.br\/wp-content\/uploads\/2019\/03\/DSC.png?resize=100%2C100 100w\" sizes=\"auto, (max-width: 300px) 100vw, 300px\" loading=\"lazy\">\t\t\t\t\t\t\t\t<\/a><\/p>\n<p><strong>ELETROESTIMULADOR SIKURO DS100CBM<\/strong><\/p>\n<p><a href=\"https:\/\/lasershop.com.br\/produto\/eletroestimulador-sikuro-ds-100c\/\" role=\"button\"><br>\nSAIBA MAIS<br>\n<\/a><br>\n<a href=\"https:\/\/lasershop.com.br\/produto\/recover-mm-optics-laserterapia-e-terapia-fotodinamica-com-pulseira-para-terapia-de-ilib-2\/\" data-elementor-open-lightbox=\"\"><br>\n<img decoding=\"async\" width=\"300\" height=\"300\" src=\"https:\/\/lasershop.com.br\/wp-content\/uploads\/2019\/03\/RECOVER-300.png\" alt=\"\" srcset=\"https:\/\/i0.wp.com\/codaxmedica.com.br\/wp-content\/uploads\/2019\/03\/RECOVER-300.png?w=300 300w, https:\/\/i0.wp.com\/codaxmedica.com.br\/wp-content\/uploads\/2019\/03\/RECOVER-300.png?resize=150%2C150 150w, https:\/\/i0.wp.com\/codaxmedica.com.br\/wp-content\/uploads\/2019\/03\/RECOVER-300.png?resize=250%2C250 250w, https:\/\/i0.wp.com\/codaxmedica.com.br\/wp-content\/uploads\/2019\/03\/RECOVER-300.png?resize=100%2C100 100w\" sizes=\"auto, (max-width: 300px) 100vw, 300px\" loading=\"lazy\">\t\t\t\t\t\t\t\t<\/a><\/p>\n<p><strong>RECOVER MM OPTICS LASERTERAPIA\u00a0<\/strong><\/p>\n<p><a href=\"https:\/\/lasershop.com.br\/produto\/recover-mm-optics-laserterapia-e-terapia-fotodinamica-com-pulseira-para-terapia-de-ilib-2\/\" role=\"button\"><br>\nSAIBA MAIS<br>\n<\/a><br>\n<a href=\"https:\/\/lasershop.com.br\/produto\/lipocavity-wave-aparelho-de-ondas-de-choque-e-lipocavitacao-2\/\" data-elementor-open-lightbox=\"\"><br>\n<img decoding=\"async\" width=\"300\" height=\"300\" src=\"https:\/\/lasershop.com.br\/wp-content\/uploads\/2019\/03\/LIPOVACITY.png\" alt=\"\" srcset=\"https:\/\/i2.wp.com\/codaxmedica.com.br\/wp-content\/uploads\/2019\/03\/LIPOVACITY.png?w=300 300w, https:\/\/i2.wp.com\/codaxmedica.com.br\/wp-content\/uploads\/2019\/03\/LIPOVACITY.png?resize=150%2C150 150w, https:\/\/i2.wp.com\/codaxmedica.com.br\/wp-content\/uploads\/2019\/03\/LIPOVACITY.png?resize=250%2C250 250w, https:\/\/i2.wp.com\/codaxmedica.com.br\/wp-content\/uploads\/2019\/03\/LIPOVACITY.png?resize=100%2C100 100w\" sizes=\"auto, (max-width: 300px) 100vw, 300px\" loading=\"lazy\">\t\t\t\t\t\t\t\t<\/a><\/p>\n<p><strong>LIPOCAVITY WAVE \u2013 <em>LIPOCAVITA\u00c7\u00c3O<\/em><\/strong><\/p>\n<p><a href=\"https:\/\/lasershop.com.br\/produto\/lipocavity-wave-aparelho-de-ondas-de-choque-e-lipocavitacao-2\/\" role=\"button\"><br>\nSAIBA MAIS<br>\n<\/a><br>\n<a href=\"https:\/\/lasershop.com.br\/categoria-produto\/linha-veterinaria\/\" data-elementor-open-lightbox=\"\"><br>\n<img decoding=\"async\" width=\"300\" height=\"300\" src=\"https:\/\/lasershop.com.br\/wp-content\/uploads\/2019\/03\/MONITOR-VET.png\" alt=\"\" srcset=\"https:\/\/i1.wp.com\/codaxmedica.com.br\/wp-content\/uploads\/2019\/03\/MONITOR-VET.png?w=300 300w, https:\/\/i1.wp.com\/codaxmedica.com.br\/wp-content\/uploads\/2019\/03\/MONITOR-VET.png?resize=150%2C150 150w, https:\/\/i1.wp.com\/codaxmedica.com.br\/wp-content\/uploads\/2019\/03\/MONITOR-VET.png?resize=250%2C250 250w, https:\/\/i1.wp.com\/codaxmedica.com.br\/wp-content\/uploads\/2019\/03\/MONITOR-VET.png?resize=100%2C100 100w\" sizes=\"auto, (max-width: 300px) 100vw, 300px\" loading=\"lazy\">\t\t\t\t\t\t\t\t<\/a><\/p>\n<p><strong>DL1000 \u2013 <em>MONITOR MULTIPARAM\u00c9TRICO (VET.)<\/em><\/strong><\/p>\n<p><a href=\"https:\/\/lasershop.com.br\/categoria-produto\/linha-veterinaria\/\" role=\"button\"><br>\nSAIBA MAIS<br>\n<\/a><\/p>\n<h2>Capacita\u00e7\u00e3o<\/h2>\n<h3><a href=\"https:\/\/lasershop.com.br\/categoria-produto\/cursos\/\">Pr\u00f3ximos Cursos<\/a><\/h3>\n<p><a href=\"https:\/\/lasershop.com.br\/produto\/curso-de-termografia-clinica\/\"><br>\n<\/a><\/p>\n<h3>\n\t\t\t\t\t<a href=\"https:\/\/lasershop.com.br\/produto\/curso-de-termografia-clinica\/\">01 e 02\/06<\/a><\/h3>\n<p>Eletroacupuntura e Laser na Acupuntura Avan\u00e7ados<\/p>\n<p><a href=\"https:\/\/lasershop.com.br\/produto\/curso-eletroacupuntura-e-laser-na-acupuntura-avancado\/\"><br>\n<\/a><\/p>\n<h3>\n\t\t\t\t\t<a href=\"https:\/\/lasershop.com.br\/produto\/curso-eletroacupuntura-e-laser-na-acupuntura-avancado\/\">29\/06<\/a><\/h3>\n<p>T\u00e9cnicas aplicadas de Criofrequ\u00eancia, Crioterapia e Radiofrequ\u00eancia\u200b<\/p>\n<p><a href=\"https:\/\/lasershop.com.br\/produto\/tecnicas-aplicadas-de-criofrequencia-crioterapia-e-radiofrequencia\/\"><br>\n<\/a><\/p>\n<h3>\n\t\t\t\t\t<a href=\"https:\/\/lasershop.com.br\/produto\/tecnicas-aplicadas-de-criofrequencia-crioterapia-e-radiofrequencia\/\">21 e 22 \/ 07<\/a><\/h3>\n<p>Aplica\u00e7\u00f5es e Tend\u00eancias da Termografia Infravermelha na Medicina Veterin\u00e1ria<\/p>\n<figure>\n\t\t\t\t\t\t\t\t\t\t\t<a href=\"http:\/\/codax.com.br\/blog\/\" data-elementor-open-lightbox=\"\"><br>\n<img decoding=\"async\" width=\"300\" height=\"300\" src=\"https:\/\/lasershop.com.br\/wp-content\/uploads\/2019\/03\/BLOG.png\" alt=\"\" srcset=\"https:\/\/i2.wp.com\/codaxmedica.com.br\/wp-content\/uploads\/2019\/03\/BLOG.png?w=300 300w, https:\/\/i2.wp.com\/codaxmedica.com.br\/wp-content\/uploads\/2019\/03\/BLOG.png?resize=150%2C150 150w, https:\/\/i2.wp.com\/codaxmedica.com.br\/wp-content\/uploads\/2019\/03\/BLOG.png?resize=250%2C250 250w, https:\/\/i2.wp.com\/codaxmedica.com.br\/wp-content\/uploads\/2019\/03\/BLOG.png?resize=100%2C100 100w\" sizes=\"auto, (max-width: 300px) 100vw, 300px\" loading=\"lazy\">\t\t\t\t\t\t\t\t<\/a><figcaption>  CONFIRA NOSSO CONTE\u00daDO EXCLUSIVO<\/figcaption><\/figure>\n<figure>\n\t\t\t\t\t\t\t\t\t\t\t<a href=\"http:\/\/codax.com.br\/#quem-somos\" data-elementor-open-lightbox=\"\"><br>\n<img decoding=\"async\" width=\"300\" height=\"300\" src=\"https:\/\/lasershop.com.br\/wp-content\/uploads\/2019\/03\/QUEM-SOMOS.png\" alt=\"\" srcset=\"https:\/\/i1.wp.com\/codaxmedica.com.br\/wp-content\/uploads\/2019\/03\/QUEM-SOMOS.png?w=300 300w, https:\/\/i1.wp.com\/codaxmedica.com.br\/wp-content\/uploads\/2019\/03\/QUEM-SOMOS.png?resize=150%2C150 150w, https:\/\/i1.wp.com\/codaxmedica.com.br\/wp-content\/uploads\/2019\/03\/QUEM-SOMOS.png?resize=250%2C250 250w, https:\/\/i1.wp.com\/codaxmedica.com.br\/wp-content\/uploads\/2019\/03\/QUEM-SOMOS.png?resize=100%2C100 100w\" sizes=\"auto, (max-width: 300px) 100vw, 300px\" loading=\"lazy\">\t\t\t\t\t\t\t\t<\/a><figcaption>CONHE\u00c7A MAIS A CODAX M\u00c9DICA<\/figcaption><\/figure>\n<p><a href=\"https:\/\/www.facebook.com\/Codax-M%C3%A9dica-1501327686580969\/\" target=\"_blank\" rel=\"noopener noreferrer\"><br>\nFacebook<br>\n<\/a><br>\n<a href=\"https:\/\/www.instagram.com\/codaxmedica\/\" target=\"_blank\" rel=\"noopener noreferrer\"><br>\nInstagram<br>\n<\/a><br>\n<iframe frameborder=\"0\" scrolling=\"no\" marginheight=\"0\" marginwidth=\"0\" src=\"https:\/\/maps.google.com\/maps?q=%09%20Rua%20Pastor%20Manuel%20Avelino%20de%20Souza%20-%20Centro%2C%20Niter%C3%B3i%20-%20RJ%2C%2024070-180&amp;t=m&amp;z=14&amp;output=embed&amp;iwloc=near\" aria-label=\"\t Rua Pastor Manuel Avelino de Souza - Centro, Niter\u00f3i - RJ, 24070-180\"><\/iframe><\/p>\n<h2>Produtos em destaque<\/h2>\n<p>[\/et_pb_text][\/et_pb_column]<br>\n\t\t[\/et_pb_row]<br>\n\t[\/et_pb_section]<\/p>\n<\/body>","protected":false},"excerpt":{"rendered":"<p>Produtos em destaque ELETROESTIMULADOR SIKURO DS100CBM SAIBA MAIS RECOVER MM OPTICS LASERTERAPIA&nbsp; SAIBA MAIS LIPOCAVITY WAVE &#8211; LIPOCAVITA\u00c7\u00c3O SAIBA MAIS DL1000 &#8211; MONITOR MULTIPARAM\u00c9TRICO (VET.) SAIBA MAIS Capacita\u00e7\u00e3o Pr\u00f3ximos Cursos 01 e 02\/06 Eletroacupuntura e Laser na Acupuntura Avan\u00e7ados 29\/06 T\u00e9cnicas aplicadas de Criofrequ\u00eancia, Crioterapia e Radiofrequ\u00eancia\u200b 21 e 22 \/ 07 Aplica\u00e7\u00f5es e Tend\u00eancias [&hellip;]<\/p>\n","protected":false},"author":4,"featured_media":0,"parent":0,"menu_order":0,"comment_status":"closed","ping_status":"closed","template":"","meta":{"_et_pb_use_builder":"on","_et_pb_old_content":"<h2>Produtos em destaque<\/h2>\n<a href=\"https:\/\/lasershop.com.br\/produto\/eletroestimulador-sikuro-ds-100c\/\" data-elementor-open-lightbox=\"\">\n<img width=\"300\" height=\"300\" src=\"https:\/\/lasershop.com.br\/wp-content\/uploads\/2019\/03\/DSC.png\" alt=\"\" srcset=\"https:\/\/i0.wp.com\/codaxmedica.com.br\/wp-content\/uploads\/2019\/03\/DSC.png?w=300 300w, https:\/\/i0.wp.com\/codaxmedica.com.br\/wp-content\/uploads\/2019\/03\/DSC.png?resize=150%2C150 150w, https:\/\/i0.wp.com\/codaxmedica.com.br\/wp-content\/uploads\/2019\/03\/DSC.png?resize=250%2C250 250w, https:\/\/i0.wp.com\/codaxmedica.com.br\/wp-content\/uploads\/2019\/03\/DSC.png?resize=100%2C100 100w\" sizes=\"(max-width: 300px) 100vw, 300px\">\t\t\t\t\t\t\t\t<\/a>\n\n<strong>ELETROESTIMULADOR SIKURO DS100CBM<\/strong>\n\n<a href=\"https:\/\/lasershop.com.br\/produto\/eletroestimulador-sikuro-ds-100c\/\" role=\"button\">\nSAIBA MAIS\n<\/a>\n<a href=\"https:\/\/lasershop.com.br\/produto\/recover-mm-optics-laserterapia-e-terapia-fotodinamica-com-pulseira-para-terapia-de-ilib-2\/\" data-elementor-open-lightbox=\"\">\n<img width=\"300\" height=\"300\" src=\"https:\/\/lasershop.com.br\/wp-content\/uploads\/2019\/03\/RECOVER-300.png\" alt=\"\" srcset=\"https:\/\/i0.wp.com\/codaxmedica.com.br\/wp-content\/uploads\/2019\/03\/RECOVER-300.png?w=300 300w, https:\/\/i0.wp.com\/codaxmedica.com.br\/wp-content\/uploads\/2019\/03\/RECOVER-300.png?resize=150%2C150 150w, https:\/\/i0.wp.com\/codaxmedica.com.br\/wp-content\/uploads\/2019\/03\/RECOVER-300.png?resize=250%2C250 250w, https:\/\/i0.wp.com\/codaxmedica.com.br\/wp-content\/uploads\/2019\/03\/RECOVER-300.png?resize=100%2C100 100w\" sizes=\"(max-width: 300px) 100vw, 300px\">\t\t\t\t\t\t\t\t<\/a>\n\n<strong>RECOVER MM OPTICS LASERTERAPIA&nbsp;<\/strong>\n\n<a href=\"https:\/\/lasershop.com.br\/produto\/recover-mm-optics-laserterapia-e-terapia-fotodinamica-com-pulseira-para-terapia-de-ilib-2\/\" role=\"button\">\nSAIBA MAIS\n<\/a>\n<a href=\"https:\/\/lasershop.com.br\/produto\/lipocavity-wave-aparelho-de-ondas-de-choque-e-lipocavitacao-2\/\" data-elementor-open-lightbox=\"\">\n<img width=\"300\" height=\"300\" src=\"https:\/\/lasershop.com.br\/wp-content\/uploads\/2019\/03\/LIPOVACITY.png\" alt=\"\" srcset=\"https:\/\/i2.wp.com\/codaxmedica.com.br\/wp-content\/uploads\/2019\/03\/LIPOVACITY.png?w=300 300w, https:\/\/i2.wp.com\/codaxmedica.com.br\/wp-content\/uploads\/2019\/03\/LIPOVACITY.png?resize=150%2C150 150w, https:\/\/i2.wp.com\/codaxmedica.com.br\/wp-content\/uploads\/2019\/03\/LIPOVACITY.png?resize=250%2C250 250w, https:\/\/i2.wp.com\/codaxmedica.com.br\/wp-content\/uploads\/2019\/03\/LIPOVACITY.png?resize=100%2C100 100w\" sizes=\"(max-width: 300px) 100vw, 300px\">\t\t\t\t\t\t\t\t<\/a>\n\n<strong>LIPOCAVITY WAVE - <em>LIPOCAVITA\u00c7\u00c3O<\/em><\/strong>\n\n<a href=\"https:\/\/lasershop.com.br\/produto\/lipocavity-wave-aparelho-de-ondas-de-choque-e-lipocavitacao-2\/\" role=\"button\">\nSAIBA MAIS\n<\/a>\n<a href=\"https:\/\/lasershop.com.br\/categoria-produto\/linha-veterinaria\/\" data-elementor-open-lightbox=\"\">\n<img width=\"300\" height=\"300\" src=\"https:\/\/lasershop.com.br\/wp-content\/uploads\/2019\/03\/MONITOR-VET.png\" alt=\"\" srcset=\"https:\/\/i1.wp.com\/codaxmedica.com.br\/wp-content\/uploads\/2019\/03\/MONITOR-VET.png?w=300 300w, https:\/\/i1.wp.com\/codaxmedica.com.br\/wp-content\/uploads\/2019\/03\/MONITOR-VET.png?resize=150%2C150 150w, https:\/\/i1.wp.com\/codaxmedica.com.br\/wp-content\/uploads\/2019\/03\/MONITOR-VET.png?resize=250%2C250 250w, https:\/\/i1.wp.com\/codaxmedica.com.br\/wp-content\/uploads\/2019\/03\/MONITOR-VET.png?resize=100%2C100 100w\" sizes=\"(max-width: 300px) 100vw, 300px\">\t\t\t\t\t\t\t\t<\/a>\n\n<strong>DL1000 - <em>MONITOR MULTIPARAM\u00c9TRICO (VET.)<\/em><\/strong>\n\n<a href=\"https:\/\/lasershop.com.br\/categoria-produto\/linha-veterinaria\/\" role=\"button\">\nSAIBA MAIS\n<\/a>\n<h2>Capacita\u00e7\u00e3o<\/h2>\n<h3><a href=\"https:\/\/lasershop.com.br\/categoria-produto\/cursos\/\">Pr\u00f3ximos Cursos<\/a><\/h3>\n<a href=\"https:\/\/lasershop.com.br\/produto\/curso-de-termografia-clinica\/\">\n<\/a>\n<h3>\n\t\t\t\t\t<a href=\"https:\/\/lasershop.com.br\/produto\/curso-de-termografia-clinica\/\">01 e 02\/06<\/a><\/h3>\nEletroacupuntura e Laser na Acupuntura Avan\u00e7ados\n\n<a href=\"https:\/\/lasershop.com.br\/produto\/curso-eletroacupuntura-e-laser-na-acupuntura-avancado\/\">\n<\/a>\n<h3>\n\t\t\t\t\t<a href=\"https:\/\/lasershop.com.br\/produto\/curso-eletroacupuntura-e-laser-na-acupuntura-avancado\/\">29\/06<\/a><\/h3>\nT\u00e9cnicas aplicadas de Criofrequ\u00eancia, Crioterapia e Radiofrequ\u00eancia\u200b\n\n<a href=\"https:\/\/lasershop.com.br\/produto\/tecnicas-aplicadas-de-criofrequencia-crioterapia-e-radiofrequencia\/\">\n<\/a>\n<h3>\n\t\t\t\t\t<a href=\"https:\/\/lasershop.com.br\/produto\/tecnicas-aplicadas-de-criofrequencia-crioterapia-e-radiofrequencia\/\">21 e 22 \/ 07<\/a><\/h3>\nAplica\u00e7\u00f5es e Tend\u00eancias da Termografia Infravermelha na Medicina Veterin\u00e1ria\n<figure>\n\t\t\t\t\t\t\t\t\t\t\t<a href=\"http:\/\/codax.com.br\/blog\/\" data-elementor-open-lightbox=\"\">\n<img width=\"300\" height=\"300\" src=\"https:\/\/lasershop.com.br\/wp-content\/uploads\/2019\/03\/BLOG.png\" alt=\"\" srcset=\"https:\/\/i2.wp.com\/codaxmedica.com.br\/wp-content\/uploads\/2019\/03\/BLOG.png?w=300 300w, https:\/\/i2.wp.com\/codaxmedica.com.br\/wp-content\/uploads\/2019\/03\/BLOG.png?resize=150%2C150 150w, https:\/\/i2.wp.com\/codaxmedica.com.br\/wp-content\/uploads\/2019\/03\/BLOG.png?resize=250%2C250 250w, https:\/\/i2.wp.com\/codaxmedica.com.br\/wp-content\/uploads\/2019\/03\/BLOG.png?resize=100%2C100 100w\" sizes=\"(max-width: 300px) 100vw, 300px\">\t\t\t\t\t\t\t\t<\/a><figcaption>  CONFIRA NOSSO CONTE\u00daDO EXCLUSIVO<\/figcaption><\/figure>\n<figure>\n\t\t\t\t\t\t\t\t\t\t\t<a href=\"http:\/\/codax.com.br\/#quem-somos\" data-elementor-open-lightbox=\"\">\n<img width=\"300\" height=\"300\" src=\"https:\/\/lasershop.com.br\/wp-content\/uploads\/2019\/03\/QUEM-SOMOS.png\" alt=\"\" srcset=\"https:\/\/i1.wp.com\/codaxmedica.com.br\/wp-content\/uploads\/2019\/03\/QUEM-SOMOS.png?w=300 300w, https:\/\/i1.wp.com\/codaxmedica.com.br\/wp-content\/uploads\/2019\/03\/QUEM-SOMOS.png?resize=150%2C150 150w, https:\/\/i1.wp.com\/codaxmedica.com.br\/wp-content\/uploads\/2019\/03\/QUEM-SOMOS.png?resize=250%2C250 250w, https:\/\/i1.wp.com\/codaxmedica.com.br\/wp-content\/uploads\/2019\/03\/QUEM-SOMOS.png?resize=100%2C100 100w\" sizes=\"(max-width: 300px) 100vw, 300px\">\t\t\t\t\t\t\t\t<\/a>\n\n<figcaption>CONHE\u00c7A MAIS A CODAX M\u00c9DICA<\/figcaption><\/figure>\n<a href=\"https:\/\/www.facebook.com\/Codax-M%C3%A9dica-1501327686580969\/\" target=\"_blank\" rel=\"noopener noreferrer\">\nFacebook\n<\/a>\n<a href=\"https:\/\/www.instagram.com\/codaxmedica\/\" target=\"_blank\" rel=\"noopener noreferrer\">\nInstagram\n<\/a>\n<iframe frameborder=\"0\" scrolling=\"no\" marginheight=\"0\" marginwidth=\"0\" src=\"https:\/\/maps.google.com\/maps?q=%09%20Rua%20Pastor%20Manuel%20Avelino%20de%20Souza%20-%20Centro%2C%20Niter%C3%B3i%20-%20RJ%2C%2024070-180&amp;t=m&amp;z=14&amp;output=embed&amp;iwloc=near\" aria-label=\"\t Rua Pastor Manuel Avelino de Souza - Centro, Niter\u00f3i - RJ, 24070-180\"><\/iframe>\n<h2>Produtos em destaque<\/h2>","_et_gb_content_width":"","footnotes":""},"class_list":["post-22","page","type-page","status-publish","hentry"],"yoast_head":"<!-- This site is optimized with the Yoast SEO plugin v27.3 - https:\/\/yoast.com\/product\/yoast-seo-wordpress\/ -->\n<title>Home - Laser Shop<\/title>\n<meta name=\"robots\" content=\"index, follow, max-snippet:-1, max-image-preview:large, max-video-preview:-1\" \/>\n<link rel=\"canonical\" href=\"https:\/\/www.lasershop.com.br\/?page_id=22\" \/>\n<meta property=\"og:locale\" content=\"pt_BR\" \/>\n<meta property=\"og:type\" content=\"article\" \/>\n<meta property=\"og:title\" content=\"Home - Laser Shop\" \/>\n<meta property=\"og:description\" content=\"Produtos em destaque ELETROESTIMULADOR SIKURO DS100CBM SAIBA MAIS RECOVER MM OPTICS LASERTERAPIA&nbsp; SAIBA MAIS LIPOCAVITY WAVE - LIPOCAVITA\u00c7\u00c3O SAIBA MAIS DL1000 - MONITOR MULTIPARAM\u00c9TRICO (VET.) SAIBA MAIS Capacita\u00e7\u00e3o Pr\u00f3ximos Cursos 01 e 02\/06 Eletroacupuntura e Laser na Acupuntura Avan\u00e7ados 29\/06 T\u00e9cnicas aplicadas de Criofrequ\u00eancia, Crioterapia e Radiofrequ\u00eancia\u200b 21 e 22 \/ 07 Aplica\u00e7\u00f5es e Tend\u00eancias [&hellip;]\" \/>\n<meta property=\"og:url\" content=\"https:\/\/www.lasershop.com.br\/?page_id=22\" \/>\n<meta property=\"og:site_name\" content=\"Laser Shop\" \/>\n<meta property=\"article:publisher\" content=\"https:\/\/facebook.com\/codaxmedica\" \/>\n<meta property=\"og:image\" content=\"https:\/\/lasershop.com.br\/wp-content\/uploads\/2019\/03\/DSC.png\" \/>\n<meta name=\"twitter:card\" content=\"summary_large_image\" \/>\n<meta name=\"twitter:label1\" content=\"Est. tempo de leitura\" \/>\n\t<meta name=\"twitter:data1\" content=\"1 minuto\" \/>\n<script type=\"application\/ld+json\" class=\"yoast-schema-graph\">{\"@context\":\"https:\\\/\\\/schema.org\",\"@graph\":[{\"@type\":\"WebPage\",\"@id\":\"https:\\\/\\\/www.lasershop.com.br\\\/?page_id=22\",\"url\":\"https:\\\/\\\/www.lasershop.com.br\\\/?page_id=22\",\"name\":\"Home - Laser Shop\",\"isPartOf\":{\"@id\":\"https:\\\/\\\/www.lasershop.com.br\\\/#website\"},\"primaryImageOfPage\":{\"@id\":\"https:\\\/\\\/www.lasershop.com.br\\\/?page_id=22#primaryimage\"},\"image\":{\"@id\":\"https:\\\/\\\/www.lasershop.com.br\\\/?page_id=22#primaryimage\"},\"thumbnailUrl\":\"https:\\\/\\\/lasershop.com.br\\\/wp-content\\\/uploads\\\/2019\\\/03\\\/DSC.png\",\"datePublished\":\"2025-09-30T20:14:46+00:00\",\"breadcrumb\":{\"@id\":\"https:\\\/\\\/www.lasershop.com.br\\\/?page_id=22#breadcrumb\"},\"inLanguage\":\"pt-BR\",\"potentialAction\":[{\"@type\":\"ReadAction\",\"target\":[\"https:\\\/\\\/www.lasershop.com.br\\\/?page_id=22\"]}]},{\"@type\":\"ImageObject\",\"inLanguage\":\"pt-BR\",\"@id\":\"https:\\\/\\\/www.lasershop.com.br\\\/?page_id=22#primaryimage\",\"url\":\"https:\\\/\\\/lasershop.com.br\\\/wp-content\\\/uploads\\\/2019\\\/03\\\/DSC.png\",\"contentUrl\":\"https:\\\/\\\/lasershop.com.br\\\/wp-content\\\/uploads\\\/2019\\\/03\\\/DSC.png\"},{\"@type\":\"BreadcrumbList\",\"@id\":\"https:\\\/\\\/www.lasershop.com.br\\\/?page_id=22#breadcrumb\",\"itemListElement\":[{\"@type\":\"ListItem\",\"position\":1,\"name\":\"In\u00edcio\",\"item\":\"https:\\\/\\\/www.lasershop.com.br\\\/\"},{\"@type\":\"ListItem\",\"position\":2,\"name\":\"Home\"}]},{\"@type\":\"WebSite\",\"@id\":\"https:\\\/\\\/www.lasershop.com.br\\\/#website\",\"url\":\"https:\\\/\\\/www.lasershop.com.br\\\/\",\"name\":\"Laser Shop\",\"description\":\"Aparelhos Eletrom\u00e9dicos pelo melhor pre\u00e7o!\",\"publisher\":{\"@id\":\"https:\\\/\\\/www.lasershop.com.br\\\/#organization\"},\"potentialAction\":[{\"@type\":\"SearchAction\",\"target\":{\"@type\":\"EntryPoint\",\"urlTemplate\":\"https:\\\/\\\/www.lasershop.com.br\\\/?s={search_term_string}\"},\"query-input\":{\"@type\":\"PropertyValueSpecification\",\"valueRequired\":true,\"valueName\":\"search_term_string\"}}],\"inLanguage\":\"pt-BR\"},{\"@type\":\"Organization\",\"@id\":\"https:\\\/\\\/www.lasershop.com.br\\\/#organization\",\"name\":\"Laser Shop\",\"url\":\"https:\\\/\\\/www.lasershop.com.br\\\/\",\"logo\":{\"@type\":\"ImageObject\",\"inLanguage\":\"pt-BR\",\"@id\":\"https:\\\/\\\/www.lasershop.com.br\\\/#\\\/schema\\\/logo\\\/image\\\/\",\"url\":\"https:\\\/\\\/lasershop.com.br\\\/wp-content\\\/uploads\\\/2025\\\/09\\\/LOGO_LASERSHOP-.png\",\"contentUrl\":\"https:\\\/\\\/lasershop.com.br\\\/wp-content\\\/uploads\\\/2025\\\/09\\\/LOGO_LASERSHOP-.png\",\"width\":612,\"height\":408,\"caption\":\"Laser Shop\"},\"image\":{\"@id\":\"https:\\\/\\\/www.lasershop.com.br\\\/#\\\/schema\\\/logo\\\/image\\\/\"},\"sameAs\":[\"https:\\\/\\\/facebook.com\\\/codaxmedica\",\"https:\\\/\\\/instagram.com\\\/codaxmedica\"]}]}<\/script>\n<!-- \/ Yoast SEO plugin. -->","yoast_head_json":{"title":"Home - Laser Shop","robots":{"index":"index","follow":"follow","max-snippet":"max-snippet:-1","max-image-preview":"max-image-preview:large","max-video-preview":"max-video-preview:-1"},"canonical":"https:\/\/www.lasershop.com.br\/?page_id=22","og_locale":"pt_BR","og_type":"article","og_title":"Home - Laser Shop","og_description":"Produtos em destaque ELETROESTIMULADOR SIKURO DS100CBM SAIBA MAIS RECOVER MM OPTICS LASERTERAPIA&nbsp; SAIBA MAIS LIPOCAVITY WAVE - LIPOCAVITA\u00c7\u00c3O SAIBA MAIS DL1000 - MONITOR MULTIPARAM\u00c9TRICO (VET.) SAIBA MAIS Capacita\u00e7\u00e3o Pr\u00f3ximos Cursos 01 e 02\/06 Eletroacupuntura e Laser na Acupuntura Avan\u00e7ados 29\/06 T\u00e9cnicas aplicadas de Criofrequ\u00eancia, Crioterapia e Radiofrequ\u00eancia\u200b 21 e 22 \/ 07 Aplica\u00e7\u00f5es e Tend\u00eancias [&hellip;]","og_url":"https:\/\/www.lasershop.com.br\/?page_id=22","og_site_name":"Laser Shop","article_publisher":"https:\/\/facebook.com\/codaxmedica","og_image":[{"url":"https:\/\/lasershop.com.br\/wp-content\/uploads\/2019\/03\/DSC.png","type":"","width":"","height":""}],"twitter_card":"summary_large_image","twitter_misc":{"Est. tempo de leitura":"1 minuto"},"schema":{"@context":"https:\/\/schema.org","@graph":[{"@type":"WebPage","@id":"https:\/\/www.lasershop.com.br\/?page_id=22","url":"https:\/\/www.lasershop.com.br\/?page_id=22","name":"Home - Laser Shop","isPartOf":{"@id":"https:\/\/www.lasershop.com.br\/#website"},"primaryImageOfPage":{"@id":"https:\/\/www.lasershop.com.br\/?page_id=22#primaryimage"},"image":{"@id":"https:\/\/www.lasershop.com.br\/?page_id=22#primaryimage"},"thumbnailUrl":"https:\/\/lasershop.com.br\/wp-content\/uploads\/2019\/03\/DSC.png","datePublished":"2025-09-30T20:14:46+00:00","breadcrumb":{"@id":"https:\/\/www.lasershop.com.br\/?page_id=22#breadcrumb"},"inLanguage":"pt-BR","potentialAction":[{"@type":"ReadAction","target":["https:\/\/www.lasershop.com.br\/?page_id=22"]}]},{"@type":"ImageObject","inLanguage":"pt-BR","@id":"https:\/\/www.lasershop.com.br\/?page_id=22#primaryimage","url":"https:\/\/lasershop.com.br\/wp-content\/uploads\/2019\/03\/DSC.png","contentUrl":"https:\/\/lasershop.com.br\/wp-content\/uploads\/2019\/03\/DSC.png"},{"@type":"BreadcrumbList","@id":"https:\/\/www.lasershop.com.br\/?page_id=22#breadcrumb","itemListElement":[{"@type":"ListItem","position":1,"name":"In\u00edcio","item":"https:\/\/www.lasershop.com.br\/"},{"@type":"ListItem","position":2,"name":"Home"}]},{"@type":"WebSite","@id":"https:\/\/www.lasershop.com.br\/#website","url":"https:\/\/www.lasershop.com.br\/","name":"Laser Shop","description":"Aparelhos Eletrom\u00e9dicos pelo melhor pre\u00e7o!","publisher":{"@id":"https:\/\/www.lasershop.com.br\/#organization"},"potentialAction":[{"@type":"SearchAction","target":{"@type":"EntryPoint","urlTemplate":"https:\/\/www.lasershop.com.br\/?s={search_term_string}"},"query-input":{"@type":"PropertyValueSpecification","valueRequired":true,"valueName":"search_term_string"}}],"inLanguage":"pt-BR"},{"@type":"Organization","@id":"https:\/\/www.lasershop.com.br\/#organization","name":"Laser Shop","url":"https:\/\/www.lasershop.com.br\/","logo":{"@type":"ImageObject","inLanguage":"pt-BR","@id":"https:\/\/www.lasershop.com.br\/#\/schema\/logo\/image\/","url":"https:\/\/lasershop.com.br\/wp-content\/uploads\/2025\/09\/LOGO_LASERSHOP-.png","contentUrl":"https:\/\/lasershop.com.br\/wp-content\/uploads\/2025\/09\/LOGO_LASERSHOP-.png","width":612,"height":408,"caption":"Laser Shop"},"image":{"@id":"https:\/\/www.lasershop.com.br\/#\/schema\/logo\/image\/"},"sameAs":["https:\/\/facebook.com\/codaxmedica","https:\/\/instagram.com\/codaxmedica"]}]}},"_links":{"self":[{"href":"https:\/\/www.lasershop.com.br\/index.php?rest_route=\/wp\/v2\/pages\/22","targetHints":{"allow":["GET"]}}],"collection":[{"href":"https:\/\/www.lasershop.com.br\/index.php?rest_route=\/wp\/v2\/pages"}],"about":[{"href":"https:\/\/www.lasershop.com.br\/index.php?rest_route=\/wp\/v2\/types\/page"}],"author":[{"embeddable":true,"href":"https:\/\/www.lasershop.com.br\/index.php?rest_route=\/wp\/v2\/users\/4"}],"replies":[{"embeddable":true,"href":"https:\/\/www.lasershop.com.br\/index.php?rest_route=%2Fwp%2Fv2%2Fcomments&post=22"}],"version-history":[{"count":1,"href":"https:\/\/www.lasershop.com.br\/index.php?rest_route=\/wp\/v2\/pages\/22\/revisions"}],"predecessor-version":[{"id":11701,"href":"https:\/\/www.lasershop.com.br\/index.php?rest_route=\/wp\/v2\/pages\/22\/revisions\/11701"}],"wp:attachment":[{"href":"https:\/\/www.lasershop.com.br\/index.php?rest_route=%2Fwp%2Fv2%2Fmedia&parent=22"}],"curies":[{"name":"wp","href":"https:\/\/api.w.org\/{rel}","templated":true}]}}