{"id":101,"date":"2019-03-19T19:27:17","date_gmt":"2019-03-19T19:27:17","guid":{"rendered":"https:\/\/lasershop.com.br\/?post_type=product&#038;p=101"},"modified":"2026-01-25T09:10:55","modified_gmt":"2026-01-25T09:10:55","slug":"eletroestimulador-sikuro-vet2000jr","status":"publish","type":"product","link":"https:\/\/www.lasershop.com.br\/?product=eletroestimulador-sikuro-vet2000jr","title":{"rendered":"Eletroestimulador Sikuro VET2000JR"},"content":{"rendered":"<body><p><strong>3 tipos de sinal (formas de onda):<br>\n<\/strong><br>\n<span>Sinal 1: Trem de pulsos cont\u00ednuo,\u00a0<\/span><br>\n<span>Sinal 2: Trem de pulsos intermitente,\u00a0<\/span><br>\n<span>Sinal 3: Trem de pulsos misto;<br>\n<\/span><br>\n<span>2 canais independentes, cada um com 2 sa\u00eddas (totalizando 4 sa\u00eddas);<\/span><br>\n<span><br>\nAltern\u00e2ncia sincronizada dos canais;<\/span><br>\n<span><br>\nPulso tipo Alternado Assim\u00e9trico com frequ\u00eancias de 0,3Hz a 500Hz com largura de pulso entre 0,5 e 2ms;<\/span><br>\n<span><br>\nPer\u00edodos de atua\u00e7\u00e3o T1 e T2 program\u00e1veis de 1 a 9 segundos nos Sinais 2 e 3;<br>\n<\/span><br>\n<span>16 posi\u00e7\u00f5es de mem\u00f3ria para armazenar os programas de tratamento. A mem\u00f3ria \u00e9 regrav\u00e1vel e armazena as informa\u00e7\u00f5es mesmo com o equipamento desligado;<br>\n<\/span><br>\n<span>Senha de 6 d\u00edgitos para restringir o uso do aparelho;<br>\n<\/span><br>\n<span>Prote\u00e7\u00e3o de mem\u00f3ria que impede altera\u00e7\u00f5es indevidas nos programas de tratamentos previamente armazenados pelo operador conhecedor da senha;<br>\n<\/span><br>\n<span>Canais com temporizadores independentes, program\u00e1veis de 1 a 60 minutos, com alerta sonoro e desligamento autom\u00e1tico do canal ao fim do tempo programado;<br>\n<\/span><br>\n<span>Possibilidade de escolha de prefer\u00eancias de uso, tais como: idioma, n\u00famero de canais, desabilita\u00e7\u00e3o do bip sonoro, etc.;<br>\n<\/span><br>\n<span>Dispositivo de seguran\u00e7a com alerta sonoro e visual para zerar a intensidade do sinal no in\u00edcio do tratamento;<br>\n<\/span><br>\n<span>Chaves seletoras da pot\u00eancia das sa\u00eddas (limitada \u2013 normal);<br>\n<\/span><br>\n<span>Leds indicadores de opera\u00e7\u00e3o: piscam na frequ\u00eancia programada para cada canal durante o tratamento;<br>\n<\/span><br>\n<span>Acompanha Manual e Adaptador CA-CC e 4 cabos E-JS18 (eletrodos tipo \u201cjacar\u00e9\u201d);<br>\n<\/span><br>\n<span>Alimenta\u00e7\u00e3o 127 \/220 Volts ou 4 pilhas tipo AA<br>\n<\/span><br>\n<strong>Acess\u00f3rios que acompanham o aparelho:<\/strong><br>\n<span>4 cabos simples (eletrodos tipo \u201cjacar\u00e9\u201d);<\/span><\/p>\n<\/body>","protected":false},"excerpt":{"rendered":"<p>3 tipos de sinal (formas de onda): Sinal 1: Trem de pulsos cont\u00ednuo,\u00a0 Sinal 2: Trem de pulsos intermitente,\u00a0 Sinal 3: Trem de pulsos misto; 2 canais independentes, cada um com 2 sa\u00eddas (totalizando 4 sa\u00eddas); Altern\u00e2ncia sincronizada dos canais; Pulso tipo Alternado Assim\u00e9trico com frequ\u00eancias de 0,3Hz a 500Hz com largura de pulso entre [&hellip;]<\/p>\n","protected":false},"featured_media":102,"comment_status":"open","ping_status":"closed","template":"","meta":{"_et_pb_use_builder":"","_et_pb_old_content":"","_et_gb_content_width":""},"product_brand":[],"product_cat":[20,24],"product_tag":[],"class_list":{"0":"post-101","1":"product","2":"type-product","3":"status-publish","4":"has-post-thumbnail","6":"product_cat-eletroestimulacao","7":"product_cat-linha-veterinaria","9":"first","10":"instock","11":"taxable","12":"shipping-taxable","13":"purchasable","14":"product-type-simple"},"yoast_head":"<!-- This site is optimized with the Yoast SEO plugin v27.3 - https:\/\/yoast.com\/product\/yoast-seo-wordpress\/ -->\n<title>Eletroestimulador Sikuro VET2000JR - Laser Shop<\/title>\n<meta name=\"robots\" content=\"index, follow, max-snippet:-1, max-image-preview:large, max-video-preview:-1\" \/>\n<link rel=\"canonical\" href=\"https:\/\/www.lasershop.com.br\/?product=eletroestimulador-sikuro-vet2000jr\" \/>\n<meta property=\"og:locale\" content=\"pt_BR\" \/>\n<meta property=\"og:type\" content=\"article\" \/>\n<meta property=\"og:title\" content=\"Eletroestimulador Sikuro VET2000JR - Laser Shop\" \/>\n<meta property=\"og:description\" content=\"3 tipos de sinal (formas de onda): Sinal 1: Trem de pulsos cont\u00ednuo,\u00a0 Sinal 2: Trem de pulsos intermitente,\u00a0 Sinal 3: Trem de pulsos misto; 2 canais independentes, cada um com 2 sa\u00eddas (totalizando 4 sa\u00eddas); Altern\u00e2ncia sincronizada dos canais; Pulso tipo Alternado Assim\u00e9trico com frequ\u00eancias de 0,3Hz a 500Hz com largura de pulso entre [&hellip;]\" \/>\n<meta property=\"og:url\" content=\"https:\/\/www.lasershop.com.br\/?product=eletroestimulador-sikuro-vet2000jr\" \/>\n<meta property=\"og:site_name\" content=\"Laser Shop\" \/>\n<meta property=\"article:publisher\" content=\"https:\/\/facebook.com\/codaxmedica\" \/>\n<meta property=\"article:modified_time\" content=\"2026-01-25T09:10:55+00:00\" \/>\n<meta property=\"og:image\" content=\"https:\/\/lasershop.com.br\/wp-content\/uploads\/2019\/03\/vet22.jpg\" \/>\n\t<meta property=\"og:image:width\" content=\"900\" \/>\n\t<meta property=\"og:image:height\" content=\"900\" \/>\n\t<meta property=\"og:image:type\" content=\"image\/jpeg\" \/>\n<meta name=\"twitter:card\" content=\"summary_large_image\" \/>\n<meta name=\"twitter:label1\" content=\"Est. tempo de leitura\" \/>\n\t<meta name=\"twitter:data1\" content=\"1 minuto\" \/>\n<script type=\"application\/ld+json\" class=\"yoast-schema-graph\">{\"@context\":\"https:\\\/\\\/schema.org\",\"@graph\":[{\"@type\":\"WebPage\",\"@id\":\"https:\\\/\\\/www.lasershop.com.br\\\/?product=eletroestimulador-sikuro-vet2000jr\",\"url\":\"https:\\\/\\\/www.lasershop.com.br\\\/?product=eletroestimulador-sikuro-vet2000jr\",\"name\":\"Eletroestimulador Sikuro VET2000JR - Laser Shop\",\"isPartOf\":{\"@id\":\"https:\\\/\\\/www.lasershop.com.br\\\/#website\"},\"primaryImageOfPage\":{\"@id\":\"https:\\\/\\\/www.lasershop.com.br\\\/?product=eletroestimulador-sikuro-vet2000jr#primaryimage\"},\"image\":{\"@id\":\"https:\\\/\\\/www.lasershop.com.br\\\/?product=eletroestimulador-sikuro-vet2000jr#primaryimage\"},\"thumbnailUrl\":\"https:\\\/\\\/lasershop.com.br\\\/wp-content\\\/uploads\\\/2019\\\/03\\\/vet22.jpg\",\"datePublished\":\"2019-03-19T19:27:17+00:00\",\"dateModified\":\"2026-01-25T09:10:55+00:00\",\"breadcrumb\":{\"@id\":\"https:\\\/\\\/www.lasershop.com.br\\\/?product=eletroestimulador-sikuro-vet2000jr#breadcrumb\"},\"inLanguage\":\"pt-BR\",\"potentialAction\":[{\"@type\":\"ReadAction\",\"target\":[\"https:\\\/\\\/www.lasershop.com.br\\\/?product=eletroestimulador-sikuro-vet2000jr\"]}]},{\"@type\":\"ImageObject\",\"inLanguage\":\"pt-BR\",\"@id\":\"https:\\\/\\\/www.lasershop.com.br\\\/?product=eletroestimulador-sikuro-vet2000jr#primaryimage\",\"url\":\"https:\\\/\\\/lasershop.com.br\\\/wp-content\\\/uploads\\\/2019\\\/03\\\/vet22.jpg\",\"contentUrl\":\"https:\\\/\\\/lasershop.com.br\\\/wp-content\\\/uploads\\\/2019\\\/03\\\/vet22.jpg\",\"width\":900,\"height\":900},{\"@type\":\"BreadcrumbList\",\"@id\":\"https:\\\/\\\/www.lasershop.com.br\\\/?product=eletroestimulador-sikuro-vet2000jr#breadcrumb\",\"itemListElement\":[{\"@type\":\"ListItem\",\"position\":1,\"name\":\"In\u00edcio\",\"item\":\"https:\\\/\\\/www.lasershop.com.br\\\/\"},{\"@type\":\"ListItem\",\"position\":2,\"name\":\"Home\",\"item\":\"https:\\\/\\\/www.lasershop.com.br\\\/?page_id=22\"},{\"@type\":\"ListItem\",\"position\":3,\"name\":\"Eletroestimulador Sikuro VET2000JR\"}]},{\"@type\":\"WebSite\",\"@id\":\"https:\\\/\\\/www.lasershop.com.br\\\/#website\",\"url\":\"https:\\\/\\\/www.lasershop.com.br\\\/\",\"name\":\"Laser Shop\",\"description\":\"Aparelhos Eletrom\u00e9dicos pelo melhor pre\u00e7o!\",\"publisher\":{\"@id\":\"https:\\\/\\\/www.lasershop.com.br\\\/#organization\"},\"potentialAction\":[{\"@type\":\"SearchAction\",\"target\":{\"@type\":\"EntryPoint\",\"urlTemplate\":\"https:\\\/\\\/www.lasershop.com.br\\\/?s={search_term_string}\"},\"query-input\":{\"@type\":\"PropertyValueSpecification\",\"valueRequired\":true,\"valueName\":\"search_term_string\"}}],\"inLanguage\":\"pt-BR\"},{\"@type\":\"Organization\",\"@id\":\"https:\\\/\\\/www.lasershop.com.br\\\/#organization\",\"name\":\"Laser Shop\",\"url\":\"https:\\\/\\\/www.lasershop.com.br\\\/\",\"logo\":{\"@type\":\"ImageObject\",\"inLanguage\":\"pt-BR\",\"@id\":\"https:\\\/\\\/www.lasershop.com.br\\\/#\\\/schema\\\/logo\\\/image\\\/\",\"url\":\"https:\\\/\\\/lasershop.com.br\\\/wp-content\\\/uploads\\\/2025\\\/09\\\/LOGO_LASERSHOP-.png\",\"contentUrl\":\"https:\\\/\\\/lasershop.com.br\\\/wp-content\\\/uploads\\\/2025\\\/09\\\/LOGO_LASERSHOP-.png\",\"width\":612,\"height\":408,\"caption\":\"Laser Shop\"},\"image\":{\"@id\":\"https:\\\/\\\/www.lasershop.com.br\\\/#\\\/schema\\\/logo\\\/image\\\/\"},\"sameAs\":[\"https:\\\/\\\/facebook.com\\\/codaxmedica\",\"https:\\\/\\\/instagram.com\\\/codaxmedica\"]}]}<\/script>\n<!-- \/ Yoast SEO plugin. -->","yoast_head_json":{"title":"Eletroestimulador Sikuro VET2000JR - Laser Shop","robots":{"index":"index","follow":"follow","max-snippet":"max-snippet:-1","max-image-preview":"max-image-preview:large","max-video-preview":"max-video-preview:-1"},"canonical":"https:\/\/www.lasershop.com.br\/?product=eletroestimulador-sikuro-vet2000jr","og_locale":"pt_BR","og_type":"article","og_title":"Eletroestimulador Sikuro VET2000JR - Laser Shop","og_description":"3 tipos de sinal (formas de onda): Sinal 1: Trem de pulsos cont\u00ednuo,\u00a0 Sinal 2: Trem de pulsos intermitente,\u00a0 Sinal 3: Trem de pulsos misto; 2 canais independentes, cada um com 2 sa\u00eddas (totalizando 4 sa\u00eddas); Altern\u00e2ncia sincronizada dos canais; Pulso tipo Alternado Assim\u00e9trico com frequ\u00eancias de 0,3Hz a 500Hz com largura de pulso entre [&hellip;]","og_url":"https:\/\/www.lasershop.com.br\/?product=eletroestimulador-sikuro-vet2000jr","og_site_name":"Laser Shop","article_publisher":"https:\/\/facebook.com\/codaxmedica","article_modified_time":"2026-01-25T09:10:55+00:00","og_image":[{"width":900,"height":900,"url":"https:\/\/lasershop.com.br\/wp-content\/uploads\/2019\/03\/vet22.jpg","type":"image\/jpeg"}],"twitter_card":"summary_large_image","twitter_misc":{"Est. tempo de leitura":"1 minuto"},"schema":{"@context":"https:\/\/schema.org","@graph":[{"@type":"WebPage","@id":"https:\/\/www.lasershop.com.br\/?product=eletroestimulador-sikuro-vet2000jr","url":"https:\/\/www.lasershop.com.br\/?product=eletroestimulador-sikuro-vet2000jr","name":"Eletroestimulador Sikuro VET2000JR - Laser Shop","isPartOf":{"@id":"https:\/\/www.lasershop.com.br\/#website"},"primaryImageOfPage":{"@id":"https:\/\/www.lasershop.com.br\/?product=eletroestimulador-sikuro-vet2000jr#primaryimage"},"image":{"@id":"https:\/\/www.lasershop.com.br\/?product=eletroestimulador-sikuro-vet2000jr#primaryimage"},"thumbnailUrl":"https:\/\/lasershop.com.br\/wp-content\/uploads\/2019\/03\/vet22.jpg","datePublished":"2019-03-19T19:27:17+00:00","dateModified":"2026-01-25T09:10:55+00:00","breadcrumb":{"@id":"https:\/\/www.lasershop.com.br\/?product=eletroestimulador-sikuro-vet2000jr#breadcrumb"},"inLanguage":"pt-BR","potentialAction":[{"@type":"ReadAction","target":["https:\/\/www.lasershop.com.br\/?product=eletroestimulador-sikuro-vet2000jr"]}]},{"@type":"ImageObject","inLanguage":"pt-BR","@id":"https:\/\/www.lasershop.com.br\/?product=eletroestimulador-sikuro-vet2000jr#primaryimage","url":"https:\/\/lasershop.com.br\/wp-content\/uploads\/2019\/03\/vet22.jpg","contentUrl":"https:\/\/lasershop.com.br\/wp-content\/uploads\/2019\/03\/vet22.jpg","width":900,"height":900},{"@type":"BreadcrumbList","@id":"https:\/\/www.lasershop.com.br\/?product=eletroestimulador-sikuro-vet2000jr#breadcrumb","itemListElement":[{"@type":"ListItem","position":1,"name":"In\u00edcio","item":"https:\/\/www.lasershop.com.br\/"},{"@type":"ListItem","position":2,"name":"Home","item":"https:\/\/www.lasershop.com.br\/?page_id=22"},{"@type":"ListItem","position":3,"name":"Eletroestimulador Sikuro VET2000JR"}]},{"@type":"WebSite","@id":"https:\/\/www.lasershop.com.br\/#website","url":"https:\/\/www.lasershop.com.br\/","name":"Laser Shop","description":"Aparelhos Eletrom\u00e9dicos pelo melhor pre\u00e7o!","publisher":{"@id":"https:\/\/www.lasershop.com.br\/#organization"},"potentialAction":[{"@type":"SearchAction","target":{"@type":"EntryPoint","urlTemplate":"https:\/\/www.lasershop.com.br\/?s={search_term_string}"},"query-input":{"@type":"PropertyValueSpecification","valueRequired":true,"valueName":"search_term_string"}}],"inLanguage":"pt-BR"},{"@type":"Organization","@id":"https:\/\/www.lasershop.com.br\/#organization","name":"Laser Shop","url":"https:\/\/www.lasershop.com.br\/","logo":{"@type":"ImageObject","inLanguage":"pt-BR","@id":"https:\/\/www.lasershop.com.br\/#\/schema\/logo\/image\/","url":"https:\/\/lasershop.com.br\/wp-content\/uploads\/2025\/09\/LOGO_LASERSHOP-.png","contentUrl":"https:\/\/lasershop.com.br\/wp-content\/uploads\/2025\/09\/LOGO_LASERSHOP-.png","width":612,"height":408,"caption":"Laser Shop"},"image":{"@id":"https:\/\/www.lasershop.com.br\/#\/schema\/logo\/image\/"},"sameAs":["https:\/\/facebook.com\/codaxmedica","https:\/\/instagram.com\/codaxmedica"]}]}},"_links":{"self":[{"href":"https:\/\/www.lasershop.com.br\/index.php?rest_route=\/wp\/v2\/product\/101","targetHints":{"allow":["GET"]}}],"collection":[{"href":"https:\/\/www.lasershop.com.br\/index.php?rest_route=\/wp\/v2\/product"}],"about":[{"href":"https:\/\/www.lasershop.com.br\/index.php?rest_route=\/wp\/v2\/types\/product"}],"replies":[{"embeddable":true,"href":"https:\/\/www.lasershop.com.br\/index.php?rest_route=%2Fwp%2Fv2%2Fcomments&post=101"}],"wp:featuredmedia":[{"embeddable":true,"href":"https:\/\/www.lasershop.com.br\/index.php?rest_route=\/wp\/v2\/media\/102"}],"wp:attachment":[{"href":"https:\/\/www.lasershop.com.br\/index.php?rest_route=%2Fwp%2Fv2%2Fmedia&parent=101"}],"wp:term":[{"taxonomy":"product_brand","embeddable":true,"href":"https:\/\/www.lasershop.com.br\/index.php?rest_route=%2Fwp%2Fv2%2Fproduct_brand&post=101"},{"taxonomy":"product_cat","embeddable":true,"href":"https:\/\/www.lasershop.com.br\/index.php?rest_route=%2Fwp%2Fv2%2Fproduct_cat&post=101"},{"taxonomy":"product_tag","embeddable":true,"href":"https:\/\/www.lasershop.com.br\/index.php?rest_route=%2Fwp%2Fv2%2Fproduct_tag&post=101"}],"curies":[{"name":"wp","href":"https:\/\/api.w.org\/{rel}","templated":true}]}}