{"id":109,"date":"2019-03-20T14:53:01","date_gmt":"2019-03-20T14:53:01","guid":{"rendered":"https:\/\/lasershop.com.br\/?post_type=product&#038;p=109"},"modified":"2026-03-25T09:45:30","modified_gmt":"2026-03-25T09:45:30","slug":"narniah-medical-san-aparelho-de-ultrafrequencia-para-estetica","status":"publish","type":"product","link":"https:\/\/www.lasershop.com.br\/?product=narniah-medical-san-aparelho-de-ultrafrequencia-para-estetica","title":{"rendered":"Narniah\u00ae Medical San &#8211; Aparelho De Ultrafrequ\u00eancia Para Est\u00e9tica"},"content":{"rendered":"<body><p>Equipamento de alta performance no tratamento da GORDURA LOCALIZADA e FLACIDEZ SIMULTANEAMENTE. Com sua tecnologia exclusiva de ULTRAFREQU\u00caNCIA, o NARNIAH possui aplicador que ao mesmo tempo permite o tratamento de Ultracavita\u00e7\u00e3o e Radiofrequ\u00eancia. Tamb\u00e9m pode optar pela aplica\u00e7\u00e3o alternada e independente de cada uma das terapias. Al\u00e9m do aplicador corporal, o NARNIAH apresenta a novidade no aplicador facial, com tecnologia de Ultracavita\u00e7\u00e3o e Radiofrequ\u00eancia atuando simultaneamente ou separados.<\/p>\n<p>O moderno equipamento apresenta a op\u00e7\u00e3o de ultrassom 3MHz para uso em gordura localizada mais superficial e uso em p\u00f3s-operat\u00f3rio, tornando-se uma plataforma otimizada, e a grande novidade do mercado a frequ\u00eancia de 4 MHz, com profundidade mais segura e aumento significativo de pot\u00eancia. DIGITAL, VERS\u00c1TIL, INOVADOR e FUNCIONAL estas s\u00e3o as caracter\u00edsticas deste EXTRAORDIN\u00c1RIO equipamento que chegou para REVOLUCIONAR o mercado da est\u00e9tica.<\/p>\n<p><span style=\"font-size: 12pt;\"><strong>Indica\u00e7\u00f5es<\/strong><\/span><\/p>\n<div id=\"fragment-2-1513956161\" class=\"clearfix be-tab-content ui-tabs-panel ui-widget-content ui-corner-bottom\" style=\"display: block;\" aria-labelledby=\"ui-id-2\" aria-hidden=\"false\">\n<div class=\"\" data-block=\"true\" data-editor=\"cf44r\" data-offset-key=\"blr0g-0-0\">\n<div class=\"_1mf _1mj\" data-offset-key=\"blr0g-0-0\">\u2013 Patologias estruturais da pele<br>\n\u2013 Estrias e flacidez.<br>\n\u2013 Rugas, envelhecimento da pele.<br>\n\u2013 Cicatrizes.<br>\n\u2013 Edemas localizados.<br>\n\u2013 Traumatologia e Reabilita\u00e7\u00e3o<br>\n\u2013 Processos inflamat\u00f3rios.<br>\n\u2013 Dores musculares diversas.<br>\n\u2013 Contraturas.<br>\n\u2013 Relaxamento muscular.<br>\n\u2013 P\u00f3s-liposuc\u00e7\u00e3o.<\/div>\n<div data-offset-key=\"blr0g-0-0\"><\/div>\n<\/div>\n<div data-offset-key=\"blr0g-0-0\">\n<div class=\"\" data-block=\"true\" data-editor=\"2147m\" data-offset-key=\"9mbcb-0-0\">\n<div class=\"_1mf _1mj\" data-offset-key=\"9mbcb-0-0\">\n<p><strong>FACIAL<\/strong><\/p>\n<p>\u00a0<\/p>\n<\/div>\n<\/div>\n<div class=\"\" data-block=\"true\" data-editor=\"2147m\" data-offset-key=\"a1755-0-0\">\n<div class=\"_1mf _1mj\" data-offset-key=\"a1755-0-0\"><span data-offset-key=\"a1755-0-0\">\u2013 Rejuvenescimento<\/span><\/div>\n<\/div>\n<div class=\"\" data-block=\"true\" data-editor=\"2147m\" data-offset-key=\"epd26-0-0\">\n<div class=\"_1mf _1mj\" data-offset-key=\"epd26-0-0\"><span data-offset-key=\"epd26-0-0\">\u2013 aumenta a elasticidade da pele,<\/span><\/div>\n<\/div>\n<div class=\"\" data-block=\"true\" data-editor=\"2147m\" data-offset-key=\"b3a85-0-0\">\n<div class=\"_1mf _1mj\" data-offset-key=\"b3a85-0-0\"><span data-offset-key=\"b3a85-0-0\">auxilia a produ\u00e7\u00e3o de col\u00e1geno e a regenera\u00e7\u00e3o da pele<\/span><\/div>\n<\/div>\n<div class=\"\" data-block=\"true\" data-editor=\"2147m\" data-offset-key=\"alseq-0-0\">\n<div class=\"_1mf _1mj\" data-offset-key=\"alseq-0-0\"><span data-offset-key=\"alseq-0-0\">\u2013 Hidrata\u00e7\u00e3o<\/span><\/div>\n<\/div>\n<div class=\"\" data-block=\"true\" data-editor=\"2147m\" data-offset-key=\"8i3ob-0-0\">\n<div class=\"_1mf _1mj\" data-offset-key=\"8i3ob-0-0\"><span data-offset-key=\"8i3ob-0-0\">\u2013 P\u00f3s-operat\u00f3rio de cirurgia p<\/span>l\u00e1stica facial<\/div>\n<\/div>\n<\/div>\n<\/div>\n<p><span style=\"font-size: 12pt;\"><strong>Caracter\u00edsticas T\u00e9cnicas<\/strong><\/span><\/p>\n<p>\u00a0<\/p>\n<div id=\"fragment-3-1513956161\" class=\"clearfix be-tab-content ui-tabs-panel ui-widget-content ui-corner-bottom\" style=\"display: block;\" aria-labelledby=\"ui-id-3\" aria-hidden=\"false\">\n<p><strong>Descri\u00e7\u00e3o el\u00e9trica do equipamento:<\/strong><br>\n\u2022Alimenta\u00e7\u00e3o: 127 \u2013 220 VAC \/ 60 Hz<br>\n\u2022Pot\u00eancia de entrada: 300VA<br>\n\u2022Fus\u00edveis: 3A A\u00e7\u00e3o r\u00e1pida 250V~ (20AG)<br>\ncapacidade de ruptura 50A<br>\n\u2022Classe El\u00e9trica: Classe I<br>\n\u2022Prote\u00e7\u00e3o El\u00e9trica: TIPO BF<\/p>\n<p><strong>Dimens\u00f5es do gabinete:<\/strong><br>\n\u2022Largura: 45 cm \u00b1 5%<br>\n\u2022Profundidade: 34 cm \u00b1 5%<br>\n\u2022Altura: 20 cm \u00b1 5%<br>\n\u2022Peso: 6,5kg \u00b1 5%<\/p>\n<\/div>\n<p><span style=\"font-size: 12pt;\"><strong>Incluso<\/strong><\/span><\/p>\n<div id=\"fragment-4-1513956161\" class=\"clearfix be-tab-content ui-tabs-panel ui-widget-content ui-corner-bottom\" style=\"display: block;\" aria-labelledby=\"ui-id-4\" aria-hidden=\"false\">\n<div class=\"\" data-block=\"true\" data-editor=\"cv7oq\" data-offset-key=\"1uscm-0-0\">\n<div class=\"_1mf _1mj\" data-offset-key=\"1uscm-0-0\"><span data-offset-key=\"1uscm-0-0\">\u2013 Equipamento<\/span><\/div>\n<\/div>\n<div class=\"\" data-block=\"true\" data-editor=\"cv7oq\" data-offset-key=\"5jkki-0-0\">\n<div class=\"_1mf _1mj\" data-offset-key=\"5jkki-0-0\"><span data-offset-key=\"5jkki-0-0\">\u2013 Aplicador Corporal<\/span><\/div>\n<\/div>\n<div class=\"\" data-block=\"true\" data-editor=\"cv7oq\" data-offset-key=\"6p22s-0-0\">\n<div class=\"_1mf _1mj\" data-offset-key=\"6p22s-0-0\"><span data-offset-key=\"6p22s-0-0\">\u2013 Aplicador Facial<\/span><\/div>\n<\/div>\n<div class=\"\" data-block=\"true\" data-editor=\"cv7oq\" data-offset-key=\"a9l4e-0-0\">\n<div class=\"_1mf _1mj\" data-offset-key=\"a9l4e-0-0\"><span data-offset-key=\"a9l4e-0-0\">\u2013 Manual<\/span><\/div>\n<\/div>\n<div class=\"\" data-block=\"true\" data-editor=\"cv7oq\" data-offset-key=\"a061f-0-0\">\n<div class=\"_1mf _1mj\" data-offset-key=\"a061f-0-0\"><span data-offset-key=\"a061f-0-0\">\u2013 Cabo de Alimenta\u00e7\u00e3o<\/span><\/div>\n<\/div>\n<div class=\"\" data-block=\"true\" data-editor=\"cv7oq\" data-offset-key=\"6d1qp-0-0\">\n<div class=\"_1mf _1mj\" data-offset-key=\"6d1qp-0-0\"><span data-offset-key=\"6d1qp-0-0\">\u2013 Suporte para Aplicadores<\/span><\/div>\n<\/div>\n<div class=\"\" data-block=\"true\" data-editor=\"cv7oq\" data-offset-key=\"2e4sn-0-0\">\n<div class=\"_1mf _1mj\" data-offset-key=\"2e4sn-0-0\"><span data-offset-key=\"2e4sn-0-0\">\u2013 Term\u00f4metro<\/span><\/div>\n<\/div>\n<div class=\"\" data-block=\"true\" data-editor=\"cv7oq\" data-offset-key=\"e9nmr-0-0\">\n<div class=\"_1mf _1mj\" data-offset-key=\"e9nmr-0-0\"><span data-offset-key=\"e9nmr-0-0\">\u2013 Banner<\/span><\/div>\n<\/div>\n<div class=\"\" data-block=\"true\" data-editor=\"cv7oq\" data-offset-key=\"4idtn-0-0\">\n<div class=\"_1mf _1mj\" data-offset-key=\"4idtn-0-0\"><span data-offset-key=\"4idtn-0-0\">\u2013 Gel Incolor 100g<\/span><\/div>\n<\/div>\n<\/div>\n<\/body>","protected":false},"excerpt":{"rendered":"<p>Equipamento de alta performance no tratamento da GORDURA LOCALIZADA e FLACIDEZ SIMULTANEAMENTE. Com sua tecnologia exclusiva de ULTRAFREQU\u00caNCIA, o NARNIAH possui aplicador que ao mesmo tempo permite o tratamento de Ultracavita\u00e7\u00e3o e Radiofrequ\u00eancia. Tamb\u00e9m pode optar pela aplica\u00e7\u00e3o alternada e independente de cada uma das terapias. Al\u00e9m do aplicador corporal, o NARNIAH apresenta a novidade [&hellip;]<\/p>\n","protected":false},"featured_media":110,"comment_status":"open","ping_status":"closed","template":"","meta":{"_et_pb_use_builder":"","_et_pb_old_content":"","_et_gb_content_width":""},"product_brand":[],"product_cat":[22],"product_tag":[],"class_list":{"0":"post-109","1":"product","2":"type-product","3":"status-publish","4":"has-post-thumbnail","6":"product_cat-linha-em-manutencao","8":"first","9":"instock","10":"taxable","11":"shipping-taxable","12":"purchasable","13":"product-type-simple"},"yoast_head":"<!-- This site is optimized with the Yoast SEO plugin v27.3 - https:\/\/yoast.com\/product\/yoast-seo-wordpress\/ -->\n<title>Narniah\u00ae Medical San - Aparelho De Ultrafrequ\u00eancia Para Est\u00e9tica - Laser Shop<\/title>\n<meta name=\"robots\" content=\"index, follow, max-snippet:-1, max-image-preview:large, max-video-preview:-1\" \/>\n<link rel=\"canonical\" href=\"https:\/\/www.lasershop.com.br\/?product=narniah-medical-san-aparelho-de-ultrafrequencia-para-estetica\" \/>\n<meta property=\"og:locale\" content=\"pt_BR\" \/>\n<meta property=\"og:type\" content=\"article\" \/>\n<meta property=\"og:title\" content=\"Narniah\u00ae Medical San - Aparelho De Ultrafrequ\u00eancia Para Est\u00e9tica - Laser Shop\" \/>\n<meta property=\"og:description\" content=\"Equipamento de alta performance no tratamento da GORDURA LOCALIZADA e FLACIDEZ SIMULTANEAMENTE. Com sua tecnologia exclusiva de ULTRAFREQU\u00caNCIA, o NARNIAH possui aplicador que ao mesmo tempo permite o tratamento de Ultracavita\u00e7\u00e3o e Radiofrequ\u00eancia. Tamb\u00e9m pode optar pela aplica\u00e7\u00e3o alternada e independente de cada uma das terapias. Al\u00e9m do aplicador corporal, o NARNIAH apresenta a novidade [&hellip;]\" \/>\n<meta property=\"og:url\" content=\"https:\/\/www.lasershop.com.br\/?product=narniah-medical-san-aparelho-de-ultrafrequencia-para-estetica\" \/>\n<meta property=\"og:site_name\" content=\"Laser Shop\" \/>\n<meta property=\"article:publisher\" content=\"https:\/\/facebook.com\/codaxmedica\" \/>\n<meta property=\"article:modified_time\" content=\"2026-03-25T09:45:30+00:00\" \/>\n<meta property=\"og:image\" content=\"https:\/\/lasershop.com.br\/wp-content\/uploads\/2019\/03\/4.png\" \/>\n\t<meta property=\"og:image:width\" content=\"1920\" \/>\n\t<meta property=\"og:image:height\" content=\"1200\" \/>\n\t<meta property=\"og:image:type\" content=\"image\/png\" \/>\n<meta name=\"twitter:card\" content=\"summary_large_image\" \/>\n<meta name=\"twitter:label1\" content=\"Est. tempo de leitura\" \/>\n\t<meta name=\"twitter:data1\" content=\"1 minuto\" \/>\n<script type=\"application\/ld+json\" class=\"yoast-schema-graph\">{\"@context\":\"https:\\\/\\\/schema.org\",\"@graph\":[{\"@type\":\"WebPage\",\"@id\":\"https:\\\/\\\/www.lasershop.com.br\\\/?product=narniah-medical-san-aparelho-de-ultrafrequencia-para-estetica\",\"url\":\"https:\\\/\\\/www.lasershop.com.br\\\/?product=narniah-medical-san-aparelho-de-ultrafrequencia-para-estetica\",\"name\":\"Narniah\u00ae Medical San - Aparelho De Ultrafrequ\u00eancia Para Est\u00e9tica - Laser Shop\",\"isPartOf\":{\"@id\":\"https:\\\/\\\/www.lasershop.com.br\\\/#website\"},\"primaryImageOfPage\":{\"@id\":\"https:\\\/\\\/www.lasershop.com.br\\\/?product=narniah-medical-san-aparelho-de-ultrafrequencia-para-estetica#primaryimage\"},\"image\":{\"@id\":\"https:\\\/\\\/www.lasershop.com.br\\\/?product=narniah-medical-san-aparelho-de-ultrafrequencia-para-estetica#primaryimage\"},\"thumbnailUrl\":\"https:\\\/\\\/lasershop.com.br\\\/wp-content\\\/uploads\\\/2019\\\/03\\\/4.png\",\"datePublished\":\"2019-03-20T14:53:01+00:00\",\"dateModified\":\"2026-03-25T09:45:30+00:00\",\"breadcrumb\":{\"@id\":\"https:\\\/\\\/www.lasershop.com.br\\\/?product=narniah-medical-san-aparelho-de-ultrafrequencia-para-estetica#breadcrumb\"},\"inLanguage\":\"pt-BR\",\"potentialAction\":[{\"@type\":\"ReadAction\",\"target\":[\"https:\\\/\\\/www.lasershop.com.br\\\/?product=narniah-medical-san-aparelho-de-ultrafrequencia-para-estetica\"]}]},{\"@type\":\"ImageObject\",\"inLanguage\":\"pt-BR\",\"@id\":\"https:\\\/\\\/www.lasershop.com.br\\\/?product=narniah-medical-san-aparelho-de-ultrafrequencia-para-estetica#primaryimage\",\"url\":\"https:\\\/\\\/lasershop.com.br\\\/wp-content\\\/uploads\\\/2019\\\/03\\\/4.png\",\"contentUrl\":\"https:\\\/\\\/lasershop.com.br\\\/wp-content\\\/uploads\\\/2019\\\/03\\\/4.png\",\"width\":1920,\"height\":1200},{\"@type\":\"BreadcrumbList\",\"@id\":\"https:\\\/\\\/www.lasershop.com.br\\\/?product=narniah-medical-san-aparelho-de-ultrafrequencia-para-estetica#breadcrumb\",\"itemListElement\":[{\"@type\":\"ListItem\",\"position\":1,\"name\":\"In\u00edcio\",\"item\":\"https:\\\/\\\/www.lasershop.com.br\\\/\"},{\"@type\":\"ListItem\",\"position\":2,\"name\":\"Home\",\"item\":\"https:\\\/\\\/www.lasershop.com.br\\\/?page_id=22\"},{\"@type\":\"ListItem\",\"position\":3,\"name\":\"Narniah\u00ae Medical San &#8211; Aparelho De Ultrafrequ\u00eancia Para Est\u00e9tica\"}]},{\"@type\":\"WebSite\",\"@id\":\"https:\\\/\\\/www.lasershop.com.br\\\/#website\",\"url\":\"https:\\\/\\\/www.lasershop.com.br\\\/\",\"name\":\"Laser Shop\",\"description\":\"Aparelhos Eletrom\u00e9dicos pelo melhor pre\u00e7o!\",\"publisher\":{\"@id\":\"https:\\\/\\\/www.lasershop.com.br\\\/#organization\"},\"potentialAction\":[{\"@type\":\"SearchAction\",\"target\":{\"@type\":\"EntryPoint\",\"urlTemplate\":\"https:\\\/\\\/www.lasershop.com.br\\\/?s={search_term_string}\"},\"query-input\":{\"@type\":\"PropertyValueSpecification\",\"valueRequired\":true,\"valueName\":\"search_term_string\"}}],\"inLanguage\":\"pt-BR\"},{\"@type\":\"Organization\",\"@id\":\"https:\\\/\\\/www.lasershop.com.br\\\/#organization\",\"name\":\"Laser Shop\",\"url\":\"https:\\\/\\\/www.lasershop.com.br\\\/\",\"logo\":{\"@type\":\"ImageObject\",\"inLanguage\":\"pt-BR\",\"@id\":\"https:\\\/\\\/www.lasershop.com.br\\\/#\\\/schema\\\/logo\\\/image\\\/\",\"url\":\"https:\\\/\\\/lasershop.com.br\\\/wp-content\\\/uploads\\\/2025\\\/09\\\/LOGO_LASERSHOP-.png\",\"contentUrl\":\"https:\\\/\\\/lasershop.com.br\\\/wp-content\\\/uploads\\\/2025\\\/09\\\/LOGO_LASERSHOP-.png\",\"width\":612,\"height\":408,\"caption\":\"Laser Shop\"},\"image\":{\"@id\":\"https:\\\/\\\/www.lasershop.com.br\\\/#\\\/schema\\\/logo\\\/image\\\/\"},\"sameAs\":[\"https:\\\/\\\/facebook.com\\\/codaxmedica\",\"https:\\\/\\\/instagram.com\\\/codaxmedica\"]}]}<\/script>\n<!-- \/ Yoast SEO plugin. -->","yoast_head_json":{"title":"Narniah\u00ae Medical San - Aparelho De Ultrafrequ\u00eancia Para Est\u00e9tica - Laser Shop","robots":{"index":"index","follow":"follow","max-snippet":"max-snippet:-1","max-image-preview":"max-image-preview:large","max-video-preview":"max-video-preview:-1"},"canonical":"https:\/\/www.lasershop.com.br\/?product=narniah-medical-san-aparelho-de-ultrafrequencia-para-estetica","og_locale":"pt_BR","og_type":"article","og_title":"Narniah\u00ae Medical San - Aparelho De Ultrafrequ\u00eancia Para Est\u00e9tica - Laser Shop","og_description":"Equipamento de alta performance no tratamento da GORDURA LOCALIZADA e FLACIDEZ SIMULTANEAMENTE. Com sua tecnologia exclusiva de ULTRAFREQU\u00caNCIA, o NARNIAH possui aplicador que ao mesmo tempo permite o tratamento de Ultracavita\u00e7\u00e3o e Radiofrequ\u00eancia. Tamb\u00e9m pode optar pela aplica\u00e7\u00e3o alternada e independente de cada uma das terapias. Al\u00e9m do aplicador corporal, o NARNIAH apresenta a novidade [&hellip;]","og_url":"https:\/\/www.lasershop.com.br\/?product=narniah-medical-san-aparelho-de-ultrafrequencia-para-estetica","og_site_name":"Laser Shop","article_publisher":"https:\/\/facebook.com\/codaxmedica","article_modified_time":"2026-03-25T09:45:30+00:00","og_image":[{"width":1920,"height":1200,"url":"https:\/\/lasershop.com.br\/wp-content\/uploads\/2019\/03\/4.png","type":"image\/png"}],"twitter_card":"summary_large_image","twitter_misc":{"Est. tempo de leitura":"1 minuto"},"schema":{"@context":"https:\/\/schema.org","@graph":[{"@type":"WebPage","@id":"https:\/\/www.lasershop.com.br\/?product=narniah-medical-san-aparelho-de-ultrafrequencia-para-estetica","url":"https:\/\/www.lasershop.com.br\/?product=narniah-medical-san-aparelho-de-ultrafrequencia-para-estetica","name":"Narniah\u00ae Medical San - Aparelho De Ultrafrequ\u00eancia Para Est\u00e9tica - Laser Shop","isPartOf":{"@id":"https:\/\/www.lasershop.com.br\/#website"},"primaryImageOfPage":{"@id":"https:\/\/www.lasershop.com.br\/?product=narniah-medical-san-aparelho-de-ultrafrequencia-para-estetica#primaryimage"},"image":{"@id":"https:\/\/www.lasershop.com.br\/?product=narniah-medical-san-aparelho-de-ultrafrequencia-para-estetica#primaryimage"},"thumbnailUrl":"https:\/\/lasershop.com.br\/wp-content\/uploads\/2019\/03\/4.png","datePublished":"2019-03-20T14:53:01+00:00","dateModified":"2026-03-25T09:45:30+00:00","breadcrumb":{"@id":"https:\/\/www.lasershop.com.br\/?product=narniah-medical-san-aparelho-de-ultrafrequencia-para-estetica#breadcrumb"},"inLanguage":"pt-BR","potentialAction":[{"@type":"ReadAction","target":["https:\/\/www.lasershop.com.br\/?product=narniah-medical-san-aparelho-de-ultrafrequencia-para-estetica"]}]},{"@type":"ImageObject","inLanguage":"pt-BR","@id":"https:\/\/www.lasershop.com.br\/?product=narniah-medical-san-aparelho-de-ultrafrequencia-para-estetica#primaryimage","url":"https:\/\/lasershop.com.br\/wp-content\/uploads\/2019\/03\/4.png","contentUrl":"https:\/\/lasershop.com.br\/wp-content\/uploads\/2019\/03\/4.png","width":1920,"height":1200},{"@type":"BreadcrumbList","@id":"https:\/\/www.lasershop.com.br\/?product=narniah-medical-san-aparelho-de-ultrafrequencia-para-estetica#breadcrumb","itemListElement":[{"@type":"ListItem","position":1,"name":"In\u00edcio","item":"https:\/\/www.lasershop.com.br\/"},{"@type":"ListItem","position":2,"name":"Home","item":"https:\/\/www.lasershop.com.br\/?page_id=22"},{"@type":"ListItem","position":3,"name":"Narniah\u00ae Medical San &#8211; Aparelho De Ultrafrequ\u00eancia Para Est\u00e9tica"}]},{"@type":"WebSite","@id":"https:\/\/www.lasershop.com.br\/#website","url":"https:\/\/www.lasershop.com.br\/","name":"Laser Shop","description":"Aparelhos Eletrom\u00e9dicos pelo melhor pre\u00e7o!","publisher":{"@id":"https:\/\/www.lasershop.com.br\/#organization"},"potentialAction":[{"@type":"SearchAction","target":{"@type":"EntryPoint","urlTemplate":"https:\/\/www.lasershop.com.br\/?s={search_term_string}"},"query-input":{"@type":"PropertyValueSpecification","valueRequired":true,"valueName":"search_term_string"}}],"inLanguage":"pt-BR"},{"@type":"Organization","@id":"https:\/\/www.lasershop.com.br\/#organization","name":"Laser Shop","url":"https:\/\/www.lasershop.com.br\/","logo":{"@type":"ImageObject","inLanguage":"pt-BR","@id":"https:\/\/www.lasershop.com.br\/#\/schema\/logo\/image\/","url":"https:\/\/lasershop.com.br\/wp-content\/uploads\/2025\/09\/LOGO_LASERSHOP-.png","contentUrl":"https:\/\/lasershop.com.br\/wp-content\/uploads\/2025\/09\/LOGO_LASERSHOP-.png","width":612,"height":408,"caption":"Laser Shop"},"image":{"@id":"https:\/\/www.lasershop.com.br\/#\/schema\/logo\/image\/"},"sameAs":["https:\/\/facebook.com\/codaxmedica","https:\/\/instagram.com\/codaxmedica"]}]}},"_links":{"self":[{"href":"https:\/\/www.lasershop.com.br\/index.php?rest_route=\/wp\/v2\/product\/109","targetHints":{"allow":["GET"]}}],"collection":[{"href":"https:\/\/www.lasershop.com.br\/index.php?rest_route=\/wp\/v2\/product"}],"about":[{"href":"https:\/\/www.lasershop.com.br\/index.php?rest_route=\/wp\/v2\/types\/product"}],"replies":[{"embeddable":true,"href":"https:\/\/www.lasershop.com.br\/index.php?rest_route=%2Fwp%2Fv2%2Fcomments&post=109"}],"wp:featuredmedia":[{"embeddable":true,"href":"https:\/\/www.lasershop.com.br\/index.php?rest_route=\/wp\/v2\/media\/110"}],"wp:attachment":[{"href":"https:\/\/www.lasershop.com.br\/index.php?rest_route=%2Fwp%2Fv2%2Fmedia&parent=109"}],"wp:term":[{"taxonomy":"product_brand","embeddable":true,"href":"https:\/\/www.lasershop.com.br\/index.php?rest_route=%2Fwp%2Fv2%2Fproduct_brand&post=109"},{"taxonomy":"product_cat","embeddable":true,"href":"https:\/\/www.lasershop.com.br\/index.php?rest_route=%2Fwp%2Fv2%2Fproduct_cat&post=109"},{"taxonomy":"product_tag","embeddable":true,"href":"https:\/\/www.lasershop.com.br\/index.php?rest_route=%2Fwp%2Fv2%2Fproduct_tag&post=109"}],"curies":[{"name":"wp","href":"https:\/\/api.w.org\/{rel}","templated":true}]}}