{"id":11387,"date":"2020-10-05T19:15:24","date_gmt":"2020-10-05T19:15:24","guid":{"rendered":"https:\/\/lasershop.com.br\/?post_type=product&#038;p=11387"},"modified":"2022-01-05T17:45:49","modified_gmt":"2022-01-05T17:45:49","slug":"tw-surgical-mmo-laser-cirurgico-de-alta-potencia-5w","status":"publish","type":"product","link":"https:\/\/www.lasershop.com.br\/?product=tw-surgical-mmo-laser-cirurgico-de-alta-potencia-5w","title":{"rendered":"TW Surgical MMO &#8211; Laser Cir\u00fargico de Alta Pot\u00eancia 5W"},"content":{"rendered":"<body><p>[et_pb_section fb_built=\u201d1\u2033 _builder_version=\u201d3.22\u2033 custom_padding=\u201d0px||||false|false\u201d][et_pb_row _builder_version=\u201d3.25\u2033 background_size=\u201dinitial\u201d background_position=\u201dtop_left\u201d background_repeat=\u201drepeat\u201d width=\u201d100%\u201d custom_padding=\u201d0px||0px||false|false\u201d][et_pb_column type=\u201d4_4\u2033 _builder_version=\u201d3.25\u2033 custom_padding=\u201d|||\u201d custom_padding__hover=\u201d|||\u201d][et_pb_wc_breadcrumb _builder_version=\u201d3.0.47\u2033][\/et_pb_wc_breadcrumb][et_pb_wc_cart_notice _builder_version=\u201d3.0.47\u2033][\/et_pb_wc_cart_notice][\/et_pb_column][\/et_pb_row][et_pb_row column_structure=\u201d1_2,1_2\u2033 _builder_version=\u201d3.25\u2033 background_size=\u201dinitial\u201d background_position=\u201dtop_left\u201d background_repeat=\u201drepeat\u201d width=\u201d100%\u201d custom_padding=\u201d0px||||false|false\u201d][et_pb_column type=\u201d1_2\u2033 _builder_version=\u201d3.25\u2033 custom_padding=\u201d|||\u201d custom_padding__hover=\u201d|||\u201d][et_pb_wc_images _builder_version=\u201d3.0.47\u2033][\/et_pb_wc_images][\/et_pb_column][et_pb_column type=\u201d1_2\u2033 _builder_version=\u201d3.25\u2033 custom_padding=\u201d|||\u201d custom_padding__hover=\u201d|||\u201d][et_pb_wc_title _builder_version=\u201d3.0.47\u2033][\/et_pb_wc_title][et_pb_wc_rating _builder_version=\u201d3.0.47\u2033][\/et_pb_wc_rating][et_pb_wc_price _builder_version=\u201d3.0.47\u2033][\/et_pb_wc_price][et_pb_wc_description _builder_version=\u201d3.0.47\u2033][\/et_pb_wc_description][et_pb_wc_add_to_cart _builder_version=\u201d3.0.47\u2033][\/et_pb_wc_add_to_cart][et_pb_wc_meta _builder_version=\u201d3.0.47\u2033][\/et_pb_wc_meta][\/et_pb_column][\/et_pb_row][et_pb_row _builder_version=\u201d3.25\u2033 background_size=\u201dinitial\u201d background_position=\u201dtop_left\u201d background_repeat=\u201drepeat\u201d width=\u201d100%\u201d][et_pb_column type=\u201d4_4\u2033 _builder_version=\u201d3.25\u2033 custom_padding=\u201d|||\u201d custom_padding__hover=\u201d|||\u201d][et_pb_wc_tabs _builder_version=\u201d3.0.47\u2033]\t\t\t\t\t[\/et_pb_wc_tabs][et_pb_wc_upsells _builder_version=\u201d3.0.47\u2033][\/et_pb_wc_upsells][et_pb_wc_related_products _builder_version=\u201d3.0.47\u2033][\/et_pb_wc_related_products][\/et_pb_column][\/et_pb_row][\/et_pb_section]<\/p>\n<\/body>","protected":false},"excerpt":{"rendered":"","protected":false},"featured_media":11390,"comment_status":"open","ping_status":"closed","template":"","meta":{"_et_pb_use_builder":"on","_et_pb_old_content":"O TW SURGICAL utiliza laser semicondutor de alta pot\u00eancia, cuja entrega do feixe \u00e9 realizada atrav\u00e9s de fibras \u00f3ticas com di\u00e2metro de 400 e 600 \u00b5m para o uso em procedimentos odontol\u00f3gicos cir\u00fargicos.\r\n<ul class=\"tabs-menu\">\r\n \t<li class=\"current\"><a href=\"https:\/\/www.bcmed.com.br\/tw-surgical-mmo-laser-cirurgico-de-alta-potencia-5w?gclid=EAIaIQobChMIxPGLuoKe7AIVggeRCh3dqwwdEAAYASAAEgLF7fD_BwE#tab-1\">DESCRI\u00c7\u00c3O<\/a><\/li>\r\n \t<li><a href=\"https:\/\/www.bcmed.com.br\/tw-surgical-mmo-laser-cirurgico-de-alta-potencia-5w?gclid=EAIaIQobChMIxPGLuoKe7AIVggeRCh3dqwwdEAAYASAAEgLF7fD_BwE#tab-2\">GARANTIA<\/a><\/li>\r\n<\/ul>\r\n<div class=\"tab\">\r\n<div id=\"tab-1\" class=\"tab-content\">\r\n\r\n&nbsp;\r\n<div class=\"std\">\r\n\r\n<strong>Registro pelo Minist\u00e9rio da Sa\u00fade\/ANVISA n\u00ba 80051420024<\/strong>\r\n\r\nO TW SURGICAL utiliza laser semicondutor de alta pot\u00eancia, cuja entrega do feixe \u00e9 realizada atrav\u00e9s de fibras \u00f3ticas com di\u00e2metro de 400 e 600 \u00b5m para o uso em procedimentos odontol\u00f3gicos cir\u00fargicos.\r\n\r\nO laser pode operar em modo cont\u00ednuo ou pulsado com pot\u00eancia \u00f3tica que varia de 0,5 a 5W, num comprimento de onda na faixa do infravermelho (808 nm). Promove o corte do tecido e a hemostasia simultaneamente, sem contamina\u00e7\u00e3o e sem necessidade de sutura.\r\n<div class=\"row\">\r\n<div class=\"col-lg-12\">\r\n<h2 class=\"prod-titulo fonte-odonto-escura\">Acess\u00f3rios Inclusos<\/h2>\r\n\u2022 Tela sens\u00edvel ao toque (touch screen)\r\n\r\n\u2022 Caneta e Fibra \u00f3tica de 600 \u00b5m\r\n\r\n\u2022 Pedal com trava de seguran\u00e7a\r\n\r\n\u2022 Suporte de gabinete com inclina\u00e7\u00e3o\r\n\r\n\u2022 \u00d3culos de seguran\u00e7a exclusivos(profissional e paciente)\r\n\r\n\u2022 Kit para Clivagem de fibras \u00f3ticas\r\n\r\n\u2022 Maleta para transporte\r\n\r\n<\/div>\r\n<\/div>\r\n<div class=\"row\">\r\n<div class=\"col-lg-12\">\r\n<h2 class=\"prod-titulo fonte-odonto-escura\">Caracter\u00edsticas T\u00e9cnicas<\/h2>\r\n\u2022 Alimenta\u00e7\u00e3o:\u00a0<span class=\"fonte-odonto-escura\">127 \u2013 220V (Autom\u00e1tico)<\/span>\r\n\r\n\u2022 Comprimento de Onda:<span class=\"fonte-odonto-escura\">Infravermelho (808 nm)<\/span>\r\n\r\n\u2022 Classe 4 do Laser:\u00a0<span class=\"fonte-odonto-escura\">IEC 60825-1<\/span>\r\n\r\n\u2022 Pot\u00eancia:\u00a0<span class=\"fonte-odonto-escura\">de 0,5W a 5W (+- 20%)<\/span>\r\n\r\n\u2022 Tela:\u00a0<span class=\"fonte-odonto-escura\">Touch screen de 3,5 polegadas<\/span>\r\n\r\n\u2022 Exposi\u00e7\u00e3o Cont\u00ednua, Pulso:\u00a0<span class=\"fonte-odonto-escura\">1,0 \u2013 99 ms<\/span>\r\n\r\n\u2022 Exposi\u00e7\u00e3o Pulso \u00danico:\u00a0<span class=\"fonte-odonto-escura\">10 \u2013 100 ms<\/span>\r\n\r\n\u2022 Exposi\u00e7\u00e3o Repetitiva:\u00a0<span class=\"fonte-odonto-escura\">0,1 \u2013 99 ms<\/span>\r\n\r\n<span class=\"fonte-odonto-escura\">\u2022 Medidas: 54cm x 50cm x 22cm<\/span>\r\n\r\n<span class=\"fonte-odonto-escura\">\u2022 Peso: 10kg<\/span>\r\n\r\n<\/div>\r\n<\/div>\r\n<\/div>\r\n<\/div>\r\n<\/div>","_et_gb_content_width":""},"product_brand":[],"product_cat":[25],"product_tag":[133],"class_list":{"0":"post-11387","1":"product","2":"type-product","3":"status-publish","4":"has-post-thumbnail","6":"product_cat-laser","7":"product_tag-mmo","8":"product_shipping_class-frete-gratis","10":"first","11":"instock","12":"taxable","13":"shipping-taxable","14":"purchasable","15":"product-type-simple"},"yoast_head":"<!-- This site is optimized with the Yoast SEO plugin v27.3 - https:\/\/yoast.com\/product\/yoast-seo-wordpress\/ -->\n<title>TW Surgical MMO - Laser Cir\u00fargico de Alta Pot\u00eancia 5W - Laser Shop<\/title>\n<meta name=\"robots\" content=\"index, follow, max-snippet:-1, max-image-preview:large, max-video-preview:-1\" \/>\n<link rel=\"canonical\" href=\"https:\/\/www.lasershop.com.br\/?product=tw-surgical-mmo-laser-cirurgico-de-alta-potencia-5w\" \/>\n<meta property=\"og:locale\" content=\"pt_BR\" \/>\n<meta property=\"og:type\" content=\"article\" \/>\n<meta property=\"og:title\" content=\"TW Surgical MMO - Laser Cir\u00fargico de Alta Pot\u00eancia 5W - Laser Shop\" \/>\n<meta property=\"og:url\" content=\"https:\/\/www.lasershop.com.br\/?product=tw-surgical-mmo-laser-cirurgico-de-alta-potencia-5w\" \/>\n<meta property=\"og:site_name\" content=\"Laser Shop\" \/>\n<meta property=\"article:publisher\" content=\"https:\/\/facebook.com\/codaxmedica\" \/>\n<meta property=\"article:modified_time\" content=\"2022-01-05T17:45:49+00:00\" \/>\n<meta property=\"og:image\" content=\"https:\/\/lasershop.com.br\/wp-content\/uploads\/2020\/10\/TW-Surgical-MMO-Laser-shopcodax.png\" \/>\n\t<meta property=\"og:image:width\" content=\"800\" \/>\n\t<meta property=\"og:image:height\" content=\"600\" \/>\n\t<meta property=\"og:image:type\" content=\"image\/png\" \/>\n<meta name=\"twitter:card\" content=\"summary_large_image\" \/>\n<meta name=\"twitter:label1\" content=\"Est. tempo de leitura\" \/>\n\t<meta name=\"twitter:data1\" content=\"1 minuto\" \/>\n<script type=\"application\/ld+json\" class=\"yoast-schema-graph\">{\"@context\":\"https:\\\/\\\/schema.org\",\"@graph\":[{\"@type\":\"WebPage\",\"@id\":\"https:\\\/\\\/www.lasershop.com.br\\\/?product=tw-surgical-mmo-laser-cirurgico-de-alta-potencia-5w\",\"url\":\"https:\\\/\\\/www.lasershop.com.br\\\/?product=tw-surgical-mmo-laser-cirurgico-de-alta-potencia-5w\",\"name\":\"TW Surgical MMO - Laser Cir\u00fargico de Alta Pot\u00eancia 5W - Laser Shop\",\"isPartOf\":{\"@id\":\"https:\\\/\\\/www.lasershop.com.br\\\/#website\"},\"primaryImageOfPage\":{\"@id\":\"https:\\\/\\\/www.lasershop.com.br\\\/?product=tw-surgical-mmo-laser-cirurgico-de-alta-potencia-5w#primaryimage\"},\"image\":{\"@id\":\"https:\\\/\\\/www.lasershop.com.br\\\/?product=tw-surgical-mmo-laser-cirurgico-de-alta-potencia-5w#primaryimage\"},\"thumbnailUrl\":\"https:\\\/\\\/lasershop.com.br\\\/wp-content\\\/uploads\\\/2020\\\/10\\\/TW-Surgical-MMO-Laser-shopcodax.png\",\"datePublished\":\"2020-10-05T19:15:24+00:00\",\"dateModified\":\"2022-01-05T17:45:49+00:00\",\"breadcrumb\":{\"@id\":\"https:\\\/\\\/www.lasershop.com.br\\\/?product=tw-surgical-mmo-laser-cirurgico-de-alta-potencia-5w#breadcrumb\"},\"inLanguage\":\"pt-BR\",\"potentialAction\":[{\"@type\":\"ReadAction\",\"target\":[\"https:\\\/\\\/www.lasershop.com.br\\\/?product=tw-surgical-mmo-laser-cirurgico-de-alta-potencia-5w\"]}]},{\"@type\":\"ImageObject\",\"inLanguage\":\"pt-BR\",\"@id\":\"https:\\\/\\\/www.lasershop.com.br\\\/?product=tw-surgical-mmo-laser-cirurgico-de-alta-potencia-5w#primaryimage\",\"url\":\"https:\\\/\\\/lasershop.com.br\\\/wp-content\\\/uploads\\\/2020\\\/10\\\/TW-Surgical-MMO-Laser-shopcodax.png\",\"contentUrl\":\"https:\\\/\\\/lasershop.com.br\\\/wp-content\\\/uploads\\\/2020\\\/10\\\/TW-Surgical-MMO-Laser-shopcodax.png\",\"width\":800,\"height\":600},{\"@type\":\"BreadcrumbList\",\"@id\":\"https:\\\/\\\/www.lasershop.com.br\\\/?product=tw-surgical-mmo-laser-cirurgico-de-alta-potencia-5w#breadcrumb\",\"itemListElement\":[{\"@type\":\"ListItem\",\"position\":1,\"name\":\"In\u00edcio\",\"item\":\"https:\\\/\\\/www.lasershop.com.br\\\/\"},{\"@type\":\"ListItem\",\"position\":2,\"name\":\"Home\",\"item\":\"https:\\\/\\\/www.lasershop.com.br\\\/?page_id=22\"},{\"@type\":\"ListItem\",\"position\":3,\"name\":\"TW Surgical MMO &#8211; Laser Cir\u00fargico de Alta Pot\u00eancia 5W\"}]},{\"@type\":\"WebSite\",\"@id\":\"https:\\\/\\\/www.lasershop.com.br\\\/#website\",\"url\":\"https:\\\/\\\/www.lasershop.com.br\\\/\",\"name\":\"Laser Shop\",\"description\":\"Aparelhos Eletrom\u00e9dicos pelo melhor pre\u00e7o!\",\"publisher\":{\"@id\":\"https:\\\/\\\/www.lasershop.com.br\\\/#organization\"},\"potentialAction\":[{\"@type\":\"SearchAction\",\"target\":{\"@type\":\"EntryPoint\",\"urlTemplate\":\"https:\\\/\\\/www.lasershop.com.br\\\/?s={search_term_string}\"},\"query-input\":{\"@type\":\"PropertyValueSpecification\",\"valueRequired\":true,\"valueName\":\"search_term_string\"}}],\"inLanguage\":\"pt-BR\"},{\"@type\":\"Organization\",\"@id\":\"https:\\\/\\\/www.lasershop.com.br\\\/#organization\",\"name\":\"Laser Shop\",\"url\":\"https:\\\/\\\/www.lasershop.com.br\\\/\",\"logo\":{\"@type\":\"ImageObject\",\"inLanguage\":\"pt-BR\",\"@id\":\"https:\\\/\\\/www.lasershop.com.br\\\/#\\\/schema\\\/logo\\\/image\\\/\",\"url\":\"https:\\\/\\\/lasershop.com.br\\\/wp-content\\\/uploads\\\/2025\\\/09\\\/LOGO_LASERSHOP-.png\",\"contentUrl\":\"https:\\\/\\\/lasershop.com.br\\\/wp-content\\\/uploads\\\/2025\\\/09\\\/LOGO_LASERSHOP-.png\",\"width\":612,\"height\":408,\"caption\":\"Laser Shop\"},\"image\":{\"@id\":\"https:\\\/\\\/www.lasershop.com.br\\\/#\\\/schema\\\/logo\\\/image\\\/\"},\"sameAs\":[\"https:\\\/\\\/facebook.com\\\/codaxmedica\",\"https:\\\/\\\/instagram.com\\\/codaxmedica\"]}]}<\/script>\n<!-- \/ Yoast SEO plugin. -->","yoast_head_json":{"title":"TW Surgical MMO - Laser Cir\u00fargico de Alta Pot\u00eancia 5W - Laser Shop","robots":{"index":"index","follow":"follow","max-snippet":"max-snippet:-1","max-image-preview":"max-image-preview:large","max-video-preview":"max-video-preview:-1"},"canonical":"https:\/\/www.lasershop.com.br\/?product=tw-surgical-mmo-laser-cirurgico-de-alta-potencia-5w","og_locale":"pt_BR","og_type":"article","og_title":"TW Surgical MMO - Laser Cir\u00fargico de Alta Pot\u00eancia 5W - Laser Shop","og_url":"https:\/\/www.lasershop.com.br\/?product=tw-surgical-mmo-laser-cirurgico-de-alta-potencia-5w","og_site_name":"Laser Shop","article_publisher":"https:\/\/facebook.com\/codaxmedica","article_modified_time":"2022-01-05T17:45:49+00:00","og_image":[{"width":800,"height":600,"url":"https:\/\/lasershop.com.br\/wp-content\/uploads\/2020\/10\/TW-Surgical-MMO-Laser-shopcodax.png","type":"image\/png"}],"twitter_card":"summary_large_image","twitter_misc":{"Est. tempo de leitura":"1 minuto"},"schema":{"@context":"https:\/\/schema.org","@graph":[{"@type":"WebPage","@id":"https:\/\/www.lasershop.com.br\/?product=tw-surgical-mmo-laser-cirurgico-de-alta-potencia-5w","url":"https:\/\/www.lasershop.com.br\/?product=tw-surgical-mmo-laser-cirurgico-de-alta-potencia-5w","name":"TW Surgical MMO - Laser Cir\u00fargico de Alta Pot\u00eancia 5W - Laser Shop","isPartOf":{"@id":"https:\/\/www.lasershop.com.br\/#website"},"primaryImageOfPage":{"@id":"https:\/\/www.lasershop.com.br\/?product=tw-surgical-mmo-laser-cirurgico-de-alta-potencia-5w#primaryimage"},"image":{"@id":"https:\/\/www.lasershop.com.br\/?product=tw-surgical-mmo-laser-cirurgico-de-alta-potencia-5w#primaryimage"},"thumbnailUrl":"https:\/\/lasershop.com.br\/wp-content\/uploads\/2020\/10\/TW-Surgical-MMO-Laser-shopcodax.png","datePublished":"2020-10-05T19:15:24+00:00","dateModified":"2022-01-05T17:45:49+00:00","breadcrumb":{"@id":"https:\/\/www.lasershop.com.br\/?product=tw-surgical-mmo-laser-cirurgico-de-alta-potencia-5w#breadcrumb"},"inLanguage":"pt-BR","potentialAction":[{"@type":"ReadAction","target":["https:\/\/www.lasershop.com.br\/?product=tw-surgical-mmo-laser-cirurgico-de-alta-potencia-5w"]}]},{"@type":"ImageObject","inLanguage":"pt-BR","@id":"https:\/\/www.lasershop.com.br\/?product=tw-surgical-mmo-laser-cirurgico-de-alta-potencia-5w#primaryimage","url":"https:\/\/lasershop.com.br\/wp-content\/uploads\/2020\/10\/TW-Surgical-MMO-Laser-shopcodax.png","contentUrl":"https:\/\/lasershop.com.br\/wp-content\/uploads\/2020\/10\/TW-Surgical-MMO-Laser-shopcodax.png","width":800,"height":600},{"@type":"BreadcrumbList","@id":"https:\/\/www.lasershop.com.br\/?product=tw-surgical-mmo-laser-cirurgico-de-alta-potencia-5w#breadcrumb","itemListElement":[{"@type":"ListItem","position":1,"name":"In\u00edcio","item":"https:\/\/www.lasershop.com.br\/"},{"@type":"ListItem","position":2,"name":"Home","item":"https:\/\/www.lasershop.com.br\/?page_id=22"},{"@type":"ListItem","position":3,"name":"TW Surgical MMO &#8211; Laser Cir\u00fargico de Alta Pot\u00eancia 5W"}]},{"@type":"WebSite","@id":"https:\/\/www.lasershop.com.br\/#website","url":"https:\/\/www.lasershop.com.br\/","name":"Laser Shop","description":"Aparelhos Eletrom\u00e9dicos pelo melhor pre\u00e7o!","publisher":{"@id":"https:\/\/www.lasershop.com.br\/#organization"},"potentialAction":[{"@type":"SearchAction","target":{"@type":"EntryPoint","urlTemplate":"https:\/\/www.lasershop.com.br\/?s={search_term_string}"},"query-input":{"@type":"PropertyValueSpecification","valueRequired":true,"valueName":"search_term_string"}}],"inLanguage":"pt-BR"},{"@type":"Organization","@id":"https:\/\/www.lasershop.com.br\/#organization","name":"Laser Shop","url":"https:\/\/www.lasershop.com.br\/","logo":{"@type":"ImageObject","inLanguage":"pt-BR","@id":"https:\/\/www.lasershop.com.br\/#\/schema\/logo\/image\/","url":"https:\/\/lasershop.com.br\/wp-content\/uploads\/2025\/09\/LOGO_LASERSHOP-.png","contentUrl":"https:\/\/lasershop.com.br\/wp-content\/uploads\/2025\/09\/LOGO_LASERSHOP-.png","width":612,"height":408,"caption":"Laser Shop"},"image":{"@id":"https:\/\/www.lasershop.com.br\/#\/schema\/logo\/image\/"},"sameAs":["https:\/\/facebook.com\/codaxmedica","https:\/\/instagram.com\/codaxmedica"]}]}},"_links":{"self":[{"href":"https:\/\/www.lasershop.com.br\/index.php?rest_route=\/wp\/v2\/product\/11387","targetHints":{"allow":["GET"]}}],"collection":[{"href":"https:\/\/www.lasershop.com.br\/index.php?rest_route=\/wp\/v2\/product"}],"about":[{"href":"https:\/\/www.lasershop.com.br\/index.php?rest_route=\/wp\/v2\/types\/product"}],"replies":[{"embeddable":true,"href":"https:\/\/www.lasershop.com.br\/index.php?rest_route=%2Fwp%2Fv2%2Fcomments&post=11387"}],"wp:featuredmedia":[{"embeddable":true,"href":"https:\/\/www.lasershop.com.br\/index.php?rest_route=\/wp\/v2\/media\/11390"}],"wp:attachment":[{"href":"https:\/\/www.lasershop.com.br\/index.php?rest_route=%2Fwp%2Fv2%2Fmedia&parent=11387"}],"wp:term":[{"taxonomy":"product_brand","embeddable":true,"href":"https:\/\/www.lasershop.com.br\/index.php?rest_route=%2Fwp%2Fv2%2Fproduct_brand&post=11387"},{"taxonomy":"product_cat","embeddable":true,"href":"https:\/\/www.lasershop.com.br\/index.php?rest_route=%2Fwp%2Fv2%2Fproduct_cat&post=11387"},{"taxonomy":"product_tag","embeddable":true,"href":"https:\/\/www.lasershop.com.br\/index.php?rest_route=%2Fwp%2Fv2%2Fproduct_tag&post=11387"}],"curies":[{"name":"wp","href":"https:\/\/api.w.org\/{rel}","templated":true}]}}