{"id":114,"date":"2019-03-20T16:34:42","date_gmt":"2019-03-20T16:34:42","guid":{"rendered":"https:\/\/lasershop.com.br\/?post_type=product&#038;p=114"},"modified":"2019-04-10T16:30:56","modified_gmt":"2019-04-10T16:30:56","slug":"lipocavity-medical-san","status":"publish","type":"product","link":"https:\/\/www.lasershop.com.br\/?product=lipocavity-medical-san","title":{"rendered":"Lipocavity Medical San &#8211; Aparelho De Lipocavita\u00e7\u00e3o Sem Cortes"},"content":{"rendered":"<body><p>O Lipocavity \u00e9 um equipamento de Ultracavita\u00e7\u00e3o ou Lipocavita\u00e7\u00e3o sem cortes, \u00e9 microcontrolado, utilizado nas terapias por ultrassom de m\u00e9dia frequ\u00eancia 650kHz e n\u00e3o gera o \u201czumbido\u201d no ouvido do paciente para proporcionar maior conforto. \u00c9 muito eficaz em seus resultados por conta de sua pot\u00eancia, frequ\u00eancia e possui o maior aplicador do mercado, contando com um cristal interno c\u00f4ncavo que permite a concentra\u00e7\u00e3o de energia ultrass\u00f4nica em uma zona maior. Ideal para realizar o trabalho em gorduras maiores de 4,5cm. O aparelho produz energia ultrass\u00f4nica de alta intensidade para tratamentos de celulite, gordura localizada e remodelagem corporal n\u00e3o-invasiva. O Lipocavity \u00e9 um aparelho eficiente, seguro, preciso e f\u00e1cil de operar.<\/p>\n<p><strong>Aplicador Poderoso<\/strong><\/p>\n<p>O aplicador do Lipocavity tem um formato anat\u00f4mico e ergon\u00f4mico para uma melhor utiliza\u00e7\u00e3o. Com uma pot\u00eancia de 70W, garante mais resultados em menos sess\u00f5es. Podendo ser aplicado em v\u00e1rias \u00e1reas corporais, at\u00e9 mesmo em locais menores de dif\u00edcil acoplamento. Com Maior ERA de 28,4 cm\u00b2 do mercado permitindo que o profissional trate uma \u00e1rea maior com mais efic\u00e1cia.<\/p>\n<p><strong>Diferenciais<\/strong><\/p>\n<ul>\n<li>Maior aplicador com 28,4 cm\u00b2 permitindo a concentra\u00e7\u00e3o de energia em um local maior<\/li>\n<li>Aplicador com um \u00fanico cristal<\/li>\n<li>O Lipocavity utiliza t\u00e9cnicas n\u00e3o invasivas<\/li>\n<li>\u00c9 um equipamento compacto e pr\u00e1tico utilizado nas terapias por ultrassom na frequ\u00eancia de 650KHz e pot\u00eancia de 70W<\/li>\n<li>Possui recursos de \u00faltima gera\u00e7\u00e3o para tratamentos de grandes resultados.<\/li>\n<\/ul>\n<p><strong>Indica\u00e7\u00f5es<\/strong><\/p>\n<ul>\n<li>Remodelagem corporal<\/li>\n<li>Gordura localizada<\/li>\n<li>Celulite<\/li>\n<li>Pr\u00e9-operat\u00f3rio<\/li>\n<li>Redu\u00e7\u00e3o de medidas<\/li>\n<li>Hiperlipodistrofia<\/li>\n<\/ul>\n<p><strong>Contraindica\u00e7\u00f5es<\/strong><\/p>\n<ul>\n<li>Arteriosclerose<\/li>\n<li>Doen\u00e7as hep\u00e1ticas ativas e antecedentes<\/li>\n<li>Patologias vasculares (tromboflebites, varizes de grande dimens\u00e3o)<\/li>\n<li>Insufici\u00eancia renal<\/li>\n<li>Implantes met\u00e1licos no local da aplica\u00e7\u00e3o<\/li>\n<li>Gravidez<\/li>\n<li>Neoplasias<\/li>\n<li>\u00c1reas inflamadas<\/li>\n<li>Elevados valores de triglic\u00e9rides<\/li>\n<li>Infe\u00e7\u00f5es ativas<\/li>\n<li>Terapia anticoagulante<\/li>\n<li>Proximidade \u00f3ssea<\/li>\n<li>Osteoporose<\/li>\n<li>Diabetes descontrolada<\/li>\n<li>Psor\u00edase<\/li>\n<li>L\u00fapus<\/li>\n<\/ul>\n<p><span style=\"font-size: 12pt;\"><strong>Incluso<\/strong><\/span><\/p>\n<ul>\n<li>Equipamento<\/li>\n<li><span style=\"font-size: 12pt;\">Aplicador \u00a0<\/span><\/li>\n<li data-block=\"true\" data-editor=\"cv7oq\" data-offset-key=\"cct7k-0-0\">\n<div class=\"_1mf _1mj\" data-offset-key=\"cct7k-0-0\"><span data-offset-key=\"cct7k-0-0\">Manual<\/span><\/div>\n<\/li>\n<li data-block=\"true\" data-editor=\"cv7oq\" data-offset-key=\"7j4c1-0-0\">\n<div class=\"_1mf _1mj\" data-offset-key=\"7j4c1-0-0\"><span data-offset-key=\"7j4c1-0-0\">Suporte para Aplicador<\/span><\/div>\n<\/li>\n<li data-block=\"true\" data-editor=\"cv7oq\" data-offset-key=\"9mq5r-0-0\">\n<div class=\"_1mf _1mj\" data-offset-key=\"9mq5r-0-0\"><span data-offset-key=\"9mq5r-0-0\">Gel Incolor 100g<\/span><\/div>\n<\/li>\n<li data-block=\"true\" data-editor=\"cv7oq\" data-offset-key=\"5m1qi-0-0\">\n<div class=\"_1mf _1mj\" data-offset-key=\"5m1qi-0-0\"><span data-offset-key=\"5m1qi-0-0\">Cabo de Alimenta\u00e7\u00e3o<\/span><\/div>\n<\/li>\n<li data-block=\"true\" data-editor=\"cv7oq\" data-offset-key=\"5m1qi-0-0\">\n<div class=\"_1mf _1mj\" data-offset-key=\"5m1qi-0-0\"><span data-offset-key=\"5m1qi-0-0\"><\/span><\/div>\n<div class=\"_1mf _1mj\" data-offset-key=\"5m1qi-0-0\">\u00a0Banner<\/div>\n<\/li>\n<\/ul>\n<div class=\"_1mf _1mj\" data-offset-key=\"5m1qi-0-0\"><strong>Importante<\/strong><\/div>\n<div class=\"_1mf _1mj\" data-offset-key=\"5m1qi-0-0\"><\/div>\n<h2><\/h2>\n<p>Produto n\u00e3o acompanha Rack.<\/p>\n<p>\u00a0<\/p>\n<\/body>","protected":false},"excerpt":{"rendered":"<p>O Lipocavity \u00e9 um equipamento de Ultracavita\u00e7\u00e3o ou Lipocavita\u00e7\u00e3o sem cortes, \u00e9 microcontrolado, utilizado nas terapias por ultrassom de m\u00e9dia frequ\u00eancia 650kHz e n\u00e3o gera o \u201czumbido\u201d no ouvido do paciente para proporcionar maior conforto. \u00c9 muito eficaz em seus resultados por conta de sua pot\u00eancia, frequ\u00eancia e possui o maior aplicador do mercado, contando [&hellip;]<\/p>\n","protected":false},"featured_media":115,"comment_status":"open","ping_status":"closed","template":"","meta":{"_et_pb_use_builder":"","_et_pb_old_content":"","_et_gb_content_width":""},"product_brand":[],"product_cat":[22],"product_tag":[],"class_list":{"0":"post-114","1":"product","2":"type-product","3":"status-publish","4":"has-post-thumbnail","6":"product_cat-linha-em-manutencao","8":"first","9":"instock","10":"taxable","11":"shipping-taxable","12":"purchasable","13":"product-type-simple"},"yoast_head":"<!-- This site is optimized with the Yoast SEO plugin v27.3 - https:\/\/yoast.com\/product\/yoast-seo-wordpress\/ -->\n<title>Lipocavity Medical San - Aparelho De Lipocavita\u00e7\u00e3o Sem Cortes - Laser Shop<\/title>\n<meta name=\"robots\" content=\"index, follow, max-snippet:-1, max-image-preview:large, max-video-preview:-1\" \/>\n<link rel=\"canonical\" href=\"https:\/\/www.lasershop.com.br\/?product=lipocavity-medical-san\" \/>\n<meta property=\"og:locale\" content=\"pt_BR\" \/>\n<meta property=\"og:type\" content=\"article\" \/>\n<meta property=\"og:title\" content=\"Lipocavity Medical San - Aparelho De Lipocavita\u00e7\u00e3o Sem Cortes - Laser Shop\" \/>\n<meta property=\"og:description\" content=\"O Lipocavity \u00e9 um equipamento de Ultracavita\u00e7\u00e3o ou Lipocavita\u00e7\u00e3o sem cortes, \u00e9 microcontrolado, utilizado nas terapias por ultrassom de m\u00e9dia frequ\u00eancia 650kHz e n\u00e3o gera o \u201czumbido\u201d no ouvido do paciente para proporcionar maior conforto. \u00c9 muito eficaz em seus resultados por conta de sua pot\u00eancia, frequ\u00eancia e possui o maior aplicador do mercado, contando [&hellip;]\" \/>\n<meta property=\"og:url\" content=\"https:\/\/www.lasershop.com.br\/?product=lipocavity-medical-san\" \/>\n<meta property=\"og:site_name\" content=\"Laser Shop\" \/>\n<meta property=\"article:publisher\" content=\"https:\/\/facebook.com\/codaxmedica\" \/>\n<meta property=\"article:modified_time\" content=\"2019-04-10T16:30:56+00:00\" \/>\n<meta property=\"og:image\" content=\"https:\/\/lasershop.com.br\/wp-content\/uploads\/2019\/03\/lipocavitysite.png\" \/>\n\t<meta property=\"og:image:width\" content=\"1160\" \/>\n\t<meta property=\"og:image:height\" content=\"600\" \/>\n\t<meta property=\"og:image:type\" content=\"image\/png\" \/>\n<meta name=\"twitter:card\" content=\"summary_large_image\" \/>\n<meta name=\"twitter:label1\" content=\"Est. tempo de leitura\" \/>\n\t<meta name=\"twitter:data1\" content=\"2 minutos\" \/>\n<script type=\"application\/ld+json\" class=\"yoast-schema-graph\">{\"@context\":\"https:\\\/\\\/schema.org\",\"@graph\":[{\"@type\":\"WebPage\",\"@id\":\"https:\\\/\\\/www.lasershop.com.br\\\/?product=lipocavity-medical-san\",\"url\":\"https:\\\/\\\/www.lasershop.com.br\\\/?product=lipocavity-medical-san\",\"name\":\"Lipocavity Medical San - Aparelho De Lipocavita\u00e7\u00e3o Sem Cortes - Laser Shop\",\"isPartOf\":{\"@id\":\"https:\\\/\\\/www.lasershop.com.br\\\/#website\"},\"primaryImageOfPage\":{\"@id\":\"https:\\\/\\\/www.lasershop.com.br\\\/?product=lipocavity-medical-san#primaryimage\"},\"image\":{\"@id\":\"https:\\\/\\\/www.lasershop.com.br\\\/?product=lipocavity-medical-san#primaryimage\"},\"thumbnailUrl\":\"https:\\\/\\\/lasershop.com.br\\\/wp-content\\\/uploads\\\/2019\\\/03\\\/lipocavitysite.png\",\"datePublished\":\"2019-03-20T16:34:42+00:00\",\"dateModified\":\"2019-04-10T16:30:56+00:00\",\"breadcrumb\":{\"@id\":\"https:\\\/\\\/www.lasershop.com.br\\\/?product=lipocavity-medical-san#breadcrumb\"},\"inLanguage\":\"pt-BR\",\"potentialAction\":[{\"@type\":\"ReadAction\",\"target\":[\"https:\\\/\\\/www.lasershop.com.br\\\/?product=lipocavity-medical-san\"]}]},{\"@type\":\"ImageObject\",\"inLanguage\":\"pt-BR\",\"@id\":\"https:\\\/\\\/www.lasershop.com.br\\\/?product=lipocavity-medical-san#primaryimage\",\"url\":\"https:\\\/\\\/lasershop.com.br\\\/wp-content\\\/uploads\\\/2019\\\/03\\\/lipocavitysite.png\",\"contentUrl\":\"https:\\\/\\\/lasershop.com.br\\\/wp-content\\\/uploads\\\/2019\\\/03\\\/lipocavitysite.png\",\"width\":1160,\"height\":600},{\"@type\":\"BreadcrumbList\",\"@id\":\"https:\\\/\\\/www.lasershop.com.br\\\/?product=lipocavity-medical-san#breadcrumb\",\"itemListElement\":[{\"@type\":\"ListItem\",\"position\":1,\"name\":\"In\u00edcio\",\"item\":\"https:\\\/\\\/www.lasershop.com.br\\\/\"},{\"@type\":\"ListItem\",\"position\":2,\"name\":\"Home\",\"item\":\"https:\\\/\\\/www.lasershop.com.br\\\/?page_id=22\"},{\"@type\":\"ListItem\",\"position\":3,\"name\":\"Lipocavity Medical San &#8211; Aparelho De Lipocavita\u00e7\u00e3o Sem Cortes\"}]},{\"@type\":\"WebSite\",\"@id\":\"https:\\\/\\\/www.lasershop.com.br\\\/#website\",\"url\":\"https:\\\/\\\/www.lasershop.com.br\\\/\",\"name\":\"Laser Shop\",\"description\":\"Aparelhos Eletrom\u00e9dicos pelo melhor pre\u00e7o!\",\"publisher\":{\"@id\":\"https:\\\/\\\/www.lasershop.com.br\\\/#organization\"},\"potentialAction\":[{\"@type\":\"SearchAction\",\"target\":{\"@type\":\"EntryPoint\",\"urlTemplate\":\"https:\\\/\\\/www.lasershop.com.br\\\/?s={search_term_string}\"},\"query-input\":{\"@type\":\"PropertyValueSpecification\",\"valueRequired\":true,\"valueName\":\"search_term_string\"}}],\"inLanguage\":\"pt-BR\"},{\"@type\":\"Organization\",\"@id\":\"https:\\\/\\\/www.lasershop.com.br\\\/#organization\",\"name\":\"Laser Shop\",\"url\":\"https:\\\/\\\/www.lasershop.com.br\\\/\",\"logo\":{\"@type\":\"ImageObject\",\"inLanguage\":\"pt-BR\",\"@id\":\"https:\\\/\\\/www.lasershop.com.br\\\/#\\\/schema\\\/logo\\\/image\\\/\",\"url\":\"https:\\\/\\\/lasershop.com.br\\\/wp-content\\\/uploads\\\/2025\\\/09\\\/LOGO_LASERSHOP-.png\",\"contentUrl\":\"https:\\\/\\\/lasershop.com.br\\\/wp-content\\\/uploads\\\/2025\\\/09\\\/LOGO_LASERSHOP-.png\",\"width\":612,\"height\":408,\"caption\":\"Laser Shop\"},\"image\":{\"@id\":\"https:\\\/\\\/www.lasershop.com.br\\\/#\\\/schema\\\/logo\\\/image\\\/\"},\"sameAs\":[\"https:\\\/\\\/facebook.com\\\/codaxmedica\",\"https:\\\/\\\/instagram.com\\\/codaxmedica\"]}]}<\/script>\n<!-- \/ Yoast SEO plugin. -->","yoast_head_json":{"title":"Lipocavity Medical San - Aparelho De Lipocavita\u00e7\u00e3o Sem Cortes - Laser Shop","robots":{"index":"index","follow":"follow","max-snippet":"max-snippet:-1","max-image-preview":"max-image-preview:large","max-video-preview":"max-video-preview:-1"},"canonical":"https:\/\/www.lasershop.com.br\/?product=lipocavity-medical-san","og_locale":"pt_BR","og_type":"article","og_title":"Lipocavity Medical San - Aparelho De Lipocavita\u00e7\u00e3o Sem Cortes - Laser Shop","og_description":"O Lipocavity \u00e9 um equipamento de Ultracavita\u00e7\u00e3o ou Lipocavita\u00e7\u00e3o sem cortes, \u00e9 microcontrolado, utilizado nas terapias por ultrassom de m\u00e9dia frequ\u00eancia 650kHz e n\u00e3o gera o \u201czumbido\u201d no ouvido do paciente para proporcionar maior conforto. \u00c9 muito eficaz em seus resultados por conta de sua pot\u00eancia, frequ\u00eancia e possui o maior aplicador do mercado, contando [&hellip;]","og_url":"https:\/\/www.lasershop.com.br\/?product=lipocavity-medical-san","og_site_name":"Laser Shop","article_publisher":"https:\/\/facebook.com\/codaxmedica","article_modified_time":"2019-04-10T16:30:56+00:00","og_image":[{"width":1160,"height":600,"url":"https:\/\/lasershop.com.br\/wp-content\/uploads\/2019\/03\/lipocavitysite.png","type":"image\/png"}],"twitter_card":"summary_large_image","twitter_misc":{"Est. tempo de leitura":"2 minutos"},"schema":{"@context":"https:\/\/schema.org","@graph":[{"@type":"WebPage","@id":"https:\/\/www.lasershop.com.br\/?product=lipocavity-medical-san","url":"https:\/\/www.lasershop.com.br\/?product=lipocavity-medical-san","name":"Lipocavity Medical San - Aparelho De Lipocavita\u00e7\u00e3o Sem Cortes - Laser Shop","isPartOf":{"@id":"https:\/\/www.lasershop.com.br\/#website"},"primaryImageOfPage":{"@id":"https:\/\/www.lasershop.com.br\/?product=lipocavity-medical-san#primaryimage"},"image":{"@id":"https:\/\/www.lasershop.com.br\/?product=lipocavity-medical-san#primaryimage"},"thumbnailUrl":"https:\/\/lasershop.com.br\/wp-content\/uploads\/2019\/03\/lipocavitysite.png","datePublished":"2019-03-20T16:34:42+00:00","dateModified":"2019-04-10T16:30:56+00:00","breadcrumb":{"@id":"https:\/\/www.lasershop.com.br\/?product=lipocavity-medical-san#breadcrumb"},"inLanguage":"pt-BR","potentialAction":[{"@type":"ReadAction","target":["https:\/\/www.lasershop.com.br\/?product=lipocavity-medical-san"]}]},{"@type":"ImageObject","inLanguage":"pt-BR","@id":"https:\/\/www.lasershop.com.br\/?product=lipocavity-medical-san#primaryimage","url":"https:\/\/lasershop.com.br\/wp-content\/uploads\/2019\/03\/lipocavitysite.png","contentUrl":"https:\/\/lasershop.com.br\/wp-content\/uploads\/2019\/03\/lipocavitysite.png","width":1160,"height":600},{"@type":"BreadcrumbList","@id":"https:\/\/www.lasershop.com.br\/?product=lipocavity-medical-san#breadcrumb","itemListElement":[{"@type":"ListItem","position":1,"name":"In\u00edcio","item":"https:\/\/www.lasershop.com.br\/"},{"@type":"ListItem","position":2,"name":"Home","item":"https:\/\/www.lasershop.com.br\/?page_id=22"},{"@type":"ListItem","position":3,"name":"Lipocavity Medical San &#8211; Aparelho De Lipocavita\u00e7\u00e3o Sem Cortes"}]},{"@type":"WebSite","@id":"https:\/\/www.lasershop.com.br\/#website","url":"https:\/\/www.lasershop.com.br\/","name":"Laser Shop","description":"Aparelhos Eletrom\u00e9dicos pelo melhor pre\u00e7o!","publisher":{"@id":"https:\/\/www.lasershop.com.br\/#organization"},"potentialAction":[{"@type":"SearchAction","target":{"@type":"EntryPoint","urlTemplate":"https:\/\/www.lasershop.com.br\/?s={search_term_string}"},"query-input":{"@type":"PropertyValueSpecification","valueRequired":true,"valueName":"search_term_string"}}],"inLanguage":"pt-BR"},{"@type":"Organization","@id":"https:\/\/www.lasershop.com.br\/#organization","name":"Laser Shop","url":"https:\/\/www.lasershop.com.br\/","logo":{"@type":"ImageObject","inLanguage":"pt-BR","@id":"https:\/\/www.lasershop.com.br\/#\/schema\/logo\/image\/","url":"https:\/\/lasershop.com.br\/wp-content\/uploads\/2025\/09\/LOGO_LASERSHOP-.png","contentUrl":"https:\/\/lasershop.com.br\/wp-content\/uploads\/2025\/09\/LOGO_LASERSHOP-.png","width":612,"height":408,"caption":"Laser Shop"},"image":{"@id":"https:\/\/www.lasershop.com.br\/#\/schema\/logo\/image\/"},"sameAs":["https:\/\/facebook.com\/codaxmedica","https:\/\/instagram.com\/codaxmedica"]}]}},"_links":{"self":[{"href":"https:\/\/www.lasershop.com.br\/index.php?rest_route=\/wp\/v2\/product\/114","targetHints":{"allow":["GET"]}}],"collection":[{"href":"https:\/\/www.lasershop.com.br\/index.php?rest_route=\/wp\/v2\/product"}],"about":[{"href":"https:\/\/www.lasershop.com.br\/index.php?rest_route=\/wp\/v2\/types\/product"}],"replies":[{"embeddable":true,"href":"https:\/\/www.lasershop.com.br\/index.php?rest_route=%2Fwp%2Fv2%2Fcomments&post=114"}],"wp:featuredmedia":[{"embeddable":true,"href":"https:\/\/www.lasershop.com.br\/index.php?rest_route=\/wp\/v2\/media\/115"}],"wp:attachment":[{"href":"https:\/\/www.lasershop.com.br\/index.php?rest_route=%2Fwp%2Fv2%2Fmedia&parent=114"}],"wp:term":[{"taxonomy":"product_brand","embeddable":true,"href":"https:\/\/www.lasershop.com.br\/index.php?rest_route=%2Fwp%2Fv2%2Fproduct_brand&post=114"},{"taxonomy":"product_cat","embeddable":true,"href":"https:\/\/www.lasershop.com.br\/index.php?rest_route=%2Fwp%2Fv2%2Fproduct_cat&post=114"},{"taxonomy":"product_tag","embeddable":true,"href":"https:\/\/www.lasershop.com.br\/index.php?rest_route=%2Fwp%2Fv2%2Fproduct_tag&post=114"}],"curies":[{"name":"wp","href":"https:\/\/api.w.org\/{rel}","templated":true}]}}