{"id":11401,"date":"2020-10-13T19:28:49","date_gmt":"2020-10-13T19:28:49","guid":{"rendered":"https:\/\/lasershop.com.br\/?post_type=product&#038;p=11401"},"modified":"2020-10-13T19:46:01","modified_gmt":"2020-10-13T19:46:01","slug":"cardiofit-eletrocardiograma","status":"publish","type":"product","link":"https:\/\/www.lasershop.com.br\/?product=cardiofit-eletrocardiograma","title":{"rendered":"CARDIOFIT &#8211; ELETROCARDIOGRAMA"},"content":{"rendered":"<body><p>O Cardiofit \u00e9 o \u00fanico equipamento de ECG com laudo no mercado que, no mesmo equipamento, realiza exames ECG em repouso e esfor\u00e7o (teste ergom\u00e9trico).<\/p>\n<p>Tamanho (AxLxP): equipto. 4x17x8cm \/ caixa 10x32x24cm<br>\nPeso: equipto. 200 gramas \/ caixa 1.300 gramas<br>\nAnvisa: sim, n\u00ba 80743069001<br>\nInmetro: sim<br>\nCanais: 11<br>\nDeriva\u00e7\u00f5es: 13<br>\nECG Repouso: sim<br>\nECG Esfor\u00e7o: sim, quando habilitado<br>\nAmplificador: flutuante<br>\nClasse de risco: classe II<br>\nParte aplicada \u00e0 prova de desfibrila\u00e7\u00e3o de tipo CF<br>\nIPX1: prote\u00e7\u00e3o contra penetra\u00e7\u00e3o nociva de \u00e1gua<br>\nPot\u00eancia m\u00e1xima de entrada: 2,5W<br>\nGarantia: 1 ano (equipamento)<\/p>\n<p>Realize exames, em qualquer local, atrav\u00e9s do sistema mais pr\u00e1tico e preciso.<\/p>\n<p>\u2022 CADASTRO DE OPERADORES<br>\n\u2022 CADASTRO DOS PACIENTES<br>\n\u2022 CAD. DE PROTOCOLOS (TE)<br>\n\u2022 REGISTRO DE MEDICAMENTOS<br>\n\u2022 AJUSTE DE FC M\u00c1X\/SUBM\u00c1X \u2013 BETABLOQUEADORES<br>\n\u2022 REGISTRO DE DADOS CL\u00cdNICOS (ANAMNESE)<br>\n\u2022 AJUSTE DE GANHO E VELOCIDADE DO TRA\u00c7ADO<br>\n\u2022 FILTRO DE TREMOR MUSCULAR<br>\n\u2022 CONGELAM. E REPETI\u00c7\u00c3O DE SINAIS<br>\n\u2022 LAUDOS PERSONALIZADOS<br>\n\u2022 RELAT\u00d3RIOS DE USO<\/p>\n<p>CARDIOFIT LAUDO<\/p>\n<p>Sua equipe m\u00e9dica emite laudos ECG em poucos cliques ou envia a nossa Central de Laudos.<\/p>\n<p>\u2022 EXAMES EM QUALQUER LOCAL<br>\n\u2022 LAUDOS PELA INTERNET<br>\n\u2022 MACROS\/LAUDOS PADR\u00d5ES<br>\n\u2022 R\u00c9GUAS DE C\u00c1LCULO: INT. RR, PR, QRS E QT, SEGM. ST, \u00c2NGULOS P, QRS E T<br>\n\u2022 INDICADOR GR\u00c1FICO CARDIOVASCULAR<br>\n\u2022 M\u00c9DICOS PARA SUPERVIS\u00c3O DOS LAUDOS<br>\n\u2022 CENTRAL M\u00c9DICA VENTRIX:<br>\n\u2192 LAUDO ECG REPOUSO (30min);<br>\n\u2192 LAUDO ECG ESFOR\u00c7O (24h);<br>\n\u2022 SEGUNDA OPINI\u00c3O M\u00c9DICA<br>\n\u2022 RELAT\u00d3RIOS DE USO<\/p>\n<p>CARDIOFIT CONSULTA<\/p>\n<p>Consulte todos os laudos ECG emitidos, em qualquer lugar e atrav\u00e9s de qualquer PC.<\/p>\n<p>\u2022 CONSULTA DE LAUDOS<br>\n\u2022 DOWNLOAD (PDF)<br>\n\u2022 IMPRESS\u00c3O CONVENCIONAL<br>\n\u2022 ENVIO AO PACIENTE (E-MAIL)<br>\n\u2022 AUTOMA\u00c7\u00c3O DO ENVIO<\/p>\n<p>Para todos os softwares:<br>\n\u2022 M\u00daLTIPLOS USU\u00c1RIOS<br>\n\u2022 VARIADOS N\u00cdVEIS DE ACESSO<br>\n\u2022 MANUAIS EM PORTUGU\u00caS<br>\n\u2022 TREINAMENTO CERTIFICADO<\/p>\n<\/body>","protected":false},"excerpt":{"rendered":"<p>O Cardiofit \u00e9 o \u00fanico equipamento de ECG com laudo no mercado que, no mesmo equipamento, realiza exames ECG em repouso e esfor\u00e7o (teste ergom\u00e9trico). Tamanho (AxLxP): equipto. 4x17x8cm \/ caixa 10x32x24cm Peso: equipto. 200 gramas \/ caixa 1.300 gramas Anvisa: sim, n\u00ba 80743069001 Inmetro: sim Canais: 11 Deriva\u00e7\u00f5es: 13 ECG Repouso: sim ECG Esfor\u00e7o: [&hellip;]<\/p>\n","protected":false},"featured_media":11402,"comment_status":"open","ping_status":"closed","template":"","meta":{"_et_pb_use_builder":"","_et_pb_old_content":"","_et_gb_content_width":""},"product_brand":[],"product_cat":[134],"product_tag":[],"class_list":{"0":"post-11401","1":"product","2":"type-product","3":"status-publish","4":"has-post-thumbnail","6":"product_cat-eletrocardio","8":"first","9":"instock","10":"taxable","11":"shipping-taxable","12":"purchasable","13":"product-type-simple"},"yoast_head":"<!-- This site is optimized with the Yoast SEO plugin v27.3 - https:\/\/yoast.com\/product\/yoast-seo-wordpress\/ -->\n<title>CARDIOFIT - ELETROCARDIOGRAMA - Laser Shop<\/title>\n<meta name=\"robots\" content=\"index, follow, max-snippet:-1, max-image-preview:large, max-video-preview:-1\" \/>\n<link rel=\"canonical\" href=\"https:\/\/www.lasershop.com.br\/?product=cardiofit-eletrocardiograma\" \/>\n<meta property=\"og:locale\" content=\"pt_BR\" \/>\n<meta property=\"og:type\" content=\"article\" \/>\n<meta property=\"og:title\" content=\"CARDIOFIT - ELETROCARDIOGRAMA - Laser Shop\" \/>\n<meta property=\"og:description\" content=\"O Cardiofit \u00e9 o \u00fanico equipamento de ECG com laudo no mercado que, no mesmo equipamento, realiza exames ECG em repouso e esfor\u00e7o (teste ergom\u00e9trico). Tamanho (AxLxP): equipto. 4x17x8cm \/ caixa 10x32x24cm Peso: equipto. 200 gramas \/ caixa 1.300 gramas Anvisa: sim, n\u00ba 80743069001 Inmetro: sim Canais: 11 Deriva\u00e7\u00f5es: 13 ECG Repouso: sim ECG Esfor\u00e7o: [&hellip;]\" \/>\n<meta property=\"og:url\" content=\"https:\/\/www.lasershop.com.br\/?product=cardiofit-eletrocardiograma\" \/>\n<meta property=\"og:site_name\" content=\"Laser Shop\" \/>\n<meta property=\"article:publisher\" content=\"https:\/\/facebook.com\/codaxmedica\" \/>\n<meta property=\"article:modified_time\" content=\"2020-10-13T19:46:01+00:00\" \/>\n<meta property=\"og:image\" content=\"https:\/\/lasershop.com.br\/wp-content\/uploads\/2020\/10\/CARDIOFIT.jpg\" \/>\n\t<meta property=\"og:image:width\" content=\"700\" \/>\n\t<meta property=\"og:image:height\" content=\"471\" \/>\n\t<meta property=\"og:image:type\" content=\"image\/jpeg\" \/>\n<meta name=\"twitter:card\" content=\"summary_large_image\" \/>\n<meta name=\"twitter:label1\" content=\"Est. tempo de leitura\" \/>\n\t<meta name=\"twitter:data1\" content=\"1 minuto\" \/>\n<script type=\"application\/ld+json\" class=\"yoast-schema-graph\">{\"@context\":\"https:\\\/\\\/schema.org\",\"@graph\":[{\"@type\":\"WebPage\",\"@id\":\"https:\\\/\\\/www.lasershop.com.br\\\/?product=cardiofit-eletrocardiograma\",\"url\":\"https:\\\/\\\/www.lasershop.com.br\\\/?product=cardiofit-eletrocardiograma\",\"name\":\"CARDIOFIT - ELETROCARDIOGRAMA - Laser Shop\",\"isPartOf\":{\"@id\":\"https:\\\/\\\/www.lasershop.com.br\\\/#website\"},\"primaryImageOfPage\":{\"@id\":\"https:\\\/\\\/www.lasershop.com.br\\\/?product=cardiofit-eletrocardiograma#primaryimage\"},\"image\":{\"@id\":\"https:\\\/\\\/www.lasershop.com.br\\\/?product=cardiofit-eletrocardiograma#primaryimage\"},\"thumbnailUrl\":\"https:\\\/\\\/lasershop.com.br\\\/wp-content\\\/uploads\\\/2020\\\/10\\\/CARDIOFIT.jpg\",\"datePublished\":\"2020-10-13T19:28:49+00:00\",\"dateModified\":\"2020-10-13T19:46:01+00:00\",\"breadcrumb\":{\"@id\":\"https:\\\/\\\/www.lasershop.com.br\\\/?product=cardiofit-eletrocardiograma#breadcrumb\"},\"inLanguage\":\"pt-BR\",\"potentialAction\":[{\"@type\":\"ReadAction\",\"target\":[\"https:\\\/\\\/www.lasershop.com.br\\\/?product=cardiofit-eletrocardiograma\"]}]},{\"@type\":\"ImageObject\",\"inLanguage\":\"pt-BR\",\"@id\":\"https:\\\/\\\/www.lasershop.com.br\\\/?product=cardiofit-eletrocardiograma#primaryimage\",\"url\":\"https:\\\/\\\/lasershop.com.br\\\/wp-content\\\/uploads\\\/2020\\\/10\\\/CARDIOFIT.jpg\",\"contentUrl\":\"https:\\\/\\\/lasershop.com.br\\\/wp-content\\\/uploads\\\/2020\\\/10\\\/CARDIOFIT.jpg\",\"width\":700,\"height\":471},{\"@type\":\"BreadcrumbList\",\"@id\":\"https:\\\/\\\/www.lasershop.com.br\\\/?product=cardiofit-eletrocardiograma#breadcrumb\",\"itemListElement\":[{\"@type\":\"ListItem\",\"position\":1,\"name\":\"In\u00edcio\",\"item\":\"https:\\\/\\\/www.lasershop.com.br\\\/\"},{\"@type\":\"ListItem\",\"position\":2,\"name\":\"Home\",\"item\":\"https:\\\/\\\/www.lasershop.com.br\\\/?page_id=22\"},{\"@type\":\"ListItem\",\"position\":3,\"name\":\"CARDIOFIT &#8211; ELETROCARDIOGRAMA\"}]},{\"@type\":\"WebSite\",\"@id\":\"https:\\\/\\\/www.lasershop.com.br\\\/#website\",\"url\":\"https:\\\/\\\/www.lasershop.com.br\\\/\",\"name\":\"Laser Shop\",\"description\":\"Aparelhos Eletrom\u00e9dicos pelo melhor pre\u00e7o!\",\"publisher\":{\"@id\":\"https:\\\/\\\/www.lasershop.com.br\\\/#organization\"},\"potentialAction\":[{\"@type\":\"SearchAction\",\"target\":{\"@type\":\"EntryPoint\",\"urlTemplate\":\"https:\\\/\\\/www.lasershop.com.br\\\/?s={search_term_string}\"},\"query-input\":{\"@type\":\"PropertyValueSpecification\",\"valueRequired\":true,\"valueName\":\"search_term_string\"}}],\"inLanguage\":\"pt-BR\"},{\"@type\":\"Organization\",\"@id\":\"https:\\\/\\\/www.lasershop.com.br\\\/#organization\",\"name\":\"Laser Shop\",\"url\":\"https:\\\/\\\/www.lasershop.com.br\\\/\",\"logo\":{\"@type\":\"ImageObject\",\"inLanguage\":\"pt-BR\",\"@id\":\"https:\\\/\\\/www.lasershop.com.br\\\/#\\\/schema\\\/logo\\\/image\\\/\",\"url\":\"https:\\\/\\\/lasershop.com.br\\\/wp-content\\\/uploads\\\/2025\\\/09\\\/LOGO_LASERSHOP-.png\",\"contentUrl\":\"https:\\\/\\\/lasershop.com.br\\\/wp-content\\\/uploads\\\/2025\\\/09\\\/LOGO_LASERSHOP-.png\",\"width\":612,\"height\":408,\"caption\":\"Laser Shop\"},\"image\":{\"@id\":\"https:\\\/\\\/www.lasershop.com.br\\\/#\\\/schema\\\/logo\\\/image\\\/\"},\"sameAs\":[\"https:\\\/\\\/facebook.com\\\/codaxmedica\",\"https:\\\/\\\/instagram.com\\\/codaxmedica\"]}]}<\/script>\n<!-- \/ Yoast SEO plugin. -->","yoast_head_json":{"title":"CARDIOFIT - ELETROCARDIOGRAMA - Laser Shop","robots":{"index":"index","follow":"follow","max-snippet":"max-snippet:-1","max-image-preview":"max-image-preview:large","max-video-preview":"max-video-preview:-1"},"canonical":"https:\/\/www.lasershop.com.br\/?product=cardiofit-eletrocardiograma","og_locale":"pt_BR","og_type":"article","og_title":"CARDIOFIT - ELETROCARDIOGRAMA - Laser Shop","og_description":"O Cardiofit \u00e9 o \u00fanico equipamento de ECG com laudo no mercado que, no mesmo equipamento, realiza exames ECG em repouso e esfor\u00e7o (teste ergom\u00e9trico). Tamanho (AxLxP): equipto. 4x17x8cm \/ caixa 10x32x24cm Peso: equipto. 200 gramas \/ caixa 1.300 gramas Anvisa: sim, n\u00ba 80743069001 Inmetro: sim Canais: 11 Deriva\u00e7\u00f5es: 13 ECG Repouso: sim ECG Esfor\u00e7o: [&hellip;]","og_url":"https:\/\/www.lasershop.com.br\/?product=cardiofit-eletrocardiograma","og_site_name":"Laser Shop","article_publisher":"https:\/\/facebook.com\/codaxmedica","article_modified_time":"2020-10-13T19:46:01+00:00","og_image":[{"width":700,"height":471,"url":"https:\/\/lasershop.com.br\/wp-content\/uploads\/2020\/10\/CARDIOFIT.jpg","type":"image\/jpeg"}],"twitter_card":"summary_large_image","twitter_misc":{"Est. tempo de leitura":"1 minuto"},"schema":{"@context":"https:\/\/schema.org","@graph":[{"@type":"WebPage","@id":"https:\/\/www.lasershop.com.br\/?product=cardiofit-eletrocardiograma","url":"https:\/\/www.lasershop.com.br\/?product=cardiofit-eletrocardiograma","name":"CARDIOFIT - ELETROCARDIOGRAMA - Laser Shop","isPartOf":{"@id":"https:\/\/www.lasershop.com.br\/#website"},"primaryImageOfPage":{"@id":"https:\/\/www.lasershop.com.br\/?product=cardiofit-eletrocardiograma#primaryimage"},"image":{"@id":"https:\/\/www.lasershop.com.br\/?product=cardiofit-eletrocardiograma#primaryimage"},"thumbnailUrl":"https:\/\/lasershop.com.br\/wp-content\/uploads\/2020\/10\/CARDIOFIT.jpg","datePublished":"2020-10-13T19:28:49+00:00","dateModified":"2020-10-13T19:46:01+00:00","breadcrumb":{"@id":"https:\/\/www.lasershop.com.br\/?product=cardiofit-eletrocardiograma#breadcrumb"},"inLanguage":"pt-BR","potentialAction":[{"@type":"ReadAction","target":["https:\/\/www.lasershop.com.br\/?product=cardiofit-eletrocardiograma"]}]},{"@type":"ImageObject","inLanguage":"pt-BR","@id":"https:\/\/www.lasershop.com.br\/?product=cardiofit-eletrocardiograma#primaryimage","url":"https:\/\/lasershop.com.br\/wp-content\/uploads\/2020\/10\/CARDIOFIT.jpg","contentUrl":"https:\/\/lasershop.com.br\/wp-content\/uploads\/2020\/10\/CARDIOFIT.jpg","width":700,"height":471},{"@type":"BreadcrumbList","@id":"https:\/\/www.lasershop.com.br\/?product=cardiofit-eletrocardiograma#breadcrumb","itemListElement":[{"@type":"ListItem","position":1,"name":"In\u00edcio","item":"https:\/\/www.lasershop.com.br\/"},{"@type":"ListItem","position":2,"name":"Home","item":"https:\/\/www.lasershop.com.br\/?page_id=22"},{"@type":"ListItem","position":3,"name":"CARDIOFIT &#8211; ELETROCARDIOGRAMA"}]},{"@type":"WebSite","@id":"https:\/\/www.lasershop.com.br\/#website","url":"https:\/\/www.lasershop.com.br\/","name":"Laser Shop","description":"Aparelhos Eletrom\u00e9dicos pelo melhor pre\u00e7o!","publisher":{"@id":"https:\/\/www.lasershop.com.br\/#organization"},"potentialAction":[{"@type":"SearchAction","target":{"@type":"EntryPoint","urlTemplate":"https:\/\/www.lasershop.com.br\/?s={search_term_string}"},"query-input":{"@type":"PropertyValueSpecification","valueRequired":true,"valueName":"search_term_string"}}],"inLanguage":"pt-BR"},{"@type":"Organization","@id":"https:\/\/www.lasershop.com.br\/#organization","name":"Laser Shop","url":"https:\/\/www.lasershop.com.br\/","logo":{"@type":"ImageObject","inLanguage":"pt-BR","@id":"https:\/\/www.lasershop.com.br\/#\/schema\/logo\/image\/","url":"https:\/\/lasershop.com.br\/wp-content\/uploads\/2025\/09\/LOGO_LASERSHOP-.png","contentUrl":"https:\/\/lasershop.com.br\/wp-content\/uploads\/2025\/09\/LOGO_LASERSHOP-.png","width":612,"height":408,"caption":"Laser Shop"},"image":{"@id":"https:\/\/www.lasershop.com.br\/#\/schema\/logo\/image\/"},"sameAs":["https:\/\/facebook.com\/codaxmedica","https:\/\/instagram.com\/codaxmedica"]}]}},"_links":{"self":[{"href":"https:\/\/www.lasershop.com.br\/index.php?rest_route=\/wp\/v2\/product\/11401","targetHints":{"allow":["GET"]}}],"collection":[{"href":"https:\/\/www.lasershop.com.br\/index.php?rest_route=\/wp\/v2\/product"}],"about":[{"href":"https:\/\/www.lasershop.com.br\/index.php?rest_route=\/wp\/v2\/types\/product"}],"replies":[{"embeddable":true,"href":"https:\/\/www.lasershop.com.br\/index.php?rest_route=%2Fwp%2Fv2%2Fcomments&post=11401"}],"wp:featuredmedia":[{"embeddable":true,"href":"https:\/\/www.lasershop.com.br\/index.php?rest_route=\/wp\/v2\/media\/11402"}],"wp:attachment":[{"href":"https:\/\/www.lasershop.com.br\/index.php?rest_route=%2Fwp%2Fv2%2Fmedia&parent=11401"}],"wp:term":[{"taxonomy":"product_brand","embeddable":true,"href":"https:\/\/www.lasershop.com.br\/index.php?rest_route=%2Fwp%2Fv2%2Fproduct_brand&post=11401"},{"taxonomy":"product_cat","embeddable":true,"href":"https:\/\/www.lasershop.com.br\/index.php?rest_route=%2Fwp%2Fv2%2Fproduct_cat&post=11401"},{"taxonomy":"product_tag","embeddable":true,"href":"https:\/\/www.lasershop.com.br\/index.php?rest_route=%2Fwp%2Fv2%2Fproduct_tag&post=11401"}],"curies":[{"name":"wp","href":"https:\/\/api.w.org\/{rel}","templated":true}]}}