{"id":11403,"date":"2020-10-13T19:34:29","date_gmt":"2020-10-13T19:34:29","guid":{"rendered":"https:\/\/lasershop.com.br\/?post_type=product&#038;p=11403"},"modified":"2022-01-05T17:55:13","modified_gmt":"2022-01-05T17:55:13","slug":"wimcardio-air-kit-eletrocardiograma","status":"publish","type":"product","link":"https:\/\/www.lasershop.com.br\/?product=wimcardio-air-kit-eletrocardiograma","title":{"rendered":"WIMCARDIO AIR KIT &#8211; ELETROCARDIOGRAMA"},"content":{"rendered":"<body><p>M\u00f3dulo HES (Hannover ECG System) \u00e9 um M\u00f3dulo de Medidas Autom\u00e1ticas para o Eletrocardiograma digital Wincardio Air. Suas medidas s\u00e3o precisas e com uma resolu\u00e7\u00e3o maior do que o olho humano \u00e9 capaz de alcan\u00e7ar.<\/p>\n<p>Utiliza algoritmo alem\u00e3o, aperfei\u00e7oado a mais de 40 anos com alta resolu\u00e7\u00e3o em microvolts e apresenta\u00e7\u00e3o dos c\u00e1lculos pelas equa\u00e7\u00f5es de Bazett e Fridericia.<\/p>\n<p>Com o m\u00f3dulo HES \u00e9 poss\u00edvel realizar automaticamente as medidas dos principais segmentos do ECG:<\/p>\n<p>Frequ\u00eancia card\u00edaca \u2013 utilizando-se para isso das 12 deriva\u00e7\u00f5es, o que aumenta consideravelmente sua precis\u00e3o;<br>\nComprimento da onda P;<br>\nComprimento do segmento P-R;<br>\nLargura do QRS;<br>\nComprimento do segmento QT;<br>\nComprimento de QT corrigido pela f\u00f3rmula de Bazzet (QTCb ou simplesmente Qtc);<br>\nComprimento de QT corrigido pela f\u00f3rmula de Fridericia (QTCf). Esta \u00faltima f\u00f3rmula, Segundos estudos, causa menos falso-positivos para intervalos QT longos para frequ\u00eancias card\u00edacas maiores;<br>\nEixos frontais de P (SAP), QRS (SAQRS) e T (SAT).<\/p>\n<p>Eletrocardi\u00f3grafo digital de 12 deriva\u00e7\u00f5es simult\u00e2neas para realiza\u00e7\u00e3o<br>\nde exame de repouso, com filtros que garantem maior qualidade<br>\ndo tra\u00e7ado. Permite o completo gerenciamento das informa\u00e7\u00f5es<br>\ndos pacientes e o registro e arquivamento dos exames, tornando o<br>\natendimento personalizado, r\u00e1pido e de grande qualidade.<br>\nA comunica\u00e7\u00e3o do equipamento com o computador \u00e9 realizada via<br>\nBluetooth, proporcionando maior liberdade para pacientes, m\u00e9dicos e<br>\nauxiliares.<br>\nCont\u00e9m :<\/p>\n<p>01 Eletrocardi\u00f3grafo Wincardio Air<\/p>\n<p>01 Cabo paciente 10 vias<\/p>\n<p>04 Cardioclips<\/p>\n<p>06 Pera de suc\u00e7\u00e3o com\u00a0 eletrodo precordial<br>\n01 Cabo extensor<br>\nUSB<br>\n01 Base de carregamento de bateria<\/p>\n<p>01 Cabo Micro USB<\/p>\n<p>01 Belt Clip<\/p>\n<p>01 Adaptador Bluetooth USB<\/p>\n<\/body>","protected":false},"excerpt":{"rendered":"<p>M\u00f3dulo HES (Hannover ECG System) \u00e9 um M\u00f3dulo de Medidas Autom\u00e1ticas para o Eletrocardiograma digital Wincardio Air. Suas medidas s\u00e3o precisas e com uma resolu\u00e7\u00e3o maior do que o olho humano \u00e9 capaz de alcan\u00e7ar. Utiliza algoritmo alem\u00e3o, aperfei\u00e7oado a mais de 40 anos com alta resolu\u00e7\u00e3o em microvolts e apresenta\u00e7\u00e3o dos c\u00e1lculos pelas equa\u00e7\u00f5es [&hellip;]<\/p>\n","protected":false},"featured_media":11404,"comment_status":"open","ping_status":"closed","template":"","meta":{"_et_pb_use_builder":"on","_et_pb_old_content":"M\u00f3dulo HES (Hannover ECG System) \u00e9 um M\u00f3dulo de Medidas Autom\u00e1ticas para o Eletrocardiograma digital Wincardio Air. Suas medidas s\u00e3o precisas e com uma resolu\u00e7\u00e3o maior do que o olho humano \u00e9 capaz de alcan\u00e7ar.\r\n\r\nUtiliza algoritmo alem\u00e3o, aperfei\u00e7oado a mais de 40 anos com alta resolu\u00e7\u00e3o em microvolts e apresenta\u00e7\u00e3o dos c\u00e1lculos pelas equa\u00e7\u00f5es de Bazett e Fridericia.\r\n\r\nCom o m\u00f3dulo HES \u00e9 poss\u00edvel realizar automaticamente as medidas dos principais segmentos do ECG:\r\n\r\nFrequ\u00eancia card\u00edaca \u2013 utilizando-se para isso das 12 deriva\u00e7\u00f5es, o que aumenta consideravelmente sua precis\u00e3o;\r\nComprimento da onda P;\r\nComprimento do segmento P-R;\r\nLargura do QRS;\r\nComprimento do segmento QT;\r\nComprimento de QT corrigido pela f\u00f3rmula de Bazzet (QTCb ou simplesmente Qtc);\r\nComprimento de QT corrigido pela f\u00f3rmula de Fridericia (QTCf). Esta \u00faltima f\u00f3rmula, Segundos estudos, causa menos falso-positivos para intervalos QT longos para frequ\u00eancias card\u00edacas maiores;\r\nEixos frontais de P (SAP), QRS (SAQRS) e T (SAT).\r\n\r\nEletrocardi\u00f3grafo digital de 12 deriva\u00e7\u00f5es simult\u00e2neas para realiza\u00e7\u00e3o\r\nde exame de repouso, com filtros que garantem maior qualidade\r\ndo tra\u00e7ado. Permite o completo gerenciamento das informa\u00e7\u00f5es\r\ndos pacientes e o registro e arquivamento dos exames, tornando o\r\natendimento personalizado, r\u00e1pido e de grande qualidade.\r\nA comunica\u00e7\u00e3o do equipamento com o computador \u00e9 realizada via\r\nBluetooth, proporcionando maior liberdade para pacientes, m\u00e9dicos e\r\nauxiliares.\r\nCont\u00e9m :\r\n\r\n01 Eletrocardi\u00f3grafo Wincardio Air\r\n\r\n01 Cabo paciente 10 vias\r\n\r\n04 Cardioclips\r\n\r\n06 Pera de suc\u00e7\u00e3o com\u00a0 eletrodo precordial\r\n01 Cabo extensor\r\nUSB\r\n01 Base de carregamento de bateria\r\n\r\n01 Cabo Micro USB\r\n\r\n01 Belt Clip\r\n\r\n01 Adaptador Bluetooth USB","_et_gb_content_width":""},"product_brand":[],"product_cat":[134],"product_tag":[],"class_list":{"0":"post-11403","1":"product","2":"type-product","3":"status-publish","4":"has-post-thumbnail","6":"product_cat-eletrocardio","8":"first","9":"instock","10":"taxable","11":"shipping-taxable","12":"purchasable","13":"product-type-simple"},"yoast_head":"<!-- This site is optimized with the Yoast SEO plugin v27.3 - https:\/\/yoast.com\/product\/yoast-seo-wordpress\/ -->\n<title>WIMCARDIO AIR KIT - ELETROCARDIOGRAMA - Laser Shop<\/title>\n<meta name=\"robots\" content=\"index, follow, max-snippet:-1, max-image-preview:large, max-video-preview:-1\" \/>\n<link rel=\"canonical\" href=\"https:\/\/www.lasershop.com.br\/?product=wimcardio-air-kit-eletrocardiograma\" \/>\n<meta property=\"og:locale\" content=\"pt_BR\" \/>\n<meta property=\"og:type\" content=\"article\" \/>\n<meta property=\"og:title\" content=\"WIMCARDIO AIR KIT - ELETROCARDIOGRAMA - Laser Shop\" \/>\n<meta property=\"og:description\" content=\"M\u00f3dulo HES (Hannover ECG System) \u00e9 um M\u00f3dulo de Medidas Autom\u00e1ticas para o Eletrocardiograma digital Wincardio Air. Suas medidas s\u00e3o precisas e com uma resolu\u00e7\u00e3o maior do que o olho humano \u00e9 capaz de alcan\u00e7ar. Utiliza algoritmo alem\u00e3o, aperfei\u00e7oado a mais de 40 anos com alta resolu\u00e7\u00e3o em microvolts e apresenta\u00e7\u00e3o dos c\u00e1lculos pelas equa\u00e7\u00f5es [&hellip;]\" \/>\n<meta property=\"og:url\" content=\"https:\/\/www.lasershop.com.br\/?product=wimcardio-air-kit-eletrocardiograma\" \/>\n<meta property=\"og:site_name\" content=\"Laser Shop\" \/>\n<meta property=\"article:publisher\" content=\"https:\/\/facebook.com\/codaxmedica\" \/>\n<meta property=\"article:modified_time\" content=\"2022-01-05T17:55:13+00:00\" \/>\n<meta property=\"og:image\" content=\"https:\/\/lasershop.com.br\/wp-content\/uploads\/2020\/10\/WINCARDIO.jpg\" \/>\n\t<meta property=\"og:image:width\" content=\"500\" \/>\n\t<meta property=\"og:image:height\" content=\"414\" \/>\n\t<meta property=\"og:image:type\" content=\"image\/jpeg\" \/>\n<meta name=\"twitter:card\" content=\"summary_large_image\" \/>\n<meta name=\"twitter:label1\" content=\"Est. tempo de leitura\" \/>\n\t<meta name=\"twitter:data1\" content=\"1 minuto\" \/>\n<script type=\"application\/ld+json\" class=\"yoast-schema-graph\">{\"@context\":\"https:\\\/\\\/schema.org\",\"@graph\":[{\"@type\":\"WebPage\",\"@id\":\"https:\\\/\\\/www.lasershop.com.br\\\/?product=wimcardio-air-kit-eletrocardiograma\",\"url\":\"https:\\\/\\\/www.lasershop.com.br\\\/?product=wimcardio-air-kit-eletrocardiograma\",\"name\":\"WIMCARDIO AIR KIT - ELETROCARDIOGRAMA - Laser Shop\",\"isPartOf\":{\"@id\":\"https:\\\/\\\/www.lasershop.com.br\\\/#website\"},\"primaryImageOfPage\":{\"@id\":\"https:\\\/\\\/www.lasershop.com.br\\\/?product=wimcardio-air-kit-eletrocardiograma#primaryimage\"},\"image\":{\"@id\":\"https:\\\/\\\/www.lasershop.com.br\\\/?product=wimcardio-air-kit-eletrocardiograma#primaryimage\"},\"thumbnailUrl\":\"https:\\\/\\\/lasershop.com.br\\\/wp-content\\\/uploads\\\/2020\\\/10\\\/WINCARDIO.jpg\",\"datePublished\":\"2020-10-13T19:34:29+00:00\",\"dateModified\":\"2022-01-05T17:55:13+00:00\",\"breadcrumb\":{\"@id\":\"https:\\\/\\\/www.lasershop.com.br\\\/?product=wimcardio-air-kit-eletrocardiograma#breadcrumb\"},\"inLanguage\":\"pt-BR\",\"potentialAction\":[{\"@type\":\"ReadAction\",\"target\":[\"https:\\\/\\\/www.lasershop.com.br\\\/?product=wimcardio-air-kit-eletrocardiograma\"]}]},{\"@type\":\"ImageObject\",\"inLanguage\":\"pt-BR\",\"@id\":\"https:\\\/\\\/www.lasershop.com.br\\\/?product=wimcardio-air-kit-eletrocardiograma#primaryimage\",\"url\":\"https:\\\/\\\/lasershop.com.br\\\/wp-content\\\/uploads\\\/2020\\\/10\\\/WINCARDIO.jpg\",\"contentUrl\":\"https:\\\/\\\/lasershop.com.br\\\/wp-content\\\/uploads\\\/2020\\\/10\\\/WINCARDIO.jpg\",\"width\":500,\"height\":414},{\"@type\":\"BreadcrumbList\",\"@id\":\"https:\\\/\\\/www.lasershop.com.br\\\/?product=wimcardio-air-kit-eletrocardiograma#breadcrumb\",\"itemListElement\":[{\"@type\":\"ListItem\",\"position\":1,\"name\":\"In\u00edcio\",\"item\":\"https:\\\/\\\/www.lasershop.com.br\\\/\"},{\"@type\":\"ListItem\",\"position\":2,\"name\":\"Home\",\"item\":\"https:\\\/\\\/www.lasershop.com.br\\\/?page_id=22\"},{\"@type\":\"ListItem\",\"position\":3,\"name\":\"WIMCARDIO AIR KIT &#8211; ELETROCARDIOGRAMA\"}]},{\"@type\":\"WebSite\",\"@id\":\"https:\\\/\\\/www.lasershop.com.br\\\/#website\",\"url\":\"https:\\\/\\\/www.lasershop.com.br\\\/\",\"name\":\"Laser Shop\",\"description\":\"Aparelhos Eletrom\u00e9dicos pelo melhor pre\u00e7o!\",\"publisher\":{\"@id\":\"https:\\\/\\\/www.lasershop.com.br\\\/#organization\"},\"potentialAction\":[{\"@type\":\"SearchAction\",\"target\":{\"@type\":\"EntryPoint\",\"urlTemplate\":\"https:\\\/\\\/www.lasershop.com.br\\\/?s={search_term_string}\"},\"query-input\":{\"@type\":\"PropertyValueSpecification\",\"valueRequired\":true,\"valueName\":\"search_term_string\"}}],\"inLanguage\":\"pt-BR\"},{\"@type\":\"Organization\",\"@id\":\"https:\\\/\\\/www.lasershop.com.br\\\/#organization\",\"name\":\"Laser Shop\",\"url\":\"https:\\\/\\\/www.lasershop.com.br\\\/\",\"logo\":{\"@type\":\"ImageObject\",\"inLanguage\":\"pt-BR\",\"@id\":\"https:\\\/\\\/www.lasershop.com.br\\\/#\\\/schema\\\/logo\\\/image\\\/\",\"url\":\"https:\\\/\\\/lasershop.com.br\\\/wp-content\\\/uploads\\\/2025\\\/09\\\/LOGO_LASERSHOP-.png\",\"contentUrl\":\"https:\\\/\\\/lasershop.com.br\\\/wp-content\\\/uploads\\\/2025\\\/09\\\/LOGO_LASERSHOP-.png\",\"width\":612,\"height\":408,\"caption\":\"Laser Shop\"},\"image\":{\"@id\":\"https:\\\/\\\/www.lasershop.com.br\\\/#\\\/schema\\\/logo\\\/image\\\/\"},\"sameAs\":[\"https:\\\/\\\/facebook.com\\\/codaxmedica\",\"https:\\\/\\\/instagram.com\\\/codaxmedica\"]}]}<\/script>\n<!-- \/ Yoast SEO plugin. -->","yoast_head_json":{"title":"WIMCARDIO AIR KIT - ELETROCARDIOGRAMA - Laser Shop","robots":{"index":"index","follow":"follow","max-snippet":"max-snippet:-1","max-image-preview":"max-image-preview:large","max-video-preview":"max-video-preview:-1"},"canonical":"https:\/\/www.lasershop.com.br\/?product=wimcardio-air-kit-eletrocardiograma","og_locale":"pt_BR","og_type":"article","og_title":"WIMCARDIO AIR KIT - ELETROCARDIOGRAMA - Laser Shop","og_description":"M\u00f3dulo HES (Hannover ECG System) \u00e9 um M\u00f3dulo de Medidas Autom\u00e1ticas para o Eletrocardiograma digital Wincardio Air. Suas medidas s\u00e3o precisas e com uma resolu\u00e7\u00e3o maior do que o olho humano \u00e9 capaz de alcan\u00e7ar. Utiliza algoritmo alem\u00e3o, aperfei\u00e7oado a mais de 40 anos com alta resolu\u00e7\u00e3o em microvolts e apresenta\u00e7\u00e3o dos c\u00e1lculos pelas equa\u00e7\u00f5es [&hellip;]","og_url":"https:\/\/www.lasershop.com.br\/?product=wimcardio-air-kit-eletrocardiograma","og_site_name":"Laser Shop","article_publisher":"https:\/\/facebook.com\/codaxmedica","article_modified_time":"2022-01-05T17:55:13+00:00","og_image":[{"width":500,"height":414,"url":"https:\/\/lasershop.com.br\/wp-content\/uploads\/2020\/10\/WINCARDIO.jpg","type":"image\/jpeg"}],"twitter_card":"summary_large_image","twitter_misc":{"Est. tempo de leitura":"1 minuto"},"schema":{"@context":"https:\/\/schema.org","@graph":[{"@type":"WebPage","@id":"https:\/\/www.lasershop.com.br\/?product=wimcardio-air-kit-eletrocardiograma","url":"https:\/\/www.lasershop.com.br\/?product=wimcardio-air-kit-eletrocardiograma","name":"WIMCARDIO AIR KIT - ELETROCARDIOGRAMA - Laser Shop","isPartOf":{"@id":"https:\/\/www.lasershop.com.br\/#website"},"primaryImageOfPage":{"@id":"https:\/\/www.lasershop.com.br\/?product=wimcardio-air-kit-eletrocardiograma#primaryimage"},"image":{"@id":"https:\/\/www.lasershop.com.br\/?product=wimcardio-air-kit-eletrocardiograma#primaryimage"},"thumbnailUrl":"https:\/\/lasershop.com.br\/wp-content\/uploads\/2020\/10\/WINCARDIO.jpg","datePublished":"2020-10-13T19:34:29+00:00","dateModified":"2022-01-05T17:55:13+00:00","breadcrumb":{"@id":"https:\/\/www.lasershop.com.br\/?product=wimcardio-air-kit-eletrocardiograma#breadcrumb"},"inLanguage":"pt-BR","potentialAction":[{"@type":"ReadAction","target":["https:\/\/www.lasershop.com.br\/?product=wimcardio-air-kit-eletrocardiograma"]}]},{"@type":"ImageObject","inLanguage":"pt-BR","@id":"https:\/\/www.lasershop.com.br\/?product=wimcardio-air-kit-eletrocardiograma#primaryimage","url":"https:\/\/lasershop.com.br\/wp-content\/uploads\/2020\/10\/WINCARDIO.jpg","contentUrl":"https:\/\/lasershop.com.br\/wp-content\/uploads\/2020\/10\/WINCARDIO.jpg","width":500,"height":414},{"@type":"BreadcrumbList","@id":"https:\/\/www.lasershop.com.br\/?product=wimcardio-air-kit-eletrocardiograma#breadcrumb","itemListElement":[{"@type":"ListItem","position":1,"name":"In\u00edcio","item":"https:\/\/www.lasershop.com.br\/"},{"@type":"ListItem","position":2,"name":"Home","item":"https:\/\/www.lasershop.com.br\/?page_id=22"},{"@type":"ListItem","position":3,"name":"WIMCARDIO AIR KIT &#8211; ELETROCARDIOGRAMA"}]},{"@type":"WebSite","@id":"https:\/\/www.lasershop.com.br\/#website","url":"https:\/\/www.lasershop.com.br\/","name":"Laser Shop","description":"Aparelhos Eletrom\u00e9dicos pelo melhor pre\u00e7o!","publisher":{"@id":"https:\/\/www.lasershop.com.br\/#organization"},"potentialAction":[{"@type":"SearchAction","target":{"@type":"EntryPoint","urlTemplate":"https:\/\/www.lasershop.com.br\/?s={search_term_string}"},"query-input":{"@type":"PropertyValueSpecification","valueRequired":true,"valueName":"search_term_string"}}],"inLanguage":"pt-BR"},{"@type":"Organization","@id":"https:\/\/www.lasershop.com.br\/#organization","name":"Laser Shop","url":"https:\/\/www.lasershop.com.br\/","logo":{"@type":"ImageObject","inLanguage":"pt-BR","@id":"https:\/\/www.lasershop.com.br\/#\/schema\/logo\/image\/","url":"https:\/\/lasershop.com.br\/wp-content\/uploads\/2025\/09\/LOGO_LASERSHOP-.png","contentUrl":"https:\/\/lasershop.com.br\/wp-content\/uploads\/2025\/09\/LOGO_LASERSHOP-.png","width":612,"height":408,"caption":"Laser Shop"},"image":{"@id":"https:\/\/www.lasershop.com.br\/#\/schema\/logo\/image\/"},"sameAs":["https:\/\/facebook.com\/codaxmedica","https:\/\/instagram.com\/codaxmedica"]}]}},"_links":{"self":[{"href":"https:\/\/www.lasershop.com.br\/index.php?rest_route=\/wp\/v2\/product\/11403","targetHints":{"allow":["GET"]}}],"collection":[{"href":"https:\/\/www.lasershop.com.br\/index.php?rest_route=\/wp\/v2\/product"}],"about":[{"href":"https:\/\/www.lasershop.com.br\/index.php?rest_route=\/wp\/v2\/types\/product"}],"replies":[{"embeddable":true,"href":"https:\/\/www.lasershop.com.br\/index.php?rest_route=%2Fwp%2Fv2%2Fcomments&post=11403"}],"wp:featuredmedia":[{"embeddable":true,"href":"https:\/\/www.lasershop.com.br\/index.php?rest_route=\/wp\/v2\/media\/11404"}],"wp:attachment":[{"href":"https:\/\/www.lasershop.com.br\/index.php?rest_route=%2Fwp%2Fv2%2Fmedia&parent=11403"}],"wp:term":[{"taxonomy":"product_brand","embeddable":true,"href":"https:\/\/www.lasershop.com.br\/index.php?rest_route=%2Fwp%2Fv2%2Fproduct_brand&post=11403"},{"taxonomy":"product_cat","embeddable":true,"href":"https:\/\/www.lasershop.com.br\/index.php?rest_route=%2Fwp%2Fv2%2Fproduct_cat&post=11403"},{"taxonomy":"product_tag","embeddable":true,"href":"https:\/\/www.lasershop.com.br\/index.php?rest_route=%2Fwp%2Fv2%2Fproduct_tag&post=11403"}],"curies":[{"name":"wp","href":"https:\/\/api.w.org\/{rel}","templated":true}]}}