{"id":11685,"date":"2022-11-10T16:22:46","date_gmt":"2022-11-10T16:22:46","guid":{"rendered":"https:\/\/lasershop.com.br\/?post_type=product&#038;p=11685"},"modified":"2026-01-25T09:10:37","modified_gmt":"2026-01-25T09:10:37","slug":"eletroestimulador-sikuro-ds100cbm-copia","status":"publish","type":"product","link":"https:\/\/www.lasershop.com.br\/?product=eletroestimulador-sikuro-ds100cbm-copia","title":{"rendered":"Eletroestimulador Sikuro DS100CBM"},"content":{"rendered":"<body><p><\/p>O Eletroestimulador DS100CBM possui 2 canais, 8 sa\u00eddas, mem\u00f3ria e 4 pilhas, que podem ser recarreg\u00e1veis. Equipamento ideal para Eletroacupuntura, Auriculoterapia, Fisioterapia, Est\u00e9tica, Veterin\u00e1ria e Odontologia em tratamento da dor, analgesia cir\u00fargica e odontol\u00f3gica, estimula\u00e7\u00e3o, seda\u00e7\u00e3o e regula\u00e7\u00e3o energ\u00e9tica.\n<p>O Eletroestimulador DS100CBM tamb\u00e9m possui protocolos que contemplam tratamentos para: Celulite, Linhas de Express\u00e3o, Gordura localizada, Estria Branca, Estria Vermelha, Flacidez, Fibroses e Queloides, Lomboisquiatalgia, S\u00edndrome de Abstin\u00eancia.<\/p>\n<p><img decoding=\"async\" class=\"\" src=\"https:\/\/lasershop.com.br\/Assets\/Descricoes\/PROMOFACE3.jpg\" alt=\"\" width=\"44\" height=\"51\" loading=\"lazy\"><\/p>\n<p>3 TIPOS DE SINAL (Formas de onda):<\/p>\n<p>Sinal 1: Trem de pulsos cont\u00ednuo,<br>\nSinal 2: Trem de pulsos intermitente,<br>\nSinal 3: Trem de pulsos misto; 2 canais independentes, cada um com 4 sa\u00eddas (totalizando 8 sa\u00eddas);<\/p>\n<p>Altern\u00e2ncia sincronizada dos canais; Pulso tipo Alternado Assim\u00e9trico com frequ\u00eancias de 0,3Hz a 2KHz com largura de pulso entre 0,5 e 2ms; Per\u00edodos de atua\u00e7\u00e3o T1 e T2 program\u00e1veis de 1 a 9 segundos nos Sinais 2 e 3; 16 posi\u00e7\u00f5es de mem\u00f3ria para armazenar os programas de tratamento.<\/p>\n<p>A mem\u00f3ria \u00e9 regrav\u00e1vel e armazena as informa\u00e7\u00f5es mesmo com o equipamento desligado;<\/p>\n<p>Senha de 6 d\u00edgitos para restringir o uso do aparelho;<\/p>\n<p>Prote\u00e7\u00e3o de mem\u00f3ria que impede altera\u00e7\u00f5es indevidas nos programas de tratamentos previamente armazenados pelo operador conhecedor da senha;<\/p>\n<p>Canais com temporizadores independentes, program\u00e1veis de 1 a 60 minutos, com alerta sonoro e desligamento autom\u00e1tico do canal ao fim do tempo programado;<\/p>\n<p>Possibilidade de escolha de prefer\u00eancias de uso, tais como: idioma, n\u00famero de canais, desabilita\u00e7\u00e3o do bip sonoro, etc.;<\/p>\n<p>Controle de intensidade do sinal, atrav\u00e9s de potenci\u00f4metro;<\/p>\n<p>Dispositivo de seguran\u00e7a com alerta sonoro e visual para zerar a intensidade do sinal no in\u00edcio do tratamento;<\/p>\n<p>Chaves seletoras da pot\u00eancia das sa\u00eddas (limitada \u2013 normal);<\/p>\n<p>Leds indicadores de opera\u00e7\u00e3o: piscam na frequ\u00eancia programada para cada canal durante o tratamento;<\/p>\n<p>Morfologia do Pulso A forma de onda b\u00e1sica gerada pelo DS100CBM \u00e9 um pulso alternado assim\u00e9trico: O pulso gerado pelo DS100CBM resulta da composi\u00e7\u00e3o de um pulso retangular positivo e um pulso exponencial negativo. A dura\u00e7\u00e3o do pulso total considerada foi obtida a partir do inicio do pulso retangular at\u00e9 o pulso exponencial cair a 5% da amplitude m\u00e1xima. A carga interna utilizada \u00e9 10 K?. A dura\u00e7\u00e3o do pulso \u00e9 pr\u00e9-fixada para todas as formas de onda oferecidas pelo DS100CBM.<\/p>\n<p>Abaixo \u00e9 disponibilizada a tabela de frequ\u00eancias em rela\u00e7\u00e3o \u00e0 dura\u00e7\u00e3o total do pulso e a sua respectiva tens\u00e3o eficaz (foi calculada para a maior frequ\u00eancia de cada faixa), para cada uma das duas posi\u00e7\u00f5es poss\u00edveis da chave limitadora de potencia:<\/p>\n<p>Pot\u00eancia limitada FF * (Hz) Dura\u00e7\u00e3o PR* (ms) Dura\u00e7\u00e3o PT* (ms) TE* (V) 0,3 \u2013 80 0,60 1,12 2,19 90 \u2013 100 0,60 0,95 2,45 160 -300 0,55 0,90 4,06 500 0,50 0,80 5,00 750 0,34 1,34 6,33 1K \u2013 2K 0,17 0,50 6,86 Pot\u00eancia normal FF * (Hz) Dura\u00e7\u00e3o PR* (ms) Dura\u00e7\u00e3o PT* (ms) TE* (V) 0,3 \u2013 80 0,75 1,90 13,98 90 \u2013 100 0,75 1,85 15,68 160 -300 0,60 1,80 24,67 500 0,50 2,00 31,17 750 0,34 1,34 31,93 1K \u2013 2K 0,17 0,50 32,99 * FF = Faixa de Frequ\u00eancia; PR = Pulso Retangular; PT = Pulso Total; TE = Tens\u00e3o Eficaz<\/p>\n<p>Acompanha Manual e Adaptador CA-CC e 8 cabos E-JS18 (eletrodos tipo \u201cjacar\u00e9\u201d); Alimenta\u00e7\u00e3o com adaptador CA-CC ou 4 baterias tipo AA; \u201cNO BREAK\u201d embutido: no caso de falta de energia el\u00e9trica, passa a funcionar pelas baterias automaticamente, sem perda de continuidade no tratamento do paciente.<\/p>\n<p><a href=\"https:\/\/drive.google.com\/file\/d\/0B6MofsruKG_GZllBLUpQbzB0Qjg\/view?usp=sharing\" target=\"_blank\" rel=\"noopener noreferrer\"><strong>Manual \u2013 Eletroestimulador Sikuro DS100CBM<\/strong><\/a><\/p>\n<\/body>","protected":false},"excerpt":{"rendered":"<p>O Eletroestimulador DS100CBM possui 2 canais, 8 sa\u00eddas, mem\u00f3ria e 4 pilhas, que podem ser recarreg\u00e1veis. Equipamento ideal para Eletroacupuntura, Auriculoterapia, Fisioterapia, Est\u00e9tica, Veterin\u00e1ria e Odontologia em tratamento da dor, analgesia cir\u00fargica e odontol\u00f3gica, estimula\u00e7\u00e3o, seda\u00e7\u00e3o e regula\u00e7\u00e3o energ\u00e9tica. O Eletroestimulador DS100CBM tamb\u00e9m possui protocolos que contemplam tratamentos para: Celulite, Linhas de Express\u00e3o, Gordura localizada, [&hellip;]<\/p>\n","protected":false},"featured_media":11709,"comment_status":"open","ping_status":"closed","template":"","meta":{"_et_pb_use_builder":"","_et_pb_old_content":"","_et_gb_content_width":""},"product_brand":[],"product_cat":[20],"product_tag":[],"class_list":{"0":"post-11685","1":"product","2":"type-product","3":"status-publish","4":"has-post-thumbnail","6":"product_cat-eletroestimulacao","8":"first","9":"instock","10":"taxable","11":"shipping-taxable","12":"purchasable","13":"product-type-simple"},"yoast_head":"<!-- This site is optimized with the Yoast SEO plugin v27.3 - https:\/\/yoast.com\/product\/yoast-seo-wordpress\/ -->\n<title>Eletroestimulador Sikuro DS100CBM - Laser Shop<\/title>\n<meta name=\"robots\" content=\"index, follow, max-snippet:-1, max-image-preview:large, max-video-preview:-1\" \/>\n<link rel=\"canonical\" href=\"https:\/\/www.lasershop.com.br\/?product=eletroestimulador-sikuro-ds100cbm-copia\" \/>\n<meta property=\"og:locale\" content=\"pt_BR\" \/>\n<meta property=\"og:type\" content=\"article\" \/>\n<meta property=\"og:title\" content=\"Eletroestimulador Sikuro DS100CBM - Laser Shop\" \/>\n<meta property=\"og:description\" content=\"O Eletroestimulador DS100CBM possui 2 canais, 8 sa\u00eddas, mem\u00f3ria e 4 pilhas, que podem ser recarreg\u00e1veis. Equipamento ideal para Eletroacupuntura, Auriculoterapia, Fisioterapia, Est\u00e9tica, Veterin\u00e1ria e Odontologia em tratamento da dor, analgesia cir\u00fargica e odontol\u00f3gica, estimula\u00e7\u00e3o, seda\u00e7\u00e3o e regula\u00e7\u00e3o energ\u00e9tica. O Eletroestimulador DS100CBM tamb\u00e9m possui protocolos que contemplam tratamentos para: Celulite, Linhas de Express\u00e3o, Gordura localizada, [&hellip;]\" \/>\n<meta property=\"og:url\" content=\"https:\/\/www.lasershop.com.br\/?product=eletroestimulador-sikuro-ds100cbm-copia\" \/>\n<meta property=\"og:site_name\" content=\"Laser Shop\" \/>\n<meta property=\"article:publisher\" content=\"https:\/\/facebook.com\/codaxmedica\" \/>\n<meta property=\"article:modified_time\" content=\"2026-01-25T09:10:37+00:00\" \/>\n<meta property=\"og:image\" content=\"https:\/\/lasershop.com.br\/wp-content\/uploads\/2022\/11\/CBM2.png\" \/>\n\t<meta property=\"og:image:width\" content=\"930\" \/>\n\t<meta property=\"og:image:height\" content=\"997\" \/>\n\t<meta property=\"og:image:type\" content=\"image\/png\" \/>\n<meta name=\"twitter:card\" content=\"summary_large_image\" \/>\n<meta name=\"twitter:label1\" content=\"Est. tempo de leitura\" \/>\n\t<meta name=\"twitter:data1\" content=\"4 minutos\" \/>\n<script type=\"application\/ld+json\" class=\"yoast-schema-graph\">{\"@context\":\"https:\\\/\\\/schema.org\",\"@graph\":[{\"@type\":\"WebPage\",\"@id\":\"https:\\\/\\\/www.lasershop.com.br\\\/?product=eletroestimulador-sikuro-ds100cbm-copia\",\"url\":\"https:\\\/\\\/www.lasershop.com.br\\\/?product=eletroestimulador-sikuro-ds100cbm-copia\",\"name\":\"Eletroestimulador Sikuro DS100CBM - Laser Shop\",\"isPartOf\":{\"@id\":\"https:\\\/\\\/www.lasershop.com.br\\\/#website\"},\"primaryImageOfPage\":{\"@id\":\"https:\\\/\\\/www.lasershop.com.br\\\/?product=eletroestimulador-sikuro-ds100cbm-copia#primaryimage\"},\"image\":{\"@id\":\"https:\\\/\\\/www.lasershop.com.br\\\/?product=eletroestimulador-sikuro-ds100cbm-copia#primaryimage\"},\"thumbnailUrl\":\"https:\\\/\\\/lasershop.com.br\\\/wp-content\\\/uploads\\\/2022\\\/11\\\/CBM2.png\",\"datePublished\":\"2022-11-10T16:22:46+00:00\",\"dateModified\":\"2026-01-25T09:10:37+00:00\",\"breadcrumb\":{\"@id\":\"https:\\\/\\\/www.lasershop.com.br\\\/?product=eletroestimulador-sikuro-ds100cbm-copia#breadcrumb\"},\"inLanguage\":\"pt-BR\",\"potentialAction\":[{\"@type\":\"ReadAction\",\"target\":[\"https:\\\/\\\/www.lasershop.com.br\\\/?product=eletroestimulador-sikuro-ds100cbm-copia\"]}]},{\"@type\":\"ImageObject\",\"inLanguage\":\"pt-BR\",\"@id\":\"https:\\\/\\\/www.lasershop.com.br\\\/?product=eletroestimulador-sikuro-ds100cbm-copia#primaryimage\",\"url\":\"https:\\\/\\\/lasershop.com.br\\\/wp-content\\\/uploads\\\/2022\\\/11\\\/CBM2.png\",\"contentUrl\":\"https:\\\/\\\/lasershop.com.br\\\/wp-content\\\/uploads\\\/2022\\\/11\\\/CBM2.png\",\"width\":930,\"height\":997},{\"@type\":\"BreadcrumbList\",\"@id\":\"https:\\\/\\\/www.lasershop.com.br\\\/?product=eletroestimulador-sikuro-ds100cbm-copia#breadcrumb\",\"itemListElement\":[{\"@type\":\"ListItem\",\"position\":1,\"name\":\"In\u00edcio\",\"item\":\"https:\\\/\\\/www.lasershop.com.br\\\/\"},{\"@type\":\"ListItem\",\"position\":2,\"name\":\"Home\",\"item\":\"https:\\\/\\\/www.lasershop.com.br\\\/?page_id=22\"},{\"@type\":\"ListItem\",\"position\":3,\"name\":\"Eletroestimulador Sikuro DS100CBM\"}]},{\"@type\":\"WebSite\",\"@id\":\"https:\\\/\\\/www.lasershop.com.br\\\/#website\",\"url\":\"https:\\\/\\\/www.lasershop.com.br\\\/\",\"name\":\"Laser Shop\",\"description\":\"Aparelhos Eletrom\u00e9dicos pelo melhor pre\u00e7o!\",\"publisher\":{\"@id\":\"https:\\\/\\\/www.lasershop.com.br\\\/#organization\"},\"potentialAction\":[{\"@type\":\"SearchAction\",\"target\":{\"@type\":\"EntryPoint\",\"urlTemplate\":\"https:\\\/\\\/www.lasershop.com.br\\\/?s={search_term_string}\"},\"query-input\":{\"@type\":\"PropertyValueSpecification\",\"valueRequired\":true,\"valueName\":\"search_term_string\"}}],\"inLanguage\":\"pt-BR\"},{\"@type\":\"Organization\",\"@id\":\"https:\\\/\\\/www.lasershop.com.br\\\/#organization\",\"name\":\"Laser Shop\",\"url\":\"https:\\\/\\\/www.lasershop.com.br\\\/\",\"logo\":{\"@type\":\"ImageObject\",\"inLanguage\":\"pt-BR\",\"@id\":\"https:\\\/\\\/www.lasershop.com.br\\\/#\\\/schema\\\/logo\\\/image\\\/\",\"url\":\"https:\\\/\\\/lasershop.com.br\\\/wp-content\\\/uploads\\\/2025\\\/09\\\/LOGO_LASERSHOP-.png\",\"contentUrl\":\"https:\\\/\\\/lasershop.com.br\\\/wp-content\\\/uploads\\\/2025\\\/09\\\/LOGO_LASERSHOP-.png\",\"width\":612,\"height\":408,\"caption\":\"Laser Shop\"},\"image\":{\"@id\":\"https:\\\/\\\/www.lasershop.com.br\\\/#\\\/schema\\\/logo\\\/image\\\/\"},\"sameAs\":[\"https:\\\/\\\/facebook.com\\\/codaxmedica\",\"https:\\\/\\\/instagram.com\\\/codaxmedica\"]}]}<\/script>\n<!-- \/ Yoast SEO plugin. -->","yoast_head_json":{"title":"Eletroestimulador Sikuro DS100CBM - Laser Shop","robots":{"index":"index","follow":"follow","max-snippet":"max-snippet:-1","max-image-preview":"max-image-preview:large","max-video-preview":"max-video-preview:-1"},"canonical":"https:\/\/www.lasershop.com.br\/?product=eletroestimulador-sikuro-ds100cbm-copia","og_locale":"pt_BR","og_type":"article","og_title":"Eletroestimulador Sikuro DS100CBM - Laser Shop","og_description":"O Eletroestimulador DS100CBM possui 2 canais, 8 sa\u00eddas, mem\u00f3ria e 4 pilhas, que podem ser recarreg\u00e1veis. Equipamento ideal para Eletroacupuntura, Auriculoterapia, Fisioterapia, Est\u00e9tica, Veterin\u00e1ria e Odontologia em tratamento da dor, analgesia cir\u00fargica e odontol\u00f3gica, estimula\u00e7\u00e3o, seda\u00e7\u00e3o e regula\u00e7\u00e3o energ\u00e9tica. O Eletroestimulador DS100CBM tamb\u00e9m possui protocolos que contemplam tratamentos para: Celulite, Linhas de Express\u00e3o, Gordura localizada, [&hellip;]","og_url":"https:\/\/www.lasershop.com.br\/?product=eletroestimulador-sikuro-ds100cbm-copia","og_site_name":"Laser Shop","article_publisher":"https:\/\/facebook.com\/codaxmedica","article_modified_time":"2026-01-25T09:10:37+00:00","og_image":[{"width":930,"height":997,"url":"https:\/\/lasershop.com.br\/wp-content\/uploads\/2022\/11\/CBM2.png","type":"image\/png"}],"twitter_card":"summary_large_image","twitter_misc":{"Est. tempo de leitura":"4 minutos"},"schema":{"@context":"https:\/\/schema.org","@graph":[{"@type":"WebPage","@id":"https:\/\/www.lasershop.com.br\/?product=eletroestimulador-sikuro-ds100cbm-copia","url":"https:\/\/www.lasershop.com.br\/?product=eletroestimulador-sikuro-ds100cbm-copia","name":"Eletroestimulador Sikuro DS100CBM - Laser Shop","isPartOf":{"@id":"https:\/\/www.lasershop.com.br\/#website"},"primaryImageOfPage":{"@id":"https:\/\/www.lasershop.com.br\/?product=eletroestimulador-sikuro-ds100cbm-copia#primaryimage"},"image":{"@id":"https:\/\/www.lasershop.com.br\/?product=eletroestimulador-sikuro-ds100cbm-copia#primaryimage"},"thumbnailUrl":"https:\/\/lasershop.com.br\/wp-content\/uploads\/2022\/11\/CBM2.png","datePublished":"2022-11-10T16:22:46+00:00","dateModified":"2026-01-25T09:10:37+00:00","breadcrumb":{"@id":"https:\/\/www.lasershop.com.br\/?product=eletroestimulador-sikuro-ds100cbm-copia#breadcrumb"},"inLanguage":"pt-BR","potentialAction":[{"@type":"ReadAction","target":["https:\/\/www.lasershop.com.br\/?product=eletroestimulador-sikuro-ds100cbm-copia"]}]},{"@type":"ImageObject","inLanguage":"pt-BR","@id":"https:\/\/www.lasershop.com.br\/?product=eletroestimulador-sikuro-ds100cbm-copia#primaryimage","url":"https:\/\/lasershop.com.br\/wp-content\/uploads\/2022\/11\/CBM2.png","contentUrl":"https:\/\/lasershop.com.br\/wp-content\/uploads\/2022\/11\/CBM2.png","width":930,"height":997},{"@type":"BreadcrumbList","@id":"https:\/\/www.lasershop.com.br\/?product=eletroestimulador-sikuro-ds100cbm-copia#breadcrumb","itemListElement":[{"@type":"ListItem","position":1,"name":"In\u00edcio","item":"https:\/\/www.lasershop.com.br\/"},{"@type":"ListItem","position":2,"name":"Home","item":"https:\/\/www.lasershop.com.br\/?page_id=22"},{"@type":"ListItem","position":3,"name":"Eletroestimulador Sikuro DS100CBM"}]},{"@type":"WebSite","@id":"https:\/\/www.lasershop.com.br\/#website","url":"https:\/\/www.lasershop.com.br\/","name":"Laser Shop","description":"Aparelhos Eletrom\u00e9dicos pelo melhor pre\u00e7o!","publisher":{"@id":"https:\/\/www.lasershop.com.br\/#organization"},"potentialAction":[{"@type":"SearchAction","target":{"@type":"EntryPoint","urlTemplate":"https:\/\/www.lasershop.com.br\/?s={search_term_string}"},"query-input":{"@type":"PropertyValueSpecification","valueRequired":true,"valueName":"search_term_string"}}],"inLanguage":"pt-BR"},{"@type":"Organization","@id":"https:\/\/www.lasershop.com.br\/#organization","name":"Laser Shop","url":"https:\/\/www.lasershop.com.br\/","logo":{"@type":"ImageObject","inLanguage":"pt-BR","@id":"https:\/\/www.lasershop.com.br\/#\/schema\/logo\/image\/","url":"https:\/\/lasershop.com.br\/wp-content\/uploads\/2025\/09\/LOGO_LASERSHOP-.png","contentUrl":"https:\/\/lasershop.com.br\/wp-content\/uploads\/2025\/09\/LOGO_LASERSHOP-.png","width":612,"height":408,"caption":"Laser Shop"},"image":{"@id":"https:\/\/www.lasershop.com.br\/#\/schema\/logo\/image\/"},"sameAs":["https:\/\/facebook.com\/codaxmedica","https:\/\/instagram.com\/codaxmedica"]}]}},"_links":{"self":[{"href":"https:\/\/www.lasershop.com.br\/index.php?rest_route=\/wp\/v2\/product\/11685","targetHints":{"allow":["GET"]}}],"collection":[{"href":"https:\/\/www.lasershop.com.br\/index.php?rest_route=\/wp\/v2\/product"}],"about":[{"href":"https:\/\/www.lasershop.com.br\/index.php?rest_route=\/wp\/v2\/types\/product"}],"replies":[{"embeddable":true,"href":"https:\/\/www.lasershop.com.br\/index.php?rest_route=%2Fwp%2Fv2%2Fcomments&post=11685"}],"wp:featuredmedia":[{"embeddable":true,"href":"https:\/\/www.lasershop.com.br\/index.php?rest_route=\/wp\/v2\/media\/11709"}],"wp:attachment":[{"href":"https:\/\/www.lasershop.com.br\/index.php?rest_route=%2Fwp%2Fv2%2Fmedia&parent=11685"}],"wp:term":[{"taxonomy":"product_brand","embeddable":true,"href":"https:\/\/www.lasershop.com.br\/index.php?rest_route=%2Fwp%2Fv2%2Fproduct_brand&post=11685"},{"taxonomy":"product_cat","embeddable":true,"href":"https:\/\/www.lasershop.com.br\/index.php?rest_route=%2Fwp%2Fv2%2Fproduct_cat&post=11685"},{"taxonomy":"product_tag","embeddable":true,"href":"https:\/\/www.lasershop.com.br\/index.php?rest_route=%2Fwp%2Fv2%2Fproduct_tag&post=11685"}],"curies":[{"name":"wp","href":"https:\/\/api.w.org\/{rel}","templated":true}]}}