{"id":117,"date":"2019-03-20T16:45:58","date_gmt":"2019-03-20T16:45:58","guid":{"rendered":"https:\/\/lasershop.com.br\/?post_type=product&#038;p=117"},"modified":"2019-04-10T16:31:41","modified_gmt":"2019-04-10T16:31:41","slug":"ethernia-clinic-medical-san","status":"publish","type":"product","link":"https:\/\/www.lasershop.com.br\/?product=ethernia-clinic-medical-san","title":{"rendered":"Ethernia Clinic Medical San &#8211; Aparelho De Radiofrequ\u00eancia Multipolar Para Est\u00e9tica"},"content":{"rendered":"<body><p><span>O Ethernia Clinic \u00e9 um equipamento de radiofrequ\u00eancia capacitiva microcontrolado completo, operando nas faixas de ondas 650KHz, 1200 KHz e 2400KHz e pot\u00eancia de 70W. Possui indica\u00e7\u00e3o para gordura localizada, remodelagem corporal, flacidez tissular, rejuvenescimento, entre outros. Tratam-se de t\u00e9cnicas n\u00e3o-invasivas, sem efeitos sist\u00eamicos que n\u00e3o causam depend\u00eancia e n\u00e3o t\u00eam efeitos colaterais indesej\u00e1veis.<\/span><br>\n<span>A radiofrequ\u00eancia constitui-se em um recurso terap\u00eautico que utiliza ondas eletromagn\u00e9ticas de alta frequ\u00eancia, para promover um calor a n\u00edvel cut\u00e2neo e subcut\u00e2neo, por isso, \u00e9 considerada uma t\u00e9cnica n\u00e3o-invasiva.<\/span><\/p>\n<p><strong>Aplicadores do Ethernia Clinic<\/strong><\/p>\n<p>A Ethernia Clinic possui 3 aplicadores, um bipolar de 1200kHz com dois contatos circulares para tratamentos faciais. Um conc\u00eantrico monopolar de 650kHz para tratamentos corporais em \u00e1reas menores. O hexapolar de 650kHz com 6 contatos circulares, para tratamentos corporais em \u00e1reas maiores como coxas, gl\u00fateos e abd\u00f4men.<\/p>\n<p><strong>Diferenciais do Ethernia Clinic<\/strong><\/p>\n<ul>\n<li>Apresenta aplicadores conc\u00eantrico, bipolar e hexapolar.<\/li>\n<li>Dispensa o uso de pedais ou acess\u00f3rios de acionamento.<\/li>\n<li>Microcontrolado, com uma frequ\u00eancia de opera\u00e7\u00e3o do gerador de Radiofrequ\u00eancia de 650, 1200 e 2400kHz. Apresenta a pot\u00eancia m\u00e1xima de 70 Watts.<\/li>\n<li>Apresenta temperatura interna.<\/li>\n<li>Possui protocolos pr\u00e9-programados.<\/li>\n<li>Seu aquecimento \u00e9 instant\u00e2neo.<\/li>\n<li>Possui placa de retorno para o tratamento da gordura localizada.<\/li>\n<\/ul>\n<p><strong>Indica\u00e7\u00f5es<\/strong><\/p>\n<ul>\n<li>Flacidez Tissular;<\/li>\n<li>Rejuvenescimento e envelhecimento cut\u00e2neo;<\/li>\n<li>Rugas e Linhas de Express\u00e3o;<\/li>\n<li>Melhora da elasticidade da pele;<\/li>\n<li>Gordura localizada e remodelagem corporal;<\/li>\n<li>Regenera\u00e7\u00e3o de tecidos moles (nos est\u00e1gios de prolifera\u00e7\u00e3o e remodelamento);<\/li>\n<li>Processos inflamat\u00f3rios cr\u00f4nicos;<\/li>\n<li>Analgesia;<\/li>\n<li>Ader\u00eancias e fibroses;<\/li>\n<li>Cicatrizes hipertr\u00f3ficas e queloides;<\/li>\n<li>Celulite;<\/li>\n<li>Acne em fase cicatricial<\/li>\n<\/ul>\n<p><strong>Contraindica\u00e7\u00f5es<\/strong><\/p>\n<ul>\n<li>C\u00e2ncer ou met\u00e1stase;<\/li>\n<li>Pele n\u00e3o \u00edntegra;<\/li>\n<li>Tecido isqu\u00eamico;<\/li>\n<li>Trombose venosa;<\/li>\n<li>Gestantes;<\/li>\n<li>Condi\u00e7\u00f5es hemorr\u00e1gicas;<\/li>\n<li>Les\u00f5es tuberculosas ativas;<\/li>\n<li>Altera\u00e7\u00e3o de sensibilidade local;<\/li>\n<li>Portadores de marca passo card\u00edaco;<\/li>\n<li>Sobre pr\u00f3teses met\u00e1licas e de silicone;<\/li>\n<li>Processos infecciosos ou inflamat\u00f3rios agudos;<\/li>\n<li>Pr\u00f3teses ou implantes sob o local da aplica\u00e7\u00e3o.<\/li>\n<\/ul>\n<p><strong>Itens inclusos<\/strong><\/p>\n<ul>\n<li>01 Aparelho Ethernia Clinic Medical San \u2013 Aparelho de Radiofrequ\u00eancia Multipolar<\/li>\n<li>01 Aplicador corporal monopolar<\/li>\n<li>01 Aplicador corporal hexapolar<\/li>\n<li>01 Aplicador facial bipolar<\/li>\n<li>01 Term\u00f4metro<\/li>\n<li>01 Manual<\/li>\n<li>01 Suporte para Aplicador<\/li>\n<li>01 Gel Incolor 100g<\/li>\n<li>01 Cabo de Alimenta\u00e7\u00e3o<\/li>\n<\/ul>\n<p><strong>Importante<\/strong><\/p>\n<p><strong>Produto n\u00e3o acompanha Rack.<\/strong><\/p>\n<\/body>","protected":false},"excerpt":{"rendered":"<p>O Ethernia Clinic \u00e9 um equipamento de radiofrequ\u00eancia capacitiva microcontrolado completo, operando nas faixas de ondas 650KHz, 1200 KHz e 2400KHz e pot\u00eancia de 70W. Possui indica\u00e7\u00e3o para gordura localizada, remodelagem corporal, flacidez tissular, rejuvenescimento, entre outros. Tratam-se de t\u00e9cnicas n\u00e3o-invasivas, sem efeitos sist\u00eamicos que n\u00e3o causam depend\u00eancia e n\u00e3o t\u00eam efeitos colaterais indesej\u00e1veis. A [&hellip;]<\/p>\n","protected":false},"featured_media":120,"comment_status":"open","ping_status":"closed","template":"","meta":{"_et_pb_use_builder":"","_et_pb_old_content":"","_et_gb_content_width":""},"product_brand":[],"product_cat":[22],"product_tag":[],"class_list":{"0":"post-117","1":"product","2":"type-product","3":"status-publish","4":"has-post-thumbnail","6":"product_cat-linha-em-manutencao","8":"first","9":"instock","10":"taxable","11":"shipping-taxable","12":"purchasable","13":"product-type-simple"},"yoast_head":"<!-- This site is optimized with the Yoast SEO plugin v27.3 - https:\/\/yoast.com\/product\/yoast-seo-wordpress\/ -->\n<title>Ethernia Clinic Medical San - Aparelho De Radiofrequ\u00eancia Multipolar Para Est\u00e9tica - Laser Shop<\/title>\n<meta name=\"robots\" content=\"index, follow, max-snippet:-1, max-image-preview:large, max-video-preview:-1\" \/>\n<link rel=\"canonical\" href=\"https:\/\/www.lasershop.com.br\/?product=ethernia-clinic-medical-san\" \/>\n<meta property=\"og:locale\" content=\"pt_BR\" \/>\n<meta property=\"og:type\" content=\"article\" \/>\n<meta property=\"og:title\" content=\"Ethernia Clinic Medical San - Aparelho De Radiofrequ\u00eancia Multipolar Para Est\u00e9tica - Laser Shop\" \/>\n<meta property=\"og:description\" content=\"O Ethernia Clinic \u00e9 um equipamento de radiofrequ\u00eancia capacitiva microcontrolado completo, operando nas faixas de ondas 650KHz, 1200 KHz e 2400KHz e pot\u00eancia de 70W. Possui indica\u00e7\u00e3o para gordura localizada, remodelagem corporal, flacidez tissular, rejuvenescimento, entre outros. Tratam-se de t\u00e9cnicas n\u00e3o-invasivas, sem efeitos sist\u00eamicos que n\u00e3o causam depend\u00eancia e n\u00e3o t\u00eam efeitos colaterais indesej\u00e1veis. A [&hellip;]\" \/>\n<meta property=\"og:url\" content=\"https:\/\/www.lasershop.com.br\/?product=ethernia-clinic-medical-san\" \/>\n<meta property=\"og:site_name\" content=\"Laser Shop\" \/>\n<meta property=\"article:publisher\" content=\"https:\/\/facebook.com\/codaxmedica\" \/>\n<meta property=\"article:modified_time\" content=\"2019-04-10T16:31:41+00:00\" \/>\n<meta property=\"og:image\" content=\"https:\/\/lasershop.com.br\/wp-content\/uploads\/2019\/03\/etherniaclinicsemcarrinhosite.png\" \/>\n\t<meta property=\"og:image:width\" content=\"1160\" \/>\n\t<meta property=\"og:image:height\" content=\"600\" \/>\n\t<meta property=\"og:image:type\" content=\"image\/png\" \/>\n<meta name=\"twitter:card\" content=\"summary_large_image\" \/>\n<meta name=\"twitter:label1\" content=\"Est. tempo de leitura\" \/>\n\t<meta name=\"twitter:data1\" content=\"2 minutos\" \/>\n<script type=\"application\/ld+json\" class=\"yoast-schema-graph\">{\"@context\":\"https:\\\/\\\/schema.org\",\"@graph\":[{\"@type\":\"WebPage\",\"@id\":\"https:\\\/\\\/www.lasershop.com.br\\\/?product=ethernia-clinic-medical-san\",\"url\":\"https:\\\/\\\/www.lasershop.com.br\\\/?product=ethernia-clinic-medical-san\",\"name\":\"Ethernia Clinic Medical San - Aparelho De Radiofrequ\u00eancia Multipolar Para Est\u00e9tica - Laser Shop\",\"isPartOf\":{\"@id\":\"https:\\\/\\\/www.lasershop.com.br\\\/#website\"},\"primaryImageOfPage\":{\"@id\":\"https:\\\/\\\/www.lasershop.com.br\\\/?product=ethernia-clinic-medical-san#primaryimage\"},\"image\":{\"@id\":\"https:\\\/\\\/www.lasershop.com.br\\\/?product=ethernia-clinic-medical-san#primaryimage\"},\"thumbnailUrl\":\"https:\\\/\\\/lasershop.com.br\\\/wp-content\\\/uploads\\\/2019\\\/03\\\/etherniaclinicsemcarrinhosite.png\",\"datePublished\":\"2019-03-20T16:45:58+00:00\",\"dateModified\":\"2019-04-10T16:31:41+00:00\",\"breadcrumb\":{\"@id\":\"https:\\\/\\\/www.lasershop.com.br\\\/?product=ethernia-clinic-medical-san#breadcrumb\"},\"inLanguage\":\"pt-BR\",\"potentialAction\":[{\"@type\":\"ReadAction\",\"target\":[\"https:\\\/\\\/www.lasershop.com.br\\\/?product=ethernia-clinic-medical-san\"]}]},{\"@type\":\"ImageObject\",\"inLanguage\":\"pt-BR\",\"@id\":\"https:\\\/\\\/www.lasershop.com.br\\\/?product=ethernia-clinic-medical-san#primaryimage\",\"url\":\"https:\\\/\\\/lasershop.com.br\\\/wp-content\\\/uploads\\\/2019\\\/03\\\/etherniaclinicsemcarrinhosite.png\",\"contentUrl\":\"https:\\\/\\\/lasershop.com.br\\\/wp-content\\\/uploads\\\/2019\\\/03\\\/etherniaclinicsemcarrinhosite.png\",\"width\":1160,\"height\":600},{\"@type\":\"BreadcrumbList\",\"@id\":\"https:\\\/\\\/www.lasershop.com.br\\\/?product=ethernia-clinic-medical-san#breadcrumb\",\"itemListElement\":[{\"@type\":\"ListItem\",\"position\":1,\"name\":\"In\u00edcio\",\"item\":\"https:\\\/\\\/www.lasershop.com.br\\\/\"},{\"@type\":\"ListItem\",\"position\":2,\"name\":\"Home\",\"item\":\"https:\\\/\\\/www.lasershop.com.br\\\/?page_id=22\"},{\"@type\":\"ListItem\",\"position\":3,\"name\":\"Ethernia Clinic Medical San &#8211; Aparelho De Radiofrequ\u00eancia Multipolar Para Est\u00e9tica\"}]},{\"@type\":\"WebSite\",\"@id\":\"https:\\\/\\\/www.lasershop.com.br\\\/#website\",\"url\":\"https:\\\/\\\/www.lasershop.com.br\\\/\",\"name\":\"Laser Shop\",\"description\":\"Aparelhos Eletrom\u00e9dicos pelo melhor pre\u00e7o!\",\"publisher\":{\"@id\":\"https:\\\/\\\/www.lasershop.com.br\\\/#organization\"},\"potentialAction\":[{\"@type\":\"SearchAction\",\"target\":{\"@type\":\"EntryPoint\",\"urlTemplate\":\"https:\\\/\\\/www.lasershop.com.br\\\/?s={search_term_string}\"},\"query-input\":{\"@type\":\"PropertyValueSpecification\",\"valueRequired\":true,\"valueName\":\"search_term_string\"}}],\"inLanguage\":\"pt-BR\"},{\"@type\":\"Organization\",\"@id\":\"https:\\\/\\\/www.lasershop.com.br\\\/#organization\",\"name\":\"Laser Shop\",\"url\":\"https:\\\/\\\/www.lasershop.com.br\\\/\",\"logo\":{\"@type\":\"ImageObject\",\"inLanguage\":\"pt-BR\",\"@id\":\"https:\\\/\\\/www.lasershop.com.br\\\/#\\\/schema\\\/logo\\\/image\\\/\",\"url\":\"https:\\\/\\\/lasershop.com.br\\\/wp-content\\\/uploads\\\/2025\\\/09\\\/LOGO_LASERSHOP-.png\",\"contentUrl\":\"https:\\\/\\\/lasershop.com.br\\\/wp-content\\\/uploads\\\/2025\\\/09\\\/LOGO_LASERSHOP-.png\",\"width\":612,\"height\":408,\"caption\":\"Laser Shop\"},\"image\":{\"@id\":\"https:\\\/\\\/www.lasershop.com.br\\\/#\\\/schema\\\/logo\\\/image\\\/\"},\"sameAs\":[\"https:\\\/\\\/facebook.com\\\/codaxmedica\",\"https:\\\/\\\/instagram.com\\\/codaxmedica\"]}]}<\/script>\n<!-- \/ Yoast SEO plugin. -->","yoast_head_json":{"title":"Ethernia Clinic Medical San - Aparelho De Radiofrequ\u00eancia Multipolar Para Est\u00e9tica - Laser Shop","robots":{"index":"index","follow":"follow","max-snippet":"max-snippet:-1","max-image-preview":"max-image-preview:large","max-video-preview":"max-video-preview:-1"},"canonical":"https:\/\/www.lasershop.com.br\/?product=ethernia-clinic-medical-san","og_locale":"pt_BR","og_type":"article","og_title":"Ethernia Clinic Medical San - Aparelho De Radiofrequ\u00eancia Multipolar Para Est\u00e9tica - Laser Shop","og_description":"O Ethernia Clinic \u00e9 um equipamento de radiofrequ\u00eancia capacitiva microcontrolado completo, operando nas faixas de ondas 650KHz, 1200 KHz e 2400KHz e pot\u00eancia de 70W. Possui indica\u00e7\u00e3o para gordura localizada, remodelagem corporal, flacidez tissular, rejuvenescimento, entre outros. Tratam-se de t\u00e9cnicas n\u00e3o-invasivas, sem efeitos sist\u00eamicos que n\u00e3o causam depend\u00eancia e n\u00e3o t\u00eam efeitos colaterais indesej\u00e1veis. A [&hellip;]","og_url":"https:\/\/www.lasershop.com.br\/?product=ethernia-clinic-medical-san","og_site_name":"Laser Shop","article_publisher":"https:\/\/facebook.com\/codaxmedica","article_modified_time":"2019-04-10T16:31:41+00:00","og_image":[{"width":1160,"height":600,"url":"https:\/\/lasershop.com.br\/wp-content\/uploads\/2019\/03\/etherniaclinicsemcarrinhosite.png","type":"image\/png"}],"twitter_card":"summary_large_image","twitter_misc":{"Est. tempo de leitura":"2 minutos"},"schema":{"@context":"https:\/\/schema.org","@graph":[{"@type":"WebPage","@id":"https:\/\/www.lasershop.com.br\/?product=ethernia-clinic-medical-san","url":"https:\/\/www.lasershop.com.br\/?product=ethernia-clinic-medical-san","name":"Ethernia Clinic Medical San - Aparelho De Radiofrequ\u00eancia Multipolar Para Est\u00e9tica - Laser Shop","isPartOf":{"@id":"https:\/\/www.lasershop.com.br\/#website"},"primaryImageOfPage":{"@id":"https:\/\/www.lasershop.com.br\/?product=ethernia-clinic-medical-san#primaryimage"},"image":{"@id":"https:\/\/www.lasershop.com.br\/?product=ethernia-clinic-medical-san#primaryimage"},"thumbnailUrl":"https:\/\/lasershop.com.br\/wp-content\/uploads\/2019\/03\/etherniaclinicsemcarrinhosite.png","datePublished":"2019-03-20T16:45:58+00:00","dateModified":"2019-04-10T16:31:41+00:00","breadcrumb":{"@id":"https:\/\/www.lasershop.com.br\/?product=ethernia-clinic-medical-san#breadcrumb"},"inLanguage":"pt-BR","potentialAction":[{"@type":"ReadAction","target":["https:\/\/www.lasershop.com.br\/?product=ethernia-clinic-medical-san"]}]},{"@type":"ImageObject","inLanguage":"pt-BR","@id":"https:\/\/www.lasershop.com.br\/?product=ethernia-clinic-medical-san#primaryimage","url":"https:\/\/lasershop.com.br\/wp-content\/uploads\/2019\/03\/etherniaclinicsemcarrinhosite.png","contentUrl":"https:\/\/lasershop.com.br\/wp-content\/uploads\/2019\/03\/etherniaclinicsemcarrinhosite.png","width":1160,"height":600},{"@type":"BreadcrumbList","@id":"https:\/\/www.lasershop.com.br\/?product=ethernia-clinic-medical-san#breadcrumb","itemListElement":[{"@type":"ListItem","position":1,"name":"In\u00edcio","item":"https:\/\/www.lasershop.com.br\/"},{"@type":"ListItem","position":2,"name":"Home","item":"https:\/\/www.lasershop.com.br\/?page_id=22"},{"@type":"ListItem","position":3,"name":"Ethernia Clinic Medical San &#8211; Aparelho De Radiofrequ\u00eancia Multipolar Para Est\u00e9tica"}]},{"@type":"WebSite","@id":"https:\/\/www.lasershop.com.br\/#website","url":"https:\/\/www.lasershop.com.br\/","name":"Laser Shop","description":"Aparelhos Eletrom\u00e9dicos pelo melhor pre\u00e7o!","publisher":{"@id":"https:\/\/www.lasershop.com.br\/#organization"},"potentialAction":[{"@type":"SearchAction","target":{"@type":"EntryPoint","urlTemplate":"https:\/\/www.lasershop.com.br\/?s={search_term_string}"},"query-input":{"@type":"PropertyValueSpecification","valueRequired":true,"valueName":"search_term_string"}}],"inLanguage":"pt-BR"},{"@type":"Organization","@id":"https:\/\/www.lasershop.com.br\/#organization","name":"Laser Shop","url":"https:\/\/www.lasershop.com.br\/","logo":{"@type":"ImageObject","inLanguage":"pt-BR","@id":"https:\/\/www.lasershop.com.br\/#\/schema\/logo\/image\/","url":"https:\/\/lasershop.com.br\/wp-content\/uploads\/2025\/09\/LOGO_LASERSHOP-.png","contentUrl":"https:\/\/lasershop.com.br\/wp-content\/uploads\/2025\/09\/LOGO_LASERSHOP-.png","width":612,"height":408,"caption":"Laser Shop"},"image":{"@id":"https:\/\/www.lasershop.com.br\/#\/schema\/logo\/image\/"},"sameAs":["https:\/\/facebook.com\/codaxmedica","https:\/\/instagram.com\/codaxmedica"]}]}},"_links":{"self":[{"href":"https:\/\/www.lasershop.com.br\/index.php?rest_route=\/wp\/v2\/product\/117","targetHints":{"allow":["GET"]}}],"collection":[{"href":"https:\/\/www.lasershop.com.br\/index.php?rest_route=\/wp\/v2\/product"}],"about":[{"href":"https:\/\/www.lasershop.com.br\/index.php?rest_route=\/wp\/v2\/types\/product"}],"replies":[{"embeddable":true,"href":"https:\/\/www.lasershop.com.br\/index.php?rest_route=%2Fwp%2Fv2%2Fcomments&post=117"}],"wp:featuredmedia":[{"embeddable":true,"href":"https:\/\/www.lasershop.com.br\/index.php?rest_route=\/wp\/v2\/media\/120"}],"wp:attachment":[{"href":"https:\/\/www.lasershop.com.br\/index.php?rest_route=%2Fwp%2Fv2%2Fmedia&parent=117"}],"wp:term":[{"taxonomy":"product_brand","embeddable":true,"href":"https:\/\/www.lasershop.com.br\/index.php?rest_route=%2Fwp%2Fv2%2Fproduct_brand&post=117"},{"taxonomy":"product_cat","embeddable":true,"href":"https:\/\/www.lasershop.com.br\/index.php?rest_route=%2Fwp%2Fv2%2Fproduct_cat&post=117"},{"taxonomy":"product_tag","embeddable":true,"href":"https:\/\/www.lasershop.com.br\/index.php?rest_route=%2Fwp%2Fv2%2Fproduct_tag&post=117"}],"curies":[{"name":"wp","href":"https:\/\/api.w.org\/{rel}","templated":true}]}}