{"id":123,"date":"2019-03-20T16:56:45","date_gmt":"2019-03-20T16:56:45","guid":{"rendered":"https:\/\/lasershop.com.br\/?post_type=product&#038;p=123"},"modified":"2026-01-25T09:11:17","modified_gmt":"2026-01-25T09:11:17","slug":"lipocavity-wave","status":"publish","type":"product","link":"https:\/\/www.lasershop.com.br\/?product=lipocavity-wave","title":{"rendered":"Lipocavity Wave &#8211; Aparelho de Ondas de Choque e Lipocavita\u00e7\u00e3o"},"content":{"rendered":"<body><p>O<span>\u00a0<\/span><strong>Lipocavity Wave<\/strong><span>\u00a0<\/span>\u00e9 um equipamento de Ondas de Choque e ultracavita\u00e7\u00e3o, \u00e9 o melhor custo benef\u00edcio, pois, possui duas tecnologias em um equipamento. O ondas de choque \u00e9 pizoel\u00e9trico e possui disparos mec\u00e2nicos, sendo assim, ele \u00e9 100% silencioso, n\u00e3o possui limites de disparos e n\u00e3o \u00e9 necess\u00e1rio trocas de ponteiras, trazendo maior comodidade ao profissional e paciente. A ultracavita\u00e7\u00e3o ou \u201clipo sem cortes\u201d utilizado nas terapias por ultrassom de m\u00e9dia frequ\u00eancia 650KHz e n\u00e3o gera o \u201czumbido\u201d no ouvido do paciente possui o maior aplicador do mercado com cristal interno c\u00f4ncavo. Ideal para se trabalhar gorduras maiores a partir de 4,5cm, sendo aplica\u00e7\u00f5es de impulsos mec\u00e2nicos de press\u00e3o, de curta dura\u00e7\u00e3o (5 microssegundos), baixa, m\u00e9dia e alta densidade de energia (0,08 a 0,6mJ \/ mm2), baixa frequ\u00eancia (15 Hz)e sua frequ\u00eancia permite que seja utilizado como ultracavita\u00e7\u00e3o.<\/p>\n<p><strong>Aplicador<\/strong><\/p>\n<p>O aplicador do Lipocavity Wave tem um design sofisticado e elegante, metalizado e com leds azuis. Facilmente utiliz\u00e1vel, com um tamanho adequado para procedimentos em \u00e1reas corporais. Devido ao fato de a onda mec\u00e2nica ser produzida por um sistema piezoel\u00e9trico a sess\u00e3o se torna indolor, silenciosa e extremamente eficiente.<\/p>\n<p><strong>Indica\u00e7\u00f5es<\/strong><\/p>\n<ul>\n<li>Flacidez<\/li>\n<li>Celulite<\/li>\n<li>Gordura localizada<\/li>\n<li>Remodelagem corporal<\/li>\n<li>Rejuvenescimento<\/li>\n<li>P\u00f3s-operat\u00f3rio<\/li>\n<\/ul>\n<p><strong>Contraindica\u00e7\u00f5es<\/strong><\/p>\n<ul>\n<li>Arteriosclerose<\/li>\n<li>Doen\u00e7as hep\u00e1ticas ativas e antecedentes<\/li>\n<li>Patologias vasculares (tromboflebites, varizes de grande dimens\u00e3o)<\/li>\n<li>Insufici\u00eancia renal<\/li>\n<li>Implantes met\u00e1licos no local da aplica\u00e7\u00e3o<\/li>\n<li>Gravidez e amamenta\u00e7\u00e3o<\/li>\n<li>Neoplasias<\/li>\n<li>\u00c1reas inflamadas<\/li>\n<li>Elevados valores de triglicer\u00eddeos<\/li>\n<li>Infec\u00e7\u00e3o ativas<\/li>\n<li>Terapia anticoagulantes<\/li>\n<li>Proximidade \u00f3ssea<\/li>\n<li>Osteoporose<\/li>\n<li>Diabetes descontroladas<\/li>\n<li>Psor\u00edase<\/li>\n<li>L\u00fapus<\/li>\n<\/ul>\n<p><strong>Itens Inclusos<\/strong><\/p>\n<ul>\n<li>01 Lipocavity Wave Medical San \u2013 Aparelho de Ondas Curtas<\/li>\n<li>01 Manopla para aplica\u00e7\u00e3o corporal<\/li>\n<li>01 Cabo de alimenta\u00e7\u00e3o el\u00e9trica<\/li>\n<li>01 Manual de usu\u00e1rio<\/li>\n<li>01 Gel incolor 100g<\/li>\n<\/ul>\n<p><strong>Importante\u00a0<\/strong><\/p>\n<p>Produto n\u00e3o acompanha hack.<\/p>\n<p>\u00a0<\/p>\n<\/body>","protected":false},"excerpt":{"rendered":"<p>O\u00a0Lipocavity Wave\u00a0\u00e9 um equipamento de Ondas de Choque e ultracavita\u00e7\u00e3o, \u00e9 o melhor custo benef\u00edcio, pois, possui duas tecnologias em um equipamento. O ondas de choque \u00e9 pizoel\u00e9trico e possui disparos mec\u00e2nicos, sendo assim, ele \u00e9 100% silencioso, n\u00e3o possui limites de disparos e n\u00e3o \u00e9 necess\u00e1rio trocas de ponteiras, trazendo maior comodidade ao profissional [&hellip;]<\/p>\n","protected":false},"featured_media":126,"comment_status":"open","ping_status":"closed","template":"","meta":{"_et_pb_use_builder":"","_et_pb_old_content":"","_et_gb_content_width":""},"product_brand":[],"product_cat":[22],"product_tag":[],"class_list":{"0":"post-123","1":"product","2":"type-product","3":"status-publish","4":"has-post-thumbnail","6":"product_cat-linha-em-manutencao","8":"first","9":"instock","10":"taxable","11":"shipping-taxable","12":"purchasable","13":"product-type-simple"},"yoast_head":"<!-- This site is optimized with the Yoast SEO plugin v27.3 - https:\/\/yoast.com\/product\/yoast-seo-wordpress\/ -->\n<title>Lipocavity Wave - Aparelho de Ondas de Choque e Lipocavita\u00e7\u00e3o - Laser Shop<\/title>\n<meta name=\"robots\" content=\"index, follow, max-snippet:-1, max-image-preview:large, max-video-preview:-1\" \/>\n<link rel=\"canonical\" href=\"https:\/\/www.lasershop.com.br\/?product=lipocavity-wave\" \/>\n<meta property=\"og:locale\" content=\"pt_BR\" \/>\n<meta property=\"og:type\" content=\"article\" \/>\n<meta property=\"og:title\" content=\"Lipocavity Wave - Aparelho de Ondas de Choque e Lipocavita\u00e7\u00e3o - Laser Shop\" \/>\n<meta property=\"og:description\" content=\"O\u00a0Lipocavity Wave\u00a0\u00e9 um equipamento de Ondas de Choque e ultracavita\u00e7\u00e3o, \u00e9 o melhor custo benef\u00edcio, pois, possui duas tecnologias em um equipamento. O ondas de choque \u00e9 pizoel\u00e9trico e possui disparos mec\u00e2nicos, sendo assim, ele \u00e9 100% silencioso, n\u00e3o possui limites de disparos e n\u00e3o \u00e9 necess\u00e1rio trocas de ponteiras, trazendo maior comodidade ao profissional [&hellip;]\" \/>\n<meta property=\"og:url\" content=\"https:\/\/www.lasershop.com.br\/?product=lipocavity-wave\" \/>\n<meta property=\"og:site_name\" content=\"Laser Shop\" \/>\n<meta property=\"article:publisher\" content=\"https:\/\/facebook.com\/codaxmedica\" \/>\n<meta property=\"article:modified_time\" content=\"2026-01-25T09:11:17+00:00\" \/>\n<meta property=\"og:image\" content=\"https:\/\/lasershop.com.br\/wp-content\/uploads\/2019\/03\/lipocavitywavesite-1.png\" \/>\n\t<meta property=\"og:image:width\" content=\"1160\" \/>\n\t<meta property=\"og:image:height\" content=\"600\" \/>\n\t<meta property=\"og:image:type\" content=\"image\/png\" \/>\n<meta name=\"twitter:card\" content=\"summary_large_image\" \/>\n<meta name=\"twitter:label1\" content=\"Est. tempo de leitura\" \/>\n\t<meta name=\"twitter:data1\" content=\"2 minutos\" \/>\n<script type=\"application\/ld+json\" class=\"yoast-schema-graph\">{\"@context\":\"https:\\\/\\\/schema.org\",\"@graph\":[{\"@type\":\"WebPage\",\"@id\":\"https:\\\/\\\/www.lasershop.com.br\\\/?product=lipocavity-wave\",\"url\":\"https:\\\/\\\/www.lasershop.com.br\\\/?product=lipocavity-wave\",\"name\":\"Lipocavity Wave - Aparelho de Ondas de Choque e Lipocavita\u00e7\u00e3o - Laser Shop\",\"isPartOf\":{\"@id\":\"https:\\\/\\\/www.lasershop.com.br\\\/#website\"},\"primaryImageOfPage\":{\"@id\":\"https:\\\/\\\/www.lasershop.com.br\\\/?product=lipocavity-wave#primaryimage\"},\"image\":{\"@id\":\"https:\\\/\\\/www.lasershop.com.br\\\/?product=lipocavity-wave#primaryimage\"},\"thumbnailUrl\":\"https:\\\/\\\/lasershop.com.br\\\/wp-content\\\/uploads\\\/2019\\\/03\\\/lipocavitywavesite-1.png\",\"datePublished\":\"2019-03-20T16:56:45+00:00\",\"dateModified\":\"2026-01-25T09:11:17+00:00\",\"breadcrumb\":{\"@id\":\"https:\\\/\\\/www.lasershop.com.br\\\/?product=lipocavity-wave#breadcrumb\"},\"inLanguage\":\"pt-BR\",\"potentialAction\":[{\"@type\":\"ReadAction\",\"target\":[\"https:\\\/\\\/www.lasershop.com.br\\\/?product=lipocavity-wave\"]}]},{\"@type\":\"ImageObject\",\"inLanguage\":\"pt-BR\",\"@id\":\"https:\\\/\\\/www.lasershop.com.br\\\/?product=lipocavity-wave#primaryimage\",\"url\":\"https:\\\/\\\/lasershop.com.br\\\/wp-content\\\/uploads\\\/2019\\\/03\\\/lipocavitywavesite-1.png\",\"contentUrl\":\"https:\\\/\\\/lasershop.com.br\\\/wp-content\\\/uploads\\\/2019\\\/03\\\/lipocavitywavesite-1.png\",\"width\":1160,\"height\":600},{\"@type\":\"BreadcrumbList\",\"@id\":\"https:\\\/\\\/www.lasershop.com.br\\\/?product=lipocavity-wave#breadcrumb\",\"itemListElement\":[{\"@type\":\"ListItem\",\"position\":1,\"name\":\"In\u00edcio\",\"item\":\"https:\\\/\\\/www.lasershop.com.br\\\/\"},{\"@type\":\"ListItem\",\"position\":2,\"name\":\"Home\",\"item\":\"https:\\\/\\\/www.lasershop.com.br\\\/?page_id=22\"},{\"@type\":\"ListItem\",\"position\":3,\"name\":\"Lipocavity Wave &#8211; Aparelho de Ondas de Choque e Lipocavita\u00e7\u00e3o\"}]},{\"@type\":\"WebSite\",\"@id\":\"https:\\\/\\\/www.lasershop.com.br\\\/#website\",\"url\":\"https:\\\/\\\/www.lasershop.com.br\\\/\",\"name\":\"Laser Shop\",\"description\":\"Aparelhos Eletrom\u00e9dicos pelo melhor pre\u00e7o!\",\"publisher\":{\"@id\":\"https:\\\/\\\/www.lasershop.com.br\\\/#organization\"},\"potentialAction\":[{\"@type\":\"SearchAction\",\"target\":{\"@type\":\"EntryPoint\",\"urlTemplate\":\"https:\\\/\\\/www.lasershop.com.br\\\/?s={search_term_string}\"},\"query-input\":{\"@type\":\"PropertyValueSpecification\",\"valueRequired\":true,\"valueName\":\"search_term_string\"}}],\"inLanguage\":\"pt-BR\"},{\"@type\":\"Organization\",\"@id\":\"https:\\\/\\\/www.lasershop.com.br\\\/#organization\",\"name\":\"Laser Shop\",\"url\":\"https:\\\/\\\/www.lasershop.com.br\\\/\",\"logo\":{\"@type\":\"ImageObject\",\"inLanguage\":\"pt-BR\",\"@id\":\"https:\\\/\\\/www.lasershop.com.br\\\/#\\\/schema\\\/logo\\\/image\\\/\",\"url\":\"https:\\\/\\\/lasershop.com.br\\\/wp-content\\\/uploads\\\/2025\\\/09\\\/LOGO_LASERSHOP-.png\",\"contentUrl\":\"https:\\\/\\\/lasershop.com.br\\\/wp-content\\\/uploads\\\/2025\\\/09\\\/LOGO_LASERSHOP-.png\",\"width\":612,\"height\":408,\"caption\":\"Laser Shop\"},\"image\":{\"@id\":\"https:\\\/\\\/www.lasershop.com.br\\\/#\\\/schema\\\/logo\\\/image\\\/\"},\"sameAs\":[\"https:\\\/\\\/facebook.com\\\/codaxmedica\",\"https:\\\/\\\/instagram.com\\\/codaxmedica\"]}]}<\/script>\n<!-- \/ Yoast SEO plugin. -->","yoast_head_json":{"title":"Lipocavity Wave - Aparelho de Ondas de Choque e Lipocavita\u00e7\u00e3o - Laser Shop","robots":{"index":"index","follow":"follow","max-snippet":"max-snippet:-1","max-image-preview":"max-image-preview:large","max-video-preview":"max-video-preview:-1"},"canonical":"https:\/\/www.lasershop.com.br\/?product=lipocavity-wave","og_locale":"pt_BR","og_type":"article","og_title":"Lipocavity Wave - Aparelho de Ondas de Choque e Lipocavita\u00e7\u00e3o - Laser Shop","og_description":"O\u00a0Lipocavity Wave\u00a0\u00e9 um equipamento de Ondas de Choque e ultracavita\u00e7\u00e3o, \u00e9 o melhor custo benef\u00edcio, pois, possui duas tecnologias em um equipamento. O ondas de choque \u00e9 pizoel\u00e9trico e possui disparos mec\u00e2nicos, sendo assim, ele \u00e9 100% silencioso, n\u00e3o possui limites de disparos e n\u00e3o \u00e9 necess\u00e1rio trocas de ponteiras, trazendo maior comodidade ao profissional [&hellip;]","og_url":"https:\/\/www.lasershop.com.br\/?product=lipocavity-wave","og_site_name":"Laser Shop","article_publisher":"https:\/\/facebook.com\/codaxmedica","article_modified_time":"2026-01-25T09:11:17+00:00","og_image":[{"width":1160,"height":600,"url":"https:\/\/lasershop.com.br\/wp-content\/uploads\/2019\/03\/lipocavitywavesite-1.png","type":"image\/png"}],"twitter_card":"summary_large_image","twitter_misc":{"Est. tempo de leitura":"2 minutos"},"schema":{"@context":"https:\/\/schema.org","@graph":[{"@type":"WebPage","@id":"https:\/\/www.lasershop.com.br\/?product=lipocavity-wave","url":"https:\/\/www.lasershop.com.br\/?product=lipocavity-wave","name":"Lipocavity Wave - Aparelho de Ondas de Choque e Lipocavita\u00e7\u00e3o - Laser Shop","isPartOf":{"@id":"https:\/\/www.lasershop.com.br\/#website"},"primaryImageOfPage":{"@id":"https:\/\/www.lasershop.com.br\/?product=lipocavity-wave#primaryimage"},"image":{"@id":"https:\/\/www.lasershop.com.br\/?product=lipocavity-wave#primaryimage"},"thumbnailUrl":"https:\/\/lasershop.com.br\/wp-content\/uploads\/2019\/03\/lipocavitywavesite-1.png","datePublished":"2019-03-20T16:56:45+00:00","dateModified":"2026-01-25T09:11:17+00:00","breadcrumb":{"@id":"https:\/\/www.lasershop.com.br\/?product=lipocavity-wave#breadcrumb"},"inLanguage":"pt-BR","potentialAction":[{"@type":"ReadAction","target":["https:\/\/www.lasershop.com.br\/?product=lipocavity-wave"]}]},{"@type":"ImageObject","inLanguage":"pt-BR","@id":"https:\/\/www.lasershop.com.br\/?product=lipocavity-wave#primaryimage","url":"https:\/\/lasershop.com.br\/wp-content\/uploads\/2019\/03\/lipocavitywavesite-1.png","contentUrl":"https:\/\/lasershop.com.br\/wp-content\/uploads\/2019\/03\/lipocavitywavesite-1.png","width":1160,"height":600},{"@type":"BreadcrumbList","@id":"https:\/\/www.lasershop.com.br\/?product=lipocavity-wave#breadcrumb","itemListElement":[{"@type":"ListItem","position":1,"name":"In\u00edcio","item":"https:\/\/www.lasershop.com.br\/"},{"@type":"ListItem","position":2,"name":"Home","item":"https:\/\/www.lasershop.com.br\/?page_id=22"},{"@type":"ListItem","position":3,"name":"Lipocavity Wave &#8211; Aparelho de Ondas de Choque e Lipocavita\u00e7\u00e3o"}]},{"@type":"WebSite","@id":"https:\/\/www.lasershop.com.br\/#website","url":"https:\/\/www.lasershop.com.br\/","name":"Laser Shop","description":"Aparelhos Eletrom\u00e9dicos pelo melhor pre\u00e7o!","publisher":{"@id":"https:\/\/www.lasershop.com.br\/#organization"},"potentialAction":[{"@type":"SearchAction","target":{"@type":"EntryPoint","urlTemplate":"https:\/\/www.lasershop.com.br\/?s={search_term_string}"},"query-input":{"@type":"PropertyValueSpecification","valueRequired":true,"valueName":"search_term_string"}}],"inLanguage":"pt-BR"},{"@type":"Organization","@id":"https:\/\/www.lasershop.com.br\/#organization","name":"Laser Shop","url":"https:\/\/www.lasershop.com.br\/","logo":{"@type":"ImageObject","inLanguage":"pt-BR","@id":"https:\/\/www.lasershop.com.br\/#\/schema\/logo\/image\/","url":"https:\/\/lasershop.com.br\/wp-content\/uploads\/2025\/09\/LOGO_LASERSHOP-.png","contentUrl":"https:\/\/lasershop.com.br\/wp-content\/uploads\/2025\/09\/LOGO_LASERSHOP-.png","width":612,"height":408,"caption":"Laser Shop"},"image":{"@id":"https:\/\/www.lasershop.com.br\/#\/schema\/logo\/image\/"},"sameAs":["https:\/\/facebook.com\/codaxmedica","https:\/\/instagram.com\/codaxmedica"]}]}},"_links":{"self":[{"href":"https:\/\/www.lasershop.com.br\/index.php?rest_route=\/wp\/v2\/product\/123","targetHints":{"allow":["GET"]}}],"collection":[{"href":"https:\/\/www.lasershop.com.br\/index.php?rest_route=\/wp\/v2\/product"}],"about":[{"href":"https:\/\/www.lasershop.com.br\/index.php?rest_route=\/wp\/v2\/types\/product"}],"replies":[{"embeddable":true,"href":"https:\/\/www.lasershop.com.br\/index.php?rest_route=%2Fwp%2Fv2%2Fcomments&post=123"}],"wp:featuredmedia":[{"embeddable":true,"href":"https:\/\/www.lasershop.com.br\/index.php?rest_route=\/wp\/v2\/media\/126"}],"wp:attachment":[{"href":"https:\/\/www.lasershop.com.br\/index.php?rest_route=%2Fwp%2Fv2%2Fmedia&parent=123"}],"wp:term":[{"taxonomy":"product_brand","embeddable":true,"href":"https:\/\/www.lasershop.com.br\/index.php?rest_route=%2Fwp%2Fv2%2Fproduct_brand&post=123"},{"taxonomy":"product_cat","embeddable":true,"href":"https:\/\/www.lasershop.com.br\/index.php?rest_route=%2Fwp%2Fv2%2Fproduct_cat&post=123"},{"taxonomy":"product_tag","embeddable":true,"href":"https:\/\/www.lasershop.com.br\/index.php?rest_route=%2Fwp%2Fv2%2Fproduct_tag&post=123"}],"curies":[{"name":"wp","href":"https:\/\/api.w.org\/{rel}","templated":true}]}}