{"id":128,"date":"2019-03-20T17:07:46","date_gmt":"2019-03-20T17:07:46","guid":{"rendered":"https:\/\/lasershop.com.br\/?post_type=product&#038;p=128"},"modified":"2019-04-10T16:32:39","modified_gmt":"2019-04-10T16:32:39","slug":"ethernia-cold-aparelho-de-coldfrequencia","status":"publish","type":"product","link":"https:\/\/www.lasershop.com.br\/?product=ethernia-cold-aparelho-de-coldfrequencia","title":{"rendered":"Ethernia Cold &#8211; Aparelho de Coldfrequ\u00eancia"},"content":{"rendered":"<body><p><span>O\u00a0<\/span><strong>Ethernia Cold<\/strong><span>\u00a0\u00e9 um equipamento de criofrequ\u00eancia que apresenta inova\u00e7\u00f5es em sua programa\u00e7\u00e3o com m\u00faltiplas op\u00e7\u00f5es em coldfrequ\u00eancia, crioterapia e a grande novidade, a crioterapia de contraste com terapias de aquecimento e resfriamento, aumentando os n\u00edveis de resultado. Al\u00e9m disso, \u00e9 poss\u00edvel acoplar as manoplas da radiofrequ\u00eancia, fazendo com que o Ethernia Cold seja um equipamento de criofrequ\u00eancia e radiofrequ\u00eancia, atrav\u00e9s da possibilidade de upgrade. Outro grande diferencial \u00e9 o aplicador multiuso, que al\u00e9m de operar nas op\u00e7\u00f5es descritas acima, tamb\u00e9m poder\u00e1 ser utilizado em tratamentos corporais, faciais e em \u00e1reas como colo e papada. O aparelho \u00e9 uma inova\u00e7\u00e3o de op\u00e7\u00f5es em tratamentos est\u00e9ticos e beleza, acess\u00edvel em termos econ\u00f4micos, com possibilidade de aumentar o faturamento do seu consult\u00f3rio e, principalmente, por sua versatilidade de adaptar aplicadores de radiofrequ\u00eancia onde \u00e9 poss\u00edvel ter dois equipamentos em um.<\/span><\/p>\n<p><strong>Indica\u00e7\u00f5es<\/strong><\/p>\n<ul>\n<li>Flacidez tissular<\/li>\n<li>Gordura Localizada e Remodelagem corporal<\/li>\n<li>Rejuvenescimento<\/li>\n<li>Linhas de express\u00e3o<\/li>\n<li>Fibrose p\u00f3s-operat\u00f3ria<\/li>\n<li>Celulite<\/li>\n<li>Estrias<\/li>\n<li>Adiposidade<\/li>\n<\/ul>\n<p><strong>Contraindica\u00e7\u00f5es<\/strong><\/p>\n<ul>\n<li>Processos inflamat\u00f3rios e infecciosos<\/li>\n<li>Marca-passos ou desfibriladores interno<\/li>\n<li>Gr\u00e1vidas ou lactantes<\/li>\n<li>C\u00e2ncer (especialmente c\u00e2ncer de pele ou pintas pr\u00e9-malignas)<\/li>\n<li>Enfermidade estimulada pelo calor (melasma)<\/li>\n<li>Hist\u00f3rico de dist\u00farbios da pele (como cicatriza\u00e7\u00f5es queloides)<\/li>\n<li>Tecido isqu\u00eamico<\/li>\n<li>Trombose venosa<\/li>\n<li>Condi\u00e7\u00f5es hemorr\u00e1gicas<\/li>\n<li>Les\u00f5es tuberculosas ativas<\/li>\n<li>Sobre pr\u00f3teses met\u00e1licas e de silicone<\/li>\n<li>Processos infecciosos ou inflamat\u00f3rios agudos.<\/li>\n<\/ul>\n<p><span style=\"font-size: 12pt;\"><strong>Caracter\u00edsticas T\u00e9cnicas<br>\n<\/strong><\/span><\/p>\n<div id=\"fragment-3-1004625113\" class=\"clearfix be-tab-content ui-tabs-panel ui-widget-content ui-corner-bottom\" style=\"display: block;\" aria-labelledby=\"ui-id-3\" aria-hidden=\"false\">\n<p><strong>Descri\u00e7\u00e3o el\u00e9trica do equipamento:<\/strong><br>\n\u2022Alimenta\u00e7\u00e3o: 127 \u2013 220 VAC \/ 60 Hz<br>\n\u2022Pot\u00eancia de entrada: 300VA<br>\n\u2022Fus\u00edveis: 3A A\u00e7\u00e3o r\u00e1pida 250V~ (20AG)<br>\ncapacidade de ruptura 50A<br>\n\u2022Classe El\u00e9trica: Classe I<br>\n\u2022Prote\u00e7\u00e3o El\u00e9trica: TIPO BF<\/p>\n<p><strong>Dimens\u00f5es do gabinete:<\/strong><br>\n\u2022Largura: 45 cm \u00b1 5%<br>\n\u2022Profundidade: 34 cm \u00b1 5%<br>\n\u2022Altura: 20 cm \u00b1 5%<br>\n\u2022Peso: 6,5kg \u00b1 5%<\/p>\n<p><span style=\"font-size: 12pt;\"><strong>Incluso<br>\n<\/strong><\/span><\/p>\n<ul>\n<li><span style=\"font-size: 12pt;\">\u00a0Equipamento<strong><br>\n<\/strong><\/span><\/li>\n<li data-block=\"true\" data-editor=\"cv7oq\" data-offset-key=\"5jkki-0-0\">\n<div class=\"_1mf _1mj\" data-offset-key=\"5jkki-0-0\"><span data-offset-key=\"5jkki-0-0\">\u00a0Aplicador Conc\u00eantrico<\/span><\/div>\n<\/li>\n<li data-block=\"true\" data-editor=\"cv7oq\" data-offset-key=\"6p22s-0-0\">\n<div class=\"_1mf _1mj\" data-offset-key=\"6p22s-0-0\"><span data-offset-key=\"6p22s-0-0\">Aplicador Coldfrequ\u00eancia<\/span><\/div>\n<\/li>\n<li data-block=\"true\" data-editor=\"cv7oq\" data-offset-key=\"a9l4e-0-0\">\n<div class=\"_1mf _1mj\" data-offset-key=\"a9l4e-0-0\"><span data-offset-key=\"a9l4e-0-0\">Manual<\/span><\/div>\n<\/li>\n<li data-block=\"true\" data-editor=\"cv7oq\" data-offset-key=\"a061f-0-0\">\n<div class=\"_1mf _1mj\" data-offset-key=\"a061f-0-0\"><span data-offset-key=\"a061f-0-0\">Cabo de Alimenta\u00e7\u00e3o<\/span><\/div>\n<\/li>\n<li data-block=\"true\" data-editor=\"cv7oq\" data-offset-key=\"6d1qp-0-0\">\n<div class=\"_1mf _1mj\" data-offset-key=\"6d1qp-0-0\"><span data-offset-key=\"6d1qp-0-0\">Suporte para Aplicadores<\/span><\/div>\n<\/li>\n<li data-block=\"true\" data-editor=\"cv7oq\" data-offset-key=\"2e4sn-0-0\">\n<div class=\"_1mf _1mj\" data-offset-key=\"2e4sn-0-0\"><span data-offset-key=\"2e4sn-0-0\">Term\u00f4metro<\/span><\/div>\n<\/li>\n<li data-block=\"true\" data-editor=\"cv7oq\" data-offset-key=\"e9nmr-0-0\">\n<div class=\"_1mf _1mj\" data-offset-key=\"e9nmr-0-0\"><span data-offset-key=\"e9nmr-0-0\">Banner<\/span><\/div>\n<\/li>\n<li data-block=\"true\" data-editor=\"cv7oq\" data-offset-key=\"4idtn-0-0\">\n<div class=\"_1mf _1mj\" data-offset-key=\"4idtn-0-0\"><span data-offset-key=\"4idtn-0-0\">Gel Incolor 100g<\/span><\/div>\n<\/li>\n<\/ul>\n<\/div>\n<\/body>","protected":false},"excerpt":{"rendered":"<p>O\u00a0Ethernia Cold\u00a0\u00e9 um equipamento de criofrequ\u00eancia que apresenta inova\u00e7\u00f5es em sua programa\u00e7\u00e3o com m\u00faltiplas op\u00e7\u00f5es em coldfrequ\u00eancia, crioterapia e a grande novidade, a crioterapia de contraste com terapias de aquecimento e resfriamento, aumentando os n\u00edveis de resultado. Al\u00e9m disso, \u00e9 poss\u00edvel acoplar as manoplas da radiofrequ\u00eancia, fazendo com que o Ethernia Cold seja um equipamento [&hellip;]<\/p>\n","protected":false},"featured_media":211,"comment_status":"open","ping_status":"closed","template":"","meta":{"_et_pb_use_builder":"","_et_pb_old_content":"","_et_gb_content_width":""},"product_brand":[],"product_cat":[22],"product_tag":[],"class_list":{"0":"post-128","1":"product","2":"type-product","3":"status-publish","4":"has-post-thumbnail","6":"product_cat-linha-em-manutencao","8":"first","9":"instock","10":"taxable","11":"shipping-taxable","12":"purchasable","13":"product-type-simple"},"yoast_head":"<!-- This site is optimized with the Yoast SEO plugin v27.3 - https:\/\/yoast.com\/product\/yoast-seo-wordpress\/ -->\n<title>Ethernia Cold - Aparelho de Coldfrequ\u00eancia - Laser Shop<\/title>\n<meta name=\"robots\" content=\"index, follow, max-snippet:-1, max-image-preview:large, max-video-preview:-1\" \/>\n<link rel=\"canonical\" href=\"https:\/\/www.lasershop.com.br\/?product=ethernia-cold-aparelho-de-coldfrequencia\" \/>\n<meta property=\"og:locale\" content=\"pt_BR\" \/>\n<meta property=\"og:type\" content=\"article\" \/>\n<meta property=\"og:title\" content=\"Ethernia Cold - Aparelho de Coldfrequ\u00eancia - Laser Shop\" \/>\n<meta property=\"og:description\" content=\"O\u00a0Ethernia Cold\u00a0\u00e9 um equipamento de criofrequ\u00eancia que apresenta inova\u00e7\u00f5es em sua programa\u00e7\u00e3o com m\u00faltiplas op\u00e7\u00f5es em coldfrequ\u00eancia, crioterapia e a grande novidade, a crioterapia de contraste com terapias de aquecimento e resfriamento, aumentando os n\u00edveis de resultado. Al\u00e9m disso, \u00e9 poss\u00edvel acoplar as manoplas da radiofrequ\u00eancia, fazendo com que o Ethernia Cold seja um equipamento [&hellip;]\" \/>\n<meta property=\"og:url\" content=\"https:\/\/www.lasershop.com.br\/?product=ethernia-cold-aparelho-de-coldfrequencia\" \/>\n<meta property=\"og:site_name\" content=\"Laser Shop\" \/>\n<meta property=\"article:publisher\" content=\"https:\/\/facebook.com\/codaxmedica\" \/>\n<meta property=\"article:modified_time\" content=\"2019-04-10T16:32:39+00:00\" \/>\n<meta property=\"og:image\" content=\"https:\/\/lasershop.com.br\/wp-content\/uploads\/2019\/03\/etherniacoldsemcarrinhosite-1.png\" \/>\n\t<meta property=\"og:image:width\" content=\"1160\" \/>\n\t<meta property=\"og:image:height\" content=\"600\" \/>\n\t<meta property=\"og:image:type\" content=\"image\/png\" \/>\n<meta name=\"twitter:card\" content=\"summary_large_image\" \/>\n<meta name=\"twitter:label1\" content=\"Est. tempo de leitura\" \/>\n\t<meta name=\"twitter:data1\" content=\"2 minutos\" \/>\n<script type=\"application\/ld+json\" class=\"yoast-schema-graph\">{\"@context\":\"https:\\\/\\\/schema.org\",\"@graph\":[{\"@type\":\"WebPage\",\"@id\":\"https:\\\/\\\/www.lasershop.com.br\\\/?product=ethernia-cold-aparelho-de-coldfrequencia\",\"url\":\"https:\\\/\\\/www.lasershop.com.br\\\/?product=ethernia-cold-aparelho-de-coldfrequencia\",\"name\":\"Ethernia Cold - Aparelho de Coldfrequ\u00eancia - Laser Shop\",\"isPartOf\":{\"@id\":\"https:\\\/\\\/www.lasershop.com.br\\\/#website\"},\"primaryImageOfPage\":{\"@id\":\"https:\\\/\\\/www.lasershop.com.br\\\/?product=ethernia-cold-aparelho-de-coldfrequencia#primaryimage\"},\"image\":{\"@id\":\"https:\\\/\\\/www.lasershop.com.br\\\/?product=ethernia-cold-aparelho-de-coldfrequencia#primaryimage\"},\"thumbnailUrl\":\"https:\\\/\\\/lasershop.com.br\\\/wp-content\\\/uploads\\\/2019\\\/03\\\/etherniacoldsemcarrinhosite-1.png\",\"datePublished\":\"2019-03-20T17:07:46+00:00\",\"dateModified\":\"2019-04-10T16:32:39+00:00\",\"breadcrumb\":{\"@id\":\"https:\\\/\\\/www.lasershop.com.br\\\/?product=ethernia-cold-aparelho-de-coldfrequencia#breadcrumb\"},\"inLanguage\":\"pt-BR\",\"potentialAction\":[{\"@type\":\"ReadAction\",\"target\":[\"https:\\\/\\\/www.lasershop.com.br\\\/?product=ethernia-cold-aparelho-de-coldfrequencia\"]}]},{\"@type\":\"ImageObject\",\"inLanguage\":\"pt-BR\",\"@id\":\"https:\\\/\\\/www.lasershop.com.br\\\/?product=ethernia-cold-aparelho-de-coldfrequencia#primaryimage\",\"url\":\"https:\\\/\\\/lasershop.com.br\\\/wp-content\\\/uploads\\\/2019\\\/03\\\/etherniacoldsemcarrinhosite-1.png\",\"contentUrl\":\"https:\\\/\\\/lasershop.com.br\\\/wp-content\\\/uploads\\\/2019\\\/03\\\/etherniacoldsemcarrinhosite-1.png\",\"width\":1160,\"height\":600},{\"@type\":\"BreadcrumbList\",\"@id\":\"https:\\\/\\\/www.lasershop.com.br\\\/?product=ethernia-cold-aparelho-de-coldfrequencia#breadcrumb\",\"itemListElement\":[{\"@type\":\"ListItem\",\"position\":1,\"name\":\"In\u00edcio\",\"item\":\"https:\\\/\\\/www.lasershop.com.br\\\/\"},{\"@type\":\"ListItem\",\"position\":2,\"name\":\"Home\",\"item\":\"https:\\\/\\\/www.lasershop.com.br\\\/?page_id=22\"},{\"@type\":\"ListItem\",\"position\":3,\"name\":\"Ethernia Cold &#8211; Aparelho de Coldfrequ\u00eancia\"}]},{\"@type\":\"WebSite\",\"@id\":\"https:\\\/\\\/www.lasershop.com.br\\\/#website\",\"url\":\"https:\\\/\\\/www.lasershop.com.br\\\/\",\"name\":\"Laser Shop\",\"description\":\"Aparelhos Eletrom\u00e9dicos pelo melhor pre\u00e7o!\",\"publisher\":{\"@id\":\"https:\\\/\\\/www.lasershop.com.br\\\/#organization\"},\"potentialAction\":[{\"@type\":\"SearchAction\",\"target\":{\"@type\":\"EntryPoint\",\"urlTemplate\":\"https:\\\/\\\/www.lasershop.com.br\\\/?s={search_term_string}\"},\"query-input\":{\"@type\":\"PropertyValueSpecification\",\"valueRequired\":true,\"valueName\":\"search_term_string\"}}],\"inLanguage\":\"pt-BR\"},{\"@type\":\"Organization\",\"@id\":\"https:\\\/\\\/www.lasershop.com.br\\\/#organization\",\"name\":\"Laser Shop\",\"url\":\"https:\\\/\\\/www.lasershop.com.br\\\/\",\"logo\":{\"@type\":\"ImageObject\",\"inLanguage\":\"pt-BR\",\"@id\":\"https:\\\/\\\/www.lasershop.com.br\\\/#\\\/schema\\\/logo\\\/image\\\/\",\"url\":\"https:\\\/\\\/lasershop.com.br\\\/wp-content\\\/uploads\\\/2025\\\/09\\\/LOGO_LASERSHOP-.png\",\"contentUrl\":\"https:\\\/\\\/lasershop.com.br\\\/wp-content\\\/uploads\\\/2025\\\/09\\\/LOGO_LASERSHOP-.png\",\"width\":612,\"height\":408,\"caption\":\"Laser Shop\"},\"image\":{\"@id\":\"https:\\\/\\\/www.lasershop.com.br\\\/#\\\/schema\\\/logo\\\/image\\\/\"},\"sameAs\":[\"https:\\\/\\\/facebook.com\\\/codaxmedica\",\"https:\\\/\\\/instagram.com\\\/codaxmedica\"]}]}<\/script>\n<!-- \/ Yoast SEO plugin. -->","yoast_head_json":{"title":"Ethernia Cold - Aparelho de Coldfrequ\u00eancia - Laser Shop","robots":{"index":"index","follow":"follow","max-snippet":"max-snippet:-1","max-image-preview":"max-image-preview:large","max-video-preview":"max-video-preview:-1"},"canonical":"https:\/\/www.lasershop.com.br\/?product=ethernia-cold-aparelho-de-coldfrequencia","og_locale":"pt_BR","og_type":"article","og_title":"Ethernia Cold - Aparelho de Coldfrequ\u00eancia - Laser Shop","og_description":"O\u00a0Ethernia Cold\u00a0\u00e9 um equipamento de criofrequ\u00eancia que apresenta inova\u00e7\u00f5es em sua programa\u00e7\u00e3o com m\u00faltiplas op\u00e7\u00f5es em coldfrequ\u00eancia, crioterapia e a grande novidade, a crioterapia de contraste com terapias de aquecimento e resfriamento, aumentando os n\u00edveis de resultado. Al\u00e9m disso, \u00e9 poss\u00edvel acoplar as manoplas da radiofrequ\u00eancia, fazendo com que o Ethernia Cold seja um equipamento [&hellip;]","og_url":"https:\/\/www.lasershop.com.br\/?product=ethernia-cold-aparelho-de-coldfrequencia","og_site_name":"Laser Shop","article_publisher":"https:\/\/facebook.com\/codaxmedica","article_modified_time":"2019-04-10T16:32:39+00:00","og_image":[{"width":1160,"height":600,"url":"https:\/\/lasershop.com.br\/wp-content\/uploads\/2019\/03\/etherniacoldsemcarrinhosite-1.png","type":"image\/png"}],"twitter_card":"summary_large_image","twitter_misc":{"Est. tempo de leitura":"2 minutos"},"schema":{"@context":"https:\/\/schema.org","@graph":[{"@type":"WebPage","@id":"https:\/\/www.lasershop.com.br\/?product=ethernia-cold-aparelho-de-coldfrequencia","url":"https:\/\/www.lasershop.com.br\/?product=ethernia-cold-aparelho-de-coldfrequencia","name":"Ethernia Cold - Aparelho de Coldfrequ\u00eancia - Laser Shop","isPartOf":{"@id":"https:\/\/www.lasershop.com.br\/#website"},"primaryImageOfPage":{"@id":"https:\/\/www.lasershop.com.br\/?product=ethernia-cold-aparelho-de-coldfrequencia#primaryimage"},"image":{"@id":"https:\/\/www.lasershop.com.br\/?product=ethernia-cold-aparelho-de-coldfrequencia#primaryimage"},"thumbnailUrl":"https:\/\/lasershop.com.br\/wp-content\/uploads\/2019\/03\/etherniacoldsemcarrinhosite-1.png","datePublished":"2019-03-20T17:07:46+00:00","dateModified":"2019-04-10T16:32:39+00:00","breadcrumb":{"@id":"https:\/\/www.lasershop.com.br\/?product=ethernia-cold-aparelho-de-coldfrequencia#breadcrumb"},"inLanguage":"pt-BR","potentialAction":[{"@type":"ReadAction","target":["https:\/\/www.lasershop.com.br\/?product=ethernia-cold-aparelho-de-coldfrequencia"]}]},{"@type":"ImageObject","inLanguage":"pt-BR","@id":"https:\/\/www.lasershop.com.br\/?product=ethernia-cold-aparelho-de-coldfrequencia#primaryimage","url":"https:\/\/lasershop.com.br\/wp-content\/uploads\/2019\/03\/etherniacoldsemcarrinhosite-1.png","contentUrl":"https:\/\/lasershop.com.br\/wp-content\/uploads\/2019\/03\/etherniacoldsemcarrinhosite-1.png","width":1160,"height":600},{"@type":"BreadcrumbList","@id":"https:\/\/www.lasershop.com.br\/?product=ethernia-cold-aparelho-de-coldfrequencia#breadcrumb","itemListElement":[{"@type":"ListItem","position":1,"name":"In\u00edcio","item":"https:\/\/www.lasershop.com.br\/"},{"@type":"ListItem","position":2,"name":"Home","item":"https:\/\/www.lasershop.com.br\/?page_id=22"},{"@type":"ListItem","position":3,"name":"Ethernia Cold &#8211; Aparelho de Coldfrequ\u00eancia"}]},{"@type":"WebSite","@id":"https:\/\/www.lasershop.com.br\/#website","url":"https:\/\/www.lasershop.com.br\/","name":"Laser Shop","description":"Aparelhos Eletrom\u00e9dicos pelo melhor pre\u00e7o!","publisher":{"@id":"https:\/\/www.lasershop.com.br\/#organization"},"potentialAction":[{"@type":"SearchAction","target":{"@type":"EntryPoint","urlTemplate":"https:\/\/www.lasershop.com.br\/?s={search_term_string}"},"query-input":{"@type":"PropertyValueSpecification","valueRequired":true,"valueName":"search_term_string"}}],"inLanguage":"pt-BR"},{"@type":"Organization","@id":"https:\/\/www.lasershop.com.br\/#organization","name":"Laser Shop","url":"https:\/\/www.lasershop.com.br\/","logo":{"@type":"ImageObject","inLanguage":"pt-BR","@id":"https:\/\/www.lasershop.com.br\/#\/schema\/logo\/image\/","url":"https:\/\/lasershop.com.br\/wp-content\/uploads\/2025\/09\/LOGO_LASERSHOP-.png","contentUrl":"https:\/\/lasershop.com.br\/wp-content\/uploads\/2025\/09\/LOGO_LASERSHOP-.png","width":612,"height":408,"caption":"Laser Shop"},"image":{"@id":"https:\/\/www.lasershop.com.br\/#\/schema\/logo\/image\/"},"sameAs":["https:\/\/facebook.com\/codaxmedica","https:\/\/instagram.com\/codaxmedica"]}]}},"_links":{"self":[{"href":"https:\/\/www.lasershop.com.br\/index.php?rest_route=\/wp\/v2\/product\/128","targetHints":{"allow":["GET"]}}],"collection":[{"href":"https:\/\/www.lasershop.com.br\/index.php?rest_route=\/wp\/v2\/product"}],"about":[{"href":"https:\/\/www.lasershop.com.br\/index.php?rest_route=\/wp\/v2\/types\/product"}],"replies":[{"embeddable":true,"href":"https:\/\/www.lasershop.com.br\/index.php?rest_route=%2Fwp%2Fv2%2Fcomments&post=128"}],"wp:featuredmedia":[{"embeddable":true,"href":"https:\/\/www.lasershop.com.br\/index.php?rest_route=\/wp\/v2\/media\/211"}],"wp:attachment":[{"href":"https:\/\/www.lasershop.com.br\/index.php?rest_route=%2Fwp%2Fv2%2Fmedia&parent=128"}],"wp:term":[{"taxonomy":"product_brand","embeddable":true,"href":"https:\/\/www.lasershop.com.br\/index.php?rest_route=%2Fwp%2Fv2%2Fproduct_brand&post=128"},{"taxonomy":"product_cat","embeddable":true,"href":"https:\/\/www.lasershop.com.br\/index.php?rest_route=%2Fwp%2Fv2%2Fproduct_cat&post=128"},{"taxonomy":"product_tag","embeddable":true,"href":"https:\/\/www.lasershop.com.br\/index.php?rest_route=%2Fwp%2Fv2%2Fproduct_tag&post=128"}],"curies":[{"name":"wp","href":"https:\/\/api.w.org\/{rel}","templated":true}]}}