{"id":136,"date":"2019-03-20T17:34:03","date_gmt":"2019-03-20T17:34:03","guid":{"rendered":"https:\/\/lasershop.com.br\/?post_type=product&#038;p=136"},"modified":"2023-05-03T19:01:51","modified_gmt":"2023-05-03T19:01:51","slug":"venus-omega-laser-e-led","status":"publish","type":"product","link":"https:\/\/www.lasershop.com.br\/?product=venus-omega-laser-e-led","title":{"rendered":"V\u00eanus \u00d4mega &#8211; Laser e Led"},"content":{"rendered":"<body><p><span>Equipamento de m\u00faltiplo uso para procedimentos est\u00e9ticos. Utiliza a luz gerada atrav\u00e9s de LEDS e LASERS com a finalidade de bioestimula\u00e7\u00e3o de col\u00e1geno, a\u00e7\u00e3o analg\u00e9sica, anti-inflamat\u00f3ria e in\u00fameros benef\u00edcios por meio de processos n\u00e3o invasivos como a laserterapia de baixa intensidade e a fototerapia. V\u00eanus pode ser utilizado em clinicas de est\u00e9tica e m\u00e9dicas como auxiliar para diversos tratamentos. Completo, f\u00e1cil de utilizar, \u00e1gil e muito eficiente. Utilize V\u00eanus e ofere\u00e7a melhores resultados est\u00e9ticos, sem cicatrizes e com muito conforto.<\/span><\/p>\n<section id=\"beneficios\">\n<div class=\"row\">\n<div class=\"col-lg-12\">\n<p class=\"prod-titulo fonte-estet-escura\"><strong>Benef\u00edcios<\/strong><\/p>\n<p>Disponibilizar t\u00e9cnicas n\u00e3o invasivas e aumentar o poder de efici\u00eancia dos tratamentos \u00e9 preocupa\u00e7\u00e3o constante nos tratamentos est\u00e9ticos. O uso do V\u00caNUS n\u00e3o agride a pele e acelera a reconstru\u00e7\u00e3o dos tecidos. A laserterapia e a fototerapia \u00e9 hoje reconhecida como t\u00e9cnica indispens\u00e1vel para os profissionais da \u00e1rea. Al\u00e9m disso o Uso do V\u00eanus aumenta a microcircula\u00e7\u00e3o local, ativa o sistema linf\u00e1tico e incrementa a produ\u00e7\u00e3o de col\u00e1geno. Tamb\u00e9m contribui para tornar a pele mais vigorosa e revitalizada, exatamente porque exerce fun\u00e7\u00e3o de normalizar e balancear as c\u00e9lulas.<\/p>\n<p class=\"fonte-estet-escura\"><strong>Efeitos do LASER<\/strong><\/p>\n<p>\u2022 Aumenta a s\u00edntese de col\u00e1geno<\/p>\n<p>\u2022 Aumenta a permeabilidade das membranas celulares<\/p>\n<p>\u2022 Aumenta o n\u00famero de fibrobl\u00e1stos<\/p>\n<p>\u2022 A\u00e7\u00e3o anti-inflamat\u00f3ria e analg\u00e9sica<\/p>\n<p>\u2022 A\u00e7\u00e3o antiedematosa<\/p>\n<p>\u2022 Redu\u00e7\u00e3o no tempo de tratamento<\/p>\n<p>\u2022 Sem efeitos colaterais<\/p>\n<\/div>\n<\/div>\n<\/section>\n<section id=\"indicacoes\">\n<div class=\"row\">\n<div class=\"col-lg-12\">\n<p class=\"prod-titulo fonte-estet-escura\">Indica\u00e7\u00f5es<\/p>\n<div class=\"row\">\n<div class=\"col-md-6\">\n<p>\u2022 Estrias e celulite<\/p>\n<p>\u2022 Peeling e acne<\/p>\n<p>\u2022 Queimaduras<\/p>\n<p>\u2022 Rejuvenescimento facial<\/p>\n<p>\u2022 Olheiras e Clareamento de Manchas<\/p>\n<p>\u2022 Psor\u00edase<\/p>\n<p>\u2022 Drenagem Linf\u00e1tica<\/p>\n<\/div>\n<div class=\"col-md-6\">\n<p>\u2022 Gordura Localizada<\/p>\n<p>\u2022 Micropigmenta\u00e7\u00e3o<\/p>\n<p>\u2022 P\u00f3s-operat\u00f3rio<\/p>\n<p>\u2022 Alop\u00e9cia<\/p>\n<p>\u2022 Efeito Cinderela<\/p>\n<p>\u2022 Est\u00edmulo ao Col\u00e1geno<\/p>\n<\/div>\n<\/div>\n<\/div>\n<\/div>\n<\/section>\n<section id=\"modelos\">\n<div class=\"row\">\n<div class=\"col-lg-12\">\n<p class=\"prod-titulo fonte-estet-escura\">Modelos<\/p>\n<p>\u2022 Sigma: Laser vermelho, Laser infravermelho, Led Azul, Led \u00c2mbar, Luz Purple e Dermatosc\u00f3pio com aumento de 30x com Led branco e Led Violeta<\/p>\n<p>\u2022 Omega: Laser vermelho, Laser infravermelho, Led Azul, Led \u00c2mbar, Luz Purple e Dermatosc\u00f3pio com aumento de 30x com Led<\/p>\n<p>\u2022 Delta: Laser vermelho, Laser infravermelho, Led Azul, Led \u00c2mbar e Luz Purple<\/p>\n<\/div>\n<\/div>\n<\/section>\n<section id=\"acessorios\">\n<div class=\"row\">\n<div class=\"col-lg-12\">\n<p class=\"prod-titulo fonte-estet-escura\"><strong>Acess\u00f3rios<\/strong><\/p>\n<p>\u2022 2 \u00d3culos de seguran\u00e7a exclusivos MMO<\/p>\n<p>\u2022 Protocolos Cl\u00ednicos de Est\u00e9tica (vers\u00e3o digital \u2013 CD)<\/p>\n<p>\u2022 C\u00e2mera CCD com aplia\u00e7\u00e3o de detalhes \u2013 Opcional<\/p>\n<\/div>\n<\/div>\n<\/section>\n<section id=\"caracteristicas\">\n<div class=\"row\">\n<div class=\"col-lg-12\">\n<p class=\"prod-titulo fonte-estet-escura\"><strong>Caracter\u00edsticas T\u00e9cnicas<\/strong><\/p>\n<p>\u2022 Blue \u2013 LEDS azuis de alta pot\u00eancia<span>\u00a0<\/span><br>\n<span class=\"fonte-estet-escura\">Comprimento de onda: 460nm +\/-10nm<span>\u00a0<\/span><br>\nMeio ativo semicondutor: InGaN<\/span><\/p>\n<p>\u2022 Red \u2013 LASER terap\u00eautico vermelho: 100mW<span>\u00a0<\/span><br>\n<span class=\"fonte-estet-escura\">Comprimento de onda: 660nm +\/-10nm (vermelho)<span>\u00a0<\/span><br>\nMeio ativo semicondutor: InGaA1P<\/span><\/p>\n<p>\u2022 Amber \u2013 LEDs \u00e2mbares de alta pot\u00eancia<br>\n<span class=\"fonte-estet-escura\">Comprimento de onda: 590nm +\/-10nm<span>\u00a0<\/span><br>\nMeio ativo semicondutor: InGaN<\/span><\/p>\n<p>\u2022 IR \u2013 LASER terap\u00eautico infravermelho: 100mW<span>\u00a0<\/span><br>\n<span class=\"fonte-estet-escura\">Comprimento de onda: 808nm +\/-10nm (infravermelho)<span>\u00a0<\/span><br>\nMeio ativo semicondutor: GaA1As<\/span><\/p>\n<\/div>\n<\/div>\n<\/section>\n<\/body>","protected":false},"excerpt":{"rendered":"<p>Equipamento de m\u00faltiplo uso para procedimentos est\u00e9ticos. Utiliza a luz gerada atrav\u00e9s de LEDS e LASERS com a finalidade de bioestimula\u00e7\u00e3o de col\u00e1geno, a\u00e7\u00e3o analg\u00e9sica, anti-inflamat\u00f3ria e in\u00fameros benef\u00edcios por meio de processos n\u00e3o invasivos como a laserterapia de baixa intensidade e a fototerapia. V\u00eanus pode ser utilizado em clinicas de est\u00e9tica e m\u00e9dicas como [&hellip;]<\/p>\n","protected":false},"featured_media":137,"comment_status":"open","ping_status":"closed","template":"","meta":{"_et_pb_use_builder":"","_et_pb_old_content":"","_et_gb_content_width":""},"product_brand":[],"product_cat":[25],"product_tag":[],"class_list":{"0":"post-136","1":"product","2":"type-product","3":"status-publish","4":"has-post-thumbnail","6":"product_cat-laser","8":"first","9":"instock","10":"taxable","11":"shipping-taxable","12":"purchasable","13":"product-type-simple"},"yoast_head":"<!-- This site is optimized with the Yoast SEO plugin v27.3 - https:\/\/yoast.com\/product\/yoast-seo-wordpress\/ -->\n<title>V\u00eanus \u00d4mega - Laser e Led - Laser Shop<\/title>\n<meta name=\"robots\" content=\"index, follow, max-snippet:-1, max-image-preview:large, max-video-preview:-1\" \/>\n<link rel=\"canonical\" href=\"https:\/\/www.lasershop.com.br\/?product=venus-omega-laser-e-led\" \/>\n<meta property=\"og:locale\" content=\"pt_BR\" \/>\n<meta property=\"og:type\" content=\"article\" \/>\n<meta property=\"og:title\" content=\"V\u00eanus \u00d4mega - Laser e Led - Laser Shop\" \/>\n<meta property=\"og:description\" content=\"Equipamento de m\u00faltiplo uso para procedimentos est\u00e9ticos. Utiliza a luz gerada atrav\u00e9s de LEDS e LASERS com a finalidade de bioestimula\u00e7\u00e3o de col\u00e1geno, a\u00e7\u00e3o analg\u00e9sica, anti-inflamat\u00f3ria e in\u00fameros benef\u00edcios por meio de processos n\u00e3o invasivos como a laserterapia de baixa intensidade e a fototerapia. V\u00eanus pode ser utilizado em clinicas de est\u00e9tica e m\u00e9dicas como [&hellip;]\" \/>\n<meta property=\"og:url\" content=\"https:\/\/www.lasershop.com.br\/?product=venus-omega-laser-e-led\" \/>\n<meta property=\"og:site_name\" content=\"Laser Shop\" \/>\n<meta property=\"article:publisher\" content=\"https:\/\/facebook.com\/codaxmedica\" \/>\n<meta property=\"article:modified_time\" content=\"2023-05-03T19:01:51+00:00\" \/>\n<meta property=\"og:image\" content=\"https:\/\/lasershop.com.br\/wp-content\/uploads\/2019\/03\/venus-prod.png\" \/>\n\t<meta property=\"og:image:width\" content=\"850\" \/>\n\t<meta property=\"og:image:height\" content=\"566\" \/>\n\t<meta property=\"og:image:type\" content=\"image\/png\" \/>\n<meta name=\"twitter:card\" content=\"summary_large_image\" \/>\n<meta name=\"twitter:label1\" content=\"Est. tempo de leitura\" \/>\n\t<meta name=\"twitter:data1\" content=\"2 minutos\" \/>\n<script type=\"application\/ld+json\" class=\"yoast-schema-graph\">{\"@context\":\"https:\\\/\\\/schema.org\",\"@graph\":[{\"@type\":\"WebPage\",\"@id\":\"https:\\\/\\\/www.lasershop.com.br\\\/?product=venus-omega-laser-e-led\",\"url\":\"https:\\\/\\\/www.lasershop.com.br\\\/?product=venus-omega-laser-e-led\",\"name\":\"V\u00eanus \u00d4mega - Laser e Led - Laser Shop\",\"isPartOf\":{\"@id\":\"https:\\\/\\\/www.lasershop.com.br\\\/#website\"},\"primaryImageOfPage\":{\"@id\":\"https:\\\/\\\/www.lasershop.com.br\\\/?product=venus-omega-laser-e-led#primaryimage\"},\"image\":{\"@id\":\"https:\\\/\\\/www.lasershop.com.br\\\/?product=venus-omega-laser-e-led#primaryimage\"},\"thumbnailUrl\":\"https:\\\/\\\/lasershop.com.br\\\/wp-content\\\/uploads\\\/2019\\\/03\\\/venus-prod.png\",\"datePublished\":\"2019-03-20T17:34:03+00:00\",\"dateModified\":\"2023-05-03T19:01:51+00:00\",\"breadcrumb\":{\"@id\":\"https:\\\/\\\/www.lasershop.com.br\\\/?product=venus-omega-laser-e-led#breadcrumb\"},\"inLanguage\":\"pt-BR\",\"potentialAction\":[{\"@type\":\"ReadAction\",\"target\":[\"https:\\\/\\\/www.lasershop.com.br\\\/?product=venus-omega-laser-e-led\"]}]},{\"@type\":\"ImageObject\",\"inLanguage\":\"pt-BR\",\"@id\":\"https:\\\/\\\/www.lasershop.com.br\\\/?product=venus-omega-laser-e-led#primaryimage\",\"url\":\"https:\\\/\\\/lasershop.com.br\\\/wp-content\\\/uploads\\\/2019\\\/03\\\/venus-prod.png\",\"contentUrl\":\"https:\\\/\\\/lasershop.com.br\\\/wp-content\\\/uploads\\\/2019\\\/03\\\/venus-prod.png\",\"width\":850,\"height\":566},{\"@type\":\"BreadcrumbList\",\"@id\":\"https:\\\/\\\/www.lasershop.com.br\\\/?product=venus-omega-laser-e-led#breadcrumb\",\"itemListElement\":[{\"@type\":\"ListItem\",\"position\":1,\"name\":\"In\u00edcio\",\"item\":\"https:\\\/\\\/www.lasershop.com.br\\\/\"},{\"@type\":\"ListItem\",\"position\":2,\"name\":\"Home\",\"item\":\"https:\\\/\\\/www.lasershop.com.br\\\/?page_id=22\"},{\"@type\":\"ListItem\",\"position\":3,\"name\":\"V\u00eanus \u00d4mega &#8211; Laser e Led\"}]},{\"@type\":\"WebSite\",\"@id\":\"https:\\\/\\\/www.lasershop.com.br\\\/#website\",\"url\":\"https:\\\/\\\/www.lasershop.com.br\\\/\",\"name\":\"Laser Shop\",\"description\":\"Aparelhos Eletrom\u00e9dicos pelo melhor pre\u00e7o!\",\"publisher\":{\"@id\":\"https:\\\/\\\/www.lasershop.com.br\\\/#organization\"},\"potentialAction\":[{\"@type\":\"SearchAction\",\"target\":{\"@type\":\"EntryPoint\",\"urlTemplate\":\"https:\\\/\\\/www.lasershop.com.br\\\/?s={search_term_string}\"},\"query-input\":{\"@type\":\"PropertyValueSpecification\",\"valueRequired\":true,\"valueName\":\"search_term_string\"}}],\"inLanguage\":\"pt-BR\"},{\"@type\":\"Organization\",\"@id\":\"https:\\\/\\\/www.lasershop.com.br\\\/#organization\",\"name\":\"Laser Shop\",\"url\":\"https:\\\/\\\/www.lasershop.com.br\\\/\",\"logo\":{\"@type\":\"ImageObject\",\"inLanguage\":\"pt-BR\",\"@id\":\"https:\\\/\\\/www.lasershop.com.br\\\/#\\\/schema\\\/logo\\\/image\\\/\",\"url\":\"https:\\\/\\\/lasershop.com.br\\\/wp-content\\\/uploads\\\/2025\\\/09\\\/LOGO_LASERSHOP-.png\",\"contentUrl\":\"https:\\\/\\\/lasershop.com.br\\\/wp-content\\\/uploads\\\/2025\\\/09\\\/LOGO_LASERSHOP-.png\",\"width\":612,\"height\":408,\"caption\":\"Laser Shop\"},\"image\":{\"@id\":\"https:\\\/\\\/www.lasershop.com.br\\\/#\\\/schema\\\/logo\\\/image\\\/\"},\"sameAs\":[\"https:\\\/\\\/facebook.com\\\/codaxmedica\",\"https:\\\/\\\/instagram.com\\\/codaxmedica\"]}]}<\/script>\n<!-- \/ Yoast SEO plugin. -->","yoast_head_json":{"title":"V\u00eanus \u00d4mega - Laser e Led - Laser Shop","robots":{"index":"index","follow":"follow","max-snippet":"max-snippet:-1","max-image-preview":"max-image-preview:large","max-video-preview":"max-video-preview:-1"},"canonical":"https:\/\/www.lasershop.com.br\/?product=venus-omega-laser-e-led","og_locale":"pt_BR","og_type":"article","og_title":"V\u00eanus \u00d4mega - Laser e Led - Laser Shop","og_description":"Equipamento de m\u00faltiplo uso para procedimentos est\u00e9ticos. Utiliza a luz gerada atrav\u00e9s de LEDS e LASERS com a finalidade de bioestimula\u00e7\u00e3o de col\u00e1geno, a\u00e7\u00e3o analg\u00e9sica, anti-inflamat\u00f3ria e in\u00fameros benef\u00edcios por meio de processos n\u00e3o invasivos como a laserterapia de baixa intensidade e a fototerapia. V\u00eanus pode ser utilizado em clinicas de est\u00e9tica e m\u00e9dicas como [&hellip;]","og_url":"https:\/\/www.lasershop.com.br\/?product=venus-omega-laser-e-led","og_site_name":"Laser Shop","article_publisher":"https:\/\/facebook.com\/codaxmedica","article_modified_time":"2023-05-03T19:01:51+00:00","og_image":[{"width":850,"height":566,"url":"https:\/\/lasershop.com.br\/wp-content\/uploads\/2019\/03\/venus-prod.png","type":"image\/png"}],"twitter_card":"summary_large_image","twitter_misc":{"Est. tempo de leitura":"2 minutos"},"schema":{"@context":"https:\/\/schema.org","@graph":[{"@type":"WebPage","@id":"https:\/\/www.lasershop.com.br\/?product=venus-omega-laser-e-led","url":"https:\/\/www.lasershop.com.br\/?product=venus-omega-laser-e-led","name":"V\u00eanus \u00d4mega - Laser e Led - Laser Shop","isPartOf":{"@id":"https:\/\/www.lasershop.com.br\/#website"},"primaryImageOfPage":{"@id":"https:\/\/www.lasershop.com.br\/?product=venus-omega-laser-e-led#primaryimage"},"image":{"@id":"https:\/\/www.lasershop.com.br\/?product=venus-omega-laser-e-led#primaryimage"},"thumbnailUrl":"https:\/\/lasershop.com.br\/wp-content\/uploads\/2019\/03\/venus-prod.png","datePublished":"2019-03-20T17:34:03+00:00","dateModified":"2023-05-03T19:01:51+00:00","breadcrumb":{"@id":"https:\/\/www.lasershop.com.br\/?product=venus-omega-laser-e-led#breadcrumb"},"inLanguage":"pt-BR","potentialAction":[{"@type":"ReadAction","target":["https:\/\/www.lasershop.com.br\/?product=venus-omega-laser-e-led"]}]},{"@type":"ImageObject","inLanguage":"pt-BR","@id":"https:\/\/www.lasershop.com.br\/?product=venus-omega-laser-e-led#primaryimage","url":"https:\/\/lasershop.com.br\/wp-content\/uploads\/2019\/03\/venus-prod.png","contentUrl":"https:\/\/lasershop.com.br\/wp-content\/uploads\/2019\/03\/venus-prod.png","width":850,"height":566},{"@type":"BreadcrumbList","@id":"https:\/\/www.lasershop.com.br\/?product=venus-omega-laser-e-led#breadcrumb","itemListElement":[{"@type":"ListItem","position":1,"name":"In\u00edcio","item":"https:\/\/www.lasershop.com.br\/"},{"@type":"ListItem","position":2,"name":"Home","item":"https:\/\/www.lasershop.com.br\/?page_id=22"},{"@type":"ListItem","position":3,"name":"V\u00eanus \u00d4mega &#8211; Laser e Led"}]},{"@type":"WebSite","@id":"https:\/\/www.lasershop.com.br\/#website","url":"https:\/\/www.lasershop.com.br\/","name":"Laser Shop","description":"Aparelhos Eletrom\u00e9dicos pelo melhor pre\u00e7o!","publisher":{"@id":"https:\/\/www.lasershop.com.br\/#organization"},"potentialAction":[{"@type":"SearchAction","target":{"@type":"EntryPoint","urlTemplate":"https:\/\/www.lasershop.com.br\/?s={search_term_string}"},"query-input":{"@type":"PropertyValueSpecification","valueRequired":true,"valueName":"search_term_string"}}],"inLanguage":"pt-BR"},{"@type":"Organization","@id":"https:\/\/www.lasershop.com.br\/#organization","name":"Laser Shop","url":"https:\/\/www.lasershop.com.br\/","logo":{"@type":"ImageObject","inLanguage":"pt-BR","@id":"https:\/\/www.lasershop.com.br\/#\/schema\/logo\/image\/","url":"https:\/\/lasershop.com.br\/wp-content\/uploads\/2025\/09\/LOGO_LASERSHOP-.png","contentUrl":"https:\/\/lasershop.com.br\/wp-content\/uploads\/2025\/09\/LOGO_LASERSHOP-.png","width":612,"height":408,"caption":"Laser Shop"},"image":{"@id":"https:\/\/www.lasershop.com.br\/#\/schema\/logo\/image\/"},"sameAs":["https:\/\/facebook.com\/codaxmedica","https:\/\/instagram.com\/codaxmedica"]}]}},"_links":{"self":[{"href":"https:\/\/www.lasershop.com.br\/index.php?rest_route=\/wp\/v2\/product\/136","targetHints":{"allow":["GET"]}}],"collection":[{"href":"https:\/\/www.lasershop.com.br\/index.php?rest_route=\/wp\/v2\/product"}],"about":[{"href":"https:\/\/www.lasershop.com.br\/index.php?rest_route=\/wp\/v2\/types\/product"}],"replies":[{"embeddable":true,"href":"https:\/\/www.lasershop.com.br\/index.php?rest_route=%2Fwp%2Fv2%2Fcomments&post=136"}],"wp:featuredmedia":[{"embeddable":true,"href":"https:\/\/www.lasershop.com.br\/index.php?rest_route=\/wp\/v2\/media\/137"}],"wp:attachment":[{"href":"https:\/\/www.lasershop.com.br\/index.php?rest_route=%2Fwp%2Fv2%2Fmedia&parent=136"}],"wp:term":[{"taxonomy":"product_brand","embeddable":true,"href":"https:\/\/www.lasershop.com.br\/index.php?rest_route=%2Fwp%2Fv2%2Fproduct_brand&post=136"},{"taxonomy":"product_cat","embeddable":true,"href":"https:\/\/www.lasershop.com.br\/index.php?rest_route=%2Fwp%2Fv2%2Fproduct_cat&post=136"},{"taxonomy":"product_tag","embeddable":true,"href":"https:\/\/www.lasershop.com.br\/index.php?rest_route=%2Fwp%2Fv2%2Fproduct_tag&post=136"}],"curies":[{"name":"wp","href":"https:\/\/api.w.org\/{rel}","templated":true}]}}