{"id":140,"date":"2019-03-20T17:41:09","date_gmt":"2019-03-20T17:41:09","guid":{"rendered":"https:\/\/lasershop.com.br\/?post_type=product&#038;p=140"},"modified":"2022-01-05T17:40:00","modified_gmt":"2022-01-05T17:40:00","slug":"vacum-laser","status":"publish","type":"product","link":"https:\/\/www.lasershop.com.br\/?product=vacum-laser","title":{"rendered":"Vacum Laser &#8211;  Equipamento de Vacuoterapia e Fototerapia"},"content":{"rendered":"<body><p><\/p><strong>VACUM LASER<\/strong> \u00e9 o \u00fanico equipamento dispon\u00edvel no mercado que combina vacuoterapia e fototerapia em uma \u00fanica plataforma.\n<p>S\u00e3o 6 LASERS com 2 comprimentos de ondas, capazes de oferecer benef\u00edcios exclusivos da laserterapia e potencializar a performance dos procedimentos da vacuoterapia na est\u00e9tica e reabilita\u00e7\u00e3o. Os efeitos do LASER aceleram os processos e a recupera\u00e7\u00e3o, apresentando resultados finais surpreendentes.<\/p>\n<section id=\"beneficios\">\n<div class=\"row\">\n<div class=\"col-lg-12\">\n<p class=\"prod-titulo fonte-estet-escura\"><strong>Procedimentos Est\u00e9ticos<\/strong><\/p>\n<p>Vacum Laser utiliza a t\u00e9cnica de vacuoterapia para a realiza\u00e7\u00e3o de m\u00faltiplos procedimentos est\u00e9ticos combinada com o laser. Terapia n\u00e3o invasiva e com efetividade comprovada para melhoria do contorno corporal.<\/p>\n<p>A vacuoterapia aumenta a vasculariza\u00e7\u00e3o e a permeabilidade das membranas celulares e o LASER acelera rea\u00e7\u00f5es metab\u00f3licas, proporcionando resultados muito mais r\u00e1pidos e eficientes.<\/p>\n<div class=\"row\">\n<div class=\"col-md-4 col-xs-12\">\n<ul>\n<li>Massagens<\/li>\n<li>Tratamento capilar<\/li>\n<li>Revitaliza\u00e7\u00e3o da pele<\/li>\n<li>Rejuvenescimento facial e colo<\/li>\n<li>Lifting facial imediato<\/li>\n<li>Tratamento de olheiras<\/li>\n<li>Limpeza de pele<\/li>\n<\/ul>\n<\/div>\n<div class=\"col-md-4 col-xs-12\">\n<ul>\n<li>Tratamento de acne<\/li>\n<li>Clareamento de Manchas<\/li>\n<li>Tratamento de celulite<\/li>\n<li>Redu\u00e7\u00e3o de medidas<\/li>\n<li>Lifting corporal imediato<\/li>\n<li>Contorno corporal<\/li>\n<\/ul>\n<\/div>\n<div class=\"col-md-4 col-xs-12\">\n<ul>\n<li>Cicatrizes e fibroses<\/li>\n<li>Tratamento de estrias<\/li>\n<li>Redu\u00e7\u00e3o da flacidez<\/li>\n<li>Relaxamento muscular<\/li>\n<li>Repara\u00e7\u00e3o do tecido cut\u00e2neo<\/li>\n<li>Dor e processo anti-inflamat\u00f3rio<\/li>\n<li>Pr\u00e9 e p\u00f3s-cir\u00fargico<\/li>\n<\/ul>\n<\/div>\n<\/div>\n<\/div>\n<\/div>\n<\/section>\n<section id=\"procedimentos-reabilitacao\">\n<div class=\"row\">\n<div class=\"col-lg-12\">\n<p class=\"prod-titulo fonte-estet-escura\"><strong>Procedimentos de Reabilita\u00e7\u00e3o<\/strong><\/p>\n<p>As a\u00e7\u00f5es anti-inflamat\u00f3rias e analg\u00e9sicas transformam o Vacum Laser em grande aliado para os profissionais da reabilita\u00e7\u00e3o. Os efeitos da laserterapia combinada com a vacuoterapia promovem a repara\u00e7\u00e3o tecidual acelerada com melhoras significativas na amplitude de movimento dos pacientes e redu\u00e7\u00e3o da dor.<\/p>\n<div class=\"row\">\n<div class=\"col-md-4 col-xs-12\">\n<ul>\n<li>Massagens<\/li>\n<li>Bursite<\/li>\n<li>Epicondilite<\/li>\n<\/ul>\n<\/div>\n<div class=\"col-md-4 col-xs-12\">\n<ul>\n<li>Fibromialgia<\/li>\n<li>Dores Lombares<\/li>\n<li>Dores Articulares<\/li>\n<\/ul>\n<\/div>\n<div class=\"col-md-4 col-xs-12\">\n<ul>\n<li>Artrose<\/li>\n<li>Mielomeningocele<\/li>\n<li>Recupera\u00e7\u00e3o Muscular<\/li>\n<\/ul>\n<\/div>\n<\/div>\n<div><strong>Outras indica\u00e7\u00f5es para reabilita\u00e7\u00e3o:<\/strong><span>\u00a0<\/span>Dor cr\u00f4nica, enxaqueca, disfun\u00e7\u00e3o da articula\u00e7\u00e3o temporomandibular (atm), osteoartrose e osteroartrite, lombalgia e outras disfun\u00e7\u00f5es da coluna vertebral, s\u00edndrome do manguito rotador e ombro congelado, s\u00edndrome do t\u00fanel do carpo e outras patologias da m\u00e3o, patologias do joelho, tornozelo e p\u00e9, redu\u00e7\u00e3o de n\u00f3dulos e cisto, s\u00edndrome de estresse do medial tibial ou canelite,recupera\u00e7\u00e3o de les\u00e3o\u2028m\u00fasculo-tend\u00ednea, espasticidade e contratura muscular, estimula\u00e7\u00e3o sens\u00f3rio-motora, drenagem linf\u00e1tica e p\u00f3s-cir\u00fargico.<\/div>\n<\/div>\n<\/div>\n<\/section>\n<p>\u00a0<\/p>\n<section id=\"acessorios\">\n<p class=\"prod-titulo fonte-estet-escura\"><strong>Acess\u00f3rios<\/strong><\/p>\n<div class=\"row\">\n<div class=\"col-md-3 \"><img decoding=\"async\" class=\"img-responsive\" src=\"https:\/\/mmo.com.br\/images\/produtos\/vacum-laser\/fatia1.png\" alt=\"\" loading=\"lazy\">\n<div class=\"tit_acessorio_vacum\"><strong>Pe\u00e7a de M\u00e3o<\/strong><\/div>\n<div class=\"desc_acessorio_vacum\">Design anat\u00f4mico e exclusivo. Cont\u00e9m 6 LASERS (3 vermelhos 660nm e 3 infravermelhos 808nm).<\/div>\n<\/div>\n<div class=\"col-md-3 \"><img decoding=\"async\" class=\"img-responsive\" src=\"https:\/\/mmo.com.br\/images\/produtos\/vacum-laser\/fatia2.png\" alt=\"\" loading=\"lazy\">\n<div class=\"tit_acessorio_vacum\"><strong>Adaptador Dual Pump<\/strong><\/div>\n<div class=\"desc_acessorio_vacum\">Conecte duas ventosas de 160mm simultaneamente.<\/div>\n<\/div>\n<div class=\"col-md-3 \"><img decoding=\"async\" class=\"img-responsive\" src=\"https:\/\/mmo.com.br\/images\/produtos\/vacum-laser\/fatia3.png\" alt=\"\" loading=\"lazy\">\n<div class=\"tit_acessorio_vacum\"><strong>Display LCD<\/strong><\/div>\n<div class=\"desc_acessorio_vacum\">Permite a f\u00e1cil visualiza\u00e7\u00e3o das opera\u00e7\u00f5es dos modos LASER e v\u00e1cuo.<\/div>\n<\/div>\n<div class=\"col-md-3 \"><img decoding=\"async\" class=\"img-responsive\" src=\"https:\/\/mmo.com.br\/images\/produtos\/vacum-laser\/fatia4.png\" alt=\"\" loading=\"lazy\">\n<div class=\"tit_acessorio_vacum\"><strong>\u00d3culos de Prote\u00e7\u00e3o<\/strong><\/div>\n<div class=\"desc_acessorio_vacum\">\u00d3culos de seguran\u00e7a para uso profissional. Sistema exclusivo MMO, protege contra os dois comprimentos de ondas LASER.<\/div>\n<div><\/div>\n<\/div>\n<div><img decoding=\"async\" class=\"img-responsive\" src=\"https:\/\/mmo.com.br\/images\/produtos\/vacum-laser\/ventosas.png\" alt=\"ventosas\" width=\"2409\" height=\"638\" loading=\"lazy\"><\/div>\n<\/div>\n<\/section>\n<p>\u00a0<\/p>\n<section id=\"caracteristicas\">\n<p class=\"prod-titulo fonte-estet-escura\"><strong>Caracter\u00edsticas t\u00e9cnicas<\/strong><\/p>\n<p>\u2022 Alimenta\u00e7\u00e3o:\u00a0127-220V~ 50\/60Hz (Autom\u00e1tico)<\/p>\n<div>\u2022 Cabo flex\u00edvel de alimenta\u00e7\u00e3o destac\u00e1vel: 1,5 m de comprimento<\/div>\n<div>\u2022 Pot\u00eancia nominal m\u00e1xima: 110VA<\/div>\n<div>\u2022 Emissor de luz: LASER semicondutor (GaAlAs e InGaAlP)<\/div>\n<div>\u2022 Pot\u00eancia \u00f3tica dos lasers: 100mW (660nm e 808nm)<\/div>\n<div>\u2022 Comprimentos de onda dos LASERs: 660nm e 808nm<\/div>\n<div>\u2022 Quantidade de LASERs: 03 unid (660nm) e 03 unid (808nm)<\/div>\n<div>\u2022 Modo de opera\u00e7\u00e3o dos LASERs: Cont\u00ednuo<\/div>\n<div>\u2022 \u00d3culos de prote\u00e7\u00e3o: 02 \u00f3culos (profissional e paciente)<\/div>\n<div>\u2022 Ajuste de press\u00e3o: 0 a \u2013 500mbar<\/div>\n<div>\u2022 Frequ\u00eancia do modo pulsado: 10 a 50 pulsos\/min<\/div>\n<div>\u2022 Opera\u00e7\u00e3o do modo v\u00e1cuo: Modo cont\u00ednuo \/ Modo pulsado<\/div>\n<div>\u2022 Temporizador: 1-20minutos<\/div>\n<div><\/div>\n<\/section>\n<p><\/p>\n<\/body>","protected":false},"excerpt":{"rendered":"<p>VACUM LASER \u00e9 o \u00fanico equipamento dispon\u00edvel no mercado que combina vacuoterapia e fototerapia em uma \u00fanica plataforma. S\u00e3o 6 LASERS com 2 comprimentos de ondas, capazes de oferecer benef\u00edcios exclusivos da laserterapia e potencializar a performance dos procedimentos da vacuoterapia na est\u00e9tica e reabilita\u00e7\u00e3o. Os efeitos do LASER aceleram os processos e a recupera\u00e7\u00e3o, [&hellip;]<\/p>\n","protected":false},"featured_media":141,"comment_status":"open","ping_status":"closed","template":"","meta":{"_et_pb_use_builder":"","_et_pb_old_content":"","_et_gb_content_width":""},"product_brand":[],"product_cat":[25],"product_tag":[],"class_list":{"0":"post-140","1":"product","2":"type-product","3":"status-publish","4":"has-post-thumbnail","6":"product_cat-laser","8":"first","9":"instock","10":"taxable","11":"shipping-taxable","12":"purchasable","13":"product-type-simple"},"yoast_head":"<!-- This site is optimized with the Yoast SEO plugin v27.3 - https:\/\/yoast.com\/product\/yoast-seo-wordpress\/ -->\n<title>Vacum Laser - Equipamento de Vacuoterapia e Fototerapia - Laser Shop<\/title>\n<meta name=\"robots\" content=\"index, follow, max-snippet:-1, max-image-preview:large, max-video-preview:-1\" \/>\n<link rel=\"canonical\" href=\"https:\/\/www.lasershop.com.br\/?product=vacum-laser\" \/>\n<meta property=\"og:locale\" content=\"pt_BR\" \/>\n<meta property=\"og:type\" content=\"article\" \/>\n<meta property=\"og:title\" content=\"Vacum Laser - Equipamento de Vacuoterapia e Fototerapia - Laser Shop\" \/>\n<meta property=\"og:description\" content=\"VACUM LASER \u00e9 o \u00fanico equipamento dispon\u00edvel no mercado que combina vacuoterapia e fototerapia em uma \u00fanica plataforma. S\u00e3o 6 LASERS com 2 comprimentos de ondas, capazes de oferecer benef\u00edcios exclusivos da laserterapia e potencializar a performance dos procedimentos da vacuoterapia na est\u00e9tica e reabilita\u00e7\u00e3o. Os efeitos do LASER aceleram os processos e a recupera\u00e7\u00e3o, [&hellip;]\" \/>\n<meta property=\"og:url\" content=\"https:\/\/www.lasershop.com.br\/?product=vacum-laser\" \/>\n<meta property=\"og:site_name\" content=\"Laser Shop\" \/>\n<meta property=\"article:publisher\" content=\"https:\/\/facebook.com\/codaxmedica\" \/>\n<meta property=\"article:modified_time\" content=\"2022-01-05T17:40:00+00:00\" \/>\n<meta property=\"og:image\" content=\"https:\/\/lasershop.com.br\/wp-content\/uploads\/2019\/03\/vacum-laser.png\" \/>\n\t<meta property=\"og:image:width\" content=\"850\" \/>\n\t<meta property=\"og:image:height\" content=\"638\" \/>\n\t<meta property=\"og:image:type\" content=\"image\/png\" \/>\n<meta name=\"twitter:card\" content=\"summary_large_image\" \/>\n<meta name=\"twitter:label1\" content=\"Est. tempo de leitura\" \/>\n\t<meta name=\"twitter:data1\" content=\"3 minutos\" \/>\n<script type=\"application\/ld+json\" class=\"yoast-schema-graph\">{\"@context\":\"https:\\\/\\\/schema.org\",\"@graph\":[{\"@type\":\"WebPage\",\"@id\":\"https:\\\/\\\/www.lasershop.com.br\\\/?product=vacum-laser\",\"url\":\"https:\\\/\\\/www.lasershop.com.br\\\/?product=vacum-laser\",\"name\":\"Vacum Laser - Equipamento de Vacuoterapia e Fototerapia - Laser Shop\",\"isPartOf\":{\"@id\":\"https:\\\/\\\/www.lasershop.com.br\\\/#website\"},\"primaryImageOfPage\":{\"@id\":\"https:\\\/\\\/www.lasershop.com.br\\\/?product=vacum-laser#primaryimage\"},\"image\":{\"@id\":\"https:\\\/\\\/www.lasershop.com.br\\\/?product=vacum-laser#primaryimage\"},\"thumbnailUrl\":\"https:\\\/\\\/lasershop.com.br\\\/wp-content\\\/uploads\\\/2019\\\/03\\\/vacum-laser.png\",\"datePublished\":\"2019-03-20T17:41:09+00:00\",\"dateModified\":\"2022-01-05T17:40:00+00:00\",\"breadcrumb\":{\"@id\":\"https:\\\/\\\/www.lasershop.com.br\\\/?product=vacum-laser#breadcrumb\"},\"inLanguage\":\"pt-BR\",\"potentialAction\":[{\"@type\":\"ReadAction\",\"target\":[\"https:\\\/\\\/www.lasershop.com.br\\\/?product=vacum-laser\"]}]},{\"@type\":\"ImageObject\",\"inLanguage\":\"pt-BR\",\"@id\":\"https:\\\/\\\/www.lasershop.com.br\\\/?product=vacum-laser#primaryimage\",\"url\":\"https:\\\/\\\/lasershop.com.br\\\/wp-content\\\/uploads\\\/2019\\\/03\\\/vacum-laser.png\",\"contentUrl\":\"https:\\\/\\\/lasershop.com.br\\\/wp-content\\\/uploads\\\/2019\\\/03\\\/vacum-laser.png\",\"width\":850,\"height\":638},{\"@type\":\"BreadcrumbList\",\"@id\":\"https:\\\/\\\/www.lasershop.com.br\\\/?product=vacum-laser#breadcrumb\",\"itemListElement\":[{\"@type\":\"ListItem\",\"position\":1,\"name\":\"In\u00edcio\",\"item\":\"https:\\\/\\\/www.lasershop.com.br\\\/\"},{\"@type\":\"ListItem\",\"position\":2,\"name\":\"Home\",\"item\":\"https:\\\/\\\/www.lasershop.com.br\\\/?page_id=22\"},{\"@type\":\"ListItem\",\"position\":3,\"name\":\"Vacum Laser &#8211; Equipamento de Vacuoterapia e Fototerapia\"}]},{\"@type\":\"WebSite\",\"@id\":\"https:\\\/\\\/www.lasershop.com.br\\\/#website\",\"url\":\"https:\\\/\\\/www.lasershop.com.br\\\/\",\"name\":\"Laser Shop\",\"description\":\"Aparelhos Eletrom\u00e9dicos pelo melhor pre\u00e7o!\",\"publisher\":{\"@id\":\"https:\\\/\\\/www.lasershop.com.br\\\/#organization\"},\"potentialAction\":[{\"@type\":\"SearchAction\",\"target\":{\"@type\":\"EntryPoint\",\"urlTemplate\":\"https:\\\/\\\/www.lasershop.com.br\\\/?s={search_term_string}\"},\"query-input\":{\"@type\":\"PropertyValueSpecification\",\"valueRequired\":true,\"valueName\":\"search_term_string\"}}],\"inLanguage\":\"pt-BR\"},{\"@type\":\"Organization\",\"@id\":\"https:\\\/\\\/www.lasershop.com.br\\\/#organization\",\"name\":\"Laser Shop\",\"url\":\"https:\\\/\\\/www.lasershop.com.br\\\/\",\"logo\":{\"@type\":\"ImageObject\",\"inLanguage\":\"pt-BR\",\"@id\":\"https:\\\/\\\/www.lasershop.com.br\\\/#\\\/schema\\\/logo\\\/image\\\/\",\"url\":\"https:\\\/\\\/lasershop.com.br\\\/wp-content\\\/uploads\\\/2025\\\/09\\\/LOGO_LASERSHOP-.png\",\"contentUrl\":\"https:\\\/\\\/lasershop.com.br\\\/wp-content\\\/uploads\\\/2025\\\/09\\\/LOGO_LASERSHOP-.png\",\"width\":612,\"height\":408,\"caption\":\"Laser Shop\"},\"image\":{\"@id\":\"https:\\\/\\\/www.lasershop.com.br\\\/#\\\/schema\\\/logo\\\/image\\\/\"},\"sameAs\":[\"https:\\\/\\\/facebook.com\\\/codaxmedica\",\"https:\\\/\\\/instagram.com\\\/codaxmedica\"]}]}<\/script>\n<!-- \/ Yoast SEO plugin. -->","yoast_head_json":{"title":"Vacum Laser - Equipamento de Vacuoterapia e Fototerapia - Laser Shop","robots":{"index":"index","follow":"follow","max-snippet":"max-snippet:-1","max-image-preview":"max-image-preview:large","max-video-preview":"max-video-preview:-1"},"canonical":"https:\/\/www.lasershop.com.br\/?product=vacum-laser","og_locale":"pt_BR","og_type":"article","og_title":"Vacum Laser - Equipamento de Vacuoterapia e Fototerapia - Laser Shop","og_description":"VACUM LASER \u00e9 o \u00fanico equipamento dispon\u00edvel no mercado que combina vacuoterapia e fototerapia em uma \u00fanica plataforma. S\u00e3o 6 LASERS com 2 comprimentos de ondas, capazes de oferecer benef\u00edcios exclusivos da laserterapia e potencializar a performance dos procedimentos da vacuoterapia na est\u00e9tica e reabilita\u00e7\u00e3o. Os efeitos do LASER aceleram os processos e a recupera\u00e7\u00e3o, [&hellip;]","og_url":"https:\/\/www.lasershop.com.br\/?product=vacum-laser","og_site_name":"Laser Shop","article_publisher":"https:\/\/facebook.com\/codaxmedica","article_modified_time":"2022-01-05T17:40:00+00:00","og_image":[{"width":850,"height":638,"url":"https:\/\/lasershop.com.br\/wp-content\/uploads\/2019\/03\/vacum-laser.png","type":"image\/png"}],"twitter_card":"summary_large_image","twitter_misc":{"Est. tempo de leitura":"3 minutos"},"schema":{"@context":"https:\/\/schema.org","@graph":[{"@type":"WebPage","@id":"https:\/\/www.lasershop.com.br\/?product=vacum-laser","url":"https:\/\/www.lasershop.com.br\/?product=vacum-laser","name":"Vacum Laser - Equipamento de Vacuoterapia e Fototerapia - Laser Shop","isPartOf":{"@id":"https:\/\/www.lasershop.com.br\/#website"},"primaryImageOfPage":{"@id":"https:\/\/www.lasershop.com.br\/?product=vacum-laser#primaryimage"},"image":{"@id":"https:\/\/www.lasershop.com.br\/?product=vacum-laser#primaryimage"},"thumbnailUrl":"https:\/\/lasershop.com.br\/wp-content\/uploads\/2019\/03\/vacum-laser.png","datePublished":"2019-03-20T17:41:09+00:00","dateModified":"2022-01-05T17:40:00+00:00","breadcrumb":{"@id":"https:\/\/www.lasershop.com.br\/?product=vacum-laser#breadcrumb"},"inLanguage":"pt-BR","potentialAction":[{"@type":"ReadAction","target":["https:\/\/www.lasershop.com.br\/?product=vacum-laser"]}]},{"@type":"ImageObject","inLanguage":"pt-BR","@id":"https:\/\/www.lasershop.com.br\/?product=vacum-laser#primaryimage","url":"https:\/\/lasershop.com.br\/wp-content\/uploads\/2019\/03\/vacum-laser.png","contentUrl":"https:\/\/lasershop.com.br\/wp-content\/uploads\/2019\/03\/vacum-laser.png","width":850,"height":638},{"@type":"BreadcrumbList","@id":"https:\/\/www.lasershop.com.br\/?product=vacum-laser#breadcrumb","itemListElement":[{"@type":"ListItem","position":1,"name":"In\u00edcio","item":"https:\/\/www.lasershop.com.br\/"},{"@type":"ListItem","position":2,"name":"Home","item":"https:\/\/www.lasershop.com.br\/?page_id=22"},{"@type":"ListItem","position":3,"name":"Vacum Laser &#8211; Equipamento de Vacuoterapia e Fototerapia"}]},{"@type":"WebSite","@id":"https:\/\/www.lasershop.com.br\/#website","url":"https:\/\/www.lasershop.com.br\/","name":"Laser Shop","description":"Aparelhos Eletrom\u00e9dicos pelo melhor pre\u00e7o!","publisher":{"@id":"https:\/\/www.lasershop.com.br\/#organization"},"potentialAction":[{"@type":"SearchAction","target":{"@type":"EntryPoint","urlTemplate":"https:\/\/www.lasershop.com.br\/?s={search_term_string}"},"query-input":{"@type":"PropertyValueSpecification","valueRequired":true,"valueName":"search_term_string"}}],"inLanguage":"pt-BR"},{"@type":"Organization","@id":"https:\/\/www.lasershop.com.br\/#organization","name":"Laser Shop","url":"https:\/\/www.lasershop.com.br\/","logo":{"@type":"ImageObject","inLanguage":"pt-BR","@id":"https:\/\/www.lasershop.com.br\/#\/schema\/logo\/image\/","url":"https:\/\/lasershop.com.br\/wp-content\/uploads\/2025\/09\/LOGO_LASERSHOP-.png","contentUrl":"https:\/\/lasershop.com.br\/wp-content\/uploads\/2025\/09\/LOGO_LASERSHOP-.png","width":612,"height":408,"caption":"Laser Shop"},"image":{"@id":"https:\/\/www.lasershop.com.br\/#\/schema\/logo\/image\/"},"sameAs":["https:\/\/facebook.com\/codaxmedica","https:\/\/instagram.com\/codaxmedica"]}]}},"_links":{"self":[{"href":"https:\/\/www.lasershop.com.br\/index.php?rest_route=\/wp\/v2\/product\/140","targetHints":{"allow":["GET"]}}],"collection":[{"href":"https:\/\/www.lasershop.com.br\/index.php?rest_route=\/wp\/v2\/product"}],"about":[{"href":"https:\/\/www.lasershop.com.br\/index.php?rest_route=\/wp\/v2\/types\/product"}],"replies":[{"embeddable":true,"href":"https:\/\/www.lasershop.com.br\/index.php?rest_route=%2Fwp%2Fv2%2Fcomments&post=140"}],"wp:featuredmedia":[{"embeddable":true,"href":"https:\/\/www.lasershop.com.br\/index.php?rest_route=\/wp\/v2\/media\/141"}],"wp:attachment":[{"href":"https:\/\/www.lasershop.com.br\/index.php?rest_route=%2Fwp%2Fv2%2Fmedia&parent=140"}],"wp:term":[{"taxonomy":"product_brand","embeddable":true,"href":"https:\/\/www.lasershop.com.br\/index.php?rest_route=%2Fwp%2Fv2%2Fproduct_brand&post=140"},{"taxonomy":"product_cat","embeddable":true,"href":"https:\/\/www.lasershop.com.br\/index.php?rest_route=%2Fwp%2Fv2%2Fproduct_cat&post=140"},{"taxonomy":"product_tag","embeddable":true,"href":"https:\/\/www.lasershop.com.br\/index.php?rest_route=%2Fwp%2Fv2%2Fproduct_tag&post=140"}],"curies":[{"name":"wp","href":"https:\/\/api.w.org\/{rel}","templated":true}]}}