{"id":143,"date":"2019-03-20T17:46:57","date_gmt":"2019-03-20T17:46:57","guid":{"rendered":"https:\/\/lasershop.com.br\/?post_type=product&#038;p=143"},"modified":"2022-01-05T17:44:01","modified_gmt":"2022-01-05T17:44:01","slug":"new-skin","status":"publish","type":"product","link":"https:\/\/www.lasershop.com.br\/?product=new-skin","title":{"rendered":"New Skin &#8211; Eletrocirurgia (Removedor de Manchas por Eletrocaut\u00e9rio)"},"content":{"rendered":"<body><p>O New Skin possui tecnologia de eletrocaut\u00e9rio com descarga de energia el\u00e9trica controlada para remo\u00e7\u00e3o superficial de pigmentos end\u00f3genos mel\u00e2nicos (melanina) e ex\u00f3genos como maquiagem definitiva decorrente da t\u00e9cnica de micropigmenta\u00e7\u00e3o. Tamb\u00e9m pode ser empregado na remo\u00e7\u00e3o da pele hiperqueratinizada, cauteriza\u00e7\u00e3o de feridas, rejuvenescimento facial, tratamento de estrias, indu\u00e7\u00e3o do processo cicatricial da pele e leucodermias.<\/p>\n<p>Al\u00e9m da fun\u00e7\u00e3o de despigmenta\u00e7\u00e3o, possui luz de comprimento de onda em 660 nm (vermelho) para bioestimula\u00e7\u00e3o por meio da fototerapia LED que acelera o processo cicatricial e restrutura\u00e7\u00e3o da pele.<\/p>\n<section id=\"beneficios\">\n<div class=\"row\">\n<div class=\"col-lg-12\">\n<p class=\"prod-titulo fonte-estet-escura\"><strong>Benef\u00edcios<\/strong><\/p>\n<p>A tecnologia do eletrocaut\u00e9rio baseia-se na cirurgia el\u00e9trica ou eletrocirurgia que tem por objetivo destruir e remover o tecido por meio da aplica\u00e7\u00e3o de uma descarga el\u00e9trica, sendo usado amplamente na cirurgia moderna. O equipamento NEW SKIN tem a vantagem de ser um equipamento port\u00e1til de baixo custo e que pode ser operado por profissionais da \u00e1rea est\u00e9tica seguindo-se um protocolo seguro de f\u00e1cil aplica\u00e7\u00e3o, n\u00e3o oferece riscos ao paciente. Al\u00e9m disso, associando-se o laser em 660nm verifica-se o aumento da velocidade de resposta do processo cicatricial da pele.<\/p>\n<p>Al\u00e9m disso, quando se associa a luz do LED em 660nm o processo de cicatriza\u00e7\u00e3o \u00e9 favorecido e, portanto, as manchas s\u00e3o removidas e a pele restabelece seu padr\u00e3o de colora\u00e7\u00e3o usual sem as indesej\u00e1veis melanoses solares.<\/p>\n<\/div>\n<\/div>\n<\/section>\n<section id=\"indicacoes\">\n<div class=\"row\">\n<div class=\"col-lg-12\">\n<p class=\"prod-titulo fonte-estet-escura\"><strong>Indica\u00e7\u00f5es<\/strong><\/p>\n<p>\u2022 Despigmenta\u00e7\u00e3o da pele (removendo manchas \/melanoses solares, pigmentos de micropigmenta\u00e7\u00e3o);<\/p>\n<p>\u2022 Pigmenta\u00e7\u00e3o em casos de leucodermias (manchas brancas da pele decorrente do excesso de exposi\u00e7\u00e3o solar);<\/p>\n<p>\u2022 Curetagem (remo\u00e7\u00e3o superficial de pele) em procedimentos est\u00e9ticos para limpeza superficial da pele;<\/p>\n<p>\u2022 Rejuvenescimento Facial (tratamento de rugas e linhas): indu\u00e7\u00e3o do processo inflamat\u00f3rio e cicatricial gerando aumento de col\u00e1geno na pele;<\/p>\n<p>\u2022 Tratamento de estrias e cicatrizes: indu\u00e7\u00e3o do processo inflamat\u00f3rio e cicatricial com consequente restrutura\u00e7\u00e3o das fibras de col\u00e1geno na pele.<\/p>\n<\/div>\n<\/div>\n<\/section>\n<section id=\"acessorios\">\n<div class=\"row\">\n<div class=\"col-lg-12\">\n<p class=\"prod-titulo fonte-estet-escura\"><strong>Acess\u00f3rios<\/strong><\/p>\n<p>\u2022 Pontas XP, PP, P, M, G, C, L<\/p>\n<p>\u2022 \u00d3culos de prote\u00e7\u00e3o profissional;<\/p>\n<p>\u2022 \u00d3culos de prote\u00e7\u00e3o paciente.<\/p>\n<\/div>\n<\/div>\n<\/section>\n<section id=\"caracteristicas\">\n<div class=\"row\">\n<div class=\"col-lg-12\">\n<p class=\"prod-titulo fonte-estet-escura\">Caracter\u00edsticas T\u00e9cnicas<\/p>\n<p>\u2022 Despigmentador de emiss\u00e3o de baixa descarga controlada;<\/p>\n<p>\u2022 Luz de comprimento de onda 660nm para bioestimula\u00e7\u00e3o pot\u00eancia de 100mW +- 10%;<\/p>\n<p>\u2022 Painel de controle de intensidade com LEDs indicadores;<\/p>\n<p>\u2022 Pontas de tit\u00e2nio autoclav\u00e1veis que podem ser substitu\u00eddas;<\/p>\n<p>\u2022 Alimenta\u00e7\u00e3o 127-220v;<\/p>\n<p>\u2022 Pot\u00eancia nominal m\u00e1xima 42 VA;<\/p>\n<p>\u2022 Comprimento de onda do LED 630nm\u00b110nm;<\/p>\n<p>\u2022 N\u00edveis intensidade DESPIGMENTADOR 4 \u2013 14 mA.<\/p>\n<\/div>\n<\/div>\n<\/section>\n<\/body>","protected":false},"excerpt":{"rendered":"<p>O New Skin possui tecnologia de eletrocaut\u00e9rio com descarga de energia el\u00e9trica controlada para remo\u00e7\u00e3o superficial de pigmentos end\u00f3genos mel\u00e2nicos (melanina) e ex\u00f3genos como maquiagem definitiva decorrente da t\u00e9cnica de micropigmenta\u00e7\u00e3o. Tamb\u00e9m pode ser empregado na remo\u00e7\u00e3o da pele hiperqueratinizada, cauteriza\u00e7\u00e3o de feridas, rejuvenescimento facial, tratamento de estrias, indu\u00e7\u00e3o do processo cicatricial da pele e [&hellip;]<\/p>\n","protected":false},"featured_media":144,"comment_status":"open","ping_status":"closed","template":"","meta":{"_et_pb_use_builder":"","_et_pb_old_content":"","_et_gb_content_width":""},"product_brand":[],"product_cat":[25],"product_tag":[],"class_list":{"0":"post-143","1":"product","2":"type-product","3":"status-publish","4":"has-post-thumbnail","6":"product_cat-laser","8":"first","9":"instock","10":"taxable","11":"shipping-taxable","12":"purchasable","13":"product-type-simple"},"yoast_head":"<!-- This site is optimized with the Yoast SEO plugin v27.3 - https:\/\/yoast.com\/product\/yoast-seo-wordpress\/ -->\n<title>New Skin - Eletrocirurgia (Removedor de Manchas por Eletrocaut\u00e9rio) - Laser Shop<\/title>\n<meta name=\"robots\" content=\"index, follow, max-snippet:-1, max-image-preview:large, max-video-preview:-1\" \/>\n<link rel=\"canonical\" href=\"https:\/\/www.lasershop.com.br\/?product=new-skin\" \/>\n<meta property=\"og:locale\" content=\"pt_BR\" \/>\n<meta property=\"og:type\" content=\"article\" \/>\n<meta property=\"og:title\" content=\"New Skin - Eletrocirurgia (Removedor de Manchas por Eletrocaut\u00e9rio) - Laser Shop\" \/>\n<meta property=\"og:description\" content=\"O New Skin possui tecnologia de eletrocaut\u00e9rio com descarga de energia el\u00e9trica controlada para remo\u00e7\u00e3o superficial de pigmentos end\u00f3genos mel\u00e2nicos (melanina) e ex\u00f3genos como maquiagem definitiva decorrente da t\u00e9cnica de micropigmenta\u00e7\u00e3o. Tamb\u00e9m pode ser empregado na remo\u00e7\u00e3o da pele hiperqueratinizada, cauteriza\u00e7\u00e3o de feridas, rejuvenescimento facial, tratamento de estrias, indu\u00e7\u00e3o do processo cicatricial da pele e [&hellip;]\" \/>\n<meta property=\"og:url\" content=\"https:\/\/www.lasershop.com.br\/?product=new-skin\" \/>\n<meta property=\"og:site_name\" content=\"Laser Shop\" \/>\n<meta property=\"article:publisher\" content=\"https:\/\/facebook.com\/codaxmedica\" \/>\n<meta property=\"article:modified_time\" content=\"2022-01-05T17:44:01+00:00\" \/>\n<meta property=\"og:image\" content=\"https:\/\/lasershop.com.br\/wp-content\/uploads\/2019\/03\/new_skin_tratamento_02.png\" \/>\n\t<meta property=\"og:image:width\" content=\"860\" \/>\n\t<meta property=\"og:image:height\" content=\"450\" \/>\n\t<meta property=\"og:image:type\" content=\"image\/png\" \/>\n<meta name=\"twitter:card\" content=\"summary_large_image\" \/>\n<meta name=\"twitter:label1\" content=\"Est. tempo de leitura\" \/>\n\t<meta name=\"twitter:data1\" content=\"2 minutos\" \/>\n<script type=\"application\/ld+json\" class=\"yoast-schema-graph\">{\"@context\":\"https:\\\/\\\/schema.org\",\"@graph\":[{\"@type\":\"WebPage\",\"@id\":\"https:\\\/\\\/www.lasershop.com.br\\\/?product=new-skin\",\"url\":\"https:\\\/\\\/www.lasershop.com.br\\\/?product=new-skin\",\"name\":\"New Skin - Eletrocirurgia (Removedor de Manchas por Eletrocaut\u00e9rio) - Laser Shop\",\"isPartOf\":{\"@id\":\"https:\\\/\\\/www.lasershop.com.br\\\/#website\"},\"primaryImageOfPage\":{\"@id\":\"https:\\\/\\\/www.lasershop.com.br\\\/?product=new-skin#primaryimage\"},\"image\":{\"@id\":\"https:\\\/\\\/www.lasershop.com.br\\\/?product=new-skin#primaryimage\"},\"thumbnailUrl\":\"https:\\\/\\\/lasershop.com.br\\\/wp-content\\\/uploads\\\/2019\\\/03\\\/new_skin_tratamento_02.png\",\"datePublished\":\"2019-03-20T17:46:57+00:00\",\"dateModified\":\"2022-01-05T17:44:01+00:00\",\"breadcrumb\":{\"@id\":\"https:\\\/\\\/www.lasershop.com.br\\\/?product=new-skin#breadcrumb\"},\"inLanguage\":\"pt-BR\",\"potentialAction\":[{\"@type\":\"ReadAction\",\"target\":[\"https:\\\/\\\/www.lasershop.com.br\\\/?product=new-skin\"]}]},{\"@type\":\"ImageObject\",\"inLanguage\":\"pt-BR\",\"@id\":\"https:\\\/\\\/www.lasershop.com.br\\\/?product=new-skin#primaryimage\",\"url\":\"https:\\\/\\\/lasershop.com.br\\\/wp-content\\\/uploads\\\/2019\\\/03\\\/new_skin_tratamento_02.png\",\"contentUrl\":\"https:\\\/\\\/lasershop.com.br\\\/wp-content\\\/uploads\\\/2019\\\/03\\\/new_skin_tratamento_02.png\",\"width\":860,\"height\":450},{\"@type\":\"BreadcrumbList\",\"@id\":\"https:\\\/\\\/www.lasershop.com.br\\\/?product=new-skin#breadcrumb\",\"itemListElement\":[{\"@type\":\"ListItem\",\"position\":1,\"name\":\"In\u00edcio\",\"item\":\"https:\\\/\\\/www.lasershop.com.br\\\/\"},{\"@type\":\"ListItem\",\"position\":2,\"name\":\"Home\",\"item\":\"https:\\\/\\\/www.lasershop.com.br\\\/?page_id=22\"},{\"@type\":\"ListItem\",\"position\":3,\"name\":\"New Skin &#8211; Eletrocirurgia (Removedor de Manchas por Eletrocaut\u00e9rio)\"}]},{\"@type\":\"WebSite\",\"@id\":\"https:\\\/\\\/www.lasershop.com.br\\\/#website\",\"url\":\"https:\\\/\\\/www.lasershop.com.br\\\/\",\"name\":\"Laser Shop\",\"description\":\"Aparelhos Eletrom\u00e9dicos pelo melhor pre\u00e7o!\",\"publisher\":{\"@id\":\"https:\\\/\\\/www.lasershop.com.br\\\/#organization\"},\"potentialAction\":[{\"@type\":\"SearchAction\",\"target\":{\"@type\":\"EntryPoint\",\"urlTemplate\":\"https:\\\/\\\/www.lasershop.com.br\\\/?s={search_term_string}\"},\"query-input\":{\"@type\":\"PropertyValueSpecification\",\"valueRequired\":true,\"valueName\":\"search_term_string\"}}],\"inLanguage\":\"pt-BR\"},{\"@type\":\"Organization\",\"@id\":\"https:\\\/\\\/www.lasershop.com.br\\\/#organization\",\"name\":\"Laser Shop\",\"url\":\"https:\\\/\\\/www.lasershop.com.br\\\/\",\"logo\":{\"@type\":\"ImageObject\",\"inLanguage\":\"pt-BR\",\"@id\":\"https:\\\/\\\/www.lasershop.com.br\\\/#\\\/schema\\\/logo\\\/image\\\/\",\"url\":\"https:\\\/\\\/lasershop.com.br\\\/wp-content\\\/uploads\\\/2025\\\/09\\\/LOGO_LASERSHOP-.png\",\"contentUrl\":\"https:\\\/\\\/lasershop.com.br\\\/wp-content\\\/uploads\\\/2025\\\/09\\\/LOGO_LASERSHOP-.png\",\"width\":612,\"height\":408,\"caption\":\"Laser Shop\"},\"image\":{\"@id\":\"https:\\\/\\\/www.lasershop.com.br\\\/#\\\/schema\\\/logo\\\/image\\\/\"},\"sameAs\":[\"https:\\\/\\\/facebook.com\\\/codaxmedica\",\"https:\\\/\\\/instagram.com\\\/codaxmedica\"]}]}<\/script>\n<!-- \/ Yoast SEO plugin. -->","yoast_head_json":{"title":"New Skin - Eletrocirurgia (Removedor de Manchas por Eletrocaut\u00e9rio) - Laser Shop","robots":{"index":"index","follow":"follow","max-snippet":"max-snippet:-1","max-image-preview":"max-image-preview:large","max-video-preview":"max-video-preview:-1"},"canonical":"https:\/\/www.lasershop.com.br\/?product=new-skin","og_locale":"pt_BR","og_type":"article","og_title":"New Skin - Eletrocirurgia (Removedor de Manchas por Eletrocaut\u00e9rio) - Laser Shop","og_description":"O New Skin possui tecnologia de eletrocaut\u00e9rio com descarga de energia el\u00e9trica controlada para remo\u00e7\u00e3o superficial de pigmentos end\u00f3genos mel\u00e2nicos (melanina) e ex\u00f3genos como maquiagem definitiva decorrente da t\u00e9cnica de micropigmenta\u00e7\u00e3o. Tamb\u00e9m pode ser empregado na remo\u00e7\u00e3o da pele hiperqueratinizada, cauteriza\u00e7\u00e3o de feridas, rejuvenescimento facial, tratamento de estrias, indu\u00e7\u00e3o do processo cicatricial da pele e [&hellip;]","og_url":"https:\/\/www.lasershop.com.br\/?product=new-skin","og_site_name":"Laser Shop","article_publisher":"https:\/\/facebook.com\/codaxmedica","article_modified_time":"2022-01-05T17:44:01+00:00","og_image":[{"width":860,"height":450,"url":"https:\/\/lasershop.com.br\/wp-content\/uploads\/2019\/03\/new_skin_tratamento_02.png","type":"image\/png"}],"twitter_card":"summary_large_image","twitter_misc":{"Est. tempo de leitura":"2 minutos"},"schema":{"@context":"https:\/\/schema.org","@graph":[{"@type":"WebPage","@id":"https:\/\/www.lasershop.com.br\/?product=new-skin","url":"https:\/\/www.lasershop.com.br\/?product=new-skin","name":"New Skin - Eletrocirurgia (Removedor de Manchas por Eletrocaut\u00e9rio) - Laser Shop","isPartOf":{"@id":"https:\/\/www.lasershop.com.br\/#website"},"primaryImageOfPage":{"@id":"https:\/\/www.lasershop.com.br\/?product=new-skin#primaryimage"},"image":{"@id":"https:\/\/www.lasershop.com.br\/?product=new-skin#primaryimage"},"thumbnailUrl":"https:\/\/lasershop.com.br\/wp-content\/uploads\/2019\/03\/new_skin_tratamento_02.png","datePublished":"2019-03-20T17:46:57+00:00","dateModified":"2022-01-05T17:44:01+00:00","breadcrumb":{"@id":"https:\/\/www.lasershop.com.br\/?product=new-skin#breadcrumb"},"inLanguage":"pt-BR","potentialAction":[{"@type":"ReadAction","target":["https:\/\/www.lasershop.com.br\/?product=new-skin"]}]},{"@type":"ImageObject","inLanguage":"pt-BR","@id":"https:\/\/www.lasershop.com.br\/?product=new-skin#primaryimage","url":"https:\/\/lasershop.com.br\/wp-content\/uploads\/2019\/03\/new_skin_tratamento_02.png","contentUrl":"https:\/\/lasershop.com.br\/wp-content\/uploads\/2019\/03\/new_skin_tratamento_02.png","width":860,"height":450},{"@type":"BreadcrumbList","@id":"https:\/\/www.lasershop.com.br\/?product=new-skin#breadcrumb","itemListElement":[{"@type":"ListItem","position":1,"name":"In\u00edcio","item":"https:\/\/www.lasershop.com.br\/"},{"@type":"ListItem","position":2,"name":"Home","item":"https:\/\/www.lasershop.com.br\/?page_id=22"},{"@type":"ListItem","position":3,"name":"New Skin &#8211; Eletrocirurgia (Removedor de Manchas por Eletrocaut\u00e9rio)"}]},{"@type":"WebSite","@id":"https:\/\/www.lasershop.com.br\/#website","url":"https:\/\/www.lasershop.com.br\/","name":"Laser Shop","description":"Aparelhos Eletrom\u00e9dicos pelo melhor pre\u00e7o!","publisher":{"@id":"https:\/\/www.lasershop.com.br\/#organization"},"potentialAction":[{"@type":"SearchAction","target":{"@type":"EntryPoint","urlTemplate":"https:\/\/www.lasershop.com.br\/?s={search_term_string}"},"query-input":{"@type":"PropertyValueSpecification","valueRequired":true,"valueName":"search_term_string"}}],"inLanguage":"pt-BR"},{"@type":"Organization","@id":"https:\/\/www.lasershop.com.br\/#organization","name":"Laser Shop","url":"https:\/\/www.lasershop.com.br\/","logo":{"@type":"ImageObject","inLanguage":"pt-BR","@id":"https:\/\/www.lasershop.com.br\/#\/schema\/logo\/image\/","url":"https:\/\/lasershop.com.br\/wp-content\/uploads\/2025\/09\/LOGO_LASERSHOP-.png","contentUrl":"https:\/\/lasershop.com.br\/wp-content\/uploads\/2025\/09\/LOGO_LASERSHOP-.png","width":612,"height":408,"caption":"Laser Shop"},"image":{"@id":"https:\/\/www.lasershop.com.br\/#\/schema\/logo\/image\/"},"sameAs":["https:\/\/facebook.com\/codaxmedica","https:\/\/instagram.com\/codaxmedica"]}]}},"_links":{"self":[{"href":"https:\/\/www.lasershop.com.br\/index.php?rest_route=\/wp\/v2\/product\/143","targetHints":{"allow":["GET"]}}],"collection":[{"href":"https:\/\/www.lasershop.com.br\/index.php?rest_route=\/wp\/v2\/product"}],"about":[{"href":"https:\/\/www.lasershop.com.br\/index.php?rest_route=\/wp\/v2\/types\/product"}],"replies":[{"embeddable":true,"href":"https:\/\/www.lasershop.com.br\/index.php?rest_route=%2Fwp%2Fv2%2Fcomments&post=143"}],"wp:featuredmedia":[{"embeddable":true,"href":"https:\/\/www.lasershop.com.br\/index.php?rest_route=\/wp\/v2\/media\/144"}],"wp:attachment":[{"href":"https:\/\/www.lasershop.com.br\/index.php?rest_route=%2Fwp%2Fv2%2Fmedia&parent=143"}],"wp:term":[{"taxonomy":"product_brand","embeddable":true,"href":"https:\/\/www.lasershop.com.br\/index.php?rest_route=%2Fwp%2Fv2%2Fproduct_brand&post=143"},{"taxonomy":"product_cat","embeddable":true,"href":"https:\/\/www.lasershop.com.br\/index.php?rest_route=%2Fwp%2Fv2%2Fproduct_cat&post=143"},{"taxonomy":"product_tag","embeddable":true,"href":"https:\/\/www.lasershop.com.br\/index.php?rest_route=%2Fwp%2Fv2%2Fproduct_tag&post=143"}],"curies":[{"name":"wp","href":"https:\/\/api.w.org\/{rel}","templated":true}]}}