{"id":147,"date":"2019-03-20T17:54:14","date_gmt":"2019-03-20T17:54:14","guid":{"rendered":"https:\/\/lasershop.com.br\/?post_type=product&#038;p=147"},"modified":"2026-01-25T09:08:20","modified_gmt":"2026-01-25T09:08:20","slug":"head-spot-foco-frontal-fotoforo-led","status":"publish","type":"product","link":"https:\/\/www.lasershop.com.br\/?product=head-spot-foco-frontal-fotoforo-led","title":{"rendered":"Head Spot &#8211; Foco Frontal Fot\u00f3foro Led"},"content":{"rendered":"<body><p>O novo foco frontal HEAD SPOT II \u00e9 um equipamento port\u00e1til de ilumina\u00e7\u00e3o cl\u00ednica e cir\u00fargica. Produzido com a mais moderna fonte de luz a LED com intensidade de at\u00e9 5000 lux- LED alta intensidade. Este sistema garante a excelente qualidade de ilumina\u00e7\u00e3o do produto e permite a perfeita diferencia\u00e7\u00e3o das cores dos tecidos. O HEAD SPOT II \u00e9 pr\u00e1tico e muito confort\u00e1vel, perfeito para diagn\u00f3sticos e pequenas cirurgias.<\/p>\n<p class=\"fonte-estet-escura\"><strong>Precis\u00e3o e efici\u00eancia \u00f3ptica com tr\u00eas n\u00edveis de intensidade<\/strong><\/p>\n<p>A varia\u00e7\u00e3o de uso \u00e9 enorme. O HEAD SPOT II \u00e9 ideal para diagn\u00f3sticos e procedimentos cl\u00ednicos e cir\u00fargicos. Por ser um equipamento port\u00e1til \u00e9 apto a ser utilizado em consult\u00f3rios odontol\u00f3gicos, cl\u00ednicos, est\u00e9ticos ou em qualquer ambiente que o profissional necessite de luz intensa e precisa. Sua luz branca de alta intensidade ilumina pele e tecidos com alta defini\u00e7\u00e3o, sem causar qualquer tipo de irrita\u00e7\u00e3o ou aquecimento.<\/p>\n<p class=\"prod-titulo fonte-estet-escura\"><strong>Benef\u00edcios<\/strong><\/p>\n<p>Os novos componentes e acess\u00f3rios melhoraram ainda mais o desempenho do HEAD SPOT II em intensidade de luz, amplia\u00e7\u00e3o de detalhes, mobilidade e conforto. Provido de cinta de cabe\u00e7a em neoprene com velcro, o equipamento \u00e9 extremamente leve.<\/p>\n<p class=\"fonte-estet-escura\"><strong>Diferenciais do Equipamento<\/strong><\/p>\n<p>\u2022 Muito leve e confort\u00e1vel<\/p>\n<p>\u2022 Tr\u00eas n\u00edveis de intensidade: 5000(100%), 3500(70%) e 2000(40%) lux<\/p>\n<p>\u2022 LED com alt\u00edssima qualidade<\/p>\n<p>\u2022 Precis\u00e3o e efici\u00eancia \u00f3ptica<\/p>\n<p>\u2022 Maior aproveitamento da energia luminosa<\/p>\n<p>\u2022 Luz fria, n\u00e3o aquece e n\u00e3o irrita a pele<\/p>\n<p>\u2022 N\u00e3o utiliza l\u00e2mpada, filtro, refletor ou fibra \u00f3ptica<\/p>\n<p>\u2022 Feixe de luz homog\u00eaneo \u2013 excelente qualidade de luz<\/p>\n<p>\u2022 Maior tempo de vida \u00fatil \u2013 led\u2019s<\/p>\n<section id=\"acessorios\">\n<div class=\"row\">\n<div class=\"col-lg-12\">\n<p class=\"prod-titulo fonte-odonto-escura\"><strong>Acess\u00f3rios<\/strong><\/p>\n<p>\u2022 Carregador de bateria<\/p>\n<\/div>\n<\/div>\n<\/section>\n<section id=\"caracteristicas\">\n<div class=\"row\">\n<div class=\"col-lg-12\">\n<p class=\"prod-titulo fonte-odonto-escura\">Caracter\u00edsticas T\u00e9cnicas<\/p>\n<p>\u2022 Alimenta\u00e7\u00e3o:\u00a0<span class=\"fonte-odonto-escura\">bateria recarreg\u00e1vel de Li-Ion<\/span><\/p>\n<p>\u2022 Fonte:\u00a0<span class=\"fonte-odonto-escura\">Bivolt autom\u00e1tico: 127-220WV~\/50\/60Hz<\/span><\/p>\n<p>\u2022 Emissor de luz:\u00a0<span class=\"fonte-odonto-escura\">LED (Light Emitting Diodes)<\/span><\/p>\n<p>\u2022 Cor (temperatura):\u00a0<span class=\"fonte-odonto-escura\">6000K<\/span><\/p>\n<p>\u2022 Vida \u00fatil do LED:\u00a0<span class=\"fonte-odonto-escura\">50.000h sem substitui\u00e7\u00e3o do LED<\/span><\/p>\n<p>\u2022 Autonomia da bateria:<span class=\"fonte-odonto-escura\">\u00a0120 min \u00b1 10% (bateria com carga completa)<\/span><\/p>\n<\/div>\n<\/div>\n<\/section>\n<section id=\"lupas\">\n<div class=\"row\">\n<div class=\"col-lg-12\">\n<p class=\"prod-titulo fonte-odonto-escura\"><strong>Lupas MMO<\/strong><\/p>\n<p>As lupas MMO foram desenvolvidas para amplia\u00e7\u00e3o \u00f3ptica durante exames e cirurgias. Elas s\u00e3o leves e de posi\u00e7\u00e3o ergonomicamente superiores as outras lupas possibilitando uma melhor postura durante o uso. O ajuste da dist\u00e2ncia pupilar torna o instrumento bastante vers\u00e1til e ergon\u00f4mico. Dispon\u00edvel em duas vers\u00f5es de sustenta\u00e7\u00e3o: suporte de cabe\u00e7a leve e confort\u00e1vel.<\/p>\n<p class=\"fonte-odonto-escura\"><strong>Vantagens da Lupa<\/strong><\/p>\n<p>\u2022 \u00d3ptica com lentes acrom\u00e1ticas que proporcionam imagens mais claras e precisas.<\/p>\n<p>\u2022 Deposi\u00e7\u00e3o anti-reflexiva \u2013 melhor efici\u00eancia \u00f3ptica.<\/p>\n<p>\u2022 Ajustes de f\u00e1cil acesso permitem vis\u00e3o clara e precisa do campo cir\u00fargico para qualquer usu\u00e1rio.<\/p>\n<p>\u2022 V\u00e1rias op\u00e7\u00f5es de aumento e dist\u00e2ncia de trabalho.<\/p>\n<p>\u2022 Dist\u00e2ncia entre pupilas ajust\u00e1vel: 45mm-80mm.<\/p>\n<p class=\"fonte-odonto-escura\"><strong>Caracter\u00edsticas T\u00e9cnicas<\/strong><\/p>\n<p>\u2022 Amplia\u00e7\u00e3o: 3,5X<\/p>\n<p>\u2022 Dist\u00e2ncia de trabalho: 340 e 420mm<\/p>\n<p>\u2022 Campo visual para 3,5X: 60, 72, 78 e 84mm<\/p>\n<p>\u2022 Dist\u00e2ncia inter-pupilar ajust\u00e1vel: 45-80mm<\/p>\n<\/div>\n<\/div>\n<\/section>\n<\/body>","protected":false},"excerpt":{"rendered":"<p>O novo foco frontal HEAD SPOT II \u00e9 um equipamento port\u00e1til de ilumina\u00e7\u00e3o cl\u00ednica e cir\u00fargica. Produzido com a mais moderna fonte de luz a LED com intensidade de at\u00e9 5000 lux- LED alta intensidade. Este sistema garante a excelente qualidade de ilumina\u00e7\u00e3o do produto e permite a perfeita diferencia\u00e7\u00e3o das cores dos tecidos. O [&hellip;]<\/p>\n","protected":false},"featured_media":148,"comment_status":"open","ping_status":"closed","template":"","meta":{"_et_pb_use_builder":"","_et_pb_old_content":"","_et_gb_content_width":""},"product_brand":[],"product_cat":[25],"product_tag":[],"class_list":{"0":"post-147","1":"product","2":"type-product","3":"status-publish","4":"has-post-thumbnail","6":"product_cat-laser","8":"first","9":"instock","10":"taxable","11":"shipping-taxable","12":"purchasable","13":"product-type-simple"},"yoast_head":"<!-- This site is optimized with the Yoast SEO plugin v27.3 - https:\/\/yoast.com\/product\/yoast-seo-wordpress\/ -->\n<title>Head Spot - Foco Frontal Fot\u00f3foro Led - Laser Shop<\/title>\n<meta name=\"robots\" content=\"index, follow, max-snippet:-1, max-image-preview:large, max-video-preview:-1\" \/>\n<link rel=\"canonical\" href=\"https:\/\/www.lasershop.com.br\/?product=head-spot-foco-frontal-fotoforo-led\" \/>\n<meta property=\"og:locale\" content=\"pt_BR\" \/>\n<meta property=\"og:type\" content=\"article\" \/>\n<meta property=\"og:title\" content=\"Head Spot - Foco Frontal Fot\u00f3foro Led - Laser Shop\" \/>\n<meta property=\"og:description\" content=\"O novo foco frontal HEAD SPOT II \u00e9 um equipamento port\u00e1til de ilumina\u00e7\u00e3o cl\u00ednica e cir\u00fargica. Produzido com a mais moderna fonte de luz a LED com intensidade de at\u00e9 5000 lux- LED alta intensidade. Este sistema garante a excelente qualidade de ilumina\u00e7\u00e3o do produto e permite a perfeita diferencia\u00e7\u00e3o das cores dos tecidos. O [&hellip;]\" \/>\n<meta property=\"og:url\" content=\"https:\/\/www.lasershop.com.br\/?product=head-spot-foco-frontal-fotoforo-led\" \/>\n<meta property=\"og:site_name\" content=\"Laser Shop\" \/>\n<meta property=\"article:publisher\" content=\"https:\/\/facebook.com\/codaxmedica\" \/>\n<meta property=\"article:modified_time\" content=\"2026-01-25T09:08:20+00:00\" \/>\n<meta property=\"og:image\" content=\"https:\/\/lasershop.com.br\/wp-content\/uploads\/2019\/03\/headspot-prod.png\" \/>\n\t<meta property=\"og:image:width\" content=\"850\" \/>\n\t<meta property=\"og:image:height\" content=\"568\" \/>\n\t<meta property=\"og:image:type\" content=\"image\/png\" \/>\n<meta name=\"twitter:card\" content=\"summary_large_image\" \/>\n<meta name=\"twitter:label1\" content=\"Est. tempo de leitura\" \/>\n\t<meta name=\"twitter:data1\" content=\"2 minutos\" \/>\n<script type=\"application\/ld+json\" class=\"yoast-schema-graph\">{\"@context\":\"https:\\\/\\\/schema.org\",\"@graph\":[{\"@type\":\"WebPage\",\"@id\":\"https:\\\/\\\/www.lasershop.com.br\\\/?product=head-spot-foco-frontal-fotoforo-led\",\"url\":\"https:\\\/\\\/www.lasershop.com.br\\\/?product=head-spot-foco-frontal-fotoforo-led\",\"name\":\"Head Spot - Foco Frontal Fot\u00f3foro Led - Laser Shop\",\"isPartOf\":{\"@id\":\"https:\\\/\\\/www.lasershop.com.br\\\/#website\"},\"primaryImageOfPage\":{\"@id\":\"https:\\\/\\\/www.lasershop.com.br\\\/?product=head-spot-foco-frontal-fotoforo-led#primaryimage\"},\"image\":{\"@id\":\"https:\\\/\\\/www.lasershop.com.br\\\/?product=head-spot-foco-frontal-fotoforo-led#primaryimage\"},\"thumbnailUrl\":\"https:\\\/\\\/lasershop.com.br\\\/wp-content\\\/uploads\\\/2019\\\/03\\\/headspot-prod.png\",\"datePublished\":\"2019-03-20T17:54:14+00:00\",\"dateModified\":\"2026-01-25T09:08:20+00:00\",\"breadcrumb\":{\"@id\":\"https:\\\/\\\/www.lasershop.com.br\\\/?product=head-spot-foco-frontal-fotoforo-led#breadcrumb\"},\"inLanguage\":\"pt-BR\",\"potentialAction\":[{\"@type\":\"ReadAction\",\"target\":[\"https:\\\/\\\/www.lasershop.com.br\\\/?product=head-spot-foco-frontal-fotoforo-led\"]}]},{\"@type\":\"ImageObject\",\"inLanguage\":\"pt-BR\",\"@id\":\"https:\\\/\\\/www.lasershop.com.br\\\/?product=head-spot-foco-frontal-fotoforo-led#primaryimage\",\"url\":\"https:\\\/\\\/lasershop.com.br\\\/wp-content\\\/uploads\\\/2019\\\/03\\\/headspot-prod.png\",\"contentUrl\":\"https:\\\/\\\/lasershop.com.br\\\/wp-content\\\/uploads\\\/2019\\\/03\\\/headspot-prod.png\",\"width\":850,\"height\":568},{\"@type\":\"BreadcrumbList\",\"@id\":\"https:\\\/\\\/www.lasershop.com.br\\\/?product=head-spot-foco-frontal-fotoforo-led#breadcrumb\",\"itemListElement\":[{\"@type\":\"ListItem\",\"position\":1,\"name\":\"In\u00edcio\",\"item\":\"https:\\\/\\\/www.lasershop.com.br\\\/\"},{\"@type\":\"ListItem\",\"position\":2,\"name\":\"Home\",\"item\":\"https:\\\/\\\/www.lasershop.com.br\\\/?page_id=22\"},{\"@type\":\"ListItem\",\"position\":3,\"name\":\"Head Spot &#8211; Foco Frontal Fot\u00f3foro Led\"}]},{\"@type\":\"WebSite\",\"@id\":\"https:\\\/\\\/www.lasershop.com.br\\\/#website\",\"url\":\"https:\\\/\\\/www.lasershop.com.br\\\/\",\"name\":\"Laser Shop\",\"description\":\"Aparelhos Eletrom\u00e9dicos pelo melhor pre\u00e7o!\",\"publisher\":{\"@id\":\"https:\\\/\\\/www.lasershop.com.br\\\/#organization\"},\"potentialAction\":[{\"@type\":\"SearchAction\",\"target\":{\"@type\":\"EntryPoint\",\"urlTemplate\":\"https:\\\/\\\/www.lasershop.com.br\\\/?s={search_term_string}\"},\"query-input\":{\"@type\":\"PropertyValueSpecification\",\"valueRequired\":true,\"valueName\":\"search_term_string\"}}],\"inLanguage\":\"pt-BR\"},{\"@type\":\"Organization\",\"@id\":\"https:\\\/\\\/www.lasershop.com.br\\\/#organization\",\"name\":\"Laser Shop\",\"url\":\"https:\\\/\\\/www.lasershop.com.br\\\/\",\"logo\":{\"@type\":\"ImageObject\",\"inLanguage\":\"pt-BR\",\"@id\":\"https:\\\/\\\/www.lasershop.com.br\\\/#\\\/schema\\\/logo\\\/image\\\/\",\"url\":\"https:\\\/\\\/lasershop.com.br\\\/wp-content\\\/uploads\\\/2025\\\/09\\\/LOGO_LASERSHOP-.png\",\"contentUrl\":\"https:\\\/\\\/lasershop.com.br\\\/wp-content\\\/uploads\\\/2025\\\/09\\\/LOGO_LASERSHOP-.png\",\"width\":612,\"height\":408,\"caption\":\"Laser Shop\"},\"image\":{\"@id\":\"https:\\\/\\\/www.lasershop.com.br\\\/#\\\/schema\\\/logo\\\/image\\\/\"},\"sameAs\":[\"https:\\\/\\\/facebook.com\\\/codaxmedica\",\"https:\\\/\\\/instagram.com\\\/codaxmedica\"]}]}<\/script>\n<!-- \/ Yoast SEO plugin. -->","yoast_head_json":{"title":"Head Spot - Foco Frontal Fot\u00f3foro Led - Laser Shop","robots":{"index":"index","follow":"follow","max-snippet":"max-snippet:-1","max-image-preview":"max-image-preview:large","max-video-preview":"max-video-preview:-1"},"canonical":"https:\/\/www.lasershop.com.br\/?product=head-spot-foco-frontal-fotoforo-led","og_locale":"pt_BR","og_type":"article","og_title":"Head Spot - Foco Frontal Fot\u00f3foro Led - Laser Shop","og_description":"O novo foco frontal HEAD SPOT II \u00e9 um equipamento port\u00e1til de ilumina\u00e7\u00e3o cl\u00ednica e cir\u00fargica. Produzido com a mais moderna fonte de luz a LED com intensidade de at\u00e9 5000 lux- LED alta intensidade. Este sistema garante a excelente qualidade de ilumina\u00e7\u00e3o do produto e permite a perfeita diferencia\u00e7\u00e3o das cores dos tecidos. O [&hellip;]","og_url":"https:\/\/www.lasershop.com.br\/?product=head-spot-foco-frontal-fotoforo-led","og_site_name":"Laser Shop","article_publisher":"https:\/\/facebook.com\/codaxmedica","article_modified_time":"2026-01-25T09:08:20+00:00","og_image":[{"width":850,"height":568,"url":"https:\/\/lasershop.com.br\/wp-content\/uploads\/2019\/03\/headspot-prod.png","type":"image\/png"}],"twitter_card":"summary_large_image","twitter_misc":{"Est. tempo de leitura":"2 minutos"},"schema":{"@context":"https:\/\/schema.org","@graph":[{"@type":"WebPage","@id":"https:\/\/www.lasershop.com.br\/?product=head-spot-foco-frontal-fotoforo-led","url":"https:\/\/www.lasershop.com.br\/?product=head-spot-foco-frontal-fotoforo-led","name":"Head Spot - Foco Frontal Fot\u00f3foro Led - Laser Shop","isPartOf":{"@id":"https:\/\/www.lasershop.com.br\/#website"},"primaryImageOfPage":{"@id":"https:\/\/www.lasershop.com.br\/?product=head-spot-foco-frontal-fotoforo-led#primaryimage"},"image":{"@id":"https:\/\/www.lasershop.com.br\/?product=head-spot-foco-frontal-fotoforo-led#primaryimage"},"thumbnailUrl":"https:\/\/lasershop.com.br\/wp-content\/uploads\/2019\/03\/headspot-prod.png","datePublished":"2019-03-20T17:54:14+00:00","dateModified":"2026-01-25T09:08:20+00:00","breadcrumb":{"@id":"https:\/\/www.lasershop.com.br\/?product=head-spot-foco-frontal-fotoforo-led#breadcrumb"},"inLanguage":"pt-BR","potentialAction":[{"@type":"ReadAction","target":["https:\/\/www.lasershop.com.br\/?product=head-spot-foco-frontal-fotoforo-led"]}]},{"@type":"ImageObject","inLanguage":"pt-BR","@id":"https:\/\/www.lasershop.com.br\/?product=head-spot-foco-frontal-fotoforo-led#primaryimage","url":"https:\/\/lasershop.com.br\/wp-content\/uploads\/2019\/03\/headspot-prod.png","contentUrl":"https:\/\/lasershop.com.br\/wp-content\/uploads\/2019\/03\/headspot-prod.png","width":850,"height":568},{"@type":"BreadcrumbList","@id":"https:\/\/www.lasershop.com.br\/?product=head-spot-foco-frontal-fotoforo-led#breadcrumb","itemListElement":[{"@type":"ListItem","position":1,"name":"In\u00edcio","item":"https:\/\/www.lasershop.com.br\/"},{"@type":"ListItem","position":2,"name":"Home","item":"https:\/\/www.lasershop.com.br\/?page_id=22"},{"@type":"ListItem","position":3,"name":"Head Spot &#8211; Foco Frontal Fot\u00f3foro Led"}]},{"@type":"WebSite","@id":"https:\/\/www.lasershop.com.br\/#website","url":"https:\/\/www.lasershop.com.br\/","name":"Laser Shop","description":"Aparelhos Eletrom\u00e9dicos pelo melhor pre\u00e7o!","publisher":{"@id":"https:\/\/www.lasershop.com.br\/#organization"},"potentialAction":[{"@type":"SearchAction","target":{"@type":"EntryPoint","urlTemplate":"https:\/\/www.lasershop.com.br\/?s={search_term_string}"},"query-input":{"@type":"PropertyValueSpecification","valueRequired":true,"valueName":"search_term_string"}}],"inLanguage":"pt-BR"},{"@type":"Organization","@id":"https:\/\/www.lasershop.com.br\/#organization","name":"Laser Shop","url":"https:\/\/www.lasershop.com.br\/","logo":{"@type":"ImageObject","inLanguage":"pt-BR","@id":"https:\/\/www.lasershop.com.br\/#\/schema\/logo\/image\/","url":"https:\/\/lasershop.com.br\/wp-content\/uploads\/2025\/09\/LOGO_LASERSHOP-.png","contentUrl":"https:\/\/lasershop.com.br\/wp-content\/uploads\/2025\/09\/LOGO_LASERSHOP-.png","width":612,"height":408,"caption":"Laser Shop"},"image":{"@id":"https:\/\/www.lasershop.com.br\/#\/schema\/logo\/image\/"},"sameAs":["https:\/\/facebook.com\/codaxmedica","https:\/\/instagram.com\/codaxmedica"]}]}},"_links":{"self":[{"href":"https:\/\/www.lasershop.com.br\/index.php?rest_route=\/wp\/v2\/product\/147","targetHints":{"allow":["GET"]}}],"collection":[{"href":"https:\/\/www.lasershop.com.br\/index.php?rest_route=\/wp\/v2\/product"}],"about":[{"href":"https:\/\/www.lasershop.com.br\/index.php?rest_route=\/wp\/v2\/types\/product"}],"replies":[{"embeddable":true,"href":"https:\/\/www.lasershop.com.br\/index.php?rest_route=%2Fwp%2Fv2%2Fcomments&post=147"}],"wp:featuredmedia":[{"embeddable":true,"href":"https:\/\/www.lasershop.com.br\/index.php?rest_route=\/wp\/v2\/media\/148"}],"wp:attachment":[{"href":"https:\/\/www.lasershop.com.br\/index.php?rest_route=%2Fwp%2Fv2%2Fmedia&parent=147"}],"wp:term":[{"taxonomy":"product_brand","embeddable":true,"href":"https:\/\/www.lasershop.com.br\/index.php?rest_route=%2Fwp%2Fv2%2Fproduct_brand&post=147"},{"taxonomy":"product_cat","embeddable":true,"href":"https:\/\/www.lasershop.com.br\/index.php?rest_route=%2Fwp%2Fv2%2Fproduct_cat&post=147"},{"taxonomy":"product_tag","embeddable":true,"href":"https:\/\/www.lasershop.com.br\/index.php?rest_route=%2Fwp%2Fv2%2Fproduct_tag&post=147"}],"curies":[{"name":"wp","href":"https:\/\/api.w.org\/{rel}","templated":true}]}}