{"id":160,"date":"2019-03-20T18:50:46","date_gmt":"2019-03-20T18:50:46","guid":{"rendered":"https:\/\/lasershop.com.br\/?post_type=product&#038;p=160"},"modified":"2023-06-10T13:38:44","modified_gmt":"2023-06-10T13:38:44","slug":"laser-duo-terapia-fotodinamica","status":"publish","type":"product","link":"https:\/\/www.lasershop.com.br\/?product=laser-duo-terapia-fotodinamica","title":{"rendered":"Laser Duo &#8211; Terapia Fotodin\u00e2mica"},"content":{"rendered":"<body><p>O Laser DUO \u00e9 port\u00e1til, leve e pr\u00e1tico. Ele cont\u00e9m dois comprimentos de onda no mesmo aparelho, Laser vermelho e Laser infra-vermelho. Atualmente a Laserterapia tem atuado nas diferentes especialidades da Odontologia como uma ferramenta tecnol\u00f3gica indispens\u00e1vel. A utiliza\u00e7\u00e3o dessa Terapia Fot\u00f4nica, associada aos mais diferentes procedimentos odontol\u00f3gicos, proporciona maior conforto aos pacientes e maior confiabilidade no trabalho do cirurgi\u00e3o-dentista.<\/p>\n<section id=\"tz-main-body-wrapper\" class=\" \">\n<div class=\"container-fluid\">\n<div id=\"main-body\" class=\"row\">\n<div id=\"tz-message-area\" class=\"col-lg-12 col-md-12 col-sm-12 col-xs-12 \">\n<section id=\"tz-component-area-wrapper\" class=\" \">\n<div id=\"component-area\" class=\"row\">\n<div id=\"tz-component-area\" class=\"col-lg-12 col-md-12 col-sm-12 col-xs-12 \">\n<section id=\"tz-component-wrapper\">\n<div id=\"tz-component\">\n<div class=\"item-page\">\n<div>\n<div class=\"col-lg-12\">\n<div class=\"row\">\n<div class=\"container cont-prod\">\n<section id=\"beneficios\">\n<div class=\"row\">\n<div class=\"col-lg-12\">\n<p class=\"prod-titulo fonte-odonto-escura\"><strong>Benef\u00edcios<\/strong><\/p>\n<p>H\u00e1 in\u00fameras modalidades terap\u00eauticas utilizando Lasers, e tem sido consenso que os melhores resultados s\u00e3o atingidos com comprimentos de onda dentro da regi\u00e3o vermelho e infravermelho. Esta regi\u00e3o corresponde \u00e0 chamada janela biol\u00f3gica, definida como sendo a regi\u00e3o espectral, onde a luz \u00e9 capaz de penetrar razoavelmente no tecido biol\u00f3gico, ao mesmo tempo em que tem a capacidade de interagir com os processos biol\u00f3gicos, levando a bioestimula\u00e7\u00e3o final. A Laserterapia de baixai ntensidade promove al\u00edvio das dores agudas e cr\u00f4nicas, promovendo a analgesia imediata e tempor\u00e1ria. Apresenta tamb\u00e9m, a\u00e7\u00e3o em processos inflamat\u00f3rios, acelera a cicatriza\u00e7\u00e3o e reparo de les\u00f5es teciduais. Al\u00e9m destas fant\u00e1sticas fun\u00e7\u00f5es, atualmente os lasers podem ser utilizados para redu\u00e7\u00e3o antimicrobiana, quando associados \u00e0s subst\u00e2ncias fotossensibilizantes, abrindo novos caminhos nas \u00e1reas da sa\u00fade.<\/p>\n<p class=\"fonte-odonto-escura\"><strong>Efeitos do Laser<\/strong><\/p>\n<p>\u2022 Repara\u00e7\u00e3o tecidual (bioestimula\u00e7\u00e3o)<\/p>\n<p>\u2022 Analgesia e desinflama\u00e7\u00e3o<\/p>\n<p>\u2022 Acelera\u00e7\u00e3o da cicatriza\u00e7\u00e3o p\u00f3s cir\u00fargica e ferimentos<\/p>\n<p>\u2022 Diminui\u00e7\u00e3o do edema, hematoma e escaras<\/p>\n<p>\u2022 Redu\u00e7\u00e3o antimicrobiana<\/p>\n<\/div>\n<\/div>\n<\/section>\n<section id=\"indicacoes\">\n<div class=\"row\">\n<div class=\"col-lg-12\">\n<p class=\"prod-titulo fonte-odonto-escura\">Indica\u00e7\u00f5es<\/p>\n<div class=\"row\">\n<div class=\"col-md-6\">\n<p>\u2022 Mucosite oral<\/p>\n<p>\u2022 Terapia Fotodin\u00e2mica (PDT)<\/p>\n<p>\u2022 Herpes Zoster<\/p>\n<p>\u2022 Nevralgia do trig\u00eameo<\/p>\n<p>\u2022 Paralisia facial<\/p>\n<p>\u2022 Dores articulares<\/p>\n<p>\u2022 Inflama\u00e7\u00f5es em geral<\/p>\n<p>\u2022 Les\u00f5es da mucosa oral<\/p>\n<p>\u2022 Hipersensibilidade dentin\u00e1ria<\/p>\n<p>\u2022 Aftas e Cand\u00eddiase<\/p>\n<p>\u2022 Dor e disfun\u00e7\u00e3o de ATM<\/p>\n<p>\u2022 Herpes simples labial recorrente<\/p>\n<\/div>\n<div class=\"col-md-6\">\n<p>\u2022 Tratamento periodontal<\/p>\n<p>\u2022 Dent\u00edstica restauradora<\/p>\n<p>\u2022 Tratamento ortod\u00f4ntico<\/p>\n<p>\u2022 Tratamento endod\u00f4ntico<\/p>\n<p>\u2022 L\u00edngua geogr\u00e1fica<\/p>\n<p>\u2022 Liquen plano oral<\/p>\n<p>\u2022 P\u00f3s-operat\u00f3rio cir\u00fargico<\/p>\n<p>\u2022 P\u00f3s-operat\u00f3rio de implantes<\/p>\n<p>\u2022 Queilite Angular<\/p>\n<p>\u2022 Trismo<\/p>\n<p>\u2022 Xerostomia<\/p>\n<p>\u2022 Cefal\u00e9ia<\/p>\n<p>\u2022 ILIB<\/p>\n<\/div>\n<\/div>\n<\/div>\n<\/div>\n<\/section>\n<section id=\"acessorios\">\n<div class=\"row\">\n<div class=\"col-lg-12\">\n<p class=\"prod-titulo fonte-odonto-escura\"><strong>Acess\u00f3rios<\/strong><\/p>\n<p>\u2022 \u00d3culos de prote\u00e7\u00e3o 660nm \u2013 780nm ou 808nm (Profissional)<\/p>\n<p>\u2022 \u00d3culos de seguran\u00e7a bloqueador (Paciente)<\/p>\n<p>\u2022 Protocolos de odontologia (vers\u00e3o digital \u2013 CD)<\/p>\n<p>\u2022 Kit de Fibras \u2013 Item Opcional<\/p>\n<p>\u2022 Pulseira ILIB \u2013 Item Opcional<\/p>\n<\/div>\n<\/div>\n<\/section>\n<section id=\"caracteristicas\">\n<div class=\"row\">\n<div class=\"col-lg-12\">\n<p class=\"prod-titulo fonte-odonto-escura\"><strong>Caracter\u00edsticas T\u00e9cnicas<\/strong><\/p>\n<p>\u2022 Alimenta\u00e7\u00e3o:\u00a0<span class=\"fonte-odonto-escura\">Bateria de Li-Ion 7,6V\/700mA<\/span><\/p>\n<p>\u2022 Autonomia da bateria em uso cont\u00ednuo com carga total:\u00a0<span class=\"fonte-odonto-escura\">4 horas<\/span><\/p>\n<p>\u2022 Tempo para carga completa:\u00a0<span class=\"fonte-odonto-escura\">60 \u2013 120 minutos<\/span><\/p>\n<p>\u2022 Alimenta\u00e7\u00e3o Carregador de Bateria:\u00a0<span class=\"fonte-odonto-escura\">Ve: 100-220V~\/50-60Hz | Vs: 9V\/1,2 A<\/span><\/p>\n<p>\u2022 Emissor de luz:\u00a0<span class=\"fonte-odonto-escura\">Laser semicondutor (GaA1As e InGaAlP)<\/span><\/p>\n<p>\u2022 \u00c1rea do feixe laser de sa\u00edda no BICO da caneta laser:<span class=\"fonte-odonto-escura\">\u00a03mm2<\/span><\/p>\n<p>\u2022 Comprimento de Onda:<span class=\"fonte-odonto-escura\">\u00a0660nm (Laser Vermelho) e 808nm (Laser Infravermelho)<\/span><\/p>\n<\/div>\n<\/div>\n<\/section>\n<\/div>\n<\/div>\n<\/div>\n<\/div>\n<\/div>\n<\/div>\n<\/section>\n<\/div>\n<\/div>\n<\/section>\n<\/div>\n<\/div>\n<\/div>\n<\/section>\n<\/body>","protected":false},"excerpt":{"rendered":"<p>O Laser DUO \u00e9 port\u00e1til, leve e pr\u00e1tico. Ele cont\u00e9m dois comprimentos de onda no mesmo aparelho, Laser vermelho e Laser infra-vermelho. Atualmente a Laserterapia tem atuado nas diferentes especialidades da Odontologia como uma ferramenta tecnol\u00f3gica indispens\u00e1vel. A utiliza\u00e7\u00e3o dessa Terapia Fot\u00f4nica, associada aos mais diferentes procedimentos odontol\u00f3gicos, proporciona maior conforto aos pacientes e maior [&hellip;]<\/p>\n","protected":false},"featured_media":161,"comment_status":"open","ping_status":"closed","template":"","meta":{"_et_pb_use_builder":"","_et_pb_old_content":"","_et_gb_content_width":""},"product_brand":[],"product_cat":[25],"product_tag":[],"class_list":{"0":"post-160","1":"product","2":"type-product","3":"status-publish","4":"has-post-thumbnail","6":"product_cat-laser","8":"first","9":"instock","10":"taxable","11":"shipping-taxable","12":"purchasable","13":"product-type-simple"},"yoast_head":"<!-- This site is optimized with the Yoast SEO plugin v27.3 - https:\/\/yoast.com\/product\/yoast-seo-wordpress\/ -->\n<title>Laser Duo - Terapia Fotodin\u00e2mica - Laser Shop<\/title>\n<meta name=\"robots\" content=\"index, follow, max-snippet:-1, max-image-preview:large, max-video-preview:-1\" \/>\n<link rel=\"canonical\" href=\"https:\/\/www.lasershop.com.br\/?product=laser-duo-terapia-fotodinamica\" \/>\n<meta property=\"og:locale\" content=\"pt_BR\" \/>\n<meta property=\"og:type\" content=\"article\" \/>\n<meta property=\"og:title\" content=\"Laser Duo - Terapia Fotodin\u00e2mica - Laser Shop\" \/>\n<meta property=\"og:description\" content=\"O Laser DUO \u00e9 port\u00e1til, leve e pr\u00e1tico. Ele cont\u00e9m dois comprimentos de onda no mesmo aparelho, Laser vermelho e Laser infra-vermelho. Atualmente a Laserterapia tem atuado nas diferentes especialidades da Odontologia como uma ferramenta tecnol\u00f3gica indispens\u00e1vel. A utiliza\u00e7\u00e3o dessa Terapia Fot\u00f4nica, associada aos mais diferentes procedimentos odontol\u00f3gicos, proporciona maior conforto aos pacientes e maior [&hellip;]\" \/>\n<meta property=\"og:url\" content=\"https:\/\/www.lasershop.com.br\/?product=laser-duo-terapia-fotodinamica\" \/>\n<meta property=\"og:site_name\" content=\"Laser Shop\" \/>\n<meta property=\"article:publisher\" content=\"https:\/\/facebook.com\/codaxmedica\" \/>\n<meta property=\"article:modified_time\" content=\"2023-06-10T13:38:44+00:00\" \/>\n<meta property=\"og:image\" content=\"https:\/\/lasershop.com.br\/wp-content\/uploads\/2019\/03\/laserduo-prod.png\" \/>\n\t<meta property=\"og:image:width\" content=\"850\" \/>\n\t<meta property=\"og:image:height\" content=\"430\" \/>\n\t<meta property=\"og:image:type\" content=\"image\/png\" \/>\n<meta name=\"twitter:card\" content=\"summary_large_image\" \/>\n<meta name=\"twitter:label1\" content=\"Est. tempo de leitura\" \/>\n\t<meta name=\"twitter:data1\" content=\"2 minutos\" \/>\n<script type=\"application\/ld+json\" class=\"yoast-schema-graph\">{\"@context\":\"https:\\\/\\\/schema.org\",\"@graph\":[{\"@type\":\"WebPage\",\"@id\":\"https:\\\/\\\/www.lasershop.com.br\\\/?product=laser-duo-terapia-fotodinamica\",\"url\":\"https:\\\/\\\/www.lasershop.com.br\\\/?product=laser-duo-terapia-fotodinamica\",\"name\":\"Laser Duo - Terapia Fotodin\u00e2mica - Laser Shop\",\"isPartOf\":{\"@id\":\"https:\\\/\\\/www.lasershop.com.br\\\/#website\"},\"primaryImageOfPage\":{\"@id\":\"https:\\\/\\\/www.lasershop.com.br\\\/?product=laser-duo-terapia-fotodinamica#primaryimage\"},\"image\":{\"@id\":\"https:\\\/\\\/www.lasershop.com.br\\\/?product=laser-duo-terapia-fotodinamica#primaryimage\"},\"thumbnailUrl\":\"https:\\\/\\\/lasershop.com.br\\\/wp-content\\\/uploads\\\/2019\\\/03\\\/laserduo-prod.png\",\"datePublished\":\"2019-03-20T18:50:46+00:00\",\"dateModified\":\"2023-06-10T13:38:44+00:00\",\"breadcrumb\":{\"@id\":\"https:\\\/\\\/www.lasershop.com.br\\\/?product=laser-duo-terapia-fotodinamica#breadcrumb\"},\"inLanguage\":\"pt-BR\",\"potentialAction\":[{\"@type\":\"ReadAction\",\"target\":[\"https:\\\/\\\/www.lasershop.com.br\\\/?product=laser-duo-terapia-fotodinamica\"]}]},{\"@type\":\"ImageObject\",\"inLanguage\":\"pt-BR\",\"@id\":\"https:\\\/\\\/www.lasershop.com.br\\\/?product=laser-duo-terapia-fotodinamica#primaryimage\",\"url\":\"https:\\\/\\\/lasershop.com.br\\\/wp-content\\\/uploads\\\/2019\\\/03\\\/laserduo-prod.png\",\"contentUrl\":\"https:\\\/\\\/lasershop.com.br\\\/wp-content\\\/uploads\\\/2019\\\/03\\\/laserduo-prod.png\",\"width\":850,\"height\":430},{\"@type\":\"BreadcrumbList\",\"@id\":\"https:\\\/\\\/www.lasershop.com.br\\\/?product=laser-duo-terapia-fotodinamica#breadcrumb\",\"itemListElement\":[{\"@type\":\"ListItem\",\"position\":1,\"name\":\"In\u00edcio\",\"item\":\"https:\\\/\\\/www.lasershop.com.br\\\/\"},{\"@type\":\"ListItem\",\"position\":2,\"name\":\"Home\",\"item\":\"https:\\\/\\\/www.lasershop.com.br\\\/?page_id=22\"},{\"@type\":\"ListItem\",\"position\":3,\"name\":\"Laser Duo &#8211; Terapia Fotodin\u00e2mica\"}]},{\"@type\":\"WebSite\",\"@id\":\"https:\\\/\\\/www.lasershop.com.br\\\/#website\",\"url\":\"https:\\\/\\\/www.lasershop.com.br\\\/\",\"name\":\"Laser Shop\",\"description\":\"Aparelhos Eletrom\u00e9dicos pelo melhor pre\u00e7o!\",\"publisher\":{\"@id\":\"https:\\\/\\\/www.lasershop.com.br\\\/#organization\"},\"potentialAction\":[{\"@type\":\"SearchAction\",\"target\":{\"@type\":\"EntryPoint\",\"urlTemplate\":\"https:\\\/\\\/www.lasershop.com.br\\\/?s={search_term_string}\"},\"query-input\":{\"@type\":\"PropertyValueSpecification\",\"valueRequired\":true,\"valueName\":\"search_term_string\"}}],\"inLanguage\":\"pt-BR\"},{\"@type\":\"Organization\",\"@id\":\"https:\\\/\\\/www.lasershop.com.br\\\/#organization\",\"name\":\"Laser Shop\",\"url\":\"https:\\\/\\\/www.lasershop.com.br\\\/\",\"logo\":{\"@type\":\"ImageObject\",\"inLanguage\":\"pt-BR\",\"@id\":\"https:\\\/\\\/www.lasershop.com.br\\\/#\\\/schema\\\/logo\\\/image\\\/\",\"url\":\"https:\\\/\\\/lasershop.com.br\\\/wp-content\\\/uploads\\\/2025\\\/09\\\/LOGO_LASERSHOP-.png\",\"contentUrl\":\"https:\\\/\\\/lasershop.com.br\\\/wp-content\\\/uploads\\\/2025\\\/09\\\/LOGO_LASERSHOP-.png\",\"width\":612,\"height\":408,\"caption\":\"Laser Shop\"},\"image\":{\"@id\":\"https:\\\/\\\/www.lasershop.com.br\\\/#\\\/schema\\\/logo\\\/image\\\/\"},\"sameAs\":[\"https:\\\/\\\/facebook.com\\\/codaxmedica\",\"https:\\\/\\\/instagram.com\\\/codaxmedica\"]}]}<\/script>\n<!-- \/ Yoast SEO plugin. -->","yoast_head_json":{"title":"Laser Duo - Terapia Fotodin\u00e2mica - Laser Shop","robots":{"index":"index","follow":"follow","max-snippet":"max-snippet:-1","max-image-preview":"max-image-preview:large","max-video-preview":"max-video-preview:-1"},"canonical":"https:\/\/www.lasershop.com.br\/?product=laser-duo-terapia-fotodinamica","og_locale":"pt_BR","og_type":"article","og_title":"Laser Duo - Terapia Fotodin\u00e2mica - Laser Shop","og_description":"O Laser DUO \u00e9 port\u00e1til, leve e pr\u00e1tico. Ele cont\u00e9m dois comprimentos de onda no mesmo aparelho, Laser vermelho e Laser infra-vermelho. Atualmente a Laserterapia tem atuado nas diferentes especialidades da Odontologia como uma ferramenta tecnol\u00f3gica indispens\u00e1vel. A utiliza\u00e7\u00e3o dessa Terapia Fot\u00f4nica, associada aos mais diferentes procedimentos odontol\u00f3gicos, proporciona maior conforto aos pacientes e maior [&hellip;]","og_url":"https:\/\/www.lasershop.com.br\/?product=laser-duo-terapia-fotodinamica","og_site_name":"Laser Shop","article_publisher":"https:\/\/facebook.com\/codaxmedica","article_modified_time":"2023-06-10T13:38:44+00:00","og_image":[{"width":850,"height":430,"url":"https:\/\/lasershop.com.br\/wp-content\/uploads\/2019\/03\/laserduo-prod.png","type":"image\/png"}],"twitter_card":"summary_large_image","twitter_misc":{"Est. tempo de leitura":"2 minutos"},"schema":{"@context":"https:\/\/schema.org","@graph":[{"@type":"WebPage","@id":"https:\/\/www.lasershop.com.br\/?product=laser-duo-terapia-fotodinamica","url":"https:\/\/www.lasershop.com.br\/?product=laser-duo-terapia-fotodinamica","name":"Laser Duo - Terapia Fotodin\u00e2mica - Laser Shop","isPartOf":{"@id":"https:\/\/www.lasershop.com.br\/#website"},"primaryImageOfPage":{"@id":"https:\/\/www.lasershop.com.br\/?product=laser-duo-terapia-fotodinamica#primaryimage"},"image":{"@id":"https:\/\/www.lasershop.com.br\/?product=laser-duo-terapia-fotodinamica#primaryimage"},"thumbnailUrl":"https:\/\/lasershop.com.br\/wp-content\/uploads\/2019\/03\/laserduo-prod.png","datePublished":"2019-03-20T18:50:46+00:00","dateModified":"2023-06-10T13:38:44+00:00","breadcrumb":{"@id":"https:\/\/www.lasershop.com.br\/?product=laser-duo-terapia-fotodinamica#breadcrumb"},"inLanguage":"pt-BR","potentialAction":[{"@type":"ReadAction","target":["https:\/\/www.lasershop.com.br\/?product=laser-duo-terapia-fotodinamica"]}]},{"@type":"ImageObject","inLanguage":"pt-BR","@id":"https:\/\/www.lasershop.com.br\/?product=laser-duo-terapia-fotodinamica#primaryimage","url":"https:\/\/lasershop.com.br\/wp-content\/uploads\/2019\/03\/laserduo-prod.png","contentUrl":"https:\/\/lasershop.com.br\/wp-content\/uploads\/2019\/03\/laserduo-prod.png","width":850,"height":430},{"@type":"BreadcrumbList","@id":"https:\/\/www.lasershop.com.br\/?product=laser-duo-terapia-fotodinamica#breadcrumb","itemListElement":[{"@type":"ListItem","position":1,"name":"In\u00edcio","item":"https:\/\/www.lasershop.com.br\/"},{"@type":"ListItem","position":2,"name":"Home","item":"https:\/\/www.lasershop.com.br\/?page_id=22"},{"@type":"ListItem","position":3,"name":"Laser Duo &#8211; Terapia Fotodin\u00e2mica"}]},{"@type":"WebSite","@id":"https:\/\/www.lasershop.com.br\/#website","url":"https:\/\/www.lasershop.com.br\/","name":"Laser Shop","description":"Aparelhos Eletrom\u00e9dicos pelo melhor pre\u00e7o!","publisher":{"@id":"https:\/\/www.lasershop.com.br\/#organization"},"potentialAction":[{"@type":"SearchAction","target":{"@type":"EntryPoint","urlTemplate":"https:\/\/www.lasershop.com.br\/?s={search_term_string}"},"query-input":{"@type":"PropertyValueSpecification","valueRequired":true,"valueName":"search_term_string"}}],"inLanguage":"pt-BR"},{"@type":"Organization","@id":"https:\/\/www.lasershop.com.br\/#organization","name":"Laser Shop","url":"https:\/\/www.lasershop.com.br\/","logo":{"@type":"ImageObject","inLanguage":"pt-BR","@id":"https:\/\/www.lasershop.com.br\/#\/schema\/logo\/image\/","url":"https:\/\/lasershop.com.br\/wp-content\/uploads\/2025\/09\/LOGO_LASERSHOP-.png","contentUrl":"https:\/\/lasershop.com.br\/wp-content\/uploads\/2025\/09\/LOGO_LASERSHOP-.png","width":612,"height":408,"caption":"Laser Shop"},"image":{"@id":"https:\/\/www.lasershop.com.br\/#\/schema\/logo\/image\/"},"sameAs":["https:\/\/facebook.com\/codaxmedica","https:\/\/instagram.com\/codaxmedica"]}]}},"_links":{"self":[{"href":"https:\/\/www.lasershop.com.br\/index.php?rest_route=\/wp\/v2\/product\/160","targetHints":{"allow":["GET"]}}],"collection":[{"href":"https:\/\/www.lasershop.com.br\/index.php?rest_route=\/wp\/v2\/product"}],"about":[{"href":"https:\/\/www.lasershop.com.br\/index.php?rest_route=\/wp\/v2\/types\/product"}],"replies":[{"embeddable":true,"href":"https:\/\/www.lasershop.com.br\/index.php?rest_route=%2Fwp%2Fv2%2Fcomments&post=160"}],"wp:featuredmedia":[{"embeddable":true,"href":"https:\/\/www.lasershop.com.br\/index.php?rest_route=\/wp\/v2\/media\/161"}],"wp:attachment":[{"href":"https:\/\/www.lasershop.com.br\/index.php?rest_route=%2Fwp%2Fv2%2Fmedia&parent=160"}],"wp:term":[{"taxonomy":"product_brand","embeddable":true,"href":"https:\/\/www.lasershop.com.br\/index.php?rest_route=%2Fwp%2Fv2%2Fproduct_brand&post=160"},{"taxonomy":"product_cat","embeddable":true,"href":"https:\/\/www.lasershop.com.br\/index.php?rest_route=%2Fwp%2Fv2%2Fproduct_cat&post=160"},{"taxonomy":"product_tag","embeddable":true,"href":"https:\/\/www.lasershop.com.br\/index.php?rest_route=%2Fwp%2Fv2%2Fproduct_tag&post=160"}],"curies":[{"name":"wp","href":"https:\/\/api.w.org\/{rel}","templated":true}]}}