{"id":165,"date":"2019-03-20T19:21:11","date_gmt":"2019-03-20T19:21:11","guid":{"rendered":"https:\/\/lasershop.com.br\/?post_type=product&#038;p=165"},"modified":"2026-01-25T09:07:49","modified_gmt":"2026-01-25T09:07:49","slug":"emisonic-ultrassom-odontologico-com-led","status":"publish","type":"product","link":"https:\/\/www.lasershop.com.br\/?product=emisonic-ultrassom-odontologico-com-led","title":{"rendered":"Emisonic &#8211; Ultrassom Odontol\u00f3gico com Led"},"content":{"rendered":"<body><p>O ultrassom Emisonic possui design moderno e arrojado. Pode ser programado para atender diferentes \u00e1reas da odontologia. Seu painel de controle sens\u00edvel ao toque, permite o uso de membrana de prote\u00e7\u00e3o que garante a biosseguran\u00e7a e a ilumina\u00e7\u00e3o a LED na caneta transdutora possibilita uma vis\u00e3o mais clara do ponto de aplica\u00e7\u00e3o. Mais conforto e seguran\u00e7a para voc\u00ea e seu paciente.<\/p>\n<section id=\"beneficios\">\n<div class=\"row\">\n<div class=\"col-lg-12\">\n<p class=\"fonte-odonto-escura\"><strong><span style=\"font-size: 14pt;\">Diferenciais<\/span><br>\n<\/strong><\/p>\n<p>\u2022 Caneta autoclav\u00e1vel: Possibilita a troca de canetas para o uso cont\u00ednuo<\/p>\n<p>\u2022 Ilumina\u00e7\u00e3o a LED: Melhora a vis\u00e3o no ponto de aplica\u00e7\u00e3o<\/p>\n<p>\u2022 Biosseguran\u00e7a: Painel sens\u00edvel ao toque, permite o uso de membrana protetora<\/p>\n<p>\u2022 Mobilidade: O reservat\u00f3rio de \u00e1gua possibilita o uso em diferentes ambientes<\/p>\n<p>\u2022 Teclado sens\u00edvel ao toque (touch)<\/p>\n<\/div>\n<\/div>\n<\/section>\n<section id=\"indicacoes\">\n<div class=\"row\">\n<div class=\"col-lg-12\">\n<p class=\"prod-titulo fonte-odonto-escura\"><span style=\"font-size: 14pt;\"><strong>Indica\u00e7\u00f5es<\/strong><\/span><\/p>\n<p>\u2022 Multi\u00e1reas;<\/p>\n<p>\u2022 Periodontia;<\/p>\n<p>\u2022 Endodontia;<\/p>\n<p>\u2022 Geral;<\/p>\n<p>\u2022 Uso em diferentes consult\u00f3rios;<\/p>\n<p>\u2022 Atendimento domiciliar;<\/p>\n<\/div>\n<\/div>\n<\/section>\n<section id=\"acessorios\">\n<div class=\"row\">\n<div class=\"col-lg-12\">\n<p class=\"prod-titulo fonte-odonto-escura\"><span style=\"font-size: 14pt;\"><strong>Acess\u00f3rios<\/strong><\/span><\/p>\n<p>\u2022 Ponta G1 \u2013 Universal (\u00e9 enviada em duplicidade);<\/p>\n<p>\u2022 Ponta G2 \u2013 Supragengival;<\/p>\n<p>\u2022 Ponta G4 \u2013 Supragengival (apresenta ponta ativa fina para atua\u00e7\u00e3o em regi\u00f5es interproximais);<\/p>\n<p>\u2022 Ponta P1 \u2013 Remo\u00e7\u00e3o de c\u00e1lculo e biofilme Subgengival;<\/p>\n<p>\u2022 Ponta E1 \u2013 Endodontia<\/p>\n<p>\u2022 Reservat\u00f3tio de \u00e1gua (Dispon\u00edvel para o modelo 230);<\/p>\n<\/div>\n<\/div>\n<\/section>\n<section id=\"caracteristicas\">\n<div class=\"row\">\n<div class=\"col-lg-12\">\n<p class=\"prod-titulo fonte-odonto-escura\"><span style=\"font-size: 14pt;\"><strong>Caracter\u00edsticas T\u00e9cnicas<\/strong><\/span><\/p>\n<p>\u2022 Sistema: <span class=\"fonte-odonto-escura\" style=\"font-weight: bold;\">Pizoel\u00e9trico<\/span><\/p>\n<p>\u2022 Frequ\u00eancia: <span class=\"fonte-odonto-escura\" style=\"font-weight: bold;\">25-31 KHz<\/span><\/p>\n<p>\u2022 Modo de opera\u00e7\u00e3o: <span class=\"fonte-odonto-escura\" style=\"font-weight: bold;\">Cont\u00ednuo<\/span><\/p>\n<p>\u2022 Insertos:\u00a0<span class=\"fonte-odonto-escura\" style=\"font-weight: bold;\">6 unidades<\/span><\/p>\n<p>\u2022 Voltagem: <span class=\"fonte-odonto-escura\" style=\"font-weight: bold;\">Bivolt 110-220v<\/span><\/p>\n<p>\u2022 Reservat\u00f3rio \u2013 Emisonic 230:<span class=\"fonte-odonto-escura\" style=\"font-weight: bold;\"> 1 litro<br>\n<\/span><\/p>\n<\/div>\n<\/div>\n<\/section>\n<\/body>","protected":false},"excerpt":{"rendered":"<p>O ultrassom Emisonic possui design moderno e arrojado. Pode ser programado para atender diferentes \u00e1reas da odontologia. Seu painel de controle sens\u00edvel ao toque, permite o uso de membrana de prote\u00e7\u00e3o que garante a biosseguran\u00e7a e a ilumina\u00e7\u00e3o a LED na caneta transdutora possibilita uma vis\u00e3o mais clara do ponto de aplica\u00e7\u00e3o. Mais conforto e [&hellip;]<\/p>\n","protected":false},"featured_media":167,"comment_status":"open","ping_status":"closed","template":"","meta":{"_et_pb_use_builder":"","_et_pb_old_content":"","_et_gb_content_width":""},"product_brand":[],"product_cat":[25],"product_tag":[],"class_list":{"0":"post-165","1":"product","2":"type-product","3":"status-publish","4":"has-post-thumbnail","6":"product_cat-laser","8":"first","9":"instock","10":"taxable","11":"shipping-taxable","12":"purchasable","13":"product-type-simple"},"yoast_head":"<!-- This site is optimized with the Yoast SEO plugin v27.3 - https:\/\/yoast.com\/product\/yoast-seo-wordpress\/ -->\n<title>Emisonic - Ultrassom Odontol\u00f3gico com Led - Laser Shop<\/title>\n<meta name=\"robots\" content=\"index, follow, max-snippet:-1, max-image-preview:large, max-video-preview:-1\" \/>\n<link rel=\"canonical\" href=\"https:\/\/www.lasershop.com.br\/?product=emisonic-ultrassom-odontologico-com-led\" \/>\n<meta property=\"og:locale\" content=\"pt_BR\" \/>\n<meta property=\"og:type\" content=\"article\" \/>\n<meta property=\"og:title\" content=\"Emisonic - Ultrassom Odontol\u00f3gico com Led - Laser Shop\" \/>\n<meta property=\"og:description\" content=\"O ultrassom Emisonic possui design moderno e arrojado. Pode ser programado para atender diferentes \u00e1reas da odontologia. Seu painel de controle sens\u00edvel ao toque, permite o uso de membrana de prote\u00e7\u00e3o que garante a biosseguran\u00e7a e a ilumina\u00e7\u00e3o a LED na caneta transdutora possibilita uma vis\u00e3o mais clara do ponto de aplica\u00e7\u00e3o. Mais conforto e [&hellip;]\" \/>\n<meta property=\"og:url\" content=\"https:\/\/www.lasershop.com.br\/?product=emisonic-ultrassom-odontologico-com-led\" \/>\n<meta property=\"og:site_name\" content=\"Laser Shop\" \/>\n<meta property=\"article:publisher\" content=\"https:\/\/facebook.com\/codaxmedica\" \/>\n<meta property=\"article:modified_time\" content=\"2026-01-25T09:07:49+00:00\" \/>\n<meta property=\"og:image\" content=\"https:\/\/lasershop.com.br\/wp-content\/uploads\/2019\/03\/emisonic_prod.png\" \/>\n\t<meta property=\"og:image:width\" content=\"418\" \/>\n\t<meta property=\"og:image:height\" content=\"578\" \/>\n\t<meta property=\"og:image:type\" content=\"image\/png\" \/>\n<meta name=\"twitter:card\" content=\"summary_large_image\" \/>\n<meta name=\"twitter:label1\" content=\"Est. tempo de leitura\" \/>\n\t<meta name=\"twitter:data1\" content=\"1 minuto\" \/>\n<script type=\"application\/ld+json\" class=\"yoast-schema-graph\">{\"@context\":\"https:\\\/\\\/schema.org\",\"@graph\":[{\"@type\":\"WebPage\",\"@id\":\"https:\\\/\\\/www.lasershop.com.br\\\/?product=emisonic-ultrassom-odontologico-com-led\",\"url\":\"https:\\\/\\\/www.lasershop.com.br\\\/?product=emisonic-ultrassom-odontologico-com-led\",\"name\":\"Emisonic - Ultrassom Odontol\u00f3gico com Led - Laser Shop\",\"isPartOf\":{\"@id\":\"https:\\\/\\\/www.lasershop.com.br\\\/#website\"},\"primaryImageOfPage\":{\"@id\":\"https:\\\/\\\/www.lasershop.com.br\\\/?product=emisonic-ultrassom-odontologico-com-led#primaryimage\"},\"image\":{\"@id\":\"https:\\\/\\\/www.lasershop.com.br\\\/?product=emisonic-ultrassom-odontologico-com-led#primaryimage\"},\"thumbnailUrl\":\"https:\\\/\\\/lasershop.com.br\\\/wp-content\\\/uploads\\\/2019\\\/03\\\/emisonic_prod.png\",\"datePublished\":\"2019-03-20T19:21:11+00:00\",\"dateModified\":\"2026-01-25T09:07:49+00:00\",\"breadcrumb\":{\"@id\":\"https:\\\/\\\/www.lasershop.com.br\\\/?product=emisonic-ultrassom-odontologico-com-led#breadcrumb\"},\"inLanguage\":\"pt-BR\",\"potentialAction\":[{\"@type\":\"ReadAction\",\"target\":[\"https:\\\/\\\/www.lasershop.com.br\\\/?product=emisonic-ultrassom-odontologico-com-led\"]}]},{\"@type\":\"ImageObject\",\"inLanguage\":\"pt-BR\",\"@id\":\"https:\\\/\\\/www.lasershop.com.br\\\/?product=emisonic-ultrassom-odontologico-com-led#primaryimage\",\"url\":\"https:\\\/\\\/lasershop.com.br\\\/wp-content\\\/uploads\\\/2019\\\/03\\\/emisonic_prod.png\",\"contentUrl\":\"https:\\\/\\\/lasershop.com.br\\\/wp-content\\\/uploads\\\/2019\\\/03\\\/emisonic_prod.png\",\"width\":418,\"height\":578},{\"@type\":\"BreadcrumbList\",\"@id\":\"https:\\\/\\\/www.lasershop.com.br\\\/?product=emisonic-ultrassom-odontologico-com-led#breadcrumb\",\"itemListElement\":[{\"@type\":\"ListItem\",\"position\":1,\"name\":\"In\u00edcio\",\"item\":\"https:\\\/\\\/www.lasershop.com.br\\\/\"},{\"@type\":\"ListItem\",\"position\":2,\"name\":\"Home\",\"item\":\"https:\\\/\\\/www.lasershop.com.br\\\/?page_id=22\"},{\"@type\":\"ListItem\",\"position\":3,\"name\":\"Emisonic &#8211; Ultrassom Odontol\u00f3gico com Led\"}]},{\"@type\":\"WebSite\",\"@id\":\"https:\\\/\\\/www.lasershop.com.br\\\/#website\",\"url\":\"https:\\\/\\\/www.lasershop.com.br\\\/\",\"name\":\"Laser Shop\",\"description\":\"Aparelhos Eletrom\u00e9dicos pelo melhor pre\u00e7o!\",\"publisher\":{\"@id\":\"https:\\\/\\\/www.lasershop.com.br\\\/#organization\"},\"potentialAction\":[{\"@type\":\"SearchAction\",\"target\":{\"@type\":\"EntryPoint\",\"urlTemplate\":\"https:\\\/\\\/www.lasershop.com.br\\\/?s={search_term_string}\"},\"query-input\":{\"@type\":\"PropertyValueSpecification\",\"valueRequired\":true,\"valueName\":\"search_term_string\"}}],\"inLanguage\":\"pt-BR\"},{\"@type\":\"Organization\",\"@id\":\"https:\\\/\\\/www.lasershop.com.br\\\/#organization\",\"name\":\"Laser Shop\",\"url\":\"https:\\\/\\\/www.lasershop.com.br\\\/\",\"logo\":{\"@type\":\"ImageObject\",\"inLanguage\":\"pt-BR\",\"@id\":\"https:\\\/\\\/www.lasershop.com.br\\\/#\\\/schema\\\/logo\\\/image\\\/\",\"url\":\"https:\\\/\\\/lasershop.com.br\\\/wp-content\\\/uploads\\\/2025\\\/09\\\/LOGO_LASERSHOP-.png\",\"contentUrl\":\"https:\\\/\\\/lasershop.com.br\\\/wp-content\\\/uploads\\\/2025\\\/09\\\/LOGO_LASERSHOP-.png\",\"width\":612,\"height\":408,\"caption\":\"Laser Shop\"},\"image\":{\"@id\":\"https:\\\/\\\/www.lasershop.com.br\\\/#\\\/schema\\\/logo\\\/image\\\/\"},\"sameAs\":[\"https:\\\/\\\/facebook.com\\\/codaxmedica\",\"https:\\\/\\\/instagram.com\\\/codaxmedica\"]}]}<\/script>\n<!-- \/ Yoast SEO plugin. -->","yoast_head_json":{"title":"Emisonic - Ultrassom Odontol\u00f3gico com Led - Laser Shop","robots":{"index":"index","follow":"follow","max-snippet":"max-snippet:-1","max-image-preview":"max-image-preview:large","max-video-preview":"max-video-preview:-1"},"canonical":"https:\/\/www.lasershop.com.br\/?product=emisonic-ultrassom-odontologico-com-led","og_locale":"pt_BR","og_type":"article","og_title":"Emisonic - Ultrassom Odontol\u00f3gico com Led - Laser Shop","og_description":"O ultrassom Emisonic possui design moderno e arrojado. Pode ser programado para atender diferentes \u00e1reas da odontologia. Seu painel de controle sens\u00edvel ao toque, permite o uso de membrana de prote\u00e7\u00e3o que garante a biosseguran\u00e7a e a ilumina\u00e7\u00e3o a LED na caneta transdutora possibilita uma vis\u00e3o mais clara do ponto de aplica\u00e7\u00e3o. Mais conforto e [&hellip;]","og_url":"https:\/\/www.lasershop.com.br\/?product=emisonic-ultrassom-odontologico-com-led","og_site_name":"Laser Shop","article_publisher":"https:\/\/facebook.com\/codaxmedica","article_modified_time":"2026-01-25T09:07:49+00:00","og_image":[{"width":418,"height":578,"url":"https:\/\/lasershop.com.br\/wp-content\/uploads\/2019\/03\/emisonic_prod.png","type":"image\/png"}],"twitter_card":"summary_large_image","twitter_misc":{"Est. tempo de leitura":"1 minuto"},"schema":{"@context":"https:\/\/schema.org","@graph":[{"@type":"WebPage","@id":"https:\/\/www.lasershop.com.br\/?product=emisonic-ultrassom-odontologico-com-led","url":"https:\/\/www.lasershop.com.br\/?product=emisonic-ultrassom-odontologico-com-led","name":"Emisonic - Ultrassom Odontol\u00f3gico com Led - Laser Shop","isPartOf":{"@id":"https:\/\/www.lasershop.com.br\/#website"},"primaryImageOfPage":{"@id":"https:\/\/www.lasershop.com.br\/?product=emisonic-ultrassom-odontologico-com-led#primaryimage"},"image":{"@id":"https:\/\/www.lasershop.com.br\/?product=emisonic-ultrassom-odontologico-com-led#primaryimage"},"thumbnailUrl":"https:\/\/lasershop.com.br\/wp-content\/uploads\/2019\/03\/emisonic_prod.png","datePublished":"2019-03-20T19:21:11+00:00","dateModified":"2026-01-25T09:07:49+00:00","breadcrumb":{"@id":"https:\/\/www.lasershop.com.br\/?product=emisonic-ultrassom-odontologico-com-led#breadcrumb"},"inLanguage":"pt-BR","potentialAction":[{"@type":"ReadAction","target":["https:\/\/www.lasershop.com.br\/?product=emisonic-ultrassom-odontologico-com-led"]}]},{"@type":"ImageObject","inLanguage":"pt-BR","@id":"https:\/\/www.lasershop.com.br\/?product=emisonic-ultrassom-odontologico-com-led#primaryimage","url":"https:\/\/lasershop.com.br\/wp-content\/uploads\/2019\/03\/emisonic_prod.png","contentUrl":"https:\/\/lasershop.com.br\/wp-content\/uploads\/2019\/03\/emisonic_prod.png","width":418,"height":578},{"@type":"BreadcrumbList","@id":"https:\/\/www.lasershop.com.br\/?product=emisonic-ultrassom-odontologico-com-led#breadcrumb","itemListElement":[{"@type":"ListItem","position":1,"name":"In\u00edcio","item":"https:\/\/www.lasershop.com.br\/"},{"@type":"ListItem","position":2,"name":"Home","item":"https:\/\/www.lasershop.com.br\/?page_id=22"},{"@type":"ListItem","position":3,"name":"Emisonic &#8211; Ultrassom Odontol\u00f3gico com Led"}]},{"@type":"WebSite","@id":"https:\/\/www.lasershop.com.br\/#website","url":"https:\/\/www.lasershop.com.br\/","name":"Laser Shop","description":"Aparelhos Eletrom\u00e9dicos pelo melhor pre\u00e7o!","publisher":{"@id":"https:\/\/www.lasershop.com.br\/#organization"},"potentialAction":[{"@type":"SearchAction","target":{"@type":"EntryPoint","urlTemplate":"https:\/\/www.lasershop.com.br\/?s={search_term_string}"},"query-input":{"@type":"PropertyValueSpecification","valueRequired":true,"valueName":"search_term_string"}}],"inLanguage":"pt-BR"},{"@type":"Organization","@id":"https:\/\/www.lasershop.com.br\/#organization","name":"Laser Shop","url":"https:\/\/www.lasershop.com.br\/","logo":{"@type":"ImageObject","inLanguage":"pt-BR","@id":"https:\/\/www.lasershop.com.br\/#\/schema\/logo\/image\/","url":"https:\/\/lasershop.com.br\/wp-content\/uploads\/2025\/09\/LOGO_LASERSHOP-.png","contentUrl":"https:\/\/lasershop.com.br\/wp-content\/uploads\/2025\/09\/LOGO_LASERSHOP-.png","width":612,"height":408,"caption":"Laser Shop"},"image":{"@id":"https:\/\/www.lasershop.com.br\/#\/schema\/logo\/image\/"},"sameAs":["https:\/\/facebook.com\/codaxmedica","https:\/\/instagram.com\/codaxmedica"]}]}},"_links":{"self":[{"href":"https:\/\/www.lasershop.com.br\/index.php?rest_route=\/wp\/v2\/product\/165","targetHints":{"allow":["GET"]}}],"collection":[{"href":"https:\/\/www.lasershop.com.br\/index.php?rest_route=\/wp\/v2\/product"}],"about":[{"href":"https:\/\/www.lasershop.com.br\/index.php?rest_route=\/wp\/v2\/types\/product"}],"replies":[{"embeddable":true,"href":"https:\/\/www.lasershop.com.br\/index.php?rest_route=%2Fwp%2Fv2%2Fcomments&post=165"}],"wp:featuredmedia":[{"embeddable":true,"href":"https:\/\/www.lasershop.com.br\/index.php?rest_route=\/wp\/v2\/media\/167"}],"wp:attachment":[{"href":"https:\/\/www.lasershop.com.br\/index.php?rest_route=%2Fwp%2Fv2%2Fmedia&parent=165"}],"wp:term":[{"taxonomy":"product_brand","embeddable":true,"href":"https:\/\/www.lasershop.com.br\/index.php?rest_route=%2Fwp%2Fv2%2Fproduct_brand&post=165"},{"taxonomy":"product_cat","embeddable":true,"href":"https:\/\/www.lasershop.com.br\/index.php?rest_route=%2Fwp%2Fv2%2Fproduct_cat&post=165"},{"taxonomy":"product_tag","embeddable":true,"href":"https:\/\/www.lasershop.com.br\/index.php?rest_route=%2Fwp%2Fv2%2Fproduct_tag&post=165"}],"curies":[{"name":"wp","href":"https:\/\/api.w.org\/{rel}","templated":true}]}}