{"id":174,"date":"2019-03-20T19:31:10","date_gmt":"2019-03-20T19:31:10","guid":{"rendered":"https:\/\/lasershop.com.br\/?post_type=product&#038;p=174"},"modified":"2022-01-05T17:48:30","modified_gmt":"2022-01-05T17:48:30","slug":"evince-evidenciador-clinico","status":"publish","type":"product","link":"https:\/\/www.lasershop.com.br\/?product=evince-evidenciador-clinico","title":{"rendered":"Evince &#8211; Evidenciador Cl\u00ednico"},"content":{"rendered":"<body><p>A fluoresc\u00eancia \u00f3ptica tem sido empregada na Odontologia por apresentar elevada sensibilidade, simplicidade, sendo r\u00e1pida e precisa na obten\u00e7\u00e3o de dados. Evince \u00e9 o novo sistema de imagem por fluoresc\u00eancia \u00f3ptica da MMO. Simples de utilizar, r\u00e1pido, seguro e atua como novo guia de diagn\u00f3sticos bucal por imagem. EVINCE \u2013 evidenciador cl\u00ednico n\u00e3o \u00e9 invasivo e consiste em um conjunto \u00f3ptico com fonte de luz LED violeta. Muito seletivo, reconhece les\u00f5es e contamina\u00e7\u00f5es bucais via fluoresc\u00eancia \u00f3ptica em tempo real. Com Evince sua avalia\u00e7\u00e3o e diagn\u00f3stico tornam-se extremamente r\u00e1pidas e precisas.<\/p>\n<section id=\"beneficios\">\n<div class=\"row\">\n<div class=\"col-lg-12\">\n<p class=\"prod-titulo fonte-odonto-escura\"><span style=\"font-size: 14pt\"><strong>Benef\u00edcios<br>\n<\/strong><\/span><\/p>\n<p>\u2022 R\u00e1pido: Auxilia no diagn\u00f3stico em tempo real<\/p>\n<p>\u2022 Seletivo: Evidencia les\u00f5es e contamina\u00e7\u00f5es por fluoresc\u00eancia \u00f3ptica<\/p>\n<p>\u2022 Acess\u00edvel: Equipamento f\u00e1cil de manusear e com baixo custo<\/p>\n<p>\u2022 Eficiente: Auxilia com muita precis\u00e3o diagn\u00f3sticos cl\u00ednicos<\/p>\n<\/div>\n<\/div>\n<\/section>\n<section id=\"indicacoes\">\n<div class=\"row\">\n<div class=\"col-lg-12\">\n<p class=\"prod-titulo fonte-odonto-escura\"><span style=\"font-size: 14pt\"><strong>Indica\u00e7\u00f5es<\/strong><\/span><\/p>\n<p>\u2022 Placa Bacteriana (Biofilme dental);<\/p>\n<p>\u2022 C\u00e1ries incipientes;<\/p>\n<p>\u2022 Jun\u00e7\u00e3o amelo-cement\u00e1ria exposta;<\/p>\n<p>\u2022 Desmineraliza\u00e7\u00e3o do esmalte dental;<\/p>\n<p>\u2022 Dentes \u00cdntegros;<\/p>\n<p>\u2022 Coroa Prot\u00e9tica;<\/p>\n<p>\u2022 Resina e Infiltra\u00e7\u00e3o;<\/p>\n<p>\u2022 Linha Cervical;<\/p>\n<p>\u2022 Am\u00e1lgama;<\/p>\n<p>\u2022 Tecidos Moles;<\/p>\n<p>\u2022 Resse\u00e7\u00e3o Gengival;<\/p>\n<p>\u2022 L\u00edngua;<\/p>\n<p>\u2022 Microtrinca;<\/p>\n<p>\u2022 Herpes Labial;<\/p>\n<p>\u2022 Aparelho Ortod\u00f4ntico;<\/p>\n<\/div>\n<\/div>\n<\/section>\n<section id=\"acessorios\">\n<div class=\"row\">\n<div class=\"col-lg-12\">\n<p class=\"prod-titulo fonte-odonto-escura\"><span style=\"font-size: 14pt\"><strong>Acess\u00f3rios<\/strong><\/span><\/p>\n<p>\u2022 \u00d3culos de seguran\u00e7a (Paciente)<\/p>\n<p>\u2022 Espa\u00e7ador<\/p>\n<p>\u2022 Protocolo \u2013 Guia visual (vers\u00e3o digital CD)<\/p>\n<\/div>\n<\/div>\n<\/section>\n<section id=\"caracteristicas\">\n<div class=\"row\">\n<div class=\"col-lg-12\">\n<p class=\"prod-titulo fonte-odonto-escura\"><span style=\"font-size: 14pt\"><strong>Caracter\u00edsticas T\u00e9cnicas<\/strong><\/span><\/p>\n<p>\u2022 Fonte de Luz LED:<span class=\"fonte-odonto-escura\" style=\"font-weight: bold\"> CW (emiss\u00e3o cont\u00ednua)<\/span><\/p>\n<p>\u2022 Meio ativo:<span class=\"fonte-odonto-escura\" style=\"font-weight: bold\"> semicondutor<\/span><\/p>\n<p>\u2022 Comprimento de onda:<span class=\"fonte-odonto-escura\" style=\"font-weight: bold\"> 405nm +\/- 20nm <\/span><\/p>\n<p>\u2022 Ponteira:<span class=\"fonte-odonto-escura\" style=\"font-weight: bold\"> Acr\u00edlica 8mm (di\u00e2m.) <\/span><\/p>\n<p>\u2022 \u00c1rea do feixe:<span class=\"fonte-odonto-escura\" style=\"font-weight: bold\"> 0,5 cm\u00b2<\/span><\/p>\n<p>\u2022 Alimenta\u00e7\u00e3o:<span class=\"fonte-odonto-escura\" style=\"font-weight: bold\"> 100-240V ~\/ 50-60Hz<\/span><\/p>\n<p>\u2022 Dimens\u00f5es:<span class=\"fonte-odonto-escura\" style=\"font-weight: bold\"> 25x200mm<\/span><\/p>\n<p>\u2022 Start progressivo:<span class=\"fonte-odonto-escura\" style=\"font-weight: bold\"> 5s<\/span><\/p>\n<p>\u2022 Alimenta\u00e7\u00e3o:<span class=\"fonte-odonto-escura\" style=\"font-weight: bold\"> Bateria de Li-Ion 7,6V\/700mA<\/span><\/p>\n<p>\u2022 Autonomia da bateria em uso cont\u00ednuo com carga total:<span class=\"fonte-odonto-escura\" style=\"font-weight: bold\"> 50-60 minutos<\/span><\/p>\n<p>\u2022 Tempo de carga completa: <span class=\"fonte-odonto-escura\" style=\"font-weight: bold\">60-120 minutos<\/span><\/p>\n<p>\u2022 Alimenta\u00e7\u00e3o carregador de bateria: <span class=\"fonte-odonto-escura\" style=\"font-weight: bold\">Ve: 100-220V~\/50-60Hz | Vs: 9V\/1,2A<\/span><\/p>\n<p>\u2022 Modo de opera\u00e7\u00e3o: Interminente:<span class=\"fonte-odonto-escura\" style=\"font-weight: bold\"> 15 minutos (ligado) e 2 horas (desligado)<\/span><\/p>\n<p>\u2022 Di\u00e2metro de spot de luz do LED:<span class=\"fonte-odonto-escura\" style=\"font-weight: bold\"> 20mm\u00b110%<\/span><\/p>\n<p>\u2022 Intensidade luminosa m\u00e1xima:<span class=\"fonte-odonto-escura\" style=\"font-weight: bold\"> 40mW\/cm2\u00b120%<\/span><\/p>\n<\/div>\n<\/div>\n<\/section>\n<\/body>","protected":false},"excerpt":{"rendered":"<p>A fluoresc\u00eancia \u00f3ptica tem sido empregada na Odontologia por apresentar elevada sensibilidade, simplicidade, sendo r\u00e1pida e precisa na obten\u00e7\u00e3o de dados. Evince \u00e9 o novo sistema de imagem por fluoresc\u00eancia \u00f3ptica da MMO. Simples de utilizar, r\u00e1pido, seguro e atua como novo guia de diagn\u00f3sticos bucal por imagem. EVINCE \u2013 evidenciador cl\u00ednico n\u00e3o \u00e9 invasivo [&hellip;]<\/p>\n","protected":false},"featured_media":178,"comment_status":"open","ping_status":"closed","template":"","meta":{"_et_pb_use_builder":"","_et_pb_old_content":"","_et_gb_content_width":""},"product_brand":[],"product_cat":[25],"product_tag":[],"class_list":{"0":"post-174","1":"product","2":"type-product","3":"status-publish","4":"has-post-thumbnail","6":"product_cat-laser","8":"first","9":"instock","10":"taxable","11":"shipping-taxable","12":"purchasable","13":"product-type-simple"},"yoast_head":"<!-- This site is optimized with the Yoast SEO plugin v27.3 - https:\/\/yoast.com\/product\/yoast-seo-wordpress\/ -->\n<title>Evince - Evidenciador Cl\u00ednico - Laser Shop<\/title>\n<meta name=\"robots\" content=\"index, follow, max-snippet:-1, max-image-preview:large, max-video-preview:-1\" \/>\n<link rel=\"canonical\" href=\"https:\/\/www.lasershop.com.br\/?product=evince-evidenciador-clinico\" \/>\n<meta property=\"og:locale\" content=\"pt_BR\" \/>\n<meta property=\"og:type\" content=\"article\" \/>\n<meta property=\"og:title\" content=\"Evince - Evidenciador Cl\u00ednico - Laser Shop\" \/>\n<meta property=\"og:description\" content=\"A fluoresc\u00eancia \u00f3ptica tem sido empregada na Odontologia por apresentar elevada sensibilidade, simplicidade, sendo r\u00e1pida e precisa na obten\u00e7\u00e3o de dados. Evince \u00e9 o novo sistema de imagem por fluoresc\u00eancia \u00f3ptica da MMO. Simples de utilizar, r\u00e1pido, seguro e atua como novo guia de diagn\u00f3sticos bucal por imagem. EVINCE \u2013 evidenciador cl\u00ednico n\u00e3o \u00e9 invasivo [&hellip;]\" \/>\n<meta property=\"og:url\" content=\"https:\/\/www.lasershop.com.br\/?product=evince-evidenciador-clinico\" \/>\n<meta property=\"og:site_name\" content=\"Laser Shop\" \/>\n<meta property=\"article:publisher\" content=\"https:\/\/facebook.com\/codaxmedica\" \/>\n<meta property=\"article:modified_time\" content=\"2022-01-05T17:48:30+00:00\" \/>\n<meta property=\"og:image\" content=\"https:\/\/lasershop.com.br\/wp-content\/uploads\/2019\/03\/evince_prod2-C\u00f3pia.png\" \/>\n\t<meta property=\"og:image:width\" content=\"437\" \/>\n\t<meta property=\"og:image:height\" content=\"578\" \/>\n\t<meta property=\"og:image:type\" content=\"image\/png\" \/>\n<meta name=\"twitter:card\" content=\"summary_large_image\" \/>\n<meta name=\"twitter:label1\" content=\"Est. tempo de leitura\" \/>\n\t<meta name=\"twitter:data1\" content=\"2 minutos\" \/>\n<script type=\"application\/ld+json\" class=\"yoast-schema-graph\">{\"@context\":\"https:\\\/\\\/schema.org\",\"@graph\":[{\"@type\":\"WebPage\",\"@id\":\"https:\\\/\\\/www.lasershop.com.br\\\/?product=evince-evidenciador-clinico\",\"url\":\"https:\\\/\\\/www.lasershop.com.br\\\/?product=evince-evidenciador-clinico\",\"name\":\"Evince - Evidenciador Cl\u00ednico - Laser Shop\",\"isPartOf\":{\"@id\":\"https:\\\/\\\/www.lasershop.com.br\\\/#website\"},\"primaryImageOfPage\":{\"@id\":\"https:\\\/\\\/www.lasershop.com.br\\\/?product=evince-evidenciador-clinico#primaryimage\"},\"image\":{\"@id\":\"https:\\\/\\\/www.lasershop.com.br\\\/?product=evince-evidenciador-clinico#primaryimage\"},\"thumbnailUrl\":\"https:\\\/\\\/lasershop.com.br\\\/wp-content\\\/uploads\\\/2019\\\/03\\\/evince_prod2-C\u00f3pia.png\",\"datePublished\":\"2019-03-20T19:31:10+00:00\",\"dateModified\":\"2022-01-05T17:48:30+00:00\",\"breadcrumb\":{\"@id\":\"https:\\\/\\\/www.lasershop.com.br\\\/?product=evince-evidenciador-clinico#breadcrumb\"},\"inLanguage\":\"pt-BR\",\"potentialAction\":[{\"@type\":\"ReadAction\",\"target\":[\"https:\\\/\\\/www.lasershop.com.br\\\/?product=evince-evidenciador-clinico\"]}]},{\"@type\":\"ImageObject\",\"inLanguage\":\"pt-BR\",\"@id\":\"https:\\\/\\\/www.lasershop.com.br\\\/?product=evince-evidenciador-clinico#primaryimage\",\"url\":\"https:\\\/\\\/lasershop.com.br\\\/wp-content\\\/uploads\\\/2019\\\/03\\\/evince_prod2-C\u00f3pia.png\",\"contentUrl\":\"https:\\\/\\\/lasershop.com.br\\\/wp-content\\\/uploads\\\/2019\\\/03\\\/evince_prod2-C\u00f3pia.png\",\"width\":437,\"height\":578},{\"@type\":\"BreadcrumbList\",\"@id\":\"https:\\\/\\\/www.lasershop.com.br\\\/?product=evince-evidenciador-clinico#breadcrumb\",\"itemListElement\":[{\"@type\":\"ListItem\",\"position\":1,\"name\":\"In\u00edcio\",\"item\":\"https:\\\/\\\/www.lasershop.com.br\\\/\"},{\"@type\":\"ListItem\",\"position\":2,\"name\":\"Home\",\"item\":\"https:\\\/\\\/www.lasershop.com.br\\\/?page_id=22\"},{\"@type\":\"ListItem\",\"position\":3,\"name\":\"Evince &#8211; Evidenciador Cl\u00ednico\"}]},{\"@type\":\"WebSite\",\"@id\":\"https:\\\/\\\/www.lasershop.com.br\\\/#website\",\"url\":\"https:\\\/\\\/www.lasershop.com.br\\\/\",\"name\":\"Laser Shop\",\"description\":\"Aparelhos Eletrom\u00e9dicos pelo melhor pre\u00e7o!\",\"publisher\":{\"@id\":\"https:\\\/\\\/www.lasershop.com.br\\\/#organization\"},\"potentialAction\":[{\"@type\":\"SearchAction\",\"target\":{\"@type\":\"EntryPoint\",\"urlTemplate\":\"https:\\\/\\\/www.lasershop.com.br\\\/?s={search_term_string}\"},\"query-input\":{\"@type\":\"PropertyValueSpecification\",\"valueRequired\":true,\"valueName\":\"search_term_string\"}}],\"inLanguage\":\"pt-BR\"},{\"@type\":\"Organization\",\"@id\":\"https:\\\/\\\/www.lasershop.com.br\\\/#organization\",\"name\":\"Laser Shop\",\"url\":\"https:\\\/\\\/www.lasershop.com.br\\\/\",\"logo\":{\"@type\":\"ImageObject\",\"inLanguage\":\"pt-BR\",\"@id\":\"https:\\\/\\\/www.lasershop.com.br\\\/#\\\/schema\\\/logo\\\/image\\\/\",\"url\":\"https:\\\/\\\/lasershop.com.br\\\/wp-content\\\/uploads\\\/2025\\\/09\\\/LOGO_LASERSHOP-.png\",\"contentUrl\":\"https:\\\/\\\/lasershop.com.br\\\/wp-content\\\/uploads\\\/2025\\\/09\\\/LOGO_LASERSHOP-.png\",\"width\":612,\"height\":408,\"caption\":\"Laser Shop\"},\"image\":{\"@id\":\"https:\\\/\\\/www.lasershop.com.br\\\/#\\\/schema\\\/logo\\\/image\\\/\"},\"sameAs\":[\"https:\\\/\\\/facebook.com\\\/codaxmedica\",\"https:\\\/\\\/instagram.com\\\/codaxmedica\"]}]}<\/script>\n<!-- \/ Yoast SEO plugin. -->","yoast_head_json":{"title":"Evince - Evidenciador Cl\u00ednico - Laser Shop","robots":{"index":"index","follow":"follow","max-snippet":"max-snippet:-1","max-image-preview":"max-image-preview:large","max-video-preview":"max-video-preview:-1"},"canonical":"https:\/\/www.lasershop.com.br\/?product=evince-evidenciador-clinico","og_locale":"pt_BR","og_type":"article","og_title":"Evince - Evidenciador Cl\u00ednico - Laser Shop","og_description":"A fluoresc\u00eancia \u00f3ptica tem sido empregada na Odontologia por apresentar elevada sensibilidade, simplicidade, sendo r\u00e1pida e precisa na obten\u00e7\u00e3o de dados. Evince \u00e9 o novo sistema de imagem por fluoresc\u00eancia \u00f3ptica da MMO. Simples de utilizar, r\u00e1pido, seguro e atua como novo guia de diagn\u00f3sticos bucal por imagem. EVINCE \u2013 evidenciador cl\u00ednico n\u00e3o \u00e9 invasivo [&hellip;]","og_url":"https:\/\/www.lasershop.com.br\/?product=evince-evidenciador-clinico","og_site_name":"Laser Shop","article_publisher":"https:\/\/facebook.com\/codaxmedica","article_modified_time":"2022-01-05T17:48:30+00:00","og_image":[{"width":437,"height":578,"url":"https:\/\/lasershop.com.br\/wp-content\/uploads\/2019\/03\/evince_prod2-C\u00f3pia.png","type":"image\/png"}],"twitter_card":"summary_large_image","twitter_misc":{"Est. tempo de leitura":"2 minutos"},"schema":{"@context":"https:\/\/schema.org","@graph":[{"@type":"WebPage","@id":"https:\/\/www.lasershop.com.br\/?product=evince-evidenciador-clinico","url":"https:\/\/www.lasershop.com.br\/?product=evince-evidenciador-clinico","name":"Evince - Evidenciador Cl\u00ednico - Laser Shop","isPartOf":{"@id":"https:\/\/www.lasershop.com.br\/#website"},"primaryImageOfPage":{"@id":"https:\/\/www.lasershop.com.br\/?product=evince-evidenciador-clinico#primaryimage"},"image":{"@id":"https:\/\/www.lasershop.com.br\/?product=evince-evidenciador-clinico#primaryimage"},"thumbnailUrl":"https:\/\/lasershop.com.br\/wp-content\/uploads\/2019\/03\/evince_prod2-C\u00f3pia.png","datePublished":"2019-03-20T19:31:10+00:00","dateModified":"2022-01-05T17:48:30+00:00","breadcrumb":{"@id":"https:\/\/www.lasershop.com.br\/?product=evince-evidenciador-clinico#breadcrumb"},"inLanguage":"pt-BR","potentialAction":[{"@type":"ReadAction","target":["https:\/\/www.lasershop.com.br\/?product=evince-evidenciador-clinico"]}]},{"@type":"ImageObject","inLanguage":"pt-BR","@id":"https:\/\/www.lasershop.com.br\/?product=evince-evidenciador-clinico#primaryimage","url":"https:\/\/lasershop.com.br\/wp-content\/uploads\/2019\/03\/evince_prod2-C\u00f3pia.png","contentUrl":"https:\/\/lasershop.com.br\/wp-content\/uploads\/2019\/03\/evince_prod2-C\u00f3pia.png","width":437,"height":578},{"@type":"BreadcrumbList","@id":"https:\/\/www.lasershop.com.br\/?product=evince-evidenciador-clinico#breadcrumb","itemListElement":[{"@type":"ListItem","position":1,"name":"In\u00edcio","item":"https:\/\/www.lasershop.com.br\/"},{"@type":"ListItem","position":2,"name":"Home","item":"https:\/\/www.lasershop.com.br\/?page_id=22"},{"@type":"ListItem","position":3,"name":"Evince &#8211; Evidenciador Cl\u00ednico"}]},{"@type":"WebSite","@id":"https:\/\/www.lasershop.com.br\/#website","url":"https:\/\/www.lasershop.com.br\/","name":"Laser Shop","description":"Aparelhos Eletrom\u00e9dicos pelo melhor pre\u00e7o!","publisher":{"@id":"https:\/\/www.lasershop.com.br\/#organization"},"potentialAction":[{"@type":"SearchAction","target":{"@type":"EntryPoint","urlTemplate":"https:\/\/www.lasershop.com.br\/?s={search_term_string}"},"query-input":{"@type":"PropertyValueSpecification","valueRequired":true,"valueName":"search_term_string"}}],"inLanguage":"pt-BR"},{"@type":"Organization","@id":"https:\/\/www.lasershop.com.br\/#organization","name":"Laser Shop","url":"https:\/\/www.lasershop.com.br\/","logo":{"@type":"ImageObject","inLanguage":"pt-BR","@id":"https:\/\/www.lasershop.com.br\/#\/schema\/logo\/image\/","url":"https:\/\/lasershop.com.br\/wp-content\/uploads\/2025\/09\/LOGO_LASERSHOP-.png","contentUrl":"https:\/\/lasershop.com.br\/wp-content\/uploads\/2025\/09\/LOGO_LASERSHOP-.png","width":612,"height":408,"caption":"Laser Shop"},"image":{"@id":"https:\/\/www.lasershop.com.br\/#\/schema\/logo\/image\/"},"sameAs":["https:\/\/facebook.com\/codaxmedica","https:\/\/instagram.com\/codaxmedica"]}]}},"_links":{"self":[{"href":"https:\/\/www.lasershop.com.br\/index.php?rest_route=\/wp\/v2\/product\/174","targetHints":{"allow":["GET"]}}],"collection":[{"href":"https:\/\/www.lasershop.com.br\/index.php?rest_route=\/wp\/v2\/product"}],"about":[{"href":"https:\/\/www.lasershop.com.br\/index.php?rest_route=\/wp\/v2\/types\/product"}],"replies":[{"embeddable":true,"href":"https:\/\/www.lasershop.com.br\/index.php?rest_route=%2Fwp%2Fv2%2Fcomments&post=174"}],"wp:featuredmedia":[{"embeddable":true,"href":"https:\/\/www.lasershop.com.br\/index.php?rest_route=\/wp\/v2\/media\/178"}],"wp:attachment":[{"href":"https:\/\/www.lasershop.com.br\/index.php?rest_route=%2Fwp%2Fv2%2Fmedia&parent=174"}],"wp:term":[{"taxonomy":"product_brand","embeddable":true,"href":"https:\/\/www.lasershop.com.br\/index.php?rest_route=%2Fwp%2Fv2%2Fproduct_brand&post=174"},{"taxonomy":"product_cat","embeddable":true,"href":"https:\/\/www.lasershop.com.br\/index.php?rest_route=%2Fwp%2Fv2%2Fproduct_cat&post=174"},{"taxonomy":"product_tag","embeddable":true,"href":"https:\/\/www.lasershop.com.br\/index.php?rest_route=%2Fwp%2Fv2%2Fproduct_tag&post=174"}],"curies":[{"name":"wp","href":"https:\/\/api.w.org\/{rel}","templated":true}]}}