{"id":179,"date":"2019-03-20T19:34:48","date_gmt":"2019-03-20T19:34:48","guid":{"rendered":"https:\/\/lasershop.com.br\/?post_type=product&#038;p=179"},"modified":"2026-01-25T09:06:57","modified_gmt":"2026-01-25T09:06:57","slug":"bright-max-whitening-clareamento-fotoativado","status":"publish","type":"product","link":"https:\/\/www.lasershop.com.br\/?product=bright-max-whitening-clareamento-fotoativado","title":{"rendered":"Bright Max Whitening &#8211; Clareamento Fotoativado"},"content":{"rendered":"<body><section id=\"beneficios\">\n<div class=\"row\">\n<div class=\"col-lg-12\">\n<p>Bright Max Whitening cont\u00e9m quatro super LEDS violeta de alta pot\u00eancia \u00f3tica numa \u00fanica pe\u00e7a de m\u00e3o. A luz \u00e9 projetada por ponta acr\u00edlica exclusiva MMO que permite o clareamento simult\u00e2neo de ambas as arcadas dent\u00e1rias. O Bright Max Whitening \u00e9 produzido com equipamentos certificados e desenvolvido com inovador sistema de ponteiras que canalizam o foco da luz violeta emitida pelos 4 SUPER LEDS VIOLETA.<\/p>\n<p>A tecnologia exclusiva proporciona menor penetra\u00e7\u00e3o de res\u00edduos, evitando a transmiss\u00e3o de bact\u00e9rias, al\u00e9m de ser facilmente higienizado por completo, diferente de equipamentos encontrados no mercado, expostos aos fluidos e muito dif\u00edceis de realizar a assepsia necess\u00e1ria.<\/p>\n<p class=\"fonte-odonto-escura\"><strong><span style=\"font-size: 14pt\">Diferenciais<\/span><span> <\/span><br>\n<\/strong><\/p>\n<p>\u2022 4 Super leds violeta, clareia s\u00f3 com a luz;<\/p>\n<p>\u2022 Sensa\u00e7\u00e3o zero de sensibilidade e dor;<\/p>\n<p>\u2022 Precis\u00e3o e efici\u00eancia \u00f3ptica;<\/p>\n<p>\u2022 Permite o clareamento simult\u00e2neo das arcadas dent\u00e1rias;<\/p>\n<p>\u2022 Uniformidade da aplica\u00e7\u00e3o (sistema de ponteira exclusivo);<\/p>\n<p>\u2022 Controle total do procedimento, do in\u00edcio ao fim;<\/p>\n<p>\u2022 Mais seguran\u00e7a e satisfa\u00e7\u00e3o nos resultados;<\/p>\n<p>\u2022 Sistema de funcionamento automatizado com display digital;<\/p>\n<p>\u2022 Equipamento port\u00e1til e muito leve;<\/p>\n<\/div>\n<\/div>\n<\/section>\n<section id=\"indicacoes\">\n<div class=\"row\">\n<div class=\"col-lg-12\">\n<p class=\"prod-titulo fonte-odonto-escura\"><span style=\"font-size: 14pt\"><strong>Indica\u00e7\u00f5es<\/strong><\/span><\/p>\n<p>\u2022 Clareamento Dental \u2013 Fotoacelerado com op\u00e7\u00e3o do uso ou sem gel clareador.<\/p>\n<\/div>\n<\/div>\n<\/section>\n<section id=\"acessorios\">\n<div class=\"row\">\n<div class=\"col-lg-12\">\n<p class=\"prod-titulo fonte-odonto-escura\"><strong>Acess\u00f3rios<\/strong><\/p>\n<p>\u2022 \u00d3culos de seguran\u00e7a (Profissional);<\/p>\n<p>\u2022 \u00d3culos de seguran\u00e7a bloqueador (Paciente);<\/p>\n<p>\u2022 Ponta acr\u00edlica exclusiva mmo;<\/p>\n<p>\u2022 Aumenta o aproveitamento da energia luminosa;<\/p>\n<p>\u2022 Suporte de sustenta\u00e7\u00e3o (item vendido como opcional)<\/p>\n<\/div>\n<\/div>\n<\/section>\n<section id=\"caracteristicas\">\n<div class=\"row\">\n<div class=\"col-lg-12\">\n<p class=\"prod-titulo fonte-odonto-escura\"><span style=\"font-size: 14pt\"><strong>Caracter\u00edsticas T\u00e9cnicas<\/strong><\/span><\/p>\n<p>\u2022 Emissores de luz:<span class=\"fonte-odonto-escura\" style=\"font-weight: bold\"><span>\u00a0<\/span>4 super leds violeta;<\/span><\/p>\n<p>\u2022 Comprimento de onda da luz:<span class=\"fonte-odonto-escura\" style=\"font-weight: bold\"><span>\u00a0<\/span>405nm +\/- 10nm;<\/span><\/p>\n<p>\u2022 \u00d3ptica de alta efici\u00eancia e precis\u00e3o;<\/p>\n<p>\u2022 Programa\u00e7\u00e3o fixa;<\/p>\n<p>\u2022 Sonorizador indicando inicio e fim do ciclo;<\/p>\n<p>\u2022 Alimenta\u00e7\u00e3o:<span class=\"fonte-odonto-escura\" style=\"font-weight: bold\"><span>\u00a0110 \u2013 220V (Bivolt);\u00a0<\/span><\/span><\/p>\n<p><\/p>\n<p>\u00a0<\/p>\n<\/div>\n<\/div>\n<\/section>\n<\/body>","protected":false},"excerpt":{"rendered":"<p>Bright Max Whitening cont\u00e9m quatro super LEDS violeta de alta pot\u00eancia \u00f3tica numa \u00fanica pe\u00e7a de m\u00e3o. A luz \u00e9 projetada por ponta acr\u00edlica exclusiva MMO que permite o clareamento simult\u00e2neo de ambas as arcadas dent\u00e1rias. O Bright Max Whitening \u00e9 produzido com equipamentos certificados e desenvolvido com inovador sistema de ponteiras que canalizam o [&hellip;]<\/p>\n","protected":false},"featured_media":180,"comment_status":"open","ping_status":"closed","template":"","meta":{"_et_pb_use_builder":"","_et_pb_old_content":"","_et_gb_content_width":""},"product_brand":[],"product_cat":[25],"product_tag":[],"class_list":{"0":"post-179","1":"product","2":"type-product","3":"status-publish","4":"has-post-thumbnail","6":"product_cat-laser","8":"first","9":"instock","10":"taxable","11":"shipping-taxable","12":"purchasable","13":"product-type-simple"},"yoast_head":"<!-- This site is optimized with the Yoast SEO plugin v27.3 - https:\/\/yoast.com\/product\/yoast-seo-wordpress\/ -->\n<title>Bright Max Whitening - Clareamento Fotoativado - Laser Shop<\/title>\n<meta name=\"robots\" content=\"index, follow, max-snippet:-1, max-image-preview:large, max-video-preview:-1\" \/>\n<link rel=\"canonical\" href=\"https:\/\/www.lasershop.com.br\/?product=bright-max-whitening-clareamento-fotoativado\" \/>\n<meta property=\"og:locale\" content=\"pt_BR\" \/>\n<meta property=\"og:type\" content=\"article\" \/>\n<meta property=\"og:title\" content=\"Bright Max Whitening - Clareamento Fotoativado - Laser Shop\" \/>\n<meta property=\"og:description\" content=\"Bright Max Whitening cont\u00e9m quatro super LEDS violeta de alta pot\u00eancia \u00f3tica numa \u00fanica pe\u00e7a de m\u00e3o. A luz \u00e9 projetada por ponta acr\u00edlica exclusiva MMO que permite o clareamento simult\u00e2neo de ambas as arcadas dent\u00e1rias. O Bright Max Whitening \u00e9 produzido com equipamentos certificados e desenvolvido com inovador sistema de ponteiras que canalizam o [&hellip;]\" \/>\n<meta property=\"og:url\" content=\"https:\/\/www.lasershop.com.br\/?product=bright-max-whitening-clareamento-fotoativado\" \/>\n<meta property=\"og:site_name\" content=\"Laser Shop\" \/>\n<meta property=\"article:publisher\" content=\"https:\/\/facebook.com\/codaxmedica\" \/>\n<meta property=\"article:modified_time\" content=\"2026-01-25T09:06:57+00:00\" \/>\n<meta property=\"og:image\" content=\"https:\/\/lasershop.com.br\/wp-content\/uploads\/2019\/03\/bright_white_prod-C\u00f3pia.png\" \/>\n\t<meta property=\"og:image:width\" content=\"850\" \/>\n\t<meta property=\"og:image:height\" content=\"620\" \/>\n\t<meta property=\"og:image:type\" content=\"image\/png\" \/>\n<meta name=\"twitter:card\" content=\"summary_large_image\" \/>\n<meta name=\"twitter:label1\" content=\"Est. tempo de leitura\" \/>\n\t<meta name=\"twitter:data1\" content=\"1 minuto\" \/>\n<script type=\"application\/ld+json\" class=\"yoast-schema-graph\">{\"@context\":\"https:\\\/\\\/schema.org\",\"@graph\":[{\"@type\":\"WebPage\",\"@id\":\"https:\\\/\\\/www.lasershop.com.br\\\/?product=bright-max-whitening-clareamento-fotoativado\",\"url\":\"https:\\\/\\\/www.lasershop.com.br\\\/?product=bright-max-whitening-clareamento-fotoativado\",\"name\":\"Bright Max Whitening - Clareamento Fotoativado - Laser Shop\",\"isPartOf\":{\"@id\":\"https:\\\/\\\/www.lasershop.com.br\\\/#website\"},\"primaryImageOfPage\":{\"@id\":\"https:\\\/\\\/www.lasershop.com.br\\\/?product=bright-max-whitening-clareamento-fotoativado#primaryimage\"},\"image\":{\"@id\":\"https:\\\/\\\/www.lasershop.com.br\\\/?product=bright-max-whitening-clareamento-fotoativado#primaryimage\"},\"thumbnailUrl\":\"https:\\\/\\\/lasershop.com.br\\\/wp-content\\\/uploads\\\/2019\\\/03\\\/bright_white_prod-C\u00f3pia.png\",\"datePublished\":\"2019-03-20T19:34:48+00:00\",\"dateModified\":\"2026-01-25T09:06:57+00:00\",\"breadcrumb\":{\"@id\":\"https:\\\/\\\/www.lasershop.com.br\\\/?product=bright-max-whitening-clareamento-fotoativado#breadcrumb\"},\"inLanguage\":\"pt-BR\",\"potentialAction\":[{\"@type\":\"ReadAction\",\"target\":[\"https:\\\/\\\/www.lasershop.com.br\\\/?product=bright-max-whitening-clareamento-fotoativado\"]}]},{\"@type\":\"ImageObject\",\"inLanguage\":\"pt-BR\",\"@id\":\"https:\\\/\\\/www.lasershop.com.br\\\/?product=bright-max-whitening-clareamento-fotoativado#primaryimage\",\"url\":\"https:\\\/\\\/lasershop.com.br\\\/wp-content\\\/uploads\\\/2019\\\/03\\\/bright_white_prod-C\u00f3pia.png\",\"contentUrl\":\"https:\\\/\\\/lasershop.com.br\\\/wp-content\\\/uploads\\\/2019\\\/03\\\/bright_white_prod-C\u00f3pia.png\",\"width\":850,\"height\":620},{\"@type\":\"BreadcrumbList\",\"@id\":\"https:\\\/\\\/www.lasershop.com.br\\\/?product=bright-max-whitening-clareamento-fotoativado#breadcrumb\",\"itemListElement\":[{\"@type\":\"ListItem\",\"position\":1,\"name\":\"In\u00edcio\",\"item\":\"https:\\\/\\\/www.lasershop.com.br\\\/\"},{\"@type\":\"ListItem\",\"position\":2,\"name\":\"Home\",\"item\":\"https:\\\/\\\/www.lasershop.com.br\\\/?page_id=22\"},{\"@type\":\"ListItem\",\"position\":3,\"name\":\"Bright Max Whitening &#8211; Clareamento Fotoativado\"}]},{\"@type\":\"WebSite\",\"@id\":\"https:\\\/\\\/www.lasershop.com.br\\\/#website\",\"url\":\"https:\\\/\\\/www.lasershop.com.br\\\/\",\"name\":\"Laser Shop\",\"description\":\"Aparelhos Eletrom\u00e9dicos pelo melhor pre\u00e7o!\",\"publisher\":{\"@id\":\"https:\\\/\\\/www.lasershop.com.br\\\/#organization\"},\"potentialAction\":[{\"@type\":\"SearchAction\",\"target\":{\"@type\":\"EntryPoint\",\"urlTemplate\":\"https:\\\/\\\/www.lasershop.com.br\\\/?s={search_term_string}\"},\"query-input\":{\"@type\":\"PropertyValueSpecification\",\"valueRequired\":true,\"valueName\":\"search_term_string\"}}],\"inLanguage\":\"pt-BR\"},{\"@type\":\"Organization\",\"@id\":\"https:\\\/\\\/www.lasershop.com.br\\\/#organization\",\"name\":\"Laser Shop\",\"url\":\"https:\\\/\\\/www.lasershop.com.br\\\/\",\"logo\":{\"@type\":\"ImageObject\",\"inLanguage\":\"pt-BR\",\"@id\":\"https:\\\/\\\/www.lasershop.com.br\\\/#\\\/schema\\\/logo\\\/image\\\/\",\"url\":\"https:\\\/\\\/lasershop.com.br\\\/wp-content\\\/uploads\\\/2025\\\/09\\\/LOGO_LASERSHOP-.png\",\"contentUrl\":\"https:\\\/\\\/lasershop.com.br\\\/wp-content\\\/uploads\\\/2025\\\/09\\\/LOGO_LASERSHOP-.png\",\"width\":612,\"height\":408,\"caption\":\"Laser Shop\"},\"image\":{\"@id\":\"https:\\\/\\\/www.lasershop.com.br\\\/#\\\/schema\\\/logo\\\/image\\\/\"},\"sameAs\":[\"https:\\\/\\\/facebook.com\\\/codaxmedica\",\"https:\\\/\\\/instagram.com\\\/codaxmedica\"]}]}<\/script>\n<!-- \/ Yoast SEO plugin. -->","yoast_head_json":{"title":"Bright Max Whitening - Clareamento Fotoativado - Laser Shop","robots":{"index":"index","follow":"follow","max-snippet":"max-snippet:-1","max-image-preview":"max-image-preview:large","max-video-preview":"max-video-preview:-1"},"canonical":"https:\/\/www.lasershop.com.br\/?product=bright-max-whitening-clareamento-fotoativado","og_locale":"pt_BR","og_type":"article","og_title":"Bright Max Whitening - Clareamento Fotoativado - Laser Shop","og_description":"Bright Max Whitening cont\u00e9m quatro super LEDS violeta de alta pot\u00eancia \u00f3tica numa \u00fanica pe\u00e7a de m\u00e3o. A luz \u00e9 projetada por ponta acr\u00edlica exclusiva MMO que permite o clareamento simult\u00e2neo de ambas as arcadas dent\u00e1rias. O Bright Max Whitening \u00e9 produzido com equipamentos certificados e desenvolvido com inovador sistema de ponteiras que canalizam o [&hellip;]","og_url":"https:\/\/www.lasershop.com.br\/?product=bright-max-whitening-clareamento-fotoativado","og_site_name":"Laser Shop","article_publisher":"https:\/\/facebook.com\/codaxmedica","article_modified_time":"2026-01-25T09:06:57+00:00","og_image":[{"width":850,"height":620,"url":"https:\/\/lasershop.com.br\/wp-content\/uploads\/2019\/03\/bright_white_prod-C\u00f3pia.png","type":"image\/png"}],"twitter_card":"summary_large_image","twitter_misc":{"Est. tempo de leitura":"1 minuto"},"schema":{"@context":"https:\/\/schema.org","@graph":[{"@type":"WebPage","@id":"https:\/\/www.lasershop.com.br\/?product=bright-max-whitening-clareamento-fotoativado","url":"https:\/\/www.lasershop.com.br\/?product=bright-max-whitening-clareamento-fotoativado","name":"Bright Max Whitening - Clareamento Fotoativado - Laser Shop","isPartOf":{"@id":"https:\/\/www.lasershop.com.br\/#website"},"primaryImageOfPage":{"@id":"https:\/\/www.lasershop.com.br\/?product=bright-max-whitening-clareamento-fotoativado#primaryimage"},"image":{"@id":"https:\/\/www.lasershop.com.br\/?product=bright-max-whitening-clareamento-fotoativado#primaryimage"},"thumbnailUrl":"https:\/\/lasershop.com.br\/wp-content\/uploads\/2019\/03\/bright_white_prod-C\u00f3pia.png","datePublished":"2019-03-20T19:34:48+00:00","dateModified":"2026-01-25T09:06:57+00:00","breadcrumb":{"@id":"https:\/\/www.lasershop.com.br\/?product=bright-max-whitening-clareamento-fotoativado#breadcrumb"},"inLanguage":"pt-BR","potentialAction":[{"@type":"ReadAction","target":["https:\/\/www.lasershop.com.br\/?product=bright-max-whitening-clareamento-fotoativado"]}]},{"@type":"ImageObject","inLanguage":"pt-BR","@id":"https:\/\/www.lasershop.com.br\/?product=bright-max-whitening-clareamento-fotoativado#primaryimage","url":"https:\/\/lasershop.com.br\/wp-content\/uploads\/2019\/03\/bright_white_prod-C\u00f3pia.png","contentUrl":"https:\/\/lasershop.com.br\/wp-content\/uploads\/2019\/03\/bright_white_prod-C\u00f3pia.png","width":850,"height":620},{"@type":"BreadcrumbList","@id":"https:\/\/www.lasershop.com.br\/?product=bright-max-whitening-clareamento-fotoativado#breadcrumb","itemListElement":[{"@type":"ListItem","position":1,"name":"In\u00edcio","item":"https:\/\/www.lasershop.com.br\/"},{"@type":"ListItem","position":2,"name":"Home","item":"https:\/\/www.lasershop.com.br\/?page_id=22"},{"@type":"ListItem","position":3,"name":"Bright Max Whitening &#8211; Clareamento Fotoativado"}]},{"@type":"WebSite","@id":"https:\/\/www.lasershop.com.br\/#website","url":"https:\/\/www.lasershop.com.br\/","name":"Laser Shop","description":"Aparelhos Eletrom\u00e9dicos pelo melhor pre\u00e7o!","publisher":{"@id":"https:\/\/www.lasershop.com.br\/#organization"},"potentialAction":[{"@type":"SearchAction","target":{"@type":"EntryPoint","urlTemplate":"https:\/\/www.lasershop.com.br\/?s={search_term_string}"},"query-input":{"@type":"PropertyValueSpecification","valueRequired":true,"valueName":"search_term_string"}}],"inLanguage":"pt-BR"},{"@type":"Organization","@id":"https:\/\/www.lasershop.com.br\/#organization","name":"Laser Shop","url":"https:\/\/www.lasershop.com.br\/","logo":{"@type":"ImageObject","inLanguage":"pt-BR","@id":"https:\/\/www.lasershop.com.br\/#\/schema\/logo\/image\/","url":"https:\/\/lasershop.com.br\/wp-content\/uploads\/2025\/09\/LOGO_LASERSHOP-.png","contentUrl":"https:\/\/lasershop.com.br\/wp-content\/uploads\/2025\/09\/LOGO_LASERSHOP-.png","width":612,"height":408,"caption":"Laser Shop"},"image":{"@id":"https:\/\/www.lasershop.com.br\/#\/schema\/logo\/image\/"},"sameAs":["https:\/\/facebook.com\/codaxmedica","https:\/\/instagram.com\/codaxmedica"]}]}},"_links":{"self":[{"href":"https:\/\/www.lasershop.com.br\/index.php?rest_route=\/wp\/v2\/product\/179","targetHints":{"allow":["GET"]}}],"collection":[{"href":"https:\/\/www.lasershop.com.br\/index.php?rest_route=\/wp\/v2\/product"}],"about":[{"href":"https:\/\/www.lasershop.com.br\/index.php?rest_route=\/wp\/v2\/types\/product"}],"replies":[{"embeddable":true,"href":"https:\/\/www.lasershop.com.br\/index.php?rest_route=%2Fwp%2Fv2%2Fcomments&post=179"}],"wp:featuredmedia":[{"embeddable":true,"href":"https:\/\/www.lasershop.com.br\/index.php?rest_route=\/wp\/v2\/media\/180"}],"wp:attachment":[{"href":"https:\/\/www.lasershop.com.br\/index.php?rest_route=%2Fwp%2Fv2%2Fmedia&parent=179"}],"wp:term":[{"taxonomy":"product_brand","embeddable":true,"href":"https:\/\/www.lasershop.com.br\/index.php?rest_route=%2Fwp%2Fv2%2Fproduct_brand&post=179"},{"taxonomy":"product_cat","embeddable":true,"href":"https:\/\/www.lasershop.com.br\/index.php?rest_route=%2Fwp%2Fv2%2Fproduct_cat&post=179"},{"taxonomy":"product_tag","embeddable":true,"href":"https:\/\/www.lasershop.com.br\/index.php?rest_route=%2Fwp%2Fv2%2Fproduct_tag&post=179"}],"curies":[{"name":"wp","href":"https:\/\/api.w.org\/{rel}","templated":true}]}}