{"id":184,"date":"2019-03-20T20:11:46","date_gmt":"2019-03-20T20:11:46","guid":{"rendered":"https:\/\/lasershop.com.br\/?post_type=product&#038;p=184"},"modified":"2019-03-21T18:24:16","modified_gmt":"2019-03-21T18:24:16","slug":"endophoton-aparelho-sem-aplicadores-kld","status":"publish","type":"product","link":"https:\/\/www.lasershop.com.br\/?product=endophoton-aparelho-sem-aplicadores-kld","title":{"rendered":"Endophoton &#8211; Aparelho Sem Aplicadores &#8211; Kld"},"content":{"rendered":"<body><p>O Endophoton \u00e9 o mais novo e moderno equipamento de Fototerapia por Laser e LED da KLD. Proporciona muito mais agilidade e possibilidades de tratamentos devido \u00e0 sua variedade de aplicadores de alta pot\u00eancia. Aplicadores mais ergon\u00f4micos, Cluster com LEDs, maior pot\u00eancia, laser com feixe colimado, toposcopia, variedade de aplicadores, entre outras caracter\u00edsticas, s\u00e3o os diferenciais do Endophoton.<\/p>\n<p><strong>INDICA\u00c7\u00d5ES<\/strong><br>\nAcne<br>\nEdemas<br>\nHerpes<\/p>\n<p>Manchas<br>\nPsor\u00edase<br>\nAlop\u00e9cia<br>\nQueimaduras<br>\nReparo tecidual<br>\nP\u00f3s-operat\u00f3rios<br>\nLinhas de express\u00e3o<br>\nDermatite seborreica<br>\nP\u00f3s-lasers ablativos<br>\nFotorejuvenescimento<br>\nCicatriza\u00e7\u00e3o de feridas<\/p>\n<ul>\n<li>\u00a0Associado a outros tratamentos<br>\n<strong>\n<p>A\u00c7\u00d5ES E BENEF\u00cdCIOS<\/p><\/strong>\n<p>\u2013 Possui aplicadores ergon\u00f4micos, clusters de maior pot\u00eancia<br>\n\u2013 Pode ser utilizado nas \u00e1reas de Dermatologia, e Est\u00e9tica<br>\n\u2013 Proporciona mais agilidade e possibilidades de tratamento devido a variedade de aplicadores<\/p>\n<p><strong>D\u00daVIDAS FREQUENTES<\/strong><\/p>\n<p>Qual a sensa\u00e7\u00e3o que o paciente refere quando recebe aplica\u00e7\u00f5es de ledterapia?<br>\n\u2013 A sensa\u00e7\u00e3o \u00e9 de claridade quando apresentar comprimento de onda e LEDs vis\u00edveis.<\/p>\n<p>Quais principais objetivos dos LEDs e suas respectivas cores?<br>\n\u2013 A luz azul: alcan\u00e7a somente a epiderme, tendo fun\u00e7\u00e3o bactericida, viricida ou fungicida, tem a\u00e7\u00e3o drenante, iluminadora e clareadora; a luz vermelha ativa o col\u00e1geno e elastina da derme; a luz infravermelha tem fun\u00e7\u00e3o antiinflamat\u00f3ria, analg\u00e9sica e ativa\u00e7\u00e3o de fibroblastos.<\/p>\n<p><strong>DADOS T\u00c9CNICOS<\/strong><br>\nMarca: KLD<br>\nGarantia: 12 Meses<br>\nConex\u00f5es de sa\u00edda: 01<br>\nVoltagem: Bivolt Autom\u00e1tico<br>\nRegistro ANVISA: 10245239007<br>\nMaterial do aplicador: pl\u00e1stico<br>\nPeso aproximado do aplicador: 250g<br>\nSistema de Fornecimento do Feixe: LED<br>\nDiverg\u00eancia do feixe: 0,52 rad (+\/-30%)<br>\nTemporizador: 0 a 99 minutos (autom\u00e1tico)<br>\nModo de opera\u00e7\u00e3o: suporta opera\u00e7\u00e3o cont\u00ednua<br>\nEnergia: ajust\u00e1vel via display em mJ ou J\/cm\u00b2<br>\nQuantidade de pontos emissores: 12 pontos por cor<br>\nFrequ\u00eancia de modula\u00e7\u00e3o: 16Hz \u2013 48Hz e frequ\u00eancia de Nogier<br>\nClasse de Seguran\u00e7a: de acordo com as normas NBR IEC 60601-1<br>\nDimens\u00f5es: 48cm x 43,2cm x 35 cm<br>\nPeso: 6Kg<\/p><\/li>\n<\/ul>\n<\/body>","protected":false},"excerpt":{"rendered":"<p>O Endophoton \u00e9 o mais novo e moderno equipamento de Fototerapia por Laser e LED da KLD. Proporciona muito mais agilidade e possibilidades de tratamentos devido \u00e0 sua variedade de aplicadores de alta pot\u00eancia. Aplicadores mais ergon\u00f4micos, Cluster com LEDs, maior pot\u00eancia, laser com feixe colimado, toposcopia, variedade de aplicadores, entre outras caracter\u00edsticas, s\u00e3o os [&hellip;]<\/p>\n","protected":false},"featured_media":185,"comment_status":"open","ping_status":"closed","template":"","meta":{"_et_pb_use_builder":"","_et_pb_old_content":"","_et_gb_content_width":""},"product_brand":[],"product_cat":[22],"product_tag":[],"class_list":{"0":"post-184","1":"product","2":"type-product","3":"status-publish","4":"has-post-thumbnail","6":"product_cat-linha-em-manutencao","8":"first","9":"instock","10":"taxable","11":"shipping-taxable","12":"purchasable","13":"product-type-simple"},"yoast_head":"<!-- This site is optimized with the Yoast SEO plugin v27.3 - https:\/\/yoast.com\/product\/yoast-seo-wordpress\/ -->\n<title>Endophoton - Aparelho Sem Aplicadores - Kld - Laser Shop<\/title>\n<meta name=\"robots\" content=\"index, follow, max-snippet:-1, max-image-preview:large, max-video-preview:-1\" \/>\n<link rel=\"canonical\" href=\"https:\/\/www.lasershop.com.br\/?product=endophoton-aparelho-sem-aplicadores-kld\" \/>\n<meta property=\"og:locale\" content=\"pt_BR\" \/>\n<meta property=\"og:type\" content=\"article\" \/>\n<meta property=\"og:title\" content=\"Endophoton - Aparelho Sem Aplicadores - Kld - Laser Shop\" \/>\n<meta property=\"og:description\" content=\"O Endophoton \u00e9 o mais novo e moderno equipamento de Fototerapia por Laser e LED da KLD. Proporciona muito mais agilidade e possibilidades de tratamentos devido \u00e0 sua variedade de aplicadores de alta pot\u00eancia. Aplicadores mais ergon\u00f4micos, Cluster com LEDs, maior pot\u00eancia, laser com feixe colimado, toposcopia, variedade de aplicadores, entre outras caracter\u00edsticas, s\u00e3o os [&hellip;]\" \/>\n<meta property=\"og:url\" content=\"https:\/\/www.lasershop.com.br\/?product=endophoton-aparelho-sem-aplicadores-kld\" \/>\n<meta property=\"og:site_name\" content=\"Laser Shop\" \/>\n<meta property=\"article:publisher\" content=\"https:\/\/facebook.com\/codaxmedica\" \/>\n<meta property=\"article:modified_time\" content=\"2019-03-21T18:24:16+00:00\" \/>\n<meta property=\"og:image\" content=\"https:\/\/lasershop.com.br\/wp-content\/uploads\/2019\/03\/endophoton_somente_equipamento_-_laser_e_led_s-1_2.jpg\" \/>\n\t<meta property=\"og:image:width\" content=\"1000\" \/>\n\t<meta property=\"og:image:height\" content=\"815\" \/>\n\t<meta property=\"og:image:type\" content=\"image\/jpeg\" \/>\n<meta name=\"twitter:card\" content=\"summary_large_image\" \/>\n<meta name=\"twitter:label1\" content=\"Est. tempo de leitura\" \/>\n\t<meta name=\"twitter:data1\" content=\"2 minutos\" \/>\n<script type=\"application\/ld+json\" class=\"yoast-schema-graph\">{\"@context\":\"https:\\\/\\\/schema.org\",\"@graph\":[{\"@type\":\"WebPage\",\"@id\":\"https:\\\/\\\/www.lasershop.com.br\\\/?product=endophoton-aparelho-sem-aplicadores-kld\",\"url\":\"https:\\\/\\\/www.lasershop.com.br\\\/?product=endophoton-aparelho-sem-aplicadores-kld\",\"name\":\"Endophoton - Aparelho Sem Aplicadores - Kld - Laser Shop\",\"isPartOf\":{\"@id\":\"https:\\\/\\\/www.lasershop.com.br\\\/#website\"},\"primaryImageOfPage\":{\"@id\":\"https:\\\/\\\/www.lasershop.com.br\\\/?product=endophoton-aparelho-sem-aplicadores-kld#primaryimage\"},\"image\":{\"@id\":\"https:\\\/\\\/www.lasershop.com.br\\\/?product=endophoton-aparelho-sem-aplicadores-kld#primaryimage\"},\"thumbnailUrl\":\"https:\\\/\\\/lasershop.com.br\\\/wp-content\\\/uploads\\\/2019\\\/03\\\/endophoton_somente_equipamento_-_laser_e_led_s-1_2.jpg\",\"datePublished\":\"2019-03-20T20:11:46+00:00\",\"dateModified\":\"2019-03-21T18:24:16+00:00\",\"breadcrumb\":{\"@id\":\"https:\\\/\\\/www.lasershop.com.br\\\/?product=endophoton-aparelho-sem-aplicadores-kld#breadcrumb\"},\"inLanguage\":\"pt-BR\",\"potentialAction\":[{\"@type\":\"ReadAction\",\"target\":[\"https:\\\/\\\/www.lasershop.com.br\\\/?product=endophoton-aparelho-sem-aplicadores-kld\"]}]},{\"@type\":\"ImageObject\",\"inLanguage\":\"pt-BR\",\"@id\":\"https:\\\/\\\/www.lasershop.com.br\\\/?product=endophoton-aparelho-sem-aplicadores-kld#primaryimage\",\"url\":\"https:\\\/\\\/lasershop.com.br\\\/wp-content\\\/uploads\\\/2019\\\/03\\\/endophoton_somente_equipamento_-_laser_e_led_s-1_2.jpg\",\"contentUrl\":\"https:\\\/\\\/lasershop.com.br\\\/wp-content\\\/uploads\\\/2019\\\/03\\\/endophoton_somente_equipamento_-_laser_e_led_s-1_2.jpg\",\"width\":1000,\"height\":815},{\"@type\":\"BreadcrumbList\",\"@id\":\"https:\\\/\\\/www.lasershop.com.br\\\/?product=endophoton-aparelho-sem-aplicadores-kld#breadcrumb\",\"itemListElement\":[{\"@type\":\"ListItem\",\"position\":1,\"name\":\"In\u00edcio\",\"item\":\"https:\\\/\\\/www.lasershop.com.br\\\/\"},{\"@type\":\"ListItem\",\"position\":2,\"name\":\"Home\",\"item\":\"https:\\\/\\\/www.lasershop.com.br\\\/?page_id=22\"},{\"@type\":\"ListItem\",\"position\":3,\"name\":\"Endophoton &#8211; Aparelho Sem Aplicadores &#8211; Kld\"}]},{\"@type\":\"WebSite\",\"@id\":\"https:\\\/\\\/www.lasershop.com.br\\\/#website\",\"url\":\"https:\\\/\\\/www.lasershop.com.br\\\/\",\"name\":\"Laser Shop\",\"description\":\"Aparelhos Eletrom\u00e9dicos pelo melhor pre\u00e7o!\",\"publisher\":{\"@id\":\"https:\\\/\\\/www.lasershop.com.br\\\/#organization\"},\"potentialAction\":[{\"@type\":\"SearchAction\",\"target\":{\"@type\":\"EntryPoint\",\"urlTemplate\":\"https:\\\/\\\/www.lasershop.com.br\\\/?s={search_term_string}\"},\"query-input\":{\"@type\":\"PropertyValueSpecification\",\"valueRequired\":true,\"valueName\":\"search_term_string\"}}],\"inLanguage\":\"pt-BR\"},{\"@type\":\"Organization\",\"@id\":\"https:\\\/\\\/www.lasershop.com.br\\\/#organization\",\"name\":\"Laser Shop\",\"url\":\"https:\\\/\\\/www.lasershop.com.br\\\/\",\"logo\":{\"@type\":\"ImageObject\",\"inLanguage\":\"pt-BR\",\"@id\":\"https:\\\/\\\/www.lasershop.com.br\\\/#\\\/schema\\\/logo\\\/image\\\/\",\"url\":\"https:\\\/\\\/lasershop.com.br\\\/wp-content\\\/uploads\\\/2025\\\/09\\\/LOGO_LASERSHOP-.png\",\"contentUrl\":\"https:\\\/\\\/lasershop.com.br\\\/wp-content\\\/uploads\\\/2025\\\/09\\\/LOGO_LASERSHOP-.png\",\"width\":612,\"height\":408,\"caption\":\"Laser Shop\"},\"image\":{\"@id\":\"https:\\\/\\\/www.lasershop.com.br\\\/#\\\/schema\\\/logo\\\/image\\\/\"},\"sameAs\":[\"https:\\\/\\\/facebook.com\\\/codaxmedica\",\"https:\\\/\\\/instagram.com\\\/codaxmedica\"]}]}<\/script>\n<!-- \/ Yoast SEO plugin. -->","yoast_head_json":{"title":"Endophoton - Aparelho Sem Aplicadores - Kld - Laser Shop","robots":{"index":"index","follow":"follow","max-snippet":"max-snippet:-1","max-image-preview":"max-image-preview:large","max-video-preview":"max-video-preview:-1"},"canonical":"https:\/\/www.lasershop.com.br\/?product=endophoton-aparelho-sem-aplicadores-kld","og_locale":"pt_BR","og_type":"article","og_title":"Endophoton - Aparelho Sem Aplicadores - Kld - Laser Shop","og_description":"O Endophoton \u00e9 o mais novo e moderno equipamento de Fototerapia por Laser e LED da KLD. Proporciona muito mais agilidade e possibilidades de tratamentos devido \u00e0 sua variedade de aplicadores de alta pot\u00eancia. Aplicadores mais ergon\u00f4micos, Cluster com LEDs, maior pot\u00eancia, laser com feixe colimado, toposcopia, variedade de aplicadores, entre outras caracter\u00edsticas, s\u00e3o os [&hellip;]","og_url":"https:\/\/www.lasershop.com.br\/?product=endophoton-aparelho-sem-aplicadores-kld","og_site_name":"Laser Shop","article_publisher":"https:\/\/facebook.com\/codaxmedica","article_modified_time":"2019-03-21T18:24:16+00:00","og_image":[{"width":1000,"height":815,"url":"https:\/\/lasershop.com.br\/wp-content\/uploads\/2019\/03\/endophoton_somente_equipamento_-_laser_e_led_s-1_2.jpg","type":"image\/jpeg"}],"twitter_card":"summary_large_image","twitter_misc":{"Est. tempo de leitura":"2 minutos"},"schema":{"@context":"https:\/\/schema.org","@graph":[{"@type":"WebPage","@id":"https:\/\/www.lasershop.com.br\/?product=endophoton-aparelho-sem-aplicadores-kld","url":"https:\/\/www.lasershop.com.br\/?product=endophoton-aparelho-sem-aplicadores-kld","name":"Endophoton - Aparelho Sem Aplicadores - Kld - Laser Shop","isPartOf":{"@id":"https:\/\/www.lasershop.com.br\/#website"},"primaryImageOfPage":{"@id":"https:\/\/www.lasershop.com.br\/?product=endophoton-aparelho-sem-aplicadores-kld#primaryimage"},"image":{"@id":"https:\/\/www.lasershop.com.br\/?product=endophoton-aparelho-sem-aplicadores-kld#primaryimage"},"thumbnailUrl":"https:\/\/lasershop.com.br\/wp-content\/uploads\/2019\/03\/endophoton_somente_equipamento_-_laser_e_led_s-1_2.jpg","datePublished":"2019-03-20T20:11:46+00:00","dateModified":"2019-03-21T18:24:16+00:00","breadcrumb":{"@id":"https:\/\/www.lasershop.com.br\/?product=endophoton-aparelho-sem-aplicadores-kld#breadcrumb"},"inLanguage":"pt-BR","potentialAction":[{"@type":"ReadAction","target":["https:\/\/www.lasershop.com.br\/?product=endophoton-aparelho-sem-aplicadores-kld"]}]},{"@type":"ImageObject","inLanguage":"pt-BR","@id":"https:\/\/www.lasershop.com.br\/?product=endophoton-aparelho-sem-aplicadores-kld#primaryimage","url":"https:\/\/lasershop.com.br\/wp-content\/uploads\/2019\/03\/endophoton_somente_equipamento_-_laser_e_led_s-1_2.jpg","contentUrl":"https:\/\/lasershop.com.br\/wp-content\/uploads\/2019\/03\/endophoton_somente_equipamento_-_laser_e_led_s-1_2.jpg","width":1000,"height":815},{"@type":"BreadcrumbList","@id":"https:\/\/www.lasershop.com.br\/?product=endophoton-aparelho-sem-aplicadores-kld#breadcrumb","itemListElement":[{"@type":"ListItem","position":1,"name":"In\u00edcio","item":"https:\/\/www.lasershop.com.br\/"},{"@type":"ListItem","position":2,"name":"Home","item":"https:\/\/www.lasershop.com.br\/?page_id=22"},{"@type":"ListItem","position":3,"name":"Endophoton &#8211; Aparelho Sem Aplicadores &#8211; Kld"}]},{"@type":"WebSite","@id":"https:\/\/www.lasershop.com.br\/#website","url":"https:\/\/www.lasershop.com.br\/","name":"Laser Shop","description":"Aparelhos Eletrom\u00e9dicos pelo melhor pre\u00e7o!","publisher":{"@id":"https:\/\/www.lasershop.com.br\/#organization"},"potentialAction":[{"@type":"SearchAction","target":{"@type":"EntryPoint","urlTemplate":"https:\/\/www.lasershop.com.br\/?s={search_term_string}"},"query-input":{"@type":"PropertyValueSpecification","valueRequired":true,"valueName":"search_term_string"}}],"inLanguage":"pt-BR"},{"@type":"Organization","@id":"https:\/\/www.lasershop.com.br\/#organization","name":"Laser Shop","url":"https:\/\/www.lasershop.com.br\/","logo":{"@type":"ImageObject","inLanguage":"pt-BR","@id":"https:\/\/www.lasershop.com.br\/#\/schema\/logo\/image\/","url":"https:\/\/lasershop.com.br\/wp-content\/uploads\/2025\/09\/LOGO_LASERSHOP-.png","contentUrl":"https:\/\/lasershop.com.br\/wp-content\/uploads\/2025\/09\/LOGO_LASERSHOP-.png","width":612,"height":408,"caption":"Laser Shop"},"image":{"@id":"https:\/\/www.lasershop.com.br\/#\/schema\/logo\/image\/"},"sameAs":["https:\/\/facebook.com\/codaxmedica","https:\/\/instagram.com\/codaxmedica"]}]}},"_links":{"self":[{"href":"https:\/\/www.lasershop.com.br\/index.php?rest_route=\/wp\/v2\/product\/184","targetHints":{"allow":["GET"]}}],"collection":[{"href":"https:\/\/www.lasershop.com.br\/index.php?rest_route=\/wp\/v2\/product"}],"about":[{"href":"https:\/\/www.lasershop.com.br\/index.php?rest_route=\/wp\/v2\/types\/product"}],"replies":[{"embeddable":true,"href":"https:\/\/www.lasershop.com.br\/index.php?rest_route=%2Fwp%2Fv2%2Fcomments&post=184"}],"wp:featuredmedia":[{"embeddable":true,"href":"https:\/\/www.lasershop.com.br\/index.php?rest_route=\/wp\/v2\/media\/185"}],"wp:attachment":[{"href":"https:\/\/www.lasershop.com.br\/index.php?rest_route=%2Fwp%2Fv2%2Fmedia&parent=184"}],"wp:term":[{"taxonomy":"product_brand","embeddable":true,"href":"https:\/\/www.lasershop.com.br\/index.php?rest_route=%2Fwp%2Fv2%2Fproduct_brand&post=184"},{"taxonomy":"product_cat","embeddable":true,"href":"https:\/\/www.lasershop.com.br\/index.php?rest_route=%2Fwp%2Fv2%2Fproduct_cat&post=184"},{"taxonomy":"product_tag","embeddable":true,"href":"https:\/\/www.lasershop.com.br\/index.php?rest_route=%2Fwp%2Fv2%2Fproduct_tag&post=184"}],"curies":[{"name":"wp","href":"https:\/\/api.w.org\/{rel}","templated":true}]}}