{"id":213,"date":"2019-03-21T13:37:32","date_gmt":"2019-03-21T13:37:32","guid":{"rendered":"https:\/\/lasershop.com.br\/?post_type=product&#038;p=213"},"modified":"2019-03-21T18:24:04","modified_gmt":"2019-03-21T18:24:04","slug":"avatar-cuatro-kld-aparelho-de-ultrassom-de-alta-potencia","status":"publish","type":"product","link":"https:\/\/www.lasershop.com.br\/?product=avatar-cuatro-kld-aparelho-de-ultrassom-de-alta-potencia","title":{"rendered":"Avatar Cuatro Kld Aparelho De Ultrassom De Alta Pot\u00eancia"},"content":{"rendered":"<body><p>O equipamento de ultrassom \u201cAVATAR cuatro\u201d destina-se a \u00e1rea da medicina est\u00e9tica. Pode ser utilizado nas indica\u00e7\u00f5es usuais* do ultrassom terap\u00eautico de 3MHZ e na utiliza\u00e7\u00e3o em medicina est\u00e9tica.<\/p>\n<p>Concebido a partir da necessidade objetiva em reduzir o tempo de tratamento durante as terapias est\u00e9ticas, onde grandes \u00e1reas geom\u00e9tricas do tecido devem ser irradiadas de forma homog\u00eania pelo ultrassom, surge em 2003 no mercado nacional o primeiro equipamento de ultrasom com frequ\u00eancia de 3MHz, alta pot\u00eancia de sa\u00edda, e grande \u00e1rea de irradia\u00e7\u00e3o efetiva.<\/p>\n<p><strong>Indica\u00e7\u00f5es<br>\n<\/strong><\/p>\n<ul>\n<li>Hidrolipoclasia;<\/li>\n<li>Combate a gordura localizada atrav\u00e9s de Hidrolipoclasia;<\/li>\n<li>Tratamentos com Fonoforese;<\/li>\n<li>Acelera\u00e7\u00e3o no processo de reabsor\u00e7\u00e3o de hematomas e exudatos;<\/li>\n<li>Tratamentos pr\u00e9 interven\u00e7\u00e3o \u00e0 cirurgia pl\u00e1stica, lipoescultura e lipoaspira\u00e7\u00e3o.Novos sistemas eletr\u00f4nicos que proporcionam melhor rendimento, maior efici\u00eancia e controle da convers\u00e3o da energia el\u00e9trica em ultras\u00f4nica (mec\u00e2nica) al\u00e9m do controle sob os par\u00e2metros de tratamento programados;Novas frequ\u00eancias de modula\u00e7\u00e3o de pulso, etc;<\/li>\n<\/ul>\n<p><strong>Caracter\u00edsticas<br>\n<\/strong><\/p>\n<ul>\n<li>Equipamento microprocessado;<\/li>\n<li>Ultrasom de 3 MHz;<\/li>\n<li>Pot\u00eancia m\u00e1xima 45 watts;<\/li>\n<li>Cont\u00ednuo e Pulsado;<\/li>\n<li>Sistema de aviso de desacoplamento do cabe\u00e7ote no paciente;<\/li>\n<li>Display de cristal l\u00edquido azul;<\/li>\n<li>Dimens\u00e3o Aparelho: 37cm x 37cm x 15cm (LxPxA) (fechado);<\/li>\n<li>Dimens\u00e3o Aparelho: 37cm x 37cm x 40cm (LxPxA) (aberto);<\/li>\n<li>Classe de Seguran\u00e7a II com parte aplicada tipo BF;<\/li>\n<li>Peso do equipamento 6Kg;<\/li>\n<li>Peso do aplicador 700g;<\/li>\n<li>Rack: 54,0cm x 40,5cm x 93,5 cm (LxPxA) 8Kg (opcional)<\/li>\n<li>Embalagem Equipamento: 51cm x 45cm x 20 cm 10Kg<\/li>\n<li>Embalagem Rack: 57cm x 51cm x 95cm 10Kg.\n<p><strong>Acess\u00f3rios<\/strong><\/p><\/li>\n<li>01 Cabe\u00e7ote Aplicador<\/li>\n<li>01 Tubo de Gel<\/li>\n<li>01 Cabo de For\u00e7a<\/li>\n<li>01 Termo de Garantia<\/li>\n<li>01 Manual de opera\u00e7\u00e3o<\/li>\n<\/ul>\n<p><strong>O Avatar Cuatro N\u00c3O acompanha o rack.<\/strong><\/p>\n<\/body>","protected":false},"excerpt":{"rendered":"<p>O equipamento de ultrassom \u201cAVATAR cuatro\u201d destina-se a \u00e1rea da medicina est\u00e9tica. Pode ser utilizado nas indica\u00e7\u00f5es usuais* do ultrassom terap\u00eautico de 3MHZ e na utiliza\u00e7\u00e3o em medicina est\u00e9tica. Concebido a partir da necessidade objetiva em reduzir o tempo de tratamento durante as terapias est\u00e9ticas, onde grandes \u00e1reas geom\u00e9tricas do tecido devem ser irradiadas de [&hellip;]<\/p>\n","protected":false},"featured_media":214,"comment_status":"open","ping_status":"closed","template":"","meta":{"_et_pb_use_builder":"","_et_pb_old_content":"","_et_gb_content_width":""},"product_brand":[],"product_cat":[22],"product_tag":[],"class_list":{"0":"post-213","1":"product","2":"type-product","3":"status-publish","4":"has-post-thumbnail","6":"product_cat-linha-em-manutencao","8":"first","9":"instock","10":"taxable","11":"shipping-taxable","12":"purchasable","13":"product-type-simple"},"yoast_head":"<!-- This site is optimized with the Yoast SEO plugin v27.3 - https:\/\/yoast.com\/product\/yoast-seo-wordpress\/ -->\n<title>Avatar Cuatro Kld Aparelho De Ultrassom De Alta Pot\u00eancia - Laser Shop<\/title>\n<meta name=\"robots\" content=\"index, follow, max-snippet:-1, max-image-preview:large, max-video-preview:-1\" \/>\n<link rel=\"canonical\" href=\"https:\/\/www.lasershop.com.br\/?product=avatar-cuatro-kld-aparelho-de-ultrassom-de-alta-potencia\" \/>\n<meta property=\"og:locale\" content=\"pt_BR\" \/>\n<meta property=\"og:type\" content=\"article\" \/>\n<meta property=\"og:title\" content=\"Avatar Cuatro Kld Aparelho De Ultrassom De Alta Pot\u00eancia - Laser Shop\" \/>\n<meta property=\"og:description\" content=\"O equipamento de ultrassom \u201cAVATAR cuatro\u201d destina-se a \u00e1rea da medicina est\u00e9tica. Pode ser utilizado nas indica\u00e7\u00f5es usuais* do ultrassom terap\u00eautico de 3MHZ e na utiliza\u00e7\u00e3o em medicina est\u00e9tica. Concebido a partir da necessidade objetiva em reduzir o tempo de tratamento durante as terapias est\u00e9ticas, onde grandes \u00e1reas geom\u00e9tricas do tecido devem ser irradiadas de [&hellip;]\" \/>\n<meta property=\"og:url\" content=\"https:\/\/www.lasershop.com.br\/?product=avatar-cuatro-kld-aparelho-de-ultrassom-de-alta-potencia\" \/>\n<meta property=\"og:site_name\" content=\"Laser Shop\" \/>\n<meta property=\"article:publisher\" content=\"https:\/\/facebook.com\/codaxmedica\" \/>\n<meta property=\"article:modified_time\" content=\"2019-03-21T18:24:04+00:00\" \/>\n<meta property=\"og:image\" content=\"https:\/\/lasershop.com.br\/wp-content\/uploads\/2019\/03\/avatar-cuatro-aparelho-de-ultrassom-de-alta-potencia-3mhz-45watts-kld-8c029a938b32a27097c11091f260dd90.png\" \/>\n\t<meta property=\"og:image:width\" content=\"698\" \/>\n\t<meta property=\"og:image:height\" content=\"598\" \/>\n\t<meta property=\"og:image:type\" content=\"image\/png\" \/>\n<meta name=\"twitter:card\" content=\"summary_large_image\" \/>\n<meta name=\"twitter:label1\" content=\"Est. tempo de leitura\" \/>\n\t<meta name=\"twitter:data1\" content=\"1 minuto\" \/>\n<script type=\"application\/ld+json\" class=\"yoast-schema-graph\">{\"@context\":\"https:\\\/\\\/schema.org\",\"@graph\":[{\"@type\":\"WebPage\",\"@id\":\"https:\\\/\\\/www.lasershop.com.br\\\/?product=avatar-cuatro-kld-aparelho-de-ultrassom-de-alta-potencia\",\"url\":\"https:\\\/\\\/www.lasershop.com.br\\\/?product=avatar-cuatro-kld-aparelho-de-ultrassom-de-alta-potencia\",\"name\":\"Avatar Cuatro Kld Aparelho De Ultrassom De Alta Pot\u00eancia - Laser Shop\",\"isPartOf\":{\"@id\":\"https:\\\/\\\/www.lasershop.com.br\\\/#website\"},\"primaryImageOfPage\":{\"@id\":\"https:\\\/\\\/www.lasershop.com.br\\\/?product=avatar-cuatro-kld-aparelho-de-ultrassom-de-alta-potencia#primaryimage\"},\"image\":{\"@id\":\"https:\\\/\\\/www.lasershop.com.br\\\/?product=avatar-cuatro-kld-aparelho-de-ultrassom-de-alta-potencia#primaryimage\"},\"thumbnailUrl\":\"https:\\\/\\\/lasershop.com.br\\\/wp-content\\\/uploads\\\/2019\\\/03\\\/avatar-cuatro-aparelho-de-ultrassom-de-alta-potencia-3mhz-45watts-kld-8c029a938b32a27097c11091f260dd90.png\",\"datePublished\":\"2019-03-21T13:37:32+00:00\",\"dateModified\":\"2019-03-21T18:24:04+00:00\",\"breadcrumb\":{\"@id\":\"https:\\\/\\\/www.lasershop.com.br\\\/?product=avatar-cuatro-kld-aparelho-de-ultrassom-de-alta-potencia#breadcrumb\"},\"inLanguage\":\"pt-BR\",\"potentialAction\":[{\"@type\":\"ReadAction\",\"target\":[\"https:\\\/\\\/www.lasershop.com.br\\\/?product=avatar-cuatro-kld-aparelho-de-ultrassom-de-alta-potencia\"]}]},{\"@type\":\"ImageObject\",\"inLanguage\":\"pt-BR\",\"@id\":\"https:\\\/\\\/www.lasershop.com.br\\\/?product=avatar-cuatro-kld-aparelho-de-ultrassom-de-alta-potencia#primaryimage\",\"url\":\"https:\\\/\\\/lasershop.com.br\\\/wp-content\\\/uploads\\\/2019\\\/03\\\/avatar-cuatro-aparelho-de-ultrassom-de-alta-potencia-3mhz-45watts-kld-8c029a938b32a27097c11091f260dd90.png\",\"contentUrl\":\"https:\\\/\\\/lasershop.com.br\\\/wp-content\\\/uploads\\\/2019\\\/03\\\/avatar-cuatro-aparelho-de-ultrassom-de-alta-potencia-3mhz-45watts-kld-8c029a938b32a27097c11091f260dd90.png\",\"width\":698,\"height\":598},{\"@type\":\"BreadcrumbList\",\"@id\":\"https:\\\/\\\/www.lasershop.com.br\\\/?product=avatar-cuatro-kld-aparelho-de-ultrassom-de-alta-potencia#breadcrumb\",\"itemListElement\":[{\"@type\":\"ListItem\",\"position\":1,\"name\":\"In\u00edcio\",\"item\":\"https:\\\/\\\/www.lasershop.com.br\\\/\"},{\"@type\":\"ListItem\",\"position\":2,\"name\":\"Home\",\"item\":\"https:\\\/\\\/www.lasershop.com.br\\\/?page_id=22\"},{\"@type\":\"ListItem\",\"position\":3,\"name\":\"Avatar Cuatro Kld Aparelho De Ultrassom De Alta Pot\u00eancia\"}]},{\"@type\":\"WebSite\",\"@id\":\"https:\\\/\\\/www.lasershop.com.br\\\/#website\",\"url\":\"https:\\\/\\\/www.lasershop.com.br\\\/\",\"name\":\"Laser Shop\",\"description\":\"Aparelhos Eletrom\u00e9dicos pelo melhor pre\u00e7o!\",\"publisher\":{\"@id\":\"https:\\\/\\\/www.lasershop.com.br\\\/#organization\"},\"potentialAction\":[{\"@type\":\"SearchAction\",\"target\":{\"@type\":\"EntryPoint\",\"urlTemplate\":\"https:\\\/\\\/www.lasershop.com.br\\\/?s={search_term_string}\"},\"query-input\":{\"@type\":\"PropertyValueSpecification\",\"valueRequired\":true,\"valueName\":\"search_term_string\"}}],\"inLanguage\":\"pt-BR\"},{\"@type\":\"Organization\",\"@id\":\"https:\\\/\\\/www.lasershop.com.br\\\/#organization\",\"name\":\"Laser Shop\",\"url\":\"https:\\\/\\\/www.lasershop.com.br\\\/\",\"logo\":{\"@type\":\"ImageObject\",\"inLanguage\":\"pt-BR\",\"@id\":\"https:\\\/\\\/www.lasershop.com.br\\\/#\\\/schema\\\/logo\\\/image\\\/\",\"url\":\"https:\\\/\\\/lasershop.com.br\\\/wp-content\\\/uploads\\\/2025\\\/09\\\/LOGO_LASERSHOP-.png\",\"contentUrl\":\"https:\\\/\\\/lasershop.com.br\\\/wp-content\\\/uploads\\\/2025\\\/09\\\/LOGO_LASERSHOP-.png\",\"width\":612,\"height\":408,\"caption\":\"Laser Shop\"},\"image\":{\"@id\":\"https:\\\/\\\/www.lasershop.com.br\\\/#\\\/schema\\\/logo\\\/image\\\/\"},\"sameAs\":[\"https:\\\/\\\/facebook.com\\\/codaxmedica\",\"https:\\\/\\\/instagram.com\\\/codaxmedica\"]}]}<\/script>\n<!-- \/ Yoast SEO plugin. -->","yoast_head_json":{"title":"Avatar Cuatro Kld Aparelho De Ultrassom De Alta Pot\u00eancia - Laser Shop","robots":{"index":"index","follow":"follow","max-snippet":"max-snippet:-1","max-image-preview":"max-image-preview:large","max-video-preview":"max-video-preview:-1"},"canonical":"https:\/\/www.lasershop.com.br\/?product=avatar-cuatro-kld-aparelho-de-ultrassom-de-alta-potencia","og_locale":"pt_BR","og_type":"article","og_title":"Avatar Cuatro Kld Aparelho De Ultrassom De Alta Pot\u00eancia - Laser Shop","og_description":"O equipamento de ultrassom \u201cAVATAR cuatro\u201d destina-se a \u00e1rea da medicina est\u00e9tica. Pode ser utilizado nas indica\u00e7\u00f5es usuais* do ultrassom terap\u00eautico de 3MHZ e na utiliza\u00e7\u00e3o em medicina est\u00e9tica. Concebido a partir da necessidade objetiva em reduzir o tempo de tratamento durante as terapias est\u00e9ticas, onde grandes \u00e1reas geom\u00e9tricas do tecido devem ser irradiadas de [&hellip;]","og_url":"https:\/\/www.lasershop.com.br\/?product=avatar-cuatro-kld-aparelho-de-ultrassom-de-alta-potencia","og_site_name":"Laser Shop","article_publisher":"https:\/\/facebook.com\/codaxmedica","article_modified_time":"2019-03-21T18:24:04+00:00","og_image":[{"width":698,"height":598,"url":"https:\/\/lasershop.com.br\/wp-content\/uploads\/2019\/03\/avatar-cuatro-aparelho-de-ultrassom-de-alta-potencia-3mhz-45watts-kld-8c029a938b32a27097c11091f260dd90.png","type":"image\/png"}],"twitter_card":"summary_large_image","twitter_misc":{"Est. tempo de leitura":"1 minuto"},"schema":{"@context":"https:\/\/schema.org","@graph":[{"@type":"WebPage","@id":"https:\/\/www.lasershop.com.br\/?product=avatar-cuatro-kld-aparelho-de-ultrassom-de-alta-potencia","url":"https:\/\/www.lasershop.com.br\/?product=avatar-cuatro-kld-aparelho-de-ultrassom-de-alta-potencia","name":"Avatar Cuatro Kld Aparelho De Ultrassom De Alta Pot\u00eancia - Laser Shop","isPartOf":{"@id":"https:\/\/www.lasershop.com.br\/#website"},"primaryImageOfPage":{"@id":"https:\/\/www.lasershop.com.br\/?product=avatar-cuatro-kld-aparelho-de-ultrassom-de-alta-potencia#primaryimage"},"image":{"@id":"https:\/\/www.lasershop.com.br\/?product=avatar-cuatro-kld-aparelho-de-ultrassom-de-alta-potencia#primaryimage"},"thumbnailUrl":"https:\/\/lasershop.com.br\/wp-content\/uploads\/2019\/03\/avatar-cuatro-aparelho-de-ultrassom-de-alta-potencia-3mhz-45watts-kld-8c029a938b32a27097c11091f260dd90.png","datePublished":"2019-03-21T13:37:32+00:00","dateModified":"2019-03-21T18:24:04+00:00","breadcrumb":{"@id":"https:\/\/www.lasershop.com.br\/?product=avatar-cuatro-kld-aparelho-de-ultrassom-de-alta-potencia#breadcrumb"},"inLanguage":"pt-BR","potentialAction":[{"@type":"ReadAction","target":["https:\/\/www.lasershop.com.br\/?product=avatar-cuatro-kld-aparelho-de-ultrassom-de-alta-potencia"]}]},{"@type":"ImageObject","inLanguage":"pt-BR","@id":"https:\/\/www.lasershop.com.br\/?product=avatar-cuatro-kld-aparelho-de-ultrassom-de-alta-potencia#primaryimage","url":"https:\/\/lasershop.com.br\/wp-content\/uploads\/2019\/03\/avatar-cuatro-aparelho-de-ultrassom-de-alta-potencia-3mhz-45watts-kld-8c029a938b32a27097c11091f260dd90.png","contentUrl":"https:\/\/lasershop.com.br\/wp-content\/uploads\/2019\/03\/avatar-cuatro-aparelho-de-ultrassom-de-alta-potencia-3mhz-45watts-kld-8c029a938b32a27097c11091f260dd90.png","width":698,"height":598},{"@type":"BreadcrumbList","@id":"https:\/\/www.lasershop.com.br\/?product=avatar-cuatro-kld-aparelho-de-ultrassom-de-alta-potencia#breadcrumb","itemListElement":[{"@type":"ListItem","position":1,"name":"In\u00edcio","item":"https:\/\/www.lasershop.com.br\/"},{"@type":"ListItem","position":2,"name":"Home","item":"https:\/\/www.lasershop.com.br\/?page_id=22"},{"@type":"ListItem","position":3,"name":"Avatar Cuatro Kld Aparelho De Ultrassom De Alta Pot\u00eancia"}]},{"@type":"WebSite","@id":"https:\/\/www.lasershop.com.br\/#website","url":"https:\/\/www.lasershop.com.br\/","name":"Laser Shop","description":"Aparelhos Eletrom\u00e9dicos pelo melhor pre\u00e7o!","publisher":{"@id":"https:\/\/www.lasershop.com.br\/#organization"},"potentialAction":[{"@type":"SearchAction","target":{"@type":"EntryPoint","urlTemplate":"https:\/\/www.lasershop.com.br\/?s={search_term_string}"},"query-input":{"@type":"PropertyValueSpecification","valueRequired":true,"valueName":"search_term_string"}}],"inLanguage":"pt-BR"},{"@type":"Organization","@id":"https:\/\/www.lasershop.com.br\/#organization","name":"Laser Shop","url":"https:\/\/www.lasershop.com.br\/","logo":{"@type":"ImageObject","inLanguage":"pt-BR","@id":"https:\/\/www.lasershop.com.br\/#\/schema\/logo\/image\/","url":"https:\/\/lasershop.com.br\/wp-content\/uploads\/2025\/09\/LOGO_LASERSHOP-.png","contentUrl":"https:\/\/lasershop.com.br\/wp-content\/uploads\/2025\/09\/LOGO_LASERSHOP-.png","width":612,"height":408,"caption":"Laser Shop"},"image":{"@id":"https:\/\/www.lasershop.com.br\/#\/schema\/logo\/image\/"},"sameAs":["https:\/\/facebook.com\/codaxmedica","https:\/\/instagram.com\/codaxmedica"]}]}},"_links":{"self":[{"href":"https:\/\/www.lasershop.com.br\/index.php?rest_route=\/wp\/v2\/product\/213","targetHints":{"allow":["GET"]}}],"collection":[{"href":"https:\/\/www.lasershop.com.br\/index.php?rest_route=\/wp\/v2\/product"}],"about":[{"href":"https:\/\/www.lasershop.com.br\/index.php?rest_route=\/wp\/v2\/types\/product"}],"replies":[{"embeddable":true,"href":"https:\/\/www.lasershop.com.br\/index.php?rest_route=%2Fwp%2Fv2%2Fcomments&post=213"}],"wp:featuredmedia":[{"embeddable":true,"href":"https:\/\/www.lasershop.com.br\/index.php?rest_route=\/wp\/v2\/media\/214"}],"wp:attachment":[{"href":"https:\/\/www.lasershop.com.br\/index.php?rest_route=%2Fwp%2Fv2%2Fmedia&parent=213"}],"wp:term":[{"taxonomy":"product_brand","embeddable":true,"href":"https:\/\/www.lasershop.com.br\/index.php?rest_route=%2Fwp%2Fv2%2Fproduct_brand&post=213"},{"taxonomy":"product_cat","embeddable":true,"href":"https:\/\/www.lasershop.com.br\/index.php?rest_route=%2Fwp%2Fv2%2Fproduct_cat&post=213"},{"taxonomy":"product_tag","embeddable":true,"href":"https:\/\/www.lasershop.com.br\/index.php?rest_route=%2Fwp%2Fv2%2Fproduct_tag&post=213"}],"curies":[{"name":"wp","href":"https:\/\/api.w.org\/{rel}","templated":true}]}}