{"id":215,"date":"2019-03-21T13:41:14","date_gmt":"2019-03-21T13:41:14","guid":{"rendered":"https:\/\/lasershop.com.br\/?post_type=product&#038;p=215"},"modified":"2019-03-21T18:23:51","modified_gmt":"2019-03-21T18:23:51","slug":"sycor-carboxiterapia","status":"publish","type":"product","link":"https:\/\/www.lasershop.com.br\/?product=sycor-carboxiterapia","title":{"rendered":"Sycor &#8211; Carboxiterapia"},"content":{"rendered":"<body><p>O Sycor \u00e9 um equipamento que revoluciona o conceito de carboxiterapia. Sua moderna tecnologia garante uma emiss\u00e3o precisa e segura do g\u00e1s carb\u00f4nico (CO2), o que torna a aplica\u00e7\u00e3o mais confort\u00e1vel. Al\u00e9m disso, possui um m\u00f3dulo de eletroterapia com diversos tipos de tratamentos, como as correntes el\u00e9tricas analg\u00e9sicas que podem ser utilizadas durante a infus\u00e3o do CO2 aliviando o desconforto causado pela t\u00e9cnica.<\/p>\n<h4 class=\"texto_esquerdo\"><span style=\"font-size: 12pt;\"><strong><span style=\"color: #000000;\">F\u00e1cil Programa\u00e7\u00e3o\n<p><\/p><\/span><\/strong><\/span><\/h4>\n<p class=\"texto_esquerdo\"><span style=\"color: #000000;\">De f\u00e1cil acesso e visualiza\u00e7\u00e3o, o software do Sycor \u00e9 intuitivo. Basta girar o knob, ajustar os par\u00e2metros e o seu equipamento estar\u00e1 pronto para utilizar.<\/span><\/p>\n<p class=\"img_direito\"><span style=\"color: #000000;\">\u00a0Modo Entrega CO<\/span><\/p>\n<p class=\"texto_esquerdo\"><span style=\"color: #000000;\">O fluxo de CO2 emitido pelo Sycor \u00e9 controlado eletronicamente, assim, \u00e9 poss\u00edvel assegurar o fluxo real de g\u00e1s infundido como tamb\u00e9m variar\u00a0\u00a0\u00a0 a forma de entrega do CO2 nos tecidos de acordo com a necessidade do profissional.<br>\n<\/span><\/p>\n<h4 class=\"texto_esquerdo\"><span style=\"font-size: 12pt;\"><strong><span style=\"color: #000000;\">Aquecimento do G\u00e1s\n<p><\/p><\/span><\/strong><\/span><\/h4>\n<p class=\"texto_esquerdo\"><span style=\"color: #000000;\">A tecnologia de aquecimento do CO2 \u00e9 feita por um dispositivo eletr\u00f4nico interno que eleva a temperatura do g\u00e1s a um n\u00edvel seguro.<\/span><\/p>\n<h4 class=\"texto_direito\"><span style=\"font-size: 12pt;\"><strong><span style=\"color: #000000;\">M\u00f3dulo de Eletroterapia\n<p><\/p><\/span><\/strong><\/span><\/h4>\n<p class=\"texto_direito\"><span style=\"color: #000000;\">O Sycor disp\u00f5e de um exclusivo m\u00f3dulo de correntes el\u00e9tricas que otimizam a aplica\u00e7\u00e3o de carboxiterapia, aliviando a dor no momento da infus\u00e3o do CO2 e maximizando os resultados.<\/span><\/p>\n<p><\/p>\n<h4 class=\"texto_direito\"><span style=\"font-size: 12pt;\"><strong><span style=\"color: #000000;\">Eletroanalgesia\n<p><\/p><\/span><\/strong><\/span><\/h4>\n<p class=\"texto_direito\"><span style=\"color: #000000;\">As correntes el\u00e9tricas analg\u00e9sicas atuam bloqueando o mecanismo de condu\u00e7\u00e3o dos est\u00edmulos dolorosos, para diminuir a sensibilidade cut\u00e2nea e aliviar o desconforto causado pela t\u00e9cnica.<\/span><\/p>\n<p><\/p>\n<h4 class=\"texto_direito\"><span style=\"font-size: 12pt;\"><strong><span style=\"color: #000000;\">Eletromassagem\n<p><\/p><\/span><\/strong><\/span><\/h4>\n<p class=\"texto_direito\"><span style=\"color: #000000;\">Nesse modo as correntes el\u00e9tricas promovem a libera\u00e7\u00e3o de endorfinas e melhoram o aporte sangu\u00edneo local para relaxamento e al\u00edvio de tens\u00f5es musculares.<\/span><\/p>\n<p><\/p>\n<h4 class=\"texto_direito\"><span style=\"font-size: 12pt;\"><strong><span style=\"color: #000000;\">Eletrolipolise\n<p><\/p><\/span><\/strong><\/span><\/h4>\n<p class=\"texto_direito\"><span style=\"color: #000000;\">As correntes de eletrolip\u00f3lise aumentam a atividade enzim\u00e1tica das c\u00e9lulas adiposas reduzindo os lip\u00eddeos acumulados nos tecidos com objetivo de atenuar a gordura localizada.<\/span><\/p>\n<p><\/p>\n<h4 class=\"texto_direito\"><span style=\"font-size: 12pt;\"><strong><span style=\"color: #000000;\">Microcorrentes\n<p><\/p><\/span><\/strong><\/span><\/h4>\n<p class=\"texto_direito\"><span style=\"color: #000000;\">As microcorrentes tem a\u00e7\u00e3o superficial. Modulam a fun\u00e7\u00e3o das c\u00e9lulas ao seu alcance para promover principalmente aumento do metabolismo local, do t\u00f4nus e do vi\u00e7o cut\u00e2neo.<\/span><\/p>\n<p><\/p>\n<h4 class=\"texto_direito\"><span style=\"font-size: 12pt;\"><strong><span style=\"color: #000000;\">Caracter\u00edsticas\n<p><\/p><\/span><\/strong><\/span><\/h4>\n<p><span style=\"color: #000000;\">\u2013 Peso do equipamento 2,5 Kg<br>\n<\/span><span style=\"color: #000000;\">\u2013 Rack: 40 cm x 42 cm x 82 cm (LxPxA) 9,2 Kg<br>\n<\/span><span style=\"color: #000000;\">\u2013 Embalagem Equipamento: 44 cm x 47,5 cm x 33cm 6 Kg<br>\n\u2013 <\/span><span style=\"color: #000000;\">Embalagem Rack: 48cm x 48cm x 95cm 13,2 Kg<\/span><\/p>\n<\/body>","protected":false},"excerpt":{"rendered":"<p>O Sycor \u00e9 um equipamento que revoluciona o conceito de carboxiterapia. Sua moderna tecnologia garante uma emiss\u00e3o precisa e segura do g\u00e1s carb\u00f4nico (CO2), o que torna a aplica\u00e7\u00e3o mais confort\u00e1vel. Al\u00e9m disso, possui um m\u00f3dulo de eletroterapia com diversos tipos de tratamentos, como as correntes el\u00e9tricas analg\u00e9sicas que podem ser utilizadas durante a infus\u00e3o [&hellip;]<\/p>\n","protected":false},"featured_media":216,"comment_status":"open","ping_status":"closed","template":"","meta":{"_et_pb_use_builder":"","_et_pb_old_content":"","_et_gb_content_width":""},"product_brand":[],"product_cat":[22],"product_tag":[],"class_list":{"0":"post-215","1":"product","2":"type-product","3":"status-publish","4":"has-post-thumbnail","6":"product_cat-linha-em-manutencao","8":"first","9":"instock","10":"taxable","11":"shipping-taxable","12":"purchasable","13":"product-type-simple"},"yoast_head":"<!-- This site is optimized with the Yoast SEO plugin v27.3 - https:\/\/yoast.com\/product\/yoast-seo-wordpress\/ -->\n<title>Sycor - Carboxiterapia - Laser Shop<\/title>\n<meta name=\"robots\" content=\"index, follow, max-snippet:-1, max-image-preview:large, max-video-preview:-1\" \/>\n<link rel=\"canonical\" href=\"https:\/\/www.lasershop.com.br\/?product=sycor-carboxiterapia\" \/>\n<meta property=\"og:locale\" content=\"pt_BR\" \/>\n<meta property=\"og:type\" content=\"article\" \/>\n<meta property=\"og:title\" content=\"Sycor - Carboxiterapia - Laser Shop\" \/>\n<meta property=\"og:description\" content=\"O Sycor \u00e9 um equipamento que revoluciona o conceito de carboxiterapia. Sua moderna tecnologia garante uma emiss\u00e3o precisa e segura do g\u00e1s carb\u00f4nico (CO2), o que torna a aplica\u00e7\u00e3o mais confort\u00e1vel. Al\u00e9m disso, possui um m\u00f3dulo de eletroterapia com diversos tipos de tratamentos, como as correntes el\u00e9tricas analg\u00e9sicas que podem ser utilizadas durante a infus\u00e3o [&hellip;]\" \/>\n<meta property=\"og:url\" content=\"https:\/\/www.lasershop.com.br\/?product=sycor-carboxiterapia\" \/>\n<meta property=\"og:site_name\" content=\"Laser Shop\" \/>\n<meta property=\"article:publisher\" content=\"https:\/\/facebook.com\/codaxmedica\" \/>\n<meta property=\"article:modified_time\" content=\"2019-03-21T18:23:51+00:00\" \/>\n<meta property=\"og:image\" content=\"https:\/\/lasershop.com.br\/wp-content\/uploads\/2019\/03\/sycor-branco_2.png\" \/>\n\t<meta property=\"og:image:width\" content=\"1200\" \/>\n\t<meta property=\"og:image:height\" content=\"916\" \/>\n\t<meta property=\"og:image:type\" content=\"image\/png\" \/>\n<meta name=\"twitter:card\" content=\"summary_large_image\" \/>\n<meta name=\"twitter:label1\" content=\"Est. tempo de leitura\" \/>\n\t<meta name=\"twitter:data1\" content=\"2 minutos\" \/>\n<script type=\"application\/ld+json\" class=\"yoast-schema-graph\">{\"@context\":\"https:\\\/\\\/schema.org\",\"@graph\":[{\"@type\":\"WebPage\",\"@id\":\"https:\\\/\\\/www.lasershop.com.br\\\/?product=sycor-carboxiterapia\",\"url\":\"https:\\\/\\\/www.lasershop.com.br\\\/?product=sycor-carboxiterapia\",\"name\":\"Sycor - Carboxiterapia - Laser Shop\",\"isPartOf\":{\"@id\":\"https:\\\/\\\/www.lasershop.com.br\\\/#website\"},\"primaryImageOfPage\":{\"@id\":\"https:\\\/\\\/www.lasershop.com.br\\\/?product=sycor-carboxiterapia#primaryimage\"},\"image\":{\"@id\":\"https:\\\/\\\/www.lasershop.com.br\\\/?product=sycor-carboxiterapia#primaryimage\"},\"thumbnailUrl\":\"https:\\\/\\\/lasershop.com.br\\\/wp-content\\\/uploads\\\/2019\\\/03\\\/sycor-branco_2.png\",\"datePublished\":\"2019-03-21T13:41:14+00:00\",\"dateModified\":\"2019-03-21T18:23:51+00:00\",\"breadcrumb\":{\"@id\":\"https:\\\/\\\/www.lasershop.com.br\\\/?product=sycor-carboxiterapia#breadcrumb\"},\"inLanguage\":\"pt-BR\",\"potentialAction\":[{\"@type\":\"ReadAction\",\"target\":[\"https:\\\/\\\/www.lasershop.com.br\\\/?product=sycor-carboxiterapia\"]}]},{\"@type\":\"ImageObject\",\"inLanguage\":\"pt-BR\",\"@id\":\"https:\\\/\\\/www.lasershop.com.br\\\/?product=sycor-carboxiterapia#primaryimage\",\"url\":\"https:\\\/\\\/lasershop.com.br\\\/wp-content\\\/uploads\\\/2019\\\/03\\\/sycor-branco_2.png\",\"contentUrl\":\"https:\\\/\\\/lasershop.com.br\\\/wp-content\\\/uploads\\\/2019\\\/03\\\/sycor-branco_2.png\",\"width\":1200,\"height\":916},{\"@type\":\"BreadcrumbList\",\"@id\":\"https:\\\/\\\/www.lasershop.com.br\\\/?product=sycor-carboxiterapia#breadcrumb\",\"itemListElement\":[{\"@type\":\"ListItem\",\"position\":1,\"name\":\"In\u00edcio\",\"item\":\"https:\\\/\\\/www.lasershop.com.br\\\/\"},{\"@type\":\"ListItem\",\"position\":2,\"name\":\"Home\",\"item\":\"https:\\\/\\\/www.lasershop.com.br\\\/?page_id=22\"},{\"@type\":\"ListItem\",\"position\":3,\"name\":\"Sycor &#8211; Carboxiterapia\"}]},{\"@type\":\"WebSite\",\"@id\":\"https:\\\/\\\/www.lasershop.com.br\\\/#website\",\"url\":\"https:\\\/\\\/www.lasershop.com.br\\\/\",\"name\":\"Laser Shop\",\"description\":\"Aparelhos Eletrom\u00e9dicos pelo melhor pre\u00e7o!\",\"publisher\":{\"@id\":\"https:\\\/\\\/www.lasershop.com.br\\\/#organization\"},\"potentialAction\":[{\"@type\":\"SearchAction\",\"target\":{\"@type\":\"EntryPoint\",\"urlTemplate\":\"https:\\\/\\\/www.lasershop.com.br\\\/?s={search_term_string}\"},\"query-input\":{\"@type\":\"PropertyValueSpecification\",\"valueRequired\":true,\"valueName\":\"search_term_string\"}}],\"inLanguage\":\"pt-BR\"},{\"@type\":\"Organization\",\"@id\":\"https:\\\/\\\/www.lasershop.com.br\\\/#organization\",\"name\":\"Laser Shop\",\"url\":\"https:\\\/\\\/www.lasershop.com.br\\\/\",\"logo\":{\"@type\":\"ImageObject\",\"inLanguage\":\"pt-BR\",\"@id\":\"https:\\\/\\\/www.lasershop.com.br\\\/#\\\/schema\\\/logo\\\/image\\\/\",\"url\":\"https:\\\/\\\/lasershop.com.br\\\/wp-content\\\/uploads\\\/2025\\\/09\\\/LOGO_LASERSHOP-.png\",\"contentUrl\":\"https:\\\/\\\/lasershop.com.br\\\/wp-content\\\/uploads\\\/2025\\\/09\\\/LOGO_LASERSHOP-.png\",\"width\":612,\"height\":408,\"caption\":\"Laser Shop\"},\"image\":{\"@id\":\"https:\\\/\\\/www.lasershop.com.br\\\/#\\\/schema\\\/logo\\\/image\\\/\"},\"sameAs\":[\"https:\\\/\\\/facebook.com\\\/codaxmedica\",\"https:\\\/\\\/instagram.com\\\/codaxmedica\"]}]}<\/script>\n<!-- \/ Yoast SEO plugin. -->","yoast_head_json":{"title":"Sycor - Carboxiterapia - Laser Shop","robots":{"index":"index","follow":"follow","max-snippet":"max-snippet:-1","max-image-preview":"max-image-preview:large","max-video-preview":"max-video-preview:-1"},"canonical":"https:\/\/www.lasershop.com.br\/?product=sycor-carboxiterapia","og_locale":"pt_BR","og_type":"article","og_title":"Sycor - Carboxiterapia - Laser Shop","og_description":"O Sycor \u00e9 um equipamento que revoluciona o conceito de carboxiterapia. Sua moderna tecnologia garante uma emiss\u00e3o precisa e segura do g\u00e1s carb\u00f4nico (CO2), o que torna a aplica\u00e7\u00e3o mais confort\u00e1vel. Al\u00e9m disso, possui um m\u00f3dulo de eletroterapia com diversos tipos de tratamentos, como as correntes el\u00e9tricas analg\u00e9sicas que podem ser utilizadas durante a infus\u00e3o [&hellip;]","og_url":"https:\/\/www.lasershop.com.br\/?product=sycor-carboxiterapia","og_site_name":"Laser Shop","article_publisher":"https:\/\/facebook.com\/codaxmedica","article_modified_time":"2019-03-21T18:23:51+00:00","og_image":[{"width":1200,"height":916,"url":"https:\/\/lasershop.com.br\/wp-content\/uploads\/2019\/03\/sycor-branco_2.png","type":"image\/png"}],"twitter_card":"summary_large_image","twitter_misc":{"Est. tempo de leitura":"2 minutos"},"schema":{"@context":"https:\/\/schema.org","@graph":[{"@type":"WebPage","@id":"https:\/\/www.lasershop.com.br\/?product=sycor-carboxiterapia","url":"https:\/\/www.lasershop.com.br\/?product=sycor-carboxiterapia","name":"Sycor - Carboxiterapia - Laser Shop","isPartOf":{"@id":"https:\/\/www.lasershop.com.br\/#website"},"primaryImageOfPage":{"@id":"https:\/\/www.lasershop.com.br\/?product=sycor-carboxiterapia#primaryimage"},"image":{"@id":"https:\/\/www.lasershop.com.br\/?product=sycor-carboxiterapia#primaryimage"},"thumbnailUrl":"https:\/\/lasershop.com.br\/wp-content\/uploads\/2019\/03\/sycor-branco_2.png","datePublished":"2019-03-21T13:41:14+00:00","dateModified":"2019-03-21T18:23:51+00:00","breadcrumb":{"@id":"https:\/\/www.lasershop.com.br\/?product=sycor-carboxiterapia#breadcrumb"},"inLanguage":"pt-BR","potentialAction":[{"@type":"ReadAction","target":["https:\/\/www.lasershop.com.br\/?product=sycor-carboxiterapia"]}]},{"@type":"ImageObject","inLanguage":"pt-BR","@id":"https:\/\/www.lasershop.com.br\/?product=sycor-carboxiterapia#primaryimage","url":"https:\/\/lasershop.com.br\/wp-content\/uploads\/2019\/03\/sycor-branco_2.png","contentUrl":"https:\/\/lasershop.com.br\/wp-content\/uploads\/2019\/03\/sycor-branco_2.png","width":1200,"height":916},{"@type":"BreadcrumbList","@id":"https:\/\/www.lasershop.com.br\/?product=sycor-carboxiterapia#breadcrumb","itemListElement":[{"@type":"ListItem","position":1,"name":"In\u00edcio","item":"https:\/\/www.lasershop.com.br\/"},{"@type":"ListItem","position":2,"name":"Home","item":"https:\/\/www.lasershop.com.br\/?page_id=22"},{"@type":"ListItem","position":3,"name":"Sycor &#8211; Carboxiterapia"}]},{"@type":"WebSite","@id":"https:\/\/www.lasershop.com.br\/#website","url":"https:\/\/www.lasershop.com.br\/","name":"Laser Shop","description":"Aparelhos Eletrom\u00e9dicos pelo melhor pre\u00e7o!","publisher":{"@id":"https:\/\/www.lasershop.com.br\/#organization"},"potentialAction":[{"@type":"SearchAction","target":{"@type":"EntryPoint","urlTemplate":"https:\/\/www.lasershop.com.br\/?s={search_term_string}"},"query-input":{"@type":"PropertyValueSpecification","valueRequired":true,"valueName":"search_term_string"}}],"inLanguage":"pt-BR"},{"@type":"Organization","@id":"https:\/\/www.lasershop.com.br\/#organization","name":"Laser Shop","url":"https:\/\/www.lasershop.com.br\/","logo":{"@type":"ImageObject","inLanguage":"pt-BR","@id":"https:\/\/www.lasershop.com.br\/#\/schema\/logo\/image\/","url":"https:\/\/lasershop.com.br\/wp-content\/uploads\/2025\/09\/LOGO_LASERSHOP-.png","contentUrl":"https:\/\/lasershop.com.br\/wp-content\/uploads\/2025\/09\/LOGO_LASERSHOP-.png","width":612,"height":408,"caption":"Laser Shop"},"image":{"@id":"https:\/\/www.lasershop.com.br\/#\/schema\/logo\/image\/"},"sameAs":["https:\/\/facebook.com\/codaxmedica","https:\/\/instagram.com\/codaxmedica"]}]}},"_links":{"self":[{"href":"https:\/\/www.lasershop.com.br\/index.php?rest_route=\/wp\/v2\/product\/215","targetHints":{"allow":["GET"]}}],"collection":[{"href":"https:\/\/www.lasershop.com.br\/index.php?rest_route=\/wp\/v2\/product"}],"about":[{"href":"https:\/\/www.lasershop.com.br\/index.php?rest_route=\/wp\/v2\/types\/product"}],"replies":[{"embeddable":true,"href":"https:\/\/www.lasershop.com.br\/index.php?rest_route=%2Fwp%2Fv2%2Fcomments&post=215"}],"wp:featuredmedia":[{"embeddable":true,"href":"https:\/\/www.lasershop.com.br\/index.php?rest_route=\/wp\/v2\/media\/216"}],"wp:attachment":[{"href":"https:\/\/www.lasershop.com.br\/index.php?rest_route=%2Fwp%2Fv2%2Fmedia&parent=215"}],"wp:term":[{"taxonomy":"product_brand","embeddable":true,"href":"https:\/\/www.lasershop.com.br\/index.php?rest_route=%2Fwp%2Fv2%2Fproduct_brand&post=215"},{"taxonomy":"product_cat","embeddable":true,"href":"https:\/\/www.lasershop.com.br\/index.php?rest_route=%2Fwp%2Fv2%2Fproduct_cat&post=215"},{"taxonomy":"product_tag","embeddable":true,"href":"https:\/\/www.lasershop.com.br\/index.php?rest_route=%2Fwp%2Fv2%2Fproduct_tag&post=215"}],"curies":[{"name":"wp","href":"https:\/\/api.w.org\/{rel}","templated":true}]}}