{"id":218,"date":"2019-03-21T13:50:56","date_gmt":"2019-03-21T13:50:56","guid":{"rendered":"https:\/\/lasershop.com.br\/?post_type=product&#038;p=218"},"modified":"2019-03-21T18:23:39","modified_gmt":"2019-03-21T18:23:39","slug":"avatar-esthetic-ultracavitacao","status":"publish","type":"product","link":"https:\/\/www.lasershop.com.br\/?product=avatar-esthetic-ultracavitacao","title":{"rendered":"Avatar Esth\u00e9tic &#8211; Ultracavita\u00e7\u00e3o"},"content":{"rendered":"<body><p><span style=\"color: #000000;\">O Avatar Esthetic representa a evolu\u00e7\u00e3o nos tratamentos est\u00e9ticos. Utiliza a Ultracavita\u00e7\u00e3o para atingir camadas profundas e superficiais do tecido subcut\u00e2neo e proporcionar uma terapia cavitacional intensiva. \u00c9 indicado para gordura localizada, celulite, tratamentos pr\u00e9 e p\u00f3s cir\u00fargicos.<\/span><\/p>\n<p><\/p>\n<p class=\"texto_esquerdo\"><span style=\"font-size: 12pt;\"><strong><span style=\"color: #000000;\">Conhecendo o Avatar Esthetic<br>\n<\/span><\/strong><\/span><\/p>\n<p><span style=\"color: #000000;\">O Avatar Esthetic \u00e9 um equipamento de Ultracavita\u00e7\u00e3o que trabalha em duas frequ\u00eancias diferentes 950KHz e 2950KHz, desta forma atinge camadas profundas com 950KHz e mais superficiais com 2950 KHz atuando nesta frequ\u00eancia tamb\u00e9m no p\u00f3s operat\u00f3rio.<\/span><\/p>\n<p><span style=\"color: #000000;\">Este novo conceito permite que o equipamento se ajuste de acordo com a camada adiposa a ser tratada, podendo assim ser usado em pacientes com menor camada adiposa (at\u00e9 3cm) e em pacientes com maior camada adiposa (a partir de 4 cm).<\/span><\/p>\n<p><span style=\"color: #000000;\">Indicado para pequenas e grandes \u00e1reas, seu aplicador com ERA de 5cm\u00b2 se adapta a todas regi\u00f5es do corpo permitindo tratar \u00e1reas que os equipamentos com o aplicador maior n\u00e3o conseguem, como bra\u00e7os, papada, infra axilar, posterior de joelho, etc. Atua tamb\u00e9m nas grandes \u00e1reas, por\u00e9m o tempo de aplica\u00e7\u00e3o aumenta em compara\u00e7\u00e3o a equipamento com o aplicador maior como no caso do Manthus, Avatar Cuatro e Kavix.<\/span><\/p>\n<p>Seu novo software proporciona um ajuste r\u00e1pido e f\u00e1cil, basta voc\u00ea eleger a \u00e1rea a ser tratada, a patologia e inserir a camada adiposa do paciente, o equipamento vai se ajustar entre as frequ\u00eancias de 950 KHz e 2950 KHz e fornecer a dose necess\u00e1ria. Mas se voc\u00ea quer utilizar seu pr\u00f3prio protocolo o equipamento permite que os par\u00e2metros sejam ajustados manualmente.<\/p>\n<p><\/p>\n<p class=\"texto_esquerdo\"><span style=\"font-size: 12pt;\"><strong><span style=\"color: #000000;\">Indica\u00e7\u00f5es para frequ\u00eancias de 950 KHz e 2950 KHz<br>\n<\/span><\/strong><\/span><span style=\"color: #000000;\"><\/span><\/p>\n<p>\u2013 Gordura localizada<br>\n<span style=\"color: #000000;\">\u2013 Celulite<br>\n<\/span><span style=\"color: #000000;\">\u2013 Situa\u00e7\u00f5es pr\u00e9-operat\u00f3rias<br>\n<\/span><span style=\"color: #000000;\">\u2013 Hidrolipoclasia<br>\n<\/span><span style=\"color: #000000;\">\u2013 Preven\u00e7\u00e3o e tratamento de complica\u00e7\u00f5es p\u00f3s-cir\u00fargicas<br>\n<\/span><span style=\"color: #000000;\">\u2013 Reabsor\u00e7\u00e3o de edemas e hematomas<br>\n\u2013 <\/span><span style=\"color: #000000;\">Atenua\u00e7\u00e3o de fibroses e ader\u00eancias teciduais<\/span><\/p>\n<p><\/p>\n<p class=\"texto_esquerdo\"><span style=\"font-size: 12pt;\"><strong><span style=\"color: #000000;\">Indica\u00e7\u00f5es espec\u00edficas para a frequ\u00eancia de 950 KHz<\/span><\/strong><\/span><\/p>\n<p><span style=\"color: #000000;\"><br>\n\u2013 Gordura localizada em camadas acima de 4,0 cm<br>\n<\/span><span style=\"color: #000000;\">\u2013 Celulite<br>\n<\/span><span style=\"color: #000000;\">\u2013 Situa\u00e7\u00f5es pr\u00e9-operat\u00f3rias<br>\n\u2013 <\/span><span style=\"color: #000000;\">Hidrolipoclasia<\/span><\/p>\n<p><span style=\"color: #000000;\">\u00a0<\/span><\/p>\n<p class=\"texto_esquerdo\"><span style=\"font-size: 12pt;\"><strong><span style=\"color: #000000;\">Como o Avatar Esthetic age na c\u00e9lula de gordura?<\/span><\/strong><\/span><\/p>\n<p><\/p>\n<p><span style=\"color: #000000;\">O feixe colimado do Avatar Esthetic, atinge seletivamente o tecido subd\u00e9rmico, produzindo um efeito de cavita\u00e7\u00e3o intenso que reduz gordura dentro do adip\u00f3cito e melhora a circula\u00e7\u00e3o entre as c\u00e9lulas, fazendo uma descompress\u00e3o tecidual e diminuindo a espessura do tecido adiposo. Al\u00e9m disso, aumenta o aporte sangu\u00edneo e metabolismo local.<\/span><\/p>\n<p><\/p>\n<p class=\"texto_esquerdo\"><span style=\"font-size: 12pt;\"><strong><span style=\"color: #000000;\">Aplica\u00e7\u00e3o<\/span><\/strong><\/span><\/p>\n<p><\/p>\n<p><span style=\"color: #000000;\">A aplica\u00e7\u00e3o do Avatar Esthetic \u00e9 feita em movimentos circulat\u00f3rios, possuindo assim uma grande vantagem no tempo da aplica\u00e7\u00e3o. <\/span><span style=\"color: #000000;\">Seu meio condutor deve\u00a0<em>necessariamente<\/em>\u00a0ser o gel neutro, devemos nos atentar sempre para utiliza\u00e7\u00e3o de um gel de boa qualidade, de preferencia com o m\u00ednimo de bolhas.<br>\n<\/span><br>\n<span style=\"color: #000000;\">Desta forma aumentamos os resultados e a vida \u00fatil do equipamento. O tempo de aplica\u00e7\u00e3o varia conforme o paciente e a patologia a ser tratada, para maiores informa\u00e7\u00f5es favor consultar o DVD que acompanha o equipamento ou a Apostila de treinamento fornecida pela KLD no treinamento do equipamento.<br>\n<\/span><br>\n<span style=\"color: #000000;\">Sobre a frequ\u00eancia das aplica\u00e7\u00f5es, s\u00e3o indicadas duas ou tr\u00eas sess\u00f5es semanais. Podem ser realizadas de 10 a 15 sess\u00f5es seguidas mantendo intervalo de 24 h \u2013m\u00ednimo- entre elas. Vale ressaltar que o n\u00famero de sess\u00f5es aqui estabelecido \u00e9 apenas uma sugest\u00e3o.<br>\n<\/span><br>\n<span style=\"color: #000000;\">Ele poder\u00e1 variar de acordo com as associa\u00e7\u00f5es terap\u00eauticas realizadas e com a fisiologia de cada paciente tratado e a manuten\u00e7\u00e3o da aplica\u00e7\u00e3o fica a crit\u00e9rio do profissional. <\/span><span style=\"color: #000000;\">Durante a aplica\u00e7\u00e3o alguns pacientes poder\u00e3o relatar um formigamento intenso no local, calor intenso e sensa\u00e7\u00e3o de vibra\u00e7\u00e3o.<\/span><\/p>\n<p><\/p>\n<p><span style=\"color: #000000; font-size: x-large;\"><span style=\"font-size: 12pt;\"><strong>\u00a0Associa\u00e7\u00f5es terap\u00eauticas<\/strong><\/span><br>\n<\/span><span style=\"color: #000000;\"><\/span><\/p>\n<ul>\n<li><span style=\"color: #000000;\">Drenagem linf\u00e1tica<br>\n<\/span><span style=\"color: #000000;\"><\/span><\/li>\n<li><span style=\"color: #000000;\">Radiofrequ\u00eancia (Hertix)<\/span><\/li>\n<li><span style=\"color: #000000;\">Corrente russa (Phydias)<\/span><\/li>\n<li><span style=\"color: #000000;\">Massagem modeladora<\/span><\/li>\n<li><span style=\"color: #000000;\">Cosm\u00e9ticos lipol\u00edticos<\/span><span style=\"color: #000000;\"> <\/span><\/li>\n<li><span style=\"color: #000000;\">Carboxiterapia (Sycor)<\/span><\/li>\n<li><span style=\"color: #000000;\">Intradermoterapia<\/span><\/li>\n<li><span style=\"color: #000000;\">Exerc\u00edcios f\u00edsicos<\/span><\/li>\n<li><span style=\"color: #000000;\">Endermologia<\/span><\/li>\n<\/ul>\n<p><span style=\"font-size: 12pt;\"><strong><span style=\"color: #000000;\">\u00a0Diferenciais<br>\n<\/span><\/strong><\/span><span style=\"color: #000000;\"><br>\nProtocolos prontos e ajust\u00e1veis<br>\n<\/span><span style=\"color: #000000;\">Ultracavita\u00e7\u00e3o segura<br>\n<\/span><span style=\"color: #000000;\">Indolor e sem ru\u00eddo<br>\n<\/span><\/p>\n<p><span style=\"font-size: 12pt;\"><strong><span style=\"color: #000000;\">Caracter\u00edsticas T\u00e9cnicas<br>\n<\/span><\/strong><\/span><span style=\"color: #000000;\"><br>\n\u2013 T\u00c9CNICA din\u00e2mica<br>\n<\/span><span style=\"color: #000000;\">\u2013 FEIXE colimado<br>\n<\/span><span style=\"color: #000000;\">\u2013 Peso do equipamento 2,5 Kg<br>\n<\/span><span style=\"color: #000000;\">\u2013 Rack: 40 cm x 42 cm x 82 cm (LxPxA) 8Kg (opcional)<br>\n<\/span><span style=\"color: #000000;\">\u2013 Embalagem Equipamento: 44 cm x 47,5 cm x 33cm 6 Kg<br>\n\u2013 <\/span><span style=\"color: #000000;\">Embalagem Rack: 48cm x 48cm x 95cm 11Kg<\/span><\/p>\n<\/body>","protected":false},"excerpt":{"rendered":"<p>O Avatar Esthetic representa a evolu\u00e7\u00e3o nos tratamentos est\u00e9ticos. Utiliza a Ultracavita\u00e7\u00e3o para atingir camadas profundas e superficiais do tecido subcut\u00e2neo e proporcionar uma terapia cavitacional intensiva. \u00c9 indicado para gordura localizada, celulite, tratamentos pr\u00e9 e p\u00f3s cir\u00fargicos. Conhecendo o Avatar Esthetic O Avatar Esthetic \u00e9 um equipamento de Ultracavita\u00e7\u00e3o que trabalha em duas frequ\u00eancias [&hellip;]<\/p>\n","protected":false},"featured_media":219,"comment_status":"open","ping_status":"closed","template":"","meta":{"_et_pb_use_builder":"","_et_pb_old_content":"","_et_gb_content_width":""},"product_brand":[],"product_cat":[22],"product_tag":[],"class_list":{"0":"post-218","1":"product","2":"type-product","3":"status-publish","4":"has-post-thumbnail","6":"product_cat-linha-em-manutencao","8":"first","9":"instock","10":"taxable","11":"shipping-taxable","12":"purchasable","13":"product-type-simple"},"yoast_head":"<!-- This site is optimized with the Yoast SEO plugin v27.3 - https:\/\/yoast.com\/product\/yoast-seo-wordpress\/ -->\n<title>Avatar Esth\u00e9tic - Ultracavita\u00e7\u00e3o - Laser Shop<\/title>\n<meta name=\"robots\" content=\"index, follow, max-snippet:-1, max-image-preview:large, max-video-preview:-1\" \/>\n<link rel=\"canonical\" href=\"https:\/\/www.lasershop.com.br\/?product=avatar-esthetic-ultracavitacao\" \/>\n<meta property=\"og:locale\" content=\"pt_BR\" \/>\n<meta property=\"og:type\" content=\"article\" \/>\n<meta property=\"og:title\" content=\"Avatar Esth\u00e9tic - Ultracavita\u00e7\u00e3o - Laser Shop\" \/>\n<meta property=\"og:description\" content=\"O Avatar Esthetic representa a evolu\u00e7\u00e3o nos tratamentos est\u00e9ticos. Utiliza a Ultracavita\u00e7\u00e3o para atingir camadas profundas e superficiais do tecido subcut\u00e2neo e proporcionar uma terapia cavitacional intensiva. \u00c9 indicado para gordura localizada, celulite, tratamentos pr\u00e9 e p\u00f3s cir\u00fargicos. Conhecendo o Avatar Esthetic O Avatar Esthetic \u00e9 um equipamento de Ultracavita\u00e7\u00e3o que trabalha em duas frequ\u00eancias [&hellip;]\" \/>\n<meta property=\"og:url\" content=\"https:\/\/www.lasershop.com.br\/?product=avatar-esthetic-ultracavitacao\" \/>\n<meta property=\"og:site_name\" content=\"Laser Shop\" \/>\n<meta property=\"article:publisher\" content=\"https:\/\/facebook.com\/codaxmedica\" \/>\n<meta property=\"article:modified_time\" content=\"2019-03-21T18:23:39+00:00\" \/>\n<meta property=\"og:image\" content=\"https:\/\/lasershop.com.br\/wp-content\/uploads\/2019\/03\/avatar_esth_tic_-_ultracavita_o-1_1.jpg\" \/>\n\t<meta property=\"og:image:width\" content=\"700\" \/>\n\t<meta property=\"og:image:height\" content=\"700\" \/>\n\t<meta property=\"og:image:type\" content=\"image\/jpeg\" \/>\n<meta name=\"twitter:card\" content=\"summary_large_image\" \/>\n<meta name=\"twitter:label1\" content=\"Est. tempo de leitura\" \/>\n\t<meta name=\"twitter:data1\" content=\"4 minutos\" \/>\n<script type=\"application\/ld+json\" class=\"yoast-schema-graph\">{\"@context\":\"https:\\\/\\\/schema.org\",\"@graph\":[{\"@type\":\"WebPage\",\"@id\":\"https:\\\/\\\/www.lasershop.com.br\\\/?product=avatar-esthetic-ultracavitacao\",\"url\":\"https:\\\/\\\/www.lasershop.com.br\\\/?product=avatar-esthetic-ultracavitacao\",\"name\":\"Avatar Esth\u00e9tic - Ultracavita\u00e7\u00e3o - Laser Shop\",\"isPartOf\":{\"@id\":\"https:\\\/\\\/www.lasershop.com.br\\\/#website\"},\"primaryImageOfPage\":{\"@id\":\"https:\\\/\\\/www.lasershop.com.br\\\/?product=avatar-esthetic-ultracavitacao#primaryimage\"},\"image\":{\"@id\":\"https:\\\/\\\/www.lasershop.com.br\\\/?product=avatar-esthetic-ultracavitacao#primaryimage\"},\"thumbnailUrl\":\"https:\\\/\\\/lasershop.com.br\\\/wp-content\\\/uploads\\\/2019\\\/03\\\/avatar_esth_tic_-_ultracavita_o-1_1.jpg\",\"datePublished\":\"2019-03-21T13:50:56+00:00\",\"dateModified\":\"2019-03-21T18:23:39+00:00\",\"breadcrumb\":{\"@id\":\"https:\\\/\\\/www.lasershop.com.br\\\/?product=avatar-esthetic-ultracavitacao#breadcrumb\"},\"inLanguage\":\"pt-BR\",\"potentialAction\":[{\"@type\":\"ReadAction\",\"target\":[\"https:\\\/\\\/www.lasershop.com.br\\\/?product=avatar-esthetic-ultracavitacao\"]}]},{\"@type\":\"ImageObject\",\"inLanguage\":\"pt-BR\",\"@id\":\"https:\\\/\\\/www.lasershop.com.br\\\/?product=avatar-esthetic-ultracavitacao#primaryimage\",\"url\":\"https:\\\/\\\/lasershop.com.br\\\/wp-content\\\/uploads\\\/2019\\\/03\\\/avatar_esth_tic_-_ultracavita_o-1_1.jpg\",\"contentUrl\":\"https:\\\/\\\/lasershop.com.br\\\/wp-content\\\/uploads\\\/2019\\\/03\\\/avatar_esth_tic_-_ultracavita_o-1_1.jpg\",\"width\":700,\"height\":700},{\"@type\":\"BreadcrumbList\",\"@id\":\"https:\\\/\\\/www.lasershop.com.br\\\/?product=avatar-esthetic-ultracavitacao#breadcrumb\",\"itemListElement\":[{\"@type\":\"ListItem\",\"position\":1,\"name\":\"In\u00edcio\",\"item\":\"https:\\\/\\\/www.lasershop.com.br\\\/\"},{\"@type\":\"ListItem\",\"position\":2,\"name\":\"Home\",\"item\":\"https:\\\/\\\/www.lasershop.com.br\\\/?page_id=22\"},{\"@type\":\"ListItem\",\"position\":3,\"name\":\"Avatar Esth\u00e9tic &#8211; Ultracavita\u00e7\u00e3o\"}]},{\"@type\":\"WebSite\",\"@id\":\"https:\\\/\\\/www.lasershop.com.br\\\/#website\",\"url\":\"https:\\\/\\\/www.lasershop.com.br\\\/\",\"name\":\"Laser Shop\",\"description\":\"Aparelhos Eletrom\u00e9dicos pelo melhor pre\u00e7o!\",\"publisher\":{\"@id\":\"https:\\\/\\\/www.lasershop.com.br\\\/#organization\"},\"potentialAction\":[{\"@type\":\"SearchAction\",\"target\":{\"@type\":\"EntryPoint\",\"urlTemplate\":\"https:\\\/\\\/www.lasershop.com.br\\\/?s={search_term_string}\"},\"query-input\":{\"@type\":\"PropertyValueSpecification\",\"valueRequired\":true,\"valueName\":\"search_term_string\"}}],\"inLanguage\":\"pt-BR\"},{\"@type\":\"Organization\",\"@id\":\"https:\\\/\\\/www.lasershop.com.br\\\/#organization\",\"name\":\"Laser Shop\",\"url\":\"https:\\\/\\\/www.lasershop.com.br\\\/\",\"logo\":{\"@type\":\"ImageObject\",\"inLanguage\":\"pt-BR\",\"@id\":\"https:\\\/\\\/www.lasershop.com.br\\\/#\\\/schema\\\/logo\\\/image\\\/\",\"url\":\"https:\\\/\\\/lasershop.com.br\\\/wp-content\\\/uploads\\\/2025\\\/09\\\/LOGO_LASERSHOP-.png\",\"contentUrl\":\"https:\\\/\\\/lasershop.com.br\\\/wp-content\\\/uploads\\\/2025\\\/09\\\/LOGO_LASERSHOP-.png\",\"width\":612,\"height\":408,\"caption\":\"Laser Shop\"},\"image\":{\"@id\":\"https:\\\/\\\/www.lasershop.com.br\\\/#\\\/schema\\\/logo\\\/image\\\/\"},\"sameAs\":[\"https:\\\/\\\/facebook.com\\\/codaxmedica\",\"https:\\\/\\\/instagram.com\\\/codaxmedica\"]}]}<\/script>\n<!-- \/ Yoast SEO plugin. -->","yoast_head_json":{"title":"Avatar Esth\u00e9tic - Ultracavita\u00e7\u00e3o - Laser Shop","robots":{"index":"index","follow":"follow","max-snippet":"max-snippet:-1","max-image-preview":"max-image-preview:large","max-video-preview":"max-video-preview:-1"},"canonical":"https:\/\/www.lasershop.com.br\/?product=avatar-esthetic-ultracavitacao","og_locale":"pt_BR","og_type":"article","og_title":"Avatar Esth\u00e9tic - Ultracavita\u00e7\u00e3o - Laser Shop","og_description":"O Avatar Esthetic representa a evolu\u00e7\u00e3o nos tratamentos est\u00e9ticos. Utiliza a Ultracavita\u00e7\u00e3o para atingir camadas profundas e superficiais do tecido subcut\u00e2neo e proporcionar uma terapia cavitacional intensiva. \u00c9 indicado para gordura localizada, celulite, tratamentos pr\u00e9 e p\u00f3s cir\u00fargicos. Conhecendo o Avatar Esthetic O Avatar Esthetic \u00e9 um equipamento de Ultracavita\u00e7\u00e3o que trabalha em duas frequ\u00eancias [&hellip;]","og_url":"https:\/\/www.lasershop.com.br\/?product=avatar-esthetic-ultracavitacao","og_site_name":"Laser Shop","article_publisher":"https:\/\/facebook.com\/codaxmedica","article_modified_time":"2019-03-21T18:23:39+00:00","og_image":[{"width":700,"height":700,"url":"https:\/\/lasershop.com.br\/wp-content\/uploads\/2019\/03\/avatar_esth_tic_-_ultracavita_o-1_1.jpg","type":"image\/jpeg"}],"twitter_card":"summary_large_image","twitter_misc":{"Est. tempo de leitura":"4 minutos"},"schema":{"@context":"https:\/\/schema.org","@graph":[{"@type":"WebPage","@id":"https:\/\/www.lasershop.com.br\/?product=avatar-esthetic-ultracavitacao","url":"https:\/\/www.lasershop.com.br\/?product=avatar-esthetic-ultracavitacao","name":"Avatar Esth\u00e9tic - Ultracavita\u00e7\u00e3o - Laser Shop","isPartOf":{"@id":"https:\/\/www.lasershop.com.br\/#website"},"primaryImageOfPage":{"@id":"https:\/\/www.lasershop.com.br\/?product=avatar-esthetic-ultracavitacao#primaryimage"},"image":{"@id":"https:\/\/www.lasershop.com.br\/?product=avatar-esthetic-ultracavitacao#primaryimage"},"thumbnailUrl":"https:\/\/lasershop.com.br\/wp-content\/uploads\/2019\/03\/avatar_esth_tic_-_ultracavita_o-1_1.jpg","datePublished":"2019-03-21T13:50:56+00:00","dateModified":"2019-03-21T18:23:39+00:00","breadcrumb":{"@id":"https:\/\/www.lasershop.com.br\/?product=avatar-esthetic-ultracavitacao#breadcrumb"},"inLanguage":"pt-BR","potentialAction":[{"@type":"ReadAction","target":["https:\/\/www.lasershop.com.br\/?product=avatar-esthetic-ultracavitacao"]}]},{"@type":"ImageObject","inLanguage":"pt-BR","@id":"https:\/\/www.lasershop.com.br\/?product=avatar-esthetic-ultracavitacao#primaryimage","url":"https:\/\/lasershop.com.br\/wp-content\/uploads\/2019\/03\/avatar_esth_tic_-_ultracavita_o-1_1.jpg","contentUrl":"https:\/\/lasershop.com.br\/wp-content\/uploads\/2019\/03\/avatar_esth_tic_-_ultracavita_o-1_1.jpg","width":700,"height":700},{"@type":"BreadcrumbList","@id":"https:\/\/www.lasershop.com.br\/?product=avatar-esthetic-ultracavitacao#breadcrumb","itemListElement":[{"@type":"ListItem","position":1,"name":"In\u00edcio","item":"https:\/\/www.lasershop.com.br\/"},{"@type":"ListItem","position":2,"name":"Home","item":"https:\/\/www.lasershop.com.br\/?page_id=22"},{"@type":"ListItem","position":3,"name":"Avatar Esth\u00e9tic &#8211; Ultracavita\u00e7\u00e3o"}]},{"@type":"WebSite","@id":"https:\/\/www.lasershop.com.br\/#website","url":"https:\/\/www.lasershop.com.br\/","name":"Laser Shop","description":"Aparelhos Eletrom\u00e9dicos pelo melhor pre\u00e7o!","publisher":{"@id":"https:\/\/www.lasershop.com.br\/#organization"},"potentialAction":[{"@type":"SearchAction","target":{"@type":"EntryPoint","urlTemplate":"https:\/\/www.lasershop.com.br\/?s={search_term_string}"},"query-input":{"@type":"PropertyValueSpecification","valueRequired":true,"valueName":"search_term_string"}}],"inLanguage":"pt-BR"},{"@type":"Organization","@id":"https:\/\/www.lasershop.com.br\/#organization","name":"Laser Shop","url":"https:\/\/www.lasershop.com.br\/","logo":{"@type":"ImageObject","inLanguage":"pt-BR","@id":"https:\/\/www.lasershop.com.br\/#\/schema\/logo\/image\/","url":"https:\/\/lasershop.com.br\/wp-content\/uploads\/2025\/09\/LOGO_LASERSHOP-.png","contentUrl":"https:\/\/lasershop.com.br\/wp-content\/uploads\/2025\/09\/LOGO_LASERSHOP-.png","width":612,"height":408,"caption":"Laser Shop"},"image":{"@id":"https:\/\/www.lasershop.com.br\/#\/schema\/logo\/image\/"},"sameAs":["https:\/\/facebook.com\/codaxmedica","https:\/\/instagram.com\/codaxmedica"]}]}},"_links":{"self":[{"href":"https:\/\/www.lasershop.com.br\/index.php?rest_route=\/wp\/v2\/product\/218","targetHints":{"allow":["GET"]}}],"collection":[{"href":"https:\/\/www.lasershop.com.br\/index.php?rest_route=\/wp\/v2\/product"}],"about":[{"href":"https:\/\/www.lasershop.com.br\/index.php?rest_route=\/wp\/v2\/types\/product"}],"replies":[{"embeddable":true,"href":"https:\/\/www.lasershop.com.br\/index.php?rest_route=%2Fwp%2Fv2%2Fcomments&post=218"}],"wp:featuredmedia":[{"embeddable":true,"href":"https:\/\/www.lasershop.com.br\/index.php?rest_route=\/wp\/v2\/media\/219"}],"wp:attachment":[{"href":"https:\/\/www.lasershop.com.br\/index.php?rest_route=%2Fwp%2Fv2%2Fmedia&parent=218"}],"wp:term":[{"taxonomy":"product_brand","embeddable":true,"href":"https:\/\/www.lasershop.com.br\/index.php?rest_route=%2Fwp%2Fv2%2Fproduct_brand&post=218"},{"taxonomy":"product_cat","embeddable":true,"href":"https:\/\/www.lasershop.com.br\/index.php?rest_route=%2Fwp%2Fv2%2Fproduct_cat&post=218"},{"taxonomy":"product_tag","embeddable":true,"href":"https:\/\/www.lasershop.com.br\/index.php?rest_route=%2Fwp%2Fv2%2Fproduct_tag&post=218"}],"curies":[{"name":"wp","href":"https:\/\/api.w.org\/{rel}","templated":true}]}}