{"id":293,"date":"2019-03-22T18:49:47","date_gmt":"2019-03-22T18:49:47","guid":{"rendered":"https:\/\/lasershop.com.br\/?post_type=product&#038;p=293"},"modified":"2019-03-22T18:49:47","modified_gmt":"2019-03-22T18:49:47","slug":"foco-cirurgico-bicolor-pedestal","status":"publish","type":"product","link":"https:\/\/www.lasershop.com.br\/?product=foco-cirurgico-bicolor-pedestal","title":{"rendered":"Foco Cir\u00fargico Bicolor &#8211; Pedestal"},"content":{"rendered":"<body><p><\/p><span>O Foco Cir\u00fargico de Led Bicolor possui 12 Leds:\n<p>\u2013 <\/p><\/span><span>6 Branco Quente\u00a0 <\/span><br>\n<span><\/span><span>\u2013 6 Branco frio<br>\n\u2013 <\/span><span>Total controle de Luminosidade e Tonalidade.\n<p><img decoding=\"async\" src=\"..\/..\/Assets\/Descricoes\/foco_leds.jpg\" alt=\"\" width=\"330\" height=\"346\" loading=\"lazy\"><br>\nOs Leds Brancos Quentes emitem uma luz amarelada ideal para uso em tecidos claros.<\/p>\n<p><img decoding=\"async\" src=\"..\/..\/Assets\/Descricoes\/led_osso_site.jpg\" alt=\"\" width=\"322\" height=\"365\" loading=\"lazy\">Os Leds Brancos Frios emitem uma luz azulada ideal para o uso em tecidos escuros.<\/p>\n<p><img decoding=\"async\" src=\"..\/..\/Assets\/Descricoes\/led_musculo_site.jpg\" alt=\"\" width=\"303\" height=\"344\" loading=\"lazy\">O Ajuste dessas cores e da intensidade da luz \u00e9 muito importante quando se necessita de um alto contraste na \u00e1rea iluminada, facilitando a visualiza\u00e7\u00e3o dos tecidos.<\/p>\n<p><img decoding=\"async\" src=\"..\/..\/Assets\/Descricoes\/bot1.png\" alt=\"\" width=\"297\" height=\"297\" loading=\"lazy\"><\/p><\/span>A movimenta\u00e7\u00e3o do foco, realizada pela manopla desenvolvida em alum\u00ednio auto-clav\u00e1vel, permite uma maior higieniza\u00e7\u00e3o e assepsia quanto ao manuseio do equipamento.<span>\n<p><img decoding=\"async\" src=\"..\/..\/Assets\/Descricoes\/manopl.png\" alt=\"\" width=\"321\" height=\"321\" loading=\"lazy\"><br>\n<span style=\"text-decoration: underline;\"><strong>Caracter\u00edsticas T\u00e9cnicas<\/strong><\/span><\/p>\n<p><\/p><\/span><span style=\"color: #000080;\"><strong><br>\n<\/strong><\/span><strong>Di\u00e2metro da C\u00fapula:<\/strong> 200mm<span style=\"color: #000080;\"> <\/span><br>\n<span style=\"color: #000080;\"><\/span><strong>Intensidade Luminosa:<\/strong> 1 c\u00fapula\u00a0 38mil Lux +\/-5% (Em compara\u00e7\u00e3o a ilumina\u00e7\u00e3o de lampada comum, a pot\u00eancia \u00e9 3x maior);<span style=\"color: #000080;\"> <\/span><strong>Temperatura da Cor:<\/strong> 3.200\u00baK \/ 4.200\u00baK \u00a0+\/- 200\u00baK<span style=\"color: #000080;\"> <\/span><br>\n<span style=\"color: #000080;\"><\/span><strong>Leds:<\/strong>\u00a012\u00a0por C\u00fapula<br>\n<strong>Vida \u00fatil:<\/strong> +\/- 20mil horas<br>\n<strong>Alimenta\u00e7\u00e3o:<\/strong> 110V ou 220V autom\u00e1tico\n<div class=\"short-description\">\n<h2><span style=\"text-decoration: underline; font-size: 12pt;\"><strong>Resumo<\/strong><br>\n12 Luzes de LED; Dois tipos de luz: Branco Frio e Branco Quente. Baixo consumo; Maior luminosidade; Ilumina\u00e7\u00e3o ideal para tecidos sens\u00edveis ao calor, devido \u00e0 utliza\u00e7\u00e3o de LEDs frios; N\u00e3o esquenta o ambiente; Ajuste da Luz; Manopla alum\u00ednio auto-clav\u00e1vel<br>\n<\/span><\/h2>\n<\/div>\n<p><\/p>\n<\/body>","protected":false},"excerpt":{"rendered":"<p>O Foco Cir\u00fargico de Led Bicolor possui 12 Leds: \u2013 6 Branco Quente\u00a0 \u2013 6 Branco frio \u2013 Total controle de Luminosidade e Tonalidade. Os Leds Brancos Quentes emitem uma luz amarelada ideal para uso em tecidos claros. Os Leds Brancos Frios emitem uma luz azulada ideal para o uso em tecidos escuros. O Ajuste [&hellip;]<\/p>\n","protected":false},"featured_media":294,"comment_status":"open","ping_status":"closed","template":"","meta":{"_et_pb_use_builder":"","_et_pb_old_content":"","_et_gb_content_width":""},"product_brand":[],"product_cat":[26],"product_tag":[],"class_list":{"0":"post-293","1":"product","2":"type-product","3":"status-publish","4":"has-post-thumbnail","6":"product_cat-equipamentos","8":"first","9":"instock","10":"taxable","11":"shipping-taxable","12":"purchasable","13":"product-type-simple"},"yoast_head":"<!-- This site is optimized with the Yoast SEO plugin v27.3 - https:\/\/yoast.com\/product\/yoast-seo-wordpress\/ -->\n<title>Foco Cir\u00fargico Bicolor - Pedestal - Laser Shop<\/title>\n<meta name=\"robots\" content=\"index, follow, max-snippet:-1, max-image-preview:large, max-video-preview:-1\" \/>\n<link rel=\"canonical\" href=\"https:\/\/www.lasershop.com.br\/?product=foco-cirurgico-bicolor-pedestal\" \/>\n<meta property=\"og:locale\" content=\"pt_BR\" \/>\n<meta property=\"og:type\" content=\"article\" \/>\n<meta property=\"og:title\" content=\"Foco Cir\u00fargico Bicolor - Pedestal - Laser Shop\" \/>\n<meta property=\"og:description\" content=\"O Foco Cir\u00fargico de Led Bicolor possui 12 Leds: \u2013 6 Branco Quente\u00a0 \u2013 6 Branco frio \u2013 Total controle de Luminosidade e Tonalidade. Os Leds Brancos Quentes emitem uma luz amarelada ideal para uso em tecidos claros. Os Leds Brancos Frios emitem uma luz azulada ideal para o uso em tecidos escuros. O Ajuste [&hellip;]\" \/>\n<meta property=\"og:url\" content=\"https:\/\/www.lasershop.com.br\/?product=foco-cirurgico-bicolor-pedestal\" \/>\n<meta property=\"og:site_name\" content=\"Laser Shop\" \/>\n<meta property=\"article:publisher\" content=\"https:\/\/facebook.com\/codaxmedica\" \/>\n<meta property=\"og:image\" content=\"https:\/\/lasershop.com.br\/wp-content\/uploads\/2019\/03\/focbicolor.png\" \/>\n\t<meta property=\"og:image:width\" content=\"900\" \/>\n\t<meta property=\"og:image:height\" content=\"900\" \/>\n\t<meta property=\"og:image:type\" content=\"image\/png\" \/>\n<meta name=\"twitter:card\" content=\"summary_large_image\" \/>\n<meta name=\"twitter:label1\" content=\"Est. tempo de leitura\" \/>\n\t<meta name=\"twitter:data1\" content=\"1 minuto\" \/>\n<script type=\"application\/ld+json\" class=\"yoast-schema-graph\">{\"@context\":\"https:\\\/\\\/schema.org\",\"@graph\":[{\"@type\":\"WebPage\",\"@id\":\"https:\\\/\\\/www.lasershop.com.br\\\/?product=foco-cirurgico-bicolor-pedestal\",\"url\":\"https:\\\/\\\/www.lasershop.com.br\\\/?product=foco-cirurgico-bicolor-pedestal\",\"name\":\"Foco Cir\u00fargico Bicolor - Pedestal - Laser Shop\",\"isPartOf\":{\"@id\":\"https:\\\/\\\/www.lasershop.com.br\\\/#website\"},\"primaryImageOfPage\":{\"@id\":\"https:\\\/\\\/www.lasershop.com.br\\\/?product=foco-cirurgico-bicolor-pedestal#primaryimage\"},\"image\":{\"@id\":\"https:\\\/\\\/www.lasershop.com.br\\\/?product=foco-cirurgico-bicolor-pedestal#primaryimage\"},\"thumbnailUrl\":\"https:\\\/\\\/lasershop.com.br\\\/wp-content\\\/uploads\\\/2019\\\/03\\\/focbicolor.png\",\"datePublished\":\"2019-03-22T18:49:47+00:00\",\"breadcrumb\":{\"@id\":\"https:\\\/\\\/www.lasershop.com.br\\\/?product=foco-cirurgico-bicolor-pedestal#breadcrumb\"},\"inLanguage\":\"pt-BR\",\"potentialAction\":[{\"@type\":\"ReadAction\",\"target\":[\"https:\\\/\\\/www.lasershop.com.br\\\/?product=foco-cirurgico-bicolor-pedestal\"]}]},{\"@type\":\"ImageObject\",\"inLanguage\":\"pt-BR\",\"@id\":\"https:\\\/\\\/www.lasershop.com.br\\\/?product=foco-cirurgico-bicolor-pedestal#primaryimage\",\"url\":\"https:\\\/\\\/lasershop.com.br\\\/wp-content\\\/uploads\\\/2019\\\/03\\\/focbicolor.png\",\"contentUrl\":\"https:\\\/\\\/lasershop.com.br\\\/wp-content\\\/uploads\\\/2019\\\/03\\\/focbicolor.png\",\"width\":900,\"height\":900},{\"@type\":\"BreadcrumbList\",\"@id\":\"https:\\\/\\\/www.lasershop.com.br\\\/?product=foco-cirurgico-bicolor-pedestal#breadcrumb\",\"itemListElement\":[{\"@type\":\"ListItem\",\"position\":1,\"name\":\"In\u00edcio\",\"item\":\"https:\\\/\\\/www.lasershop.com.br\\\/\"},{\"@type\":\"ListItem\",\"position\":2,\"name\":\"Home\",\"item\":\"https:\\\/\\\/www.lasershop.com.br\\\/?page_id=22\"},{\"@type\":\"ListItem\",\"position\":3,\"name\":\"Foco Cir\u00fargico Bicolor &#8211; Pedestal\"}]},{\"@type\":\"WebSite\",\"@id\":\"https:\\\/\\\/www.lasershop.com.br\\\/#website\",\"url\":\"https:\\\/\\\/www.lasershop.com.br\\\/\",\"name\":\"Laser Shop\",\"description\":\"Aparelhos Eletrom\u00e9dicos pelo melhor pre\u00e7o!\",\"publisher\":{\"@id\":\"https:\\\/\\\/www.lasershop.com.br\\\/#organization\"},\"potentialAction\":[{\"@type\":\"SearchAction\",\"target\":{\"@type\":\"EntryPoint\",\"urlTemplate\":\"https:\\\/\\\/www.lasershop.com.br\\\/?s={search_term_string}\"},\"query-input\":{\"@type\":\"PropertyValueSpecification\",\"valueRequired\":true,\"valueName\":\"search_term_string\"}}],\"inLanguage\":\"pt-BR\"},{\"@type\":\"Organization\",\"@id\":\"https:\\\/\\\/www.lasershop.com.br\\\/#organization\",\"name\":\"Laser Shop\",\"url\":\"https:\\\/\\\/www.lasershop.com.br\\\/\",\"logo\":{\"@type\":\"ImageObject\",\"inLanguage\":\"pt-BR\",\"@id\":\"https:\\\/\\\/www.lasershop.com.br\\\/#\\\/schema\\\/logo\\\/image\\\/\",\"url\":\"https:\\\/\\\/lasershop.com.br\\\/wp-content\\\/uploads\\\/2025\\\/09\\\/LOGO_LASERSHOP-.png\",\"contentUrl\":\"https:\\\/\\\/lasershop.com.br\\\/wp-content\\\/uploads\\\/2025\\\/09\\\/LOGO_LASERSHOP-.png\",\"width\":612,\"height\":408,\"caption\":\"Laser Shop\"},\"image\":{\"@id\":\"https:\\\/\\\/www.lasershop.com.br\\\/#\\\/schema\\\/logo\\\/image\\\/\"},\"sameAs\":[\"https:\\\/\\\/facebook.com\\\/codaxmedica\",\"https:\\\/\\\/instagram.com\\\/codaxmedica\"]}]}<\/script>\n<!-- \/ Yoast SEO plugin. -->","yoast_head_json":{"title":"Foco Cir\u00fargico Bicolor - Pedestal - Laser Shop","robots":{"index":"index","follow":"follow","max-snippet":"max-snippet:-1","max-image-preview":"max-image-preview:large","max-video-preview":"max-video-preview:-1"},"canonical":"https:\/\/www.lasershop.com.br\/?product=foco-cirurgico-bicolor-pedestal","og_locale":"pt_BR","og_type":"article","og_title":"Foco Cir\u00fargico Bicolor - Pedestal - Laser Shop","og_description":"O Foco Cir\u00fargico de Led Bicolor possui 12 Leds: \u2013 6 Branco Quente\u00a0 \u2013 6 Branco frio \u2013 Total controle de Luminosidade e Tonalidade. Os Leds Brancos Quentes emitem uma luz amarelada ideal para uso em tecidos claros. Os Leds Brancos Frios emitem uma luz azulada ideal para o uso em tecidos escuros. O Ajuste [&hellip;]","og_url":"https:\/\/www.lasershop.com.br\/?product=foco-cirurgico-bicolor-pedestal","og_site_name":"Laser Shop","article_publisher":"https:\/\/facebook.com\/codaxmedica","og_image":[{"width":900,"height":900,"url":"https:\/\/lasershop.com.br\/wp-content\/uploads\/2019\/03\/focbicolor.png","type":"image\/png"}],"twitter_card":"summary_large_image","twitter_misc":{"Est. tempo de leitura":"1 minuto"},"schema":{"@context":"https:\/\/schema.org","@graph":[{"@type":"WebPage","@id":"https:\/\/www.lasershop.com.br\/?product=foco-cirurgico-bicolor-pedestal","url":"https:\/\/www.lasershop.com.br\/?product=foco-cirurgico-bicolor-pedestal","name":"Foco Cir\u00fargico Bicolor - Pedestal - Laser Shop","isPartOf":{"@id":"https:\/\/www.lasershop.com.br\/#website"},"primaryImageOfPage":{"@id":"https:\/\/www.lasershop.com.br\/?product=foco-cirurgico-bicolor-pedestal#primaryimage"},"image":{"@id":"https:\/\/www.lasershop.com.br\/?product=foco-cirurgico-bicolor-pedestal#primaryimage"},"thumbnailUrl":"https:\/\/lasershop.com.br\/wp-content\/uploads\/2019\/03\/focbicolor.png","datePublished":"2019-03-22T18:49:47+00:00","breadcrumb":{"@id":"https:\/\/www.lasershop.com.br\/?product=foco-cirurgico-bicolor-pedestal#breadcrumb"},"inLanguage":"pt-BR","potentialAction":[{"@type":"ReadAction","target":["https:\/\/www.lasershop.com.br\/?product=foco-cirurgico-bicolor-pedestal"]}]},{"@type":"ImageObject","inLanguage":"pt-BR","@id":"https:\/\/www.lasershop.com.br\/?product=foco-cirurgico-bicolor-pedestal#primaryimage","url":"https:\/\/lasershop.com.br\/wp-content\/uploads\/2019\/03\/focbicolor.png","contentUrl":"https:\/\/lasershop.com.br\/wp-content\/uploads\/2019\/03\/focbicolor.png","width":900,"height":900},{"@type":"BreadcrumbList","@id":"https:\/\/www.lasershop.com.br\/?product=foco-cirurgico-bicolor-pedestal#breadcrumb","itemListElement":[{"@type":"ListItem","position":1,"name":"In\u00edcio","item":"https:\/\/www.lasershop.com.br\/"},{"@type":"ListItem","position":2,"name":"Home","item":"https:\/\/www.lasershop.com.br\/?page_id=22"},{"@type":"ListItem","position":3,"name":"Foco Cir\u00fargico Bicolor &#8211; Pedestal"}]},{"@type":"WebSite","@id":"https:\/\/www.lasershop.com.br\/#website","url":"https:\/\/www.lasershop.com.br\/","name":"Laser Shop","description":"Aparelhos Eletrom\u00e9dicos pelo melhor pre\u00e7o!","publisher":{"@id":"https:\/\/www.lasershop.com.br\/#organization"},"potentialAction":[{"@type":"SearchAction","target":{"@type":"EntryPoint","urlTemplate":"https:\/\/www.lasershop.com.br\/?s={search_term_string}"},"query-input":{"@type":"PropertyValueSpecification","valueRequired":true,"valueName":"search_term_string"}}],"inLanguage":"pt-BR"},{"@type":"Organization","@id":"https:\/\/www.lasershop.com.br\/#organization","name":"Laser Shop","url":"https:\/\/www.lasershop.com.br\/","logo":{"@type":"ImageObject","inLanguage":"pt-BR","@id":"https:\/\/www.lasershop.com.br\/#\/schema\/logo\/image\/","url":"https:\/\/lasershop.com.br\/wp-content\/uploads\/2025\/09\/LOGO_LASERSHOP-.png","contentUrl":"https:\/\/lasershop.com.br\/wp-content\/uploads\/2025\/09\/LOGO_LASERSHOP-.png","width":612,"height":408,"caption":"Laser Shop"},"image":{"@id":"https:\/\/www.lasershop.com.br\/#\/schema\/logo\/image\/"},"sameAs":["https:\/\/facebook.com\/codaxmedica","https:\/\/instagram.com\/codaxmedica"]}]}},"_links":{"self":[{"href":"https:\/\/www.lasershop.com.br\/index.php?rest_route=\/wp\/v2\/product\/293","targetHints":{"allow":["GET"]}}],"collection":[{"href":"https:\/\/www.lasershop.com.br\/index.php?rest_route=\/wp\/v2\/product"}],"about":[{"href":"https:\/\/www.lasershop.com.br\/index.php?rest_route=\/wp\/v2\/types\/product"}],"replies":[{"embeddable":true,"href":"https:\/\/www.lasershop.com.br\/index.php?rest_route=%2Fwp%2Fv2%2Fcomments&post=293"}],"wp:featuredmedia":[{"embeddable":true,"href":"https:\/\/www.lasershop.com.br\/index.php?rest_route=\/wp\/v2\/media\/294"}],"wp:attachment":[{"href":"https:\/\/www.lasershop.com.br\/index.php?rest_route=%2Fwp%2Fv2%2Fmedia&parent=293"}],"wp:term":[{"taxonomy":"product_brand","embeddable":true,"href":"https:\/\/www.lasershop.com.br\/index.php?rest_route=%2Fwp%2Fv2%2Fproduct_brand&post=293"},{"taxonomy":"product_cat","embeddable":true,"href":"https:\/\/www.lasershop.com.br\/index.php?rest_route=%2Fwp%2Fv2%2Fproduct_cat&post=293"},{"taxonomy":"product_tag","embeddable":true,"href":"https:\/\/www.lasershop.com.br\/index.php?rest_route=%2Fwp%2Fv2%2Fproduct_tag&post=293"}],"curies":[{"name":"wp","href":"https:\/\/api.w.org\/{rel}","templated":true}]}}