{"id":295,"date":"2019-03-22T19:33:45","date_gmt":"2019-03-22T19:33:45","guid":{"rendered":"https:\/\/lasershop.com.br\/?post_type=product&#038;p=295"},"modified":"2019-03-22T19:33:46","modified_gmt":"2019-03-22T19:33:46","slug":"foco-de-procedimento-de-led","status":"publish","type":"product","link":"https:\/\/www.lasershop.com.br\/?product=foco-de-procedimento-de-led","title":{"rendered":"Foco de procedimento de LED"},"content":{"rendered":"<body><p><span style=\"color: #000000;\">O Foco de Procedimento \u00e9 um equipamento desenvolvido para facilitar consultas e procedimentos simples.<br>\n<\/span><span><br>\n\u2013 Diminui o risco de carregar agentes etiol\u00f3gicos para o centro cir\u00fargico;<br>\n\u2013 Auxilia o m\u00e9dico veterin\u00e1rio em exames na sala de atendimento;<br>\n\u2013 Facilita a realiza\u00e7\u00e3o de procedimentos simples com maior efici\u00eancia evitando assim a utiliza\u00e7\u00e3o do centro cir\u00fargico<br>\n\u2013 Melhora visualiza\u00e7\u00e3o e demonstra\u00e7\u00e3o de patologias para o propriet\u00e1rio facilitando assim sua compreens\u00e3o diante a condi\u00e7\u00e3o do paciente.<\/span><\/p>\n<div class=\"short-description\">\n<h2><span style=\"font-size: 12pt;\"><strong><span style=\"text-decoration: underline;\">Resumo<\/span><\/strong><\/span><\/h2>\n<div class=\"std\">\n<div class=\"std\">\u2013 Luz de LED;<br>\n\u2013 Baixo consumo;<br>\n\u2013 Maior luminosidade;<br>\n\u2013 N\u00e3o esquenta o ambiente;<br>\n\u2013 Diminui a necessidade do uso do centro c\u00edrurgico em exames e procedimentos simples\n<\/div>\n<\/div>\n<\/div>\n<p><span style=\"text-decoration: underline; font-size: 12pt;\"><strong>Caracter\u00edsticas T\u00e9cnicas<\/strong><\/span><span style=\"text-decoration: underline; color: #33cccc;\"><strong><\/strong><\/span><\/p>\n<p><strong>Di\u00e2metro da C\u00fapula:<\/strong><span style=\"color: #000080;\">\u00a01<span style=\"color: #000000;\">00mm<\/span><\/span><\/p>\n<p><strong>Intensidade Luminosa:<\/strong> <span style=\"color: #000080;\"><span style=\"color: #000000;\">1 c\u00fapula 19mil Lux +\/-5%<\/span><\/span><\/p>\n<p><strong>Temperatura da Cor:<\/strong><span style=\"color: #000080;\"> <span style=\"color: #000000;\">3.200\u00baK \/ 4.200\u00baK +\/- 200\u00baK<\/span><\/span><\/p>\n<p><strong>Leds:<\/strong><span style=\"color: #000080;\"> <span style=\"color: #000000;\">6 por C\u00fapula<\/span><\/span><\/p>\n<p><strong>Vida \u00fatil:<\/strong> <span style=\"color: #000080;\"><span style=\"color: #000000;\">+\/- 20mil horas<\/span><\/span><\/p>\n<p><strong>Alimenta\u00e7\u00e3o:<\/strong><span style=\"color: #000080;\"> <span style=\"color: #000000;\">110V ou 220V autom\u00e1tico<\/span><\/span><\/p>\n<p><strong>Material:<\/strong><span style=\"color: #000080;\"> <span style=\"color: #000000;\">Alum\u00ednio<\/span><\/span><\/p>\n<p><strong>Pintura:<\/strong><span style=\"color: #000080;\"> <span style=\"color: #000000;\">Eletrost\u00e1tica (N\u00e3o risca, n\u00e3o descasca, muito mais resistente)<\/span><\/span><\/p>\n<\/body>","protected":false},"excerpt":{"rendered":"<p>O Foco de Procedimento \u00e9 um equipamento desenvolvido para facilitar consultas e procedimentos simples. \u2013 Diminui o risco de carregar agentes etiol\u00f3gicos para o centro cir\u00fargico; \u2013 Auxilia o m\u00e9dico veterin\u00e1rio em exames na sala de atendimento; \u2013 Facilita a realiza\u00e7\u00e3o de procedimentos simples com maior efici\u00eancia evitando assim a utiliza\u00e7\u00e3o do centro cir\u00fargico \u2013 [&hellip;]<\/p>\n","protected":false},"featured_media":297,"comment_status":"open","ping_status":"closed","template":"","meta":{"_et_pb_use_builder":"","_et_pb_old_content":"","_et_gb_content_width":""},"product_brand":[],"product_cat":[26],"product_tag":[],"class_list":{"0":"post-295","1":"product","2":"type-product","3":"status-publish","4":"has-post-thumbnail","6":"product_cat-equipamentos","8":"first","9":"instock","10":"taxable","11":"shipping-taxable","12":"purchasable","13":"product-type-simple"},"yoast_head":"<!-- This site is optimized with the Yoast SEO plugin v27.3 - https:\/\/yoast.com\/product\/yoast-seo-wordpress\/ -->\n<title>Foco de procedimento de LED - Laser Shop<\/title>\n<meta name=\"robots\" content=\"index, follow, max-snippet:-1, max-image-preview:large, max-video-preview:-1\" \/>\n<link rel=\"canonical\" href=\"https:\/\/www.lasershop.com.br\/?product=foco-de-procedimento-de-led\" \/>\n<meta property=\"og:locale\" content=\"pt_BR\" \/>\n<meta property=\"og:type\" content=\"article\" \/>\n<meta property=\"og:title\" content=\"Foco de procedimento de LED - Laser Shop\" \/>\n<meta property=\"og:description\" content=\"O Foco de Procedimento \u00e9 um equipamento desenvolvido para facilitar consultas e procedimentos simples. \u2013 Diminui o risco de carregar agentes etiol\u00f3gicos para o centro cir\u00fargico; \u2013 Auxilia o m\u00e9dico veterin\u00e1rio em exames na sala de atendimento; \u2013 Facilita a realiza\u00e7\u00e3o de procedimentos simples com maior efici\u00eancia evitando assim a utiliza\u00e7\u00e3o do centro cir\u00fargico \u2013 [&hellip;]\" \/>\n<meta property=\"og:url\" content=\"https:\/\/www.lasershop.com.br\/?product=foco-de-procedimento-de-led\" \/>\n<meta property=\"og:site_name\" content=\"Laser Shop\" \/>\n<meta property=\"article:publisher\" content=\"https:\/\/facebook.com\/codaxmedica\" \/>\n<meta property=\"article:modified_time\" content=\"2019-03-22T19:33:46+00:00\" \/>\n<meta property=\"og:image\" content=\"https:\/\/lasershop.com.br\/wp-content\/uploads\/2019\/03\/foco_de_procedimentosite.png\" \/>\n\t<meta property=\"og:image:width\" content=\"600\" \/>\n\t<meta property=\"og:image:height\" content=\"600\" \/>\n\t<meta property=\"og:image:type\" content=\"image\/png\" \/>\n<meta name=\"twitter:card\" content=\"summary_large_image\" \/>\n<meta name=\"twitter:label1\" content=\"Est. tempo de leitura\" \/>\n\t<meta name=\"twitter:data1\" content=\"1 minuto\" \/>\n<script type=\"application\/ld+json\" class=\"yoast-schema-graph\">{\"@context\":\"https:\\\/\\\/schema.org\",\"@graph\":[{\"@type\":\"WebPage\",\"@id\":\"https:\\\/\\\/www.lasershop.com.br\\\/?product=foco-de-procedimento-de-led\",\"url\":\"https:\\\/\\\/www.lasershop.com.br\\\/?product=foco-de-procedimento-de-led\",\"name\":\"Foco de procedimento de LED - Laser Shop\",\"isPartOf\":{\"@id\":\"https:\\\/\\\/www.lasershop.com.br\\\/#website\"},\"primaryImageOfPage\":{\"@id\":\"https:\\\/\\\/www.lasershop.com.br\\\/?product=foco-de-procedimento-de-led#primaryimage\"},\"image\":{\"@id\":\"https:\\\/\\\/www.lasershop.com.br\\\/?product=foco-de-procedimento-de-led#primaryimage\"},\"thumbnailUrl\":\"https:\\\/\\\/lasershop.com.br\\\/wp-content\\\/uploads\\\/2019\\\/03\\\/foco_de_procedimentosite.png\",\"datePublished\":\"2019-03-22T19:33:45+00:00\",\"dateModified\":\"2019-03-22T19:33:46+00:00\",\"breadcrumb\":{\"@id\":\"https:\\\/\\\/www.lasershop.com.br\\\/?product=foco-de-procedimento-de-led#breadcrumb\"},\"inLanguage\":\"pt-BR\",\"potentialAction\":[{\"@type\":\"ReadAction\",\"target\":[\"https:\\\/\\\/www.lasershop.com.br\\\/?product=foco-de-procedimento-de-led\"]}]},{\"@type\":\"ImageObject\",\"inLanguage\":\"pt-BR\",\"@id\":\"https:\\\/\\\/www.lasershop.com.br\\\/?product=foco-de-procedimento-de-led#primaryimage\",\"url\":\"https:\\\/\\\/lasershop.com.br\\\/wp-content\\\/uploads\\\/2019\\\/03\\\/foco_de_procedimentosite.png\",\"contentUrl\":\"https:\\\/\\\/lasershop.com.br\\\/wp-content\\\/uploads\\\/2019\\\/03\\\/foco_de_procedimentosite.png\",\"width\":600,\"height\":600},{\"@type\":\"BreadcrumbList\",\"@id\":\"https:\\\/\\\/www.lasershop.com.br\\\/?product=foco-de-procedimento-de-led#breadcrumb\",\"itemListElement\":[{\"@type\":\"ListItem\",\"position\":1,\"name\":\"In\u00edcio\",\"item\":\"https:\\\/\\\/www.lasershop.com.br\\\/\"},{\"@type\":\"ListItem\",\"position\":2,\"name\":\"Home\",\"item\":\"https:\\\/\\\/www.lasershop.com.br\\\/?page_id=22\"},{\"@type\":\"ListItem\",\"position\":3,\"name\":\"Foco de procedimento de LED\"}]},{\"@type\":\"WebSite\",\"@id\":\"https:\\\/\\\/www.lasershop.com.br\\\/#website\",\"url\":\"https:\\\/\\\/www.lasershop.com.br\\\/\",\"name\":\"Laser Shop\",\"description\":\"Aparelhos Eletrom\u00e9dicos pelo melhor pre\u00e7o!\",\"publisher\":{\"@id\":\"https:\\\/\\\/www.lasershop.com.br\\\/#organization\"},\"potentialAction\":[{\"@type\":\"SearchAction\",\"target\":{\"@type\":\"EntryPoint\",\"urlTemplate\":\"https:\\\/\\\/www.lasershop.com.br\\\/?s={search_term_string}\"},\"query-input\":{\"@type\":\"PropertyValueSpecification\",\"valueRequired\":true,\"valueName\":\"search_term_string\"}}],\"inLanguage\":\"pt-BR\"},{\"@type\":\"Organization\",\"@id\":\"https:\\\/\\\/www.lasershop.com.br\\\/#organization\",\"name\":\"Laser Shop\",\"url\":\"https:\\\/\\\/www.lasershop.com.br\\\/\",\"logo\":{\"@type\":\"ImageObject\",\"inLanguage\":\"pt-BR\",\"@id\":\"https:\\\/\\\/www.lasershop.com.br\\\/#\\\/schema\\\/logo\\\/image\\\/\",\"url\":\"https:\\\/\\\/lasershop.com.br\\\/wp-content\\\/uploads\\\/2025\\\/09\\\/LOGO_LASERSHOP-.png\",\"contentUrl\":\"https:\\\/\\\/lasershop.com.br\\\/wp-content\\\/uploads\\\/2025\\\/09\\\/LOGO_LASERSHOP-.png\",\"width\":612,\"height\":408,\"caption\":\"Laser Shop\"},\"image\":{\"@id\":\"https:\\\/\\\/www.lasershop.com.br\\\/#\\\/schema\\\/logo\\\/image\\\/\"},\"sameAs\":[\"https:\\\/\\\/facebook.com\\\/codaxmedica\",\"https:\\\/\\\/instagram.com\\\/codaxmedica\"]}]}<\/script>\n<!-- \/ Yoast SEO plugin. -->","yoast_head_json":{"title":"Foco de procedimento de LED - Laser Shop","robots":{"index":"index","follow":"follow","max-snippet":"max-snippet:-1","max-image-preview":"max-image-preview:large","max-video-preview":"max-video-preview:-1"},"canonical":"https:\/\/www.lasershop.com.br\/?product=foco-de-procedimento-de-led","og_locale":"pt_BR","og_type":"article","og_title":"Foco de procedimento de LED - Laser Shop","og_description":"O Foco de Procedimento \u00e9 um equipamento desenvolvido para facilitar consultas e procedimentos simples. \u2013 Diminui o risco de carregar agentes etiol\u00f3gicos para o centro cir\u00fargico; \u2013 Auxilia o m\u00e9dico veterin\u00e1rio em exames na sala de atendimento; \u2013 Facilita a realiza\u00e7\u00e3o de procedimentos simples com maior efici\u00eancia evitando assim a utiliza\u00e7\u00e3o do centro cir\u00fargico \u2013 [&hellip;]","og_url":"https:\/\/www.lasershop.com.br\/?product=foco-de-procedimento-de-led","og_site_name":"Laser Shop","article_publisher":"https:\/\/facebook.com\/codaxmedica","article_modified_time":"2019-03-22T19:33:46+00:00","og_image":[{"width":600,"height":600,"url":"https:\/\/lasershop.com.br\/wp-content\/uploads\/2019\/03\/foco_de_procedimentosite.png","type":"image\/png"}],"twitter_card":"summary_large_image","twitter_misc":{"Est. tempo de leitura":"1 minuto"},"schema":{"@context":"https:\/\/schema.org","@graph":[{"@type":"WebPage","@id":"https:\/\/www.lasershop.com.br\/?product=foco-de-procedimento-de-led","url":"https:\/\/www.lasershop.com.br\/?product=foco-de-procedimento-de-led","name":"Foco de procedimento de LED - Laser Shop","isPartOf":{"@id":"https:\/\/www.lasershop.com.br\/#website"},"primaryImageOfPage":{"@id":"https:\/\/www.lasershop.com.br\/?product=foco-de-procedimento-de-led#primaryimage"},"image":{"@id":"https:\/\/www.lasershop.com.br\/?product=foco-de-procedimento-de-led#primaryimage"},"thumbnailUrl":"https:\/\/lasershop.com.br\/wp-content\/uploads\/2019\/03\/foco_de_procedimentosite.png","datePublished":"2019-03-22T19:33:45+00:00","dateModified":"2019-03-22T19:33:46+00:00","breadcrumb":{"@id":"https:\/\/www.lasershop.com.br\/?product=foco-de-procedimento-de-led#breadcrumb"},"inLanguage":"pt-BR","potentialAction":[{"@type":"ReadAction","target":["https:\/\/www.lasershop.com.br\/?product=foco-de-procedimento-de-led"]}]},{"@type":"ImageObject","inLanguage":"pt-BR","@id":"https:\/\/www.lasershop.com.br\/?product=foco-de-procedimento-de-led#primaryimage","url":"https:\/\/lasershop.com.br\/wp-content\/uploads\/2019\/03\/foco_de_procedimentosite.png","contentUrl":"https:\/\/lasershop.com.br\/wp-content\/uploads\/2019\/03\/foco_de_procedimentosite.png","width":600,"height":600},{"@type":"BreadcrumbList","@id":"https:\/\/www.lasershop.com.br\/?product=foco-de-procedimento-de-led#breadcrumb","itemListElement":[{"@type":"ListItem","position":1,"name":"In\u00edcio","item":"https:\/\/www.lasershop.com.br\/"},{"@type":"ListItem","position":2,"name":"Home","item":"https:\/\/www.lasershop.com.br\/?page_id=22"},{"@type":"ListItem","position":3,"name":"Foco de procedimento de LED"}]},{"@type":"WebSite","@id":"https:\/\/www.lasershop.com.br\/#website","url":"https:\/\/www.lasershop.com.br\/","name":"Laser Shop","description":"Aparelhos Eletrom\u00e9dicos pelo melhor pre\u00e7o!","publisher":{"@id":"https:\/\/www.lasershop.com.br\/#organization"},"potentialAction":[{"@type":"SearchAction","target":{"@type":"EntryPoint","urlTemplate":"https:\/\/www.lasershop.com.br\/?s={search_term_string}"},"query-input":{"@type":"PropertyValueSpecification","valueRequired":true,"valueName":"search_term_string"}}],"inLanguage":"pt-BR"},{"@type":"Organization","@id":"https:\/\/www.lasershop.com.br\/#organization","name":"Laser Shop","url":"https:\/\/www.lasershop.com.br\/","logo":{"@type":"ImageObject","inLanguage":"pt-BR","@id":"https:\/\/www.lasershop.com.br\/#\/schema\/logo\/image\/","url":"https:\/\/lasershop.com.br\/wp-content\/uploads\/2025\/09\/LOGO_LASERSHOP-.png","contentUrl":"https:\/\/lasershop.com.br\/wp-content\/uploads\/2025\/09\/LOGO_LASERSHOP-.png","width":612,"height":408,"caption":"Laser Shop"},"image":{"@id":"https:\/\/www.lasershop.com.br\/#\/schema\/logo\/image\/"},"sameAs":["https:\/\/facebook.com\/codaxmedica","https:\/\/instagram.com\/codaxmedica"]}]}},"_links":{"self":[{"href":"https:\/\/www.lasershop.com.br\/index.php?rest_route=\/wp\/v2\/product\/295","targetHints":{"allow":["GET"]}}],"collection":[{"href":"https:\/\/www.lasershop.com.br\/index.php?rest_route=\/wp\/v2\/product"}],"about":[{"href":"https:\/\/www.lasershop.com.br\/index.php?rest_route=\/wp\/v2\/types\/product"}],"replies":[{"embeddable":true,"href":"https:\/\/www.lasershop.com.br\/index.php?rest_route=%2Fwp%2Fv2%2Fcomments&post=295"}],"wp:featuredmedia":[{"embeddable":true,"href":"https:\/\/www.lasershop.com.br\/index.php?rest_route=\/wp\/v2\/media\/297"}],"wp:attachment":[{"href":"https:\/\/www.lasershop.com.br\/index.php?rest_route=%2Fwp%2Fv2%2Fmedia&parent=295"}],"wp:term":[{"taxonomy":"product_brand","embeddable":true,"href":"https:\/\/www.lasershop.com.br\/index.php?rest_route=%2Fwp%2Fv2%2Fproduct_brand&post=295"},{"taxonomy":"product_cat","embeddable":true,"href":"https:\/\/www.lasershop.com.br\/index.php?rest_route=%2Fwp%2Fv2%2Fproduct_cat&post=295"},{"taxonomy":"product_tag","embeddable":true,"href":"https:\/\/www.lasershop.com.br\/index.php?rest_route=%2Fwp%2Fv2%2Fproduct_tag&post=295"}],"curies":[{"name":"wp","href":"https:\/\/api.w.org\/{rel}","templated":true}]}}