{"id":321,"date":"2019-03-25T13:17:50","date_gmt":"2019-03-25T13:17:50","guid":{"rendered":"https:\/\/lasershop.com.br\/?post_type=product&#038;p=321"},"modified":"2019-03-25T13:17:50","modified_gmt":"2019-03-25T13:17:50","slug":"dl650-eletrocardiografo-ecg-usb","status":"publish","type":"product","link":"https:\/\/www.lasershop.com.br\/?product=dl650-eletrocardiografo-ecg-usb","title":{"rendered":"DL650 &#8211; Eletrocardi\u00f3grafo ECG USB"},"content":{"rendered":"<body><p>Garante m\u00e1xima precis\u00e3o nos exames e resultados muito mais confi\u00e1veis. Possui 07 deriva\u00e7\u00f5es simult\u00e2neas de alta qualidade de tra\u00e7ado de 4.800 amostras\/segundo por canal. Deriva\u00e7\u00f5es I, II, III, aVF, aVR, aVL, 1 Precordial e Pulso Card\u00edaco;<\/p>\n<p><strong>Detalhes<\/strong><\/p>\n<p>\u2013 Totalmente controlado por computador;<br>\n\u2013 Conex\u00e3o e alimenta\u00e7\u00e3o USB (n\u00e3o precisa de fonte, pilhas ou bateria);<br>\n\u2013 Software para cadastro de exames completos dos pacientes;<br>\n\u2013 Os exames e informa\u00e7\u00f5es dos pacientes s\u00e3o armazenados em um banco de dados, que podem ser salvos no formato pdf;<br>\n\u2013 Permite impress\u00e3o colorida ou preta e branca em papel A4 comum;<br>\n\u2013 Sistema de an\u00e1lise por impress\u00e3o;<br>\n\u2013 F\u00e1cil instala\u00e7\u00e3o, pode ser feita pelo pr\u00f3prio usu\u00e1rio;<br>\n\u2013 Possui suporte para fazer laudos a dist\u00e2ncia.<br>\n\u2013 Cursores eletr\u00f4nicos para medidas;<br>\n\u2013 Acompanha cabo sensor de ECG.<\/p>\n<\/body>","protected":false},"excerpt":{"rendered":"<p>Garante m\u00e1xima precis\u00e3o nos exames e resultados muito mais confi\u00e1veis. Possui 07 deriva\u00e7\u00f5es simult\u00e2neas de alta qualidade de tra\u00e7ado de 4.800 amostras\/segundo por canal. Deriva\u00e7\u00f5es I, II, III, aVF, aVR, aVL, 1 Precordial e Pulso Card\u00edaco; Detalhes \u2013 Totalmente controlado por computador; \u2013 Conex\u00e3o e alimenta\u00e7\u00e3o USB (n\u00e3o precisa de fonte, pilhas ou bateria); \u2013 [&hellip;]<\/p>\n","protected":false},"featured_media":322,"comment_status":"open","ping_status":"closed","template":"","meta":{"_et_pb_use_builder":"","_et_pb_old_content":"","_et_gb_content_width":""},"product_brand":[],"product_cat":[24],"product_tag":[],"class_list":{"0":"post-321","1":"product","2":"type-product","3":"status-publish","4":"has-post-thumbnail","6":"product_cat-linha-veterinaria","8":"first","9":"instock","10":"taxable","11":"shipping-taxable","12":"purchasable","13":"product-type-simple"},"yoast_head":"<!-- This site is optimized with the Yoast SEO plugin v27.3 - https:\/\/yoast.com\/product\/yoast-seo-wordpress\/ -->\n<title>DL650 - Eletrocardi\u00f3grafo ECG USB - Laser Shop<\/title>\n<meta name=\"robots\" content=\"index, follow, max-snippet:-1, max-image-preview:large, max-video-preview:-1\" \/>\n<link rel=\"canonical\" href=\"https:\/\/www.lasershop.com.br\/?product=dl650-eletrocardiografo-ecg-usb\" \/>\n<meta property=\"og:locale\" content=\"pt_BR\" \/>\n<meta property=\"og:type\" content=\"article\" \/>\n<meta property=\"og:title\" content=\"DL650 - Eletrocardi\u00f3grafo ECG USB - Laser Shop\" \/>\n<meta property=\"og:description\" content=\"Garante m\u00e1xima precis\u00e3o nos exames e resultados muito mais confi\u00e1veis. Possui 07 deriva\u00e7\u00f5es simult\u00e2neas de alta qualidade de tra\u00e7ado de 4.800 amostras\/segundo por canal. Deriva\u00e7\u00f5es I, II, III, aVF, aVR, aVL, 1 Precordial e Pulso Card\u00edaco; Detalhes \u2013 Totalmente controlado por computador; \u2013 Conex\u00e3o e alimenta\u00e7\u00e3o USB (n\u00e3o precisa de fonte, pilhas ou bateria); \u2013 [&hellip;]\" \/>\n<meta property=\"og:url\" content=\"https:\/\/www.lasershop.com.br\/?product=dl650-eletrocardiografo-ecg-usb\" \/>\n<meta property=\"og:site_name\" content=\"Laser Shop\" \/>\n<meta property=\"article:publisher\" content=\"https:\/\/facebook.com\/codaxmedica\" \/>\n<meta property=\"og:image\" content=\"https:\/\/lasershop.com.br\/wp-content\/uploads\/2019\/03\/DL650.png\" \/>\n\t<meta property=\"og:image:width\" content=\"900\" \/>\n\t<meta property=\"og:image:height\" content=\"900\" \/>\n\t<meta property=\"og:image:type\" content=\"image\/png\" \/>\n<meta name=\"twitter:card\" content=\"summary_large_image\" \/>\n<meta name=\"twitter:label1\" content=\"Est. tempo de leitura\" \/>\n\t<meta name=\"twitter:data1\" content=\"1 minuto\" \/>\n<script type=\"application\/ld+json\" class=\"yoast-schema-graph\">{\"@context\":\"https:\\\/\\\/schema.org\",\"@graph\":[{\"@type\":\"WebPage\",\"@id\":\"https:\\\/\\\/www.lasershop.com.br\\\/?product=dl650-eletrocardiografo-ecg-usb\",\"url\":\"https:\\\/\\\/www.lasershop.com.br\\\/?product=dl650-eletrocardiografo-ecg-usb\",\"name\":\"DL650 - Eletrocardi\u00f3grafo ECG USB - Laser Shop\",\"isPartOf\":{\"@id\":\"https:\\\/\\\/www.lasershop.com.br\\\/#website\"},\"primaryImageOfPage\":{\"@id\":\"https:\\\/\\\/www.lasershop.com.br\\\/?product=dl650-eletrocardiografo-ecg-usb#primaryimage\"},\"image\":{\"@id\":\"https:\\\/\\\/www.lasershop.com.br\\\/?product=dl650-eletrocardiografo-ecg-usb#primaryimage\"},\"thumbnailUrl\":\"https:\\\/\\\/lasershop.com.br\\\/wp-content\\\/uploads\\\/2019\\\/03\\\/DL650.png\",\"datePublished\":\"2019-03-25T13:17:50+00:00\",\"breadcrumb\":{\"@id\":\"https:\\\/\\\/www.lasershop.com.br\\\/?product=dl650-eletrocardiografo-ecg-usb#breadcrumb\"},\"inLanguage\":\"pt-BR\",\"potentialAction\":[{\"@type\":\"ReadAction\",\"target\":[\"https:\\\/\\\/www.lasershop.com.br\\\/?product=dl650-eletrocardiografo-ecg-usb\"]}]},{\"@type\":\"ImageObject\",\"inLanguage\":\"pt-BR\",\"@id\":\"https:\\\/\\\/www.lasershop.com.br\\\/?product=dl650-eletrocardiografo-ecg-usb#primaryimage\",\"url\":\"https:\\\/\\\/lasershop.com.br\\\/wp-content\\\/uploads\\\/2019\\\/03\\\/DL650.png\",\"contentUrl\":\"https:\\\/\\\/lasershop.com.br\\\/wp-content\\\/uploads\\\/2019\\\/03\\\/DL650.png\",\"width\":900,\"height\":900},{\"@type\":\"BreadcrumbList\",\"@id\":\"https:\\\/\\\/www.lasershop.com.br\\\/?product=dl650-eletrocardiografo-ecg-usb#breadcrumb\",\"itemListElement\":[{\"@type\":\"ListItem\",\"position\":1,\"name\":\"In\u00edcio\",\"item\":\"https:\\\/\\\/www.lasershop.com.br\\\/\"},{\"@type\":\"ListItem\",\"position\":2,\"name\":\"Home\",\"item\":\"https:\\\/\\\/www.lasershop.com.br\\\/?page_id=22\"},{\"@type\":\"ListItem\",\"position\":3,\"name\":\"DL650 &#8211; Eletrocardi\u00f3grafo ECG USB\"}]},{\"@type\":\"WebSite\",\"@id\":\"https:\\\/\\\/www.lasershop.com.br\\\/#website\",\"url\":\"https:\\\/\\\/www.lasershop.com.br\\\/\",\"name\":\"Laser Shop\",\"description\":\"Aparelhos Eletrom\u00e9dicos pelo melhor pre\u00e7o!\",\"publisher\":{\"@id\":\"https:\\\/\\\/www.lasershop.com.br\\\/#organization\"},\"potentialAction\":[{\"@type\":\"SearchAction\",\"target\":{\"@type\":\"EntryPoint\",\"urlTemplate\":\"https:\\\/\\\/www.lasershop.com.br\\\/?s={search_term_string}\"},\"query-input\":{\"@type\":\"PropertyValueSpecification\",\"valueRequired\":true,\"valueName\":\"search_term_string\"}}],\"inLanguage\":\"pt-BR\"},{\"@type\":\"Organization\",\"@id\":\"https:\\\/\\\/www.lasershop.com.br\\\/#organization\",\"name\":\"Laser Shop\",\"url\":\"https:\\\/\\\/www.lasershop.com.br\\\/\",\"logo\":{\"@type\":\"ImageObject\",\"inLanguage\":\"pt-BR\",\"@id\":\"https:\\\/\\\/www.lasershop.com.br\\\/#\\\/schema\\\/logo\\\/image\\\/\",\"url\":\"https:\\\/\\\/lasershop.com.br\\\/wp-content\\\/uploads\\\/2025\\\/09\\\/LOGO_LASERSHOP-.png\",\"contentUrl\":\"https:\\\/\\\/lasershop.com.br\\\/wp-content\\\/uploads\\\/2025\\\/09\\\/LOGO_LASERSHOP-.png\",\"width\":612,\"height\":408,\"caption\":\"Laser Shop\"},\"image\":{\"@id\":\"https:\\\/\\\/www.lasershop.com.br\\\/#\\\/schema\\\/logo\\\/image\\\/\"},\"sameAs\":[\"https:\\\/\\\/facebook.com\\\/codaxmedica\",\"https:\\\/\\\/instagram.com\\\/codaxmedica\"]}]}<\/script>\n<!-- \/ Yoast SEO plugin. -->","yoast_head_json":{"title":"DL650 - Eletrocardi\u00f3grafo ECG USB - Laser Shop","robots":{"index":"index","follow":"follow","max-snippet":"max-snippet:-1","max-image-preview":"max-image-preview:large","max-video-preview":"max-video-preview:-1"},"canonical":"https:\/\/www.lasershop.com.br\/?product=dl650-eletrocardiografo-ecg-usb","og_locale":"pt_BR","og_type":"article","og_title":"DL650 - Eletrocardi\u00f3grafo ECG USB - Laser Shop","og_description":"Garante m\u00e1xima precis\u00e3o nos exames e resultados muito mais confi\u00e1veis. Possui 07 deriva\u00e7\u00f5es simult\u00e2neas de alta qualidade de tra\u00e7ado de 4.800 amostras\/segundo por canal. Deriva\u00e7\u00f5es I, II, III, aVF, aVR, aVL, 1 Precordial e Pulso Card\u00edaco; Detalhes \u2013 Totalmente controlado por computador; \u2013 Conex\u00e3o e alimenta\u00e7\u00e3o USB (n\u00e3o precisa de fonte, pilhas ou bateria); \u2013 [&hellip;]","og_url":"https:\/\/www.lasershop.com.br\/?product=dl650-eletrocardiografo-ecg-usb","og_site_name":"Laser Shop","article_publisher":"https:\/\/facebook.com\/codaxmedica","og_image":[{"width":900,"height":900,"url":"https:\/\/lasershop.com.br\/wp-content\/uploads\/2019\/03\/DL650.png","type":"image\/png"}],"twitter_card":"summary_large_image","twitter_misc":{"Est. tempo de leitura":"1 minuto"},"schema":{"@context":"https:\/\/schema.org","@graph":[{"@type":"WebPage","@id":"https:\/\/www.lasershop.com.br\/?product=dl650-eletrocardiografo-ecg-usb","url":"https:\/\/www.lasershop.com.br\/?product=dl650-eletrocardiografo-ecg-usb","name":"DL650 - Eletrocardi\u00f3grafo ECG USB - Laser Shop","isPartOf":{"@id":"https:\/\/www.lasershop.com.br\/#website"},"primaryImageOfPage":{"@id":"https:\/\/www.lasershop.com.br\/?product=dl650-eletrocardiografo-ecg-usb#primaryimage"},"image":{"@id":"https:\/\/www.lasershop.com.br\/?product=dl650-eletrocardiografo-ecg-usb#primaryimage"},"thumbnailUrl":"https:\/\/lasershop.com.br\/wp-content\/uploads\/2019\/03\/DL650.png","datePublished":"2019-03-25T13:17:50+00:00","breadcrumb":{"@id":"https:\/\/www.lasershop.com.br\/?product=dl650-eletrocardiografo-ecg-usb#breadcrumb"},"inLanguage":"pt-BR","potentialAction":[{"@type":"ReadAction","target":["https:\/\/www.lasershop.com.br\/?product=dl650-eletrocardiografo-ecg-usb"]}]},{"@type":"ImageObject","inLanguage":"pt-BR","@id":"https:\/\/www.lasershop.com.br\/?product=dl650-eletrocardiografo-ecg-usb#primaryimage","url":"https:\/\/lasershop.com.br\/wp-content\/uploads\/2019\/03\/DL650.png","contentUrl":"https:\/\/lasershop.com.br\/wp-content\/uploads\/2019\/03\/DL650.png","width":900,"height":900},{"@type":"BreadcrumbList","@id":"https:\/\/www.lasershop.com.br\/?product=dl650-eletrocardiografo-ecg-usb#breadcrumb","itemListElement":[{"@type":"ListItem","position":1,"name":"In\u00edcio","item":"https:\/\/www.lasershop.com.br\/"},{"@type":"ListItem","position":2,"name":"Home","item":"https:\/\/www.lasershop.com.br\/?page_id=22"},{"@type":"ListItem","position":3,"name":"DL650 &#8211; Eletrocardi\u00f3grafo ECG USB"}]},{"@type":"WebSite","@id":"https:\/\/www.lasershop.com.br\/#website","url":"https:\/\/www.lasershop.com.br\/","name":"Laser Shop","description":"Aparelhos Eletrom\u00e9dicos pelo melhor pre\u00e7o!","publisher":{"@id":"https:\/\/www.lasershop.com.br\/#organization"},"potentialAction":[{"@type":"SearchAction","target":{"@type":"EntryPoint","urlTemplate":"https:\/\/www.lasershop.com.br\/?s={search_term_string}"},"query-input":{"@type":"PropertyValueSpecification","valueRequired":true,"valueName":"search_term_string"}}],"inLanguage":"pt-BR"},{"@type":"Organization","@id":"https:\/\/www.lasershop.com.br\/#organization","name":"Laser Shop","url":"https:\/\/www.lasershop.com.br\/","logo":{"@type":"ImageObject","inLanguage":"pt-BR","@id":"https:\/\/www.lasershop.com.br\/#\/schema\/logo\/image\/","url":"https:\/\/lasershop.com.br\/wp-content\/uploads\/2025\/09\/LOGO_LASERSHOP-.png","contentUrl":"https:\/\/lasershop.com.br\/wp-content\/uploads\/2025\/09\/LOGO_LASERSHOP-.png","width":612,"height":408,"caption":"Laser Shop"},"image":{"@id":"https:\/\/www.lasershop.com.br\/#\/schema\/logo\/image\/"},"sameAs":["https:\/\/facebook.com\/codaxmedica","https:\/\/instagram.com\/codaxmedica"]}]}},"_links":{"self":[{"href":"https:\/\/www.lasershop.com.br\/index.php?rest_route=\/wp\/v2\/product\/321","targetHints":{"allow":["GET"]}}],"collection":[{"href":"https:\/\/www.lasershop.com.br\/index.php?rest_route=\/wp\/v2\/product"}],"about":[{"href":"https:\/\/www.lasershop.com.br\/index.php?rest_route=\/wp\/v2\/types\/product"}],"replies":[{"embeddable":true,"href":"https:\/\/www.lasershop.com.br\/index.php?rest_route=%2Fwp%2Fv2%2Fcomments&post=321"}],"wp:featuredmedia":[{"embeddable":true,"href":"https:\/\/www.lasershop.com.br\/index.php?rest_route=\/wp\/v2\/media\/322"}],"wp:attachment":[{"href":"https:\/\/www.lasershop.com.br\/index.php?rest_route=%2Fwp%2Fv2%2Fmedia&parent=321"}],"wp:term":[{"taxonomy":"product_brand","embeddable":true,"href":"https:\/\/www.lasershop.com.br\/index.php?rest_route=%2Fwp%2Fv2%2Fproduct_brand&post=321"},{"taxonomy":"product_cat","embeddable":true,"href":"https:\/\/www.lasershop.com.br\/index.php?rest_route=%2Fwp%2Fv2%2Fproduct_cat&post=321"},{"taxonomy":"product_tag","embeddable":true,"href":"https:\/\/www.lasershop.com.br\/index.php?rest_route=%2Fwp%2Fv2%2Fproduct_tag&post=321"}],"curies":[{"name":"wp","href":"https:\/\/api.w.org\/{rel}","templated":true}]}}