{"id":324,"date":"2019-03-25T13:30:50","date_gmt":"2019-03-25T13:30:50","guid":{"rendered":"https:\/\/lasershop.com.br\/?post_type=product&#038;p=324"},"modified":"2019-03-25T13:30:51","modified_gmt":"2019-03-25T13:30:51","slug":"dl600-eletrocardiografo","status":"publish","type":"product","link":"https:\/\/www.lasershop.com.br\/?product=dl600-eletrocardiografo","title":{"rendered":"DL600 &#8211; Eletrocardi\u00f3grafo"},"content":{"rendered":"<body><p>O DL600 \u00e9 Eletrocardi\u00f3grafo all-in-one mais funcional do mercado. Composto por um monitor touch screen com software e processamento integrados, ele \u00e9 capaz de efetuar aquisi\u00e7\u00f5es em tempo real do trabalho card\u00edaco do animal e salvar para rean\u00e1lise futura.<\/p>\n<p>\u2013 6 deriva\u00e7\u00f5es: aVF, aVL, aVR, D1, D2 e D3;<br>\n\u2013 1 pr\u00e9-cordial(V1);<br>\n\u2013 Pulso card\u00edaco;<br>\n\u2013 Telemedicina;<br>\n\u2013 3 velocidades;<br>\n\u2013 5 poss\u00edveis ganhos;<br>\n\u2013 Grava\u00e7\u00e3o de exames para an\u00e1lise futura;<br>\n\u2013 Banco de dados paciente\/propriet\u00e1rio;<\/p>\n<p>O equipamento possui alarmes configur\u00e1veis que lhe assegurar\u00e3o permanente monitoramento do animal sem a necessidade de visualizar os gr\u00e1ficos. Com uma precis\u00e3o de leitura dos sinais card\u00edacos minimalista, o ECG DL600 \u00e9 o melhor custo-benef\u00edcio em Eletrocardi\u00f3grafos do mercado.<\/p>\n<p>O uso de Eletrocardiogramas para diagn\u00f3sticos pode salvar vidas devido a sua enorme simplicidade de utiliza\u00e7\u00e3o, agilidade de an\u00e1lise e efic\u00e1cia das medi\u00e7\u00f5es.<\/p>\n<p>O ECG DL600 possui\u00a0 6 deriva\u00e7\u00f5es obtidas atrav\u00e9s de 4 eletrodos (Amarelo, Vermelho, Verde e Preto) al\u00e9m de 1 pr\u00e9-cordial (Branco). A imagem abaixo exemplifica a utiliza\u00e7\u00e3o dos sensores e as formas de onda de cada deriva\u00e7\u00e3o.<\/p>\n<h2><span style=\"font-size: 12pt;\"><strong>Especifica\u00e7\u00f5es T\u00e9cnicas:\n<p><\/p><\/strong><\/span><\/h2>\n<p><strong>Sobre os exames:<\/strong><\/p>\n<p>\u2013 6 deriva\u00e7\u00f5es: aVF, aVL, aVR, D1, D2 e D3;<\/p>\n<p>-1 pr\u00e9-cordial;<\/p>\n<p>-Pulso card\u00edaco;<\/p>\n<p>-Telemedicina;<\/p>\n<p>-3 velocidades;<\/p>\n<p>-5 poss\u00edveis ganhos;<\/p>\n<p>-Grava\u00e7\u00e3o de exames para an\u00e1lise futura;<\/p>\n<p>-Banco de dados paciente\/propriet\u00e1rio;<\/p>\n<p><strong>Hardware:<\/strong><strong>\u00a0<\/strong><\/p>\n<p>-Sa\u00edda USB;<\/p>\n<p>-5 eletrodos;<\/p>\n<p>-Fonte de alimenta\u00e7\u00e3o 110\/220V autom\u00e1tico;<\/p>\n<\/body>","protected":false},"excerpt":{"rendered":"<p>O DL600 \u00e9 Eletrocardi\u00f3grafo all-in-one mais funcional do mercado. Composto por um monitor touch screen com software e processamento integrados, ele \u00e9 capaz de efetuar aquisi\u00e7\u00f5es em tempo real do trabalho card\u00edaco do animal e salvar para rean\u00e1lise futura. \u2013 6 deriva\u00e7\u00f5es: aVF, aVL, aVR, D1, D2 e D3; \u2013 1 pr\u00e9-cordial(V1); \u2013 Pulso card\u00edaco; [&hellip;]<\/p>\n","protected":false},"featured_media":325,"comment_status":"open","ping_status":"closed","template":"","meta":{"_et_pb_use_builder":"","_et_pb_old_content":"","_et_gb_content_width":""},"product_brand":[],"product_cat":[24],"product_tag":[],"class_list":{"0":"post-324","1":"product","2":"type-product","3":"status-publish","4":"has-post-thumbnail","6":"product_cat-linha-veterinaria","8":"first","9":"instock","10":"taxable","11":"shipping-taxable","12":"purchasable","13":"product-type-simple"},"yoast_head":"<!-- This site is optimized with the Yoast SEO plugin v27.3 - https:\/\/yoast.com\/product\/yoast-seo-wordpress\/ -->\n<title>DL600 - Eletrocardi\u00f3grafo - Laser Shop<\/title>\n<meta name=\"robots\" content=\"index, follow, max-snippet:-1, max-image-preview:large, max-video-preview:-1\" \/>\n<link rel=\"canonical\" href=\"https:\/\/www.lasershop.com.br\/?product=dl600-eletrocardiografo\" \/>\n<meta property=\"og:locale\" content=\"pt_BR\" \/>\n<meta property=\"og:type\" content=\"article\" \/>\n<meta property=\"og:title\" content=\"DL600 - Eletrocardi\u00f3grafo - Laser Shop\" \/>\n<meta property=\"og:description\" content=\"O DL600 \u00e9 Eletrocardi\u00f3grafo all-in-one mais funcional do mercado. Composto por um monitor touch screen com software e processamento integrados, ele \u00e9 capaz de efetuar aquisi\u00e7\u00f5es em tempo real do trabalho card\u00edaco do animal e salvar para rean\u00e1lise futura. \u2013 6 deriva\u00e7\u00f5es: aVF, aVL, aVR, D1, D2 e D3; \u2013 1 pr\u00e9-cordial(V1); \u2013 Pulso card\u00edaco; [&hellip;]\" \/>\n<meta property=\"og:url\" content=\"https:\/\/www.lasershop.com.br\/?product=dl600-eletrocardiografo\" \/>\n<meta property=\"og:site_name\" content=\"Laser Shop\" \/>\n<meta property=\"article:publisher\" content=\"https:\/\/facebook.com\/codaxmedica\" \/>\n<meta property=\"article:modified_time\" content=\"2019-03-25T13:30:51+00:00\" \/>\n<meta property=\"og:image\" content=\"https:\/\/lasershop.com.br\/wp-content\/uploads\/2019\/03\/dl600_p_1_1.png\" \/>\n\t<meta property=\"og:image:width\" content=\"800\" \/>\n\t<meta property=\"og:image:height\" content=\"730\" \/>\n\t<meta property=\"og:image:type\" content=\"image\/png\" \/>\n<meta name=\"twitter:card\" content=\"summary_large_image\" \/>\n<meta name=\"twitter:label1\" content=\"Est. tempo de leitura\" \/>\n\t<meta name=\"twitter:data1\" content=\"1 minuto\" \/>\n<script type=\"application\/ld+json\" class=\"yoast-schema-graph\">{\"@context\":\"https:\\\/\\\/schema.org\",\"@graph\":[{\"@type\":\"WebPage\",\"@id\":\"https:\\\/\\\/www.lasershop.com.br\\\/?product=dl600-eletrocardiografo\",\"url\":\"https:\\\/\\\/www.lasershop.com.br\\\/?product=dl600-eletrocardiografo\",\"name\":\"DL600 - Eletrocardi\u00f3grafo - Laser Shop\",\"isPartOf\":{\"@id\":\"https:\\\/\\\/www.lasershop.com.br\\\/#website\"},\"primaryImageOfPage\":{\"@id\":\"https:\\\/\\\/www.lasershop.com.br\\\/?product=dl600-eletrocardiografo#primaryimage\"},\"image\":{\"@id\":\"https:\\\/\\\/www.lasershop.com.br\\\/?product=dl600-eletrocardiografo#primaryimage\"},\"thumbnailUrl\":\"https:\\\/\\\/lasershop.com.br\\\/wp-content\\\/uploads\\\/2019\\\/03\\\/dl600_p_1_1.png\",\"datePublished\":\"2019-03-25T13:30:50+00:00\",\"dateModified\":\"2019-03-25T13:30:51+00:00\",\"breadcrumb\":{\"@id\":\"https:\\\/\\\/www.lasershop.com.br\\\/?product=dl600-eletrocardiografo#breadcrumb\"},\"inLanguage\":\"pt-BR\",\"potentialAction\":[{\"@type\":\"ReadAction\",\"target\":[\"https:\\\/\\\/www.lasershop.com.br\\\/?product=dl600-eletrocardiografo\"]}]},{\"@type\":\"ImageObject\",\"inLanguage\":\"pt-BR\",\"@id\":\"https:\\\/\\\/www.lasershop.com.br\\\/?product=dl600-eletrocardiografo#primaryimage\",\"url\":\"https:\\\/\\\/lasershop.com.br\\\/wp-content\\\/uploads\\\/2019\\\/03\\\/dl600_p_1_1.png\",\"contentUrl\":\"https:\\\/\\\/lasershop.com.br\\\/wp-content\\\/uploads\\\/2019\\\/03\\\/dl600_p_1_1.png\",\"width\":800,\"height\":730},{\"@type\":\"BreadcrumbList\",\"@id\":\"https:\\\/\\\/www.lasershop.com.br\\\/?product=dl600-eletrocardiografo#breadcrumb\",\"itemListElement\":[{\"@type\":\"ListItem\",\"position\":1,\"name\":\"In\u00edcio\",\"item\":\"https:\\\/\\\/www.lasershop.com.br\\\/\"},{\"@type\":\"ListItem\",\"position\":2,\"name\":\"Home\",\"item\":\"https:\\\/\\\/www.lasershop.com.br\\\/?page_id=22\"},{\"@type\":\"ListItem\",\"position\":3,\"name\":\"DL600 &#8211; Eletrocardi\u00f3grafo\"}]},{\"@type\":\"WebSite\",\"@id\":\"https:\\\/\\\/www.lasershop.com.br\\\/#website\",\"url\":\"https:\\\/\\\/www.lasershop.com.br\\\/\",\"name\":\"Laser Shop\",\"description\":\"Aparelhos Eletrom\u00e9dicos pelo melhor pre\u00e7o!\",\"publisher\":{\"@id\":\"https:\\\/\\\/www.lasershop.com.br\\\/#organization\"},\"potentialAction\":[{\"@type\":\"SearchAction\",\"target\":{\"@type\":\"EntryPoint\",\"urlTemplate\":\"https:\\\/\\\/www.lasershop.com.br\\\/?s={search_term_string}\"},\"query-input\":{\"@type\":\"PropertyValueSpecification\",\"valueRequired\":true,\"valueName\":\"search_term_string\"}}],\"inLanguage\":\"pt-BR\"},{\"@type\":\"Organization\",\"@id\":\"https:\\\/\\\/www.lasershop.com.br\\\/#organization\",\"name\":\"Laser Shop\",\"url\":\"https:\\\/\\\/www.lasershop.com.br\\\/\",\"logo\":{\"@type\":\"ImageObject\",\"inLanguage\":\"pt-BR\",\"@id\":\"https:\\\/\\\/www.lasershop.com.br\\\/#\\\/schema\\\/logo\\\/image\\\/\",\"url\":\"https:\\\/\\\/lasershop.com.br\\\/wp-content\\\/uploads\\\/2025\\\/09\\\/LOGO_LASERSHOP-.png\",\"contentUrl\":\"https:\\\/\\\/lasershop.com.br\\\/wp-content\\\/uploads\\\/2025\\\/09\\\/LOGO_LASERSHOP-.png\",\"width\":612,\"height\":408,\"caption\":\"Laser Shop\"},\"image\":{\"@id\":\"https:\\\/\\\/www.lasershop.com.br\\\/#\\\/schema\\\/logo\\\/image\\\/\"},\"sameAs\":[\"https:\\\/\\\/facebook.com\\\/codaxmedica\",\"https:\\\/\\\/instagram.com\\\/codaxmedica\"]}]}<\/script>\n<!-- \/ Yoast SEO plugin. -->","yoast_head_json":{"title":"DL600 - Eletrocardi\u00f3grafo - Laser Shop","robots":{"index":"index","follow":"follow","max-snippet":"max-snippet:-1","max-image-preview":"max-image-preview:large","max-video-preview":"max-video-preview:-1"},"canonical":"https:\/\/www.lasershop.com.br\/?product=dl600-eletrocardiografo","og_locale":"pt_BR","og_type":"article","og_title":"DL600 - Eletrocardi\u00f3grafo - Laser Shop","og_description":"O DL600 \u00e9 Eletrocardi\u00f3grafo all-in-one mais funcional do mercado. Composto por um monitor touch screen com software e processamento integrados, ele \u00e9 capaz de efetuar aquisi\u00e7\u00f5es em tempo real do trabalho card\u00edaco do animal e salvar para rean\u00e1lise futura. \u2013 6 deriva\u00e7\u00f5es: aVF, aVL, aVR, D1, D2 e D3; \u2013 1 pr\u00e9-cordial(V1); \u2013 Pulso card\u00edaco; [&hellip;]","og_url":"https:\/\/www.lasershop.com.br\/?product=dl600-eletrocardiografo","og_site_name":"Laser Shop","article_publisher":"https:\/\/facebook.com\/codaxmedica","article_modified_time":"2019-03-25T13:30:51+00:00","og_image":[{"width":800,"height":730,"url":"https:\/\/lasershop.com.br\/wp-content\/uploads\/2019\/03\/dl600_p_1_1.png","type":"image\/png"}],"twitter_card":"summary_large_image","twitter_misc":{"Est. tempo de leitura":"1 minuto"},"schema":{"@context":"https:\/\/schema.org","@graph":[{"@type":"WebPage","@id":"https:\/\/www.lasershop.com.br\/?product=dl600-eletrocardiografo","url":"https:\/\/www.lasershop.com.br\/?product=dl600-eletrocardiografo","name":"DL600 - Eletrocardi\u00f3grafo - Laser Shop","isPartOf":{"@id":"https:\/\/www.lasershop.com.br\/#website"},"primaryImageOfPage":{"@id":"https:\/\/www.lasershop.com.br\/?product=dl600-eletrocardiografo#primaryimage"},"image":{"@id":"https:\/\/www.lasershop.com.br\/?product=dl600-eletrocardiografo#primaryimage"},"thumbnailUrl":"https:\/\/lasershop.com.br\/wp-content\/uploads\/2019\/03\/dl600_p_1_1.png","datePublished":"2019-03-25T13:30:50+00:00","dateModified":"2019-03-25T13:30:51+00:00","breadcrumb":{"@id":"https:\/\/www.lasershop.com.br\/?product=dl600-eletrocardiografo#breadcrumb"},"inLanguage":"pt-BR","potentialAction":[{"@type":"ReadAction","target":["https:\/\/www.lasershop.com.br\/?product=dl600-eletrocardiografo"]}]},{"@type":"ImageObject","inLanguage":"pt-BR","@id":"https:\/\/www.lasershop.com.br\/?product=dl600-eletrocardiografo#primaryimage","url":"https:\/\/lasershop.com.br\/wp-content\/uploads\/2019\/03\/dl600_p_1_1.png","contentUrl":"https:\/\/lasershop.com.br\/wp-content\/uploads\/2019\/03\/dl600_p_1_1.png","width":800,"height":730},{"@type":"BreadcrumbList","@id":"https:\/\/www.lasershop.com.br\/?product=dl600-eletrocardiografo#breadcrumb","itemListElement":[{"@type":"ListItem","position":1,"name":"In\u00edcio","item":"https:\/\/www.lasershop.com.br\/"},{"@type":"ListItem","position":2,"name":"Home","item":"https:\/\/www.lasershop.com.br\/?page_id=22"},{"@type":"ListItem","position":3,"name":"DL600 &#8211; Eletrocardi\u00f3grafo"}]},{"@type":"WebSite","@id":"https:\/\/www.lasershop.com.br\/#website","url":"https:\/\/www.lasershop.com.br\/","name":"Laser Shop","description":"Aparelhos Eletrom\u00e9dicos pelo melhor pre\u00e7o!","publisher":{"@id":"https:\/\/www.lasershop.com.br\/#organization"},"potentialAction":[{"@type":"SearchAction","target":{"@type":"EntryPoint","urlTemplate":"https:\/\/www.lasershop.com.br\/?s={search_term_string}"},"query-input":{"@type":"PropertyValueSpecification","valueRequired":true,"valueName":"search_term_string"}}],"inLanguage":"pt-BR"},{"@type":"Organization","@id":"https:\/\/www.lasershop.com.br\/#organization","name":"Laser Shop","url":"https:\/\/www.lasershop.com.br\/","logo":{"@type":"ImageObject","inLanguage":"pt-BR","@id":"https:\/\/www.lasershop.com.br\/#\/schema\/logo\/image\/","url":"https:\/\/lasershop.com.br\/wp-content\/uploads\/2025\/09\/LOGO_LASERSHOP-.png","contentUrl":"https:\/\/lasershop.com.br\/wp-content\/uploads\/2025\/09\/LOGO_LASERSHOP-.png","width":612,"height":408,"caption":"Laser Shop"},"image":{"@id":"https:\/\/www.lasershop.com.br\/#\/schema\/logo\/image\/"},"sameAs":["https:\/\/facebook.com\/codaxmedica","https:\/\/instagram.com\/codaxmedica"]}]}},"_links":{"self":[{"href":"https:\/\/www.lasershop.com.br\/index.php?rest_route=\/wp\/v2\/product\/324","targetHints":{"allow":["GET"]}}],"collection":[{"href":"https:\/\/www.lasershop.com.br\/index.php?rest_route=\/wp\/v2\/product"}],"about":[{"href":"https:\/\/www.lasershop.com.br\/index.php?rest_route=\/wp\/v2\/types\/product"}],"replies":[{"embeddable":true,"href":"https:\/\/www.lasershop.com.br\/index.php?rest_route=%2Fwp%2Fv2%2Fcomments&post=324"}],"wp:featuredmedia":[{"embeddable":true,"href":"https:\/\/www.lasershop.com.br\/index.php?rest_route=\/wp\/v2\/media\/325"}],"wp:attachment":[{"href":"https:\/\/www.lasershop.com.br\/index.php?rest_route=%2Fwp%2Fv2%2Fmedia&parent=324"}],"wp:term":[{"taxonomy":"product_brand","embeddable":true,"href":"https:\/\/www.lasershop.com.br\/index.php?rest_route=%2Fwp%2Fv2%2Fproduct_brand&post=324"},{"taxonomy":"product_cat","embeddable":true,"href":"https:\/\/www.lasershop.com.br\/index.php?rest_route=%2Fwp%2Fv2%2Fproduct_cat&post=324"},{"taxonomy":"product_tag","embeddable":true,"href":"https:\/\/www.lasershop.com.br\/index.php?rest_route=%2Fwp%2Fv2%2Fproduct_tag&post=324"}],"curies":[{"name":"wp","href":"https:\/\/api.w.org\/{rel}","templated":true}]}}