{"id":332,"date":"2019-03-25T14:02:58","date_gmt":"2019-03-25T14:02:58","guid":{"rendered":"https:\/\/lasershop.com.br\/?post_type=product&#038;p=332"},"modified":"2019-03-25T14:02:58","modified_gmt":"2019-03-25T14:02:58","slug":"dl500-oxicapnografo","status":"publish","type":"product","link":"https:\/\/www.lasershop.com.br\/?product=dl500-oxicapnografo","title":{"rendered":"DL500 &#8211; Oxicapn\u00f3grafo"},"content":{"rendered":"<body><p><\/p>O Oxicapn\u00f3grafo DL500 da Delta Life faz parte de uma linha de monitores multiparam\u00e9tricos para uso cir\u00fargico. Membro da fam\u00edlia DL1000 de monitores, ele fornece ao paciente o monitoramento preciso dos par\u00e2metros de frequ\u00eancia card\u00edaca, satura\u00e7\u00e3o do oxig\u00eanio local (SpO2), \u00edndice de perfus\u00e3o, n\u00edvel de di\u00f3xido de carbono no ar expirado (EtCO2) e frequ\u00eancia respirat\u00f3ria, al\u00e9, de possuir um sistema sonoro de alarmes quando os limites estabelecidos s\u00e3o atingidos.\n<p>Oximetria \u00e9 um dos par\u00e2metros oferecidos pelo Oxicapn\u00f3grafo DL500 \u00e9 a oximetria que \u00e9 caracterizada pela medi\u00e7\u00e3o da satura\u00e7\u00e3o de oxig\u00eanio no sangue, que por sua vez, representa a porcentagem de mol\u00e9culas de hemoglobinas que est\u00e3o oxigenadas em cada pulso card\u00edaco, de forma r\u00e1pida, pr\u00e1tica e n\u00e3o invasiva. Esse par\u00e2metro gera o valor percentual da satura\u00e7\u00e3o de oxig\u00eanio (SpO2) e a curva pletismogr\u00e1fica que mostra a incid\u00eancia do fluxo sangu\u00edneo em rela\u00e7\u00e3o ao tempo, a frequ\u00eancia card\u00edaca e o \u00edndice de perfus\u00e3o que \u00e9 dado pela amplitude da curva.<\/p>\n<p><strong>Princ\u00edpio f\u00edsico utilizado<\/strong><em><strong>:<\/strong><\/em> O Oxicapn\u00f3grafo DL500 faz a medi\u00e7\u00e3o da satura\u00e7\u00e3o de oxig\u00eanio no sangue arterial atrav\u00e9s do princ\u00edpio da espectroscopia que de forma breve, consiste na quantifica\u00e7\u00e3o da absor\u00e7\u00e3o, reflex\u00e3o ou transmiss\u00e3o da energia incidente em uma amostra.<\/p>\n<p>A espectroscopia na oximetria \u00e9 caracterizada pela passagem de diferentes comprimentos de ondas de luz (vermelho e infravermelho) pelos tecidos do corpo que ser\u00e3o absorvidos dada a presen\u00e7a de oxig\u00eanio nas mol\u00e9culas de hemoglobina ou n\u00e3o, durante a sistole e a diastole.<\/p>\n<p>O sangue que est\u00e1 saturado de oxig\u00eanio absorve menos luz vermelha enquanto o sangue que est\u00e1 desoxigenado absorve mais, tornando poss\u00edvel a detec\u00e7\u00e3o precisa e o c\u00e1lculo da satura\u00e7\u00e3o do oxig\u00eanio.<\/p>\n<p>O Oxicapn\u00f3grafo tamb\u00e9m conta com o par\u00e2metro de capnometria que \u00e9 o \u00fanico m\u00e9todo direto e n\u00e3o invasivo capaz de avaliar o estado ventilat\u00f3rio do paciente. A capnometria \u00e9 representada pelo n\u00edvel de CO<span style=\"font-size: x-small;\">2<\/span> que \u00e9 expirado pelo paciente (EtCO<span style=\"font-size: x-small;\">2<\/span>) e pela curva capnogr\u00e1fica que mostra esse par\u00e2metro em rela\u00e7\u00e3o ao tempo.<\/p>\n<p>O capn\u00f3grafo funciona como um analisador de CO<span style=\"font-size: x-small;\">2<\/span> caracterizado pela tecnologia NDIR (Non-dispersiveinfrared) onde diferentes comprimentos de onda s\u00e3o emitidos em uma c\u00e2mara com diferentes gases a fim de identific\u00e1-los.<\/p>\n<p>Esse processo acontece pela passagem de comprimentos de onda espec\u00edficos por um filtro \u00f3tico estabelecido que permite a absor\u00e7\u00e3o dos raios infravermelhos pela subst\u00e2ncia de interesse, que nesse caso \u00e9 o CO<span style=\"font-size: x-small;\">2<\/span>.<\/p>\n<p><span style=\"font-size: medium;\"><em><strong>Caracter\u00edsticas Principais<br>\n<\/strong><\/em><\/span><br>\nA tela do Oxicapn\u00f3grafo DL500 \u00e9 de LCD de 7\u2033 e mostra todas as informa\u00e7\u00f5es gr\u00e1ficas e num\u00e9ricas utilizadas na monitora\u00e7\u00e3o.<\/p>\n<p><span style=\"text-align: justify;\">\u2013 Monitor de par\u00e2metro duplo, fornecendo medi\u00e7\u00f5es de CO<\/span><span style=\"text-align: justify; font-size: x-small;\">2<\/span><span style=\"text-align: justify;\"> e SpO<\/span><span style=\"text-align: justify; font-size: x-small;\">2<\/span><span style=\"text-align: justify;\"> e derivados;- Interface de f\u00e1cil acesso e de f\u00e1cil\u00a0\u00a0 entendimento pelo usu\u00e1rio;<br>\n\u2013 <\/span><span style=\"text-align: justify;\">Equipamento leve e de f\u00e1cil manuseio.<br>\n\u2013 <\/span>Os cabos sensores que acompanham o Oxicapn\u00f3grafo DL500 s\u00e3o bastante sens\u00edveis e precisos nas medidas.<br>\n\u2013 Cada cabo foi desenvolvido com tecnologia apropriada e adequada para melhor monitora\u00e7\u00e3o dos pacientes, oferecendo um resultado preciso e em tempo real.<\/p>\n<p><span style=\"font-size: medium;\"><span style=\"font-size: 10pt;\"><strong>OBS: A curva pletismogr\u00e1fica \u00e9 apresentada em se\u00e7\u00f5es diferentes.<\/strong><\/span><strong><\/strong><\/span><\/p>\n<p><\/p>\n<p style=\"text-align: justify;\">A opera\u00e7\u00e3o desse dispositivo pode ser afetada por fontes de energia eletromagn\u00e9tica, tais como equipamentos eletrocirurgicos, ou equipamentos de tomografia.<br>\nAlarmesPulso: som referente aos batimentos card\u00edacos, para cada batimento um pulso ser\u00e1 emitido.Alarme: som referente quando os par\u00e2metros ajustados para o paciente s\u00e3o ultrapassados.<\/p>\n<div class=\"std\">\n<p><strong>7 Par\u00e2metros integrados<\/strong><em><strong><\/strong><\/em><\/p>\n<p>\u2013 Batimento Card\u00edaco;<br>\n\u2013 Satura\u00e7\u00e3o de Oxig\u00eanio;<br>\n\u2013 \u00cdndice de Perfus\u00e3o;<br>\n\u2013 Capn\u00f3grafo;<br>\n\u2013 Respira\u00e7\u00e3o;<br>\n\u2013 Curva Pletismogr\u00e1fica;<br>\n\u2013 Curva do Capn\u00f3grafo.<\/p>\n<\/div>\n<p><span style=\"font-size: medium;\"><strong>Aten\u00e7\u00e3o<\/strong><\/span><\/p>\n<p>\u2013 N\u00e3o existem partes internas do equipamento que podem ser reparadas pelo usu\u00e1rio;<br>\n\u2013 A presen\u00e7a de luz ambiente muito forte pode comprometer a opera\u00e7\u00e3o dos sensores;<br>\n\u2013 Corantes introduzidos na corrente sangu\u00ednea, tais como verde de indocaina, azul de metileno, indigo carmim e fluoresce\u00edna, podem afetar a precis\u00e3o de leitura de SpO<span style=\"font-size: x-small;\">2<\/span>;<br>\n\u2013 Nunca mergulhe o equipamento em nenhum tipo de l\u00edquido;<br>\n\u2013 N\u00e3o limpe o cabo e o sensor de capnografia com nenhum tipo de solvente sob hipotese alguma;<br>\n\u2013 Apenas o sensor de capnografia \u00e9 autoclav\u00e1vel.<\/p>\n<p><img decoding=\"async\" style=\"display: block; margin-left: auto; margin-right: auto;\" src=\"..\/..\/Assets\/Descricoes\/oxicapnografo-dl500-site-deltalife.jpg\" alt=\"\" width=\"526\" height=\"372\" loading=\"lazy\"><\/p>\n<\/body>","protected":false},"excerpt":{"rendered":"<p>O Oxicapn\u00f3grafo DL500 da Delta Life faz parte de uma linha de monitores multiparam\u00e9tricos para uso cir\u00fargico. Membro da fam\u00edlia DL1000 de monitores, ele fornece ao paciente o monitoramento preciso dos par\u00e2metros de frequ\u00eancia card\u00edaca, satura\u00e7\u00e3o do oxig\u00eanio local (SpO2), \u00edndice de perfus\u00e3o, n\u00edvel de di\u00f3xido de carbono no ar expirado (EtCO2) e frequ\u00eancia respirat\u00f3ria, [&hellip;]<\/p>\n","protected":false},"featured_media":333,"comment_status":"open","ping_status":"closed","template":"","meta":{"_et_pb_use_builder":"","_et_pb_old_content":"","_et_gb_content_width":""},"product_brand":[],"product_cat":[24],"product_tag":[],"class_list":{"0":"post-332","1":"product","2":"type-product","3":"status-publish","4":"has-post-thumbnail","6":"product_cat-linha-veterinaria","8":"first","9":"instock","10":"taxable","11":"shipping-taxable","12":"purchasable","13":"product-type-simple"},"yoast_head":"<!-- This site is optimized with the Yoast SEO plugin v27.3 - https:\/\/yoast.com\/product\/yoast-seo-wordpress\/ -->\n<title>DL500 - Oxicapn\u00f3grafo - Laser Shop<\/title>\n<meta name=\"robots\" content=\"index, follow, max-snippet:-1, max-image-preview:large, max-video-preview:-1\" \/>\n<link rel=\"canonical\" href=\"https:\/\/www.lasershop.com.br\/?product=dl500-oxicapnografo\" \/>\n<meta property=\"og:locale\" content=\"pt_BR\" \/>\n<meta property=\"og:type\" content=\"article\" \/>\n<meta property=\"og:title\" content=\"DL500 - Oxicapn\u00f3grafo - Laser Shop\" \/>\n<meta property=\"og:description\" content=\"O Oxicapn\u00f3grafo DL500 da Delta Life faz parte de uma linha de monitores multiparam\u00e9tricos para uso cir\u00fargico. Membro da fam\u00edlia DL1000 de monitores, ele fornece ao paciente o monitoramento preciso dos par\u00e2metros de frequ\u00eancia card\u00edaca, satura\u00e7\u00e3o do oxig\u00eanio local (SpO2), \u00edndice de perfus\u00e3o, n\u00edvel de di\u00f3xido de carbono no ar expirado (EtCO2) e frequ\u00eancia respirat\u00f3ria, [&hellip;]\" \/>\n<meta property=\"og:url\" content=\"https:\/\/www.lasershop.com.br\/?product=dl500-oxicapnografo\" \/>\n<meta property=\"og:site_name\" content=\"Laser Shop\" \/>\n<meta property=\"article:publisher\" content=\"https:\/\/facebook.com\/codaxmedica\" \/>\n<meta property=\"og:image\" content=\"https:\/\/lasershop.com.br\/wp-content\/uploads\/2019\/03\/monitor-dl500-oxicapnografo-deltalife.jpg\" \/>\n\t<meta property=\"og:image:width\" content=\"1703\" \/>\n\t<meta property=\"og:image:height\" content=\"1608\" \/>\n\t<meta property=\"og:image:type\" content=\"image\/jpeg\" \/>\n<meta name=\"twitter:card\" content=\"summary_large_image\" \/>\n<meta name=\"twitter:label1\" content=\"Est. tempo de leitura\" \/>\n\t<meta name=\"twitter:data1\" content=\"4 minutos\" \/>\n<script type=\"application\/ld+json\" class=\"yoast-schema-graph\">{\"@context\":\"https:\\\/\\\/schema.org\",\"@graph\":[{\"@type\":\"WebPage\",\"@id\":\"https:\\\/\\\/www.lasershop.com.br\\\/?product=dl500-oxicapnografo\",\"url\":\"https:\\\/\\\/www.lasershop.com.br\\\/?product=dl500-oxicapnografo\",\"name\":\"DL500 - Oxicapn\u00f3grafo - Laser Shop\",\"isPartOf\":{\"@id\":\"https:\\\/\\\/www.lasershop.com.br\\\/#website\"},\"primaryImageOfPage\":{\"@id\":\"https:\\\/\\\/www.lasershop.com.br\\\/?product=dl500-oxicapnografo#primaryimage\"},\"image\":{\"@id\":\"https:\\\/\\\/www.lasershop.com.br\\\/?product=dl500-oxicapnografo#primaryimage\"},\"thumbnailUrl\":\"https:\\\/\\\/lasershop.com.br\\\/wp-content\\\/uploads\\\/2019\\\/03\\\/monitor-dl500-oxicapnografo-deltalife.jpg\",\"datePublished\":\"2019-03-25T14:02:58+00:00\",\"breadcrumb\":{\"@id\":\"https:\\\/\\\/www.lasershop.com.br\\\/?product=dl500-oxicapnografo#breadcrumb\"},\"inLanguage\":\"pt-BR\",\"potentialAction\":[{\"@type\":\"ReadAction\",\"target\":[\"https:\\\/\\\/www.lasershop.com.br\\\/?product=dl500-oxicapnografo\"]}]},{\"@type\":\"ImageObject\",\"inLanguage\":\"pt-BR\",\"@id\":\"https:\\\/\\\/www.lasershop.com.br\\\/?product=dl500-oxicapnografo#primaryimage\",\"url\":\"https:\\\/\\\/lasershop.com.br\\\/wp-content\\\/uploads\\\/2019\\\/03\\\/monitor-dl500-oxicapnografo-deltalife.jpg\",\"contentUrl\":\"https:\\\/\\\/lasershop.com.br\\\/wp-content\\\/uploads\\\/2019\\\/03\\\/monitor-dl500-oxicapnografo-deltalife.jpg\",\"width\":1703,\"height\":1608},{\"@type\":\"BreadcrumbList\",\"@id\":\"https:\\\/\\\/www.lasershop.com.br\\\/?product=dl500-oxicapnografo#breadcrumb\",\"itemListElement\":[{\"@type\":\"ListItem\",\"position\":1,\"name\":\"In\u00edcio\",\"item\":\"https:\\\/\\\/www.lasershop.com.br\\\/\"},{\"@type\":\"ListItem\",\"position\":2,\"name\":\"Home\",\"item\":\"https:\\\/\\\/www.lasershop.com.br\\\/?page_id=22\"},{\"@type\":\"ListItem\",\"position\":3,\"name\":\"DL500 &#8211; Oxicapn\u00f3grafo\"}]},{\"@type\":\"WebSite\",\"@id\":\"https:\\\/\\\/www.lasershop.com.br\\\/#website\",\"url\":\"https:\\\/\\\/www.lasershop.com.br\\\/\",\"name\":\"Laser Shop\",\"description\":\"Aparelhos Eletrom\u00e9dicos pelo melhor pre\u00e7o!\",\"publisher\":{\"@id\":\"https:\\\/\\\/www.lasershop.com.br\\\/#organization\"},\"potentialAction\":[{\"@type\":\"SearchAction\",\"target\":{\"@type\":\"EntryPoint\",\"urlTemplate\":\"https:\\\/\\\/www.lasershop.com.br\\\/?s={search_term_string}\"},\"query-input\":{\"@type\":\"PropertyValueSpecification\",\"valueRequired\":true,\"valueName\":\"search_term_string\"}}],\"inLanguage\":\"pt-BR\"},{\"@type\":\"Organization\",\"@id\":\"https:\\\/\\\/www.lasershop.com.br\\\/#organization\",\"name\":\"Laser Shop\",\"url\":\"https:\\\/\\\/www.lasershop.com.br\\\/\",\"logo\":{\"@type\":\"ImageObject\",\"inLanguage\":\"pt-BR\",\"@id\":\"https:\\\/\\\/www.lasershop.com.br\\\/#\\\/schema\\\/logo\\\/image\\\/\",\"url\":\"https:\\\/\\\/lasershop.com.br\\\/wp-content\\\/uploads\\\/2025\\\/09\\\/LOGO_LASERSHOP-.png\",\"contentUrl\":\"https:\\\/\\\/lasershop.com.br\\\/wp-content\\\/uploads\\\/2025\\\/09\\\/LOGO_LASERSHOP-.png\",\"width\":612,\"height\":408,\"caption\":\"Laser Shop\"},\"image\":{\"@id\":\"https:\\\/\\\/www.lasershop.com.br\\\/#\\\/schema\\\/logo\\\/image\\\/\"},\"sameAs\":[\"https:\\\/\\\/facebook.com\\\/codaxmedica\",\"https:\\\/\\\/instagram.com\\\/codaxmedica\"]}]}<\/script>\n<!-- \/ Yoast SEO plugin. -->","yoast_head_json":{"title":"DL500 - Oxicapn\u00f3grafo - Laser Shop","robots":{"index":"index","follow":"follow","max-snippet":"max-snippet:-1","max-image-preview":"max-image-preview:large","max-video-preview":"max-video-preview:-1"},"canonical":"https:\/\/www.lasershop.com.br\/?product=dl500-oxicapnografo","og_locale":"pt_BR","og_type":"article","og_title":"DL500 - Oxicapn\u00f3grafo - Laser Shop","og_description":"O Oxicapn\u00f3grafo DL500 da Delta Life faz parte de uma linha de monitores multiparam\u00e9tricos para uso cir\u00fargico. Membro da fam\u00edlia DL1000 de monitores, ele fornece ao paciente o monitoramento preciso dos par\u00e2metros de frequ\u00eancia card\u00edaca, satura\u00e7\u00e3o do oxig\u00eanio local (SpO2), \u00edndice de perfus\u00e3o, n\u00edvel de di\u00f3xido de carbono no ar expirado (EtCO2) e frequ\u00eancia respirat\u00f3ria, [&hellip;]","og_url":"https:\/\/www.lasershop.com.br\/?product=dl500-oxicapnografo","og_site_name":"Laser Shop","article_publisher":"https:\/\/facebook.com\/codaxmedica","og_image":[{"width":1703,"height":1608,"url":"https:\/\/lasershop.com.br\/wp-content\/uploads\/2019\/03\/monitor-dl500-oxicapnografo-deltalife.jpg","type":"image\/jpeg"}],"twitter_card":"summary_large_image","twitter_misc":{"Est. tempo de leitura":"4 minutos"},"schema":{"@context":"https:\/\/schema.org","@graph":[{"@type":"WebPage","@id":"https:\/\/www.lasershop.com.br\/?product=dl500-oxicapnografo","url":"https:\/\/www.lasershop.com.br\/?product=dl500-oxicapnografo","name":"DL500 - Oxicapn\u00f3grafo - Laser Shop","isPartOf":{"@id":"https:\/\/www.lasershop.com.br\/#website"},"primaryImageOfPage":{"@id":"https:\/\/www.lasershop.com.br\/?product=dl500-oxicapnografo#primaryimage"},"image":{"@id":"https:\/\/www.lasershop.com.br\/?product=dl500-oxicapnografo#primaryimage"},"thumbnailUrl":"https:\/\/lasershop.com.br\/wp-content\/uploads\/2019\/03\/monitor-dl500-oxicapnografo-deltalife.jpg","datePublished":"2019-03-25T14:02:58+00:00","breadcrumb":{"@id":"https:\/\/www.lasershop.com.br\/?product=dl500-oxicapnografo#breadcrumb"},"inLanguage":"pt-BR","potentialAction":[{"@type":"ReadAction","target":["https:\/\/www.lasershop.com.br\/?product=dl500-oxicapnografo"]}]},{"@type":"ImageObject","inLanguage":"pt-BR","@id":"https:\/\/www.lasershop.com.br\/?product=dl500-oxicapnografo#primaryimage","url":"https:\/\/lasershop.com.br\/wp-content\/uploads\/2019\/03\/monitor-dl500-oxicapnografo-deltalife.jpg","contentUrl":"https:\/\/lasershop.com.br\/wp-content\/uploads\/2019\/03\/monitor-dl500-oxicapnografo-deltalife.jpg","width":1703,"height":1608},{"@type":"BreadcrumbList","@id":"https:\/\/www.lasershop.com.br\/?product=dl500-oxicapnografo#breadcrumb","itemListElement":[{"@type":"ListItem","position":1,"name":"In\u00edcio","item":"https:\/\/www.lasershop.com.br\/"},{"@type":"ListItem","position":2,"name":"Home","item":"https:\/\/www.lasershop.com.br\/?page_id=22"},{"@type":"ListItem","position":3,"name":"DL500 &#8211; Oxicapn\u00f3grafo"}]},{"@type":"WebSite","@id":"https:\/\/www.lasershop.com.br\/#website","url":"https:\/\/www.lasershop.com.br\/","name":"Laser Shop","description":"Aparelhos Eletrom\u00e9dicos pelo melhor pre\u00e7o!","publisher":{"@id":"https:\/\/www.lasershop.com.br\/#organization"},"potentialAction":[{"@type":"SearchAction","target":{"@type":"EntryPoint","urlTemplate":"https:\/\/www.lasershop.com.br\/?s={search_term_string}"},"query-input":{"@type":"PropertyValueSpecification","valueRequired":true,"valueName":"search_term_string"}}],"inLanguage":"pt-BR"},{"@type":"Organization","@id":"https:\/\/www.lasershop.com.br\/#organization","name":"Laser Shop","url":"https:\/\/www.lasershop.com.br\/","logo":{"@type":"ImageObject","inLanguage":"pt-BR","@id":"https:\/\/www.lasershop.com.br\/#\/schema\/logo\/image\/","url":"https:\/\/lasershop.com.br\/wp-content\/uploads\/2025\/09\/LOGO_LASERSHOP-.png","contentUrl":"https:\/\/lasershop.com.br\/wp-content\/uploads\/2025\/09\/LOGO_LASERSHOP-.png","width":612,"height":408,"caption":"Laser Shop"},"image":{"@id":"https:\/\/www.lasershop.com.br\/#\/schema\/logo\/image\/"},"sameAs":["https:\/\/facebook.com\/codaxmedica","https:\/\/instagram.com\/codaxmedica"]}]}},"_links":{"self":[{"href":"https:\/\/www.lasershop.com.br\/index.php?rest_route=\/wp\/v2\/product\/332","targetHints":{"allow":["GET"]}}],"collection":[{"href":"https:\/\/www.lasershop.com.br\/index.php?rest_route=\/wp\/v2\/product"}],"about":[{"href":"https:\/\/www.lasershop.com.br\/index.php?rest_route=\/wp\/v2\/types\/product"}],"replies":[{"embeddable":true,"href":"https:\/\/www.lasershop.com.br\/index.php?rest_route=%2Fwp%2Fv2%2Fcomments&post=332"}],"wp:featuredmedia":[{"embeddable":true,"href":"https:\/\/www.lasershop.com.br\/index.php?rest_route=\/wp\/v2\/media\/333"}],"wp:attachment":[{"href":"https:\/\/www.lasershop.com.br\/index.php?rest_route=%2Fwp%2Fv2%2Fmedia&parent=332"}],"wp:term":[{"taxonomy":"product_brand","embeddable":true,"href":"https:\/\/www.lasershop.com.br\/index.php?rest_route=%2Fwp%2Fv2%2Fproduct_brand&post=332"},{"taxonomy":"product_cat","embeddable":true,"href":"https:\/\/www.lasershop.com.br\/index.php?rest_route=%2Fwp%2Fv2%2Fproduct_cat&post=332"},{"taxonomy":"product_tag","embeddable":true,"href":"https:\/\/www.lasershop.com.br\/index.php?rest_route=%2Fwp%2Fv2%2Fproduct_tag&post=332"}],"curies":[{"name":"wp","href":"https:\/\/api.w.org\/{rel}","templated":true}]}}