{"id":346,"date":"2019-03-25T14:26:24","date_gmt":"2019-03-25T14:26:24","guid":{"rendered":"https:\/\/lasershop.com.br\/?post_type=product&#038;p=346"},"modified":"2019-03-25T14:26:25","modified_gmt":"2019-03-25T14:26:25","slug":"dl700-aparelho-de-anestesia-com-pedestal-sem-ventilacao","status":"publish","type":"product","link":"https:\/\/www.lasershop.com.br\/?product=dl700-aparelho-de-anestesia-com-pedestal-sem-ventilacao","title":{"rendered":"DL700 &#8211; Aparelho de anestesia com pedestal sem ventila\u00e7\u00e3o"},"content":{"rendered":"<body><p class=\"Default\" style=\"text-align: justify;\"><span style=\"font-family: verdana,geneva,sans-serif; font-size: 10pt;\">O Sistema de Anestesia \u2013 DL700 \u00e9 um equipamento de uso veterin\u00e1rio que tem por objetivo administrar agentes anest\u00e9sicos vol\u00e1teis ao paciente de forma precisa e controlada.<\/span><\/p>\n<p class=\"Default\" style=\"text-align: justify;\"><span style=\"font-family: verdana,geneva,sans-serif; font-size: 10pt;\"><br>\nEsse modelo de sistema de anestesia conta com duas partes principais de funcionamento para que o paciente seja assistido da melhor forma. S\u00e3o elas:<\/span><\/p>\n<p class=\"Default\" style=\"text-align: justify;\"><span style=\"font-family: verdana,geneva,sans-serif; font-size: 10pt;\"><br>\n<strong>\u2013 Se\u00e7\u00e3o de fluxo cont\u00ednuo<\/strong>: respons\u00e1vel pela mistura dos gases e anest\u00e9sicos fornecendo um fluxo cont\u00ednuo ao paciente. Composta pelo <em>Bloco de Rot\u00e2metro <\/em>e pelo <em>Vaporizador.<\/em><\/span><\/p>\n<p>\u2013 <strong>Sistema respirat\u00f3rio<\/strong>: leva o fluxo cont\u00ednuo de gases ao paciente, permite a reinala\u00e7\u00e3o dos gases a partir da filtragem do g\u00e1s carb\u00f4nico do ar expirado.<\/p>\n<p><\/p>\n<p><span style=\"font-size: 10pt; font-family: verdana,geneva,sans-serif;\"><strong>Especifica\u00e7\u00f5es T\u00e9cnicas<br>\n<\/strong><\/span><\/p>\n<p><span style=\"font-size: 10pt; font-family: verdana,geneva,sans-serif;\"><strong>\u00a0<\/strong><strong style=\"text-align: justify;\">Vaporizador \u2013 <\/strong><span style=\"text-align: justify;\">O vaporizador \u00e9 respons\u00e1vel pela mistura gasosa entre os gases fornecidos ao sistema de anestesia e o agente anest\u00e9sico vol\u00e1til que ser\u00e1 utilizado. O vaporizador recebe o oxig\u00eanio do bloco de rot\u00e2metro e acrescenta a essa mistura uma porcentagem especificada de vapor de anest\u00e9sico.<\/span><\/span><\/p>\n<p class=\"Default\" style=\"text-align: justify;\"><span style=\"font-family: verdana,geneva,sans-serif; font-size: 10pt;\"><strong>Alimenta\u00e7\u00e3o de Gases \u2013 <\/strong>A alimenta\u00e7\u00e3o de oxig\u00eanio \u00e9 feita pela traseira do equipamento conectando a extens\u00e3o a uma fonte de oxig\u00eanio que pode ser um cilindro ou da rede canalizada.<\/span><\/p>\n<p class=\"Default\" style=\"text-align: justify;\"><span style=\"font-size: 10pt; font-family: verdana,geneva,sans-serif;\">\u00a0<\/span><\/p>\n<p class=\"Default\" style=\"text-align: justify;\"><span style=\"font-family: 'trebuchet ms',geneva; font-size: 12pt;\"><span style=\"font-family: verdana,geneva,sans-serif; font-size: 10pt;\"><strong>Sec\u00e7\u00e3o de Fluxo Cont\u00ednuo \u2013<\/strong>\u00a0A se\u00e7\u00e3o de fluxo cont\u00ednuo do\u00a0<em>Sistema de Anestesia \u2013 DL700\u00a0<\/em>\u00e9 respons\u00e1vel por realizar a mistura entre os gases que alimentam o aparelho de anestesia e o vapor do agente anest\u00e9sico vol\u00e1til, de forma controlada e segura, fornecendo um fluxo cont\u00ednuo que \u00e9 enviado ao paciente atrav\u00e9s do sistema respirat\u00f3rio do equipamento.\u00a0<\/span><\/span><span style=\"font-family: 'trebuchet ms',geneva; font-size: 14pt;\"><br>\n<\/span><\/p>\n<div class=\"product-shop\">\n<div class=\"short-description\">\n<h2><span style=\"font-size: 12pt;\">Resumo<br>\n<span style=\"font-size: 10pt;\">\u2013 Rela\u00e7\u00e3o Inspira\u00e7\u00e3o Expira\u00e7\u00e3o.<\/span><\/span><br>\n<span style=\"font-size: 10pt;\">\u2013 Vaporizador \u00c2mbar,\u00a0 ajustes para diferentes tipos de anest\u00e9sicos.<\/span><\/h2>\n<ul><\/ul>\n<\/div>\n<\/div>\n<div class=\"clearer\"><\/div>\n<p class=\"Default\" style=\"text-align: justify;\"><span style=\"font-family: 'trebuchet ms',geneva; font-size: 12pt;\">\u00a0<\/span><\/p>\n<\/body>","protected":false},"excerpt":{"rendered":"<p>O Sistema de Anestesia \u2013 DL700 \u00e9 um equipamento de uso veterin\u00e1rio que tem por objetivo administrar agentes anest\u00e9sicos vol\u00e1teis ao paciente de forma precisa e controlada. Esse modelo de sistema de anestesia conta com duas partes principais de funcionamento para que o paciente seja assistido da melhor forma. S\u00e3o elas: \u2013 Se\u00e7\u00e3o de fluxo [&hellip;]<\/p>\n","protected":false},"featured_media":347,"comment_status":"open","ping_status":"closed","template":"","meta":{"_et_pb_use_builder":"","_et_pb_old_content":"","_et_gb_content_width":""},"product_brand":[],"product_cat":[24],"product_tag":[],"class_list":{"0":"post-346","1":"product","2":"type-product","3":"status-publish","4":"has-post-thumbnail","6":"product_cat-linha-veterinaria","8":"first","9":"instock","10":"taxable","11":"shipping-taxable","12":"purchasable","13":"product-type-simple"},"yoast_head":"<!-- This site is optimized with the Yoast SEO plugin v27.3 - https:\/\/yoast.com\/product\/yoast-seo-wordpress\/ -->\n<title>DL700 - Aparelho de anestesia com pedestal sem ventila\u00e7\u00e3o - Laser Shop<\/title>\n<meta name=\"robots\" content=\"index, follow, max-snippet:-1, max-image-preview:large, max-video-preview:-1\" \/>\n<link rel=\"canonical\" href=\"https:\/\/www.lasershop.com.br\/?product=dl700-aparelho-de-anestesia-com-pedestal-sem-ventilacao\" \/>\n<meta property=\"og:locale\" content=\"pt_BR\" \/>\n<meta property=\"og:type\" content=\"article\" \/>\n<meta property=\"og:title\" content=\"DL700 - Aparelho de anestesia com pedestal sem ventila\u00e7\u00e3o - Laser Shop\" \/>\n<meta property=\"og:description\" content=\"O Sistema de Anestesia \u2013 DL700 \u00e9 um equipamento de uso veterin\u00e1rio que tem por objetivo administrar agentes anest\u00e9sicos vol\u00e1teis ao paciente de forma precisa e controlada. Esse modelo de sistema de anestesia conta com duas partes principais de funcionamento para que o paciente seja assistido da melhor forma. S\u00e3o elas: \u2013 Se\u00e7\u00e3o de fluxo [&hellip;]\" \/>\n<meta property=\"og:url\" content=\"https:\/\/www.lasershop.com.br\/?product=dl700-aparelho-de-anestesia-com-pedestal-sem-ventilacao\" \/>\n<meta property=\"og:site_name\" content=\"Laser Shop\" \/>\n<meta property=\"article:publisher\" content=\"https:\/\/facebook.com\/codaxmedica\" \/>\n<meta property=\"article:modified_time\" content=\"2019-03-25T14:26:25+00:00\" \/>\n<meta property=\"og:image\" content=\"https:\/\/lasershop.com.br\/wp-content\/uploads\/2019\/03\/2.png\" \/>\n\t<meta property=\"og:image:width\" content=\"639\" \/>\n\t<meta property=\"og:image:height\" content=\"638\" \/>\n\t<meta property=\"og:image:type\" content=\"image\/png\" \/>\n<meta name=\"twitter:card\" content=\"summary_large_image\" \/>\n<meta name=\"twitter:label1\" content=\"Est. tempo de leitura\" \/>\n\t<meta name=\"twitter:data1\" content=\"1 minuto\" \/>\n<script type=\"application\/ld+json\" class=\"yoast-schema-graph\">{\"@context\":\"https:\\\/\\\/schema.org\",\"@graph\":[{\"@type\":\"WebPage\",\"@id\":\"https:\\\/\\\/www.lasershop.com.br\\\/?product=dl700-aparelho-de-anestesia-com-pedestal-sem-ventilacao\",\"url\":\"https:\\\/\\\/www.lasershop.com.br\\\/?product=dl700-aparelho-de-anestesia-com-pedestal-sem-ventilacao\",\"name\":\"DL700 - Aparelho de anestesia com pedestal sem ventila\u00e7\u00e3o - Laser Shop\",\"isPartOf\":{\"@id\":\"https:\\\/\\\/www.lasershop.com.br\\\/#website\"},\"primaryImageOfPage\":{\"@id\":\"https:\\\/\\\/www.lasershop.com.br\\\/?product=dl700-aparelho-de-anestesia-com-pedestal-sem-ventilacao#primaryimage\"},\"image\":{\"@id\":\"https:\\\/\\\/www.lasershop.com.br\\\/?product=dl700-aparelho-de-anestesia-com-pedestal-sem-ventilacao#primaryimage\"},\"thumbnailUrl\":\"https:\\\/\\\/lasershop.com.br\\\/wp-content\\\/uploads\\\/2019\\\/03\\\/2.png\",\"datePublished\":\"2019-03-25T14:26:24+00:00\",\"dateModified\":\"2019-03-25T14:26:25+00:00\",\"breadcrumb\":{\"@id\":\"https:\\\/\\\/www.lasershop.com.br\\\/?product=dl700-aparelho-de-anestesia-com-pedestal-sem-ventilacao#breadcrumb\"},\"inLanguage\":\"pt-BR\",\"potentialAction\":[{\"@type\":\"ReadAction\",\"target\":[\"https:\\\/\\\/www.lasershop.com.br\\\/?product=dl700-aparelho-de-anestesia-com-pedestal-sem-ventilacao\"]}]},{\"@type\":\"ImageObject\",\"inLanguage\":\"pt-BR\",\"@id\":\"https:\\\/\\\/www.lasershop.com.br\\\/?product=dl700-aparelho-de-anestesia-com-pedestal-sem-ventilacao#primaryimage\",\"url\":\"https:\\\/\\\/lasershop.com.br\\\/wp-content\\\/uploads\\\/2019\\\/03\\\/2.png\",\"contentUrl\":\"https:\\\/\\\/lasershop.com.br\\\/wp-content\\\/uploads\\\/2019\\\/03\\\/2.png\",\"width\":639,\"height\":638},{\"@type\":\"BreadcrumbList\",\"@id\":\"https:\\\/\\\/www.lasershop.com.br\\\/?product=dl700-aparelho-de-anestesia-com-pedestal-sem-ventilacao#breadcrumb\",\"itemListElement\":[{\"@type\":\"ListItem\",\"position\":1,\"name\":\"In\u00edcio\",\"item\":\"https:\\\/\\\/www.lasershop.com.br\\\/\"},{\"@type\":\"ListItem\",\"position\":2,\"name\":\"Home\",\"item\":\"https:\\\/\\\/www.lasershop.com.br\\\/?page_id=22\"},{\"@type\":\"ListItem\",\"position\":3,\"name\":\"DL700 &#8211; Aparelho de anestesia com pedestal sem ventila\u00e7\u00e3o\"}]},{\"@type\":\"WebSite\",\"@id\":\"https:\\\/\\\/www.lasershop.com.br\\\/#website\",\"url\":\"https:\\\/\\\/www.lasershop.com.br\\\/\",\"name\":\"Laser Shop\",\"description\":\"Aparelhos Eletrom\u00e9dicos pelo melhor pre\u00e7o!\",\"publisher\":{\"@id\":\"https:\\\/\\\/www.lasershop.com.br\\\/#organization\"},\"potentialAction\":[{\"@type\":\"SearchAction\",\"target\":{\"@type\":\"EntryPoint\",\"urlTemplate\":\"https:\\\/\\\/www.lasershop.com.br\\\/?s={search_term_string}\"},\"query-input\":{\"@type\":\"PropertyValueSpecification\",\"valueRequired\":true,\"valueName\":\"search_term_string\"}}],\"inLanguage\":\"pt-BR\"},{\"@type\":\"Organization\",\"@id\":\"https:\\\/\\\/www.lasershop.com.br\\\/#organization\",\"name\":\"Laser Shop\",\"url\":\"https:\\\/\\\/www.lasershop.com.br\\\/\",\"logo\":{\"@type\":\"ImageObject\",\"inLanguage\":\"pt-BR\",\"@id\":\"https:\\\/\\\/www.lasershop.com.br\\\/#\\\/schema\\\/logo\\\/image\\\/\",\"url\":\"https:\\\/\\\/lasershop.com.br\\\/wp-content\\\/uploads\\\/2025\\\/09\\\/LOGO_LASERSHOP-.png\",\"contentUrl\":\"https:\\\/\\\/lasershop.com.br\\\/wp-content\\\/uploads\\\/2025\\\/09\\\/LOGO_LASERSHOP-.png\",\"width\":612,\"height\":408,\"caption\":\"Laser Shop\"},\"image\":{\"@id\":\"https:\\\/\\\/www.lasershop.com.br\\\/#\\\/schema\\\/logo\\\/image\\\/\"},\"sameAs\":[\"https:\\\/\\\/facebook.com\\\/codaxmedica\",\"https:\\\/\\\/instagram.com\\\/codaxmedica\"]}]}<\/script>\n<!-- \/ Yoast SEO plugin. -->","yoast_head_json":{"title":"DL700 - Aparelho de anestesia com pedestal sem ventila\u00e7\u00e3o - Laser Shop","robots":{"index":"index","follow":"follow","max-snippet":"max-snippet:-1","max-image-preview":"max-image-preview:large","max-video-preview":"max-video-preview:-1"},"canonical":"https:\/\/www.lasershop.com.br\/?product=dl700-aparelho-de-anestesia-com-pedestal-sem-ventilacao","og_locale":"pt_BR","og_type":"article","og_title":"DL700 - Aparelho de anestesia com pedestal sem ventila\u00e7\u00e3o - Laser Shop","og_description":"O Sistema de Anestesia \u2013 DL700 \u00e9 um equipamento de uso veterin\u00e1rio que tem por objetivo administrar agentes anest\u00e9sicos vol\u00e1teis ao paciente de forma precisa e controlada. Esse modelo de sistema de anestesia conta com duas partes principais de funcionamento para que o paciente seja assistido da melhor forma. S\u00e3o elas: \u2013 Se\u00e7\u00e3o de fluxo [&hellip;]","og_url":"https:\/\/www.lasershop.com.br\/?product=dl700-aparelho-de-anestesia-com-pedestal-sem-ventilacao","og_site_name":"Laser Shop","article_publisher":"https:\/\/facebook.com\/codaxmedica","article_modified_time":"2019-03-25T14:26:25+00:00","og_image":[{"width":639,"height":638,"url":"https:\/\/lasershop.com.br\/wp-content\/uploads\/2019\/03\/2.png","type":"image\/png"}],"twitter_card":"summary_large_image","twitter_misc":{"Est. tempo de leitura":"1 minuto"},"schema":{"@context":"https:\/\/schema.org","@graph":[{"@type":"WebPage","@id":"https:\/\/www.lasershop.com.br\/?product=dl700-aparelho-de-anestesia-com-pedestal-sem-ventilacao","url":"https:\/\/www.lasershop.com.br\/?product=dl700-aparelho-de-anestesia-com-pedestal-sem-ventilacao","name":"DL700 - Aparelho de anestesia com pedestal sem ventila\u00e7\u00e3o - Laser Shop","isPartOf":{"@id":"https:\/\/www.lasershop.com.br\/#website"},"primaryImageOfPage":{"@id":"https:\/\/www.lasershop.com.br\/?product=dl700-aparelho-de-anestesia-com-pedestal-sem-ventilacao#primaryimage"},"image":{"@id":"https:\/\/www.lasershop.com.br\/?product=dl700-aparelho-de-anestesia-com-pedestal-sem-ventilacao#primaryimage"},"thumbnailUrl":"https:\/\/lasershop.com.br\/wp-content\/uploads\/2019\/03\/2.png","datePublished":"2019-03-25T14:26:24+00:00","dateModified":"2019-03-25T14:26:25+00:00","breadcrumb":{"@id":"https:\/\/www.lasershop.com.br\/?product=dl700-aparelho-de-anestesia-com-pedestal-sem-ventilacao#breadcrumb"},"inLanguage":"pt-BR","potentialAction":[{"@type":"ReadAction","target":["https:\/\/www.lasershop.com.br\/?product=dl700-aparelho-de-anestesia-com-pedestal-sem-ventilacao"]}]},{"@type":"ImageObject","inLanguage":"pt-BR","@id":"https:\/\/www.lasershop.com.br\/?product=dl700-aparelho-de-anestesia-com-pedestal-sem-ventilacao#primaryimage","url":"https:\/\/lasershop.com.br\/wp-content\/uploads\/2019\/03\/2.png","contentUrl":"https:\/\/lasershop.com.br\/wp-content\/uploads\/2019\/03\/2.png","width":639,"height":638},{"@type":"BreadcrumbList","@id":"https:\/\/www.lasershop.com.br\/?product=dl700-aparelho-de-anestesia-com-pedestal-sem-ventilacao#breadcrumb","itemListElement":[{"@type":"ListItem","position":1,"name":"In\u00edcio","item":"https:\/\/www.lasershop.com.br\/"},{"@type":"ListItem","position":2,"name":"Home","item":"https:\/\/www.lasershop.com.br\/?page_id=22"},{"@type":"ListItem","position":3,"name":"DL700 &#8211; Aparelho de anestesia com pedestal sem ventila\u00e7\u00e3o"}]},{"@type":"WebSite","@id":"https:\/\/www.lasershop.com.br\/#website","url":"https:\/\/www.lasershop.com.br\/","name":"Laser Shop","description":"Aparelhos Eletrom\u00e9dicos pelo melhor pre\u00e7o!","publisher":{"@id":"https:\/\/www.lasershop.com.br\/#organization"},"potentialAction":[{"@type":"SearchAction","target":{"@type":"EntryPoint","urlTemplate":"https:\/\/www.lasershop.com.br\/?s={search_term_string}"},"query-input":{"@type":"PropertyValueSpecification","valueRequired":true,"valueName":"search_term_string"}}],"inLanguage":"pt-BR"},{"@type":"Organization","@id":"https:\/\/www.lasershop.com.br\/#organization","name":"Laser Shop","url":"https:\/\/www.lasershop.com.br\/","logo":{"@type":"ImageObject","inLanguage":"pt-BR","@id":"https:\/\/www.lasershop.com.br\/#\/schema\/logo\/image\/","url":"https:\/\/lasershop.com.br\/wp-content\/uploads\/2025\/09\/LOGO_LASERSHOP-.png","contentUrl":"https:\/\/lasershop.com.br\/wp-content\/uploads\/2025\/09\/LOGO_LASERSHOP-.png","width":612,"height":408,"caption":"Laser Shop"},"image":{"@id":"https:\/\/www.lasershop.com.br\/#\/schema\/logo\/image\/"},"sameAs":["https:\/\/facebook.com\/codaxmedica","https:\/\/instagram.com\/codaxmedica"]}]}},"_links":{"self":[{"href":"https:\/\/www.lasershop.com.br\/index.php?rest_route=\/wp\/v2\/product\/346","targetHints":{"allow":["GET"]}}],"collection":[{"href":"https:\/\/www.lasershop.com.br\/index.php?rest_route=\/wp\/v2\/product"}],"about":[{"href":"https:\/\/www.lasershop.com.br\/index.php?rest_route=\/wp\/v2\/types\/product"}],"replies":[{"embeddable":true,"href":"https:\/\/www.lasershop.com.br\/index.php?rest_route=%2Fwp%2Fv2%2Fcomments&post=346"}],"wp:featuredmedia":[{"embeddable":true,"href":"https:\/\/www.lasershop.com.br\/index.php?rest_route=\/wp\/v2\/media\/347"}],"wp:attachment":[{"href":"https:\/\/www.lasershop.com.br\/index.php?rest_route=%2Fwp%2Fv2%2Fmedia&parent=346"}],"wp:term":[{"taxonomy":"product_brand","embeddable":true,"href":"https:\/\/www.lasershop.com.br\/index.php?rest_route=%2Fwp%2Fv2%2Fproduct_brand&post=346"},{"taxonomy":"product_cat","embeddable":true,"href":"https:\/\/www.lasershop.com.br\/index.php?rest_route=%2Fwp%2Fv2%2Fproduct_cat&post=346"},{"taxonomy":"product_tag","embeddable":true,"href":"https:\/\/www.lasershop.com.br\/index.php?rest_route=%2Fwp%2Fv2%2Fproduct_tag&post=346"}],"curies":[{"name":"wp","href":"https:\/\/api.w.org\/{rel}","templated":true}]}}