{"id":369,"date":"2019-03-25T14:55:37","date_gmt":"2019-03-25T14:55:37","guid":{"rendered":"https:\/\/lasershop.com.br\/?post_type=product&#038;p=369"},"modified":"2019-03-25T14:55:38","modified_gmt":"2019-03-25T14:55:38","slug":"dl770-kit-silicone-para-anestesia-inalatoria","status":"publish","type":"product","link":"https:\/\/www.lasershop.com.br\/?product=dl770-kit-silicone-para-anestesia-inalatoria","title":{"rendered":"DL770 &#8211; Kit Silicone para Anestesia Inalat\u00f3ria"},"content":{"rendered":"<body><p><span style=\"font-size: 12pt;\"><em><strong>Kit Silicone para Anestesia Inalat\u00f3ria<br>\n<\/strong><\/em><\/span><\/p>\n<p>O kit de mangueiras de silicone, \u00e9 recomendado para utiliza\u00e7\u00e3o em Aparelhos de Anestesia Inalat\u00f3ria.<\/p>\n<p><em><strong>Acompanha:<\/strong><\/em><\/p>\n<p>\u2013 2 mangueiras de silicone de 120cm;<br>\n\u2013 1 mangueira de silicone de 80cm;<br>\n\u2013 1 bal\u00e3o de silicone.<\/p>\n<\/body>","protected":false},"excerpt":{"rendered":"<p>Kit Silicone para Anestesia Inalat\u00f3ria O kit de mangueiras de silicone, \u00e9 recomendado para utiliza\u00e7\u00e3o em Aparelhos de Anestesia Inalat\u00f3ria. Acompanha: \u2013 2 mangueiras de silicone de 120cm; \u2013 1 mangueira de silicone de 80cm; \u2013 1 bal\u00e3o de silicone.<\/p>\n","protected":false},"featured_media":370,"comment_status":"open","ping_status":"closed","template":"","meta":{"_et_pb_use_builder":"","_et_pb_old_content":"","_et_gb_content_width":""},"product_brand":[],"product_cat":[24],"product_tag":[],"class_list":{"0":"post-369","1":"product","2":"type-product","3":"status-publish","4":"has-post-thumbnail","6":"product_cat-linha-veterinaria","8":"first","9":"instock","10":"taxable","11":"shipping-taxable","12":"purchasable","13":"product-type-simple"},"yoast_head":"<!-- This site is optimized with the Yoast SEO plugin v27.3 - https:\/\/yoast.com\/product\/yoast-seo-wordpress\/ -->\n<title>DL770 - Kit Silicone para Anestesia Inalat\u00f3ria - Laser Shop<\/title>\n<meta name=\"robots\" content=\"index, follow, max-snippet:-1, max-image-preview:large, max-video-preview:-1\" \/>\n<link rel=\"canonical\" href=\"https:\/\/www.lasershop.com.br\/?product=dl770-kit-silicone-para-anestesia-inalatoria\" \/>\n<meta property=\"og:locale\" content=\"pt_BR\" \/>\n<meta property=\"og:type\" content=\"article\" \/>\n<meta property=\"og:title\" content=\"DL770 - Kit Silicone para Anestesia Inalat\u00f3ria - Laser Shop\" \/>\n<meta property=\"og:description\" content=\"Kit Silicone para Anestesia Inalat\u00f3ria O kit de mangueiras de silicone, \u00e9 recomendado para utiliza\u00e7\u00e3o em Aparelhos de Anestesia Inalat\u00f3ria. Acompanha: \u2013 2 mangueiras de silicone de 120cm; \u2013 1 mangueira de silicone de 80cm; \u2013 1 bal\u00e3o de silicone.\" \/>\n<meta property=\"og:url\" content=\"https:\/\/www.lasershop.com.br\/?product=dl770-kit-silicone-para-anestesia-inalatoria\" \/>\n<meta property=\"og:site_name\" content=\"Laser Shop\" \/>\n<meta property=\"article:publisher\" content=\"https:\/\/facebook.com\/codaxmedica\" \/>\n<meta property=\"article:modified_time\" content=\"2019-03-25T14:55:38+00:00\" \/>\n<meta property=\"og:image\" content=\"https:\/\/lasershop.com.br\/wp-content\/uploads\/2019\/03\/balao-silicone.png\" \/>\n\t<meta property=\"og:image:width\" content=\"600\" \/>\n\t<meta property=\"og:image:height\" content=\"1448\" \/>\n\t<meta property=\"og:image:type\" content=\"image\/png\" \/>\n<meta name=\"twitter:card\" content=\"summary_large_image\" \/>\n<script type=\"application\/ld+json\" class=\"yoast-schema-graph\">{\"@context\":\"https:\\\/\\\/schema.org\",\"@graph\":[{\"@type\":\"WebPage\",\"@id\":\"https:\\\/\\\/www.lasershop.com.br\\\/?product=dl770-kit-silicone-para-anestesia-inalatoria\",\"url\":\"https:\\\/\\\/www.lasershop.com.br\\\/?product=dl770-kit-silicone-para-anestesia-inalatoria\",\"name\":\"DL770 - Kit Silicone para Anestesia Inalat\u00f3ria - Laser Shop\",\"isPartOf\":{\"@id\":\"https:\\\/\\\/www.lasershop.com.br\\\/#website\"},\"primaryImageOfPage\":{\"@id\":\"https:\\\/\\\/www.lasershop.com.br\\\/?product=dl770-kit-silicone-para-anestesia-inalatoria#primaryimage\"},\"image\":{\"@id\":\"https:\\\/\\\/www.lasershop.com.br\\\/?product=dl770-kit-silicone-para-anestesia-inalatoria#primaryimage\"},\"thumbnailUrl\":\"https:\\\/\\\/lasershop.com.br\\\/wp-content\\\/uploads\\\/2019\\\/03\\\/balao-silicone.png\",\"datePublished\":\"2019-03-25T14:55:37+00:00\",\"dateModified\":\"2019-03-25T14:55:38+00:00\",\"breadcrumb\":{\"@id\":\"https:\\\/\\\/www.lasershop.com.br\\\/?product=dl770-kit-silicone-para-anestesia-inalatoria#breadcrumb\"},\"inLanguage\":\"pt-BR\",\"potentialAction\":[{\"@type\":\"ReadAction\",\"target\":[\"https:\\\/\\\/www.lasershop.com.br\\\/?product=dl770-kit-silicone-para-anestesia-inalatoria\"]}]},{\"@type\":\"ImageObject\",\"inLanguage\":\"pt-BR\",\"@id\":\"https:\\\/\\\/www.lasershop.com.br\\\/?product=dl770-kit-silicone-para-anestesia-inalatoria#primaryimage\",\"url\":\"https:\\\/\\\/lasershop.com.br\\\/wp-content\\\/uploads\\\/2019\\\/03\\\/balao-silicone.png\",\"contentUrl\":\"https:\\\/\\\/lasershop.com.br\\\/wp-content\\\/uploads\\\/2019\\\/03\\\/balao-silicone.png\",\"width\":600,\"height\":1448},{\"@type\":\"BreadcrumbList\",\"@id\":\"https:\\\/\\\/www.lasershop.com.br\\\/?product=dl770-kit-silicone-para-anestesia-inalatoria#breadcrumb\",\"itemListElement\":[{\"@type\":\"ListItem\",\"position\":1,\"name\":\"In\u00edcio\",\"item\":\"https:\\\/\\\/www.lasershop.com.br\\\/\"},{\"@type\":\"ListItem\",\"position\":2,\"name\":\"Home\",\"item\":\"https:\\\/\\\/www.lasershop.com.br\\\/?page_id=22\"},{\"@type\":\"ListItem\",\"position\":3,\"name\":\"DL770 &#8211; Kit Silicone para Anestesia Inalat\u00f3ria\"}]},{\"@type\":\"WebSite\",\"@id\":\"https:\\\/\\\/www.lasershop.com.br\\\/#website\",\"url\":\"https:\\\/\\\/www.lasershop.com.br\\\/\",\"name\":\"Laser Shop\",\"description\":\"Aparelhos Eletrom\u00e9dicos pelo melhor pre\u00e7o!\",\"publisher\":{\"@id\":\"https:\\\/\\\/www.lasershop.com.br\\\/#organization\"},\"potentialAction\":[{\"@type\":\"SearchAction\",\"target\":{\"@type\":\"EntryPoint\",\"urlTemplate\":\"https:\\\/\\\/www.lasershop.com.br\\\/?s={search_term_string}\"},\"query-input\":{\"@type\":\"PropertyValueSpecification\",\"valueRequired\":true,\"valueName\":\"search_term_string\"}}],\"inLanguage\":\"pt-BR\"},{\"@type\":\"Organization\",\"@id\":\"https:\\\/\\\/www.lasershop.com.br\\\/#organization\",\"name\":\"Laser Shop\",\"url\":\"https:\\\/\\\/www.lasershop.com.br\\\/\",\"logo\":{\"@type\":\"ImageObject\",\"inLanguage\":\"pt-BR\",\"@id\":\"https:\\\/\\\/www.lasershop.com.br\\\/#\\\/schema\\\/logo\\\/image\\\/\",\"url\":\"https:\\\/\\\/lasershop.com.br\\\/wp-content\\\/uploads\\\/2025\\\/09\\\/LOGO_LASERSHOP-.png\",\"contentUrl\":\"https:\\\/\\\/lasershop.com.br\\\/wp-content\\\/uploads\\\/2025\\\/09\\\/LOGO_LASERSHOP-.png\",\"width\":612,\"height\":408,\"caption\":\"Laser Shop\"},\"image\":{\"@id\":\"https:\\\/\\\/www.lasershop.com.br\\\/#\\\/schema\\\/logo\\\/image\\\/\"},\"sameAs\":[\"https:\\\/\\\/facebook.com\\\/codaxmedica\",\"https:\\\/\\\/instagram.com\\\/codaxmedica\"]}]}<\/script>\n<!-- \/ Yoast SEO plugin. -->","yoast_head_json":{"title":"DL770 - Kit Silicone para Anestesia Inalat\u00f3ria - Laser Shop","robots":{"index":"index","follow":"follow","max-snippet":"max-snippet:-1","max-image-preview":"max-image-preview:large","max-video-preview":"max-video-preview:-1"},"canonical":"https:\/\/www.lasershop.com.br\/?product=dl770-kit-silicone-para-anestesia-inalatoria","og_locale":"pt_BR","og_type":"article","og_title":"DL770 - Kit Silicone para Anestesia Inalat\u00f3ria - Laser Shop","og_description":"Kit Silicone para Anestesia Inalat\u00f3ria O kit de mangueiras de silicone, \u00e9 recomendado para utiliza\u00e7\u00e3o em Aparelhos de Anestesia Inalat\u00f3ria. Acompanha: \u2013 2 mangueiras de silicone de 120cm; \u2013 1 mangueira de silicone de 80cm; \u2013 1 bal\u00e3o de silicone.","og_url":"https:\/\/www.lasershop.com.br\/?product=dl770-kit-silicone-para-anestesia-inalatoria","og_site_name":"Laser Shop","article_publisher":"https:\/\/facebook.com\/codaxmedica","article_modified_time":"2019-03-25T14:55:38+00:00","og_image":[{"width":600,"height":1448,"url":"https:\/\/lasershop.com.br\/wp-content\/uploads\/2019\/03\/balao-silicone.png","type":"image\/png"}],"twitter_card":"summary_large_image","schema":{"@context":"https:\/\/schema.org","@graph":[{"@type":"WebPage","@id":"https:\/\/www.lasershop.com.br\/?product=dl770-kit-silicone-para-anestesia-inalatoria","url":"https:\/\/www.lasershop.com.br\/?product=dl770-kit-silicone-para-anestesia-inalatoria","name":"DL770 - Kit Silicone para Anestesia Inalat\u00f3ria - Laser Shop","isPartOf":{"@id":"https:\/\/www.lasershop.com.br\/#website"},"primaryImageOfPage":{"@id":"https:\/\/www.lasershop.com.br\/?product=dl770-kit-silicone-para-anestesia-inalatoria#primaryimage"},"image":{"@id":"https:\/\/www.lasershop.com.br\/?product=dl770-kit-silicone-para-anestesia-inalatoria#primaryimage"},"thumbnailUrl":"https:\/\/lasershop.com.br\/wp-content\/uploads\/2019\/03\/balao-silicone.png","datePublished":"2019-03-25T14:55:37+00:00","dateModified":"2019-03-25T14:55:38+00:00","breadcrumb":{"@id":"https:\/\/www.lasershop.com.br\/?product=dl770-kit-silicone-para-anestesia-inalatoria#breadcrumb"},"inLanguage":"pt-BR","potentialAction":[{"@type":"ReadAction","target":["https:\/\/www.lasershop.com.br\/?product=dl770-kit-silicone-para-anestesia-inalatoria"]}]},{"@type":"ImageObject","inLanguage":"pt-BR","@id":"https:\/\/www.lasershop.com.br\/?product=dl770-kit-silicone-para-anestesia-inalatoria#primaryimage","url":"https:\/\/lasershop.com.br\/wp-content\/uploads\/2019\/03\/balao-silicone.png","contentUrl":"https:\/\/lasershop.com.br\/wp-content\/uploads\/2019\/03\/balao-silicone.png","width":600,"height":1448},{"@type":"BreadcrumbList","@id":"https:\/\/www.lasershop.com.br\/?product=dl770-kit-silicone-para-anestesia-inalatoria#breadcrumb","itemListElement":[{"@type":"ListItem","position":1,"name":"In\u00edcio","item":"https:\/\/www.lasershop.com.br\/"},{"@type":"ListItem","position":2,"name":"Home","item":"https:\/\/www.lasershop.com.br\/?page_id=22"},{"@type":"ListItem","position":3,"name":"DL770 &#8211; Kit Silicone para Anestesia Inalat\u00f3ria"}]},{"@type":"WebSite","@id":"https:\/\/www.lasershop.com.br\/#website","url":"https:\/\/www.lasershop.com.br\/","name":"Laser Shop","description":"Aparelhos Eletrom\u00e9dicos pelo melhor pre\u00e7o!","publisher":{"@id":"https:\/\/www.lasershop.com.br\/#organization"},"potentialAction":[{"@type":"SearchAction","target":{"@type":"EntryPoint","urlTemplate":"https:\/\/www.lasershop.com.br\/?s={search_term_string}"},"query-input":{"@type":"PropertyValueSpecification","valueRequired":true,"valueName":"search_term_string"}}],"inLanguage":"pt-BR"},{"@type":"Organization","@id":"https:\/\/www.lasershop.com.br\/#organization","name":"Laser Shop","url":"https:\/\/www.lasershop.com.br\/","logo":{"@type":"ImageObject","inLanguage":"pt-BR","@id":"https:\/\/www.lasershop.com.br\/#\/schema\/logo\/image\/","url":"https:\/\/lasershop.com.br\/wp-content\/uploads\/2025\/09\/LOGO_LASERSHOP-.png","contentUrl":"https:\/\/lasershop.com.br\/wp-content\/uploads\/2025\/09\/LOGO_LASERSHOP-.png","width":612,"height":408,"caption":"Laser Shop"},"image":{"@id":"https:\/\/www.lasershop.com.br\/#\/schema\/logo\/image\/"},"sameAs":["https:\/\/facebook.com\/codaxmedica","https:\/\/instagram.com\/codaxmedica"]}]}},"_links":{"self":[{"href":"https:\/\/www.lasershop.com.br\/index.php?rest_route=\/wp\/v2\/product\/369","targetHints":{"allow":["GET"]}}],"collection":[{"href":"https:\/\/www.lasershop.com.br\/index.php?rest_route=\/wp\/v2\/product"}],"about":[{"href":"https:\/\/www.lasershop.com.br\/index.php?rest_route=\/wp\/v2\/types\/product"}],"replies":[{"embeddable":true,"href":"https:\/\/www.lasershop.com.br\/index.php?rest_route=%2Fwp%2Fv2%2Fcomments&post=369"}],"wp:featuredmedia":[{"embeddable":true,"href":"https:\/\/www.lasershop.com.br\/index.php?rest_route=\/wp\/v2\/media\/370"}],"wp:attachment":[{"href":"https:\/\/www.lasershop.com.br\/index.php?rest_route=%2Fwp%2Fv2%2Fmedia&parent=369"}],"wp:term":[{"taxonomy":"product_brand","embeddable":true,"href":"https:\/\/www.lasershop.com.br\/index.php?rest_route=%2Fwp%2Fv2%2Fproduct_brand&post=369"},{"taxonomy":"product_cat","embeddable":true,"href":"https:\/\/www.lasershop.com.br\/index.php?rest_route=%2Fwp%2Fv2%2Fproduct_cat&post=369"},{"taxonomy":"product_tag","embeddable":true,"href":"https:\/\/www.lasershop.com.br\/index.php?rest_route=%2Fwp%2Fv2%2Fproduct_tag&post=369"}],"curies":[{"name":"wp","href":"https:\/\/api.w.org\/{rel}","templated":true}]}}