{"id":394,"date":"2019-03-25T16:49:34","date_gmt":"2019-03-25T16:49:34","guid":{"rendered":"https:\/\/lasershop.com.br\/?post_type=product&#038;p=394"},"modified":"2019-03-25T16:49:35","modified_gmt":"2019-03-25T16:49:35","slug":"dl760-aparelho-de-anestesia-inalatoria-com-silicone","status":"publish","type":"product","link":"https:\/\/www.lasershop.com.br\/?product=dl760-aparelho-de-anestesia-inalatoria-com-silicone","title":{"rendered":"DL760 &#8211; Aparelho de anestesia inalat\u00f3ria com silicone"},"content":{"rendered":"<body><p style=\"text-align: left;\">Sistema de Anestesia destinado \u00e0 administra\u00e7\u00e3o de gases e\/ou vapores anest\u00e9sicos atrav\u00e9s de respira\u00e7\u00e3o espont\u00e2nea ou controlada, manual ou mec\u00e2nica. Fabricado, em chapa de a\u00e7o carbono\/alum\u00ednio e pintado com tinta a p\u00f3 eletrost\u00e1tica h\u00edbrida a produtos qu\u00edmicos, formado por:<\/p>\n<p>\u2013 M\u00f3dulo de ventila\u00e7\u00e3o e fluxo para administra\u00e7\u00e3o de oxig\u00eanio e gases anest\u00e9sicos;<\/p>\n<p>\u2013 Opcionalmente pode ser oferecido com base de sustenta\u00e7\u00e3o DL760 formado por rod\u00edzios de 2\u2033 polegadas com pistas de rolagem em poliuretano para deslizamento suave e sem trepida\u00e7\u00f5es sendo os dianteiros com trava;<\/p>\n<p>\u2013 O equipamento acompanha traqueias e bal\u00e3o de silicone.<\/p>\n<p>\u00a0<\/p>\n<ul><\/ul>\n<p><span style=\"font-size: 12pt;\"><strong>Especifica\u00e7\u00f5es T\u00e9cnicas<\/strong><\/span><\/p>\n<p><\/p>\n<p><strong>I \u2013<\/strong>\u00a0Ventilador Micro Processado Digital, ciclado a tempo e limitado a volume ou ciclado a press\u00e3o, composto de Display LCD Gr\u00e1fico colorido de alta defini\u00e7\u00e3o de 7\u2033 polegadas para registro dos valores dos par\u00e2metros ajustados e medidos, gr\u00e1fico em tempo real da press\u00e3o endo traqueal, man\u00f4metro digital para registro da press\u00e3o endo traqueal do tipo Bar Graf, inclusive durante a ventila\u00e7\u00e3o manual al\u00e9m das informa\u00e7\u00f5es de press\u00e3o de pico e informa\u00e7\u00f5es de texto para a indica\u00e7\u00e3o de alarmes e modos de ventila\u00e7\u00e3o. A programa\u00e7\u00e3o e ajustes s\u00e3o realizados por bot\u00e3o do tipo \u2019\u2019ONE TOUCH\u2019\u2019, para os seguintes par\u00e2metros: Frequ\u00eancia, Rela\u00e7\u00e3o I\/E, Tempo, Inspirat\u00f3rio, Volume, Alarme de Press\u00e3o M\u00ednima e Alarme de Press\u00e3o M\u00e1xima. Possui ainda fole intercambi\u00e1vel de 1000ml e alimenta\u00e7\u00e3o por oxig\u00eanio.<\/p>\n<p><strong>II \u2013<\/strong>\u00a0Rot\u00e2metro para oxig\u00eaneo com escala de 0 a 8lpm.<\/p>\n<p><strong>III \u2013<\/strong>\u00a0Vaporizador universal de 100ml para uso com qualquer agente anest\u00e9sico, de conex\u00e3o r\u00e1pida por um click e sem tubula\u00e7\u00e3o aparente, provido de c\u00e2mara de vidro transparente na cor \u00e2mbar e seletor para identifica\u00e7\u00e3o do anest\u00e9sico em uso, e formado por controle de ajuste fino do borbulhamento, funil e enchimento e dreno para esvaziamento do conte\u00fado da c\u00e2mara.<\/p>\n<p><strong>IV \u2013\u00a0<\/strong>Sa\u00edda comum de gases por bico e bot\u00e3o de oxig\u00eanio direto.<\/p>\n<p><strong>V \u2013<\/strong>\u00a0Filtro Valvular completo para utiliza\u00e7\u00e3o em circuito fechado, semi-fechado e aberto, para ventila\u00e7\u00e3o manual, espont\u00e2nea ou controlada mec\u00e2nica, formado de um reservat\u00f3rio de fechamento r\u00e1pido com a capacidade para 1000grs. de cal sodada, v\u00e1lvulas inspirat\u00f3rias\/expirat\u00f3rias e v\u00e1lvula pop off incorporada. Acompanha circuito paciente completo, composto de traqu\u00e9ias de PVC e bal\u00e3o de l\u00e1tex e conector paciente com bocal girat\u00f3rio fabricado em polisofona. Opcionalmente pode ser oferecido com traqueias e bal\u00e3o de silicone.<\/p>\n<p>Complementam o produto extens\u00e3o de 3 metros de oxig\u00eanio, cotovelo com entrada de g\u00e1s pop off, v\u00e1lvula unidirecional e extens\u00e3o da sa\u00edda comum de gases.<\/p>\n<div>\n<h2><strong><span style=\"font-size: 12pt;\">Resumo<\/span><\/strong><\/h2>\n<p>\u2013 Ajuste Digital para Press\u00e3o;<br>\n\u2013 Ajuste Digital para Freq\u00fc\u00eancia Respirat\u00f3ria;<br>\n\u2013 Ajuste Digital de Tempo Inspirat\u00f3rio;<br>\n\u2013 Press\u00e3o M\u00e1xima Obtida pela Ventila\u00e7\u00e3o;<br>\n\u2013 Press\u00e3o Atual Pulmonar;<br>\n\u2013 Rela\u00e7\u00e3o Inspira\u00e7\u00e3o Expira\u00e7\u00e3o;<br>\n\u2013 Possibilita Ciclar por Press\u00e3o, Volume e Tempo;<br>\n\u2013 Vaporizador \u00c2mbar, \u00a0ajustes para diferentes tipos de anestesicos;<br>\n\u2013 M\u00f3dulo de Anestesia e M\u00f3dulo de Ventila\u00e7\u00e3o separados, podem ser acoplados um ao outro;<br>\n\u2013 Traqu\u00e9ias e Bal\u00e3o de Silicone.<\/p><\/div>\n<\/body>","protected":false},"excerpt":{"rendered":"<p>Sistema de Anestesia destinado \u00e0 administra\u00e7\u00e3o de gases e\/ou vapores anest\u00e9sicos atrav\u00e9s de respira\u00e7\u00e3o espont\u00e2nea ou controlada, manual ou mec\u00e2nica. Fabricado, em chapa de a\u00e7o carbono\/alum\u00ednio e pintado com tinta a p\u00f3 eletrost\u00e1tica h\u00edbrida a produtos qu\u00edmicos, formado por: \u2013 M\u00f3dulo de ventila\u00e7\u00e3o e fluxo para administra\u00e7\u00e3o de oxig\u00eanio e gases anest\u00e9sicos; \u2013 Opcionalmente pode [&hellip;]<\/p>\n","protected":false},"featured_media":395,"comment_status":"open","ping_status":"closed","template":"","meta":{"_et_pb_use_builder":"","_et_pb_old_content":"","_et_gb_content_width":""},"product_brand":[],"product_cat":[24],"product_tag":[],"class_list":{"0":"post-394","1":"product","2":"type-product","3":"status-publish","4":"has-post-thumbnail","6":"product_cat-linha-veterinaria","8":"first","9":"instock","10":"taxable","11":"shipping-taxable","12":"purchasable","13":"product-type-simple"},"yoast_head":"<!-- This site is optimized with the Yoast SEO plugin v27.3 - https:\/\/yoast.com\/product\/yoast-seo-wordpress\/ -->\n<title>DL760 - Aparelho de anestesia inalat\u00f3ria com silicone - Laser Shop<\/title>\n<meta name=\"robots\" content=\"index, follow, max-snippet:-1, max-image-preview:large, max-video-preview:-1\" \/>\n<link rel=\"canonical\" href=\"https:\/\/www.lasershop.com.br\/?product=dl760-aparelho-de-anestesia-inalatoria-com-silicone\" \/>\n<meta property=\"og:locale\" content=\"pt_BR\" \/>\n<meta property=\"og:type\" content=\"article\" \/>\n<meta property=\"og:title\" content=\"DL760 - Aparelho de anestesia inalat\u00f3ria com silicone - Laser Shop\" \/>\n<meta property=\"og:description\" content=\"Sistema de Anestesia destinado \u00e0 administra\u00e7\u00e3o de gases e\/ou vapores anest\u00e9sicos atrav\u00e9s de respira\u00e7\u00e3o espont\u00e2nea ou controlada, manual ou mec\u00e2nica. Fabricado, em chapa de a\u00e7o carbono\/alum\u00ednio e pintado com tinta a p\u00f3 eletrost\u00e1tica h\u00edbrida a produtos qu\u00edmicos, formado por: \u2013 M\u00f3dulo de ventila\u00e7\u00e3o e fluxo para administra\u00e7\u00e3o de oxig\u00eanio e gases anest\u00e9sicos; \u2013 Opcionalmente pode [&hellip;]\" \/>\n<meta property=\"og:url\" content=\"https:\/\/www.lasershop.com.br\/?product=dl760-aparelho-de-anestesia-inalatoria-com-silicone\" \/>\n<meta property=\"og:site_name\" content=\"Laser Shop\" \/>\n<meta property=\"article:publisher\" content=\"https:\/\/facebook.com\/codaxmedica\" \/>\n<meta property=\"article:modified_time\" content=\"2019-03-25T16:49:35+00:00\" \/>\n<meta property=\"og:image\" content=\"https:\/\/lasershop.com.br\/wp-content\/uploads\/2019\/03\/dl750-completa_1-scaled.jpg\" \/>\n\t<meta property=\"og:image:width\" content=\"985\" \/>\n\t<meta property=\"og:image:height\" content=\"2560\" \/>\n\t<meta property=\"og:image:type\" content=\"image\/jpeg\" \/>\n<meta name=\"twitter:card\" content=\"summary_large_image\" \/>\n<meta name=\"twitter:label1\" content=\"Est. tempo de leitura\" \/>\n\t<meta name=\"twitter:data1\" content=\"3 minutos\" \/>\n<script type=\"application\/ld+json\" class=\"yoast-schema-graph\">{\"@context\":\"https:\\\/\\\/schema.org\",\"@graph\":[{\"@type\":\"WebPage\",\"@id\":\"https:\\\/\\\/www.lasershop.com.br\\\/?product=dl760-aparelho-de-anestesia-inalatoria-com-silicone\",\"url\":\"https:\\\/\\\/www.lasershop.com.br\\\/?product=dl760-aparelho-de-anestesia-inalatoria-com-silicone\",\"name\":\"DL760 - Aparelho de anestesia inalat\u00f3ria com silicone - Laser Shop\",\"isPartOf\":{\"@id\":\"https:\\\/\\\/www.lasershop.com.br\\\/#website\"},\"primaryImageOfPage\":{\"@id\":\"https:\\\/\\\/www.lasershop.com.br\\\/?product=dl760-aparelho-de-anestesia-inalatoria-com-silicone#primaryimage\"},\"image\":{\"@id\":\"https:\\\/\\\/www.lasershop.com.br\\\/?product=dl760-aparelho-de-anestesia-inalatoria-com-silicone#primaryimage\"},\"thumbnailUrl\":\"https:\\\/\\\/lasershop.com.br\\\/wp-content\\\/uploads\\\/2019\\\/03\\\/dl750-completa_1-scaled.jpg\",\"datePublished\":\"2019-03-25T16:49:34+00:00\",\"dateModified\":\"2019-03-25T16:49:35+00:00\",\"breadcrumb\":{\"@id\":\"https:\\\/\\\/www.lasershop.com.br\\\/?product=dl760-aparelho-de-anestesia-inalatoria-com-silicone#breadcrumb\"},\"inLanguage\":\"pt-BR\",\"potentialAction\":[{\"@type\":\"ReadAction\",\"target\":[\"https:\\\/\\\/www.lasershop.com.br\\\/?product=dl760-aparelho-de-anestesia-inalatoria-com-silicone\"]}]},{\"@type\":\"ImageObject\",\"inLanguage\":\"pt-BR\",\"@id\":\"https:\\\/\\\/www.lasershop.com.br\\\/?product=dl760-aparelho-de-anestesia-inalatoria-com-silicone#primaryimage\",\"url\":\"https:\\\/\\\/lasershop.com.br\\\/wp-content\\\/uploads\\\/2019\\\/03\\\/dl750-completa_1-scaled.jpg\",\"contentUrl\":\"https:\\\/\\\/lasershop.com.br\\\/wp-content\\\/uploads\\\/2019\\\/03\\\/dl750-completa_1-scaled.jpg\",\"width\":985,\"height\":2560},{\"@type\":\"BreadcrumbList\",\"@id\":\"https:\\\/\\\/www.lasershop.com.br\\\/?product=dl760-aparelho-de-anestesia-inalatoria-com-silicone#breadcrumb\",\"itemListElement\":[{\"@type\":\"ListItem\",\"position\":1,\"name\":\"In\u00edcio\",\"item\":\"https:\\\/\\\/www.lasershop.com.br\\\/\"},{\"@type\":\"ListItem\",\"position\":2,\"name\":\"Home\",\"item\":\"https:\\\/\\\/www.lasershop.com.br\\\/?page_id=22\"},{\"@type\":\"ListItem\",\"position\":3,\"name\":\"DL760 &#8211; Aparelho de anestesia inalat\u00f3ria com silicone\"}]},{\"@type\":\"WebSite\",\"@id\":\"https:\\\/\\\/www.lasershop.com.br\\\/#website\",\"url\":\"https:\\\/\\\/www.lasershop.com.br\\\/\",\"name\":\"Laser Shop\",\"description\":\"Aparelhos Eletrom\u00e9dicos pelo melhor pre\u00e7o!\",\"publisher\":{\"@id\":\"https:\\\/\\\/www.lasershop.com.br\\\/#organization\"},\"potentialAction\":[{\"@type\":\"SearchAction\",\"target\":{\"@type\":\"EntryPoint\",\"urlTemplate\":\"https:\\\/\\\/www.lasershop.com.br\\\/?s={search_term_string}\"},\"query-input\":{\"@type\":\"PropertyValueSpecification\",\"valueRequired\":true,\"valueName\":\"search_term_string\"}}],\"inLanguage\":\"pt-BR\"},{\"@type\":\"Organization\",\"@id\":\"https:\\\/\\\/www.lasershop.com.br\\\/#organization\",\"name\":\"Laser Shop\",\"url\":\"https:\\\/\\\/www.lasershop.com.br\\\/\",\"logo\":{\"@type\":\"ImageObject\",\"inLanguage\":\"pt-BR\",\"@id\":\"https:\\\/\\\/www.lasershop.com.br\\\/#\\\/schema\\\/logo\\\/image\\\/\",\"url\":\"https:\\\/\\\/lasershop.com.br\\\/wp-content\\\/uploads\\\/2025\\\/09\\\/LOGO_LASERSHOP-.png\",\"contentUrl\":\"https:\\\/\\\/lasershop.com.br\\\/wp-content\\\/uploads\\\/2025\\\/09\\\/LOGO_LASERSHOP-.png\",\"width\":612,\"height\":408,\"caption\":\"Laser Shop\"},\"image\":{\"@id\":\"https:\\\/\\\/www.lasershop.com.br\\\/#\\\/schema\\\/logo\\\/image\\\/\"},\"sameAs\":[\"https:\\\/\\\/facebook.com\\\/codaxmedica\",\"https:\\\/\\\/instagram.com\\\/codaxmedica\"]}]}<\/script>\n<!-- \/ Yoast SEO plugin. -->","yoast_head_json":{"title":"DL760 - Aparelho de anestesia inalat\u00f3ria com silicone - Laser Shop","robots":{"index":"index","follow":"follow","max-snippet":"max-snippet:-1","max-image-preview":"max-image-preview:large","max-video-preview":"max-video-preview:-1"},"canonical":"https:\/\/www.lasershop.com.br\/?product=dl760-aparelho-de-anestesia-inalatoria-com-silicone","og_locale":"pt_BR","og_type":"article","og_title":"DL760 - Aparelho de anestesia inalat\u00f3ria com silicone - Laser Shop","og_description":"Sistema de Anestesia destinado \u00e0 administra\u00e7\u00e3o de gases e\/ou vapores anest\u00e9sicos atrav\u00e9s de respira\u00e7\u00e3o espont\u00e2nea ou controlada, manual ou mec\u00e2nica. Fabricado, em chapa de a\u00e7o carbono\/alum\u00ednio e pintado com tinta a p\u00f3 eletrost\u00e1tica h\u00edbrida a produtos qu\u00edmicos, formado por: \u2013 M\u00f3dulo de ventila\u00e7\u00e3o e fluxo para administra\u00e7\u00e3o de oxig\u00eanio e gases anest\u00e9sicos; \u2013 Opcionalmente pode [&hellip;]","og_url":"https:\/\/www.lasershop.com.br\/?product=dl760-aparelho-de-anestesia-inalatoria-com-silicone","og_site_name":"Laser Shop","article_publisher":"https:\/\/facebook.com\/codaxmedica","article_modified_time":"2019-03-25T16:49:35+00:00","og_image":[{"width":985,"height":2560,"url":"https:\/\/lasershop.com.br\/wp-content\/uploads\/2019\/03\/dl750-completa_1-scaled.jpg","type":"image\/jpeg"}],"twitter_card":"summary_large_image","twitter_misc":{"Est. tempo de leitura":"3 minutos"},"schema":{"@context":"https:\/\/schema.org","@graph":[{"@type":"WebPage","@id":"https:\/\/www.lasershop.com.br\/?product=dl760-aparelho-de-anestesia-inalatoria-com-silicone","url":"https:\/\/www.lasershop.com.br\/?product=dl760-aparelho-de-anestesia-inalatoria-com-silicone","name":"DL760 - Aparelho de anestesia inalat\u00f3ria com silicone - Laser Shop","isPartOf":{"@id":"https:\/\/www.lasershop.com.br\/#website"},"primaryImageOfPage":{"@id":"https:\/\/www.lasershop.com.br\/?product=dl760-aparelho-de-anestesia-inalatoria-com-silicone#primaryimage"},"image":{"@id":"https:\/\/www.lasershop.com.br\/?product=dl760-aparelho-de-anestesia-inalatoria-com-silicone#primaryimage"},"thumbnailUrl":"https:\/\/lasershop.com.br\/wp-content\/uploads\/2019\/03\/dl750-completa_1-scaled.jpg","datePublished":"2019-03-25T16:49:34+00:00","dateModified":"2019-03-25T16:49:35+00:00","breadcrumb":{"@id":"https:\/\/www.lasershop.com.br\/?product=dl760-aparelho-de-anestesia-inalatoria-com-silicone#breadcrumb"},"inLanguage":"pt-BR","potentialAction":[{"@type":"ReadAction","target":["https:\/\/www.lasershop.com.br\/?product=dl760-aparelho-de-anestesia-inalatoria-com-silicone"]}]},{"@type":"ImageObject","inLanguage":"pt-BR","@id":"https:\/\/www.lasershop.com.br\/?product=dl760-aparelho-de-anestesia-inalatoria-com-silicone#primaryimage","url":"https:\/\/lasershop.com.br\/wp-content\/uploads\/2019\/03\/dl750-completa_1-scaled.jpg","contentUrl":"https:\/\/lasershop.com.br\/wp-content\/uploads\/2019\/03\/dl750-completa_1-scaled.jpg","width":985,"height":2560},{"@type":"BreadcrumbList","@id":"https:\/\/www.lasershop.com.br\/?product=dl760-aparelho-de-anestesia-inalatoria-com-silicone#breadcrumb","itemListElement":[{"@type":"ListItem","position":1,"name":"In\u00edcio","item":"https:\/\/www.lasershop.com.br\/"},{"@type":"ListItem","position":2,"name":"Home","item":"https:\/\/www.lasershop.com.br\/?page_id=22"},{"@type":"ListItem","position":3,"name":"DL760 &#8211; Aparelho de anestesia inalat\u00f3ria com silicone"}]},{"@type":"WebSite","@id":"https:\/\/www.lasershop.com.br\/#website","url":"https:\/\/www.lasershop.com.br\/","name":"Laser Shop","description":"Aparelhos Eletrom\u00e9dicos pelo melhor pre\u00e7o!","publisher":{"@id":"https:\/\/www.lasershop.com.br\/#organization"},"potentialAction":[{"@type":"SearchAction","target":{"@type":"EntryPoint","urlTemplate":"https:\/\/www.lasershop.com.br\/?s={search_term_string}"},"query-input":{"@type":"PropertyValueSpecification","valueRequired":true,"valueName":"search_term_string"}}],"inLanguage":"pt-BR"},{"@type":"Organization","@id":"https:\/\/www.lasershop.com.br\/#organization","name":"Laser Shop","url":"https:\/\/www.lasershop.com.br\/","logo":{"@type":"ImageObject","inLanguage":"pt-BR","@id":"https:\/\/www.lasershop.com.br\/#\/schema\/logo\/image\/","url":"https:\/\/lasershop.com.br\/wp-content\/uploads\/2025\/09\/LOGO_LASERSHOP-.png","contentUrl":"https:\/\/lasershop.com.br\/wp-content\/uploads\/2025\/09\/LOGO_LASERSHOP-.png","width":612,"height":408,"caption":"Laser Shop"},"image":{"@id":"https:\/\/www.lasershop.com.br\/#\/schema\/logo\/image\/"},"sameAs":["https:\/\/facebook.com\/codaxmedica","https:\/\/instagram.com\/codaxmedica"]}]}},"_links":{"self":[{"href":"https:\/\/www.lasershop.com.br\/index.php?rest_route=\/wp\/v2\/product\/394","targetHints":{"allow":["GET"]}}],"collection":[{"href":"https:\/\/www.lasershop.com.br\/index.php?rest_route=\/wp\/v2\/product"}],"about":[{"href":"https:\/\/www.lasershop.com.br\/index.php?rest_route=\/wp\/v2\/types\/product"}],"replies":[{"embeddable":true,"href":"https:\/\/www.lasershop.com.br\/index.php?rest_route=%2Fwp%2Fv2%2Fcomments&post=394"}],"wp:featuredmedia":[{"embeddable":true,"href":"https:\/\/www.lasershop.com.br\/index.php?rest_route=\/wp\/v2\/media\/395"}],"wp:attachment":[{"href":"https:\/\/www.lasershop.com.br\/index.php?rest_route=%2Fwp%2Fv2%2Fmedia&parent=394"}],"wp:term":[{"taxonomy":"product_brand","embeddable":true,"href":"https:\/\/www.lasershop.com.br\/index.php?rest_route=%2Fwp%2Fv2%2Fproduct_brand&post=394"},{"taxonomy":"product_cat","embeddable":true,"href":"https:\/\/www.lasershop.com.br\/index.php?rest_route=%2Fwp%2Fv2%2Fproduct_cat&post=394"},{"taxonomy":"product_tag","embeddable":true,"href":"https:\/\/www.lasershop.com.br\/index.php?rest_route=%2Fwp%2Fv2%2Fproduct_tag&post=394"}],"curies":[{"name":"wp","href":"https:\/\/api.w.org\/{rel}","templated":true}]}}