{"id":398,"date":"2019-03-25T17:10:02","date_gmt":"2019-03-25T17:10:02","guid":{"rendered":"https:\/\/lasershop.com.br\/?post_type=product&#038;p=398"},"modified":"2019-03-25T17:10:03","modified_gmt":"2019-03-25T17:10:03","slug":"dl900-monitor-multiparametrico","status":"publish","type":"product","link":"https:\/\/www.lasershop.com.br\/?product=dl900-monitor-multiparametrico","title":{"rendered":"DL900 &#8211; Monitor multiparam\u00e9trico"},"content":{"rendered":"<body><p><span style=\"font-size: 10pt;\">O Monitor Multiparam\u00e9trico DL900 \u00e9 um equipamento fundamental para cl\u00ednicas e hospitais veterin\u00e1rios. Ele detecta sinais vitais do paciente e exibe os resultados, sem necessidade de atendimento cont\u00ednuo pela equipe m\u00e9dica. Como possui alarmes configur\u00e1veis, o DL900 oferece suporte necess\u00e1rio para que seu paciente esteja seguramente monitorado sem necessidade de presen\u00e7a permanente do corpo cl\u00ednico junto ao animal.<\/span><\/p>\n<p><\/p>\n<p><span style=\"font-size: 10pt;\"><span style=\"text-decoration: underline;\"><strong>Possui 7 par\u00e2metros integrados:<\/strong><\/span> Eletrocardi\u00f3grafo, Frequ\u00eancia Card\u00edaca, Term\u00f4metro, Ox\u00edmetro, Curva Pletismogr\u00e1fica, frequencia respirat\u00f3ria e Pulso Card\u00edaco<\/span><\/p>\n<p><span style=\"font-size: 12pt;\"><strong><br>\nDetalhes<\/strong><\/span><br>\n<\/p>\n<div class=\"std\">\n<p>O Monitor Multiparam\u00e9trico DL900 possui 7 <span>par\u00e2metros in<\/span>tegrados:<\/p>\n<p style=\"font-weight: normal;\"><span style=\"font-family: Verdana,sans-serif;\"><span style=\"font-size: small;\">\u2013 Eletrocardi\u00f3grafo; <\/span><\/span><\/p>\n<p style=\"margin-bottom: 0cm;\">\u2013 Temperatura;<\/p>\n<p style=\"margin-bottom: 0cm;\">\u2013 Pulso Card\u00edaco;<\/p>\n<p style=\"margin-bottom: 0cm;\">\u2013 Ox\u00edmetro;<\/p>\n<p style=\"margin-bottom: 0cm;\">\u2013 Curva Pletismogr\u00e1fica;<\/p>\n<p style=\"margin-bottom: 0cm;\"><span style=\"color: #000000;\">\u2013 Frequ\u00eancia Respirat\u00f3ria <\/span><\/p>\n<p><span style=\"color: #000000;\">\u2013 Frequ\u00eancia Card\u00edaca <\/span><\/p>\n<p>\u00a0<\/p>\n<p><span style=\"text-decoration: underline;\"><strong>1.2 ESPECIFICA\u00c7\u00d5ES T\u00c9CNICAS<\/strong><\/span><\/p>\n<p><br>\n\u2022 Avan\u00e7ado algoritmo de processamento de sinais, Anti Motion Interference;<br>\n\u2022 Processamento do sinal digital, melhorando a precis\u00e3o em baixa perfus\u00e3o;<br>\n\u2022 Monitor de alta resolu\u00e7\u00e3o;<br>\n\u2022 Alto desempenho de SpO2 em baixas perfus\u00f5es: Amplitude m\u00ednima de pulso \u00e9 0,075%;<br>\n\u2022 Sensor de Temperatura Retal de alta precis\u00e3o (0,1 \u00b0C);<br>\n\u2022 Imunidade a interfer\u00eancias em alta frequ\u00eancia.<br>\n\u2022 Eletrocardiograma com alta efici\u00eancia. Processamento do sinal digital possibilitando a<br>\nsepara\u00e7\u00e3o total do sinal do ru\u00eddo.<\/p>\n<h2><span style=\"font-size: 12pt;\">Eletrocardi\u00f3grafo:<br>\n<\/span><\/h2>\n<p>O DL900 conta com um excelente Eletrocardi\u00f3grafo integrado, com 7 deriva\u00e7\u00f5es:<\/p>\n<p>\u2013 D1<br>\n\u2013 D2<br>\n\u2013 D3<br>\n\u2013 aVF<br>\n\u2013 aVL<br>\n\u2013 aVR<br>\n\u2013 V1<\/p>\n<p>obtidas atrav\u00e9s de 5 eletrodos al\u00e9m de 1 pr\u00e9cordial.<\/p>\n<p>Uma grande vantagem do DL900 \u00e9 a possibilidade de utiliza\u00e7\u00e3o do Eletrocardi\u00f3grafo tanto para monitoramentos quanto para exames e laudos. O produto conta com um software personalizado que oferece a possibilidade de integra\u00e7\u00e3o do Monitor a qualquer computador atrav\u00e9s da USB.<\/p>\n<p><span style=\"text-decoration: underline; font-size: 10pt;\">Outras fun\u00e7\u00f5es do Software integrado:<br>\n<\/span><span style=\"font-size: 10pt;\"><br>\n\u2013 5 ganho configur\u00e1veis;<br>\n<\/span><span style=\"font-size: 10pt;\">\u2013 Precis\u00e3o m\u00ednima de aquisi\u00e7\u00e3o;<br>\n<\/span><span style=\"font-size: 10pt;\">\u2013 Cadastro Cliente\/Propriet\u00e1rio;<br>\n<\/span><span style=\"font-size: 10pt;\">\u2013 Grava\u00e7\u00e3o de exames para rean\u00e1lise posterior;<br>\n<\/span><span style=\"font-size: 10pt;\">\u2013 Suporte para impress\u00e3o;<br>\n<\/span><span style=\"font-size: 10pt;\">\u2013 Gera\u00e7\u00e3o de PDF;<br>\n<\/span><span style=\"font-size: 10pt;\">\u2013 Gera\u00e7\u00e3o de laudos \u00e0 dist\u00e2ncia;<\/span><\/p>\n<\/div>\n<\/body>","protected":false},"excerpt":{"rendered":"<p>O Monitor Multiparam\u00e9trico DL900 \u00e9 um equipamento fundamental para cl\u00ednicas e hospitais veterin\u00e1rios. Ele detecta sinais vitais do paciente e exibe os resultados, sem necessidade de atendimento cont\u00ednuo pela equipe m\u00e9dica. Como possui alarmes configur\u00e1veis, o DL900 oferece suporte necess\u00e1rio para que seu paciente esteja seguramente monitorado sem necessidade de presen\u00e7a permanente do corpo cl\u00ednico [&hellip;]<\/p>\n","protected":false},"featured_media":399,"comment_status":"open","ping_status":"closed","template":"","meta":{"_et_pb_use_builder":"","_et_pb_old_content":"","_et_gb_content_width":""},"product_brand":[],"product_cat":[24],"product_tag":[],"class_list":{"0":"post-398","1":"product","2":"type-product","3":"status-publish","4":"has-post-thumbnail","6":"product_cat-linha-veterinaria","8":"first","9":"instock","10":"taxable","11":"shipping-taxable","12":"purchasable","13":"product-type-simple"},"yoast_head":"<!-- This site is optimized with the Yoast SEO plugin v27.3 - https:\/\/yoast.com\/product\/yoast-seo-wordpress\/ -->\n<title>DL900 - Monitor multiparam\u00e9trico - Laser Shop<\/title>\n<meta name=\"robots\" content=\"index, follow, max-snippet:-1, max-image-preview:large, max-video-preview:-1\" \/>\n<link rel=\"canonical\" href=\"https:\/\/www.lasershop.com.br\/?product=dl900-monitor-multiparametrico\" \/>\n<meta property=\"og:locale\" content=\"pt_BR\" \/>\n<meta property=\"og:type\" content=\"article\" \/>\n<meta property=\"og:title\" content=\"DL900 - Monitor multiparam\u00e9trico - Laser Shop\" \/>\n<meta property=\"og:description\" content=\"O Monitor Multiparam\u00e9trico DL900 \u00e9 um equipamento fundamental para cl\u00ednicas e hospitais veterin\u00e1rios. Ele detecta sinais vitais do paciente e exibe os resultados, sem necessidade de atendimento cont\u00ednuo pela equipe m\u00e9dica. Como possui alarmes configur\u00e1veis, o DL900 oferece suporte necess\u00e1rio para que seu paciente esteja seguramente monitorado sem necessidade de presen\u00e7a permanente do corpo cl\u00ednico [&hellip;]\" \/>\n<meta property=\"og:url\" content=\"https:\/\/www.lasershop.com.br\/?product=dl900-monitor-multiparametrico\" \/>\n<meta property=\"og:site_name\" content=\"Laser Shop\" \/>\n<meta property=\"article:publisher\" content=\"https:\/\/facebook.com\/codaxmedica\" \/>\n<meta property=\"article:modified_time\" content=\"2019-03-25T17:10:03+00:00\" \/>\n<meta property=\"og:image\" content=\"https:\/\/lasershop.com.br\/wp-content\/uploads\/2019\/03\/ecg_p_.png\" \/>\n\t<meta property=\"og:image:width\" content=\"800\" \/>\n\t<meta property=\"og:image:height\" content=\"730\" \/>\n\t<meta property=\"og:image:type\" content=\"image\/png\" \/>\n<meta name=\"twitter:card\" content=\"summary_large_image\" \/>\n<meta name=\"twitter:label1\" content=\"Est. tempo de leitura\" \/>\n\t<meta name=\"twitter:data1\" content=\"2 minutos\" \/>\n<script type=\"application\/ld+json\" class=\"yoast-schema-graph\">{\"@context\":\"https:\\\/\\\/schema.org\",\"@graph\":[{\"@type\":\"WebPage\",\"@id\":\"https:\\\/\\\/www.lasershop.com.br\\\/?product=dl900-monitor-multiparametrico\",\"url\":\"https:\\\/\\\/www.lasershop.com.br\\\/?product=dl900-monitor-multiparametrico\",\"name\":\"DL900 - Monitor multiparam\u00e9trico - Laser Shop\",\"isPartOf\":{\"@id\":\"https:\\\/\\\/www.lasershop.com.br\\\/#website\"},\"primaryImageOfPage\":{\"@id\":\"https:\\\/\\\/www.lasershop.com.br\\\/?product=dl900-monitor-multiparametrico#primaryimage\"},\"image\":{\"@id\":\"https:\\\/\\\/www.lasershop.com.br\\\/?product=dl900-monitor-multiparametrico#primaryimage\"},\"thumbnailUrl\":\"https:\\\/\\\/lasershop.com.br\\\/wp-content\\\/uploads\\\/2019\\\/03\\\/ecg_p_.png\",\"datePublished\":\"2019-03-25T17:10:02+00:00\",\"dateModified\":\"2019-03-25T17:10:03+00:00\",\"breadcrumb\":{\"@id\":\"https:\\\/\\\/www.lasershop.com.br\\\/?product=dl900-monitor-multiparametrico#breadcrumb\"},\"inLanguage\":\"pt-BR\",\"potentialAction\":[{\"@type\":\"ReadAction\",\"target\":[\"https:\\\/\\\/www.lasershop.com.br\\\/?product=dl900-monitor-multiparametrico\"]}]},{\"@type\":\"ImageObject\",\"inLanguage\":\"pt-BR\",\"@id\":\"https:\\\/\\\/www.lasershop.com.br\\\/?product=dl900-monitor-multiparametrico#primaryimage\",\"url\":\"https:\\\/\\\/lasershop.com.br\\\/wp-content\\\/uploads\\\/2019\\\/03\\\/ecg_p_.png\",\"contentUrl\":\"https:\\\/\\\/lasershop.com.br\\\/wp-content\\\/uploads\\\/2019\\\/03\\\/ecg_p_.png\",\"width\":800,\"height\":730},{\"@type\":\"BreadcrumbList\",\"@id\":\"https:\\\/\\\/www.lasershop.com.br\\\/?product=dl900-monitor-multiparametrico#breadcrumb\",\"itemListElement\":[{\"@type\":\"ListItem\",\"position\":1,\"name\":\"In\u00edcio\",\"item\":\"https:\\\/\\\/www.lasershop.com.br\\\/\"},{\"@type\":\"ListItem\",\"position\":2,\"name\":\"Home\",\"item\":\"https:\\\/\\\/www.lasershop.com.br\\\/?page_id=22\"},{\"@type\":\"ListItem\",\"position\":3,\"name\":\"DL900 &#8211; Monitor multiparam\u00e9trico\"}]},{\"@type\":\"WebSite\",\"@id\":\"https:\\\/\\\/www.lasershop.com.br\\\/#website\",\"url\":\"https:\\\/\\\/www.lasershop.com.br\\\/\",\"name\":\"Laser Shop\",\"description\":\"Aparelhos Eletrom\u00e9dicos pelo melhor pre\u00e7o!\",\"publisher\":{\"@id\":\"https:\\\/\\\/www.lasershop.com.br\\\/#organization\"},\"potentialAction\":[{\"@type\":\"SearchAction\",\"target\":{\"@type\":\"EntryPoint\",\"urlTemplate\":\"https:\\\/\\\/www.lasershop.com.br\\\/?s={search_term_string}\"},\"query-input\":{\"@type\":\"PropertyValueSpecification\",\"valueRequired\":true,\"valueName\":\"search_term_string\"}}],\"inLanguage\":\"pt-BR\"},{\"@type\":\"Organization\",\"@id\":\"https:\\\/\\\/www.lasershop.com.br\\\/#organization\",\"name\":\"Laser Shop\",\"url\":\"https:\\\/\\\/www.lasershop.com.br\\\/\",\"logo\":{\"@type\":\"ImageObject\",\"inLanguage\":\"pt-BR\",\"@id\":\"https:\\\/\\\/www.lasershop.com.br\\\/#\\\/schema\\\/logo\\\/image\\\/\",\"url\":\"https:\\\/\\\/lasershop.com.br\\\/wp-content\\\/uploads\\\/2025\\\/09\\\/LOGO_LASERSHOP-.png\",\"contentUrl\":\"https:\\\/\\\/lasershop.com.br\\\/wp-content\\\/uploads\\\/2025\\\/09\\\/LOGO_LASERSHOP-.png\",\"width\":612,\"height\":408,\"caption\":\"Laser Shop\"},\"image\":{\"@id\":\"https:\\\/\\\/www.lasershop.com.br\\\/#\\\/schema\\\/logo\\\/image\\\/\"},\"sameAs\":[\"https:\\\/\\\/facebook.com\\\/codaxmedica\",\"https:\\\/\\\/instagram.com\\\/codaxmedica\"]}]}<\/script>\n<!-- \/ Yoast SEO plugin. -->","yoast_head_json":{"title":"DL900 - Monitor multiparam\u00e9trico - Laser Shop","robots":{"index":"index","follow":"follow","max-snippet":"max-snippet:-1","max-image-preview":"max-image-preview:large","max-video-preview":"max-video-preview:-1"},"canonical":"https:\/\/www.lasershop.com.br\/?product=dl900-monitor-multiparametrico","og_locale":"pt_BR","og_type":"article","og_title":"DL900 - Monitor multiparam\u00e9trico - Laser Shop","og_description":"O Monitor Multiparam\u00e9trico DL900 \u00e9 um equipamento fundamental para cl\u00ednicas e hospitais veterin\u00e1rios. Ele detecta sinais vitais do paciente e exibe os resultados, sem necessidade de atendimento cont\u00ednuo pela equipe m\u00e9dica. Como possui alarmes configur\u00e1veis, o DL900 oferece suporte necess\u00e1rio para que seu paciente esteja seguramente monitorado sem necessidade de presen\u00e7a permanente do corpo cl\u00ednico [&hellip;]","og_url":"https:\/\/www.lasershop.com.br\/?product=dl900-monitor-multiparametrico","og_site_name":"Laser Shop","article_publisher":"https:\/\/facebook.com\/codaxmedica","article_modified_time":"2019-03-25T17:10:03+00:00","og_image":[{"width":800,"height":730,"url":"https:\/\/lasershop.com.br\/wp-content\/uploads\/2019\/03\/ecg_p_.png","type":"image\/png"}],"twitter_card":"summary_large_image","twitter_misc":{"Est. tempo de leitura":"2 minutos"},"schema":{"@context":"https:\/\/schema.org","@graph":[{"@type":"WebPage","@id":"https:\/\/www.lasershop.com.br\/?product=dl900-monitor-multiparametrico","url":"https:\/\/www.lasershop.com.br\/?product=dl900-monitor-multiparametrico","name":"DL900 - Monitor multiparam\u00e9trico - Laser Shop","isPartOf":{"@id":"https:\/\/www.lasershop.com.br\/#website"},"primaryImageOfPage":{"@id":"https:\/\/www.lasershop.com.br\/?product=dl900-monitor-multiparametrico#primaryimage"},"image":{"@id":"https:\/\/www.lasershop.com.br\/?product=dl900-monitor-multiparametrico#primaryimage"},"thumbnailUrl":"https:\/\/lasershop.com.br\/wp-content\/uploads\/2019\/03\/ecg_p_.png","datePublished":"2019-03-25T17:10:02+00:00","dateModified":"2019-03-25T17:10:03+00:00","breadcrumb":{"@id":"https:\/\/www.lasershop.com.br\/?product=dl900-monitor-multiparametrico#breadcrumb"},"inLanguage":"pt-BR","potentialAction":[{"@type":"ReadAction","target":["https:\/\/www.lasershop.com.br\/?product=dl900-monitor-multiparametrico"]}]},{"@type":"ImageObject","inLanguage":"pt-BR","@id":"https:\/\/www.lasershop.com.br\/?product=dl900-monitor-multiparametrico#primaryimage","url":"https:\/\/lasershop.com.br\/wp-content\/uploads\/2019\/03\/ecg_p_.png","contentUrl":"https:\/\/lasershop.com.br\/wp-content\/uploads\/2019\/03\/ecg_p_.png","width":800,"height":730},{"@type":"BreadcrumbList","@id":"https:\/\/www.lasershop.com.br\/?product=dl900-monitor-multiparametrico#breadcrumb","itemListElement":[{"@type":"ListItem","position":1,"name":"In\u00edcio","item":"https:\/\/www.lasershop.com.br\/"},{"@type":"ListItem","position":2,"name":"Home","item":"https:\/\/www.lasershop.com.br\/?page_id=22"},{"@type":"ListItem","position":3,"name":"DL900 &#8211; Monitor multiparam\u00e9trico"}]},{"@type":"WebSite","@id":"https:\/\/www.lasershop.com.br\/#website","url":"https:\/\/www.lasershop.com.br\/","name":"Laser Shop","description":"Aparelhos Eletrom\u00e9dicos pelo melhor pre\u00e7o!","publisher":{"@id":"https:\/\/www.lasershop.com.br\/#organization"},"potentialAction":[{"@type":"SearchAction","target":{"@type":"EntryPoint","urlTemplate":"https:\/\/www.lasershop.com.br\/?s={search_term_string}"},"query-input":{"@type":"PropertyValueSpecification","valueRequired":true,"valueName":"search_term_string"}}],"inLanguage":"pt-BR"},{"@type":"Organization","@id":"https:\/\/www.lasershop.com.br\/#organization","name":"Laser Shop","url":"https:\/\/www.lasershop.com.br\/","logo":{"@type":"ImageObject","inLanguage":"pt-BR","@id":"https:\/\/www.lasershop.com.br\/#\/schema\/logo\/image\/","url":"https:\/\/lasershop.com.br\/wp-content\/uploads\/2025\/09\/LOGO_LASERSHOP-.png","contentUrl":"https:\/\/lasershop.com.br\/wp-content\/uploads\/2025\/09\/LOGO_LASERSHOP-.png","width":612,"height":408,"caption":"Laser Shop"},"image":{"@id":"https:\/\/www.lasershop.com.br\/#\/schema\/logo\/image\/"},"sameAs":["https:\/\/facebook.com\/codaxmedica","https:\/\/instagram.com\/codaxmedica"]}]}},"_links":{"self":[{"href":"https:\/\/www.lasershop.com.br\/index.php?rest_route=\/wp\/v2\/product\/398","targetHints":{"allow":["GET"]}}],"collection":[{"href":"https:\/\/www.lasershop.com.br\/index.php?rest_route=\/wp\/v2\/product"}],"about":[{"href":"https:\/\/www.lasershop.com.br\/index.php?rest_route=\/wp\/v2\/types\/product"}],"replies":[{"embeddable":true,"href":"https:\/\/www.lasershop.com.br\/index.php?rest_route=%2Fwp%2Fv2%2Fcomments&post=398"}],"wp:featuredmedia":[{"embeddable":true,"href":"https:\/\/www.lasershop.com.br\/index.php?rest_route=\/wp\/v2\/media\/399"}],"wp:attachment":[{"href":"https:\/\/www.lasershop.com.br\/index.php?rest_route=%2Fwp%2Fv2%2Fmedia&parent=398"}],"wp:term":[{"taxonomy":"product_brand","embeddable":true,"href":"https:\/\/www.lasershop.com.br\/index.php?rest_route=%2Fwp%2Fv2%2Fproduct_brand&post=398"},{"taxonomy":"product_cat","embeddable":true,"href":"https:\/\/www.lasershop.com.br\/index.php?rest_route=%2Fwp%2Fv2%2Fproduct_cat&post=398"},{"taxonomy":"product_tag","embeddable":true,"href":"https:\/\/www.lasershop.com.br\/index.php?rest_route=%2Fwp%2Fv2%2Fproduct_tag&post=398"}],"curies":[{"name":"wp","href":"https:\/\/api.w.org\/{rel}","templated":true}]}}