{"id":403,"date":"2019-03-25T17:15:32","date_gmt":"2019-03-25T17:15:32","guid":{"rendered":"https:\/\/lasershop.com.br\/?post_type=product&#038;p=403"},"modified":"2019-03-25T17:15:33","modified_gmt":"2019-03-25T17:15:33","slug":"dl410-monitor-cirurgico-oxipet-plus","status":"publish","type":"product","link":"https:\/\/www.lasershop.com.br\/?product=dl410-monitor-cirurgico-oxipet-plus","title":{"rendered":"DL410 &#8211; Monitor Cir\u00fargico Oxipet Plus"},"content":{"rendered":"<body><p style=\"text-align: justify;\">O Monitor Cirurgico DL410 Oxipet Plus Vet \u00e9 um ox\u00edmetro desenvolvido para uso exclusivo veterin\u00e1rio, possui tela de LCD gr\u00e1fico com alta defini\u00e7\u00e3o, permitindo a visualiza\u00e7\u00e3o da curva pletismogr\u00e1fica, SpO2, freq\u00fc\u00eancia card\u00edaca (BPM) e temperatura. Tem sua aplica\u00e7\u00e3o em uma variedade de situa\u00e7\u00f5es, as quais requerem monitora\u00e7\u00e3o da satura\u00e7\u00e3o de oxig\u00eanio, pulso card\u00edaco e temperatura.<\/p>\n<p><strong>Especifica\u00e7\u00f5es t\u00e9cnicas<br>\n<\/strong><br>\n\u2013 Avan\u00e7ado algoritmo de processamento de sinais, Anti Motion Interference;<br>\n\u2013 Processamento do sinal digital, melhorando a precis\u00e3o em baixa perfus\u00e3o;<br>\n\u2013 Display de alta resolu\u00e7\u00e3o;<br>\n\u2013 Alta performance de SpO2 em baixas perfus\u00f5es: Amplitude m\u00ednima de pulso \u00e9 0,075%;<br>\n\u2013 Sensor de Temperatura Retal de alta precis\u00e3o (0,1 \u00b0C);<br>\n\u2013 Imunidade a interfer\u00eancias em alta frequ\u00eancia;<br>\n\u2013 Alarme sonoro e visual;<br>\n\u2013 Acompanha 1 Cabo com sensor de SpO2 \/ Pulso(BPM)\u00a0 e 1 Cabo com sensor retal\/esof\u00e1gico de Temperatura reutiliz\u00e1vel.<\/p>\n<p><span><strong>Satura\u00e7\u00e3o de Oxig\u00eanio:<\/strong><\/span><\/p>\n<p><\/p>\n<p style=\"text-align: justify;\">O DL410 Oxipet Plus Vet utiliza luz para mensurar a satura\u00e7\u00e3o de oxig\u00eanio. Seu sensor deve ser aplicado em um local que possua corrente sangu\u00ednea, indica-se a l\u00edngua. A luz \u00e9 emitida a partir de fontes de Luz de LED que atravessam o local com corrente sangu\u00ednea e atingem o fotodetector.<\/p>\n<p style=\"text-align: justify;\">O Sensor do Oximetro possui 2 tipos de luz para detectar a satura\u00e7\u00e3o de oxig\u00eanio, a luz vermelha e a luz infravermelha. A oxihemoglobina absorve mais luz infra-vermelha e a desoxihemoglobina absorve mais luz vermelha.<\/p>\n<p>O Oximetro trabalha com a quantidade de luz vermelha e infra-vermelha absorvida pelo sangue. Dependendo da quantidade presente de hemoglobina e desoxihemoglobina, a raz\u00e3o da quantidade de luz vermelha absorvida comparada com a quantidade de luz infra-vermelha varia.<\/p>\n<p style=\"text-align: left;\">O DL410 Oxipet Plus realiza um c\u00e1lculo matem\u00e1tico para determinar o percentual de sangue que est\u00e1 saturado com oxig\u00eanio. A capta\u00e7\u00e3o da luz puls\u00e1til permite verificar a amplitude e freq\u00fc\u00eancia de pulso. Esse sinal \u00e9 chamado de curva pletismogr\u00e1fica e \u00e9 importante na avalia\u00e7\u00e3o do paciente. Sempre observe a curva pletismogr\u00e1fica primeiro, depois observe a satura\u00e7\u00e3o de oxig\u00eanio.<\/p>\n<p><span><strong>Pulso Card\u00edaco<br>\n<\/strong><\/span><\/p>\n<p>O ox\u00edmetro mensura o pulso atrav\u00e9s do pico de absor\u00e7\u00e3o dado pelo sinal puls\u00e1til atrav\u00e9s do sensor na parte do corpo do paciente, o ox\u00edmetro faz o c\u00e1lculo da quantidade de batimentos por minuto.<\/p>\n<p>\u2013 Bip sonoro de Pulso;<br>\n\u2013 Faixa de medidas: 30 a 250 bpm;<br>\n\u2013 Precis\u00e3o: 30 a 250 bpm = \u00b1 2;<br>\n\u2013 30 a 250 bpm = \u00b13 (baixa perfus\u00e3o ou movimento).<\/p>\n<p><span><strong>Temperatura<\/strong><\/span><\/p>\n<p>O sensor de temperatura com cabo de silicone pode ser posicionado via retal ou esof\u00e1gica. Possui faixa de medidas de 0 a 60\u00b0C e precis\u00e3o de 0,1\u00b0.<\/p>\n<\/body>","protected":false},"excerpt":{"rendered":"<p>O Monitor Cirurgico DL410 Oxipet Plus Vet \u00e9 um ox\u00edmetro desenvolvido para uso exclusivo veterin\u00e1rio, possui tela de LCD gr\u00e1fico com alta defini\u00e7\u00e3o, permitindo a visualiza\u00e7\u00e3o da curva pletismogr\u00e1fica, SpO2, freq\u00fc\u00eancia card\u00edaca (BPM) e temperatura. Tem sua aplica\u00e7\u00e3o em uma variedade de situa\u00e7\u00f5es, as quais requerem monitora\u00e7\u00e3o da satura\u00e7\u00e3o de oxig\u00eanio, pulso card\u00edaco e temperatura. [&hellip;]<\/p>\n","protected":false},"featured_media":404,"comment_status":"open","ping_status":"closed","template":"","meta":{"_et_pb_use_builder":"","_et_pb_old_content":"","_et_gb_content_width":""},"product_brand":[],"product_cat":[24],"product_tag":[],"class_list":{"0":"post-403","1":"product","2":"type-product","3":"status-publish","4":"has-post-thumbnail","6":"product_cat-linha-veterinaria","8":"first","9":"instock","10":"taxable","11":"shipping-taxable","12":"purchasable","13":"product-type-simple"},"yoast_head":"<!-- This site is optimized with the Yoast SEO plugin v27.3 - https:\/\/yoast.com\/product\/yoast-seo-wordpress\/ -->\n<title>DL410 - Monitor Cir\u00fargico Oxipet Plus - Laser Shop<\/title>\n<meta name=\"robots\" content=\"index, follow, max-snippet:-1, max-image-preview:large, max-video-preview:-1\" \/>\n<link rel=\"canonical\" href=\"https:\/\/www.lasershop.com.br\/?product=dl410-monitor-cirurgico-oxipet-plus\" \/>\n<meta property=\"og:locale\" content=\"pt_BR\" \/>\n<meta property=\"og:type\" content=\"article\" \/>\n<meta property=\"og:title\" content=\"DL410 - Monitor Cir\u00fargico Oxipet Plus - Laser Shop\" \/>\n<meta property=\"og:description\" content=\"O Monitor Cirurgico DL410 Oxipet Plus Vet \u00e9 um ox\u00edmetro desenvolvido para uso exclusivo veterin\u00e1rio, possui tela de LCD gr\u00e1fico com alta defini\u00e7\u00e3o, permitindo a visualiza\u00e7\u00e3o da curva pletismogr\u00e1fica, SpO2, freq\u00fc\u00eancia card\u00edaca (BPM) e temperatura. Tem sua aplica\u00e7\u00e3o em uma variedade de situa\u00e7\u00f5es, as quais requerem monitora\u00e7\u00e3o da satura\u00e7\u00e3o de oxig\u00eanio, pulso card\u00edaco e temperatura. [&hellip;]\" \/>\n<meta property=\"og:url\" content=\"https:\/\/www.lasershop.com.br\/?product=dl410-monitor-cirurgico-oxipet-plus\" \/>\n<meta property=\"og:site_name\" content=\"Laser Shop\" \/>\n<meta property=\"article:publisher\" content=\"https:\/\/facebook.com\/codaxmedica\" \/>\n<meta property=\"article:modified_time\" content=\"2019-03-25T17:15:33+00:00\" \/>\n<meta property=\"og:image\" content=\"https:\/\/lasershop.com.br\/wp-content\/uploads\/2019\/03\/dl410-plus-vet.jpg\" \/>\n\t<meta property=\"og:image:width\" content=\"418\" \/>\n\t<meta property=\"og:image:height\" content=\"357\" \/>\n\t<meta property=\"og:image:type\" content=\"image\/jpeg\" \/>\n<meta name=\"twitter:card\" content=\"summary_large_image\" \/>\n<meta name=\"twitter:label1\" content=\"Est. tempo de leitura\" \/>\n\t<meta name=\"twitter:data1\" content=\"2 minutos\" \/>\n<script type=\"application\/ld+json\" class=\"yoast-schema-graph\">{\"@context\":\"https:\\\/\\\/schema.org\",\"@graph\":[{\"@type\":\"WebPage\",\"@id\":\"https:\\\/\\\/www.lasershop.com.br\\\/?product=dl410-monitor-cirurgico-oxipet-plus\",\"url\":\"https:\\\/\\\/www.lasershop.com.br\\\/?product=dl410-monitor-cirurgico-oxipet-plus\",\"name\":\"DL410 - Monitor Cir\u00fargico Oxipet Plus - Laser Shop\",\"isPartOf\":{\"@id\":\"https:\\\/\\\/www.lasershop.com.br\\\/#website\"},\"primaryImageOfPage\":{\"@id\":\"https:\\\/\\\/www.lasershop.com.br\\\/?product=dl410-monitor-cirurgico-oxipet-plus#primaryimage\"},\"image\":{\"@id\":\"https:\\\/\\\/www.lasershop.com.br\\\/?product=dl410-monitor-cirurgico-oxipet-plus#primaryimage\"},\"thumbnailUrl\":\"https:\\\/\\\/lasershop.com.br\\\/wp-content\\\/uploads\\\/2019\\\/03\\\/dl410-plus-vet.jpg\",\"datePublished\":\"2019-03-25T17:15:32+00:00\",\"dateModified\":\"2019-03-25T17:15:33+00:00\",\"breadcrumb\":{\"@id\":\"https:\\\/\\\/www.lasershop.com.br\\\/?product=dl410-monitor-cirurgico-oxipet-plus#breadcrumb\"},\"inLanguage\":\"pt-BR\",\"potentialAction\":[{\"@type\":\"ReadAction\",\"target\":[\"https:\\\/\\\/www.lasershop.com.br\\\/?product=dl410-monitor-cirurgico-oxipet-plus\"]}]},{\"@type\":\"ImageObject\",\"inLanguage\":\"pt-BR\",\"@id\":\"https:\\\/\\\/www.lasershop.com.br\\\/?product=dl410-monitor-cirurgico-oxipet-plus#primaryimage\",\"url\":\"https:\\\/\\\/lasershop.com.br\\\/wp-content\\\/uploads\\\/2019\\\/03\\\/dl410-plus-vet.jpg\",\"contentUrl\":\"https:\\\/\\\/lasershop.com.br\\\/wp-content\\\/uploads\\\/2019\\\/03\\\/dl410-plus-vet.jpg\",\"width\":418,\"height\":357},{\"@type\":\"BreadcrumbList\",\"@id\":\"https:\\\/\\\/www.lasershop.com.br\\\/?product=dl410-monitor-cirurgico-oxipet-plus#breadcrumb\",\"itemListElement\":[{\"@type\":\"ListItem\",\"position\":1,\"name\":\"In\u00edcio\",\"item\":\"https:\\\/\\\/www.lasershop.com.br\\\/\"},{\"@type\":\"ListItem\",\"position\":2,\"name\":\"Home\",\"item\":\"https:\\\/\\\/www.lasershop.com.br\\\/?page_id=22\"},{\"@type\":\"ListItem\",\"position\":3,\"name\":\"DL410 &#8211; Monitor Cir\u00fargico Oxipet Plus\"}]},{\"@type\":\"WebSite\",\"@id\":\"https:\\\/\\\/www.lasershop.com.br\\\/#website\",\"url\":\"https:\\\/\\\/www.lasershop.com.br\\\/\",\"name\":\"Laser Shop\",\"description\":\"Aparelhos Eletrom\u00e9dicos pelo melhor pre\u00e7o!\",\"publisher\":{\"@id\":\"https:\\\/\\\/www.lasershop.com.br\\\/#organization\"},\"potentialAction\":[{\"@type\":\"SearchAction\",\"target\":{\"@type\":\"EntryPoint\",\"urlTemplate\":\"https:\\\/\\\/www.lasershop.com.br\\\/?s={search_term_string}\"},\"query-input\":{\"@type\":\"PropertyValueSpecification\",\"valueRequired\":true,\"valueName\":\"search_term_string\"}}],\"inLanguage\":\"pt-BR\"},{\"@type\":\"Organization\",\"@id\":\"https:\\\/\\\/www.lasershop.com.br\\\/#organization\",\"name\":\"Laser Shop\",\"url\":\"https:\\\/\\\/www.lasershop.com.br\\\/\",\"logo\":{\"@type\":\"ImageObject\",\"inLanguage\":\"pt-BR\",\"@id\":\"https:\\\/\\\/www.lasershop.com.br\\\/#\\\/schema\\\/logo\\\/image\\\/\",\"url\":\"https:\\\/\\\/lasershop.com.br\\\/wp-content\\\/uploads\\\/2025\\\/09\\\/LOGO_LASERSHOP-.png\",\"contentUrl\":\"https:\\\/\\\/lasershop.com.br\\\/wp-content\\\/uploads\\\/2025\\\/09\\\/LOGO_LASERSHOP-.png\",\"width\":612,\"height\":408,\"caption\":\"Laser Shop\"},\"image\":{\"@id\":\"https:\\\/\\\/www.lasershop.com.br\\\/#\\\/schema\\\/logo\\\/image\\\/\"},\"sameAs\":[\"https:\\\/\\\/facebook.com\\\/codaxmedica\",\"https:\\\/\\\/instagram.com\\\/codaxmedica\"]}]}<\/script>\n<!-- \/ Yoast SEO plugin. -->","yoast_head_json":{"title":"DL410 - Monitor Cir\u00fargico Oxipet Plus - Laser Shop","robots":{"index":"index","follow":"follow","max-snippet":"max-snippet:-1","max-image-preview":"max-image-preview:large","max-video-preview":"max-video-preview:-1"},"canonical":"https:\/\/www.lasershop.com.br\/?product=dl410-monitor-cirurgico-oxipet-plus","og_locale":"pt_BR","og_type":"article","og_title":"DL410 - Monitor Cir\u00fargico Oxipet Plus - Laser Shop","og_description":"O Monitor Cirurgico DL410 Oxipet Plus Vet \u00e9 um ox\u00edmetro desenvolvido para uso exclusivo veterin\u00e1rio, possui tela de LCD gr\u00e1fico com alta defini\u00e7\u00e3o, permitindo a visualiza\u00e7\u00e3o da curva pletismogr\u00e1fica, SpO2, freq\u00fc\u00eancia card\u00edaca (BPM) e temperatura. Tem sua aplica\u00e7\u00e3o em uma variedade de situa\u00e7\u00f5es, as quais requerem monitora\u00e7\u00e3o da satura\u00e7\u00e3o de oxig\u00eanio, pulso card\u00edaco e temperatura. [&hellip;]","og_url":"https:\/\/www.lasershop.com.br\/?product=dl410-monitor-cirurgico-oxipet-plus","og_site_name":"Laser Shop","article_publisher":"https:\/\/facebook.com\/codaxmedica","article_modified_time":"2019-03-25T17:15:33+00:00","og_image":[{"width":418,"height":357,"url":"https:\/\/lasershop.com.br\/wp-content\/uploads\/2019\/03\/dl410-plus-vet.jpg","type":"image\/jpeg"}],"twitter_card":"summary_large_image","twitter_misc":{"Est. tempo de leitura":"2 minutos"},"schema":{"@context":"https:\/\/schema.org","@graph":[{"@type":"WebPage","@id":"https:\/\/www.lasershop.com.br\/?product=dl410-monitor-cirurgico-oxipet-plus","url":"https:\/\/www.lasershop.com.br\/?product=dl410-monitor-cirurgico-oxipet-plus","name":"DL410 - Monitor Cir\u00fargico Oxipet Plus - Laser Shop","isPartOf":{"@id":"https:\/\/www.lasershop.com.br\/#website"},"primaryImageOfPage":{"@id":"https:\/\/www.lasershop.com.br\/?product=dl410-monitor-cirurgico-oxipet-plus#primaryimage"},"image":{"@id":"https:\/\/www.lasershop.com.br\/?product=dl410-monitor-cirurgico-oxipet-plus#primaryimage"},"thumbnailUrl":"https:\/\/lasershop.com.br\/wp-content\/uploads\/2019\/03\/dl410-plus-vet.jpg","datePublished":"2019-03-25T17:15:32+00:00","dateModified":"2019-03-25T17:15:33+00:00","breadcrumb":{"@id":"https:\/\/www.lasershop.com.br\/?product=dl410-monitor-cirurgico-oxipet-plus#breadcrumb"},"inLanguage":"pt-BR","potentialAction":[{"@type":"ReadAction","target":["https:\/\/www.lasershop.com.br\/?product=dl410-monitor-cirurgico-oxipet-plus"]}]},{"@type":"ImageObject","inLanguage":"pt-BR","@id":"https:\/\/www.lasershop.com.br\/?product=dl410-monitor-cirurgico-oxipet-plus#primaryimage","url":"https:\/\/lasershop.com.br\/wp-content\/uploads\/2019\/03\/dl410-plus-vet.jpg","contentUrl":"https:\/\/lasershop.com.br\/wp-content\/uploads\/2019\/03\/dl410-plus-vet.jpg","width":418,"height":357},{"@type":"BreadcrumbList","@id":"https:\/\/www.lasershop.com.br\/?product=dl410-monitor-cirurgico-oxipet-plus#breadcrumb","itemListElement":[{"@type":"ListItem","position":1,"name":"In\u00edcio","item":"https:\/\/www.lasershop.com.br\/"},{"@type":"ListItem","position":2,"name":"Home","item":"https:\/\/www.lasershop.com.br\/?page_id=22"},{"@type":"ListItem","position":3,"name":"DL410 &#8211; Monitor Cir\u00fargico Oxipet Plus"}]},{"@type":"WebSite","@id":"https:\/\/www.lasershop.com.br\/#website","url":"https:\/\/www.lasershop.com.br\/","name":"Laser Shop","description":"Aparelhos Eletrom\u00e9dicos pelo melhor pre\u00e7o!","publisher":{"@id":"https:\/\/www.lasershop.com.br\/#organization"},"potentialAction":[{"@type":"SearchAction","target":{"@type":"EntryPoint","urlTemplate":"https:\/\/www.lasershop.com.br\/?s={search_term_string}"},"query-input":{"@type":"PropertyValueSpecification","valueRequired":true,"valueName":"search_term_string"}}],"inLanguage":"pt-BR"},{"@type":"Organization","@id":"https:\/\/www.lasershop.com.br\/#organization","name":"Laser Shop","url":"https:\/\/www.lasershop.com.br\/","logo":{"@type":"ImageObject","inLanguage":"pt-BR","@id":"https:\/\/www.lasershop.com.br\/#\/schema\/logo\/image\/","url":"https:\/\/lasershop.com.br\/wp-content\/uploads\/2025\/09\/LOGO_LASERSHOP-.png","contentUrl":"https:\/\/lasershop.com.br\/wp-content\/uploads\/2025\/09\/LOGO_LASERSHOP-.png","width":612,"height":408,"caption":"Laser Shop"},"image":{"@id":"https:\/\/www.lasershop.com.br\/#\/schema\/logo\/image\/"},"sameAs":["https:\/\/facebook.com\/codaxmedica","https:\/\/instagram.com\/codaxmedica"]}]}},"_links":{"self":[{"href":"https:\/\/www.lasershop.com.br\/index.php?rest_route=\/wp\/v2\/product\/403","targetHints":{"allow":["GET"]}}],"collection":[{"href":"https:\/\/www.lasershop.com.br\/index.php?rest_route=\/wp\/v2\/product"}],"about":[{"href":"https:\/\/www.lasershop.com.br\/index.php?rest_route=\/wp\/v2\/types\/product"}],"replies":[{"embeddable":true,"href":"https:\/\/www.lasershop.com.br\/index.php?rest_route=%2Fwp%2Fv2%2Fcomments&post=403"}],"wp:featuredmedia":[{"embeddable":true,"href":"https:\/\/www.lasershop.com.br\/index.php?rest_route=\/wp\/v2\/media\/404"}],"wp:attachment":[{"href":"https:\/\/www.lasershop.com.br\/index.php?rest_route=%2Fwp%2Fv2%2Fmedia&parent=403"}],"wp:term":[{"taxonomy":"product_brand","embeddable":true,"href":"https:\/\/www.lasershop.com.br\/index.php?rest_route=%2Fwp%2Fv2%2Fproduct_brand&post=403"},{"taxonomy":"product_cat","embeddable":true,"href":"https:\/\/www.lasershop.com.br\/index.php?rest_route=%2Fwp%2Fv2%2Fproduct_cat&post=403"},{"taxonomy":"product_tag","embeddable":true,"href":"https:\/\/www.lasershop.com.br\/index.php?rest_route=%2Fwp%2Fv2%2Fproduct_tag&post=403"}],"curies":[{"name":"wp","href":"https:\/\/api.w.org\/{rel}","templated":true}]}}