{"id":418,"date":"2019-03-25T17:29:55","date_gmt":"2019-03-25T17:29:55","guid":{"rendered":"https:\/\/lasershop.com.br\/?post_type=product&#038;p=418"},"modified":"2019-03-25T17:29:55","modified_gmt":"2019-03-25T17:29:55","slug":"dl2000-laser-veterinario","status":"publish","type":"product","link":"https:\/\/www.lasershop.com.br\/?product=dl2000-laser-veterinario","title":{"rendered":"DL2000 &#8211; Laser veterin\u00e1rio"},"content":{"rendered":"<body><div>\n<form id=\"product_addtocart_form\" action=\"http:\/\/www.deltalife.com.br\/checkout\/cart\/add\/uenc\/aHR0cDovL3d3dy5kZWx0YWxpZmUuY29tLmJyL2VxdWlwYW1lbnRvcy12ZXRlcmluYXJpb3MvbGFzZXItdmV0ZXJpbmFyaW8tZGwyMDAwLXZldC5odG1s\/product\/2\/\" method=\"post\">\n<div>\n<div>\n<div>\n<p>O Laser DL 2000 \u00e9 um equipamento exclusivo para uso veterin\u00e1rio. Sua fun\u00e7\u00e3o \u00e9 realizar a Laserterapia e a laserpuntura em animais de pequeno, m\u00e9dio e grande porte.<\/p>\n<p>A laserterapia ou fototerapia atua acelerando processos de cicatriza\u00e7\u00e3o no fechamento de feridas, pr\u00e9 e p\u00f3s operat\u00f3rios cir\u00fargicos, inflama\u00e7\u00f5es, atuando na estimula\u00e7\u00e3o e no reparo de c\u00e9lulas nervosas em parestesias e nevralgias.<\/p>\n<p>A Laserpuntura atua na estimula\u00e7\u00e3o dos pontos de acupuntura tradicionais atrav\u00e9s de est\u00edmulos luminosos de baixa intensidade, n\u00e3o t\u00e9rmicos.<\/p>\n<div>\n<div>\n<h2><span style=\"font-size: 12pt;\">Detalhes<\/span><\/h2>\n<\/div>\n<\/div>\n<p>\u2013 Processador integrado e desenvolvido especialmente para a \u00e1rea veterin\u00e1ria;<br>\n\u2013 Canetas em alum\u00ednio anodizado remov\u00edveis e de f\u00e1cil limpeza;<br>\n\u2013 Leve e compacto;<br>\n\u2013 Bivolt;<br>\n\u2013 Acompanha: caneta de 660nm com 100mW e caneta de 808nm com 120mW.<\/p>\n<\/div>\n<\/div>\n<\/div>\n<\/form>\n<\/div>\n<div>\n<div>\n<h2><\/h2>\n<\/div>\n<\/div>\n<\/body>","protected":false},"excerpt":{"rendered":"<p>O Laser DL 2000 \u00e9 um equipamento exclusivo para uso veterin\u00e1rio. Sua fun\u00e7\u00e3o \u00e9 realizar a Laserterapia e a laserpuntura em animais de pequeno, m\u00e9dio e grande porte. A laserterapia ou fototerapia atua acelerando processos de cicatriza\u00e7\u00e3o no fechamento de feridas, pr\u00e9 e p\u00f3s operat\u00f3rios cir\u00fargicos, inflama\u00e7\u00f5es, atuando na estimula\u00e7\u00e3o e no reparo de c\u00e9lulas [&hellip;]<\/p>\n","protected":false},"featured_media":419,"comment_status":"open","ping_status":"closed","template":"","meta":{"_et_pb_use_builder":"","_et_pb_old_content":"","_et_gb_content_width":""},"product_brand":[],"product_cat":[24],"product_tag":[],"class_list":{"0":"post-418","1":"product","2":"type-product","3":"status-publish","4":"has-post-thumbnail","6":"product_cat-linha-veterinaria","8":"first","9":"instock","10":"taxable","11":"shipping-taxable","12":"purchasable","13":"product-type-simple"},"yoast_head":"<!-- This site is optimized with the Yoast SEO plugin v27.3 - https:\/\/yoast.com\/product\/yoast-seo-wordpress\/ -->\n<title>DL2000 - Laser veterin\u00e1rio - Laser Shop<\/title>\n<meta name=\"robots\" content=\"index, follow, max-snippet:-1, max-image-preview:large, max-video-preview:-1\" \/>\n<link rel=\"canonical\" href=\"https:\/\/www.lasershop.com.br\/?product=dl2000-laser-veterinario\" \/>\n<meta property=\"og:locale\" content=\"pt_BR\" \/>\n<meta property=\"og:type\" content=\"article\" \/>\n<meta property=\"og:title\" content=\"DL2000 - Laser veterin\u00e1rio - Laser Shop\" \/>\n<meta property=\"og:description\" content=\"O Laser DL 2000 \u00e9 um equipamento exclusivo para uso veterin\u00e1rio. Sua fun\u00e7\u00e3o \u00e9 realizar a Laserterapia e a laserpuntura em animais de pequeno, m\u00e9dio e grande porte. A laserterapia ou fototerapia atua acelerando processos de cicatriza\u00e7\u00e3o no fechamento de feridas, pr\u00e9 e p\u00f3s operat\u00f3rios cir\u00fargicos, inflama\u00e7\u00f5es, atuando na estimula\u00e7\u00e3o e no reparo de c\u00e9lulas [&hellip;]\" \/>\n<meta property=\"og:url\" content=\"https:\/\/www.lasershop.com.br\/?product=dl2000-laser-veterinario\" \/>\n<meta property=\"og:site_name\" content=\"Laser Shop\" \/>\n<meta property=\"article:publisher\" content=\"https:\/\/facebook.com\/codaxmedica\" \/>\n<meta property=\"og:image\" content=\"https:\/\/lasershop.com.br\/wp-content\/uploads\/2019\/03\/DL2000.jpg\" \/>\n\t<meta property=\"og:image:width\" content=\"900\" \/>\n\t<meta property=\"og:image:height\" content=\"900\" \/>\n\t<meta property=\"og:image:type\" content=\"image\/jpeg\" \/>\n<meta name=\"twitter:card\" content=\"summary_large_image\" \/>\n<meta name=\"twitter:label1\" content=\"Est. tempo de leitura\" \/>\n\t<meta name=\"twitter:data1\" content=\"1 minuto\" \/>\n<script type=\"application\/ld+json\" class=\"yoast-schema-graph\">{\"@context\":\"https:\\\/\\\/schema.org\",\"@graph\":[{\"@type\":\"WebPage\",\"@id\":\"https:\\\/\\\/www.lasershop.com.br\\\/?product=dl2000-laser-veterinario\",\"url\":\"https:\\\/\\\/www.lasershop.com.br\\\/?product=dl2000-laser-veterinario\",\"name\":\"DL2000 - Laser veterin\u00e1rio - Laser Shop\",\"isPartOf\":{\"@id\":\"https:\\\/\\\/www.lasershop.com.br\\\/#website\"},\"primaryImageOfPage\":{\"@id\":\"https:\\\/\\\/www.lasershop.com.br\\\/?product=dl2000-laser-veterinario#primaryimage\"},\"image\":{\"@id\":\"https:\\\/\\\/www.lasershop.com.br\\\/?product=dl2000-laser-veterinario#primaryimage\"},\"thumbnailUrl\":\"https:\\\/\\\/lasershop.com.br\\\/wp-content\\\/uploads\\\/2019\\\/03\\\/DL2000.jpg\",\"datePublished\":\"2019-03-25T17:29:55+00:00\",\"breadcrumb\":{\"@id\":\"https:\\\/\\\/www.lasershop.com.br\\\/?product=dl2000-laser-veterinario#breadcrumb\"},\"inLanguage\":\"pt-BR\",\"potentialAction\":[{\"@type\":\"ReadAction\",\"target\":[\"https:\\\/\\\/www.lasershop.com.br\\\/?product=dl2000-laser-veterinario\"]}]},{\"@type\":\"ImageObject\",\"inLanguage\":\"pt-BR\",\"@id\":\"https:\\\/\\\/www.lasershop.com.br\\\/?product=dl2000-laser-veterinario#primaryimage\",\"url\":\"https:\\\/\\\/lasershop.com.br\\\/wp-content\\\/uploads\\\/2019\\\/03\\\/DL2000.jpg\",\"contentUrl\":\"https:\\\/\\\/lasershop.com.br\\\/wp-content\\\/uploads\\\/2019\\\/03\\\/DL2000.jpg\",\"width\":900,\"height\":900},{\"@type\":\"BreadcrumbList\",\"@id\":\"https:\\\/\\\/www.lasershop.com.br\\\/?product=dl2000-laser-veterinario#breadcrumb\",\"itemListElement\":[{\"@type\":\"ListItem\",\"position\":1,\"name\":\"In\u00edcio\",\"item\":\"https:\\\/\\\/www.lasershop.com.br\\\/\"},{\"@type\":\"ListItem\",\"position\":2,\"name\":\"Home\",\"item\":\"https:\\\/\\\/www.lasershop.com.br\\\/?page_id=22\"},{\"@type\":\"ListItem\",\"position\":3,\"name\":\"DL2000 &#8211; Laser veterin\u00e1rio\"}]},{\"@type\":\"WebSite\",\"@id\":\"https:\\\/\\\/www.lasershop.com.br\\\/#website\",\"url\":\"https:\\\/\\\/www.lasershop.com.br\\\/\",\"name\":\"Laser Shop\",\"description\":\"Aparelhos Eletrom\u00e9dicos pelo melhor pre\u00e7o!\",\"publisher\":{\"@id\":\"https:\\\/\\\/www.lasershop.com.br\\\/#organization\"},\"potentialAction\":[{\"@type\":\"SearchAction\",\"target\":{\"@type\":\"EntryPoint\",\"urlTemplate\":\"https:\\\/\\\/www.lasershop.com.br\\\/?s={search_term_string}\"},\"query-input\":{\"@type\":\"PropertyValueSpecification\",\"valueRequired\":true,\"valueName\":\"search_term_string\"}}],\"inLanguage\":\"pt-BR\"},{\"@type\":\"Organization\",\"@id\":\"https:\\\/\\\/www.lasershop.com.br\\\/#organization\",\"name\":\"Laser Shop\",\"url\":\"https:\\\/\\\/www.lasershop.com.br\\\/\",\"logo\":{\"@type\":\"ImageObject\",\"inLanguage\":\"pt-BR\",\"@id\":\"https:\\\/\\\/www.lasershop.com.br\\\/#\\\/schema\\\/logo\\\/image\\\/\",\"url\":\"https:\\\/\\\/lasershop.com.br\\\/wp-content\\\/uploads\\\/2025\\\/09\\\/LOGO_LASERSHOP-.png\",\"contentUrl\":\"https:\\\/\\\/lasershop.com.br\\\/wp-content\\\/uploads\\\/2025\\\/09\\\/LOGO_LASERSHOP-.png\",\"width\":612,\"height\":408,\"caption\":\"Laser Shop\"},\"image\":{\"@id\":\"https:\\\/\\\/www.lasershop.com.br\\\/#\\\/schema\\\/logo\\\/image\\\/\"},\"sameAs\":[\"https:\\\/\\\/facebook.com\\\/codaxmedica\",\"https:\\\/\\\/instagram.com\\\/codaxmedica\"]}]}<\/script>\n<!-- \/ Yoast SEO plugin. -->","yoast_head_json":{"title":"DL2000 - Laser veterin\u00e1rio - Laser Shop","robots":{"index":"index","follow":"follow","max-snippet":"max-snippet:-1","max-image-preview":"max-image-preview:large","max-video-preview":"max-video-preview:-1"},"canonical":"https:\/\/www.lasershop.com.br\/?product=dl2000-laser-veterinario","og_locale":"pt_BR","og_type":"article","og_title":"DL2000 - Laser veterin\u00e1rio - Laser Shop","og_description":"O Laser DL 2000 \u00e9 um equipamento exclusivo para uso veterin\u00e1rio. Sua fun\u00e7\u00e3o \u00e9 realizar a Laserterapia e a laserpuntura em animais de pequeno, m\u00e9dio e grande porte. A laserterapia ou fototerapia atua acelerando processos de cicatriza\u00e7\u00e3o no fechamento de feridas, pr\u00e9 e p\u00f3s operat\u00f3rios cir\u00fargicos, inflama\u00e7\u00f5es, atuando na estimula\u00e7\u00e3o e no reparo de c\u00e9lulas [&hellip;]","og_url":"https:\/\/www.lasershop.com.br\/?product=dl2000-laser-veterinario","og_site_name":"Laser Shop","article_publisher":"https:\/\/facebook.com\/codaxmedica","og_image":[{"width":900,"height":900,"url":"https:\/\/lasershop.com.br\/wp-content\/uploads\/2019\/03\/DL2000.jpg","type":"image\/jpeg"}],"twitter_card":"summary_large_image","twitter_misc":{"Est. tempo de leitura":"1 minuto"},"schema":{"@context":"https:\/\/schema.org","@graph":[{"@type":"WebPage","@id":"https:\/\/www.lasershop.com.br\/?product=dl2000-laser-veterinario","url":"https:\/\/www.lasershop.com.br\/?product=dl2000-laser-veterinario","name":"DL2000 - Laser veterin\u00e1rio - Laser Shop","isPartOf":{"@id":"https:\/\/www.lasershop.com.br\/#website"},"primaryImageOfPage":{"@id":"https:\/\/www.lasershop.com.br\/?product=dl2000-laser-veterinario#primaryimage"},"image":{"@id":"https:\/\/www.lasershop.com.br\/?product=dl2000-laser-veterinario#primaryimage"},"thumbnailUrl":"https:\/\/lasershop.com.br\/wp-content\/uploads\/2019\/03\/DL2000.jpg","datePublished":"2019-03-25T17:29:55+00:00","breadcrumb":{"@id":"https:\/\/www.lasershop.com.br\/?product=dl2000-laser-veterinario#breadcrumb"},"inLanguage":"pt-BR","potentialAction":[{"@type":"ReadAction","target":["https:\/\/www.lasershop.com.br\/?product=dl2000-laser-veterinario"]}]},{"@type":"ImageObject","inLanguage":"pt-BR","@id":"https:\/\/www.lasershop.com.br\/?product=dl2000-laser-veterinario#primaryimage","url":"https:\/\/lasershop.com.br\/wp-content\/uploads\/2019\/03\/DL2000.jpg","contentUrl":"https:\/\/lasershop.com.br\/wp-content\/uploads\/2019\/03\/DL2000.jpg","width":900,"height":900},{"@type":"BreadcrumbList","@id":"https:\/\/www.lasershop.com.br\/?product=dl2000-laser-veterinario#breadcrumb","itemListElement":[{"@type":"ListItem","position":1,"name":"In\u00edcio","item":"https:\/\/www.lasershop.com.br\/"},{"@type":"ListItem","position":2,"name":"Home","item":"https:\/\/www.lasershop.com.br\/?page_id=22"},{"@type":"ListItem","position":3,"name":"DL2000 &#8211; Laser veterin\u00e1rio"}]},{"@type":"WebSite","@id":"https:\/\/www.lasershop.com.br\/#website","url":"https:\/\/www.lasershop.com.br\/","name":"Laser Shop","description":"Aparelhos Eletrom\u00e9dicos pelo melhor pre\u00e7o!","publisher":{"@id":"https:\/\/www.lasershop.com.br\/#organization"},"potentialAction":[{"@type":"SearchAction","target":{"@type":"EntryPoint","urlTemplate":"https:\/\/www.lasershop.com.br\/?s={search_term_string}"},"query-input":{"@type":"PropertyValueSpecification","valueRequired":true,"valueName":"search_term_string"}}],"inLanguage":"pt-BR"},{"@type":"Organization","@id":"https:\/\/www.lasershop.com.br\/#organization","name":"Laser Shop","url":"https:\/\/www.lasershop.com.br\/","logo":{"@type":"ImageObject","inLanguage":"pt-BR","@id":"https:\/\/www.lasershop.com.br\/#\/schema\/logo\/image\/","url":"https:\/\/lasershop.com.br\/wp-content\/uploads\/2025\/09\/LOGO_LASERSHOP-.png","contentUrl":"https:\/\/lasershop.com.br\/wp-content\/uploads\/2025\/09\/LOGO_LASERSHOP-.png","width":612,"height":408,"caption":"Laser Shop"},"image":{"@id":"https:\/\/www.lasershop.com.br\/#\/schema\/logo\/image\/"},"sameAs":["https:\/\/facebook.com\/codaxmedica","https:\/\/instagram.com\/codaxmedica"]}]}},"_links":{"self":[{"href":"https:\/\/www.lasershop.com.br\/index.php?rest_route=\/wp\/v2\/product\/418","targetHints":{"allow":["GET"]}}],"collection":[{"href":"https:\/\/www.lasershop.com.br\/index.php?rest_route=\/wp\/v2\/product"}],"about":[{"href":"https:\/\/www.lasershop.com.br\/index.php?rest_route=\/wp\/v2\/types\/product"}],"replies":[{"embeddable":true,"href":"https:\/\/www.lasershop.com.br\/index.php?rest_route=%2Fwp%2Fv2%2Fcomments&post=418"}],"wp:featuredmedia":[{"embeddable":true,"href":"https:\/\/www.lasershop.com.br\/index.php?rest_route=\/wp\/v2\/media\/419"}],"wp:attachment":[{"href":"https:\/\/www.lasershop.com.br\/index.php?rest_route=%2Fwp%2Fv2%2Fmedia&parent=418"}],"wp:term":[{"taxonomy":"product_brand","embeddable":true,"href":"https:\/\/www.lasershop.com.br\/index.php?rest_route=%2Fwp%2Fv2%2Fproduct_brand&post=418"},{"taxonomy":"product_cat","embeddable":true,"href":"https:\/\/www.lasershop.com.br\/index.php?rest_route=%2Fwp%2Fv2%2Fproduct_cat&post=418"},{"taxonomy":"product_tag","embeddable":true,"href":"https:\/\/www.lasershop.com.br\/index.php?rest_route=%2Fwp%2Fv2%2Fproduct_tag&post=418"}],"curies":[{"name":"wp","href":"https:\/\/api.w.org\/{rel}","templated":true}]}}