{"id":420,"date":"2019-03-25T17:39:21","date_gmt":"2019-03-25T17:39:21","guid":{"rendered":"https:\/\/lasershop.com.br\/?post_type=product&#038;p=420"},"modified":"2019-03-25T17:39:22","modified_gmt":"2019-03-25T17:39:22","slug":"dl1060-monitor-multiparametrico-bluetooth","status":"publish","type":"product","link":"https:\/\/www.lasershop.com.br\/?product=dl1060-monitor-multiparametrico-bluetooth","title":{"rendered":"DL1060 &#8211; Monitor Multiparam\u00e9trico Bluetooth"},"content":{"rendered":"<body><p class=\"western\" align=\"left\"><span style=\"font-size: 10pt;\"><span>O Monitor Multiparam\u00e9trico Bluetooth DL1060 \u00e9 um equipamento fundamental para m\u00e9dicos veterin\u00e1rios que buscam por simplicidade e praticidade. <\/span><span>Baseado na tecnologia Bluetooth EDR 2.1, ele detecta sinais vitais do paciente e exibe os resultados na tela de seu computador, sem necessidade de atendimento cont\u00ednuo pela equipe m\u00e9dica. Como possui alarmes configur\u00e1veis, o DL1060 oferece suporte necess\u00e1rio para que seu paciente esteja seguramente monitorado sem necessidade de presen\u00e7a permanente do corpo cl\u00ednico junto ao animal.<\/span><\/span><\/p>\n<h2><span style=\"font-size: 12pt;\"><strong>Detalhes<\/strong><br>\n<\/span><\/h2>\n<div class=\"std\">\n<p><span style=\"font-size: 10pt;\">O Monitor Multiparam\u00e9trico DL1060 possui 6\u00a0par\u00e2metros integrados:<\/span><\/p>\n<p>\u2013 <span style=\"font-size: 10pt;\">Eletrocardi\u00f3grafo;<br>\n\u2013 <\/span><span style=\"font-size: 10pt;\">Press\u00e3o Arterial N\u00e3o Invasiva;<br>\n\u2013 <\/span><span style=\"font-size: 10pt;\">Temperatura;<br>\n\u2013 <\/span><span style=\"font-size: 10pt;\">Pulso Card\u00edaco;<br>\n\u2013 <\/span><span style=\"font-size: 10pt;\">Ox\u00edmetro;<br>\n\u2013 <\/span><span style=\"font-size: 10pt;\">Curva Pletismogr\u00e1fica;<\/span><\/p>\n<p><span style=\"font-size: 10pt;\">Baseado na tecnologia Bluetooth EDR 2.1, o equipamento \u00e9 pequeno, simples e pr\u00e1tico, equipamento ideal e \u00fanico para poss\u00edveis transportes e para otimizar o espa\u00e7o de seu consult\u00f3rio.<\/span><\/p>\n<p><span style=\"font-size: 10pt;\"><strong><span style=\"text-decoration: underline;\">Eletrocardi\u00f3grafo:<\/span><\/strong><strong><br>\n<\/strong><\/span><\/p>\n<p><span style=\"font-size: 10pt;\">O DL1060 conta com um excelente Eletrocardi\u00f3grafo integrado, com 7 deriva\u00e7\u00f5es:<\/span><\/p>\n<p><span style=\"font-size: 10pt;\">\u2013 D1<br>\n<\/span><span style=\"font-size: 10pt;\">\u2013 D2<br>\n<\/span><span style=\"font-size: 10pt;\">\u2013 D3<br>\n<\/span><span style=\"font-size: 10pt;\">\u2013 aVF<br>\n<\/span><span style=\"font-size: 10pt;\">\u2013 aVL<br>\n<\/span><span style=\"font-size: 10pt;\">\u2013 aVR<br>\n\u2013 <\/span><span style=\"font-size: 10pt;\">V1<\/span><\/p>\n<p><\/p>\n<p><span style=\"font-size: 10pt;\">obtidas atrav\u00e9s de 4 eletrodos al\u00e9m de 1 pr\u00e9cordial.<\/span><\/p>\n<p><span style=\"text-decoration: underline; font-size: 10pt;\">Outras fun\u00e7\u00f5es do Software integrado:<br>\n<\/span><span style=\"font-size: 10pt;\"><br>\n\u2013 5 ganho configur\u00e1veis;<br>\n<\/span><span style=\"font-size: 10pt;\">\u2013 Precis\u00e3o m\u00ednima de aquisi\u00e7\u00e3o;<br>\n<\/span><span style=\"font-size: 10pt;\">\u2013 Cadastro Cliente\/Propriet\u00e1rio;<br>\n<\/span><span style=\"font-size: 10pt;\">\u2013 Grava\u00e7\u00e3o de exames para rean\u00e1lise posterior;<br>\n<\/span><span style=\"font-size: 10pt;\">\u2013 Suporte para impress\u00e3o;<br>\n<\/span><span style=\"font-size: 10pt;\">\u2013 Gera\u00e7\u00e3o de PDF;<br>\n<\/span><span style=\"font-size: 10pt;\">\u2013 Gera\u00e7\u00e3o de laudos \u00e0 dist\u00e2ncia;<\/span><\/p>\n<\/div>\n<\/body>","protected":false},"excerpt":{"rendered":"<p>O Monitor Multiparam\u00e9trico Bluetooth DL1060 \u00e9 um equipamento fundamental para m\u00e9dicos veterin\u00e1rios que buscam por simplicidade e praticidade. Baseado na tecnologia Bluetooth EDR 2.1, ele detecta sinais vitais do paciente e exibe os resultados na tela de seu computador, sem necessidade de atendimento cont\u00ednuo pela equipe m\u00e9dica. Como possui alarmes configur\u00e1veis, o DL1060 oferece suporte [&hellip;]<\/p>\n","protected":false},"featured_media":421,"comment_status":"open","ping_status":"closed","template":"","meta":{"_et_pb_use_builder":"","_et_pb_old_content":"","_et_gb_content_width":""},"product_brand":[],"product_cat":[24],"product_tag":[],"class_list":{"0":"post-420","1":"product","2":"type-product","3":"status-publish","4":"has-post-thumbnail","6":"product_cat-linha-veterinaria","8":"first","9":"instock","10":"taxable","11":"shipping-taxable","12":"purchasable","13":"product-type-simple"},"yoast_head":"<!-- This site is optimized with the Yoast SEO plugin v27.3 - https:\/\/yoast.com\/product\/yoast-seo-wordpress\/ -->\n<title>DL1060 - Monitor Multiparam\u00e9trico Bluetooth - Laser Shop<\/title>\n<meta name=\"robots\" content=\"index, follow, max-snippet:-1, max-image-preview:large, max-video-preview:-1\" \/>\n<link rel=\"canonical\" href=\"https:\/\/www.lasershop.com.br\/?product=dl1060-monitor-multiparametrico-bluetooth\" \/>\n<meta property=\"og:locale\" content=\"pt_BR\" \/>\n<meta property=\"og:type\" content=\"article\" \/>\n<meta property=\"og:title\" content=\"DL1060 - Monitor Multiparam\u00e9trico Bluetooth - Laser Shop\" \/>\n<meta property=\"og:description\" content=\"O Monitor Multiparam\u00e9trico Bluetooth DL1060 \u00e9 um equipamento fundamental para m\u00e9dicos veterin\u00e1rios que buscam por simplicidade e praticidade. Baseado na tecnologia Bluetooth EDR 2.1, ele detecta sinais vitais do paciente e exibe os resultados na tela de seu computador, sem necessidade de atendimento cont\u00ednuo pela equipe m\u00e9dica. Como possui alarmes configur\u00e1veis, o DL1060 oferece suporte [&hellip;]\" \/>\n<meta property=\"og:url\" content=\"https:\/\/www.lasershop.com.br\/?product=dl1060-monitor-multiparametrico-bluetooth\" \/>\n<meta property=\"og:site_name\" content=\"Laser Shop\" \/>\n<meta property=\"article:publisher\" content=\"https:\/\/facebook.com\/codaxmedica\" \/>\n<meta property=\"article:modified_time\" content=\"2019-03-25T17:39:22+00:00\" \/>\n<meta property=\"og:image\" content=\"https:\/\/lasershop.com.br\/wp-content\/uploads\/2019\/03\/PROD.jpg\" \/>\n\t<meta property=\"og:image:width\" content=\"900\" \/>\n\t<meta property=\"og:image:height\" content=\"900\" \/>\n\t<meta property=\"og:image:type\" content=\"image\/jpeg\" \/>\n<meta name=\"twitter:card\" content=\"summary_large_image\" \/>\n<meta name=\"twitter:label1\" content=\"Est. tempo de leitura\" \/>\n\t<meta name=\"twitter:data1\" content=\"1 minuto\" \/>\n<script type=\"application\/ld+json\" class=\"yoast-schema-graph\">{\"@context\":\"https:\\\/\\\/schema.org\",\"@graph\":[{\"@type\":\"WebPage\",\"@id\":\"https:\\\/\\\/www.lasershop.com.br\\\/?product=dl1060-monitor-multiparametrico-bluetooth\",\"url\":\"https:\\\/\\\/www.lasershop.com.br\\\/?product=dl1060-monitor-multiparametrico-bluetooth\",\"name\":\"DL1060 - Monitor Multiparam\u00e9trico Bluetooth - Laser Shop\",\"isPartOf\":{\"@id\":\"https:\\\/\\\/www.lasershop.com.br\\\/#website\"},\"primaryImageOfPage\":{\"@id\":\"https:\\\/\\\/www.lasershop.com.br\\\/?product=dl1060-monitor-multiparametrico-bluetooth#primaryimage\"},\"image\":{\"@id\":\"https:\\\/\\\/www.lasershop.com.br\\\/?product=dl1060-monitor-multiparametrico-bluetooth#primaryimage\"},\"thumbnailUrl\":\"https:\\\/\\\/lasershop.com.br\\\/wp-content\\\/uploads\\\/2019\\\/03\\\/PROD.jpg\",\"datePublished\":\"2019-03-25T17:39:21+00:00\",\"dateModified\":\"2019-03-25T17:39:22+00:00\",\"breadcrumb\":{\"@id\":\"https:\\\/\\\/www.lasershop.com.br\\\/?product=dl1060-monitor-multiparametrico-bluetooth#breadcrumb\"},\"inLanguage\":\"pt-BR\",\"potentialAction\":[{\"@type\":\"ReadAction\",\"target\":[\"https:\\\/\\\/www.lasershop.com.br\\\/?product=dl1060-monitor-multiparametrico-bluetooth\"]}]},{\"@type\":\"ImageObject\",\"inLanguage\":\"pt-BR\",\"@id\":\"https:\\\/\\\/www.lasershop.com.br\\\/?product=dl1060-monitor-multiparametrico-bluetooth#primaryimage\",\"url\":\"https:\\\/\\\/lasershop.com.br\\\/wp-content\\\/uploads\\\/2019\\\/03\\\/PROD.jpg\",\"contentUrl\":\"https:\\\/\\\/lasershop.com.br\\\/wp-content\\\/uploads\\\/2019\\\/03\\\/PROD.jpg\",\"width\":900,\"height\":900},{\"@type\":\"BreadcrumbList\",\"@id\":\"https:\\\/\\\/www.lasershop.com.br\\\/?product=dl1060-monitor-multiparametrico-bluetooth#breadcrumb\",\"itemListElement\":[{\"@type\":\"ListItem\",\"position\":1,\"name\":\"In\u00edcio\",\"item\":\"https:\\\/\\\/www.lasershop.com.br\\\/\"},{\"@type\":\"ListItem\",\"position\":2,\"name\":\"Home\",\"item\":\"https:\\\/\\\/www.lasershop.com.br\\\/?page_id=22\"},{\"@type\":\"ListItem\",\"position\":3,\"name\":\"DL1060 &#8211; Monitor Multiparam\u00e9trico Bluetooth\"}]},{\"@type\":\"WebSite\",\"@id\":\"https:\\\/\\\/www.lasershop.com.br\\\/#website\",\"url\":\"https:\\\/\\\/www.lasershop.com.br\\\/\",\"name\":\"Laser Shop\",\"description\":\"Aparelhos Eletrom\u00e9dicos pelo melhor pre\u00e7o!\",\"publisher\":{\"@id\":\"https:\\\/\\\/www.lasershop.com.br\\\/#organization\"},\"potentialAction\":[{\"@type\":\"SearchAction\",\"target\":{\"@type\":\"EntryPoint\",\"urlTemplate\":\"https:\\\/\\\/www.lasershop.com.br\\\/?s={search_term_string}\"},\"query-input\":{\"@type\":\"PropertyValueSpecification\",\"valueRequired\":true,\"valueName\":\"search_term_string\"}}],\"inLanguage\":\"pt-BR\"},{\"@type\":\"Organization\",\"@id\":\"https:\\\/\\\/www.lasershop.com.br\\\/#organization\",\"name\":\"Laser Shop\",\"url\":\"https:\\\/\\\/www.lasershop.com.br\\\/\",\"logo\":{\"@type\":\"ImageObject\",\"inLanguage\":\"pt-BR\",\"@id\":\"https:\\\/\\\/www.lasershop.com.br\\\/#\\\/schema\\\/logo\\\/image\\\/\",\"url\":\"https:\\\/\\\/lasershop.com.br\\\/wp-content\\\/uploads\\\/2025\\\/09\\\/LOGO_LASERSHOP-.png\",\"contentUrl\":\"https:\\\/\\\/lasershop.com.br\\\/wp-content\\\/uploads\\\/2025\\\/09\\\/LOGO_LASERSHOP-.png\",\"width\":612,\"height\":408,\"caption\":\"Laser Shop\"},\"image\":{\"@id\":\"https:\\\/\\\/www.lasershop.com.br\\\/#\\\/schema\\\/logo\\\/image\\\/\"},\"sameAs\":[\"https:\\\/\\\/facebook.com\\\/codaxmedica\",\"https:\\\/\\\/instagram.com\\\/codaxmedica\"]}]}<\/script>\n<!-- \/ Yoast SEO plugin. -->","yoast_head_json":{"title":"DL1060 - Monitor Multiparam\u00e9trico Bluetooth - Laser Shop","robots":{"index":"index","follow":"follow","max-snippet":"max-snippet:-1","max-image-preview":"max-image-preview:large","max-video-preview":"max-video-preview:-1"},"canonical":"https:\/\/www.lasershop.com.br\/?product=dl1060-monitor-multiparametrico-bluetooth","og_locale":"pt_BR","og_type":"article","og_title":"DL1060 - Monitor Multiparam\u00e9trico Bluetooth - Laser Shop","og_description":"O Monitor Multiparam\u00e9trico Bluetooth DL1060 \u00e9 um equipamento fundamental para m\u00e9dicos veterin\u00e1rios que buscam por simplicidade e praticidade. Baseado na tecnologia Bluetooth EDR 2.1, ele detecta sinais vitais do paciente e exibe os resultados na tela de seu computador, sem necessidade de atendimento cont\u00ednuo pela equipe m\u00e9dica. Como possui alarmes configur\u00e1veis, o DL1060 oferece suporte [&hellip;]","og_url":"https:\/\/www.lasershop.com.br\/?product=dl1060-monitor-multiparametrico-bluetooth","og_site_name":"Laser Shop","article_publisher":"https:\/\/facebook.com\/codaxmedica","article_modified_time":"2019-03-25T17:39:22+00:00","og_image":[{"width":900,"height":900,"url":"https:\/\/lasershop.com.br\/wp-content\/uploads\/2019\/03\/PROD.jpg","type":"image\/jpeg"}],"twitter_card":"summary_large_image","twitter_misc":{"Est. tempo de leitura":"1 minuto"},"schema":{"@context":"https:\/\/schema.org","@graph":[{"@type":"WebPage","@id":"https:\/\/www.lasershop.com.br\/?product=dl1060-monitor-multiparametrico-bluetooth","url":"https:\/\/www.lasershop.com.br\/?product=dl1060-monitor-multiparametrico-bluetooth","name":"DL1060 - Monitor Multiparam\u00e9trico Bluetooth - Laser Shop","isPartOf":{"@id":"https:\/\/www.lasershop.com.br\/#website"},"primaryImageOfPage":{"@id":"https:\/\/www.lasershop.com.br\/?product=dl1060-monitor-multiparametrico-bluetooth#primaryimage"},"image":{"@id":"https:\/\/www.lasershop.com.br\/?product=dl1060-monitor-multiparametrico-bluetooth#primaryimage"},"thumbnailUrl":"https:\/\/lasershop.com.br\/wp-content\/uploads\/2019\/03\/PROD.jpg","datePublished":"2019-03-25T17:39:21+00:00","dateModified":"2019-03-25T17:39:22+00:00","breadcrumb":{"@id":"https:\/\/www.lasershop.com.br\/?product=dl1060-monitor-multiparametrico-bluetooth#breadcrumb"},"inLanguage":"pt-BR","potentialAction":[{"@type":"ReadAction","target":["https:\/\/www.lasershop.com.br\/?product=dl1060-monitor-multiparametrico-bluetooth"]}]},{"@type":"ImageObject","inLanguage":"pt-BR","@id":"https:\/\/www.lasershop.com.br\/?product=dl1060-monitor-multiparametrico-bluetooth#primaryimage","url":"https:\/\/lasershop.com.br\/wp-content\/uploads\/2019\/03\/PROD.jpg","contentUrl":"https:\/\/lasershop.com.br\/wp-content\/uploads\/2019\/03\/PROD.jpg","width":900,"height":900},{"@type":"BreadcrumbList","@id":"https:\/\/www.lasershop.com.br\/?product=dl1060-monitor-multiparametrico-bluetooth#breadcrumb","itemListElement":[{"@type":"ListItem","position":1,"name":"In\u00edcio","item":"https:\/\/www.lasershop.com.br\/"},{"@type":"ListItem","position":2,"name":"Home","item":"https:\/\/www.lasershop.com.br\/?page_id=22"},{"@type":"ListItem","position":3,"name":"DL1060 &#8211; Monitor Multiparam\u00e9trico Bluetooth"}]},{"@type":"WebSite","@id":"https:\/\/www.lasershop.com.br\/#website","url":"https:\/\/www.lasershop.com.br\/","name":"Laser Shop","description":"Aparelhos Eletrom\u00e9dicos pelo melhor pre\u00e7o!","publisher":{"@id":"https:\/\/www.lasershop.com.br\/#organization"},"potentialAction":[{"@type":"SearchAction","target":{"@type":"EntryPoint","urlTemplate":"https:\/\/www.lasershop.com.br\/?s={search_term_string}"},"query-input":{"@type":"PropertyValueSpecification","valueRequired":true,"valueName":"search_term_string"}}],"inLanguage":"pt-BR"},{"@type":"Organization","@id":"https:\/\/www.lasershop.com.br\/#organization","name":"Laser Shop","url":"https:\/\/www.lasershop.com.br\/","logo":{"@type":"ImageObject","inLanguage":"pt-BR","@id":"https:\/\/www.lasershop.com.br\/#\/schema\/logo\/image\/","url":"https:\/\/lasershop.com.br\/wp-content\/uploads\/2025\/09\/LOGO_LASERSHOP-.png","contentUrl":"https:\/\/lasershop.com.br\/wp-content\/uploads\/2025\/09\/LOGO_LASERSHOP-.png","width":612,"height":408,"caption":"Laser Shop"},"image":{"@id":"https:\/\/www.lasershop.com.br\/#\/schema\/logo\/image\/"},"sameAs":["https:\/\/facebook.com\/codaxmedica","https:\/\/instagram.com\/codaxmedica"]}]}},"_links":{"self":[{"href":"https:\/\/www.lasershop.com.br\/index.php?rest_route=\/wp\/v2\/product\/420","targetHints":{"allow":["GET"]}}],"collection":[{"href":"https:\/\/www.lasershop.com.br\/index.php?rest_route=\/wp\/v2\/product"}],"about":[{"href":"https:\/\/www.lasershop.com.br\/index.php?rest_route=\/wp\/v2\/types\/product"}],"replies":[{"embeddable":true,"href":"https:\/\/www.lasershop.com.br\/index.php?rest_route=%2Fwp%2Fv2%2Fcomments&post=420"}],"wp:featuredmedia":[{"embeddable":true,"href":"https:\/\/www.lasershop.com.br\/index.php?rest_route=\/wp\/v2\/media\/421"}],"wp:attachment":[{"href":"https:\/\/www.lasershop.com.br\/index.php?rest_route=%2Fwp%2Fv2%2Fmedia&parent=420"}],"wp:term":[{"taxonomy":"product_brand","embeddable":true,"href":"https:\/\/www.lasershop.com.br\/index.php?rest_route=%2Fwp%2Fv2%2Fproduct_brand&post=420"},{"taxonomy":"product_cat","embeddable":true,"href":"https:\/\/www.lasershop.com.br\/index.php?rest_route=%2Fwp%2Fv2%2Fproduct_cat&post=420"},{"taxonomy":"product_tag","embeddable":true,"href":"https:\/\/www.lasershop.com.br\/index.php?rest_route=%2Fwp%2Fv2%2Fproduct_tag&post=420"}],"curies":[{"name":"wp","href":"https:\/\/api.w.org\/{rel}","templated":true}]}}