{"id":427,"date":"2019-03-25T17:52:11","date_gmt":"2019-03-25T17:52:11","guid":{"rendered":"https:\/\/lasershop.com.br\/?post_type=product&#038;p=427"},"modified":"2019-03-25T17:55:06","modified_gmt":"2019-03-25T17:55:06","slug":"dl1000-monitor-multiparametrico-touch-screen-veterinario-2","status":"publish","type":"product","link":"https:\/\/www.lasershop.com.br\/?product=dl1000-monitor-multiparametrico-touch-screen-veterinario-2","title":{"rendered":"DL1000 &#8211; Monitor Multiparam\u00e9trico Touch Screen (Veterin\u00e1rio)"},"content":{"rendered":"<body><div class=\"short-description\">\n<p style=\"margin-bottom: 0cm; line-height: 100%;\">O Monitor Multiparam\u00e9trico DL1000 Touch screen \u00e9 um equipamento fundamental para cl\u00ednicas e hospitais veterin\u00e1rios. Ele detecta sinais vitais do paciente e exibe os resultados simultaneamente para a efetividade do acompanhamento cir\u00fargico. Como possui alarmes configur\u00e1veis, o DL1000 oferece suporte necess\u00e1rio para que seu paciente esteja seguramente monitorado.<\/p>\n<\/div>\n<p><span style=\"font-size: 10pt;\"><strong><br>\n9 Par\u00e2metros Integrados:<\/strong><\/span><\/p>\n<p>\u00a0<\/p>\n<ul style=\"list-style-type: disc;\">\n<li>Eletrocardi\u00f3grafo. Possibilita realizar laudos a dist\u00e2ncia.<\/li>\n<li>Ox\u00edmetro;<\/li>\n<li>Curva Pletismogr\u00e1fica;<\/li>\n<li>Frequ\u00eancia card\u00edaca pelo ECG;<\/li>\n<li>Pulso card\u00edaco pelo Ox\u00edmetro;<\/li>\n<li>Press\u00e3o Arterial PANI Sist\u00f3lica, Diast\u00f3lica e M\u00e9dia;<\/li>\n<li>Frequ\u00eancia respirat\u00f3ria \u2013 Sensor de respira\u00e7\u00e3o pelo fluxo de ar (exclusivo no mercado);<\/li>\n<li>Temperatura;<\/li>\n<li>Tabela de Tend\u00eancia PANI<\/li>\n<\/ul>\n<p><span style=\"text-decoration: underline;\"><strong><br>\n1.1 Caracter\u00edsticas<\/strong><\/span><\/p>\n<p>\u00a0<\/p>\n<p>\u2013 O Monitor Multiparam\u00e9trico DL1000 \u00e9 um Touch Screen de alta resolu\u00e7\u00e3o.<\/p>\n<p>\u2013 Eletrocardiograma com 6 deriva\u00e7\u00f5es (DI, DII, DIII, aVf, aVL, aVr) e 1 precordial com a possibilidade de exibir 5 deriva\u00e7\u00f5es simult\u00e2neas na tela.<\/p>\n<p>\u2013 Fun\u00e7\u00e3o Cirurgia: onde uma deriva\u00e7\u00e3o pode ser exibida de forma cont\u00ednua na tela.<\/p>\n<p>\u2013 Software para leitura, armazenamento e impress\u00e3o do eletrocardiograma.<\/p>\n<p>\u2013 Ox\u00edmetro com curva pletismgr\u00e1fica.<\/p>\n<p>\u2013 Frequ\u00eancia card\u00edaca.<\/p>\n<p>\u2013 Pulso card\u00edaco (Junto com a leitura da frequ\u00eanca card\u00edaca facilita a identifica\u00e7\u00e3o da fabrica\u00e7\u00e3o card\u00edaca)<\/p>\n<p>\u2013 Press\u00e3o arterial sistolica, diastolica e m\u00e9dia com configura\u00e7\u00e3o de leituras por tempo e leituras singulares.<\/p>\n<p>\u2013 Sensor de respira\u00e7\u00e3o com exclusivo sensor que se conecta ao tubo traquial, possibilitando a verifica\u00e7\u00e3o da frequ\u00eancia\u00a0 respirat\u00f3ria\u00a0at\u00e9 em paciente neonatal.<\/p>\n<p>\u2013 Leitura da temperatura esof\u00e1gica.<\/p>\n<p>\u2013 Software para realiza\u00e7\u00e3o de eletrocardiograma via internet pelos 3 cardiologistas consultores da Delta Life (Laudo de Eletrocardiograma a dist\u00e2ncia).<\/p>\n<p>\u201cSoftware para envio de laudos a dist\u00e2ncia\u201d Curva pletismogr\u00e1fica;\u00a0 SpO2 com sensor digital, frequ\u00eancia card\u00edaca, temperatura e press\u00e3o arterial;<br>\n\u2022 Alto desempenho em baixa perfus\u00e3o;<br>\n\u2022 Cabo paciente de 5 vias;<br>\n\u2022 Cabo sensor de temperatura retal, com 3 m de comprimento cada;<br>\n\u2022 Conex\u00e3o USB;<br>\n\u2022 5 manguitos com tamanhos diferentes;<br>\n\u2022 Software para grava\u00e7\u00e3o de exames de ECG dos pacientes;<br>\n\u2022 Sistema de an\u00e1lise por impress\u00e3o;<br>\n\u2022 F\u00e1cil instala\u00e7\u00e3o;<br>\n\u2022 Cursores eletr\u00f4nicos para medidas;<br>\n\u2022 Gera\u00e7\u00e3o de laudo eletr\u00f4nico de ECG para envio ao cliente;<br>\n\u2022 Detector de respira\u00e7\u00e3o.<\/p>\n<p><span style=\"text-decoration: underline;\"><strong>1.2 ESPECIFICA\u00c7\u00d5ES T\u00c9CNICAS<\/strong><\/span><\/p>\n<p>\u2022 Avan\u00e7ado algoritmo de processamento de sinais, Anti Motion Interference;<br>\n\u2022 Processamento do sinal digital, melhorando a precis\u00e3o em baixa perfus\u00e3o;<br>\n\u2022 Display de alta resolu\u00e7\u00e3o;<br>\n\u2022 Alto desempenho de SpO2 em baixas perfus\u00f5es: Amplitude m\u00ednima de pulso \u00e9 0,075%;<br>\n\u2022 Sensor de Temperatura Retal de alta precis\u00e3o (0,1 \u00b0C);<br>\n\u2022 Imunidade a interfer\u00eancias em alta frequ\u00eancia.<br>\n\u2022 Eletrocardiograma com alta efici\u00eancia. Processamento do sinal digital possibilitando a<br>\nsepara\u00e7\u00e3o total do sinal do ru\u00eddo.<br>\n\u2022 Monitor de press\u00e3o desenvolvido para a \u00e1rea veterin\u00e1ria possibilitando o uso em pequenos<br>\nanimais.<\/p>\n<\/body>","protected":false},"excerpt":{"rendered":"<p>O Monitor Multiparam\u00e9trico DL1000 Touch screen \u00e9 um equipamento fundamental para cl\u00ednicas e hospitais veterin\u00e1rios. Ele detecta sinais vitais do paciente e exibe os resultados simultaneamente para a efetividade do acompanhamento cir\u00fargico. Como possui alarmes configur\u00e1veis, o DL1000 oferece suporte necess\u00e1rio para que seu paciente esteja seguramente monitorado. 9 Par\u00e2metros Integrados: \u00a0 Eletrocardi\u00f3grafo. Possibilita realizar [&hellip;]<\/p>\n","protected":false},"featured_media":428,"comment_status":"open","ping_status":"closed","template":"","meta":{"_et_pb_use_builder":"","_et_pb_old_content":"","_et_gb_content_width":""},"product_brand":[],"product_cat":[24],"product_tag":[],"class_list":{"0":"post-427","1":"product","2":"type-product","3":"status-publish","4":"has-post-thumbnail","6":"product_cat-linha-veterinaria","8":"first","9":"instock","10":"taxable","11":"shipping-taxable","12":"purchasable","13":"product-type-simple"},"yoast_head":"<!-- This site is optimized with the Yoast SEO plugin v27.3 - https:\/\/yoast.com\/product\/yoast-seo-wordpress\/ -->\n<title>DL1000 - Monitor Multiparam\u00e9trico Touch Screen (Veterin\u00e1rio) - Laser Shop<\/title>\n<meta name=\"robots\" content=\"index, follow, max-snippet:-1, max-image-preview:large, max-video-preview:-1\" \/>\n<link rel=\"canonical\" href=\"https:\/\/www.lasershop.com.br\/?product=dl1000-monitor-multiparametrico-touch-screen-veterinario-2\" \/>\n<meta property=\"og:locale\" content=\"pt_BR\" \/>\n<meta property=\"og:type\" content=\"article\" \/>\n<meta property=\"og:title\" content=\"DL1000 - Monitor Multiparam\u00e9trico Touch Screen (Veterin\u00e1rio) - Laser Shop\" \/>\n<meta property=\"og:description\" content=\"O Monitor Multiparam\u00e9trico DL1000 Touch screen \u00e9 um equipamento fundamental para cl\u00ednicas e hospitais veterin\u00e1rios. Ele detecta sinais vitais do paciente e exibe os resultados simultaneamente para a efetividade do acompanhamento cir\u00fargico. Como possui alarmes configur\u00e1veis, o DL1000 oferece suporte necess\u00e1rio para que seu paciente esteja seguramente monitorado. 9 Par\u00e2metros Integrados: \u00a0 Eletrocardi\u00f3grafo. Possibilita realizar [&hellip;]\" \/>\n<meta property=\"og:url\" content=\"https:\/\/www.lasershop.com.br\/?product=dl1000-monitor-multiparametrico-touch-screen-veterinario-2\" \/>\n<meta property=\"og:site_name\" content=\"Laser Shop\" \/>\n<meta property=\"article:publisher\" content=\"https:\/\/facebook.com\/codaxmedica\" \/>\n<meta property=\"article:modified_time\" content=\"2019-03-25T17:55:06+00:00\" \/>\n<meta property=\"og:image\" content=\"https:\/\/lasershop.com.br\/wp-content\/uploads\/2019\/03\/DL1000-scaled.png\" \/>\n\t<meta property=\"og:image:width\" content=\"2534\" \/>\n\t<meta property=\"og:image:height\" content=\"2560\" \/>\n\t<meta property=\"og:image:type\" content=\"image\/png\" \/>\n<meta name=\"twitter:card\" content=\"summary_large_image\" \/>\n<meta name=\"twitter:label1\" content=\"Est. tempo de leitura\" \/>\n\t<meta name=\"twitter:data1\" content=\"2 minutos\" \/>\n<script type=\"application\/ld+json\" class=\"yoast-schema-graph\">{\"@context\":\"https:\\\/\\\/schema.org\",\"@graph\":[{\"@type\":\"WebPage\",\"@id\":\"https:\\\/\\\/www.lasershop.com.br\\\/?product=dl1000-monitor-multiparametrico-touch-screen-veterinario-2\",\"url\":\"https:\\\/\\\/www.lasershop.com.br\\\/?product=dl1000-monitor-multiparametrico-touch-screen-veterinario-2\",\"name\":\"DL1000 - Monitor Multiparam\u00e9trico Touch Screen (Veterin\u00e1rio) - Laser Shop\",\"isPartOf\":{\"@id\":\"https:\\\/\\\/www.lasershop.com.br\\\/#website\"},\"primaryImageOfPage\":{\"@id\":\"https:\\\/\\\/www.lasershop.com.br\\\/?product=dl1000-monitor-multiparametrico-touch-screen-veterinario-2#primaryimage\"},\"image\":{\"@id\":\"https:\\\/\\\/www.lasershop.com.br\\\/?product=dl1000-monitor-multiparametrico-touch-screen-veterinario-2#primaryimage\"},\"thumbnailUrl\":\"https:\\\/\\\/lasershop.com.br\\\/wp-content\\\/uploads\\\/2019\\\/03\\\/DL1000-scaled.png\",\"datePublished\":\"2019-03-25T17:52:11+00:00\",\"dateModified\":\"2019-03-25T17:55:06+00:00\",\"breadcrumb\":{\"@id\":\"https:\\\/\\\/www.lasershop.com.br\\\/?product=dl1000-monitor-multiparametrico-touch-screen-veterinario-2#breadcrumb\"},\"inLanguage\":\"pt-BR\",\"potentialAction\":[{\"@type\":\"ReadAction\",\"target\":[\"https:\\\/\\\/www.lasershop.com.br\\\/?product=dl1000-monitor-multiparametrico-touch-screen-veterinario-2\"]}]},{\"@type\":\"ImageObject\",\"inLanguage\":\"pt-BR\",\"@id\":\"https:\\\/\\\/www.lasershop.com.br\\\/?product=dl1000-monitor-multiparametrico-touch-screen-veterinario-2#primaryimage\",\"url\":\"https:\\\/\\\/lasershop.com.br\\\/wp-content\\\/uploads\\\/2019\\\/03\\\/DL1000-scaled.png\",\"contentUrl\":\"https:\\\/\\\/lasershop.com.br\\\/wp-content\\\/uploads\\\/2019\\\/03\\\/DL1000-scaled.png\",\"width\":2534,\"height\":2560},{\"@type\":\"BreadcrumbList\",\"@id\":\"https:\\\/\\\/www.lasershop.com.br\\\/?product=dl1000-monitor-multiparametrico-touch-screen-veterinario-2#breadcrumb\",\"itemListElement\":[{\"@type\":\"ListItem\",\"position\":1,\"name\":\"In\u00edcio\",\"item\":\"https:\\\/\\\/www.lasershop.com.br\\\/\"},{\"@type\":\"ListItem\",\"position\":2,\"name\":\"Home\",\"item\":\"https:\\\/\\\/www.lasershop.com.br\\\/?page_id=22\"},{\"@type\":\"ListItem\",\"position\":3,\"name\":\"DL1000 &#8211; Monitor Multiparam\u00e9trico Touch Screen (Veterin\u00e1rio)\"}]},{\"@type\":\"WebSite\",\"@id\":\"https:\\\/\\\/www.lasershop.com.br\\\/#website\",\"url\":\"https:\\\/\\\/www.lasershop.com.br\\\/\",\"name\":\"Laser Shop\",\"description\":\"Aparelhos Eletrom\u00e9dicos pelo melhor pre\u00e7o!\",\"publisher\":{\"@id\":\"https:\\\/\\\/www.lasershop.com.br\\\/#organization\"},\"potentialAction\":[{\"@type\":\"SearchAction\",\"target\":{\"@type\":\"EntryPoint\",\"urlTemplate\":\"https:\\\/\\\/www.lasershop.com.br\\\/?s={search_term_string}\"},\"query-input\":{\"@type\":\"PropertyValueSpecification\",\"valueRequired\":true,\"valueName\":\"search_term_string\"}}],\"inLanguage\":\"pt-BR\"},{\"@type\":\"Organization\",\"@id\":\"https:\\\/\\\/www.lasershop.com.br\\\/#organization\",\"name\":\"Laser Shop\",\"url\":\"https:\\\/\\\/www.lasershop.com.br\\\/\",\"logo\":{\"@type\":\"ImageObject\",\"inLanguage\":\"pt-BR\",\"@id\":\"https:\\\/\\\/www.lasershop.com.br\\\/#\\\/schema\\\/logo\\\/image\\\/\",\"url\":\"https:\\\/\\\/lasershop.com.br\\\/wp-content\\\/uploads\\\/2025\\\/09\\\/LOGO_LASERSHOP-.png\",\"contentUrl\":\"https:\\\/\\\/lasershop.com.br\\\/wp-content\\\/uploads\\\/2025\\\/09\\\/LOGO_LASERSHOP-.png\",\"width\":612,\"height\":408,\"caption\":\"Laser Shop\"},\"image\":{\"@id\":\"https:\\\/\\\/www.lasershop.com.br\\\/#\\\/schema\\\/logo\\\/image\\\/\"},\"sameAs\":[\"https:\\\/\\\/facebook.com\\\/codaxmedica\",\"https:\\\/\\\/instagram.com\\\/codaxmedica\"]}]}<\/script>\n<!-- \/ Yoast SEO plugin. -->","yoast_head_json":{"title":"DL1000 - Monitor Multiparam\u00e9trico Touch Screen (Veterin\u00e1rio) - Laser Shop","robots":{"index":"index","follow":"follow","max-snippet":"max-snippet:-1","max-image-preview":"max-image-preview:large","max-video-preview":"max-video-preview:-1"},"canonical":"https:\/\/www.lasershop.com.br\/?product=dl1000-monitor-multiparametrico-touch-screen-veterinario-2","og_locale":"pt_BR","og_type":"article","og_title":"DL1000 - Monitor Multiparam\u00e9trico Touch Screen (Veterin\u00e1rio) - Laser Shop","og_description":"O Monitor Multiparam\u00e9trico DL1000 Touch screen \u00e9 um equipamento fundamental para cl\u00ednicas e hospitais veterin\u00e1rios. Ele detecta sinais vitais do paciente e exibe os resultados simultaneamente para a efetividade do acompanhamento cir\u00fargico. Como possui alarmes configur\u00e1veis, o DL1000 oferece suporte necess\u00e1rio para que seu paciente esteja seguramente monitorado. 9 Par\u00e2metros Integrados: \u00a0 Eletrocardi\u00f3grafo. Possibilita realizar [&hellip;]","og_url":"https:\/\/www.lasershop.com.br\/?product=dl1000-monitor-multiparametrico-touch-screen-veterinario-2","og_site_name":"Laser Shop","article_publisher":"https:\/\/facebook.com\/codaxmedica","article_modified_time":"2019-03-25T17:55:06+00:00","og_image":[{"width":2534,"height":2560,"url":"https:\/\/lasershop.com.br\/wp-content\/uploads\/2019\/03\/DL1000-scaled.png","type":"image\/png"}],"twitter_card":"summary_large_image","twitter_misc":{"Est. tempo de leitura":"2 minutos"},"schema":{"@context":"https:\/\/schema.org","@graph":[{"@type":"WebPage","@id":"https:\/\/www.lasershop.com.br\/?product=dl1000-monitor-multiparametrico-touch-screen-veterinario-2","url":"https:\/\/www.lasershop.com.br\/?product=dl1000-monitor-multiparametrico-touch-screen-veterinario-2","name":"DL1000 - Monitor Multiparam\u00e9trico Touch Screen (Veterin\u00e1rio) - Laser Shop","isPartOf":{"@id":"https:\/\/www.lasershop.com.br\/#website"},"primaryImageOfPage":{"@id":"https:\/\/www.lasershop.com.br\/?product=dl1000-monitor-multiparametrico-touch-screen-veterinario-2#primaryimage"},"image":{"@id":"https:\/\/www.lasershop.com.br\/?product=dl1000-monitor-multiparametrico-touch-screen-veterinario-2#primaryimage"},"thumbnailUrl":"https:\/\/lasershop.com.br\/wp-content\/uploads\/2019\/03\/DL1000-scaled.png","datePublished":"2019-03-25T17:52:11+00:00","dateModified":"2019-03-25T17:55:06+00:00","breadcrumb":{"@id":"https:\/\/www.lasershop.com.br\/?product=dl1000-monitor-multiparametrico-touch-screen-veterinario-2#breadcrumb"},"inLanguage":"pt-BR","potentialAction":[{"@type":"ReadAction","target":["https:\/\/www.lasershop.com.br\/?product=dl1000-monitor-multiparametrico-touch-screen-veterinario-2"]}]},{"@type":"ImageObject","inLanguage":"pt-BR","@id":"https:\/\/www.lasershop.com.br\/?product=dl1000-monitor-multiparametrico-touch-screen-veterinario-2#primaryimage","url":"https:\/\/lasershop.com.br\/wp-content\/uploads\/2019\/03\/DL1000-scaled.png","contentUrl":"https:\/\/lasershop.com.br\/wp-content\/uploads\/2019\/03\/DL1000-scaled.png","width":2534,"height":2560},{"@type":"BreadcrumbList","@id":"https:\/\/www.lasershop.com.br\/?product=dl1000-monitor-multiparametrico-touch-screen-veterinario-2#breadcrumb","itemListElement":[{"@type":"ListItem","position":1,"name":"In\u00edcio","item":"https:\/\/www.lasershop.com.br\/"},{"@type":"ListItem","position":2,"name":"Home","item":"https:\/\/www.lasershop.com.br\/?page_id=22"},{"@type":"ListItem","position":3,"name":"DL1000 &#8211; Monitor Multiparam\u00e9trico Touch Screen (Veterin\u00e1rio)"}]},{"@type":"WebSite","@id":"https:\/\/www.lasershop.com.br\/#website","url":"https:\/\/www.lasershop.com.br\/","name":"Laser Shop","description":"Aparelhos Eletrom\u00e9dicos pelo melhor pre\u00e7o!","publisher":{"@id":"https:\/\/www.lasershop.com.br\/#organization"},"potentialAction":[{"@type":"SearchAction","target":{"@type":"EntryPoint","urlTemplate":"https:\/\/www.lasershop.com.br\/?s={search_term_string}"},"query-input":{"@type":"PropertyValueSpecification","valueRequired":true,"valueName":"search_term_string"}}],"inLanguage":"pt-BR"},{"@type":"Organization","@id":"https:\/\/www.lasershop.com.br\/#organization","name":"Laser Shop","url":"https:\/\/www.lasershop.com.br\/","logo":{"@type":"ImageObject","inLanguage":"pt-BR","@id":"https:\/\/www.lasershop.com.br\/#\/schema\/logo\/image\/","url":"https:\/\/lasershop.com.br\/wp-content\/uploads\/2025\/09\/LOGO_LASERSHOP-.png","contentUrl":"https:\/\/lasershop.com.br\/wp-content\/uploads\/2025\/09\/LOGO_LASERSHOP-.png","width":612,"height":408,"caption":"Laser Shop"},"image":{"@id":"https:\/\/www.lasershop.com.br\/#\/schema\/logo\/image\/"},"sameAs":["https:\/\/facebook.com\/codaxmedica","https:\/\/instagram.com\/codaxmedica"]}]}},"_links":{"self":[{"href":"https:\/\/www.lasershop.com.br\/index.php?rest_route=\/wp\/v2\/product\/427","targetHints":{"allow":["GET"]}}],"collection":[{"href":"https:\/\/www.lasershop.com.br\/index.php?rest_route=\/wp\/v2\/product"}],"about":[{"href":"https:\/\/www.lasershop.com.br\/index.php?rest_route=\/wp\/v2\/types\/product"}],"replies":[{"embeddable":true,"href":"https:\/\/www.lasershop.com.br\/index.php?rest_route=%2Fwp%2Fv2%2Fcomments&post=427"}],"wp:featuredmedia":[{"embeddable":true,"href":"https:\/\/www.lasershop.com.br\/index.php?rest_route=\/wp\/v2\/media\/428"}],"wp:attachment":[{"href":"https:\/\/www.lasershop.com.br\/index.php?rest_route=%2Fwp%2Fv2%2Fmedia&parent=427"}],"wp:term":[{"taxonomy":"product_brand","embeddable":true,"href":"https:\/\/www.lasershop.com.br\/index.php?rest_route=%2Fwp%2Fv2%2Fproduct_brand&post=427"},{"taxonomy":"product_cat","embeddable":true,"href":"https:\/\/www.lasershop.com.br\/index.php?rest_route=%2Fwp%2Fv2%2Fproduct_cat&post=427"},{"taxonomy":"product_tag","embeddable":true,"href":"https:\/\/www.lasershop.com.br\/index.php?rest_route=%2Fwp%2Fv2%2Fproduct_tag&post=427"}],"curies":[{"name":"wp","href":"https:\/\/api.w.org\/{rel}","templated":true}]}}