{"id":525,"date":"2019-03-29T17:14:58","date_gmt":"2019-03-29T17:14:58","guid":{"rendered":"https:\/\/lasershop.com.br\/?post_type=product&#038;p=525"},"modified":"2026-03-22T09:38:41","modified_gmt":"2026-03-22T09:38:41","slug":"eletroacupuntura","status":"publish","type":"product","link":"https:\/\/www.lasershop.com.br\/?product=eletroacupuntura","title":{"rendered":"Curso de Eletro Acupuntura"},"content":{"rendered":"<body><p>[et_pb_section fb_built=\u201d1\u2033 _builder_version=\u201d3.22\u2033 custom_padding=\u201d0px||||false|false\u201d _i=\u201d0\u2033 _address=\u201d0\u2033][et_pb_row _builder_version=\u201d3.25\u2033 background_size=\u201dinitial\u201d background_position=\u201dtop_left\u201d background_repeat=\u201drepeat\u201d width=\u201d100%\u201d custom_padding=\u201d0px||0px||false|false\u201d _i=\u201d0\u2033 _address=\u201d0.0\u2033][et_pb_column type=\u201d4_4\u2033 _builder_version=\u201d3.25\u2033 custom_padding=\u201d|||\u201d _i=\u201d0\u2033 _address=\u201d0.0.0\u2033 custom_padding__hover=\u201d|||\u201d][et_pb_wc_breadcrumb _builder_version=\u201d3.0.47\u2033 _i=\u201d0\u2033 _address=\u201d0.0.0.0\u2033][\/et_pb_wc_breadcrumb][et_pb_wc_cart_notice _builder_version=\u201d3.0.47\u2033 _i=\u201d1\u2033 _address=\u201d0.0.0.1\u2033][\/et_pb_wc_cart_notice][\/et_pb_column][\/et_pb_row][et_pb_row _builder_version=\u201d3.25\u2033 background_size=\u201dinitial\u201d background_position=\u201dtop_left\u201d background_repeat=\u201drepeat\u201d width=\u201d100%\u201d custom_padding=\u201d0px||||false|false\u201d _i=\u201d1\u2033 _address=\u201d0.1\u2033 column_structure=\u201d1_2,1_2\u2033][et_pb_column type=\u201d1_2\u2033 _builder_version=\u201d3.25\u2033 custom_padding=\u201d|||\u201d _i=\u201d0\u2033 _address=\u201d0.1.0\u2033 custom_padding__hover=\u201d|||\u201d][et_pb_wc_images _builder_version=\u201d3.0.47\u2033 _i=\u201d0\u2033 _address=\u201d0.1.0.0\u2033][\/et_pb_wc_images][\/et_pb_column][et_pb_column type=\u201d1_2\u2033 _builder_version=\u201d3.25\u2033 custom_padding=\u201d|||\u201d _i=\u201d1\u2033 _address=\u201d0.1.1\u2033 custom_padding__hover=\u201d|||\u201d][et_pb_wc_title _builder_version=\u201d3.0.47\u2033 _i=\u201d0\u2033 _address=\u201d0.1.1.0\u2033][\/et_pb_wc_title][et_pb_wc_rating _builder_version=\u201d3.0.47\u2033 _i=\u201d1\u2033 _address=\u201d0.1.1.1\u2033][\/et_pb_wc_rating][et_pb_wc_price _builder_version=\u201d3.29.3\u2033 hover_enabled=\u201d0\u2033 _i=\u201d2\u2033 _address=\u201d0.1.1.2\u2033 before_sale_price_font_last_edited=\u201don|desktop\u201d][\/et_pb_wc_price][et_pb_wc_description _builder_version=\u201d3.0.47\u2033 _i=\u201d3\u2033 _address=\u201d0.1.1.3\u2033][\/et_pb_wc_description][et_pb_wc_add_to_cart _builder_version=\u201d3.0.47\u2033 form_field_text_align=\u201dcenter\u201d form_field_background_color=\u201d#cccccc\u201d _i=\u201d4\u2033 _address=\u201d0.1.1.4\u2033][\/et_pb_wc_add_to_cart][et_pb_wc_meta _builder_version=\u201d3.0.47\u2033 _i=\u201d5\u2033 _address=\u201d0.1.1.5\u2033][\/et_pb_wc_meta][\/et_pb_column][\/et_pb_row][et_pb_row _builder_version=\u201d3.25\u2033 background_size=\u201dinitial\u201d background_position=\u201dtop_left\u201d background_repeat=\u201drepeat\u201d width=\u201d100%\u201d _i=\u201d2\u2033 _address=\u201d0.2\u2033][et_pb_column type=\u201d4_4\u2033 _builder_version=\u201d3.25\u2033 custom_padding=\u201d|||\u201d _i=\u201d0\u2033 _address=\u201d0.2.0\u2033 custom_padding__hover=\u201d|||\u201d][et_pb_wc_tabs _builder_version=\u201d3.0.47\u2033 _i=\u201d0\u2033 _address=\u201d0.2.0.0\u2033] [\/et_pb_wc_tabs][et_pb_wc_upsells _builder_version=\u201d3.0.47\u2033 _i=\u201d1\u2033 _address=\u201d0.2.0.1\u2033][\/et_pb_wc_upsells][et_pb_wc_related_products _builder_version=\u201d3.0.47\u2033 _i=\u201d2\u2033 _address=\u201d0.2.0.2\u2033][\/et_pb_wc_related_products][\/et_pb_column][\/et_pb_row][\/et_pb_section]<\/p>\n<\/body>","protected":false},"excerpt":{"rendered":"","protected":false},"featured_media":10842,"comment_status":"open","ping_status":"closed","template":"","meta":{"_et_pb_use_builder":"on","_et_pb_old_content":"Data: 16 e 17 de maio\r\n\r\nHor\u00e1rio: 9h \u00e0s 17h\r\n\r\nInvestimento: Primeiro lote at\u00e9 30\/03 - R$350,00\r\n\r\nInvestimento:lote ap\u00f3s\u00a0 30\/03 - R$450,00\r\n\r\nNesse grande curso, voc\u00ea ter\u00e1 acesso a varias t\u00e9cnicas em uma tecnologia de ponta e com protocolos testados e aprovados, realmente com esse conhecimento voc\u00ea vai dar um grande UPGRADE em sua carreira.\r\n\r\nNesse curso te\u00f3rico e pr\u00e1tico voc\u00ea vai conhecer o excelentes t\u00e9cnicas, agregando mais conhecimento na sua profiss\u00e3o, construindo um atendimento diferenciado para seus clientes !\r\n\r\n<strong>Conte\u00fado program\u00e1tico\u00a0<\/strong>\r\n\r\n- Est\u00e9tica Facial e Corporal\r\n- Redu\u00e7\u00e3o de Medidas\r\n- Performance em treinamentos\r\n- Ortopedia - Esportes\r\n- Manejo da Dor\r\n- Pratica Especial em anestesia\r\n\r\n<strong>P\u00fablico Alvo\u00a0<\/strong>\r\n\r\n-Profissional da \u00e1rea de sa\u00fade.\r\n\r\nNa compra do curso o aluno ganhar\u00e1 coffe break e o certificado do curso.","_et_gb_content_width":""},"product_brand":[],"product_cat":[19],"product_tag":[],"class_list":{"0":"post-525","1":"product","2":"type-product","3":"status-publish","4":"has-post-thumbnail","6":"product_cat-cursos","8":"first","9":"instock","10":"virtual","11":"taxable","12":"purchasable","13":"product-type-simple"},"yoast_head":"<!-- This site is optimized with the Yoast SEO plugin v27.3 - https:\/\/yoast.com\/product\/yoast-seo-wordpress\/ -->\n<title>Curso de Eletro Acupuntura - Laser Shop<\/title>\n<meta name=\"robots\" content=\"index, follow, max-snippet:-1, max-image-preview:large, max-video-preview:-1\" \/>\n<link rel=\"canonical\" href=\"https:\/\/www.lasershop.com.br\/?product=eletroacupuntura\" \/>\n<meta property=\"og:locale\" content=\"pt_BR\" \/>\n<meta property=\"og:type\" content=\"article\" \/>\n<meta property=\"og:title\" content=\"Curso de Eletro Acupuntura - Laser Shop\" \/>\n<meta property=\"og:url\" content=\"https:\/\/www.lasershop.com.br\/?product=eletroacupuntura\" \/>\n<meta property=\"og:site_name\" content=\"Laser Shop\" \/>\n<meta property=\"article:publisher\" content=\"https:\/\/facebook.com\/codaxmedica\" \/>\n<meta property=\"article:modified_time\" content=\"2026-03-22T09:38:41+00:00\" \/>\n<meta property=\"og:image\" content=\"https:\/\/lasershop.com.br\/wp-content\/uploads\/2019\/03\/CURSO-CLETO-ELETROACUPUNTURA.jpeg\" \/>\n\t<meta property=\"og:image:width\" content=\"716\" \/>\n\t<meta property=\"og:image:height\" content=\"720\" \/>\n\t<meta property=\"og:image:type\" content=\"image\/jpeg\" \/>\n<meta name=\"twitter:card\" content=\"summary_large_image\" \/>\n<meta name=\"twitter:label1\" content=\"Est. tempo de leitura\" \/>\n\t<meta name=\"twitter:data1\" content=\"2 minutos\" \/>\n<script type=\"application\/ld+json\" class=\"yoast-schema-graph\">{\"@context\":\"https:\\\/\\\/schema.org\",\"@graph\":[{\"@type\":\"WebPage\",\"@id\":\"https:\\\/\\\/www.lasershop.com.br\\\/?product=eletroacupuntura\",\"url\":\"https:\\\/\\\/www.lasershop.com.br\\\/?product=eletroacupuntura\",\"name\":\"Curso de Eletro Acupuntura - Laser Shop\",\"isPartOf\":{\"@id\":\"https:\\\/\\\/www.lasershop.com.br\\\/#website\"},\"primaryImageOfPage\":{\"@id\":\"https:\\\/\\\/www.lasershop.com.br\\\/?product=eletroacupuntura#primaryimage\"},\"image\":{\"@id\":\"https:\\\/\\\/www.lasershop.com.br\\\/?product=eletroacupuntura#primaryimage\"},\"thumbnailUrl\":\"https:\\\/\\\/lasershop.com.br\\\/wp-content\\\/uploads\\\/2019\\\/03\\\/CURSO-CLETO-ELETROACUPUNTURA.jpeg\",\"datePublished\":\"2019-03-29T17:14:58+00:00\",\"dateModified\":\"2026-03-22T09:38:41+00:00\",\"breadcrumb\":{\"@id\":\"https:\\\/\\\/www.lasershop.com.br\\\/?product=eletroacupuntura#breadcrumb\"},\"inLanguage\":\"pt-BR\",\"potentialAction\":[{\"@type\":\"ReadAction\",\"target\":[\"https:\\\/\\\/www.lasershop.com.br\\\/?product=eletroacupuntura\"]}]},{\"@type\":\"ImageObject\",\"inLanguage\":\"pt-BR\",\"@id\":\"https:\\\/\\\/www.lasershop.com.br\\\/?product=eletroacupuntura#primaryimage\",\"url\":\"https:\\\/\\\/lasershop.com.br\\\/wp-content\\\/uploads\\\/2019\\\/03\\\/CURSO-CLETO-ELETROACUPUNTURA.jpeg\",\"contentUrl\":\"https:\\\/\\\/lasershop.com.br\\\/wp-content\\\/uploads\\\/2019\\\/03\\\/CURSO-CLETO-ELETROACUPUNTURA.jpeg\",\"width\":716,\"height\":720},{\"@type\":\"BreadcrumbList\",\"@id\":\"https:\\\/\\\/www.lasershop.com.br\\\/?product=eletroacupuntura#breadcrumb\",\"itemListElement\":[{\"@type\":\"ListItem\",\"position\":1,\"name\":\"In\u00edcio\",\"item\":\"https:\\\/\\\/www.lasershop.com.br\\\/\"},{\"@type\":\"ListItem\",\"position\":2,\"name\":\"Home\",\"item\":\"https:\\\/\\\/www.lasershop.com.br\\\/?page_id=22\"},{\"@type\":\"ListItem\",\"position\":3,\"name\":\"Curso de Eletro Acupuntura\"}]},{\"@type\":\"WebSite\",\"@id\":\"https:\\\/\\\/www.lasershop.com.br\\\/#website\",\"url\":\"https:\\\/\\\/www.lasershop.com.br\\\/\",\"name\":\"Laser Shop\",\"description\":\"Aparelhos Eletrom\u00e9dicos pelo melhor pre\u00e7o!\",\"publisher\":{\"@id\":\"https:\\\/\\\/www.lasershop.com.br\\\/#organization\"},\"potentialAction\":[{\"@type\":\"SearchAction\",\"target\":{\"@type\":\"EntryPoint\",\"urlTemplate\":\"https:\\\/\\\/www.lasershop.com.br\\\/?s={search_term_string}\"},\"query-input\":{\"@type\":\"PropertyValueSpecification\",\"valueRequired\":true,\"valueName\":\"search_term_string\"}}],\"inLanguage\":\"pt-BR\"},{\"@type\":\"Organization\",\"@id\":\"https:\\\/\\\/www.lasershop.com.br\\\/#organization\",\"name\":\"Laser Shop\",\"url\":\"https:\\\/\\\/www.lasershop.com.br\\\/\",\"logo\":{\"@type\":\"ImageObject\",\"inLanguage\":\"pt-BR\",\"@id\":\"https:\\\/\\\/www.lasershop.com.br\\\/#\\\/schema\\\/logo\\\/image\\\/\",\"url\":\"https:\\\/\\\/lasershop.com.br\\\/wp-content\\\/uploads\\\/2025\\\/09\\\/LOGO_LASERSHOP-.png\",\"contentUrl\":\"https:\\\/\\\/lasershop.com.br\\\/wp-content\\\/uploads\\\/2025\\\/09\\\/LOGO_LASERSHOP-.png\",\"width\":612,\"height\":408,\"caption\":\"Laser Shop\"},\"image\":{\"@id\":\"https:\\\/\\\/www.lasershop.com.br\\\/#\\\/schema\\\/logo\\\/image\\\/\"},\"sameAs\":[\"https:\\\/\\\/facebook.com\\\/codaxmedica\",\"https:\\\/\\\/instagram.com\\\/codaxmedica\"]}]}<\/script>\n<!-- \/ Yoast SEO plugin. -->","yoast_head_json":{"title":"Curso de Eletro Acupuntura - Laser Shop","robots":{"index":"index","follow":"follow","max-snippet":"max-snippet:-1","max-image-preview":"max-image-preview:large","max-video-preview":"max-video-preview:-1"},"canonical":"https:\/\/www.lasershop.com.br\/?product=eletroacupuntura","og_locale":"pt_BR","og_type":"article","og_title":"Curso de Eletro Acupuntura - Laser Shop","og_url":"https:\/\/www.lasershop.com.br\/?product=eletroacupuntura","og_site_name":"Laser Shop","article_publisher":"https:\/\/facebook.com\/codaxmedica","article_modified_time":"2026-03-22T09:38:41+00:00","og_image":[{"width":716,"height":720,"url":"https:\/\/lasershop.com.br\/wp-content\/uploads\/2019\/03\/CURSO-CLETO-ELETROACUPUNTURA.jpeg","type":"image\/jpeg"}],"twitter_card":"summary_large_image","twitter_misc":{"Est. tempo de leitura":"2 minutos"},"schema":{"@context":"https:\/\/schema.org","@graph":[{"@type":"WebPage","@id":"https:\/\/www.lasershop.com.br\/?product=eletroacupuntura","url":"https:\/\/www.lasershop.com.br\/?product=eletroacupuntura","name":"Curso de Eletro Acupuntura - Laser Shop","isPartOf":{"@id":"https:\/\/www.lasershop.com.br\/#website"},"primaryImageOfPage":{"@id":"https:\/\/www.lasershop.com.br\/?product=eletroacupuntura#primaryimage"},"image":{"@id":"https:\/\/www.lasershop.com.br\/?product=eletroacupuntura#primaryimage"},"thumbnailUrl":"https:\/\/lasershop.com.br\/wp-content\/uploads\/2019\/03\/CURSO-CLETO-ELETROACUPUNTURA.jpeg","datePublished":"2019-03-29T17:14:58+00:00","dateModified":"2026-03-22T09:38:41+00:00","breadcrumb":{"@id":"https:\/\/www.lasershop.com.br\/?product=eletroacupuntura#breadcrumb"},"inLanguage":"pt-BR","potentialAction":[{"@type":"ReadAction","target":["https:\/\/www.lasershop.com.br\/?product=eletroacupuntura"]}]},{"@type":"ImageObject","inLanguage":"pt-BR","@id":"https:\/\/www.lasershop.com.br\/?product=eletroacupuntura#primaryimage","url":"https:\/\/lasershop.com.br\/wp-content\/uploads\/2019\/03\/CURSO-CLETO-ELETROACUPUNTURA.jpeg","contentUrl":"https:\/\/lasershop.com.br\/wp-content\/uploads\/2019\/03\/CURSO-CLETO-ELETROACUPUNTURA.jpeg","width":716,"height":720},{"@type":"BreadcrumbList","@id":"https:\/\/www.lasershop.com.br\/?product=eletroacupuntura#breadcrumb","itemListElement":[{"@type":"ListItem","position":1,"name":"In\u00edcio","item":"https:\/\/www.lasershop.com.br\/"},{"@type":"ListItem","position":2,"name":"Home","item":"https:\/\/www.lasershop.com.br\/?page_id=22"},{"@type":"ListItem","position":3,"name":"Curso de Eletro Acupuntura"}]},{"@type":"WebSite","@id":"https:\/\/www.lasershop.com.br\/#website","url":"https:\/\/www.lasershop.com.br\/","name":"Laser Shop","description":"Aparelhos Eletrom\u00e9dicos pelo melhor pre\u00e7o!","publisher":{"@id":"https:\/\/www.lasershop.com.br\/#organization"},"potentialAction":[{"@type":"SearchAction","target":{"@type":"EntryPoint","urlTemplate":"https:\/\/www.lasershop.com.br\/?s={search_term_string}"},"query-input":{"@type":"PropertyValueSpecification","valueRequired":true,"valueName":"search_term_string"}}],"inLanguage":"pt-BR"},{"@type":"Organization","@id":"https:\/\/www.lasershop.com.br\/#organization","name":"Laser Shop","url":"https:\/\/www.lasershop.com.br\/","logo":{"@type":"ImageObject","inLanguage":"pt-BR","@id":"https:\/\/www.lasershop.com.br\/#\/schema\/logo\/image\/","url":"https:\/\/lasershop.com.br\/wp-content\/uploads\/2025\/09\/LOGO_LASERSHOP-.png","contentUrl":"https:\/\/lasershop.com.br\/wp-content\/uploads\/2025\/09\/LOGO_LASERSHOP-.png","width":612,"height":408,"caption":"Laser Shop"},"image":{"@id":"https:\/\/www.lasershop.com.br\/#\/schema\/logo\/image\/"},"sameAs":["https:\/\/facebook.com\/codaxmedica","https:\/\/instagram.com\/codaxmedica"]}]}},"_links":{"self":[{"href":"https:\/\/www.lasershop.com.br\/index.php?rest_route=\/wp\/v2\/product\/525","targetHints":{"allow":["GET"]}}],"collection":[{"href":"https:\/\/www.lasershop.com.br\/index.php?rest_route=\/wp\/v2\/product"}],"about":[{"href":"https:\/\/www.lasershop.com.br\/index.php?rest_route=\/wp\/v2\/types\/product"}],"replies":[{"embeddable":true,"href":"https:\/\/www.lasershop.com.br\/index.php?rest_route=%2Fwp%2Fv2%2Fcomments&post=525"}],"wp:featuredmedia":[{"embeddable":true,"href":"https:\/\/www.lasershop.com.br\/index.php?rest_route=\/wp\/v2\/media\/10842"}],"wp:attachment":[{"href":"https:\/\/www.lasershop.com.br\/index.php?rest_route=%2Fwp%2Fv2%2Fmedia&parent=525"}],"wp:term":[{"taxonomy":"product_brand","embeddable":true,"href":"https:\/\/www.lasershop.com.br\/index.php?rest_route=%2Fwp%2Fv2%2Fproduct_brand&post=525"},{"taxonomy":"product_cat","embeddable":true,"href":"https:\/\/www.lasershop.com.br\/index.php?rest_route=%2Fwp%2Fv2%2Fproduct_cat&post=525"},{"taxonomy":"product_tag","embeddable":true,"href":"https:\/\/www.lasershop.com.br\/index.php?rest_route=%2Fwp%2Fv2%2Fproduct_tag&post=525"}],"curies":[{"name":"wp","href":"https:\/\/api.w.org\/{rel}","templated":true}]}}