{"id":79,"date":"2019-03-18T23:36:40","date_gmt":"2019-03-18T23:36:40","guid":{"rendered":"https:\/\/lasershop.com.br\/?post_type=product&#038;p=79"},"modified":"2021-02-04T14:21:48","modified_gmt":"2021-02-04T14:21:48","slug":"conversor-e-software-spiromaticweb","status":"publish","type":"product","link":"https:\/\/www.lasershop.com.br\/?product=conversor-e-software-spiromaticweb","title":{"rendered":"Conversor e Software SpiromaticWeb"},"content":{"rendered":"<body><p><\/p>\n<h2 class=\"nomeProduto\"><span id=\"ctl00_container_ProdutoCadastro_Descricoes1_ucProductTabs1_lblNomeProduto\">CONVERSOR (Exclusivo Para Vitatrace e SPIROM2) \u2013 Upgrade de Placa DOS para Windows<br>\n<img decoding=\"async\" src=\"https:\/\/lasershop.com.br\/Assets\/Descricoes\/placades.jpg\" alt=\"\" width=\"186\" height=\"186\" loading=\"lazy\"><br>\n<\/span><\/h2>\n<p>Atualize seu equipamento com esta placa que funciona internamente no Espir\u00f4metro. Com este conversor \u00e9 poss\u00edvel utilizar seu equipamento no Windows atrav\u00e9s do software Spiromatic Web.<\/p>\n<p><strong>Software \u2013 Spiromatic Web<\/strong><\/p>\n<p><img decoding=\"async\" src=\"https:\/\/lasershop.com.br\/Assets\/Descricoes\/spiroweb.jpg\" alt=\"\" width=\"259\" height=\"259\" loading=\"lazy\"><br>\nCom mais de 25 anos no mercado, o SpiromaticWeb \u00e9 um software que automatiza todo o exame de Espirometria, em conformidade com as normas da Associa\u00e7\u00e3o Brasileira de Pneumologia e padr\u00f5es mundiais. Conhe\u00e7a os principais recursos do software:<\/p>\n<p><strong>Cadastro de pacientes e exames<\/strong><\/p>\n<p>Testes automatizados de:<br>\n\u2013 Capacidade Vital (CV)<br>\n\u2013 Capacidade Vital For\u00e7ada (CVF)<br>\n\u2013 Ventila\u00e7\u00e3o Volunt\u00e1ria M\u00e1xima (VVM)<br>\n\u2013 Al\u00e7a Inspirat\u00f3ria (CVFI)<\/p>\n<p><strong>C\u00e1lculo de Par\u00e2metros<\/strong><\/p>\n<p>-CV, CVF, TCVF, VEF1, VEF3, FEF, TEF, FEFmax, FEF50%, FEF75%, FIF50%, FEF\/FIF, VVM<\/p>\n<p><strong>Sele\u00e7\u00e3o flex\u00edvel de valores te\u00f3ricos de diversos autores<\/strong><\/p>\n<p>(Knudson, Pereira, Crapo, Polgar, Mallozi, Neder, Plotkowski, Zapletal e P\u00e9rez)<\/p>\n<p><strong>Outros Recursos<\/strong><\/p>\n<p>Superposi\u00e7\u00e3o de curvas de Pr\u00e9-BD e P\u00f3s-BD<\/p>\n<p>Relat\u00f3rios configur\u00e1veis<\/p>\n<p>Est\u00edmulo gr\u00e1fico para crian\u00e7as<\/p>\n<p>Compara\u00e7\u00e3o de exames<\/p>\n<p><strong>Licen\u00e7a vital\u00edcia do software inclusa<\/strong><\/p>\n<\/body>","protected":false},"excerpt":{"rendered":"<p>CONVERSOR (Exclusivo Para Vitatrace e SPIROM2) \u2013 Upgrade de Placa DOS para Windows Atualize seu equipamento com esta placa que funciona internamente no Espir\u00f4metro. Com este conversor \u00e9 poss\u00edvel utilizar seu equipamento no Windows atrav\u00e9s do software Spiromatic Web. Software \u2013 Spiromatic Web Com mais de 25 anos no mercado, o SpiromaticWeb \u00e9 um software [&hellip;]<\/p>\n","protected":false},"featured_media":80,"comment_status":"open","ping_status":"closed","template":"","meta":{"_et_pb_use_builder":"","_et_pb_old_content":"","_et_gb_content_width":""},"product_brand":[],"product_cat":[23],"product_tag":[],"class_list":{"0":"post-79","1":"product","2":"type-product","3":"status-publish","4":"has-post-thumbnail","6":"product_cat-espirometria","8":"first","9":"instock","10":"taxable","11":"shipping-taxable","12":"purchasable","13":"product-type-simple"},"yoast_head":"<!-- This site is optimized with the Yoast SEO plugin v27.3 - https:\/\/yoast.com\/product\/yoast-seo-wordpress\/ -->\n<title>Conversor e Software SpiromaticWeb - Laser Shop<\/title>\n<meta name=\"robots\" content=\"index, follow, max-snippet:-1, max-image-preview:large, max-video-preview:-1\" \/>\n<link rel=\"canonical\" href=\"https:\/\/www.lasershop.com.br\/?product=conversor-e-software-spiromaticweb\" \/>\n<meta property=\"og:locale\" content=\"pt_BR\" \/>\n<meta property=\"og:type\" content=\"article\" \/>\n<meta property=\"og:title\" content=\"Conversor e Software SpiromaticWeb - Laser Shop\" \/>\n<meta property=\"og:description\" content=\"CONVERSOR (Exclusivo Para Vitatrace e SPIROM2) \u2013 Upgrade de Placa DOS para Windows Atualize seu equipamento com esta placa que funciona internamente no Espir\u00f4metro. Com este conversor \u00e9 poss\u00edvel utilizar seu equipamento no Windows atrav\u00e9s do software Spiromatic Web. Software \u2013 Spiromatic Web Com mais de 25 anos no mercado, o SpiromaticWeb \u00e9 um software [&hellip;]\" \/>\n<meta property=\"og:url\" content=\"https:\/\/www.lasershop.com.br\/?product=conversor-e-software-spiromaticweb\" \/>\n<meta property=\"og:site_name\" content=\"Laser Shop\" \/>\n<meta property=\"article:publisher\" content=\"https:\/\/facebook.com\/codaxmedica\" \/>\n<meta property=\"article:modified_time\" content=\"2021-02-04T14:21:48+00:00\" \/>\n<meta property=\"og:image\" content=\"https:\/\/lasershop.com.br\/wp-content\/uploads\/2019\/03\/SPIROM2WEBPL.jpg\" \/>\n\t<meta property=\"og:image:width\" content=\"900\" \/>\n\t<meta property=\"og:image:height\" content=\"900\" \/>\n\t<meta property=\"og:image:type\" content=\"image\/jpeg\" \/>\n<meta name=\"twitter:card\" content=\"summary_large_image\" \/>\n<meta name=\"twitter:label1\" content=\"Est. tempo de leitura\" \/>\n\t<meta name=\"twitter:data1\" content=\"1 minuto\" \/>\n<script type=\"application\/ld+json\" class=\"yoast-schema-graph\">{\"@context\":\"https:\\\/\\\/schema.org\",\"@graph\":[{\"@type\":\"WebPage\",\"@id\":\"https:\\\/\\\/www.lasershop.com.br\\\/?product=conversor-e-software-spiromaticweb\",\"url\":\"https:\\\/\\\/www.lasershop.com.br\\\/?product=conversor-e-software-spiromaticweb\",\"name\":\"Conversor e Software SpiromaticWeb - Laser Shop\",\"isPartOf\":{\"@id\":\"https:\\\/\\\/www.lasershop.com.br\\\/#website\"},\"primaryImageOfPage\":{\"@id\":\"https:\\\/\\\/www.lasershop.com.br\\\/?product=conversor-e-software-spiromaticweb#primaryimage\"},\"image\":{\"@id\":\"https:\\\/\\\/www.lasershop.com.br\\\/?product=conversor-e-software-spiromaticweb#primaryimage\"},\"thumbnailUrl\":\"https:\\\/\\\/lasershop.com.br\\\/wp-content\\\/uploads\\\/2019\\\/03\\\/SPIROM2WEBPL.jpg\",\"datePublished\":\"2019-03-18T23:36:40+00:00\",\"dateModified\":\"2021-02-04T14:21:48+00:00\",\"breadcrumb\":{\"@id\":\"https:\\\/\\\/www.lasershop.com.br\\\/?product=conversor-e-software-spiromaticweb#breadcrumb\"},\"inLanguage\":\"pt-BR\",\"potentialAction\":[{\"@type\":\"ReadAction\",\"target\":[\"https:\\\/\\\/www.lasershop.com.br\\\/?product=conversor-e-software-spiromaticweb\"]}]},{\"@type\":\"ImageObject\",\"inLanguage\":\"pt-BR\",\"@id\":\"https:\\\/\\\/www.lasershop.com.br\\\/?product=conversor-e-software-spiromaticweb#primaryimage\",\"url\":\"https:\\\/\\\/lasershop.com.br\\\/wp-content\\\/uploads\\\/2019\\\/03\\\/SPIROM2WEBPL.jpg\",\"contentUrl\":\"https:\\\/\\\/lasershop.com.br\\\/wp-content\\\/uploads\\\/2019\\\/03\\\/SPIROM2WEBPL.jpg\",\"width\":900,\"height\":900},{\"@type\":\"BreadcrumbList\",\"@id\":\"https:\\\/\\\/www.lasershop.com.br\\\/?product=conversor-e-software-spiromaticweb#breadcrumb\",\"itemListElement\":[{\"@type\":\"ListItem\",\"position\":1,\"name\":\"In\u00edcio\",\"item\":\"https:\\\/\\\/www.lasershop.com.br\\\/\"},{\"@type\":\"ListItem\",\"position\":2,\"name\":\"Home\",\"item\":\"https:\\\/\\\/www.lasershop.com.br\\\/?page_id=22\"},{\"@type\":\"ListItem\",\"position\":3,\"name\":\"Conversor e Software SpiromaticWeb\"}]},{\"@type\":\"WebSite\",\"@id\":\"https:\\\/\\\/www.lasershop.com.br\\\/#website\",\"url\":\"https:\\\/\\\/www.lasershop.com.br\\\/\",\"name\":\"Laser Shop\",\"description\":\"Aparelhos Eletrom\u00e9dicos pelo melhor pre\u00e7o!\",\"publisher\":{\"@id\":\"https:\\\/\\\/www.lasershop.com.br\\\/#organization\"},\"potentialAction\":[{\"@type\":\"SearchAction\",\"target\":{\"@type\":\"EntryPoint\",\"urlTemplate\":\"https:\\\/\\\/www.lasershop.com.br\\\/?s={search_term_string}\"},\"query-input\":{\"@type\":\"PropertyValueSpecification\",\"valueRequired\":true,\"valueName\":\"search_term_string\"}}],\"inLanguage\":\"pt-BR\"},{\"@type\":\"Organization\",\"@id\":\"https:\\\/\\\/www.lasershop.com.br\\\/#organization\",\"name\":\"Laser Shop\",\"url\":\"https:\\\/\\\/www.lasershop.com.br\\\/\",\"logo\":{\"@type\":\"ImageObject\",\"inLanguage\":\"pt-BR\",\"@id\":\"https:\\\/\\\/www.lasershop.com.br\\\/#\\\/schema\\\/logo\\\/image\\\/\",\"url\":\"https:\\\/\\\/lasershop.com.br\\\/wp-content\\\/uploads\\\/2025\\\/09\\\/LOGO_LASERSHOP-.png\",\"contentUrl\":\"https:\\\/\\\/lasershop.com.br\\\/wp-content\\\/uploads\\\/2025\\\/09\\\/LOGO_LASERSHOP-.png\",\"width\":612,\"height\":408,\"caption\":\"Laser Shop\"},\"image\":{\"@id\":\"https:\\\/\\\/www.lasershop.com.br\\\/#\\\/schema\\\/logo\\\/image\\\/\"},\"sameAs\":[\"https:\\\/\\\/facebook.com\\\/codaxmedica\",\"https:\\\/\\\/instagram.com\\\/codaxmedica\"]}]}<\/script>\n<!-- \/ Yoast SEO plugin. -->","yoast_head_json":{"title":"Conversor e Software SpiromaticWeb - Laser Shop","robots":{"index":"index","follow":"follow","max-snippet":"max-snippet:-1","max-image-preview":"max-image-preview:large","max-video-preview":"max-video-preview:-1"},"canonical":"https:\/\/www.lasershop.com.br\/?product=conversor-e-software-spiromaticweb","og_locale":"pt_BR","og_type":"article","og_title":"Conversor e Software SpiromaticWeb - Laser Shop","og_description":"CONVERSOR (Exclusivo Para Vitatrace e SPIROM2) \u2013 Upgrade de Placa DOS para Windows Atualize seu equipamento com esta placa que funciona internamente no Espir\u00f4metro. Com este conversor \u00e9 poss\u00edvel utilizar seu equipamento no Windows atrav\u00e9s do software Spiromatic Web. Software \u2013 Spiromatic Web Com mais de 25 anos no mercado, o SpiromaticWeb \u00e9 um software [&hellip;]","og_url":"https:\/\/www.lasershop.com.br\/?product=conversor-e-software-spiromaticweb","og_site_name":"Laser Shop","article_publisher":"https:\/\/facebook.com\/codaxmedica","article_modified_time":"2021-02-04T14:21:48+00:00","og_image":[{"width":900,"height":900,"url":"https:\/\/lasershop.com.br\/wp-content\/uploads\/2019\/03\/SPIROM2WEBPL.jpg","type":"image\/jpeg"}],"twitter_card":"summary_large_image","twitter_misc":{"Est. tempo de leitura":"1 minuto"},"schema":{"@context":"https:\/\/schema.org","@graph":[{"@type":"WebPage","@id":"https:\/\/www.lasershop.com.br\/?product=conversor-e-software-spiromaticweb","url":"https:\/\/www.lasershop.com.br\/?product=conversor-e-software-spiromaticweb","name":"Conversor e Software SpiromaticWeb - Laser Shop","isPartOf":{"@id":"https:\/\/www.lasershop.com.br\/#website"},"primaryImageOfPage":{"@id":"https:\/\/www.lasershop.com.br\/?product=conversor-e-software-spiromaticweb#primaryimage"},"image":{"@id":"https:\/\/www.lasershop.com.br\/?product=conversor-e-software-spiromaticweb#primaryimage"},"thumbnailUrl":"https:\/\/lasershop.com.br\/wp-content\/uploads\/2019\/03\/SPIROM2WEBPL.jpg","datePublished":"2019-03-18T23:36:40+00:00","dateModified":"2021-02-04T14:21:48+00:00","breadcrumb":{"@id":"https:\/\/www.lasershop.com.br\/?product=conversor-e-software-spiromaticweb#breadcrumb"},"inLanguage":"pt-BR","potentialAction":[{"@type":"ReadAction","target":["https:\/\/www.lasershop.com.br\/?product=conversor-e-software-spiromaticweb"]}]},{"@type":"ImageObject","inLanguage":"pt-BR","@id":"https:\/\/www.lasershop.com.br\/?product=conversor-e-software-spiromaticweb#primaryimage","url":"https:\/\/lasershop.com.br\/wp-content\/uploads\/2019\/03\/SPIROM2WEBPL.jpg","contentUrl":"https:\/\/lasershop.com.br\/wp-content\/uploads\/2019\/03\/SPIROM2WEBPL.jpg","width":900,"height":900},{"@type":"BreadcrumbList","@id":"https:\/\/www.lasershop.com.br\/?product=conversor-e-software-spiromaticweb#breadcrumb","itemListElement":[{"@type":"ListItem","position":1,"name":"In\u00edcio","item":"https:\/\/www.lasershop.com.br\/"},{"@type":"ListItem","position":2,"name":"Home","item":"https:\/\/www.lasershop.com.br\/?page_id=22"},{"@type":"ListItem","position":3,"name":"Conversor e Software SpiromaticWeb"}]},{"@type":"WebSite","@id":"https:\/\/www.lasershop.com.br\/#website","url":"https:\/\/www.lasershop.com.br\/","name":"Laser Shop","description":"Aparelhos Eletrom\u00e9dicos pelo melhor pre\u00e7o!","publisher":{"@id":"https:\/\/www.lasershop.com.br\/#organization"},"potentialAction":[{"@type":"SearchAction","target":{"@type":"EntryPoint","urlTemplate":"https:\/\/www.lasershop.com.br\/?s={search_term_string}"},"query-input":{"@type":"PropertyValueSpecification","valueRequired":true,"valueName":"search_term_string"}}],"inLanguage":"pt-BR"},{"@type":"Organization","@id":"https:\/\/www.lasershop.com.br\/#organization","name":"Laser Shop","url":"https:\/\/www.lasershop.com.br\/","logo":{"@type":"ImageObject","inLanguage":"pt-BR","@id":"https:\/\/www.lasershop.com.br\/#\/schema\/logo\/image\/","url":"https:\/\/lasershop.com.br\/wp-content\/uploads\/2025\/09\/LOGO_LASERSHOP-.png","contentUrl":"https:\/\/lasershop.com.br\/wp-content\/uploads\/2025\/09\/LOGO_LASERSHOP-.png","width":612,"height":408,"caption":"Laser Shop"},"image":{"@id":"https:\/\/www.lasershop.com.br\/#\/schema\/logo\/image\/"},"sameAs":["https:\/\/facebook.com\/codaxmedica","https:\/\/instagram.com\/codaxmedica"]}]}},"_links":{"self":[{"href":"https:\/\/www.lasershop.com.br\/index.php?rest_route=\/wp\/v2\/product\/79","targetHints":{"allow":["GET"]}}],"collection":[{"href":"https:\/\/www.lasershop.com.br\/index.php?rest_route=\/wp\/v2\/product"}],"about":[{"href":"https:\/\/www.lasershop.com.br\/index.php?rest_route=\/wp\/v2\/types\/product"}],"replies":[{"embeddable":true,"href":"https:\/\/www.lasershop.com.br\/index.php?rest_route=%2Fwp%2Fv2%2Fcomments&post=79"}],"wp:featuredmedia":[{"embeddable":true,"href":"https:\/\/www.lasershop.com.br\/index.php?rest_route=\/wp\/v2\/media\/80"}],"wp:attachment":[{"href":"https:\/\/www.lasershop.com.br\/index.php?rest_route=%2Fwp%2Fv2%2Fmedia&parent=79"}],"wp:term":[{"taxonomy":"product_brand","embeddable":true,"href":"https:\/\/www.lasershop.com.br\/index.php?rest_route=%2Fwp%2Fv2%2Fproduct_brand&post=79"},{"taxonomy":"product_cat","embeddable":true,"href":"https:\/\/www.lasershop.com.br\/index.php?rest_route=%2Fwp%2Fv2%2Fproduct_cat&post=79"},{"taxonomy":"product_tag","embeddable":true,"href":"https:\/\/www.lasershop.com.br\/index.php?rest_route=%2Fwp%2Fv2%2Fproduct_tag&post=79"}],"curies":[{"name":"wp","href":"https:\/\/api.w.org\/{rel}","templated":true}]}}